{"id":4909,"date":"2018-07-08T10:50:41","date_gmt":"2018-07-08T14:50:41","guid":{"rendered":"https:\/\/www.globecar.com\/tarifs-plus-avantageux-les-jours-de-semaine\/"},"modified":"2024-12-23T15:22:23","modified_gmt":"2024-12-23T20:22:23","slug":"tarifs-plus-avantageux-les-jours-de-semaine","status":"publish","type":"page","link":"https:\/\/www.globecar.com\/fr\/location-de-voiture\/tarifs-plus-avantageux-les-jours-de-semaine\/","title":{"rendered":"Tarifs plus avantageux les jours de semaine"},"content":{"rendered":"<div class=\"wpb-content-wrapper\"><p>[vc_row content_placement=\u00a0\u00bbmiddle\u00a0\u00bb is_header=\u00a0\u00bbtrue\u00a0\u00bb][vc_column width=\u00a0\u00bb2\/3&Prime; css=\u00a0\u00bb.vc_custom_1507234915243{padding-top: 3em !important;padding-bottom: 3em !important;}\u00a0\u00bb][vc_custom_heading text=\u00a0\u00bbPSSST ! LES JOURS DE SEMAINE SONT TOUJOURS MOINS CHERS CHEZ GLOBE\u00a0\u00bb font_container=\u00a0\u00bbtag:h1|font_size:26px|text_align:left\u00a0\u00bb google_fonts=\u00a0\u00bbfont_family:Roboto%3A100%2C100italic%2C300%2C300italic%2Cregular%2Citalic%2C500%2C500italic%2C700%2C700italic%2C900%2C900italic|font_style:900%20bold%20regular%3A900%3Anormal\u00a0\u00bb][vc_column_text]<\/p>\n<h2>UNE LOCATION DE VOITURE PAS CHER? CHOISISSEZ UNE PRISE EN CHARGE UN LUNDI, MARDI, MERCREDI OU JEUDI ET \u00c9CONOMISEZ JUSQU&rsquo;\u00c0 50%!<\/h2>\n<p>\u00c9vitez la cohue du week-end en planifiant votre voyage et vos courses pendant la semaine. Vous \u00e9viterez ainsi les foules et b\u00e9n\u00e9ficierez des meilleures offres de location de voitures. Par exemple, en r\u00e9servant une location d&rsquo;une semaine \u00e0 partir d&rsquo;un lundi, d&rsquo;un mardi ou d&rsquo;un mercredi, vous pouvez b\u00e9n\u00e9ficier de tarifs inf\u00e9rieurs \u00e0 50 $ par jour, soit seulement 350 $ par semaine ! Les \u00e9conomies ne s&rsquo;arr\u00eatent pas l\u00e0 : plus vous louez longtemps, plus le prix journalier diminue, ce qui en fait un choix judicieux pour les voyages courts et les s\u00e9jours prolong\u00e9s.<\/p>\n<p>Vous cherchez un v\u00e9hicule plus grand ? Nous avons ce qu&rsquo;il vous faut avec des <a href=\"https:\/\/www.globecar.com\/fr\/vehicules\/mini-fourgonnette-7-passagers\/\">mini-fourgonnette pas cher<\/a> et la location de <a href=\"https:\/\/www.globecar.com\/fr\/nos-vehicules\/vus\/\">4&#215;4 VUS abordables<\/a>, id\u00e9aux pour les aventures en famille ou les sorties en groupe. De plus, nos <a href=\"https:\/\/www.globecar.com\/fr\/location-de-voiture\/au-mois\/\">locations mensuelles bon march\u00e9<\/a> sont parfaites pour les besoins \u00e0 long terme, offrant une flexibilit\u00e9 et une valeur imbattables. Que vous planifiez des vacances, un <a href=\"https:\/\/www.globecar.com\/fr\/location-de-voiture-pour-entreprises\/\">voyage d&rsquo;affaires<\/a> ou que vous ayez simplement besoin d&rsquo;un v\u00e9hicule de remplacement temporaire, nous vous assurons d&rsquo;obtenir le <a href=\"https:\/\/www.globecar.com\/fr\/a-propos\/prix-de-location-le-plus-bas-garanti\/\">meilleur tarif garanti<\/a>, avec des prix jusqu&rsquo;\u00e0 50 % inf\u00e9rieurs \u00e0 ceux de la concurrence !<\/p>\n<p>Vous \u00eates \u00e0 Montr\u00e9al ? R\u00e9servez d\u00e8s maintenant pour profiter de nos rabais locaux exclusifs. Ne manquez pas votre chance d&rsquo;obtenir les options de location de voiture les moins ch\u00e8res du march\u00e9. Commencez votre voyage d\u00e8s aujourd&rsquo;hui et profitez de la commodit\u00e9, du confort et d&rsquo;\u00e9conomies exceptionnelles \u00e0 chaque voyage.[\/vc_column_text][\/vc_column][vc_column width=\u00a0\u00bb1\/3&Prime;][vc_single_image image=\u00a0\u00bb3079&Prime; img_size=\u00a0\u00bbfull\u00a0\u00bb alignment=\u00a0\u00bbcenter\u00a0\u00bb][\/vc_column][\/vc_row][vc_section is_container=\u00a0\u00bbtrue\u00a0\u00bb][vc_row css=\u00a0\u00bb.vc_custom_1530203550900{margin-bottom: 2em !important;}\u00a0\u00bb][vc_column][vc_column_text css=\u00a0\u00bb.vc_custom_1559658972249{margin-bottom: 1em !important;}\u00a0\u00bb]<\/p>\n<p style=\"text-align: center;\"><strong>EXEMPLE #1:<\/strong> R\u00c9CUP\u00c9REZ LE V\u00c9HICULE LE <span style=\"text-decoration: underline; color: #ff6c00;\">VENDREDI<\/span>, ET RETOURNEZ-LE LE DIMANCHE<\/p>\n<p>[\/vc_column_text][vc_single_image image=\u00a0\u00bb5051&Prime; img_size=\u00a0\u00bbfull\u00a0\u00bb alignment=\u00a0\u00bbcenter\u00a0\u00bb][\/vc_column][\/vc_row][vc_row][vc_column][vc_column_text css=\u00a0\u00bb.vc_custom_1559658987182{margin-bottom: 1em !important;}\u00a0\u00bb]<\/p>\n<p style=\"text-align: center;\"><strong>EXEMPLE #2:<\/strong> R\u00c9CUP\u00c9REZ LE V\u00c9HICULE LE <span style=\"color: #ff6c00;\"><span style=\"text-decoration: underline;\">MERCREDI\u00a0<\/span><\/span>ET RETOURNEZ-LE LE DIMANCHE<\/p>\n<p>[\/vc_column_text][vc_single_image image=\u00a0\u00bb5052&Prime; img_size=\u00a0\u00bbfull\u00a0\u00bb alignment=\u00a0\u00bbcenter\u00a0\u00bb][\/vc_column][\/vc_row][\/vc_section][vc_section][vc_row full_width=\u00a0\u00bbstretch_row\u00a0\u00bb][vc_column]\n\t\t<div class=\"simple-banner align-center\">\n\t\t\t<img decoding=\"async\" width=\"1574\" height=\"495\" src=\"https:\/\/www.globecar.com\/wp-content\/uploads\/2017\/09\/corporate.jpg\" class=\"attachment-full size-full\" alt=\"corporate\" srcset=\"https:\/\/www.globecar.com\/wp-content\/uploads\/2017\/09\/corporate.jpg 1574w, https:\/\/www.globecar.com\/wp-content\/uploads\/2017\/09\/corporate-150x47.jpg 150w, https:\/\/www.globecar.com\/wp-content\/uploads\/2017\/09\/corporate-300x94.jpg 300w, https:\/\/www.globecar.com\/wp-content\/uploads\/2017\/09\/corporate-768x242.jpg 768w, https:\/\/www.globecar.com\/wp-content\/uploads\/2017\/09\/corporate-1024x322.jpg 1024w, https:\/\/www.globecar.com\/wp-content\/uploads\/2017\/09\/corporate-300x94@2x.jpg 600w, https:\/\/www.globecar.com\/wp-content\/uploads\/2017\/09\/corporate-768x242@2x.jpg 1536w\" sizes=\"(max-width: 1574px) 100vw, 1574px\" \/>\n\t\t\t<div class=\"wrap\"><div class=\"mini-wrap\"><h3>VOYEZ LA DIFF\u00c9RENCE!<\/h3><a class=\"button onDark full large\" href=\"https:\/\/reserve.globecar.com\/fr\/location-voiture\">LOUEZ D\u00c8S MAINTENANT<\/a><\/div>\t<\/div><\/div>[\/vc_column][\/vc_row][\/vc_section]<\/p>\n<\/div>","protected":false},"excerpt":{"rendered":"<p>[vc_row content_placement=\u00a0\u00bbmiddle\u00a0\u00bb is_header=\u00a0\u00bbtrue\u00a0\u00bb][vc_column width=\u00a0\u00bb2\/3&Prime; css=\u00a0\u00bb.vc_custom_1507234915243{padding-top: 3em !important;padding-bottom: 3em !important;}\u00a0\u00bb][vc_custom_heading text=\u00a0\u00bbPSSST ! LES JOURS DE SEMAINE SONT TOUJOURS MOINS CHERS CHEZ GLOBE\u00a0\u00bb font_container=\u00a0\u00bbtag:h1|font_size:26px|text_align:left\u00a0\u00bb google_fonts=\u00a0\u00bbfont_family:Roboto%3A100%2C100italic%2C300%2C300italic%2Cregular%2Citalic%2C500%2C500italic%2C700%2C700italic%2C900%2C900italic|font_style:900%20bold%20regular%3A900%3Anormal\u00a0\u00bb][vc_column_text] UNE LOCATION DE VOITURE PAS CHER? CHOISISSEZ UNE PRISE EN CHARGE UN LUNDI, MARDI, MERCREDI OU JEUDI ET \u00c9CONOMISEZ JUSQU&rsquo;\u00c0 50%! \u00c9vitez la cohue du week-end en planifiant votre voyage et vos [&hellip;]<\/p>\n","protected":false},"author":1,"featured_media":0,"parent":4275,"menu_order":0,"comment_status":"closed","ping_status":"closed","template":"","meta":{"_acf_changed":false,"_genesis_hide_title":false,"_genesis_hide_breadcrumbs":false,"_genesis_hide_singular_image":false,"_genesis_hide_footer_widgets":false,"_genesis_custom_body_class":"","_genesis_custom_post_class":"","_genesis_layout":"","jetpack_post_was_ever_published":false,"footnotes":""},"class_list":{"0":"post-4909","1":"page","2":"type-page","3":"status-publish","5":"entry","6":"has-post-thumbnail"},"acf":[],"yoast_head":"<!-- This site is optimized with the Yoast SEO Premium plugin v27.1 (Yoast SEO v27.1.1) - https:\/\/yoast.com\/product\/yoast-seo-premium-wordpress\/ -->\n<title>Moins cher en semaine | Globe Location de Voitures &amp; Camions \u00e0 Montr\u00e9al<\/title>\n<meta name=\"description\" content=\"Cheap weekday car rentals are the best to find amazing deals. Stop looking for car rental codes and book now with Globe\" \/>\n<meta name=\"robots\" content=\"index, follow, max-snippet:-1, max-image-preview:large, max-video-preview:-1\" \/>\n<link rel=\"canonical\" href=\"https:\/\/www.globecar.com\/fr\/location-de-voiture\/tarifs-plus-avantageux-les-jours-de-semaine\/\" \/>\n<meta property=\"og:locale\" content=\"fr_CA\" \/>\n<meta property=\"og:type\" content=\"article\" \/>\n<meta property=\"og:title\" content=\"Tarifs plus avantageux les jours de semaine\" \/>\n<meta property=\"og:description\" content=\"UNE LOCATION DE VOITURE PAS CHER? CHOISISSEZ UNE PRISE EN CHARGE UN LUNDI, MARDI, MERCREDI OU JEUDI ET \u00c9CONOMISEZ JUSQU&#039;\u00c0 50%! \u00c9vitez la cohue du week-end\" \/>\n<meta property=\"og:url\" content=\"https:\/\/www.globecar.com\/fr\/location-de-voiture\/tarifs-plus-avantageux-les-jours-de-semaine\/\" \/>\n<meta property=\"og:site_name\" content=\"Globe Location de Voitures &amp; Camions \u00e0 Montr\u00e9al\" \/>\n<meta property=\"article:publisher\" content=\"https:\/\/www.facebook.com\/GlobeCar\" \/>\n<meta property=\"article:modified_time\" content=\"2024-12-23T20:22:23+00:00\" \/>\n<meta property=\"og:image\" content=\"https:\/\/www.globecar.com\/wp-content\/uploads\/2023\/12\/thumbnail_logo_final-1.jpg\" \/>\n\t<meta property=\"og:image:width\" content=\"555\" \/>\n\t<meta property=\"og:image:height\" content=\"555\" \/>\n\t<meta property=\"og:image:type\" content=\"image\/jpeg\" \/>\n<meta name=\"twitter:card\" content=\"summary_large_image\" \/>\n<meta name=\"twitter:site\" content=\"@GlobeCar\" \/>\n<meta name=\"twitter:label1\" content=\"Estimation du temps de lecture\" \/>\n\t<meta name=\"twitter:data1\" content=\"3 minutes\" \/>\n<script type=\"application\/ld+json\" class=\"yoast-schema-graph\">{\"@context\":\"https:\/\/schema.org\",\"@graph\":[{\"@type\":\"WebPage\",\"@id\":\"https:\/\/www.globecar.com\/fr\/location-de-voiture\/tarifs-plus-avantageux-les-jours-de-semaine\/\",\"url\":\"https:\/\/www.globecar.com\/fr\/location-de-voiture\/tarifs-plus-avantageux-les-jours-de-semaine\/\",\"name\":\"Moins cher en semaine | Globe Location de Voitures &amp; Camions \u00e0 Montr\u00e9al\",\"isPartOf\":{\"@id\":\"https:\/\/www.globecar.com\/fr\/#website\"},\"datePublished\":\"2018-07-08T14:50:41+00:00\",\"dateModified\":\"2024-12-23T20:22:23+00:00\",\"description\":\"Cheap weekday car rentals are the best to find amazing deals. Stop looking for car rental codes and book now with Globe\",\"breadcrumb\":{\"@id\":\"https:\/\/www.globecar.com\/fr\/location-de-voiture\/tarifs-plus-avantageux-les-jours-de-semaine\/#breadcrumb\"},\"inLanguage\":\"fr-CA\",\"potentialAction\":[{\"@type\":\"ReadAction\",\"target\":[\"https:\/\/www.globecar.com\/fr\/location-de-voiture\/tarifs-plus-avantageux-les-jours-de-semaine\/\"]}]},{\"@type\":\"BreadcrumbList\",\"@id\":\"https:\/\/www.globecar.com\/fr\/location-de-voiture\/tarifs-plus-avantageux-les-jours-de-semaine\/#breadcrumb\",\"itemListElement\":[{\"@type\":\"ListItem\",\"position\":1,\"name\":\"Accueil\",\"item\":\"https:\/\/www.globecar.com\/fr\/\"},{\"@type\":\"ListItem\",\"position\":2,\"name\":\"Location de voiture\",\"item\":\"https:\/\/www.globecar.com\/fr\/location-de-voiture\/\"},{\"@type\":\"ListItem\",\"position\":3,\"name\":\"Tarifs plus avantageux les jours de semaine\"}]},{\"@type\":\"WebSite\",\"@id\":\"https:\/\/www.globecar.com\/fr\/#website\",\"url\":\"https:\/\/www.globecar.com\/fr\/\",\"name\":\"Globe Location d'Autos et Camions \u00e0 Montr\u00e9al\",\"description\":\"Drive 4 Less\",\"publisher\":{\"@id\":\"https:\/\/www.globecar.com\/fr\/#organization\"},\"alternateName\":\"GlobeCar\",\"potentialAction\":[{\"@type\":\"SearchAction\",\"target\":{\"@type\":\"EntryPoint\",\"urlTemplate\":\"https:\/\/www.globecar.com\/fr\/?s={search_term_string}\"},\"query-input\":{\"@type\":\"PropertyValueSpecification\",\"valueRequired\":true,\"valueName\":\"search_term_string\"}}],\"inLanguage\":\"fr-CA\"},{\"@type\":\"Organization\",\"@id\":\"https:\/\/www.globecar.com\/fr\/#organization\",\"name\":\"Globe Car & Truck Rental\",\"alternateName\":\"GlobeCar\",\"url\":\"https:\/\/www.globecar.com\/fr\/\",\"logo\":{\"@type\":\"ImageObject\",\"inLanguage\":\"fr-CA\",\"@id\":\"https:\/\/www.globecar.com\/fr\/#\/schema\/logo\/image\/\",\"url\":\"https:\/\/www.globecar.com\/wp-content\/uploads\/2023\/12\/thumbnail_logo_final-1.jpg\",\"contentUrl\":\"https:\/\/www.globecar.com\/wp-content\/uploads\/2023\/12\/thumbnail_logo_final-1.jpg\",\"width\":555,\"height\":555,\"caption\":\"Globe Car & Truck Rental\"},\"image\":{\"@id\":\"https:\/\/www.globecar.com\/fr\/#\/schema\/logo\/image\/\"},\"sameAs\":[\"https:\/\/www.facebook.com\/GlobeCar\",\"https:\/\/x.com\/GlobeCar\",\"https:\/\/mastodon.social\/@globecar\",\"https:\/\/www.instagram.com\/globecar\/\",\"https:\/\/www.linkedin.com\/company\/globecar\/\",\"https:\/\/www.pinterest.com\/globecar\",\"https:\/\/www.youtube.com\/c\/GlobecarRentals\"]}]}<\/script>\n<!-- \/ Yoast SEO Premium plugin. -->","yoast_head_json":{"title":"Moins cher en semaine | Globe Location de Voitures &amp; Camions \u00e0 Montr\u00e9al","description":"Cheap weekday car rentals are the best to find amazing deals. Stop looking for car rental codes and book now with Globe","robots":{"index":"index","follow":"follow","max-snippet":"max-snippet:-1","max-image-preview":"max-image-preview:large","max-video-preview":"max-video-preview:-1"},"canonical":"https:\/\/www.globecar.com\/fr\/location-de-voiture\/tarifs-plus-avantageux-les-jours-de-semaine\/","og_locale":"fr_CA","og_type":"article","og_title":"Tarifs plus avantageux les jours de semaine","og_description":"UNE LOCATION DE VOITURE PAS CHER? CHOISISSEZ UNE PRISE EN CHARGE UN LUNDI, MARDI, MERCREDI OU JEUDI ET \u00c9CONOMISEZ JUSQU'\u00c0 50%! \u00c9vitez la cohue du week-end","og_url":"https:\/\/www.globecar.com\/fr\/location-de-voiture\/tarifs-plus-avantageux-les-jours-de-semaine\/","og_site_name":"Globe Location de Voitures &amp; Camions \u00e0 Montr\u00e9al","article_publisher":"https:\/\/www.facebook.com\/GlobeCar","article_modified_time":"2024-12-23T20:22:23+00:00","og_image":[{"width":555,"height":555,"url":"https:\/\/www.globecar.com\/wp-content\/uploads\/2023\/12\/thumbnail_logo_final-1.jpg","type":"image\/jpeg"}],"twitter_card":"summary_large_image","twitter_site":"@GlobeCar","twitter_misc":{"Estimation du temps de lecture":"3 minutes"},"schema":{"@context":"https:\/\/schema.org","@graph":[{"@type":"WebPage","@id":"https:\/\/www.globecar.com\/fr\/location-de-voiture\/tarifs-plus-avantageux-les-jours-de-semaine\/","url":"https:\/\/www.globecar.com\/fr\/location-de-voiture\/tarifs-plus-avantageux-les-jours-de-semaine\/","name":"Moins cher en semaine | Globe Location de Voitures &amp; Camions \u00e0 Montr\u00e9al","isPartOf":{"@id":"https:\/\/www.globecar.com\/fr\/#website"},"datePublished":"2018-07-08T14:50:41+00:00","dateModified":"2024-12-23T20:22:23+00:00","description":"Cheap weekday car rentals are the best to find amazing deals. Stop looking for car rental codes and book now with Globe","breadcrumb":{"@id":"https:\/\/www.globecar.com\/fr\/location-de-voiture\/tarifs-plus-avantageux-les-jours-de-semaine\/#breadcrumb"},"inLanguage":"fr-CA","potentialAction":[{"@type":"ReadAction","target":["https:\/\/www.globecar.com\/fr\/location-de-voiture\/tarifs-plus-avantageux-les-jours-de-semaine\/"]}]},{"@type":"BreadcrumbList","@id":"https:\/\/www.globecar.com\/fr\/location-de-voiture\/tarifs-plus-avantageux-les-jours-de-semaine\/#breadcrumb","itemListElement":[{"@type":"ListItem","position":1,"name":"Accueil","item":"https:\/\/www.globecar.com\/fr\/"},{"@type":"ListItem","position":2,"name":"Location de voiture","item":"https:\/\/www.globecar.com\/fr\/location-de-voiture\/"},{"@type":"ListItem","position":3,"name":"Tarifs plus avantageux les jours de semaine"}]},{"@type":"WebSite","@id":"https:\/\/www.globecar.com\/fr\/#website","url":"https:\/\/www.globecar.com\/fr\/","name":"Globe Location d'Autos et Camions \u00e0 Montr\u00e9al","description":"Drive 4 Less","publisher":{"@id":"https:\/\/www.globecar.com\/fr\/#organization"},"alternateName":"GlobeCar","potentialAction":[{"@type":"SearchAction","target":{"@type":"EntryPoint","urlTemplate":"https:\/\/www.globecar.com\/fr\/?s={search_term_string}"},"query-input":{"@type":"PropertyValueSpecification","valueRequired":true,"valueName":"search_term_string"}}],"inLanguage":"fr-CA"},{"@type":"Organization","@id":"https:\/\/www.globecar.com\/fr\/#organization","name":"Globe Car & Truck Rental","alternateName":"GlobeCar","url":"https:\/\/www.globecar.com\/fr\/","logo":{"@type":"ImageObject","inLanguage":"fr-CA","@id":"https:\/\/www.globecar.com\/fr\/#\/schema\/logo\/image\/","url":"https:\/\/www.globecar.com\/wp-content\/uploads\/2023\/12\/thumbnail_logo_final-1.jpg","contentUrl":"https:\/\/www.globecar.com\/wp-content\/uploads\/2023\/12\/thumbnail_logo_final-1.jpg","width":555,"height":555,"caption":"Globe Car & Truck Rental"},"image":{"@id":"https:\/\/www.globecar.com\/fr\/#\/schema\/logo\/image\/"},"sameAs":["https:\/\/www.facebook.com\/GlobeCar","https:\/\/x.com\/GlobeCar","https:\/\/mastodon.social\/@globecar","https:\/\/www.instagram.com\/globecar\/","https:\/\/www.linkedin.com\/company\/globecar\/","https:\/\/www.pinterest.com\/globecar","https:\/\/www.youtube.com\/c\/GlobecarRentals"]}]}},"jetpack_sharing_enabled":true,"jetpack_shortlink":"https:\/\/wp.me\/PaiT2D-1hb","_links":{"self":[{"href":"https:\/\/www.globecar.com\/fr\/wp-json\/wp\/v2\/pages\/4909","targetHints":{"allow":["GET"]}}],"collection":[{"href":"https:\/\/www.globecar.com\/fr\/wp-json\/wp\/v2\/pages"}],"about":[{"href":"https:\/\/www.globecar.com\/fr\/wp-json\/wp\/v2\/types\/page"}],"author":[{"embeddable":true,"href":"https:\/\/www.globecar.com\/fr\/wp-json\/wp\/v2\/users\/1"}],"replies":[{"embeddable":true,"href":"https:\/\/www.globecar.com\/fr\/wp-json\/wp\/v2\/comments?post=4909"}],"version-history":[{"count":19,"href":"https:\/\/www.globecar.com\/fr\/wp-json\/wp\/v2\/pages\/4909\/revisions"}],"predecessor-version":[{"id":17653,"href":"https:\/\/www.globecar.com\/fr\/wp-json\/wp\/v2\/pages\/4909\/revisions\/17653"}],"up":[{"embeddable":true,"href":"https:\/\/www.globecar.com\/fr\/wp-json\/wp\/v2\/pages\/4275"}],"wp:attachment":[{"href":"https:\/\/www.globecar.com\/fr\/wp-json\/wp\/v2\/media?parent=4909"}],"curies":[{"name":"wp","href":"https:\/\/api.w.org\/{rel}","templated":true}]}}