{"id":3877,"date":"2018-05-14T17:03:01","date_gmt":"2018-05-14T21:03:01","guid":{"rendered":"https:\/\/www.globecar.com\/long-terme-2\/"},"modified":"2025-04-21T11:45:12","modified_gmt":"2025-04-21T15:45:12","slug":"long-terme","status":"publish","type":"page","link":"https:\/\/www.globecar.com\/fr\/location-de-voiture\/long-terme\/","title":{"rendered":"Long terme"},"content":{"rendered":"<div class=\"wpb-content-wrapper\"><p>[vc_row is_header=\u00a0\u00bbtrue\u00a0\u00bb][vc_column width=\u00a0\u00bb2\/3&Prime;][vc_column_text]<\/p>\n<h1>Une location \u00e0 long terme vous permet de faire des \u00e9conomies substantielles!<\/h1>\n<h2>Louez un v\u00e9hicule \u00e0 long terme et profitez de taux mensuels avantageux.<\/h2>\n<p>Les meilleures aubaines sur les <a href=\"\/fr\/nos-vehicules\/vus\/\">locations mensuelles de VUS<\/a>, de minifourgonnettes et de <a href=\"https:\/\/www.globecar.com\/fr\/location-de-camions\/\">camions<\/a> sont r\u00e9alis\u00e9es sur des contrats de 3 mois ou plus. C&rsquo;est simple : nous consid\u00e9rons nos tarifs mensuels d\u00e9j\u00e0 tr\u00e8s bas et nous y appliquons des r\u00e9ductions avantageuses que vous ne trouverez nul par ailleurs. Ces rabais suppl\u00e9mentaires ne sont pas affich\u00e9s en ligne et peuvent repr\u00e9senter de 5 \u00e0 10% d&rsquo;\u00e9conomies selon le volume de <a href=\"https:\/\/www.globecar.com\/fr\/vehicules\/\">v\u00e9hicules disponibles<\/a>, le type de v\u00e9hicule, la dur\u00e9e de la location, la disponibilit\u00e9 et les facteurs saisonniers. D&rsquo;une fa\u00e7on ou d&rsquo;une autre, vous \u00e9conomiserez sur vos frais de location \u00e0 court ou \u00e0 long terme.<\/p>\n<p>Vous ne trouverez pas de locations moins chers ailleurs &#8211; <a href=\"https:\/\/www.globecar.com\/fr\/a-propos\/prix-de-location-le-plus-bas-garanti\/\">C&rsquo;est garanti!<\/a>[\/vc_column_text][\/vc_column][vc_column width=\u00a0\u00bb1\/3&Prime;][vc_single_image image=\u00a0\u00bb11018&Prime; img_size=\u00a0\u00bbfull\u00a0\u00bb alignment=\u00a0\u00bbcenter\u00a0\u00bb][\/vc_column][\/vc_row][vc_section is_container=\u00a0\u00bbtrue\u00a0\u00bb][vc_row][vc_column][vc_column_text]<\/p>\n<h3>Dans quelles circonstances la location \u00e0 long terme est-elle avantageuse?<\/h3>\n<p>[\/vc_column_text][vc_toggle title=\u00a0\u00bb\u00c9conomisez beaucoup d&rsquo;argent\u00a0\u00bb css=\u00a0\u00bb\u00a0\u00bb]Plusieurs de nos clients ne veulent pas des contrats de location de voiture \u00e0 long terme classiques et pr\u00e9f\u00e8rent plut\u00f4t louer aupr\u00e8s d&rsquo;une entreprise de location afin d&rsquo;\u00e9conomiser de l&rsquo;argent sur l&rsquo;entretien, l&rsquo;achat des pneus et les assurances (<a href=\"https:\/\/www.globecar.com\/fr\/aide\/nous-joindre\/\">communiquez avec nous<\/a> pour plus d&rsquo;informations).[\/vc_toggle][vc_toggle title=\u00a0\u00bbChangez de v\u00e9hicule \u00e0 chaque saison\u00a0\u00bb]<span style=\"font-weight: 400;\">Si vous aimez l&rsquo;id\u00e9e de changer de voiture tous les trois mois, ou \u00e0 peu pr\u00e8s, alors vous appr\u00e9cierez les aubaines que nous avons \u00e0 proposer. Une <a href=\"https:\/\/www.globecar.com\/fr\/nos-vehicules\/vus\/\">location d&rsquo;un VUS<\/a> <a href=\"https:\/\/www.globecar.com\/fr\/a-propos\/location-de-voiture-pour-lhiver\/\">pour l&rsquo;hiver<\/a> et d&rsquo;une <a href=\"https:\/\/www.globecar.com\/fr\/vehicules\/jeep\/\">Jeep Sahara<\/a> pour l&rsquo;\u00e9t\u00e9. Essayez la location de diff\u00e9rents mod\u00e8les de v\u00e9hicules pour le printemps et l&rsquo;\u00e9t\u00e9, tous offerts \u00e0 bas prix.<\/span>[\/vc_toggle][vc_toggle title=\u00a0\u00bbVous pensez d\u00e9m\u00e9nager?\u00a0\u00bb]<span style=\"font-weight: 400;\">Au lieu de vous engager dans une location \u00e0 long terme chez un concessionnaire, choisissez une location chez Globe. M\u00eame si vous payez un peu plus cher \u00e0 chaque mois, vous pouvez vous lib\u00e9rer de votre contrat en tout temps. Vous n&rsquo;avez pas besoin de trouver ou de supplier quelqu&rsquo;un de racheter votre bail ou de vendre votre voiture. La flexibilit\u00e9 est reine.<\/span>[\/vc_toggle][vc_toggle title=\u00a0\u00bbUne g\u00e9n\u00e9reuse allocation de kilom\u00e9trage\u00a0\u00bb]<span style=\"font-weight: 400;\">Nos <a href=\"https:\/\/www.globecar.com\/fr\/location-de-voiture\/au-mois\/\">locations mensuelles<\/a> sont assorties d&rsquo;une g\u00e9n\u00e9reuse allocation de kilom\u00e9trage mensuelle de 4 000 km. Cela repr\u00e9sente 48 000 km par ann\u00e9e de conduite sans souci. La plupart des baux viennent avec des limites de 18 000 ou 24 000 km par ann\u00e9e&#8230;toute allocation suppl\u00e9mentaire est offerte \u00e0 gros prix. Nos plans de location \u00e0 long terme consititue la solution id\u00e9ale si vous parcourez beaucoup de distance!<\/span>[\/vc_toggle][vc_toggle title=\u00a0\u00bbNouveaux arrivants et diplomates\u00a0\u00bb]<span style=\"font-weight: 400;\">Si vous \u00eates un nouvel arrivant ou si vous faites partie d&rsquo;un service de relocalisation, les options que nous offrons sont id\u00e9ales pour vous. Nous offrons une approche des plus personnalis\u00e9s incluant un accueil \u00e0 <a href=\"https:\/\/www.globecar.com\/en\/about\/free-shuttle\/\">l&rsquo;a\u00e9roport<\/a> et le service d&rsquo;un responsable de compte qui pourra r\u00e9pondre \u00e0 toutes les demandes relatives \u00e0 la location d&rsquo;un v\u00e9hicule, 24h sur 24, 7 jours par semaine, \u00e0 l&rsquo;ann\u00e9e!<\/span>[\/vc_toggle][vc_toggle title=\u00a0\u00bbLocation d&rsquo;un v\u00e9hicule pour l&rsquo;hiver\u00a0\u00bb]Plusieurs personnes sont propri\u00e9taires d&rsquo;une voiture qu&rsquo;ils n&rsquo;utilisent que l&rsquo;\u00e9t\u00e9 et doivent faire l&rsquo;acquisition d&rsquo;un <a href=\"https:\/\/www.globecar.com\/fr\/a-propos\/location-de-voiture-pour-lhiver\/\">v\u00e9hicule moins dispendieux pour l&rsquo;hiver<\/a> ou d&rsquo;un VUS. Nos plans de location \u00e0 long terme leur permettent d&rsquo;obtenir le meilleur de deux mondes.[\/vc_toggle][\/vc_column][\/vc_row][\/vc_section]<\/p>\n<\/div>","protected":false},"excerpt":{"rendered":"<p>[vc_row is_header=\u00a0\u00bbtrue\u00a0\u00bb][vc_column width=\u00a0\u00bb2\/3&Prime;][vc_column_text] Une location \u00e0 long terme vous permet de faire des \u00e9conomies substantielles! Louez un v\u00e9hicule \u00e0 long terme et profitez de taux mensuels avantageux. Les meilleures aubaines sur les locations mensuelles de VUS, de minifourgonnettes et de camions sont r\u00e9alis\u00e9es sur des contrats de 3 mois ou plus. C&rsquo;est simple : nous [&hellip;]<\/p>\n","protected":false},"author":1,"featured_media":0,"parent":4275,"menu_order":0,"comment_status":"closed","ping_status":"closed","template":"","meta":{"_acf_changed":false,"_genesis_hide_title":false,"_genesis_hide_breadcrumbs":false,"_genesis_hide_singular_image":false,"_genesis_hide_footer_widgets":false,"_genesis_custom_body_class":"","_genesis_custom_post_class":"","_genesis_layout":"","jetpack_post_was_ever_published":false,"footnotes":""},"class_list":{"0":"post-3877","1":"page","2":"type-page","3":"status-publish","5":"entry","6":"has-post-thumbnail"},"acf":[],"yoast_head":"<!-- This site is optimized with the Yoast SEO Premium plugin v27.1 (Yoast SEO v27.1.1) - https:\/\/yoast.com\/product\/yoast-seo-premium-wordpress\/ -->\n<title>Location de V\u00e9hicules \u00e0 Long Terme | Globe Location de Voitures &amp; Camions \u00e0 Montr\u00e9al<\/title>\n<meta name=\"description\" content=\"Les tarifs de location d&#039;auto et camion \u00e0 long terme permettent d&#039;avoir des rabais substantiels sur nos taux de location d\u00e9j\u00e0 avangateux.\" \/>\n<meta name=\"robots\" content=\"index, follow, max-snippet:-1, max-image-preview:large, max-video-preview:-1\" \/>\n<link rel=\"canonical\" href=\"https:\/\/www.globecar.com\/fr\/location-de-voiture\/long-terme\/\" \/>\n<meta property=\"og:locale\" content=\"fr_CA\" \/>\n<meta property=\"og:type\" content=\"article\" \/>\n<meta property=\"og:title\" content=\"Long terme\" \/>\n<meta property=\"og:description\" content=\"Une location \u00e0 long terme vous permet de faire des \u00e9conomies substantielles! Louez un v\u00e9hicule \u00e0 long terme et profitez de taux mensuels avantageux. Les\" \/>\n<meta property=\"og:url\" content=\"https:\/\/www.globecar.com\/fr\/location-de-voiture\/long-terme\/\" \/>\n<meta property=\"og:site_name\" content=\"Globe Location de Voitures &amp; Camions \u00e0 Montr\u00e9al\" \/>\n<meta property=\"article:publisher\" content=\"https:\/\/www.facebook.com\/GlobeCar\" \/>\n<meta property=\"article:modified_time\" content=\"2025-04-21T15:45:12+00:00\" \/>\n<meta property=\"og:image\" content=\"https:\/\/www.globecar.com\/wp-content\/uploads\/2023\/12\/thumbnail_logo_final-1.jpg\" \/>\n\t<meta property=\"og:image:width\" content=\"555\" \/>\n\t<meta property=\"og:image:height\" content=\"555\" \/>\n\t<meta property=\"og:image:type\" content=\"image\/jpeg\" \/>\n<meta name=\"twitter:card\" content=\"summary_large_image\" \/>\n<meta name=\"twitter:site\" content=\"@GlobeCar\" \/>\n<meta name=\"twitter:label1\" content=\"Estimation du temps de lecture\" \/>\n\t<meta name=\"twitter:data1\" content=\"3 minutes\" \/>\n<script type=\"application\/ld+json\" class=\"yoast-schema-graph\">{\"@context\":\"https:\/\/schema.org\",\"@graph\":[{\"@type\":\"WebPage\",\"@id\":\"https:\/\/www.globecar.com\/fr\/location-de-voiture\/long-terme\/\",\"url\":\"https:\/\/www.globecar.com\/fr\/location-de-voiture\/long-terme\/\",\"name\":\"Location de V\u00e9hicules \u00e0 Long Terme | Globe Location de Voitures &amp; Camions \u00e0 Montr\u00e9al\",\"isPartOf\":{\"@id\":\"https:\/\/www.globecar.com\/fr\/#website\"},\"datePublished\":\"2018-05-14T21:03:01+00:00\",\"dateModified\":\"2025-04-21T15:45:12+00:00\",\"description\":\"Les tarifs de location d'auto et camion \u00e0 long terme permettent d'avoir des rabais substantiels sur nos taux de location d\u00e9j\u00e0 avangateux.\",\"breadcrumb\":{\"@id\":\"https:\/\/www.globecar.com\/fr\/location-de-voiture\/long-terme\/#breadcrumb\"},\"inLanguage\":\"fr-CA\",\"potentialAction\":[{\"@type\":\"ReadAction\",\"target\":[\"https:\/\/www.globecar.com\/fr\/location-de-voiture\/long-terme\/\"]}]},{\"@type\":\"BreadcrumbList\",\"@id\":\"https:\/\/www.globecar.com\/fr\/location-de-voiture\/long-terme\/#breadcrumb\",\"itemListElement\":[{\"@type\":\"ListItem\",\"position\":1,\"name\":\"Accueil\",\"item\":\"https:\/\/www.globecar.com\/fr\/\"},{\"@type\":\"ListItem\",\"position\":2,\"name\":\"Location de voiture\",\"item\":\"https:\/\/www.globecar.com\/fr\/location-de-voiture\/\"},{\"@type\":\"ListItem\",\"position\":3,\"name\":\"Long terme\"}]},{\"@type\":\"WebSite\",\"@id\":\"https:\/\/www.globecar.com\/fr\/#website\",\"url\":\"https:\/\/www.globecar.com\/fr\/\",\"name\":\"Globe Location d'Autos et Camions \u00e0 Montr\u00e9al\",\"description\":\"Drive 4 Less\",\"publisher\":{\"@id\":\"https:\/\/www.globecar.com\/fr\/#organization\"},\"alternateName\":\"GlobeCar\",\"potentialAction\":[{\"@type\":\"SearchAction\",\"target\":{\"@type\":\"EntryPoint\",\"urlTemplate\":\"https:\/\/www.globecar.com\/fr\/?s={search_term_string}\"},\"query-input\":{\"@type\":\"PropertyValueSpecification\",\"valueRequired\":true,\"valueName\":\"search_term_string\"}}],\"inLanguage\":\"fr-CA\"},{\"@type\":\"Organization\",\"@id\":\"https:\/\/www.globecar.com\/fr\/#organization\",\"name\":\"Globe Car & Truck Rental\",\"alternateName\":\"GlobeCar\",\"url\":\"https:\/\/www.globecar.com\/fr\/\",\"logo\":{\"@type\":\"ImageObject\",\"inLanguage\":\"fr-CA\",\"@id\":\"https:\/\/www.globecar.com\/fr\/#\/schema\/logo\/image\/\",\"url\":\"https:\/\/www.globecar.com\/wp-content\/uploads\/2023\/12\/thumbnail_logo_final-1.jpg\",\"contentUrl\":\"https:\/\/www.globecar.com\/wp-content\/uploads\/2023\/12\/thumbnail_logo_final-1.jpg\",\"width\":555,\"height\":555,\"caption\":\"Globe Car & Truck Rental\"},\"image\":{\"@id\":\"https:\/\/www.globecar.com\/fr\/#\/schema\/logo\/image\/\"},\"sameAs\":[\"https:\/\/www.facebook.com\/GlobeCar\",\"https:\/\/x.com\/GlobeCar\",\"https:\/\/mastodon.social\/@globecar\",\"https:\/\/www.instagram.com\/globecar\/\",\"https:\/\/www.linkedin.com\/company\/globecar\/\",\"https:\/\/www.pinterest.com\/globecar\",\"https:\/\/www.youtube.com\/c\/GlobecarRentals\"]}]}<\/script>\n<!-- \/ Yoast SEO Premium plugin. -->","yoast_head_json":{"title":"Location de V\u00e9hicules \u00e0 Long Terme | Globe Location de Voitures &amp; Camions \u00e0 Montr\u00e9al","description":"Les tarifs de location d'auto et camion \u00e0 long terme permettent d'avoir des rabais substantiels sur nos taux de location d\u00e9j\u00e0 avangateux.","robots":{"index":"index","follow":"follow","max-snippet":"max-snippet:-1","max-image-preview":"max-image-preview:large","max-video-preview":"max-video-preview:-1"},"canonical":"https:\/\/www.globecar.com\/fr\/location-de-voiture\/long-terme\/","og_locale":"fr_CA","og_type":"article","og_title":"Long terme","og_description":"Une location \u00e0 long terme vous permet de faire des \u00e9conomies substantielles! Louez un v\u00e9hicule \u00e0 long terme et profitez de taux mensuels avantageux. Les","og_url":"https:\/\/www.globecar.com\/fr\/location-de-voiture\/long-terme\/","og_site_name":"Globe Location de Voitures &amp; Camions \u00e0 Montr\u00e9al","article_publisher":"https:\/\/www.facebook.com\/GlobeCar","article_modified_time":"2025-04-21T15:45:12+00:00","og_image":[{"width":555,"height":555,"url":"https:\/\/www.globecar.com\/wp-content\/uploads\/2023\/12\/thumbnail_logo_final-1.jpg","type":"image\/jpeg"}],"twitter_card":"summary_large_image","twitter_site":"@GlobeCar","twitter_misc":{"Estimation du temps de lecture":"3 minutes"},"schema":{"@context":"https:\/\/schema.org","@graph":[{"@type":"WebPage","@id":"https:\/\/www.globecar.com\/fr\/location-de-voiture\/long-terme\/","url":"https:\/\/www.globecar.com\/fr\/location-de-voiture\/long-terme\/","name":"Location de V\u00e9hicules \u00e0 Long Terme | Globe Location de Voitures &amp; Camions \u00e0 Montr\u00e9al","isPartOf":{"@id":"https:\/\/www.globecar.com\/fr\/#website"},"datePublished":"2018-05-14T21:03:01+00:00","dateModified":"2025-04-21T15:45:12+00:00","description":"Les tarifs de location d'auto et camion \u00e0 long terme permettent d'avoir des rabais substantiels sur nos taux de location d\u00e9j\u00e0 avangateux.","breadcrumb":{"@id":"https:\/\/www.globecar.com\/fr\/location-de-voiture\/long-terme\/#breadcrumb"},"inLanguage":"fr-CA","potentialAction":[{"@type":"ReadAction","target":["https:\/\/www.globecar.com\/fr\/location-de-voiture\/long-terme\/"]}]},{"@type":"BreadcrumbList","@id":"https:\/\/www.globecar.com\/fr\/location-de-voiture\/long-terme\/#breadcrumb","itemListElement":[{"@type":"ListItem","position":1,"name":"Accueil","item":"https:\/\/www.globecar.com\/fr\/"},{"@type":"ListItem","position":2,"name":"Location de voiture","item":"https:\/\/www.globecar.com\/fr\/location-de-voiture\/"},{"@type":"ListItem","position":3,"name":"Long terme"}]},{"@type":"WebSite","@id":"https:\/\/www.globecar.com\/fr\/#website","url":"https:\/\/www.globecar.com\/fr\/","name":"Globe Location d'Autos et Camions \u00e0 Montr\u00e9al","description":"Drive 4 Less","publisher":{"@id":"https:\/\/www.globecar.com\/fr\/#organization"},"alternateName":"GlobeCar","potentialAction":[{"@type":"SearchAction","target":{"@type":"EntryPoint","urlTemplate":"https:\/\/www.globecar.com\/fr\/?s={search_term_string}"},"query-input":{"@type":"PropertyValueSpecification","valueRequired":true,"valueName":"search_term_string"}}],"inLanguage":"fr-CA"},{"@type":"Organization","@id":"https:\/\/www.globecar.com\/fr\/#organization","name":"Globe Car & Truck Rental","alternateName":"GlobeCar","url":"https:\/\/www.globecar.com\/fr\/","logo":{"@type":"ImageObject","inLanguage":"fr-CA","@id":"https:\/\/www.globecar.com\/fr\/#\/schema\/logo\/image\/","url":"https:\/\/www.globecar.com\/wp-content\/uploads\/2023\/12\/thumbnail_logo_final-1.jpg","contentUrl":"https:\/\/www.globecar.com\/wp-content\/uploads\/2023\/12\/thumbnail_logo_final-1.jpg","width":555,"height":555,"caption":"Globe Car & Truck Rental"},"image":{"@id":"https:\/\/www.globecar.com\/fr\/#\/schema\/logo\/image\/"},"sameAs":["https:\/\/www.facebook.com\/GlobeCar","https:\/\/x.com\/GlobeCar","https:\/\/mastodon.social\/@globecar","https:\/\/www.instagram.com\/globecar\/","https:\/\/www.linkedin.com\/company\/globecar\/","https:\/\/www.pinterest.com\/globecar","https:\/\/www.youtube.com\/c\/GlobecarRentals"]}]}},"jetpack_sharing_enabled":true,"jetpack_shortlink":"https:\/\/wp.me\/PaiT2D-10x","_links":{"self":[{"href":"https:\/\/www.globecar.com\/fr\/wp-json\/wp\/v2\/pages\/3877","targetHints":{"allow":["GET"]}}],"collection":[{"href":"https:\/\/www.globecar.com\/fr\/wp-json\/wp\/v2\/pages"}],"about":[{"href":"https:\/\/www.globecar.com\/fr\/wp-json\/wp\/v2\/types\/page"}],"author":[{"embeddable":true,"href":"https:\/\/www.globecar.com\/fr\/wp-json\/wp\/v2\/users\/1"}],"replies":[{"embeddable":true,"href":"https:\/\/www.globecar.com\/fr\/wp-json\/wp\/v2\/comments?post=3877"}],"version-history":[{"count":18,"href":"https:\/\/www.globecar.com\/fr\/wp-json\/wp\/v2\/pages\/3877\/revisions"}],"predecessor-version":[{"id":18084,"href":"https:\/\/www.globecar.com\/fr\/wp-json\/wp\/v2\/pages\/3877\/revisions\/18084"}],"up":[{"embeddable":true,"href":"https:\/\/www.globecar.com\/fr\/wp-json\/wp\/v2\/pages\/4275"}],"wp:attachment":[{"href":"https:\/\/www.globecar.com\/fr\/wp-json\/wp\/v2\/media?parent=3877"}],"curies":[{"name":"wp","href":"https:\/\/api.w.org\/{rel}","templated":true}]}}