{"id":3866,"date":"2018-05-14T17:02:57","date_gmt":"2018-05-14T21:02:57","guid":{"rendered":"https:\/\/www.globecar.com\/fin-de-semaine\/"},"modified":"2024-05-08T08:32:37","modified_gmt":"2024-05-08T12:32:37","slug":"fin-de-semaine","status":"publish","type":"page","link":"https:\/\/www.globecar.com\/fr\/location-de-voiture\/fin-de-semaine\/","title":{"rendered":"Fin de semaine"},"content":{"rendered":"<div class=\"wpb-content-wrapper\"><p>[vc_row content_placement=\u00a0\u00bbmiddle\u00a0\u00bb is_header=\u00a0\u00bbtrue\u00a0\u00bb][vc_column width=\u00a0\u00bb2\/3&Prime;][vc_column_text]<\/p>\n<h1>Des tarifs de fin de semaine avantageux<\/h1>\n<h2>Nous avons tous besoin de prendre une pause \u00e0 l&rsquo;occasion et les fins de semaine constituent une p\u00e9riode propice aux escapades et \u00e0 la d\u00e9tente.<\/h2>\n<p>Vous obtiendrez les meilleurs tarifs sur fin de semaine en r\u00e9servant \u00e0 l&rsquo;avance. Plus vous r\u00e9servez \u00e0 l&rsquo;avance, plus vous \u00e9conomisez. Et vous savez quoi? Vous pouvez annuler ou modifier votre location en tout temps sans p\u00e9nalit\u00e9 (48 heures \u00e0 l&rsquo;avance en haute saison). Alors n&rsquo;attendez plus et r\u00e9servez \u00e0 l&rsquo;avance votre voiture pour plusieurs fins de semaine et \u00e9conomisez sur votre prochaine location avec Globe.[\/vc_column_text][\/vc_column][vc_column width=\u00a0\u00bb1\/3&Prime;][vc_single_image image=\u00a0\u00bb3123&Prime; img_size=\u00a0\u00bbfull\u00a0\u00bb alignment=\u00a0\u00bbcenter\u00a0\u00bb][\/vc_column][\/vc_row][vc_section is_container=\u00a0\u00bbtrue\u00a0\u00bb][vc_row][vc_column][vc_column_text]<\/p>\n<h3><b>Les fins de semaine sont faites pour jouer et s&rsquo;amuser :<\/b><\/h3>\n<p>[\/vc_column_text][vc_toggle title=\u00a0\u00bbVous cherchez un tarif sp\u00e9cial pour une longue fin de semaine?\u00a0\u00bb]Les tarifs sp\u00e9ciaux sur les locations de voiture sont \u00e0 leurs plus bas la fin de semaine suivant l&rsquo;Action de gr\u00e2ce et se poursuivent toutes les fins de semaine jusqu&rsquo;\u00e0 la mi-Juin.[\/vc_toggle][vc_toggle title=\u00a0\u00bbObtenez une allocation de kilom\u00e9trage illimit\u00e9e\u00a0\u00bb]Obtenez des <a href=\"https:\/\/www.globecar.com\/fr\/services-additionnels\/essence-prepayee\/\">cartes d&rsquo;essence pr\u00e9-pay\u00e9es<\/a> et partez pour une escapade <a href=\"https:\/\/www.globecar.com\/fr\/services-additionnels\/kilometrage-illimite\/\">sans fin<\/a> aussi loin que vous le pourrez. Visitez la famille et les amis et d\u00e9couvrez de nouveaux endroits.[\/vc_toggle][vc_toggle title=\u00a0\u00bbLocation d&rsquo;un v\u00e9hicule pour un mariage\u00a0\u00bb]Vous ne voulez pas d\u00e9penser d&rsquo;argent sur la location d&rsquo;une limousine? Vous voulez \u00eatre diff\u00e9rents des autres tout <a href=\"https:\/\/www.globecar.com\/fr\/a-propos\/economisez-avec-globe\/\">en \u00e9conomisant<\/a>? Pourquoi ne loueriez-vous pas une <a href=\"https:\/\/www.globecar.com\/fr\/vehicules\/jeep\/\">Jeep<\/a> ou une voiture de luxe noire pour votre mariage? Y a pas \u00e0 dire, vous pourriez louer 5 v\u00e9hicules pour le prix d&rsquo;une limousine. Si vous r\u00e9servez suffisamment \u00e0 l&rsquo;avance, vous profiterez d&rsquo;un plus grand choix de prix, de mod\u00e8les et de couleurs.[\/vc_toggle][vc_toggle title=\u00a0\u00bbLocation de voiture en aller simple\u00a0\u00bb]Les options de location en <a href=\"https:\/\/www.globecar.com\/fr\/services-additionnels\/location-en-aller-simple\/\">aller simple de Globe<\/a> vous permettent de prendre possession d&rsquo;un v\u00e9hicule \u00e0 un endroit et de le retourner dans une autre succursale! C&rsquo;est une formule de fin de semaine tr\u00e8s avantageuse si vous devez \u00eatre relocalis\u00e9.[\/vc_toggle][\/vc_column][\/vc_row][\/vc_section]<\/p>\n<\/div>","protected":false},"excerpt":{"rendered":"<p>[vc_row content_placement=\u00a0\u00bbmiddle\u00a0\u00bb is_header=\u00a0\u00bbtrue\u00a0\u00bb][vc_column width=\u00a0\u00bb2\/3&Prime;][vc_column_text] Des tarifs de fin de semaine avantageux Nous avons tous besoin de prendre une pause \u00e0 l&rsquo;occasion et les fins de semaine constituent une p\u00e9riode propice aux escapades et \u00e0 la d\u00e9tente. Vous obtiendrez les meilleurs tarifs sur fin de semaine en r\u00e9servant \u00e0 l&rsquo;avance. Plus vous r\u00e9servez \u00e0 l&rsquo;avance, plus [&hellip;]<\/p>\n","protected":false},"author":1,"featured_media":0,"parent":4275,"menu_order":0,"comment_status":"closed","ping_status":"closed","template":"","meta":{"_acf_changed":false,"_genesis_hide_title":false,"_genesis_hide_breadcrumbs":false,"_genesis_hide_singular_image":false,"_genesis_hide_footer_widgets":false,"_genesis_custom_body_class":"","_genesis_custom_post_class":"","_genesis_layout":"","jetpack_post_was_ever_published":false,"footnotes":""},"class_list":{"0":"post-3866","1":"page","2":"type-page","3":"status-publish","5":"entry","6":"has-post-thumbnail"},"acf":[],"yoast_head":"<!-- This site is optimized with the Yoast SEO Premium plugin v27.1 (Yoast SEO v27.1.1) - https:\/\/yoast.com\/product\/yoast-seo-premium-wordpress\/ -->\n<title>Location - Fin de Semaine | Globe Location de Voitures &amp; Camions \u00e0 Montr\u00e9al<\/title>\n<meta name=\"description\" content=\"R\u00e9servez d&#039;avance votre location de voityre pour la fin de semaine et profitez de nos meilleurs prix! Commencez \u00e0 \u00e9conomiser et r\u00e9servez maintenant!\" \/>\n<meta name=\"robots\" content=\"index, follow, max-snippet:-1, max-image-preview:large, max-video-preview:-1\" \/>\n<link rel=\"canonical\" href=\"https:\/\/www.globecar.com\/fr\/location-de-voiture\/fin-de-semaine\/\" \/>\n<meta property=\"og:locale\" content=\"fr_CA\" \/>\n<meta property=\"og:type\" content=\"article\" \/>\n<meta property=\"og:title\" content=\"Fin de semaine\" \/>\n<meta property=\"og:description\" content=\"Des tarifs de fin de semaine avantageux Nous avons tous besoin de prendre une pause \u00e0 l&#039;occasion et les fins de semaine constituent une p\u00e9riode propice\" \/>\n<meta property=\"og:url\" content=\"https:\/\/www.globecar.com\/fr\/location-de-voiture\/fin-de-semaine\/\" \/>\n<meta property=\"og:site_name\" content=\"Globe Location de Voitures &amp; Camions \u00e0 Montr\u00e9al\" \/>\n<meta property=\"article:publisher\" content=\"https:\/\/www.facebook.com\/GlobeCar\" \/>\n<meta property=\"article:modified_time\" content=\"2024-05-08T12:32:37+00:00\" \/>\n<meta property=\"og:image\" content=\"https:\/\/www.globecar.com\/wp-content\/uploads\/2023\/12\/thumbnail_logo_final-1.jpg\" \/>\n\t<meta property=\"og:image:width\" content=\"555\" \/>\n\t<meta property=\"og:image:height\" content=\"555\" \/>\n\t<meta property=\"og:image:type\" content=\"image\/jpeg\" \/>\n<meta name=\"twitter:card\" content=\"summary_large_image\" \/>\n<meta name=\"twitter:site\" content=\"@GlobeCar\" \/>\n<meta name=\"twitter:label1\" content=\"Estimation du temps de lecture\" \/>\n\t<meta name=\"twitter:data1\" content=\"2 minutes\" \/>\n<script type=\"application\/ld+json\" class=\"yoast-schema-graph\">{\"@context\":\"https:\/\/schema.org\",\"@graph\":[{\"@type\":\"WebPage\",\"@id\":\"https:\/\/www.globecar.com\/fr\/location-de-voiture\/fin-de-semaine\/\",\"url\":\"https:\/\/www.globecar.com\/fr\/location-de-voiture\/fin-de-semaine\/\",\"name\":\"Location - Fin de Semaine | Globe Location de Voitures &amp; Camions \u00e0 Montr\u00e9al\",\"isPartOf\":{\"@id\":\"https:\/\/www.globecar.com\/fr\/#website\"},\"datePublished\":\"2018-05-14T21:02:57+00:00\",\"dateModified\":\"2024-05-08T12:32:37+00:00\",\"description\":\"R\u00e9servez d'avance votre location de voityre pour la fin de semaine et profitez de nos meilleurs prix! Commencez \u00e0 \u00e9conomiser et r\u00e9servez maintenant!\",\"breadcrumb\":{\"@id\":\"https:\/\/www.globecar.com\/fr\/location-de-voiture\/fin-de-semaine\/#breadcrumb\"},\"inLanguage\":\"fr-CA\",\"potentialAction\":[{\"@type\":\"ReadAction\",\"target\":[\"https:\/\/www.globecar.com\/fr\/location-de-voiture\/fin-de-semaine\/\"]}]},{\"@type\":\"BreadcrumbList\",\"@id\":\"https:\/\/www.globecar.com\/fr\/location-de-voiture\/fin-de-semaine\/#breadcrumb\",\"itemListElement\":[{\"@type\":\"ListItem\",\"position\":1,\"name\":\"Accueil\",\"item\":\"https:\/\/www.globecar.com\/fr\/\"},{\"@type\":\"ListItem\",\"position\":2,\"name\":\"Location de voiture\",\"item\":\"https:\/\/www.globecar.com\/fr\/location-de-voiture\/\"},{\"@type\":\"ListItem\",\"position\":3,\"name\":\"Fin de semaine\"}]},{\"@type\":\"WebSite\",\"@id\":\"https:\/\/www.globecar.com\/fr\/#website\",\"url\":\"https:\/\/www.globecar.com\/fr\/\",\"name\":\"Globe Location d'Autos et Camions \u00e0 Montr\u00e9al\",\"description\":\"Drive 4 Less\",\"publisher\":{\"@id\":\"https:\/\/www.globecar.com\/fr\/#organization\"},\"alternateName\":\"GlobeCar\",\"potentialAction\":[{\"@type\":\"SearchAction\",\"target\":{\"@type\":\"EntryPoint\",\"urlTemplate\":\"https:\/\/www.globecar.com\/fr\/?s={search_term_string}\"},\"query-input\":{\"@type\":\"PropertyValueSpecification\",\"valueRequired\":true,\"valueName\":\"search_term_string\"}}],\"inLanguage\":\"fr-CA\"},{\"@type\":\"Organization\",\"@id\":\"https:\/\/www.globecar.com\/fr\/#organization\",\"name\":\"Globe Car & Truck Rental\",\"alternateName\":\"GlobeCar\",\"url\":\"https:\/\/www.globecar.com\/fr\/\",\"logo\":{\"@type\":\"ImageObject\",\"inLanguage\":\"fr-CA\",\"@id\":\"https:\/\/www.globecar.com\/fr\/#\/schema\/logo\/image\/\",\"url\":\"https:\/\/www.globecar.com\/wp-content\/uploads\/2023\/12\/thumbnail_logo_final-1.jpg\",\"contentUrl\":\"https:\/\/www.globecar.com\/wp-content\/uploads\/2023\/12\/thumbnail_logo_final-1.jpg\",\"width\":555,\"height\":555,\"caption\":\"Globe Car & Truck Rental\"},\"image\":{\"@id\":\"https:\/\/www.globecar.com\/fr\/#\/schema\/logo\/image\/\"},\"sameAs\":[\"https:\/\/www.facebook.com\/GlobeCar\",\"https:\/\/x.com\/GlobeCar\",\"https:\/\/mastodon.social\/@globecar\",\"https:\/\/www.instagram.com\/globecar\/\",\"https:\/\/www.linkedin.com\/company\/globecar\/\",\"https:\/\/www.pinterest.com\/globecar\",\"https:\/\/www.youtube.com\/c\/GlobecarRentals\"]}]}<\/script>\n<!-- \/ Yoast SEO Premium plugin. -->","yoast_head_json":{"title":"Location - Fin de Semaine | Globe Location de Voitures &amp; Camions \u00e0 Montr\u00e9al","description":"R\u00e9servez d'avance votre location de voityre pour la fin de semaine et profitez de nos meilleurs prix! Commencez \u00e0 \u00e9conomiser et r\u00e9servez maintenant!","robots":{"index":"index","follow":"follow","max-snippet":"max-snippet:-1","max-image-preview":"max-image-preview:large","max-video-preview":"max-video-preview:-1"},"canonical":"https:\/\/www.globecar.com\/fr\/location-de-voiture\/fin-de-semaine\/","og_locale":"fr_CA","og_type":"article","og_title":"Fin de semaine","og_description":"Des tarifs de fin de semaine avantageux Nous avons tous besoin de prendre une pause \u00e0 l'occasion et les fins de semaine constituent une p\u00e9riode propice","og_url":"https:\/\/www.globecar.com\/fr\/location-de-voiture\/fin-de-semaine\/","og_site_name":"Globe Location de Voitures &amp; Camions \u00e0 Montr\u00e9al","article_publisher":"https:\/\/www.facebook.com\/GlobeCar","article_modified_time":"2024-05-08T12:32:37+00:00","og_image":[{"width":555,"height":555,"url":"https:\/\/www.globecar.com\/wp-content\/uploads\/2023\/12\/thumbnail_logo_final-1.jpg","type":"image\/jpeg"}],"twitter_card":"summary_large_image","twitter_site":"@GlobeCar","twitter_misc":{"Estimation du temps de lecture":"2 minutes"},"schema":{"@context":"https:\/\/schema.org","@graph":[{"@type":"WebPage","@id":"https:\/\/www.globecar.com\/fr\/location-de-voiture\/fin-de-semaine\/","url":"https:\/\/www.globecar.com\/fr\/location-de-voiture\/fin-de-semaine\/","name":"Location - Fin de Semaine | Globe Location de Voitures &amp; Camions \u00e0 Montr\u00e9al","isPartOf":{"@id":"https:\/\/www.globecar.com\/fr\/#website"},"datePublished":"2018-05-14T21:02:57+00:00","dateModified":"2024-05-08T12:32:37+00:00","description":"R\u00e9servez d'avance votre location de voityre pour la fin de semaine et profitez de nos meilleurs prix! Commencez \u00e0 \u00e9conomiser et r\u00e9servez maintenant!","breadcrumb":{"@id":"https:\/\/www.globecar.com\/fr\/location-de-voiture\/fin-de-semaine\/#breadcrumb"},"inLanguage":"fr-CA","potentialAction":[{"@type":"ReadAction","target":["https:\/\/www.globecar.com\/fr\/location-de-voiture\/fin-de-semaine\/"]}]},{"@type":"BreadcrumbList","@id":"https:\/\/www.globecar.com\/fr\/location-de-voiture\/fin-de-semaine\/#breadcrumb","itemListElement":[{"@type":"ListItem","position":1,"name":"Accueil","item":"https:\/\/www.globecar.com\/fr\/"},{"@type":"ListItem","position":2,"name":"Location de voiture","item":"https:\/\/www.globecar.com\/fr\/location-de-voiture\/"},{"@type":"ListItem","position":3,"name":"Fin de semaine"}]},{"@type":"WebSite","@id":"https:\/\/www.globecar.com\/fr\/#website","url":"https:\/\/www.globecar.com\/fr\/","name":"Globe Location d'Autos et Camions \u00e0 Montr\u00e9al","description":"Drive 4 Less","publisher":{"@id":"https:\/\/www.globecar.com\/fr\/#organization"},"alternateName":"GlobeCar","potentialAction":[{"@type":"SearchAction","target":{"@type":"EntryPoint","urlTemplate":"https:\/\/www.globecar.com\/fr\/?s={search_term_string}"},"query-input":{"@type":"PropertyValueSpecification","valueRequired":true,"valueName":"search_term_string"}}],"inLanguage":"fr-CA"},{"@type":"Organization","@id":"https:\/\/www.globecar.com\/fr\/#organization","name":"Globe Car & Truck Rental","alternateName":"GlobeCar","url":"https:\/\/www.globecar.com\/fr\/","logo":{"@type":"ImageObject","inLanguage":"fr-CA","@id":"https:\/\/www.globecar.com\/fr\/#\/schema\/logo\/image\/","url":"https:\/\/www.globecar.com\/wp-content\/uploads\/2023\/12\/thumbnail_logo_final-1.jpg","contentUrl":"https:\/\/www.globecar.com\/wp-content\/uploads\/2023\/12\/thumbnail_logo_final-1.jpg","width":555,"height":555,"caption":"Globe Car & Truck Rental"},"image":{"@id":"https:\/\/www.globecar.com\/fr\/#\/schema\/logo\/image\/"},"sameAs":["https:\/\/www.facebook.com\/GlobeCar","https:\/\/x.com\/GlobeCar","https:\/\/mastodon.social\/@globecar","https:\/\/www.instagram.com\/globecar\/","https:\/\/www.linkedin.com\/company\/globecar\/","https:\/\/www.pinterest.com\/globecar","https:\/\/www.youtube.com\/c\/GlobecarRentals"]}]}},"jetpack_sharing_enabled":true,"jetpack_shortlink":"https:\/\/wp.me\/PaiT2D-10m","_links":{"self":[{"href":"https:\/\/www.globecar.com\/fr\/wp-json\/wp\/v2\/pages\/3866","targetHints":{"allow":["GET"]}}],"collection":[{"href":"https:\/\/www.globecar.com\/fr\/wp-json\/wp\/v2\/pages"}],"about":[{"href":"https:\/\/www.globecar.com\/fr\/wp-json\/wp\/v2\/types\/page"}],"author":[{"embeddable":true,"href":"https:\/\/www.globecar.com\/fr\/wp-json\/wp\/v2\/users\/1"}],"replies":[{"embeddable":true,"href":"https:\/\/www.globecar.com\/fr\/wp-json\/wp\/v2\/comments?post=3866"}],"version-history":[{"count":10,"href":"https:\/\/www.globecar.com\/fr\/wp-json\/wp\/v2\/pages\/3866\/revisions"}],"predecessor-version":[{"id":13146,"href":"https:\/\/www.globecar.com\/fr\/wp-json\/wp\/v2\/pages\/3866\/revisions\/13146"}],"up":[{"embeddable":true,"href":"https:\/\/www.globecar.com\/fr\/wp-json\/wp\/v2\/pages\/4275"}],"wp:attachment":[{"href":"https:\/\/www.globecar.com\/fr\/wp-json\/wp\/v2\/media?parent=3866"}],"curies":[{"name":"wp","href":"https:\/\/api.w.org\/{rel}","templated":true}]}}