{"id":3864,"date":"2018-05-14T17:02:54","date_gmt":"2018-05-14T21:02:54","guid":{"rendered":"https:\/\/www.globecar.com\/services-additionnels\/"},"modified":"2024-05-08T08:34:50","modified_gmt":"2024-05-08T12:34:50","slug":"services-additionnels","status":"publish","type":"page","link":"https:\/\/www.globecar.com\/fr\/services-additionnels\/","title":{"rendered":"Services additionnels"},"content":{"rendered":"<div class=\"wpb-content-wrapper\"><p>[vc_row is_header=\u00a0\u00bbtrue\u00a0\u00bb][vc_column][vc_column_text]<\/p>\n<h1>Services additionnels et options compl\u00e9mentaires pour votre location de v\u00e9hicule<\/h1>\n<p><a href=\"https:\/\/www.globecar.com\/fr\/\">En louant avec Globe<\/a>, vous verrez qu&rsquo;il n&rsquo;est pas compliqu\u00e9 de compl\u00e9ter votre exp\u00e9rience de location par des services avantageux qui pourront am\u00e9liorer votre voyage et bien vous prot\u00e9ger. Aussit\u00f4t que vous avez choisi votre voiture de location \u00e0 l&rsquo;\u00e9tape 2 de notre processus de r\u00e9servation, vous pouvez choisir les services additionnels qui vous permettront de vous assurer que toutes les options dont vous avez besoin ont \u00e9t\u00e9 s\u00e9lectionn\u00e9es. Toutes les informations utiles sont clairement affich\u00e9es et vous choisissez seulement ce dont vous avez besoin.[\/vc_column_text][\/vc_column][\/vc_row][vc_section is_container=\u00a0\u00bbtrue\u00a0\u00bb][vc_row is_grid=\u00a0\u00bbtrue\u00a0\u00bb el_class=\u00a0\u00bbglobe-car-gap\u00a0\u00bb][vc_column width=\u00a0\u00bb1\/3&Prime;]\n\t\t<div class=\"overlay-box flip-container\" ontouchstart=\"this.classList.toggle('hover');\">\n\t\t\t<div class=\"mini-wrap flipper\">\n\t\t\t\t<div class=\"front\"><div><img decoding=\"async\" width=\"76\" height=\"59\" src=\"https:\/\/www.globecar.com\/wp-content\/uploads\/2017\/09\/additional-drivers.png\" class=\"attachment-full size-full\" alt=\"additional-drivers\" srcset=\"https:\/\/www.globecar.com\/wp-content\/uploads\/2017\/09\/additional-drivers.png 76w, https:\/\/www.globecar.com\/wp-content\/uploads\/2017\/09\/additional-drivers-68x53.png 68w\" sizes=\"(max-width: 76px) 100vw, 76px\" \/><h3>Conducteurs additionnels<\/h3><\/div><\/div>\n\t\t\t\t<div class=\"back\"><div><h3>Conducteurs additionnels<\/h3><div class=\"content\">Vous pouvez partager votre exp\u00e9rience au volant avec vos parents et amis dans une voiture de location de qualit\u00e9 sup\u00e9rieure. Rien ne bat les voyages en bonne compagnie o\u00f9 l&rsquo;on partage l&rsquo;exp\u00e9rience de la route et surtout des souvenirs m\u00e9morables. Remarque : seuls les personnes autoris\u00e9es dont le nom appara\u00eet au contrat peuvent conduire le v\u00e9hicule.<br\/><a class=\"calltoaction\" href=\"\/fr\/services-additionnels\/conducteurs-additionnels\/\">Plus d'informations<\/a><\/div><\/div><\/div><\/div>\n\t\t<\/div>[\/vc_column][vc_column width=\u00a0\u00bb1\/3&Prime;]\n\t\t<div class=\"overlay-box flip-container\" ontouchstart=\"this.classList.toggle('hover');\">\n\t\t\t<div class=\"mini-wrap flipper\">\n\t\t\t\t<div class=\"front\"><div><img decoding=\"async\" width=\"60\" height=\"75\" src=\"https:\/\/www.globecar.com\/wp-content\/uploads\/2017\/09\/car-seats.png\" class=\"attachment-full size-full\" alt=\"car seats\" srcset=\"https:\/\/www.globecar.com\/wp-content\/uploads\/2017\/09\/car-seats.png 60w, https:\/\/www.globecar.com\/wp-content\/uploads\/2017\/09\/car-seats-54x68.png 54w\" sizes=\"(max-width: 60px) 100vw, 60px\" \/><h3>Si\u00e8ges d'appoint et si\u00e8ges pour enfants<\/h3><\/div><\/div>\n\t\t\t\t<div class=\"back\"><div><h3>Si\u00e8ges d'appoint et si\u00e8ges pour enfants<\/h3><div class=\"content\">En Ontario et au Qu\u00e9bec, un si\u00e8ge d&rsquo;appoint pour enfant est exig\u00e9 par la loi pour tous les enfants qui font partie d&rsquo;une cat\u00e9gorie de poids\/taille sp\u00e9cifique, et qui occupent une place dans tout v\u00e9hicule de location. Globe offre des si\u00e8ges pour enfants et des si\u00e8ges d&rsquo;appoint pour tous ses v\u00e9hicules de location.<br\/><a class=\"calltoaction\" href=\"\/fr\/services-additionnels\/sieges-pour-enfants\/\">Plus d'informations<\/a><\/div><\/div><\/div><\/div>\n\t\t<\/div>[\/vc_column][vc_column width=\u00a0\u00bb1\/3&Prime;]\n\t\t<div class=\"overlay-box flip-container\" ontouchstart=\"this.classList.toggle('hover');\">\n\t\t\t<div class=\"mini-wrap flipper\">\n\t\t\t\t<div class=\"front\"><div><img decoding=\"async\" width=\"72\" height=\"72\" src=\"https:\/\/www.globecar.com\/wp-content\/uploads\/2017\/08\/why-globe_free-gps.png\" class=\"attachment-full size-full\" alt=\"Free GPS\" \/><h3>GPS offert gratuitement<\/h3><\/div><\/div>\n\t\t\t\t<div class=\"back\"><div><h3>GPS offert gratuitement<\/h3><div class=\"content\">Il n&rsquo;y a rien de mieux qu&rsquo;un GPS main libre. Laissez-nous vous faciliter la vie &#8211; Nous offrons UN GPS GRATUIT avec toutes nos locations, pour vous permettre de trouver votre chemin en tout temps. (une valeur de 12,95$ par jour). Des itin\u00e9raires pr\u00e9cis en plusieurs langues, des millions de points d&rsquo;int\u00e9r\u00eat, les stations d&rsquo;essence et haltes routi\u00e8res les plus pr\u00e8s, et plus encore.<br\/><a class=\"calltoaction\" href=\"https:\/\/www.globecar.com\/fr\/services-additionnels\/gps-gratuit\/\">Plus d'informations<\/a><\/div><\/div><\/div><\/div>\n\t\t<\/div>[\/vc_column][\/vc_row][vc_row is_grid=\u00a0\u00bbtrue\u00a0\u00bb el_class=\u00a0\u00bbglobe-car-gap\u00a0\u00bb][vc_column width=\u00a0\u00bb1\/3&Prime;]\n\t\t<div class=\"overlay-box flip-container\" ontouchstart=\"this.classList.toggle('hover');\">\n\t\t\t<div class=\"mini-wrap flipper\">\n\t\t\t\t<div class=\"front\"><div><img decoding=\"async\" width=\"72\" height=\"58\" src=\"https:\/\/www.globecar.com\/wp-content\/uploads\/2017\/08\/why-globe_roadside-assistance.png\" class=\"attachment-full size-full\" alt=\"why-globe_roadside-assistance\" \/><h3>Assistance routi\u00e8re gratuite<\/h3><\/div><\/div>\n\t\t\t\t<div class=\"back\"><div><h3>Assistance routi\u00e8re gratuite<\/h3><div class=\"content\">Globe offre vous offre ce service gratuitement avec chacune de vos locations de v\u00e9hicule. Si vous <a href=\"https:\/\/www.globecar.com\/fr\/location-de-voiture\/a-la-journee\/\">louez un v\u00e9hicule pour une journ\u00e9e<\/a>, <a href=\"https:\/\/www.globecar.com\/fr\/location-de-voiture\/a-la-semaine\/\">pour une semaine<\/a> ou si vous cherchez une <a href=\"https:\/\/www.globecar.com\/fr\/location-de-voiture\/au-mois\/\">location au mois<\/a>, cette offre peut vous permettre <a href=\"\/fr\/a-propos\/economisez-avec-globe\/\">d&rsquo;\u00e9conomiser de l&rsquo;argent<\/a> sur votre tarif de location et vous \u00eatre utile en cas de besoin. Qu&rsquo;il s&rsquo;agisse d&rsquo;une crevaison, d&rsquo;une panne d&rsquo;essence ou de cl\u00e9s \u00e9gar\u00e9es&#8230;le service d&rsquo;assistance routi\u00e8re r\u00e9pondra \u00e0 l&rsquo;appel&#8230;<br\/><a class=\"calltoaction\" href=\"\/fr\/services-additionnels\/assistance-routiere-gratuite\/\">Plus d'informations<\/a><\/div><\/div><\/div><\/div>\n\t\t<\/div>[\/vc_column][vc_column width=\u00a0\u00bb1\/3&Prime;]\n\t\t<div class=\"overlay-box flip-container\" ontouchstart=\"this.classList.toggle('hover');\">\n\t\t\t<div class=\"mini-wrap flipper\">\n\t\t\t\t<div class=\"front\"><div><img decoding=\"async\" width=\"71\" height=\"72\" src=\"https:\/\/www.globecar.com\/wp-content\/uploads\/2017\/09\/usa.png\" class=\"attachment-full size-full\" alt=\"usa\" srcset=\"https:\/\/www.globecar.com\/wp-content\/uploads\/2017\/09\/usa.png 71w, https:\/\/www.globecar.com\/wp-content\/uploads\/2017\/09\/usa-68x68.png 68w\" sizes=\"(max-width: 71px) 100vw, 71px\" \/><h3>Aller aux \u00c9tats-Unis<\/h3><\/div><\/div>\n\t\t\t\t<div class=\"back\"><div><h3>Aller aux \u00c9tats-Unis<\/h3><div class=\"content\">Les \u00c9tats-Unis sont une destination int\u00e9ressante qui offre de nombreux points d&rsquo;int\u00e9r\u00eat. Vous devez en avertir la succursale o\u00f9 vous louez le v\u00e9hicule avant de prendre la route et traverser la fronti\u00e8re avec le v\u00e9hicule lou\u00e9. Au moment de traverser la fronti\u00e8re, assurez-vous d&rsquo;avoir en votre possession les enregistrements du v\u00e9hicule, la preuve d&rsquo;assurance ainsi qu&rsquo;une copie de votre contrat de location (les copies \u00e9lectroniques sont aussi accept\u00e9es). Certaines conditions s&rsquo;appliquent.<br\/><a class=\"calltoaction\" href=\"\/fr\/services-additionnels\/aller-aux-usa\/\">Plus d'informations<\/a><\/div><\/div><\/div><\/div>\n\t\t<\/div>[\/vc_column][vc_column width=\u00a0\u00bb1\/3&Prime;]\n\t\t<div class=\"overlay-box flip-container\" ontouchstart=\"this.classList.toggle('hover');\">\n\t\t\t<div class=\"mini-wrap flipper\">\n\t\t\t\t<div class=\"front\"><div><img decoding=\"async\" width=\"154\" height=\"42\" src=\"https:\/\/www.globecar.com\/wp-content\/uploads\/2021\/08\/young-drivers.png\" class=\"attachment-full size-full\" alt=\"20-23\" srcset=\"https:\/\/www.globecar.com\/wp-content\/uploads\/2021\/08\/young-drivers.png 154w, https:\/\/www.globecar.com\/wp-content\/uploads\/2021\/08\/young-drivers-150x42.png 150w, https:\/\/www.globecar.com\/wp-content\/uploads\/2021\/08\/young-drivers-68x19.png 68w, https:\/\/www.globecar.com\/wp-content\/uploads\/2021\/08\/young-drivers-24x7.png 24w, https:\/\/www.globecar.com\/wp-content\/uploads\/2021\/08\/young-drivers-36x10.png 36w, https:\/\/www.globecar.com\/wp-content\/uploads\/2021\/08\/young-drivers-48x13.png 48w, https:\/\/www.globecar.com\/wp-content\/uploads\/2021\/08\/young-drivers-68x19@2x.png 136w, https:\/\/www.globecar.com\/wp-content\/uploads\/2021\/08\/young-drivers-36x10@2x.png 72w, https:\/\/www.globecar.com\/wp-content\/uploads\/2021\/08\/young-drivers-48x13@2x.png 96w\" sizes=\"(max-width: 154px) 100vw, 154px\" \/><h3>Jeunes conducteurs<\/h3><\/div><\/div>\n\t\t\t\t<div class=\"back\"><div><h3>Jeunes conducteurs<\/h3><div class=\"content\">Nous croyons que les jeunes adultes constituent notre prochaine g\u00e9n\u00e9ration de clients et nous voulons \u00e9voluer avec eux. C&rsquo;est vrai, la plupart d&rsquo;entre eux n&rsquo;ont que peu ou pas d&rsquo;exp\u00e9rience de conduite, mais nous savons qu&rsquo;en leur faisant confiance, nous investissons dans l&rsquo;avenir.<br\/><a class=\"calltoaction\" href=\"\/fr\/services-additionnels\/jeunes-conducteurs\/\">Plus d'informations<\/a><\/div><\/div><\/div><\/div>\n\t\t<\/div>[\/vc_column][\/vc_row][vc_row is_grid=\u00a0\u00bbtrue\u00a0\u00bb el_class=\u00a0\u00bbglobe-car-gap\u00a0\u00bb][vc_column width=\u00a0\u00bb1\/3&Prime;]\n\t\t<div class=\"overlay-box flip-container\" ontouchstart=\"this.classList.toggle('hover');\">\n\t\t\t<div class=\"mini-wrap flipper\">\n\t\t\t\t<div class=\"front\"><div><img decoding=\"async\" width=\"59\" height=\"71\" src=\"https:\/\/www.globecar.com\/wp-content\/uploads\/2017\/09\/prepaid-fuel.png\" class=\"attachment-full size-full\" alt=\"prepaid-fuel\" srcset=\"https:\/\/www.globecar.com\/wp-content\/uploads\/2017\/09\/prepaid-fuel.png 59w, https:\/\/www.globecar.com\/wp-content\/uploads\/2017\/09\/prepaid-fuel-57x68.png 57w\" sizes=\"(max-width: 59px) 100vw, 59px\" \/><h3>Plein d'essence pr\u00e9pay\u00e9<\/h3><\/div><\/div>\n\t\t\t\t<div class=\"back\"><div><h3>Plein d'essence pr\u00e9pay\u00e9<\/h3><div class=\"content\">Voyez pourquoi le pr\u00e9paiement du plein d&rsquo;essence chez Globe est plus int\u00e9ressant que de faire le plein vous-m\u00eame lorsque vous retournez votre v\u00e9hicule! Non seulement vous \u00e9conomiserez sur le prix au litre, mais vous vous \u00e9viterez le stress d&rsquo;avoir \u00e0 trouver une station d&rsquo;essence \u00e0 proximit\u00e9, d&rsquo;attendre en ligne et de vous salir les mains.<br\/><a class=\"calltoaction\" href=\"\/fr\/services-additionnels\/essence-prepayee\/\">Plus d'informations<\/a><\/div><\/div><\/div><\/div>\n\t\t<\/div>[\/vc_column][vc_column width=\u00a0\u00bb1\/3&Prime;]\n\t\t<div class=\"overlay-box flip-container\" ontouchstart=\"this.classList.toggle('hover');\">\n\t\t\t<div class=\"mini-wrap flipper\">\n\t\t\t\t<div class=\"front\"><div><img decoding=\"async\" width=\"105\" height=\"53\" src=\"https:\/\/www.globecar.com\/wp-content\/uploads\/2024\/04\/unlimited-mileage.webp\" class=\"attachment-full size-full\" alt=\"\" srcset=\"https:\/\/www.globecar.com\/wp-content\/uploads\/2024\/04\/unlimited-mileage.webp 105w, https:\/\/www.globecar.com\/wp-content\/uploads\/2024\/04\/unlimited-mileage-68x34.webp 68w, https:\/\/www.globecar.com\/wp-content\/uploads\/2024\/04\/unlimited-mileage-24x12.webp 24w, https:\/\/www.globecar.com\/wp-content\/uploads\/2024\/04\/unlimited-mileage-36x18.webp 36w, https:\/\/www.globecar.com\/wp-content\/uploads\/2024\/04\/unlimited-mileage-48x24.webp 48w\" sizes=\"(max-width: 105px) 100vw, 105px\" \/><h3>Kilom\u00e9trage illimit\u00e9<\/h3><\/div><\/div>\n\t\t\t\t<div class=\"back\"><div><h3>Kilom\u00e9trage illimit\u00e9<\/h3><div class=\"content\">Une option tr\u00e8s importante lorsque vous partez pour un long voyage ponctu\u00e9 de d\u00e9tours et de destinations diff\u00e9rentes. Il s&rsquo;agit d&rsquo;une option id\u00e9ale pour partir \u00e0 l&rsquo;aventure sans vous soucier du kilom\u00e9trage que vous allez parcourir. Vous n&rsquo;avez qu&rsquo;\u00e0 conduire et profiter du trajet!<br\/><a class=\"calltoaction\" href=\"\/fr\/services-additionnels\/kilometrage-illimite\/\">Plus d'informations<\/a><\/div><\/div><\/div><\/div>\n\t\t<\/div>[\/vc_column][vc_column width=\u00a0\u00bb1\/3&Prime;][\/vc_column][\/vc_row][\/vc_section]<\/p>\n<\/div>","protected":false},"excerpt":{"rendered":"<p>[vc_row is_header=\u00a0\u00bbtrue\u00a0\u00bb][vc_column][vc_column_text] Services additionnels et options compl\u00e9mentaires pour votre location de v\u00e9hicule En louant avec Globe, vous verrez qu&rsquo;il n&rsquo;est pas compliqu\u00e9 de compl\u00e9ter votre exp\u00e9rience de location par des services avantageux qui pourront am\u00e9liorer votre voyage et bien vous prot\u00e9ger. Aussit\u00f4t que vous avez choisi votre voiture de location \u00e0 l&rsquo;\u00e9tape 2 de notre [&hellip;]<\/p>\n","protected":false},"author":1,"featured_media":0,"parent":0,"menu_order":0,"comment_status":"closed","ping_status":"closed","template":"","meta":{"_acf_changed":false,"_genesis_hide_title":false,"_genesis_hide_breadcrumbs":false,"_genesis_hide_singular_image":false,"_genesis_hide_footer_widgets":false,"_genesis_custom_body_class":"","_genesis_custom_post_class":"","_genesis_layout":"","jetpack_post_was_ever_published":false,"footnotes":""},"class_list":{"0":"post-3864","1":"page","2":"type-page","3":"status-publish","5":"entry","6":"has-post-thumbnail"},"acf":[],"yoast_head":"<!-- This site is optimized with the Yoast SEO Premium plugin v27.1 (Yoast SEO v27.1.1) - https:\/\/yoast.com\/product\/yoast-seo-premium-wordpress\/ -->\n<title>Services Additionnels | Globe Location de Voitures &amp; Camions \u00e0 Montr\u00e9al<\/title>\n<meta name=\"description\" content=\"Ajouter des conducteurs \u00e0 votre contrat, des sieges bebe ou d&#039;une allocation de kilom\u00e9trage suppl\u00e9mentaire...\" \/>\n<meta name=\"robots\" content=\"index, follow, max-snippet:-1, max-image-preview:large, max-video-preview:-1\" \/>\n<link rel=\"canonical\" href=\"https:\/\/www.globecar.com\/fr\/services-additionnels\/\" \/>\n<meta property=\"og:locale\" content=\"fr_CA\" \/>\n<meta property=\"og:type\" content=\"article\" \/>\n<meta property=\"og:title\" content=\"Services additionnels\" \/>\n<meta property=\"og:description\" content=\"Services additionnels et options compl\u00e9mentaires pour votre location de v\u00e9hicule En louant avec Globe, vous verrez qu&#039;il n&#039;est pas compliqu\u00e9 de compl\u00e9ter\" \/>\n<meta property=\"og:url\" content=\"https:\/\/www.globecar.com\/fr\/services-additionnels\/\" \/>\n<meta property=\"og:site_name\" content=\"Globe Location de Voitures &amp; Camions \u00e0 Montr\u00e9al\" \/>\n<meta property=\"article:publisher\" content=\"https:\/\/www.facebook.com\/GlobeCar\" \/>\n<meta property=\"article:modified_time\" content=\"2024-05-08T12:34:50+00:00\" \/>\n<meta property=\"og:image\" content=\"https:\/\/www.globecar.com\/wp-content\/uploads\/2023\/12\/thumbnail_logo_final-1.jpg\" \/>\n\t<meta property=\"og:image:width\" content=\"555\" \/>\n\t<meta property=\"og:image:height\" content=\"555\" \/>\n\t<meta property=\"og:image:type\" content=\"image\/jpeg\" \/>\n<meta name=\"twitter:card\" content=\"summary_large_image\" \/>\n<meta name=\"twitter:site\" content=\"@GlobeCar\" \/>\n<meta name=\"twitter:label1\" content=\"Estimation du temps de lecture\" \/>\n\t<meta name=\"twitter:data1\" content=\"5 minutes\" \/>\n<script type=\"application\/ld+json\" class=\"yoast-schema-graph\">{\"@context\":\"https:\/\/schema.org\",\"@graph\":[{\"@type\":\"WebPage\",\"@id\":\"https:\/\/www.globecar.com\/fr\/services-additionnels\/\",\"url\":\"https:\/\/www.globecar.com\/fr\/services-additionnels\/\",\"name\":\"Services Additionnels | Globe Location de Voitures &amp; Camions \u00e0 Montr\u00e9al\",\"isPartOf\":{\"@id\":\"https:\/\/www.globecar.com\/fr\/#website\"},\"datePublished\":\"2018-05-14T21:02:54+00:00\",\"dateModified\":\"2024-05-08T12:34:50+00:00\",\"description\":\"Ajouter des conducteurs \u00e0 votre contrat, des sieges bebe ou d'une allocation de kilom\u00e9trage suppl\u00e9mentaire...\",\"breadcrumb\":{\"@id\":\"https:\/\/www.globecar.com\/fr\/services-additionnels\/#breadcrumb\"},\"inLanguage\":\"fr-CA\",\"potentialAction\":[{\"@type\":\"ReadAction\",\"target\":[\"https:\/\/www.globecar.com\/fr\/services-additionnels\/\"]}]},{\"@type\":\"BreadcrumbList\",\"@id\":\"https:\/\/www.globecar.com\/fr\/services-additionnels\/#breadcrumb\",\"itemListElement\":[{\"@type\":\"ListItem\",\"position\":1,\"name\":\"Accueil\",\"item\":\"https:\/\/www.globecar.com\/fr\/\"},{\"@type\":\"ListItem\",\"position\":2,\"name\":\"Services additionnels\"}]},{\"@type\":\"WebSite\",\"@id\":\"https:\/\/www.globecar.com\/fr\/#website\",\"url\":\"https:\/\/www.globecar.com\/fr\/\",\"name\":\"Globe Location d'Autos et Camions \u00e0 Montr\u00e9al\",\"description\":\"Drive 4 Less\",\"publisher\":{\"@id\":\"https:\/\/www.globecar.com\/fr\/#organization\"},\"alternateName\":\"GlobeCar\",\"potentialAction\":[{\"@type\":\"SearchAction\",\"target\":{\"@type\":\"EntryPoint\",\"urlTemplate\":\"https:\/\/www.globecar.com\/fr\/?s={search_term_string}\"},\"query-input\":{\"@type\":\"PropertyValueSpecification\",\"valueRequired\":true,\"valueName\":\"search_term_string\"}}],\"inLanguage\":\"fr-CA\"},{\"@type\":\"Organization\",\"@id\":\"https:\/\/www.globecar.com\/fr\/#organization\",\"name\":\"Globe Car & Truck Rental\",\"alternateName\":\"GlobeCar\",\"url\":\"https:\/\/www.globecar.com\/fr\/\",\"logo\":{\"@type\":\"ImageObject\",\"inLanguage\":\"fr-CA\",\"@id\":\"https:\/\/www.globecar.com\/fr\/#\/schema\/logo\/image\/\",\"url\":\"https:\/\/www.globecar.com\/wp-content\/uploads\/2023\/12\/thumbnail_logo_final-1.jpg\",\"contentUrl\":\"https:\/\/www.globecar.com\/wp-content\/uploads\/2023\/12\/thumbnail_logo_final-1.jpg\",\"width\":555,\"height\":555,\"caption\":\"Globe Car & Truck Rental\"},\"image\":{\"@id\":\"https:\/\/www.globecar.com\/fr\/#\/schema\/logo\/image\/\"},\"sameAs\":[\"https:\/\/www.facebook.com\/GlobeCar\",\"https:\/\/x.com\/GlobeCar\",\"https:\/\/mastodon.social\/@globecar\",\"https:\/\/www.instagram.com\/globecar\/\",\"https:\/\/www.linkedin.com\/company\/globecar\/\",\"https:\/\/www.pinterest.com\/globecar\",\"https:\/\/www.youtube.com\/c\/GlobecarRentals\"]}]}<\/script>\n<!-- \/ Yoast SEO Premium plugin. -->","yoast_head_json":{"title":"Services Additionnels | Globe Location de Voitures &amp; Camions \u00e0 Montr\u00e9al","description":"Ajouter des conducteurs \u00e0 votre contrat, des sieges bebe ou d'une allocation de kilom\u00e9trage suppl\u00e9mentaire...","robots":{"index":"index","follow":"follow","max-snippet":"max-snippet:-1","max-image-preview":"max-image-preview:large","max-video-preview":"max-video-preview:-1"},"canonical":"https:\/\/www.globecar.com\/fr\/services-additionnels\/","og_locale":"fr_CA","og_type":"article","og_title":"Services additionnels","og_description":"Services additionnels et options compl\u00e9mentaires pour votre location de v\u00e9hicule En louant avec Globe, vous verrez qu'il n'est pas compliqu\u00e9 de compl\u00e9ter","og_url":"https:\/\/www.globecar.com\/fr\/services-additionnels\/","og_site_name":"Globe Location de Voitures &amp; Camions \u00e0 Montr\u00e9al","article_publisher":"https:\/\/www.facebook.com\/GlobeCar","article_modified_time":"2024-05-08T12:34:50+00:00","og_image":[{"width":555,"height":555,"url":"https:\/\/www.globecar.com\/wp-content\/uploads\/2023\/12\/thumbnail_logo_final-1.jpg","type":"image\/jpeg"}],"twitter_card":"summary_large_image","twitter_site":"@GlobeCar","twitter_misc":{"Estimation du temps de lecture":"5 minutes"},"schema":{"@context":"https:\/\/schema.org","@graph":[{"@type":"WebPage","@id":"https:\/\/www.globecar.com\/fr\/services-additionnels\/","url":"https:\/\/www.globecar.com\/fr\/services-additionnels\/","name":"Services Additionnels | Globe Location de Voitures &amp; Camions \u00e0 Montr\u00e9al","isPartOf":{"@id":"https:\/\/www.globecar.com\/fr\/#website"},"datePublished":"2018-05-14T21:02:54+00:00","dateModified":"2024-05-08T12:34:50+00:00","description":"Ajouter des conducteurs \u00e0 votre contrat, des sieges bebe ou d'une allocation de kilom\u00e9trage suppl\u00e9mentaire...","breadcrumb":{"@id":"https:\/\/www.globecar.com\/fr\/services-additionnels\/#breadcrumb"},"inLanguage":"fr-CA","potentialAction":[{"@type":"ReadAction","target":["https:\/\/www.globecar.com\/fr\/services-additionnels\/"]}]},{"@type":"BreadcrumbList","@id":"https:\/\/www.globecar.com\/fr\/services-additionnels\/#breadcrumb","itemListElement":[{"@type":"ListItem","position":1,"name":"Accueil","item":"https:\/\/www.globecar.com\/fr\/"},{"@type":"ListItem","position":2,"name":"Services additionnels"}]},{"@type":"WebSite","@id":"https:\/\/www.globecar.com\/fr\/#website","url":"https:\/\/www.globecar.com\/fr\/","name":"Globe Location d'Autos et Camions \u00e0 Montr\u00e9al","description":"Drive 4 Less","publisher":{"@id":"https:\/\/www.globecar.com\/fr\/#organization"},"alternateName":"GlobeCar","potentialAction":[{"@type":"SearchAction","target":{"@type":"EntryPoint","urlTemplate":"https:\/\/www.globecar.com\/fr\/?s={search_term_string}"},"query-input":{"@type":"PropertyValueSpecification","valueRequired":true,"valueName":"search_term_string"}}],"inLanguage":"fr-CA"},{"@type":"Organization","@id":"https:\/\/www.globecar.com\/fr\/#organization","name":"Globe Car & Truck Rental","alternateName":"GlobeCar","url":"https:\/\/www.globecar.com\/fr\/","logo":{"@type":"ImageObject","inLanguage":"fr-CA","@id":"https:\/\/www.globecar.com\/fr\/#\/schema\/logo\/image\/","url":"https:\/\/www.globecar.com\/wp-content\/uploads\/2023\/12\/thumbnail_logo_final-1.jpg","contentUrl":"https:\/\/www.globecar.com\/wp-content\/uploads\/2023\/12\/thumbnail_logo_final-1.jpg","width":555,"height":555,"caption":"Globe Car & Truck Rental"},"image":{"@id":"https:\/\/www.globecar.com\/fr\/#\/schema\/logo\/image\/"},"sameAs":["https:\/\/www.facebook.com\/GlobeCar","https:\/\/x.com\/GlobeCar","https:\/\/mastodon.social\/@globecar","https:\/\/www.instagram.com\/globecar\/","https:\/\/www.linkedin.com\/company\/globecar\/","https:\/\/www.pinterest.com\/globecar","https:\/\/www.youtube.com\/c\/GlobecarRentals"]}]}},"jetpack_sharing_enabled":true,"jetpack_shortlink":"https:\/\/wp.me\/PaiT2D-10k","_links":{"self":[{"href":"https:\/\/www.globecar.com\/fr\/wp-json\/wp\/v2\/pages\/3864","targetHints":{"allow":["GET"]}}],"collection":[{"href":"https:\/\/www.globecar.com\/fr\/wp-json\/wp\/v2\/pages"}],"about":[{"href":"https:\/\/www.globecar.com\/fr\/wp-json\/wp\/v2\/types\/page"}],"author":[{"embeddable":true,"href":"https:\/\/www.globecar.com\/fr\/wp-json\/wp\/v2\/users\/1"}],"replies":[{"embeddable":true,"href":"https:\/\/www.globecar.com\/fr\/wp-json\/wp\/v2\/comments?post=3864"}],"version-history":[{"count":0,"href":"https:\/\/www.globecar.com\/fr\/wp-json\/wp\/v2\/pages\/3864\/revisions"}],"wp:attachment":[{"href":"https:\/\/www.globecar.com\/fr\/wp-json\/wp\/v2\/media?parent=3864"}],"curies":[{"name":"wp","href":"https:\/\/api.w.org\/{rel}","templated":true}]}}