{"id":3861,"date":"2018-05-14T17:02:43","date_gmt":"2018-05-14T21:02:43","guid":{"rendered":"https:\/\/www.globecar.com\/kilometrage-illimite\/"},"modified":"2024-05-08T08:36:45","modified_gmt":"2024-05-08T12:36:45","slug":"kilometrage-illimite","status":"publish","type":"page","link":"https:\/\/www.globecar.com\/fr\/services-additionnels\/kilometrage-illimite\/","title":{"rendered":"Kilom\u00e9trage illimit\u00e9"},"content":{"rendered":"<div class=\"wpb-content-wrapper\"><p>[vc_row is_header=\u00a0\u00bbtrue\u00a0\u00bb][vc_column width=\u00a0\u00bb2\/3&Prime;][vc_column_text]<\/p>\n<h1>Soyez libre de vos d\u00e9placements! Location de voiture avec allocation de kilom\u00e9trage illimit\u00e9*<\/h1>\n<p>Les clients choisissent cette option lorsqu&rsquo;ils veulent parcourir de grandes distances et <a href=\"https:\/\/www.globecar.com\/fr\/a-propos\/economisez-avec-globe\/\">\u00e9conomiser<\/a>. Si nous avions inclus cette option dans nos tarifs de base, cela aurait fait en sorte que les clients parcourant moins de kilom\u00e8tres auraient subentionn\u00e9 ceux qui en parcourent davantage. Nous avons donc voulu \u00eatre \u00e9quitables. Alors pour 12,95$ vous pouvez parcourir toute la distance que vous voulez.*<\/p>\n<p>Mais un instant. D&rsquo;autres entreprises de location de voitures offrent cette option gratuitement. Mais elle n&rsquo;est valable que si vous ne quittez pas la province o\u00f9 vous avez lou\u00e9 le v\u00e9hicule. Et seulement quelques <a href=\"https:\/\/www.globecar.com\/fr\/locations\/\">succursales participantes<\/a> ne l&rsquo;autorisent que sur certains v\u00e9hicules \u00e0 certains moments. Lorsque vous choisissez une entreprise de location d&rsquo;auto offrant une allocation de kilom\u00e9trage illimit\u00e9, assurez-vous de bien lire les mentions de bas de page \u00e9crites en petits caract\u00e8res, car la plupart du temps, des exceptions s&rsquo;appliquent.[\/vc_column_text][\/vc_column][vc_column width=\u00a0\u00bb1\/3&Prime;][vc_single_image image=\u00a0\u00bb3085&Prime; img_size=\u00a0\u00bbfull\u00a0\u00bb alignment=\u00a0\u00bbcenter\u00a0\u00bb][\/vc_column][\/vc_row][vc_section is_container=\u00a0\u00bbtrue\u00a0\u00bb][vc_row][vc_column][vc_column_text]<strong>Location de voiture avec allocation de kilom\u00e9trage illimit\u00e9<\/strong><\/p>\n<p>Il s&rsquo;agit d&rsquo;une excellente option lorsque vous louez un v\u00e9hicule pour une destination inconnue ou si vous comptez parcourir de longues distances. Cette option vous est offerte pour toutes les cat\u00e9gories de v\u00e9hicules, des mod\u00e8les \u00e9conomiques aux v\u00e9hicules interm\u00e9diaires.<\/p>\n<p>Vous utilisez un v\u00e9hicule diff\u00e9rent et vous avez besoin d&rsquo;une allocation de kilom\u00e9trage accrue? Choisissez nos forfaits comprenant l&rsquo;ajout de 500 ou 1000 km suppl\u00e9mentaires. Ces forfaits d&rsquo;allocation de kilom\u00e9trage vous permettront d&rsquo;\u00e9conomiser au lieu de payer un suppl\u00e9ment. Ces options vous sont offertes lors de la <a href=\"https:\/\/www.globecar.com\/fr\/\">session de r\u00e9servation<\/a>.<\/p>\n<p>Il s&rsquo;agit d&rsquo;une excellente fa\u00e7on d&rsquo;explorer les grands espaces sans crainte de d\u00e9passer votre allocation de kilom\u00e9trage. Vous n&rsquo;avez qu&rsquo;\u00e0 conduire et profiter de votre v\u00e9hicule!<\/p>\n<div class=\"disclaimer\">\n<p>*<strong>Kilom\u00e9trage illimit\u00e9 jusqu&rsquo;\u00e0 un maximum de 4000 km par contrat.<\/strong><\/p>\n<\/div>\n<p>[\/vc_column_text][\/vc_column][\/vc_row][\/vc_section]<\/p>\n<\/div>","protected":false},"excerpt":{"rendered":"<p>[vc_row is_header=\u00a0\u00bbtrue\u00a0\u00bb][vc_column width=\u00a0\u00bb2\/3&Prime;][vc_column_text] Soyez libre de vos d\u00e9placements! Location de voiture avec allocation de kilom\u00e9trage illimit\u00e9* Les clients choisissent cette option lorsqu&rsquo;ils veulent parcourir de grandes distances et \u00e9conomiser. Si nous avions inclus cette option dans nos tarifs de base, cela aurait fait en sorte que les clients parcourant moins de kilom\u00e8tres auraient subentionn\u00e9 ceux [&hellip;]<\/p>\n","protected":false},"author":1,"featured_media":0,"parent":3864,"menu_order":0,"comment_status":"closed","ping_status":"closed","template":"","meta":{"_acf_changed":false,"_genesis_hide_title":false,"_genesis_hide_breadcrumbs":false,"_genesis_hide_singular_image":false,"_genesis_hide_footer_widgets":false,"_genesis_custom_body_class":"","_genesis_custom_post_class":"","_genesis_layout":"","jetpack_post_was_ever_published":false,"footnotes":""},"class_list":{"0":"post-3861","1":"page","2":"type-page","3":"status-publish","5":"entry","6":"has-post-thumbnail"},"acf":[],"yoast_head":"<!-- This site is optimized with the Yoast SEO Premium plugin v27.1 (Yoast SEO v27.1.1) - https:\/\/yoast.com\/product\/yoast-seo-premium-wordpress\/ -->\n<title>Voiture avec kilom\u00e9trage illimit\u00e9 | Globe Location de Voitures &amp; Camions \u00e0 Montr\u00e9al<\/title>\n<meta name=\"description\" content=\"Louer un v\u00e9hicule avec kilom\u00e9trage illimit\u00e9 est toujours la meilleure option pour partir l&#039;esprit en paix pour seulement 12.95$\/Jour.\" \/>\n<meta name=\"robots\" content=\"index, follow, max-snippet:-1, max-image-preview:large, max-video-preview:-1\" \/>\n<link rel=\"canonical\" href=\"https:\/\/www.globecar.com\/fr\/services-additionnels\/kilometrage-illimite\/\" \/>\n<meta property=\"og:locale\" content=\"fr_CA\" \/>\n<meta property=\"og:type\" content=\"article\" \/>\n<meta property=\"og:title\" content=\"Kilom\u00e9trage illimit\u00e9\" \/>\n<meta property=\"og:description\" content=\"Soyez libre de vos d\u00e9placements! Location de voiture avec allocation de kilom\u00e9trage illimit\u00e9* Les clients choisissent cette option lorsqu&#039;ils veulent\" \/>\n<meta property=\"og:url\" content=\"https:\/\/www.globecar.com\/fr\/services-additionnels\/kilometrage-illimite\/\" \/>\n<meta property=\"og:site_name\" content=\"Globe Location de Voitures &amp; Camions \u00e0 Montr\u00e9al\" \/>\n<meta property=\"article:publisher\" content=\"https:\/\/www.facebook.com\/GlobeCar\" \/>\n<meta property=\"article:modified_time\" content=\"2024-05-08T12:36:45+00:00\" \/>\n<meta property=\"og:image\" content=\"https:\/\/www.globecar.com\/wp-content\/uploads\/2023\/12\/thumbnail_logo_final-1.jpg\" \/>\n\t<meta property=\"og:image:width\" content=\"555\" \/>\n\t<meta property=\"og:image:height\" content=\"555\" \/>\n\t<meta property=\"og:image:type\" content=\"image\/jpeg\" \/>\n<meta name=\"twitter:card\" content=\"summary_large_image\" \/>\n<meta name=\"twitter:site\" content=\"@GlobeCar\" \/>\n<meta name=\"twitter:label1\" content=\"Estimation du temps de lecture\" \/>\n\t<meta name=\"twitter:data1\" content=\"2 minutes\" \/>\n<script type=\"application\/ld+json\" class=\"yoast-schema-graph\">{\"@context\":\"https:\/\/schema.org\",\"@graph\":[{\"@type\":\"WebPage\",\"@id\":\"https:\/\/www.globecar.com\/fr\/services-additionnels\/kilometrage-illimite\/\",\"url\":\"https:\/\/www.globecar.com\/fr\/services-additionnels\/kilometrage-illimite\/\",\"name\":\"Voiture avec kilom\u00e9trage illimit\u00e9 | Globe Location de Voitures &amp; Camions \u00e0 Montr\u00e9al\",\"isPartOf\":{\"@id\":\"https:\/\/www.globecar.com\/fr\/#website\"},\"datePublished\":\"2018-05-14T21:02:43+00:00\",\"dateModified\":\"2024-05-08T12:36:45+00:00\",\"description\":\"Louer un v\u00e9hicule avec kilom\u00e9trage illimit\u00e9 est toujours la meilleure option pour partir l'esprit en paix pour seulement 12.95$\/Jour.\",\"breadcrumb\":{\"@id\":\"https:\/\/www.globecar.com\/fr\/services-additionnels\/kilometrage-illimite\/#breadcrumb\"},\"inLanguage\":\"fr-CA\",\"potentialAction\":[{\"@type\":\"ReadAction\",\"target\":[\"https:\/\/www.globecar.com\/fr\/services-additionnels\/kilometrage-illimite\/\"]}]},{\"@type\":\"BreadcrumbList\",\"@id\":\"https:\/\/www.globecar.com\/fr\/services-additionnels\/kilometrage-illimite\/#breadcrumb\",\"itemListElement\":[{\"@type\":\"ListItem\",\"position\":1,\"name\":\"Accueil\",\"item\":\"https:\/\/www.globecar.com\/fr\/\"},{\"@type\":\"ListItem\",\"position\":2,\"name\":\"Services additionnels\",\"item\":\"https:\/\/www.globecar.com\/fr\/services-additionnels\/\"},{\"@type\":\"ListItem\",\"position\":3,\"name\":\"Kilom\u00e9trage illimit\u00e9\"}]},{\"@type\":\"WebSite\",\"@id\":\"https:\/\/www.globecar.com\/fr\/#website\",\"url\":\"https:\/\/www.globecar.com\/fr\/\",\"name\":\"Globe Location d'Autos et Camions \u00e0 Montr\u00e9al\",\"description\":\"Drive 4 Less\",\"publisher\":{\"@id\":\"https:\/\/www.globecar.com\/fr\/#organization\"},\"alternateName\":\"GlobeCar\",\"potentialAction\":[{\"@type\":\"SearchAction\",\"target\":{\"@type\":\"EntryPoint\",\"urlTemplate\":\"https:\/\/www.globecar.com\/fr\/?s={search_term_string}\"},\"query-input\":{\"@type\":\"PropertyValueSpecification\",\"valueRequired\":true,\"valueName\":\"search_term_string\"}}],\"inLanguage\":\"fr-CA\"},{\"@type\":\"Organization\",\"@id\":\"https:\/\/www.globecar.com\/fr\/#organization\",\"name\":\"Globe Car & Truck Rental\",\"alternateName\":\"GlobeCar\",\"url\":\"https:\/\/www.globecar.com\/fr\/\",\"logo\":{\"@type\":\"ImageObject\",\"inLanguage\":\"fr-CA\",\"@id\":\"https:\/\/www.globecar.com\/fr\/#\/schema\/logo\/image\/\",\"url\":\"https:\/\/www.globecar.com\/wp-content\/uploads\/2023\/12\/thumbnail_logo_final-1.jpg\",\"contentUrl\":\"https:\/\/www.globecar.com\/wp-content\/uploads\/2023\/12\/thumbnail_logo_final-1.jpg\",\"width\":555,\"height\":555,\"caption\":\"Globe Car & Truck Rental\"},\"image\":{\"@id\":\"https:\/\/www.globecar.com\/fr\/#\/schema\/logo\/image\/\"},\"sameAs\":[\"https:\/\/www.facebook.com\/GlobeCar\",\"https:\/\/x.com\/GlobeCar\",\"https:\/\/mastodon.social\/@globecar\",\"https:\/\/www.instagram.com\/globecar\/\",\"https:\/\/www.linkedin.com\/company\/globecar\/\",\"https:\/\/www.pinterest.com\/globecar\",\"https:\/\/www.youtube.com\/c\/GlobecarRentals\"]}]}<\/script>\n<!-- \/ Yoast SEO Premium plugin. -->","yoast_head_json":{"title":"Voiture avec kilom\u00e9trage illimit\u00e9 | Globe Location de Voitures &amp; Camions \u00e0 Montr\u00e9al","description":"Louer un v\u00e9hicule avec kilom\u00e9trage illimit\u00e9 est toujours la meilleure option pour partir l'esprit en paix pour seulement 12.95$\/Jour.","robots":{"index":"index","follow":"follow","max-snippet":"max-snippet:-1","max-image-preview":"max-image-preview:large","max-video-preview":"max-video-preview:-1"},"canonical":"https:\/\/www.globecar.com\/fr\/services-additionnels\/kilometrage-illimite\/","og_locale":"fr_CA","og_type":"article","og_title":"Kilom\u00e9trage illimit\u00e9","og_description":"Soyez libre de vos d\u00e9placements! Location de voiture avec allocation de kilom\u00e9trage illimit\u00e9* Les clients choisissent cette option lorsqu'ils veulent","og_url":"https:\/\/www.globecar.com\/fr\/services-additionnels\/kilometrage-illimite\/","og_site_name":"Globe Location de Voitures &amp; Camions \u00e0 Montr\u00e9al","article_publisher":"https:\/\/www.facebook.com\/GlobeCar","article_modified_time":"2024-05-08T12:36:45+00:00","og_image":[{"width":555,"height":555,"url":"https:\/\/www.globecar.com\/wp-content\/uploads\/2023\/12\/thumbnail_logo_final-1.jpg","type":"image\/jpeg"}],"twitter_card":"summary_large_image","twitter_site":"@GlobeCar","twitter_misc":{"Estimation du temps de lecture":"2 minutes"},"schema":{"@context":"https:\/\/schema.org","@graph":[{"@type":"WebPage","@id":"https:\/\/www.globecar.com\/fr\/services-additionnels\/kilometrage-illimite\/","url":"https:\/\/www.globecar.com\/fr\/services-additionnels\/kilometrage-illimite\/","name":"Voiture avec kilom\u00e9trage illimit\u00e9 | Globe Location de Voitures &amp; Camions \u00e0 Montr\u00e9al","isPartOf":{"@id":"https:\/\/www.globecar.com\/fr\/#website"},"datePublished":"2018-05-14T21:02:43+00:00","dateModified":"2024-05-08T12:36:45+00:00","description":"Louer un v\u00e9hicule avec kilom\u00e9trage illimit\u00e9 est toujours la meilleure option pour partir l'esprit en paix pour seulement 12.95$\/Jour.","breadcrumb":{"@id":"https:\/\/www.globecar.com\/fr\/services-additionnels\/kilometrage-illimite\/#breadcrumb"},"inLanguage":"fr-CA","potentialAction":[{"@type":"ReadAction","target":["https:\/\/www.globecar.com\/fr\/services-additionnels\/kilometrage-illimite\/"]}]},{"@type":"BreadcrumbList","@id":"https:\/\/www.globecar.com\/fr\/services-additionnels\/kilometrage-illimite\/#breadcrumb","itemListElement":[{"@type":"ListItem","position":1,"name":"Accueil","item":"https:\/\/www.globecar.com\/fr\/"},{"@type":"ListItem","position":2,"name":"Services additionnels","item":"https:\/\/www.globecar.com\/fr\/services-additionnels\/"},{"@type":"ListItem","position":3,"name":"Kilom\u00e9trage illimit\u00e9"}]},{"@type":"WebSite","@id":"https:\/\/www.globecar.com\/fr\/#website","url":"https:\/\/www.globecar.com\/fr\/","name":"Globe Location d'Autos et Camions \u00e0 Montr\u00e9al","description":"Drive 4 Less","publisher":{"@id":"https:\/\/www.globecar.com\/fr\/#organization"},"alternateName":"GlobeCar","potentialAction":[{"@type":"SearchAction","target":{"@type":"EntryPoint","urlTemplate":"https:\/\/www.globecar.com\/fr\/?s={search_term_string}"},"query-input":{"@type":"PropertyValueSpecification","valueRequired":true,"valueName":"search_term_string"}}],"inLanguage":"fr-CA"},{"@type":"Organization","@id":"https:\/\/www.globecar.com\/fr\/#organization","name":"Globe Car & Truck Rental","alternateName":"GlobeCar","url":"https:\/\/www.globecar.com\/fr\/","logo":{"@type":"ImageObject","inLanguage":"fr-CA","@id":"https:\/\/www.globecar.com\/fr\/#\/schema\/logo\/image\/","url":"https:\/\/www.globecar.com\/wp-content\/uploads\/2023\/12\/thumbnail_logo_final-1.jpg","contentUrl":"https:\/\/www.globecar.com\/wp-content\/uploads\/2023\/12\/thumbnail_logo_final-1.jpg","width":555,"height":555,"caption":"Globe Car & Truck Rental"},"image":{"@id":"https:\/\/www.globecar.com\/fr\/#\/schema\/logo\/image\/"},"sameAs":["https:\/\/www.facebook.com\/GlobeCar","https:\/\/x.com\/GlobeCar","https:\/\/mastodon.social\/@globecar","https:\/\/www.instagram.com\/globecar\/","https:\/\/www.linkedin.com\/company\/globecar\/","https:\/\/www.pinterest.com\/globecar","https:\/\/www.youtube.com\/c\/GlobecarRentals"]}]}},"jetpack_sharing_enabled":true,"jetpack_shortlink":"https:\/\/wp.me\/PaiT2D-10h","_links":{"self":[{"href":"https:\/\/www.globecar.com\/fr\/wp-json\/wp\/v2\/pages\/3861","targetHints":{"allow":["GET"]}}],"collection":[{"href":"https:\/\/www.globecar.com\/fr\/wp-json\/wp\/v2\/pages"}],"about":[{"href":"https:\/\/www.globecar.com\/fr\/wp-json\/wp\/v2\/types\/page"}],"author":[{"embeddable":true,"href":"https:\/\/www.globecar.com\/fr\/wp-json\/wp\/v2\/users\/1"}],"replies":[{"embeddable":true,"href":"https:\/\/www.globecar.com\/fr\/wp-json\/wp\/v2\/comments?post=3861"}],"version-history":[{"count":0,"href":"https:\/\/www.globecar.com\/fr\/wp-json\/wp\/v2\/pages\/3861\/revisions"}],"up":[{"embeddable":true,"href":"https:\/\/www.globecar.com\/fr\/wp-json\/wp\/v2\/pages\/3864"}],"wp:attachment":[{"href":"https:\/\/www.globecar.com\/fr\/wp-json\/wp\/v2\/media?parent=3861"}],"curies":[{"name":"wp","href":"https:\/\/api.w.org\/{rel}","templated":true}]}}