{"id":3818,"date":"2018-05-14T17:01:59","date_gmt":"2018-05-14T21:01:59","guid":{"rendered":"https:\/\/www.globecar.com\/depot-de-nuit\/"},"modified":"2024-05-23T02:20:06","modified_gmt":"2024-05-23T06:20:06","slug":"retour-de-nuit","status":"publish","type":"page","link":"https:\/\/www.globecar.com\/fr\/a-propos\/retour-de-nuit\/","title":{"rendered":"Retour de nuit"},"content":{"rendered":"<div class=\"wpb-content-wrapper\"><p>[vc_row is_header=\u00a0\u00bbtrue\u00a0\u00bb][vc_column width=\u00a0\u00bb2\/3&Prime;][vc_column_text]<\/p>\n<h1>Retour de nuit<\/h1>\n<p style=\"text-align: left;\"><span style=\"font-weight: 400;\"><a href=\"https:\/\/www.globecar.com\/fr\/\">Louer un v\u00e9hicule<\/a> n&rsquo;a jamais \u00e9t\u00e9 aussi facile gr\u00e2ce \u00e0 notre service gratuit de d\u00e9p\u00f4t de nuit. Certains clients ont choisi notre entreprise de <a href=\"https:\/\/www.globecar.com\/fr\/locations\/\">location de v\u00e9hicule \u00e0 Montr\u00e9al<\/a> pr\u00e9cis\u00e9ment pour cette raison &#8211; la flexibilit\u00e9. Globe est conscient que les horaires des gens ne correspondent pas n\u00e9cessairement aux <a href=\"https:\/\/www.globecar.com\/fr\/a-propos\/des-horaires-prolonges\/\">heures d&rsquo;ouverture de ses succursales<\/a>! Le retour d&rsquo;un v\u00e9hicule lou\u00e9 est encore plus rapide qu&rsquo;avant : <\/span><span style=\"font-weight: 400;\">retournez simplement les cl\u00e9s du v\u00e9hicule lou\u00e9 dans notre bo\u00eete de retour s\u00e9curitaire, accessible 24h*\/24, et le tour est jou\u00e9! L&rsquo;inspection du v\u00e9hicule retourn\u00e9 et la fermeture du contrat de location se feront le jour ouvrable suivant.<\/span><\/p>\n<p>[\/vc_column_text][\/vc_column][vc_column width=\u00a0\u00bb1\/3&Prime;][vc_single_image image=\u00a0\u00bb3080&Prime; img_size=\u00a0\u00bbfull\u00a0\u00bb alignment=\u00a0\u00bbcenter\u00a0\u00bb][\/vc_column][\/vc_row][vc_section is_container=\u00a0\u00bbtrue\u00a0\u00bb][vc_row][vc_column width=\u00a0\u00bb2\/3&Prime;][vc_column_text]<\/p>\n<h3>Informations importantes sur le retour d&rsquo;un v\u00e9hicule lou\u00e9 :<\/h3>\n<table style=\"height: 216px;\">\n<tbody>\n<tr style=\"height: 120px;\">\n<td style=\"vertical-align: top; height: 120px; width: 116.9px;\"><span style=\"color: #ff6c00;\"><i class=\"fa fa-check \" ><\/i><\/span><\/td>\n<td style=\"height: 120px; width: 1246.1px;\">N&rsquo;oubliez pas de placer votre laissez-passer de stationnement sur le tableau de bord du v\u00e9hicule. Le jour suivant, nous allons r\u00e9cup\u00e9rer le laissez-passer et nous fermerons le contrat en tenant compte de l&rsquo;heure \u00e0 laquelle le v\u00e9hicule a \u00e9t\u00e9 retourn\u00e9. Dans certaines succursales, nous utilisons des transpondeurs, ce qui fait en sorte que si vous approchez et que la gu\u00e9rite du garage s&rsquo;ouvre automatiquement, vous n&rsquo;avez pas besoin de laissez-passer. Remarque : chaque journ\u00e9e de location correspond \u00e0 une p\u00e9riode de 24 heures (ou moins selon la r\u00e9servation initiale). Les retours effectu\u00e9s <a href=\"\/fr\/a-propos\/periode-de-grace-pour-retours\/\">en retard<\/a> apr\u00e8s la p\u00e9riode de gr\u00e2ce d&rsquo;une heure (2 heures pour les clients <a href=\"\/fr\/vip\/\">VIP<\/a>) seront factur\u00e9s conform\u00e9ment aux tarifs en vigueur. Si le ticket est perdu, nous v\u00e9rifions avec les cam\u00e9ras de surveillance ou les transpondeurs des v\u00e9hicules pour d\u00e9terminer l&rsquo;heure du retour.<\/td>\n<\/tr>\n<tr style=\"height: 48px;\">\n<td style=\"vertical-align: top; height: 48px; width: 116.9px;\"><span style=\"color: #ff6c00;\"><i class=\"fa fa-check \" ><\/i><\/span><\/td>\n<td style=\"height: 48px; width: 1246.1px;\">Vous restez responsable du v\u00e9hicule lou\u00e9 jusqu&rsquo;au moment o\u00f9 un agent fait la v\u00e9rification du v\u00e9hicule le jour suivant, tel que mentionn\u00e9 dans le contrat de location.<\/td>\n<\/tr>\n<tr style=\"height: 48px;\">\n<td style=\"vertical-align: top; height: 48px; width: 116.9px;\"><span style=\"color: #ff6c00;\"><i class=\"fa fa-check \" ><\/i><\/span><\/td>\n<td style=\"height: 48px; width: 1246.1px;\">\u00c0 la fin de la p\u00e9riode de location, r\u00e9cup\u00e9rez tous vos effets personnels, les t\u00e9l\u00e9phones cellulaires, etc&#8230; avant de quitter et de d\u00e9poser les cl\u00e9s dans la bo\u00eete de retour. Remarque : des bo\u00eetes de d\u00e9p\u00f4t de cl\u00e9s sont disponibles dans toutes les succursales de Montr\u00e9al et sont situ\u00e9es dans le garage ou \u00e0 l&rsquo;entr\u00e9e principale de la succursale.<\/td>\n<\/tr>\n<\/tbody>\n<\/table>\n<p><span class=\"button full\"><br \/>\n<a href=\"https:\/\/www.globecar.com\/fr\/a-propos\/pourquoi-choisir-globe\/\">Encore plus de raisons de nous A<i class=\"fa fa-heart \"><\/i>imer<\/a><\/span><\/p>\n<p>*Exclusivement, les retours du samedi peuvent \u00eatre limit\u00e9s \u00e0 10 heures dans certaines agences.<\/p>\n<p>[\/vc_column_text][\/vc_column][vc_column width=\u00a0\u00bb1\/3&Prime;][vc_single_image image=\u00a0\u00bb2849&Prime; img_size=\u00a0\u00bbfull\u00a0\u00bb][\/vc_column][\/vc_row][\/vc_section]<\/p>\n<\/div>","protected":false},"excerpt":{"rendered":"<p>[vc_row is_header=\u00a0\u00bbtrue\u00a0\u00bb][vc_column width=\u00a0\u00bb2\/3&Prime;][vc_column_text] Retour de nuit Louer un v\u00e9hicule n&rsquo;a jamais \u00e9t\u00e9 aussi facile gr\u00e2ce \u00e0 notre service gratuit de d\u00e9p\u00f4t de nuit. Certains clients ont choisi notre entreprise de location de v\u00e9hicule \u00e0 Montr\u00e9al pr\u00e9cis\u00e9ment pour cette raison &#8211; la flexibilit\u00e9. Globe est conscient que les horaires des gens ne correspondent pas n\u00e9cessairement aux [&hellip;]<\/p>\n","protected":false},"author":1,"featured_media":0,"parent":4267,"menu_order":0,"comment_status":"closed","ping_status":"closed","template":"","meta":{"_acf_changed":false,"_genesis_hide_title":false,"_genesis_hide_breadcrumbs":false,"_genesis_hide_singular_image":false,"_genesis_hide_footer_widgets":false,"_genesis_custom_body_class":"","_genesis_custom_post_class":"","_genesis_layout":"","jetpack_post_was_ever_published":false,"footnotes":""},"class_list":{"0":"post-3818","1":"page","2":"type-page","3":"status-publish","5":"entry","6":"has-post-thumbnail"},"acf":[],"yoast_head":"<!-- This site is optimized with the Yoast SEO Premium plugin v27.1 (Yoast SEO v27.1.1) - https:\/\/yoast.com\/product\/yoast-seo-premium-wordpress\/ -->\n<title>Retour de Nuit Gratuit | Globe Location de Voitures &amp; Camions \u00e0 Montr\u00e9al<\/title>\n<meta name=\"description\" content=\"Globe offre un retour de nuit gratuit valide \u00e0 toutes ses succursales. Vous n&#039;avez qu&#039;\u00e0 d\u00e9poser les cl\u00e9s dans la bo\u00eete de retour et retourner chez vous.\" \/>\n<meta name=\"robots\" content=\"index, follow, max-snippet:-1, max-image-preview:large, max-video-preview:-1\" \/>\n<link rel=\"canonical\" href=\"https:\/\/www.globecar.com\/fr\/a-propos\/retour-de-nuit\/\" \/>\n<meta property=\"og:locale\" content=\"fr_CA\" \/>\n<meta property=\"og:type\" content=\"article\" \/>\n<meta property=\"og:title\" content=\"Retour de nuit\" \/>\n<meta property=\"og:description\" content=\"Retour de nuit Louer un v\u00e9hicule n&#039;a jamais \u00e9t\u00e9 aussi facile gr\u00e2ce \u00e0 notre service gratuit de d\u00e9p\u00f4t de nuit. Certains clients ont choisi notre entreprise\" \/>\n<meta property=\"og:url\" content=\"https:\/\/www.globecar.com\/fr\/a-propos\/retour-de-nuit\/\" \/>\n<meta property=\"og:site_name\" content=\"Globe Location de Voitures &amp; Camions \u00e0 Montr\u00e9al\" \/>\n<meta property=\"article:publisher\" content=\"https:\/\/www.facebook.com\/GlobeCar\" \/>\n<meta property=\"article:modified_time\" content=\"2024-05-23T06:20:06+00:00\" \/>\n<meta property=\"og:image\" content=\"https:\/\/www.globecar.com\/wp-content\/uploads\/2023\/12\/thumbnail_logo_final-1.jpg\" \/>\n\t<meta property=\"og:image:width\" content=\"555\" \/>\n\t<meta property=\"og:image:height\" content=\"555\" \/>\n\t<meta property=\"og:image:type\" content=\"image\/jpeg\" \/>\n<meta name=\"twitter:card\" content=\"summary_large_image\" \/>\n<meta name=\"twitter:site\" content=\"@GlobeCar\" \/>\n<meta name=\"twitter:label1\" content=\"Estimation du temps de lecture\" \/>\n\t<meta name=\"twitter:data1\" content=\"2 minutes\" \/>\n<script type=\"application\/ld+json\" class=\"yoast-schema-graph\">{\"@context\":\"https:\/\/schema.org\",\"@graph\":[{\"@type\":\"WebPage\",\"@id\":\"https:\/\/www.globecar.com\/fr\/a-propos\/retour-de-nuit\/\",\"url\":\"https:\/\/www.globecar.com\/fr\/a-propos\/retour-de-nuit\/\",\"name\":\"Retour de Nuit Gratuit | Globe Location de Voitures &amp; Camions \u00e0 Montr\u00e9al\",\"isPartOf\":{\"@id\":\"https:\/\/www.globecar.com\/fr\/#website\"},\"datePublished\":\"2018-05-14T21:01:59+00:00\",\"dateModified\":\"2024-05-23T06:20:06+00:00\",\"description\":\"Globe offre un retour de nuit gratuit valide \u00e0 toutes ses succursales. Vous n'avez qu'\u00e0 d\u00e9poser les cl\u00e9s dans la bo\u00eete de retour et retourner chez vous.\",\"breadcrumb\":{\"@id\":\"https:\/\/www.globecar.com\/fr\/a-propos\/retour-de-nuit\/#breadcrumb\"},\"inLanguage\":\"fr-CA\",\"potentialAction\":[{\"@type\":\"ReadAction\",\"target\":[\"https:\/\/www.globecar.com\/fr\/a-propos\/retour-de-nuit\/\"]}]},{\"@type\":\"BreadcrumbList\",\"@id\":\"https:\/\/www.globecar.com\/fr\/a-propos\/retour-de-nuit\/#breadcrumb\",\"itemListElement\":[{\"@type\":\"ListItem\",\"position\":1,\"name\":\"Accueil\",\"item\":\"https:\/\/www.globecar.com\/fr\/\"},{\"@type\":\"ListItem\",\"position\":2,\"name\":\"\u00c0 Propos\",\"item\":\"https:\/\/www.globecar.com\/fr\/a-propos\/\"},{\"@type\":\"ListItem\",\"position\":3,\"name\":\"Retour de nuit\"}]},{\"@type\":\"WebSite\",\"@id\":\"https:\/\/www.globecar.com\/fr\/#website\",\"url\":\"https:\/\/www.globecar.com\/fr\/\",\"name\":\"Globe Location d'Autos et Camions \u00e0 Montr\u00e9al\",\"description\":\"Drive 4 Less\",\"publisher\":{\"@id\":\"https:\/\/www.globecar.com\/fr\/#organization\"},\"alternateName\":\"GlobeCar\",\"potentialAction\":[{\"@type\":\"SearchAction\",\"target\":{\"@type\":\"EntryPoint\",\"urlTemplate\":\"https:\/\/www.globecar.com\/fr\/?s={search_term_string}\"},\"query-input\":{\"@type\":\"PropertyValueSpecification\",\"valueRequired\":true,\"valueName\":\"search_term_string\"}}],\"inLanguage\":\"fr-CA\"},{\"@type\":\"Organization\",\"@id\":\"https:\/\/www.globecar.com\/fr\/#organization\",\"name\":\"Globe Car & Truck Rental\",\"alternateName\":\"GlobeCar\",\"url\":\"https:\/\/www.globecar.com\/fr\/\",\"logo\":{\"@type\":\"ImageObject\",\"inLanguage\":\"fr-CA\",\"@id\":\"https:\/\/www.globecar.com\/fr\/#\/schema\/logo\/image\/\",\"url\":\"https:\/\/www.globecar.com\/wp-content\/uploads\/2023\/12\/thumbnail_logo_final-1.jpg\",\"contentUrl\":\"https:\/\/www.globecar.com\/wp-content\/uploads\/2023\/12\/thumbnail_logo_final-1.jpg\",\"width\":555,\"height\":555,\"caption\":\"Globe Car & Truck Rental\"},\"image\":{\"@id\":\"https:\/\/www.globecar.com\/fr\/#\/schema\/logo\/image\/\"},\"sameAs\":[\"https:\/\/www.facebook.com\/GlobeCar\",\"https:\/\/x.com\/GlobeCar\",\"https:\/\/mastodon.social\/@globecar\",\"https:\/\/www.instagram.com\/globecar\/\",\"https:\/\/www.linkedin.com\/company\/globecar\/\",\"https:\/\/www.pinterest.com\/globecar\",\"https:\/\/www.youtube.com\/c\/GlobecarRentals\"]}]}<\/script>\n<!-- \/ Yoast SEO Premium plugin. -->","yoast_head_json":{"title":"Retour de Nuit Gratuit | Globe Location de Voitures &amp; Camions \u00e0 Montr\u00e9al","description":"Globe offre un retour de nuit gratuit valide \u00e0 toutes ses succursales. Vous n'avez qu'\u00e0 d\u00e9poser les cl\u00e9s dans la bo\u00eete de retour et retourner chez vous.","robots":{"index":"index","follow":"follow","max-snippet":"max-snippet:-1","max-image-preview":"max-image-preview:large","max-video-preview":"max-video-preview:-1"},"canonical":"https:\/\/www.globecar.com\/fr\/a-propos\/retour-de-nuit\/","og_locale":"fr_CA","og_type":"article","og_title":"Retour de nuit","og_description":"Retour de nuit Louer un v\u00e9hicule n'a jamais \u00e9t\u00e9 aussi facile gr\u00e2ce \u00e0 notre service gratuit de d\u00e9p\u00f4t de nuit. Certains clients ont choisi notre entreprise","og_url":"https:\/\/www.globecar.com\/fr\/a-propos\/retour-de-nuit\/","og_site_name":"Globe Location de Voitures &amp; Camions \u00e0 Montr\u00e9al","article_publisher":"https:\/\/www.facebook.com\/GlobeCar","article_modified_time":"2024-05-23T06:20:06+00:00","og_image":[{"width":555,"height":555,"url":"https:\/\/www.globecar.com\/wp-content\/uploads\/2023\/12\/thumbnail_logo_final-1.jpg","type":"image\/jpeg"}],"twitter_card":"summary_large_image","twitter_site":"@GlobeCar","twitter_misc":{"Estimation du temps de lecture":"2 minutes"},"schema":{"@context":"https:\/\/schema.org","@graph":[{"@type":"WebPage","@id":"https:\/\/www.globecar.com\/fr\/a-propos\/retour-de-nuit\/","url":"https:\/\/www.globecar.com\/fr\/a-propos\/retour-de-nuit\/","name":"Retour de Nuit Gratuit | Globe Location de Voitures &amp; Camions \u00e0 Montr\u00e9al","isPartOf":{"@id":"https:\/\/www.globecar.com\/fr\/#website"},"datePublished":"2018-05-14T21:01:59+00:00","dateModified":"2024-05-23T06:20:06+00:00","description":"Globe offre un retour de nuit gratuit valide \u00e0 toutes ses succursales. Vous n'avez qu'\u00e0 d\u00e9poser les cl\u00e9s dans la bo\u00eete de retour et retourner chez vous.","breadcrumb":{"@id":"https:\/\/www.globecar.com\/fr\/a-propos\/retour-de-nuit\/#breadcrumb"},"inLanguage":"fr-CA","potentialAction":[{"@type":"ReadAction","target":["https:\/\/www.globecar.com\/fr\/a-propos\/retour-de-nuit\/"]}]},{"@type":"BreadcrumbList","@id":"https:\/\/www.globecar.com\/fr\/a-propos\/retour-de-nuit\/#breadcrumb","itemListElement":[{"@type":"ListItem","position":1,"name":"Accueil","item":"https:\/\/www.globecar.com\/fr\/"},{"@type":"ListItem","position":2,"name":"\u00c0 Propos","item":"https:\/\/www.globecar.com\/fr\/a-propos\/"},{"@type":"ListItem","position":3,"name":"Retour de nuit"}]},{"@type":"WebSite","@id":"https:\/\/www.globecar.com\/fr\/#website","url":"https:\/\/www.globecar.com\/fr\/","name":"Globe Location d'Autos et Camions \u00e0 Montr\u00e9al","description":"Drive 4 Less","publisher":{"@id":"https:\/\/www.globecar.com\/fr\/#organization"},"alternateName":"GlobeCar","potentialAction":[{"@type":"SearchAction","target":{"@type":"EntryPoint","urlTemplate":"https:\/\/www.globecar.com\/fr\/?s={search_term_string}"},"query-input":{"@type":"PropertyValueSpecification","valueRequired":true,"valueName":"search_term_string"}}],"inLanguage":"fr-CA"},{"@type":"Organization","@id":"https:\/\/www.globecar.com\/fr\/#organization","name":"Globe Car & Truck Rental","alternateName":"GlobeCar","url":"https:\/\/www.globecar.com\/fr\/","logo":{"@type":"ImageObject","inLanguage":"fr-CA","@id":"https:\/\/www.globecar.com\/fr\/#\/schema\/logo\/image\/","url":"https:\/\/www.globecar.com\/wp-content\/uploads\/2023\/12\/thumbnail_logo_final-1.jpg","contentUrl":"https:\/\/www.globecar.com\/wp-content\/uploads\/2023\/12\/thumbnail_logo_final-1.jpg","width":555,"height":555,"caption":"Globe Car & Truck Rental"},"image":{"@id":"https:\/\/www.globecar.com\/fr\/#\/schema\/logo\/image\/"},"sameAs":["https:\/\/www.facebook.com\/GlobeCar","https:\/\/x.com\/GlobeCar","https:\/\/mastodon.social\/@globecar","https:\/\/www.instagram.com\/globecar\/","https:\/\/www.linkedin.com\/company\/globecar\/","https:\/\/www.pinterest.com\/globecar","https:\/\/www.youtube.com\/c\/GlobecarRentals"]}]}},"jetpack_sharing_enabled":true,"jetpack_shortlink":"https:\/\/wp.me\/PaiT2D-ZA","_links":{"self":[{"href":"https:\/\/www.globecar.com\/fr\/wp-json\/wp\/v2\/pages\/3818","targetHints":{"allow":["GET"]}}],"collection":[{"href":"https:\/\/www.globecar.com\/fr\/wp-json\/wp\/v2\/pages"}],"about":[{"href":"https:\/\/www.globecar.com\/fr\/wp-json\/wp\/v2\/types\/page"}],"author":[{"embeddable":true,"href":"https:\/\/www.globecar.com\/fr\/wp-json\/wp\/v2\/users\/1"}],"replies":[{"embeddable":true,"href":"https:\/\/www.globecar.com\/fr\/wp-json\/wp\/v2\/comments?post=3818"}],"version-history":[{"count":16,"href":"https:\/\/www.globecar.com\/fr\/wp-json\/wp\/v2\/pages\/3818\/revisions"}],"predecessor-version":[{"id":15870,"href":"https:\/\/www.globecar.com\/fr\/wp-json\/wp\/v2\/pages\/3818\/revisions\/15870"}],"up":[{"embeddable":true,"href":"https:\/\/www.globecar.com\/fr\/wp-json\/wp\/v2\/pages\/4267"}],"wp:attachment":[{"href":"https:\/\/www.globecar.com\/fr\/wp-json\/wp\/v2\/media?parent=3818"}],"curies":[{"name":"wp","href":"https:\/\/api.w.org\/{rel}","templated":true}]}}