{"id":3813,"date":"2018-05-14T17:01:55","date_gmt":"2018-05-14T21:01:55","guid":{"rendered":"https:\/\/www.globecar.com\/location-en-aller-simple\/"},"modified":"2024-05-08T08:36:51","modified_gmt":"2024-05-08T12:36:51","slug":"location-en-aller-simple","status":"publish","type":"page","link":"https:\/\/www.globecar.com\/fr\/services-additionnels\/location-en-aller-simple\/","title":{"rendered":"Location en aller simple"},"content":{"rendered":"<div class=\"wpb-content-wrapper\"><p>[vc_row content_placement=\u00a0\u00bbmiddle\u00a0\u00bb is_header=\u00a0\u00bbtrue\u00a0\u00bb][vc_column width=\u00a0\u00bb2\/3&Prime;][vc_column_text]<\/p>\n<h1>Location en aller simple<\/h1>\n<p>[\/vc_column_text][\/vc_column][vc_column width=\u00a0\u00bb1\/3&Prime;][vc_single_image image=\u00a0\u00bb3083&Prime; img_size=\u00a0\u00bbfull\u00a0\u00bb alignment=\u00a0\u00bbcenter\u00a0\u00bb][\/vc_column][\/vc_row][vc_section is_container=\u00a0\u00bbtrue\u00a0\u00bb][vc_row][vc_column width=\u00a0\u00bb1\/2&Prime;][vc_column_text]<\/p>\n<h2>Locations de v\u00e9hicules en aller simple \u00e0 prix modique<br \/>\ndans toutes les succursales participantes.<\/h2>\n<p>Ce mode de location est parfois la meilleure fa\u00e7on d&rsquo;allier flexibilit\u00e9 et libert\u00e9, en vous permettant de louer un v\u00e9hicule dans une ville et de le retourner dans une autre (dans les succursales participantes). Les aubaines offertes par Globe sont utiles lors des trajets multi-modaux (location de voiture combin\u00e9e \u00e0 une portion de trajet en train, en v\u00e9lo, en autobus, etc&#8230;), pour tous ceux qui doivent se relocaliser ou qui veulent tout simplement partir pour une escapade en voiture vers une destination inconnue. Les locations en aller simple sont offertes avec presque tous <a href=\"https:\/\/www.globecar.com\/fr\/vehicules\/\">les types de v\u00e9hicules<\/a>, de la classe \u00e9conomique aux VUS, aux minifourgonnettes et aux camions.[\/vc_column_text][vc_column_text]<span style=\"font-weight: 400;\"><p><span class=\"button full\"><br \/>\n<a href=\"https:\/\/www.globecar.com\/fr\/a-propos\/pourquoi-choisir-globe\/\">Encore plus de raisons de nous A<i class=\"fa fa-heart \"><\/i>imer<\/a><\/span><\/p><br \/>\n<\/span>[\/vc_column_text][\/vc_column][vc_column width=\u00a0\u00bb1\/2&Prime;][vc_column_text]<\/p>\n<h2>Voici certains avantages de<br \/>\nla location de voiture en aller simple<\/h2>\n<p><span style=\"font-weight: 400;\">\u00c9largir vos possibilit\u00e9s de voyage : <\/span><\/p>\n<ul>\n<li style=\"font-weight: 400;\"><span style=\"font-weight: 400;\">Vous voyagez d&rsquo;un emplacement \u00e0 un autre <a href=\"https:\/\/www.globecar.com\/fr\/locations\/\">emplacement participant<\/a>.<\/span><\/li>\n<li style=\"font-weight: 400;\"><span style=\"font-weight: 400;\">Vous avez besoin de faire des courses en banlieue et de vous arr\u00eater \u00e0 diff\u00e9rentes succursales pr\u00e8s de chez vous<\/span><\/li>\n<li style=\"font-weight: 400;\"><span style=\"font-weight: 400;\">Vous d\u00e9m\u00e9nagez dans un nouveau quartier ou une nouvelle ville<\/span><\/li>\n<li style=\"font-weight: 400;\"><span style=\"font-weight: 400;\">Vous allez \u00e0 l&rsquo;universit\u00e9 ou au travail et vous avez besoin d&rsquo;un transport pour le retour <\/span><\/li>\n<li style=\"font-weight: 400;\"><span style=\"font-weight: 400;\">Tout autre besoin particulier de location d&rsquo;un v\u00e9hicule (<a href=\"https:\/\/www.globecar.com\/fr\/location-de-voiture\/a-la-semaine\/\">vacances<\/a> ou autres)<\/span><\/li>\n<\/ul>\n<h2><\/h2>\n<p>[\/vc_column_text][\/vc_column][\/vc_row][\/vc_section][vc_section el_class=\u00a0\u00bbnoborder\u00a0\u00bb][vc_row full_width=\u00a0\u00bbstretch_row\u00a0\u00bb][vc_column]<div class=\"fleet-carousel\" style=\"width:100%;overflow:hidden;\"><div class=\"wrap\"><h1 class=\"tag-title\" >Location de voitures \u00e0 Montr\u00e9al<\/h1>L&rsquo;entreprise de location de v\u00e9hicules Globe offre un plan de location de v\u00e9hicule \u00e0 tarif sp\u00e9cial. Les clients qui voyagent vers Montr\u00e9al peuvent utiliser facilement notre page de r\u00e9servation et r\u00e9server un v\u00e9hicule en moins de 2 minutes. Si vous cherchez des rabais sur la r\u00e9servation d&rsquo;un v\u00e9hicule, n&rsquo;oubliez pas de choisir l&rsquo;option GPS gratuit lors de votre r\u00e9servation qui comprend aussi un service d&rsquo;assistance routi\u00e8re sans frais!<\/div><ul id=\"carousel-cars\"><li><a class=\"img\" href=\"https:\/\/www.globecar.com\/fr\/nos-vehicules\/voitures\/\"><img decoding=\"async\" width=\"382\" height=\"200\" src=\"https:\/\/www.globecar.com\/wp-content\/uploads\/2017\/11\/cars-2.png\" class=\"attachment-full size-full\" alt=\"cars\" data-lazy=\"https:\/\/www.globecar.com\/wp-content\/uploads\/2017\/11\/cars-2.png\" srcset=\"https:\/\/www.globecar.com\/wp-content\/uploads\/2017\/11\/cars-2.png 382w, https:\/\/www.globecar.com\/wp-content\/uploads\/2017\/11\/cars-2-150x79.png 150w, https:\/\/www.globecar.com\/wp-content\/uploads\/2017\/11\/cars-2-68x36.png 68w, https:\/\/www.globecar.com\/wp-content\/uploads\/2017\/11\/cars-2-200x105.png 200w, https:\/\/www.globecar.com\/wp-content\/uploads\/2017\/11\/cars-2-150x79@2x.png 300w, https:\/\/www.globecar.com\/wp-content\/uploads\/2017\/11\/cars-2-68x36@2x.png 136w\" sizes=\"(max-width: 382px) 100vw, 382px\" \/><\/a><h2>Voitures<\/h2><p>\u00c0 partir de $27.95<\/p><a class=\"button\" href=\"https:\/\/www.globecar.com\/fr\/nos-vehicules\/voitures\/\">Choisir<\/a><\/li><li><a class=\"img\" href=\"https:\/\/www.globecar.com\/fr\/nos-vehicules\/vus\/\"><img decoding=\"async\" width=\"382\" height=\"200\" src=\"https:\/\/www.globecar.com\/wp-content\/uploads\/2017\/11\/suvs-1.png\" class=\"attachment-full size-full\" alt=\"suvs\" data-lazy=\"https:\/\/www.globecar.com\/wp-content\/uploads\/2017\/11\/suvs-1.png\" srcset=\"https:\/\/www.globecar.com\/wp-content\/uploads\/2017\/11\/suvs-1.png 382w, https:\/\/www.globecar.com\/wp-content\/uploads\/2017\/11\/suvs-1-150x79.png 150w, https:\/\/www.globecar.com\/wp-content\/uploads\/2017\/11\/suvs-1-68x36.png 68w, https:\/\/www.globecar.com\/wp-content\/uploads\/2017\/11\/suvs-1-200x105.png 200w, https:\/\/www.globecar.com\/wp-content\/uploads\/2017\/11\/suvs-1-150x79@2x.png 300w, https:\/\/www.globecar.com\/wp-content\/uploads\/2017\/11\/suvs-1-68x36@2x.png 136w\" sizes=\"(max-width: 382px) 100vw, 382px\" \/><\/a><h2>VUS<\/h2><p>\u00c0 partir de $37.95<\/p><a class=\"button\" href=\"https:\/\/www.globecar.com\/fr\/nos-vehicules\/vus\/\">Choisir<\/a><\/li><li><a class=\"img\" href=\"https:\/\/www.globecar.com\/fr\/nos-vehicules\/luxe\/\"><img decoding=\"async\" width=\"382\" height=\"200\" src=\"https:\/\/www.globecar.com\/wp-content\/uploads\/2017\/11\/luxury-1.png\" class=\"attachment-full size-full\" alt=\"luxury\" data-lazy=\"https:\/\/www.globecar.com\/wp-content\/uploads\/2017\/11\/luxury-1.png\" srcset=\"https:\/\/www.globecar.com\/wp-content\/uploads\/2017\/11\/luxury-1.png 382w, https:\/\/www.globecar.com\/wp-content\/uploads\/2017\/11\/luxury-1-150x79.png 150w, https:\/\/www.globecar.com\/wp-content\/uploads\/2017\/11\/luxury-1-68x36.png 68w, https:\/\/www.globecar.com\/wp-content\/uploads\/2017\/11\/luxury-1-200x105.png 200w, https:\/\/www.globecar.com\/wp-content\/uploads\/2017\/11\/luxury-1-150x79@2x.png 300w, https:\/\/www.globecar.com\/wp-content\/uploads\/2017\/11\/luxury-1-68x36@2x.png 136w\" sizes=\"(max-width: 382px) 100vw, 382px\" \/><\/a><h2>Luxe<\/h2><p>\u00c0 partir de $49.95<\/p><a class=\"button\" href=\"https:\/\/www.globecar.com\/fr\/nos-vehicules\/luxe\/\">Choisir<\/a><\/li><li><a class=\"img\" href=\"https:\/\/www.globecar.com\/fr\/nos-vehicules\/4x4-awd\/\"><img decoding=\"async\" width=\"382\" height=\"200\" src=\"https:\/\/www.globecar.com\/wp-content\/uploads\/2017\/11\/4x4-1.png\" class=\"attachment-full size-full\" alt=\"4x4\" data-lazy=\"https:\/\/www.globecar.com\/wp-content\/uploads\/2017\/11\/4x4-1.png\" srcset=\"https:\/\/www.globecar.com\/wp-content\/uploads\/2017\/11\/4x4-1.png 382w, https:\/\/www.globecar.com\/wp-content\/uploads\/2017\/11\/4x4-1-150x79.png 150w, https:\/\/www.globecar.com\/wp-content\/uploads\/2017\/11\/4x4-1-68x36.png 68w, https:\/\/www.globecar.com\/wp-content\/uploads\/2017\/11\/4x4-1-200x105.png 200w, https:\/\/www.globecar.com\/wp-content\/uploads\/2017\/11\/4x4-1-150x79@2x.png 300w, https:\/\/www.globecar.com\/wp-content\/uploads\/2017\/11\/4x4-1-68x36@2x.png 136w\" sizes=\"(max-width: 382px) 100vw, 382px\" \/><\/a><h2>4x4 AWD<\/h2><p>\u00c0 partir de $32.95<\/p><a class=\"button\" href=\"https:\/\/www.globecar.com\/fr\/nos-vehicules\/4x4-awd\/\">Choisir<\/a><\/li><li><a class=\"img\" href=\"https:\/\/www.globecar.com\/fr\/nos-vehicules\/camions\/\"><img decoding=\"async\" width=\"382\" height=\"200\" src=\"https:\/\/www.globecar.com\/wp-content\/uploads\/2017\/11\/trucks-1.png\" class=\"attachment-full size-full\" alt=\"trucks\" data-lazy=\"https:\/\/www.globecar.com\/wp-content\/uploads\/2017\/11\/trucks-1.png\" srcset=\"https:\/\/www.globecar.com\/wp-content\/uploads\/2017\/11\/trucks-1.png 382w, https:\/\/www.globecar.com\/wp-content\/uploads\/2017\/11\/trucks-1-150x79.png 150w, https:\/\/www.globecar.com\/wp-content\/uploads\/2017\/11\/trucks-1-68x36.png 68w, https:\/\/www.globecar.com\/wp-content\/uploads\/2017\/11\/trucks-1-200x105.png 200w, https:\/\/www.globecar.com\/wp-content\/uploads\/2017\/11\/trucks-1-150x79@2x.png 300w, https:\/\/www.globecar.com\/wp-content\/uploads\/2017\/11\/trucks-1-68x36@2x.png 136w\" sizes=\"(max-width: 382px) 100vw, 382px\" \/><\/a><h2>Camions<\/h2><p>\u00c0 partir de $37.95<\/p><a class=\"button\" href=\"https:\/\/www.globecar.com\/fr\/nos-vehicules\/camions\/\">Choisir<\/a><\/li><li><a class=\"img\" href=\"https:\/\/www.globecar.com\/fr\/nos-vehicules\/ve\/\"><img decoding=\"async\" width=\"382\" height=\"200\" src=\"https:\/\/www.globecar.com\/wp-content\/uploads\/2021\/07\/ev_fleet.png\" class=\"attachment-full size-full\" alt=\"tesla electric vehicle\" data-lazy=\"https:\/\/www.globecar.com\/wp-content\/uploads\/2021\/07\/ev_fleet.png\" srcset=\"https:\/\/www.globecar.com\/wp-content\/uploads\/2021\/07\/ev_fleet.png 382w, https:\/\/www.globecar.com\/wp-content\/uploads\/2021\/07\/ev_fleet-150x79.png 150w, https:\/\/www.globecar.com\/wp-content\/uploads\/2021\/07\/ev_fleet-68x36.png 68w, https:\/\/www.globecar.com\/wp-content\/uploads\/2021\/07\/ev_fleet-200x105.png 200w, https:\/\/www.globecar.com\/wp-content\/uploads\/2021\/07\/ev_fleet-24x13.png 24w, https:\/\/www.globecar.com\/wp-content\/uploads\/2021\/07\/ev_fleet-36x19.png 36w, https:\/\/www.globecar.com\/wp-content\/uploads\/2021\/07\/ev_fleet-48x25.png 48w, https:\/\/www.globecar.com\/wp-content\/uploads\/2021\/07\/ev_fleet-150x79@2x.png 300w, https:\/\/www.globecar.com\/wp-content\/uploads\/2021\/07\/ev_fleet-68x36@2x.png 136w, https:\/\/www.globecar.com\/wp-content\/uploads\/2021\/07\/ev_fleet-36x19@2x.png 72w, https:\/\/www.globecar.com\/wp-content\/uploads\/2021\/07\/ev_fleet-48x25@2x.png 96w\" sizes=\"(max-width: 382px) 100vw, 382px\" \/><\/a><h2>V\u00c9<\/h2><p>\u00c0 partir de $79.95<\/p><a class=\"button\" href=\"https:\/\/www.globecar.com\/fr\/nos-vehicules\/ve\/\">Choisir<\/a><\/li><\/ul><div class=\"loading\"><i class=\"fa fa-circle-o-notch fa-spin fa-3x fa-fw\"><\/i>\n<span class=\"sr-only\">Loading...<\/span><\/div><\/div>[\/vc_column][\/vc_row][\/vc_section]<\/p>\n<\/div>","protected":false},"excerpt":{"rendered":"<p>[vc_row content_placement=\u00a0\u00bbmiddle\u00a0\u00bb is_header=\u00a0\u00bbtrue\u00a0\u00bb][vc_column width=\u00a0\u00bb2\/3&Prime;][vc_column_text] Location en aller simple [\/vc_column_text][\/vc_column][vc_column width=\u00a0\u00bb1\/3&Prime;][vc_single_image image=\u00a0\u00bb3083&Prime; img_size=\u00a0\u00bbfull\u00a0\u00bb alignment=\u00a0\u00bbcenter\u00a0\u00bb][\/vc_column][\/vc_row][vc_section is_container=\u00a0\u00bbtrue\u00a0\u00bb][vc_row][vc_column width=\u00a0\u00bb1\/2&Prime;][vc_column_text] Locations de v\u00e9hicules en aller simple \u00e0 prix modique dans toutes les succursales participantes. Ce mode de location est parfois la meilleure fa\u00e7on d&rsquo;allier flexibilit\u00e9 et libert\u00e9, en vous permettant de louer un v\u00e9hicule dans une ville et de le [&hellip;]<\/p>\n","protected":false},"author":1,"featured_media":0,"parent":3864,"menu_order":0,"comment_status":"closed","ping_status":"closed","template":"","meta":{"_acf_changed":false,"_genesis_hide_title":false,"_genesis_hide_breadcrumbs":false,"_genesis_hide_singular_image":false,"_genesis_hide_footer_widgets":false,"_genesis_custom_body_class":"","_genesis_custom_post_class":"","_genesis_layout":"","jetpack_post_was_ever_published":false,"footnotes":""},"class_list":{"0":"post-3813","1":"page","2":"type-page","3":"status-publish","5":"entry","6":"has-post-thumbnail"},"acf":[],"yoast_head":"<!-- This site is optimized with the Yoast SEO Premium plugin v27.1 (Yoast SEO v27.1.1) - https:\/\/yoast.com\/product\/yoast-seo-premium-wordpress\/ -->\n<title>Location en Aller Simple | Globe Location de Voitures &amp; Camions \u00e0 Montr\u00e9al<\/title>\n<meta name=\"description\" content=\"La location d&#039;un v\u00e9hicule en aller simple est maintenant offerte de Montr\u00e9al \u00e0 Toronto. Appelez d\u00e8s aujourd&#039;hui pour r\u00e9server une location de v\u00e9hicule en aller simple.\" \/>\n<meta name=\"robots\" content=\"index, follow, max-snippet:-1, max-image-preview:large, max-video-preview:-1\" \/>\n<link rel=\"canonical\" href=\"https:\/\/www.globecar.com\/fr\/services-additionnels\/location-en-aller-simple\/\" \/>\n<meta property=\"og:locale\" content=\"fr_CA\" \/>\n<meta property=\"og:type\" content=\"article\" \/>\n<meta property=\"og:title\" content=\"Location en aller simple\" \/>\n<meta property=\"og:description\" content=\"Location en aller simple Locations de v\u00e9hicules en aller simple \u00e0 prix modique dans toutes les succursales participantes. Ce mode de location est parfois\" \/>\n<meta property=\"og:url\" content=\"https:\/\/www.globecar.com\/fr\/services-additionnels\/location-en-aller-simple\/\" \/>\n<meta property=\"og:site_name\" content=\"Globe Location de Voitures &amp; Camions \u00e0 Montr\u00e9al\" \/>\n<meta property=\"article:publisher\" content=\"https:\/\/www.facebook.com\/GlobeCar\" \/>\n<meta property=\"article:modified_time\" content=\"2024-05-08T12:36:51+00:00\" \/>\n<meta property=\"og:image\" content=\"https:\/\/www.globecar.com\/wp-content\/uploads\/2023\/12\/thumbnail_logo_final-1.jpg\" \/>\n\t<meta property=\"og:image:width\" content=\"555\" \/>\n\t<meta property=\"og:image:height\" content=\"555\" \/>\n\t<meta property=\"og:image:type\" content=\"image\/jpeg\" \/>\n<meta name=\"twitter:card\" content=\"summary_large_image\" \/>\n<meta name=\"twitter:site\" content=\"@GlobeCar\" \/>\n<meta name=\"twitter:label1\" content=\"Estimation du temps de lecture\" \/>\n\t<meta name=\"twitter:data1\" content=\"2 minutes\" \/>\n<script type=\"application\/ld+json\" class=\"yoast-schema-graph\">{\"@context\":\"https:\/\/schema.org\",\"@graph\":[{\"@type\":\"WebPage\",\"@id\":\"https:\/\/www.globecar.com\/fr\/services-additionnels\/location-en-aller-simple\/\",\"url\":\"https:\/\/www.globecar.com\/fr\/services-additionnels\/location-en-aller-simple\/\",\"name\":\"Location en Aller Simple | Globe Location de Voitures &amp; Camions \u00e0 Montr\u00e9al\",\"isPartOf\":{\"@id\":\"https:\/\/www.globecar.com\/fr\/#website\"},\"datePublished\":\"2018-05-14T21:01:55+00:00\",\"dateModified\":\"2024-05-08T12:36:51+00:00\",\"description\":\"La location d'un v\u00e9hicule en aller simple est maintenant offerte de Montr\u00e9al \u00e0 Toronto. Appelez d\u00e8s aujourd'hui pour r\u00e9server une location de v\u00e9hicule en aller simple.\",\"breadcrumb\":{\"@id\":\"https:\/\/www.globecar.com\/fr\/services-additionnels\/location-en-aller-simple\/#breadcrumb\"},\"inLanguage\":\"fr-CA\",\"potentialAction\":[{\"@type\":\"ReadAction\",\"target\":[\"https:\/\/www.globecar.com\/fr\/services-additionnels\/location-en-aller-simple\/\"]}]},{\"@type\":\"BreadcrumbList\",\"@id\":\"https:\/\/www.globecar.com\/fr\/services-additionnels\/location-en-aller-simple\/#breadcrumb\",\"itemListElement\":[{\"@type\":\"ListItem\",\"position\":1,\"name\":\"Accueil\",\"item\":\"https:\/\/www.globecar.com\/fr\/\"},{\"@type\":\"ListItem\",\"position\":2,\"name\":\"Services additionnels\",\"item\":\"https:\/\/www.globecar.com\/fr\/services-additionnels\/\"},{\"@type\":\"ListItem\",\"position\":3,\"name\":\"Location en aller simple\"}]},{\"@type\":\"WebSite\",\"@id\":\"https:\/\/www.globecar.com\/fr\/#website\",\"url\":\"https:\/\/www.globecar.com\/fr\/\",\"name\":\"Globe Location d'Autos et Camions \u00e0 Montr\u00e9al\",\"description\":\"Drive 4 Less\",\"publisher\":{\"@id\":\"https:\/\/www.globecar.com\/fr\/#organization\"},\"alternateName\":\"GlobeCar\",\"potentialAction\":[{\"@type\":\"SearchAction\",\"target\":{\"@type\":\"EntryPoint\",\"urlTemplate\":\"https:\/\/www.globecar.com\/fr\/?s={search_term_string}\"},\"query-input\":{\"@type\":\"PropertyValueSpecification\",\"valueRequired\":true,\"valueName\":\"search_term_string\"}}],\"inLanguage\":\"fr-CA\"},{\"@type\":\"Organization\",\"@id\":\"https:\/\/www.globecar.com\/fr\/#organization\",\"name\":\"Globe Car & Truck Rental\",\"alternateName\":\"GlobeCar\",\"url\":\"https:\/\/www.globecar.com\/fr\/\",\"logo\":{\"@type\":\"ImageObject\",\"inLanguage\":\"fr-CA\",\"@id\":\"https:\/\/www.globecar.com\/fr\/#\/schema\/logo\/image\/\",\"url\":\"https:\/\/www.globecar.com\/wp-content\/uploads\/2023\/12\/thumbnail_logo_final-1.jpg\",\"contentUrl\":\"https:\/\/www.globecar.com\/wp-content\/uploads\/2023\/12\/thumbnail_logo_final-1.jpg\",\"width\":555,\"height\":555,\"caption\":\"Globe Car & Truck Rental\"},\"image\":{\"@id\":\"https:\/\/www.globecar.com\/fr\/#\/schema\/logo\/image\/\"},\"sameAs\":[\"https:\/\/www.facebook.com\/GlobeCar\",\"https:\/\/x.com\/GlobeCar\",\"https:\/\/mastodon.social\/@globecar\",\"https:\/\/www.instagram.com\/globecar\/\",\"https:\/\/www.linkedin.com\/company\/globecar\/\",\"https:\/\/www.pinterest.com\/globecar\",\"https:\/\/www.youtube.com\/c\/GlobecarRentals\"]}]}<\/script>\n<!-- \/ Yoast SEO Premium plugin. -->","yoast_head_json":{"title":"Location en Aller Simple | Globe Location de Voitures &amp; Camions \u00e0 Montr\u00e9al","description":"La location d'un v\u00e9hicule en aller simple est maintenant offerte de Montr\u00e9al \u00e0 Toronto. Appelez d\u00e8s aujourd'hui pour r\u00e9server une location de v\u00e9hicule en aller simple.","robots":{"index":"index","follow":"follow","max-snippet":"max-snippet:-1","max-image-preview":"max-image-preview:large","max-video-preview":"max-video-preview:-1"},"canonical":"https:\/\/www.globecar.com\/fr\/services-additionnels\/location-en-aller-simple\/","og_locale":"fr_CA","og_type":"article","og_title":"Location en aller simple","og_description":"Location en aller simple Locations de v\u00e9hicules en aller simple \u00e0 prix modique dans toutes les succursales participantes. Ce mode de location est parfois","og_url":"https:\/\/www.globecar.com\/fr\/services-additionnels\/location-en-aller-simple\/","og_site_name":"Globe Location de Voitures &amp; Camions \u00e0 Montr\u00e9al","article_publisher":"https:\/\/www.facebook.com\/GlobeCar","article_modified_time":"2024-05-08T12:36:51+00:00","og_image":[{"width":555,"height":555,"url":"https:\/\/www.globecar.com\/wp-content\/uploads\/2023\/12\/thumbnail_logo_final-1.jpg","type":"image\/jpeg"}],"twitter_card":"summary_large_image","twitter_site":"@GlobeCar","twitter_misc":{"Estimation du temps de lecture":"2 minutes"},"schema":{"@context":"https:\/\/schema.org","@graph":[{"@type":"WebPage","@id":"https:\/\/www.globecar.com\/fr\/services-additionnels\/location-en-aller-simple\/","url":"https:\/\/www.globecar.com\/fr\/services-additionnels\/location-en-aller-simple\/","name":"Location en Aller Simple | Globe Location de Voitures &amp; Camions \u00e0 Montr\u00e9al","isPartOf":{"@id":"https:\/\/www.globecar.com\/fr\/#website"},"datePublished":"2018-05-14T21:01:55+00:00","dateModified":"2024-05-08T12:36:51+00:00","description":"La location d'un v\u00e9hicule en aller simple est maintenant offerte de Montr\u00e9al \u00e0 Toronto. Appelez d\u00e8s aujourd'hui pour r\u00e9server une location de v\u00e9hicule en aller simple.","breadcrumb":{"@id":"https:\/\/www.globecar.com\/fr\/services-additionnels\/location-en-aller-simple\/#breadcrumb"},"inLanguage":"fr-CA","potentialAction":[{"@type":"ReadAction","target":["https:\/\/www.globecar.com\/fr\/services-additionnels\/location-en-aller-simple\/"]}]},{"@type":"BreadcrumbList","@id":"https:\/\/www.globecar.com\/fr\/services-additionnels\/location-en-aller-simple\/#breadcrumb","itemListElement":[{"@type":"ListItem","position":1,"name":"Accueil","item":"https:\/\/www.globecar.com\/fr\/"},{"@type":"ListItem","position":2,"name":"Services additionnels","item":"https:\/\/www.globecar.com\/fr\/services-additionnels\/"},{"@type":"ListItem","position":3,"name":"Location en aller simple"}]},{"@type":"WebSite","@id":"https:\/\/www.globecar.com\/fr\/#website","url":"https:\/\/www.globecar.com\/fr\/","name":"Globe Location d'Autos et Camions \u00e0 Montr\u00e9al","description":"Drive 4 Less","publisher":{"@id":"https:\/\/www.globecar.com\/fr\/#organization"},"alternateName":"GlobeCar","potentialAction":[{"@type":"SearchAction","target":{"@type":"EntryPoint","urlTemplate":"https:\/\/www.globecar.com\/fr\/?s={search_term_string}"},"query-input":{"@type":"PropertyValueSpecification","valueRequired":true,"valueName":"search_term_string"}}],"inLanguage":"fr-CA"},{"@type":"Organization","@id":"https:\/\/www.globecar.com\/fr\/#organization","name":"Globe Car & Truck Rental","alternateName":"GlobeCar","url":"https:\/\/www.globecar.com\/fr\/","logo":{"@type":"ImageObject","inLanguage":"fr-CA","@id":"https:\/\/www.globecar.com\/fr\/#\/schema\/logo\/image\/","url":"https:\/\/www.globecar.com\/wp-content\/uploads\/2023\/12\/thumbnail_logo_final-1.jpg","contentUrl":"https:\/\/www.globecar.com\/wp-content\/uploads\/2023\/12\/thumbnail_logo_final-1.jpg","width":555,"height":555,"caption":"Globe Car & Truck Rental"},"image":{"@id":"https:\/\/www.globecar.com\/fr\/#\/schema\/logo\/image\/"},"sameAs":["https:\/\/www.facebook.com\/GlobeCar","https:\/\/x.com\/GlobeCar","https:\/\/mastodon.social\/@globecar","https:\/\/www.instagram.com\/globecar\/","https:\/\/www.linkedin.com\/company\/globecar\/","https:\/\/www.pinterest.com\/globecar","https:\/\/www.youtube.com\/c\/GlobecarRentals"]}]}},"jetpack_sharing_enabled":true,"jetpack_shortlink":"https:\/\/wp.me\/PaiT2D-Zv","_links":{"self":[{"href":"https:\/\/www.globecar.com\/fr\/wp-json\/wp\/v2\/pages\/3813","targetHints":{"allow":["GET"]}}],"collection":[{"href":"https:\/\/www.globecar.com\/fr\/wp-json\/wp\/v2\/pages"}],"about":[{"href":"https:\/\/www.globecar.com\/fr\/wp-json\/wp\/v2\/types\/page"}],"author":[{"embeddable":true,"href":"https:\/\/www.globecar.com\/fr\/wp-json\/wp\/v2\/users\/1"}],"replies":[{"embeddable":true,"href":"https:\/\/www.globecar.com\/fr\/wp-json\/wp\/v2\/comments?post=3813"}],"version-history":[{"count":7,"href":"https:\/\/www.globecar.com\/fr\/wp-json\/wp\/v2\/pages\/3813\/revisions"}],"predecessor-version":[{"id":13132,"href":"https:\/\/www.globecar.com\/fr\/wp-json\/wp\/v2\/pages\/3813\/revisions\/13132"}],"up":[{"embeddable":true,"href":"https:\/\/www.globecar.com\/fr\/wp-json\/wp\/v2\/pages\/3864"}],"wp:attachment":[{"href":"https:\/\/www.globecar.com\/fr\/wp-json\/wp\/v2\/media?parent=3813"}],"curies":[{"name":"wp","href":"https:\/\/api.w.org\/{rel}","templated":true}]}}