{"id":3803,"date":"2018-05-14T17:01:41","date_gmt":"2018-05-14T21:01:41","guid":{"rendered":"https:\/\/www.globecar.com\/kiosque\/compte-dentreprise\/"},"modified":"2025-11-24T14:56:55","modified_gmt":"2025-11-24T19:56:55","slug":"corporate","status":"publish","type":"page","link":"https:\/\/www.globecar.com\/fr\/a-propos\/kiosque\/corporate\/","title":{"rendered":"Corporatif"},"content":{"rendered":"<div class=\"wpb-content-wrapper\"><p>[vc_row content_placement=\u00a0\u00bbmiddle\u00a0\u00bb is_header=\u00a0\u00bbtrue\u00a0\u00bb][vc_column width=\u00a0\u00bb2\/3&Prime;][vc_column_text]<\/p>\n<h1>De Vrais Agents En Attente!<\/h1>\n<p>Besoin d\u2019une voiture imm\u00e9diatement? Vous pouvez louer l\u2019une de nos supers autos <strong>en seulement 5 Minutes!<\/strong><\/p>\n<hr \/>\n<p>[\/vc_column_text]<ul class=\"features-list col-3 alignLeft\">\n\t\t<li>\n\t\t\t<img decoding=\"async\" width=\"55\" height=\"50\" src=\"https:\/\/www.globecar.com\/wp-content\/uploads\/2017\/08\/first-in-canada.png\" class=\"attachment-full size-full\" alt=\"first-in-canada\" \/>\n\t\t\t<p><strong>Premier au Canada<\/strong><\/p>\n\t\t<\/li>\n\t\t<li>\n\t\t\t<img decoding=\"async\" width=\"40\" height=\"42\" src=\"https:\/\/www.globecar.com\/wp-content\/uploads\/2017\/08\/live-agents.png\" class=\"attachment-full size-full\" alt=\"Live agents\" \/>\n\t\t\t<p><strong>Vrais Agents Virtuels<\/strong><\/p>\n\t\t<\/li>\n\t\t<li>\n\t\t\t<img decoding=\"async\" width=\"46\" height=\"46\" src=\"https:\/\/www.globecar.com\/wp-content\/uploads\/2017\/08\/hours.png\" class=\"attachment-full size-full\" alt=\"Extended business hours\" \/>\n\t\t\t<p><strong>Jusqu'\u00e0 19h Tous les Jours!<\/strong><\/p>\n\t\t<\/li><\/ul>[\/vc_column][vc_column width=\u00a0\u00bb1\/3&Prime;][vc_single_image image=\u00a0\u00bb2767&Prime; img_size=\u00a0\u00bbfull\u00a0\u00bb alignment=\u00a0\u00bbright\u00a0\u00bb][\/vc_column][\/vc_row][vc_row][vc_column][vc_wp_custommenu nav_menu=\u00a0\u00bb1929&Prime;][\/vc_column][\/vc_row][vc_section is_container=\u00a0\u00bbtrue\u00a0\u00bb][vc_row][vc_column width=\u00a0\u00bb1\/2&Prime;][vc_column_text]<\/p>\n<h3>Notre service de kiosque accro\u00eet l\u2019affluence, offre des services de mobilit\u00e9 aux locataires existants et permet de remplir les espaces de stationnement non utilis\u00e9s. Si vous \u00eates int\u00e9ress\u00e9 \u00e0 installer notre <a href=\"https:\/\/www.globecar.com\/fr\/\">solution de location de v\u00e9hicules <\/a>sur votre propri\u00e9t\u00e9, n\u2019h\u00e9sistez pas \u00e0 <a href=\"https:\/\/www.globecar.com\/fr\/aide\/nous-joindre\/\">communiquer avec nous.<\/a><\/h3>\n<p>[\/vc_column_text][\/vc_column][vc_column width=\u00a0\u00bb1\/2&Prime;][vc_column_text]<\/p>\n<p style=\"text-align: right;\"><span class=\"button\"><a href=\"https:\/\/www.globecar.com\/fr\/a-propos\/kiosque\/\">Voyez ce qu\u2019en pensent les clients<\/a><\/span><\/p>\n<p>[\/vc_column_text][\/vc_column][\/vc_row][vc_row css=\u00a0\u00bb.vc_custom_1502986135969{margin-top: 2em !important;}\u00a0\u00bb][vc_column][vc_video link=\u00a0\u00bbhttps:\/\/videopress.com\/v\/XGCnglyM\u00a0\u00bb css=\u00a0\u00bb\u00a0\u00bb][vc_separator][\/vc_column][\/vc_row][vc_row][vc_column width=\u00a0\u00bb1\/2&Prime; css=\u00a0\u00bb.vc_custom_1502984705417{padding-right: 5em !important;}\u00a0\u00bb][vc_column_text]<\/p>\n<h3><b>Nos v\u00e9hicules et notre personnel exceptionnels vous attendent.<\/b><\/h3>\n<p>Une premi\u00e8re au Canada \u2013 Les Kiosques de Globe r\u00e9haussent votre \u00e9tablissement en fournissant une solution de location de voiture sur place. Avec seulement un emplacement de 2 pieds sur 2 et une prise \u00e9lectrique \u2013 Nous pouvons commencer les op\u00e9rations tr\u00e8s rapidement. Nous serions ravis de discuter avec vous de l\u2019installation de cette solution de location de v\u00e9hicules dans vos locaux.[\/vc_column_text][\/vc_column][vc_column width=\u00a0\u00bb1\/2&Prime;][vc_column_text]<\/p>\n<h3>Avantages<\/h3>\n<ol>\n<li style=\"font-weight: 400;\"><span style=\"font-weight: 400;\">Ouvert 7jours\/7 jusqu\u2019\u00e0 19h chaque soir<\/span><\/li>\n<li><span style=\"font-weight: 400;\">Augmente la visibilit\u00e9 et le passage de votre b\u00e2timent<\/span><\/li>\n<li style=\"font-weight: 400;\"><span style=\"font-weight: 400;\">Augmente l\u2019utilisation de vos espaces de stationnement<\/span><\/li>\n<li style=\"font-weight: 400;\"><span style=\"font-weight: 400;\">Augmente les revenus sans aucune construction<\/span><\/li>\n<li style=\"font-weight: 400;\"><span style=\"font-weight: 400;\">Attire les locataires potentiels des immeubles voisins<\/span><\/li>\n<li style=\"font-weight: 400;\"><span style=\"font-weight: 400;\">Offre aux locataires, un service de location d\u2019auto sur place<\/span><\/li>\n<li style=\"font-weight: 400;\"><span style=\"font-weight: 400;\">De \u201cVrais\u201d agent de location de voitures en attente <\/span><\/li>\n<li style=\"font-weight: 400;\"><span style=\"font-weight: 400;\">Partenaire avec une compagnie \u00e0 la pointe de la technologie<\/span><\/li>\n<\/ol>\n<p>[\/vc_column_text][\/vc_column][\/vc_row][\/vc_section][vc_section][vc_row full_width=\u00a0\u00bbstretch_row\u00a0\u00bb][vc_column]\n\t\t<div class=\"simple-banner \">\n\t\t\t<img decoding=\"async\" width=\"1574\" height=\"390\" src=\"https:\/\/www.globecar.com\/wp-content\/uploads\/2017\/08\/question_banner.jpg\" class=\"attachment-full size-full\" alt=\"question_banner\" srcset=\"https:\/\/www.globecar.com\/wp-content\/uploads\/2017\/08\/question_banner.jpg 1574w, https:\/\/www.globecar.com\/wp-content\/uploads\/2017\/08\/question_banner-150x37.jpg 150w, https:\/\/www.globecar.com\/wp-content\/uploads\/2017\/08\/question_banner-300x74.jpg 300w, https:\/\/www.globecar.com\/wp-content\/uploads\/2017\/08\/question_banner-768x190.jpg 768w, https:\/\/www.globecar.com\/wp-content\/uploads\/2017\/08\/question_banner-1024x254.jpg 1024w, https:\/\/www.globecar.com\/wp-content\/uploads\/2017\/08\/question_banner-300x74@2x.jpg 600w, https:\/\/www.globecar.com\/wp-content\/uploads\/2017\/08\/question_banner-768x190@2x.jpg 1536w\" sizes=\"(max-width: 1574px) 100vw, 1574px\" \/>\n\t\t\t<div class=\"wrap\"><div class=\"mini-wrap\"><h3>Vous avez des questions?<\/h3><\/div><a class=\"button onDark full large\" href=\"\/fr\/aide\/faq\/\">Trouvez facilement des r\u00e9ponses \u00e0 vos questions<\/a>\t<\/div><\/div>[\/vc_column][\/vc_row][\/vc_section]<\/p>\n<\/div>","protected":false},"excerpt":{"rendered":"<p>[vc_row content_placement=\u00a0\u00bbmiddle\u00a0\u00bb is_header=\u00a0\u00bbtrue\u00a0\u00bb][vc_column width=\u00a0\u00bb2\/3&Prime;][vc_column_text] De Vrais Agents En Attente! Besoin d\u2019une voiture imm\u00e9diatement? Vous pouvez louer l\u2019une de nos supers autos en seulement 5 Minutes! [\/vc_column_text][\/vc_column][vc_column width=\u00a0\u00bb1\/3&Prime;][vc_single_image image=\u00a0\u00bb2767&Prime; img_size=\u00a0\u00bbfull\u00a0\u00bb alignment=\u00a0\u00bbright\u00a0\u00bb][\/vc_column][\/vc_row][vc_row][vc_column][vc_wp_custommenu nav_menu=\u00a0\u00bb1929&Prime;][\/vc_column][\/vc_row][vc_section is_container=\u00a0\u00bbtrue\u00a0\u00bb][vc_row][vc_column width=\u00a0\u00bb1\/2&Prime;][vc_column_text] Notre service de kiosque accro\u00eet l\u2019affluence, offre des services de mobilit\u00e9 aux locataires existants et permet de remplir les espaces de stationnement [&hellip;]<\/p>\n","protected":false},"author":1,"featured_media":0,"parent":3479,"menu_order":0,"comment_status":"closed","ping_status":"closed","template":"","meta":{"_acf_changed":false,"_genesis_hide_title":false,"_genesis_hide_breadcrumbs":false,"_genesis_hide_singular_image":false,"_genesis_hide_footer_widgets":false,"_genesis_custom_body_class":"","_genesis_custom_post_class":"","_genesis_layout":"","jetpack_post_was_ever_published":false,"footnotes":""},"class_list":{"0":"post-3803","1":"page","2":"type-page","3":"status-publish","5":"entry","6":"has-post-thumbnail"},"acf":[],"yoast_head":"<!-- This site is optimized with the Yoast SEO Premium plugin v27.1 (Yoast SEO v27.1.1) - https:\/\/yoast.com\/product\/yoast-seo-premium-wordpress\/ -->\n<title>Notre Kiosque - Corporatif | Globe Location de Voitures &amp; Camions \u00e0 Montr\u00e9al<\/title>\n<meta name=\"description\" content=\"Nos offrons les tarifs de location de v\u00e9hicules les plus flexibles et les moins dispendieux pour les entreprises. Communiquez avec nous pour ouvrir un compte d&#039;entreprise et \u00e9conomiser sur vos locations de v\u00e9hicules.\" \/>\n<meta name=\"robots\" content=\"index, follow, max-snippet:-1, max-image-preview:large, max-video-preview:-1\" \/>\n<link rel=\"canonical\" href=\"https:\/\/www.globecar.com\/fr\/a-propos\/kiosque\/corporate\/\" \/>\n<meta property=\"og:locale\" content=\"fr_CA\" \/>\n<meta property=\"og:type\" content=\"article\" \/>\n<meta property=\"og:title\" content=\"Corporatif\" \/>\n<meta property=\"og:description\" content=\"De Vrais Agents En Attente! Besoin d\u2019une voiture imm\u00e9diatement? Vous pouvez louer l\u2019une de nos supers autos en seulement 5 Minutes! Notre service de\" \/>\n<meta property=\"og:url\" content=\"https:\/\/www.globecar.com\/fr\/a-propos\/kiosque\/corporate\/\" \/>\n<meta property=\"og:site_name\" content=\"Globe Location de Voitures &amp; Camions \u00e0 Montr\u00e9al\" \/>\n<meta property=\"article:publisher\" content=\"https:\/\/www.facebook.com\/GlobeCar\" \/>\n<meta property=\"article:modified_time\" content=\"2025-11-24T19:56:55+00:00\" \/>\n<meta property=\"og:image\" content=\"https:\/\/www.globecar.com\/wp-content\/uploads\/2023\/12\/thumbnail_logo_final-1.jpg\" \/>\n\t<meta property=\"og:image:width\" content=\"555\" \/>\n\t<meta property=\"og:image:height\" content=\"555\" \/>\n\t<meta property=\"og:image:type\" content=\"image\/jpeg\" \/>\n<meta name=\"twitter:card\" content=\"summary_large_image\" \/>\n<meta name=\"twitter:site\" content=\"@GlobeCar\" \/>\n<meta name=\"twitter:label1\" content=\"Estimation du temps de lecture\" \/>\n\t<meta name=\"twitter:data1\" content=\"3 minutes\" \/>\n<script type=\"application\/ld+json\" class=\"yoast-schema-graph\">{\"@context\":\"https:\/\/schema.org\",\"@graph\":[{\"@type\":\"WebPage\",\"@id\":\"https:\/\/www.globecar.com\/fr\/a-propos\/kiosque\/corporate\/\",\"url\":\"https:\/\/www.globecar.com\/fr\/a-propos\/kiosque\/corporate\/\",\"name\":\"Notre Kiosque - Corporatif | Globe Location de Voitures & Camions \u00e0 Montr\u00e9al\",\"isPartOf\":{\"@id\":\"https:\/\/www.globecar.com\/fr\/#website\"},\"datePublished\":\"2018-05-14T21:01:41+00:00\",\"dateModified\":\"2025-11-24T19:56:55+00:00\",\"description\":\"Nos offrons les tarifs de location de v\u00e9hicules les plus flexibles et les moins dispendieux pour les entreprises. Communiquez avec nous pour ouvrir un compte d'entreprise et \u00e9conomiser sur vos locations de v\u00e9hicules.\",\"breadcrumb\":{\"@id\":\"https:\/\/www.globecar.com\/fr\/a-propos\/kiosque\/corporate\/#breadcrumb\"},\"inLanguage\":\"fr-CA\",\"potentialAction\":[{\"@type\":\"ReadAction\",\"target\":[\"https:\/\/www.globecar.com\/fr\/a-propos\/kiosque\/corporate\/\"]}]},{\"@type\":\"BreadcrumbList\",\"@id\":\"https:\/\/www.globecar.com\/fr\/a-propos\/kiosque\/corporate\/#breadcrumb\",\"itemListElement\":[{\"@type\":\"ListItem\",\"position\":1,\"name\":\"Accueil\",\"item\":\"https:\/\/www.globecar.com\/fr\/\"},{\"@type\":\"ListItem\",\"position\":2,\"name\":\"\u00c0 Propos\",\"item\":\"https:\/\/www.globecar.com\/fr\/a-propos\/\"},{\"@type\":\"ListItem\",\"position\":3,\"name\":\"Kiosque\",\"item\":\"https:\/\/www.globecar.com\/fr\/a-propos\/kiosque\/\"},{\"@type\":\"ListItem\",\"position\":4,\"name\":\"Corporatif\"}]},{\"@type\":\"WebSite\",\"@id\":\"https:\/\/www.globecar.com\/fr\/#website\",\"url\":\"https:\/\/www.globecar.com\/fr\/\",\"name\":\"Globe Location d'Autos et Camions \u00e0 Montr\u00e9al\",\"description\":\"Drive 4 Less\",\"publisher\":{\"@id\":\"https:\/\/www.globecar.com\/fr\/#organization\"},\"alternateName\":\"GlobeCar\",\"potentialAction\":[{\"@type\":\"SearchAction\",\"target\":{\"@type\":\"EntryPoint\",\"urlTemplate\":\"https:\/\/www.globecar.com\/fr\/?s={search_term_string}\"},\"query-input\":{\"@type\":\"PropertyValueSpecification\",\"valueRequired\":true,\"valueName\":\"search_term_string\"}}],\"inLanguage\":\"fr-CA\"},{\"@type\":\"Organization\",\"@id\":\"https:\/\/www.globecar.com\/fr\/#organization\",\"name\":\"Globe Car & Truck Rental\",\"alternateName\":\"GlobeCar\",\"url\":\"https:\/\/www.globecar.com\/fr\/\",\"logo\":{\"@type\":\"ImageObject\",\"inLanguage\":\"fr-CA\",\"@id\":\"https:\/\/www.globecar.com\/fr\/#\/schema\/logo\/image\/\",\"url\":\"https:\/\/www.globecar.com\/wp-content\/uploads\/2023\/12\/thumbnail_logo_final-1.jpg\",\"contentUrl\":\"https:\/\/www.globecar.com\/wp-content\/uploads\/2023\/12\/thumbnail_logo_final-1.jpg\",\"width\":555,\"height\":555,\"caption\":\"Globe Car & Truck Rental\"},\"image\":{\"@id\":\"https:\/\/www.globecar.com\/fr\/#\/schema\/logo\/image\/\"},\"sameAs\":[\"https:\/\/www.facebook.com\/GlobeCar\",\"https:\/\/x.com\/GlobeCar\",\"https:\/\/mastodon.social\/@globecar\",\"https:\/\/www.instagram.com\/globecar\/\",\"https:\/\/www.linkedin.com\/company\/globecar\/\",\"https:\/\/www.pinterest.com\/globecar\",\"https:\/\/www.youtube.com\/c\/GlobecarRentals\"]}]}<\/script>\n<!-- \/ Yoast SEO Premium plugin. -->","yoast_head_json":{"title":"Notre Kiosque - Corporatif | Globe Location de Voitures & Camions \u00e0 Montr\u00e9al","description":"Nos offrons les tarifs de location de v\u00e9hicules les plus flexibles et les moins dispendieux pour les entreprises. Communiquez avec nous pour ouvrir un compte d'entreprise et \u00e9conomiser sur vos locations de v\u00e9hicules.","robots":{"index":"index","follow":"follow","max-snippet":"max-snippet:-1","max-image-preview":"max-image-preview:large","max-video-preview":"max-video-preview:-1"},"canonical":"https:\/\/www.globecar.com\/fr\/a-propos\/kiosque\/corporate\/","og_locale":"fr_CA","og_type":"article","og_title":"Corporatif","og_description":"De Vrais Agents En Attente! Besoin d\u2019une voiture imm\u00e9diatement? Vous pouvez louer l\u2019une de nos supers autos en seulement 5 Minutes! Notre service de","og_url":"https:\/\/www.globecar.com\/fr\/a-propos\/kiosque\/corporate\/","og_site_name":"Globe Location de Voitures &amp; Camions \u00e0 Montr\u00e9al","article_publisher":"https:\/\/www.facebook.com\/GlobeCar","article_modified_time":"2025-11-24T19:56:55+00:00","og_image":[{"width":555,"height":555,"url":"https:\/\/www.globecar.com\/wp-content\/uploads\/2023\/12\/thumbnail_logo_final-1.jpg","type":"image\/jpeg"}],"twitter_card":"summary_large_image","twitter_site":"@GlobeCar","twitter_misc":{"Estimation du temps de lecture":"3 minutes"},"schema":{"@context":"https:\/\/schema.org","@graph":[{"@type":"WebPage","@id":"https:\/\/www.globecar.com\/fr\/a-propos\/kiosque\/corporate\/","url":"https:\/\/www.globecar.com\/fr\/a-propos\/kiosque\/corporate\/","name":"Notre Kiosque - Corporatif | Globe Location de Voitures & Camions \u00e0 Montr\u00e9al","isPartOf":{"@id":"https:\/\/www.globecar.com\/fr\/#website"},"datePublished":"2018-05-14T21:01:41+00:00","dateModified":"2025-11-24T19:56:55+00:00","description":"Nos offrons les tarifs de location de v\u00e9hicules les plus flexibles et les moins dispendieux pour les entreprises. Communiquez avec nous pour ouvrir un compte d'entreprise et \u00e9conomiser sur vos locations de v\u00e9hicules.","breadcrumb":{"@id":"https:\/\/www.globecar.com\/fr\/a-propos\/kiosque\/corporate\/#breadcrumb"},"inLanguage":"fr-CA","potentialAction":[{"@type":"ReadAction","target":["https:\/\/www.globecar.com\/fr\/a-propos\/kiosque\/corporate\/"]}]},{"@type":"BreadcrumbList","@id":"https:\/\/www.globecar.com\/fr\/a-propos\/kiosque\/corporate\/#breadcrumb","itemListElement":[{"@type":"ListItem","position":1,"name":"Accueil","item":"https:\/\/www.globecar.com\/fr\/"},{"@type":"ListItem","position":2,"name":"\u00c0 Propos","item":"https:\/\/www.globecar.com\/fr\/a-propos\/"},{"@type":"ListItem","position":3,"name":"Kiosque","item":"https:\/\/www.globecar.com\/fr\/a-propos\/kiosque\/"},{"@type":"ListItem","position":4,"name":"Corporatif"}]},{"@type":"WebSite","@id":"https:\/\/www.globecar.com\/fr\/#website","url":"https:\/\/www.globecar.com\/fr\/","name":"Globe Location d'Autos et Camions \u00e0 Montr\u00e9al","description":"Drive 4 Less","publisher":{"@id":"https:\/\/www.globecar.com\/fr\/#organization"},"alternateName":"GlobeCar","potentialAction":[{"@type":"SearchAction","target":{"@type":"EntryPoint","urlTemplate":"https:\/\/www.globecar.com\/fr\/?s={search_term_string}"},"query-input":{"@type":"PropertyValueSpecification","valueRequired":true,"valueName":"search_term_string"}}],"inLanguage":"fr-CA"},{"@type":"Organization","@id":"https:\/\/www.globecar.com\/fr\/#organization","name":"Globe Car & Truck Rental","alternateName":"GlobeCar","url":"https:\/\/www.globecar.com\/fr\/","logo":{"@type":"ImageObject","inLanguage":"fr-CA","@id":"https:\/\/www.globecar.com\/fr\/#\/schema\/logo\/image\/","url":"https:\/\/www.globecar.com\/wp-content\/uploads\/2023\/12\/thumbnail_logo_final-1.jpg","contentUrl":"https:\/\/www.globecar.com\/wp-content\/uploads\/2023\/12\/thumbnail_logo_final-1.jpg","width":555,"height":555,"caption":"Globe Car & Truck Rental"},"image":{"@id":"https:\/\/www.globecar.com\/fr\/#\/schema\/logo\/image\/"},"sameAs":["https:\/\/www.facebook.com\/GlobeCar","https:\/\/x.com\/GlobeCar","https:\/\/mastodon.social\/@globecar","https:\/\/www.instagram.com\/globecar\/","https:\/\/www.linkedin.com\/company\/globecar\/","https:\/\/www.pinterest.com\/globecar","https:\/\/www.youtube.com\/c\/GlobecarRentals"]}]}},"jetpack_sharing_enabled":true,"jetpack_shortlink":"https:\/\/wp.me\/PaiT2D-Zl","_links":{"self":[{"href":"https:\/\/www.globecar.com\/fr\/wp-json\/wp\/v2\/pages\/3803","targetHints":{"allow":["GET"]}}],"collection":[{"href":"https:\/\/www.globecar.com\/fr\/wp-json\/wp\/v2\/pages"}],"about":[{"href":"https:\/\/www.globecar.com\/fr\/wp-json\/wp\/v2\/types\/page"}],"author":[{"embeddable":true,"href":"https:\/\/www.globecar.com\/fr\/wp-json\/wp\/v2\/users\/1"}],"replies":[{"embeddable":true,"href":"https:\/\/www.globecar.com\/fr\/wp-json\/wp\/v2\/comments?post=3803"}],"version-history":[{"count":0,"href":"https:\/\/www.globecar.com\/fr\/wp-json\/wp\/v2\/pages\/3803\/revisions"}],"up":[{"embeddable":true,"href":"https:\/\/www.globecar.com\/fr\/wp-json\/wp\/v2\/pages\/3479"}],"wp:attachment":[{"href":"https:\/\/www.globecar.com\/fr\/wp-json\/wp\/v2\/media?parent=3803"}],"curies":[{"name":"wp","href":"https:\/\/api.w.org\/{rel}","templated":true}]}}