{"id":3788,"date":"2018-05-14T17:01:36","date_gmt":"2018-05-14T21:01:36","guid":{"rendered":"https:\/\/www.globecar.com\/conducteurs-additionnels\/"},"modified":"2024-05-08T08:35:10","modified_gmt":"2024-05-08T12:35:10","slug":"conducteurs-additionnels","status":"publish","type":"page","link":"https:\/\/www.globecar.com\/fr\/services-additionnels\/conducteurs-additionnels\/","title":{"rendered":"Conducteurs additionnels"},"content":{"rendered":"<div class=\"wpb-content-wrapper\"><p>[vc_row is_header=\u00a0\u00bbtrue\u00a0\u00bb][vc_column width=\u00a0\u00bb2\/3&Prime;][vc_column_text]<\/p>\n<h1>Conducteurs additionnels<\/h1>\n<p>Avec Globe Location d&rsquo;autos vous pouvez partager votre exp\u00e9rience de conduite avec des amis et des membres de votre famille \u00e0 bord d&rsquo;un v\u00e9hicule de location de tr\u00e8s grande qualit\u00e9 de votre choix. Rien ne vaut les voyages en bonne compagnie o\u00f9 l&rsquo;on partage l&rsquo;exp\u00e9rience de la route et surtout des souvenirs m\u00e9morables. Il n&rsquo;y a pas de meilleure fa\u00e7on de partager nos pens\u00e9es et de raconter nos histoires qu&rsquo;en profitant d&rsquo;un long voyage en bonne compagnie &#8211; un vrai plaisir! <a href=\"https:\/\/www.globecar.com\/fr\/location-de-voiture\/a-la-semaine\/\">Louez un v\u00e9hicule pour une semaine<\/a> ou une <a href=\"https:\/\/www.globecar.com\/fr\/location-de-voiture\/fin-de-semaine\/\">fin de semaine<\/a> pour vivre cette exp\u00e9rience.[\/vc_column_text][\/vc_column][vc_column width=\u00a0\u00bb1\/3&Prime;]\n\t\t\t<div class=\"price-ad  accentColor\"><span class=\"title\"><\/span><p class=\"amount\">9<span class=\"cents\">,95$<\/span><span class=\"per\">\/jour!<\/span><\/p><span class=\"amount-footer\">pour chaque conducteur<\/span><\/div>[\/vc_column][\/vc_row][vc_section is_container=\u00a0\u00bbtrue\u00a0\u00bb][vc_row][vc_column][vc_column_text]<\/p>\n<h3>Les avantages d&rsquo;ajouter des conducteurs additionnels :<\/h3>\n<p>[\/vc_column_text][vc_toggle title=\u00a0\u00bbS\u00e9curit\u00e9\u00a0\u00bb]<span style=\"font-weight: 400;\">Prendre la route est l&rsquo;une des activit\u00e9s les plus agr\u00e9ables que vous permet de faire la location d&rsquo;un v\u00e9hicule. Mais les longs trajets sont plus s\u00e9curitaires lorsque vous voyagez avec un ou des passagers. Mais pour des raison de s\u00e9curit\u00e9, ne voyagez jamais seul, particuli\u00e8rement lors de longs trajets (2 heures ou plus). En cas d&rsquo;accident, vous aurez un ou des t\u00e9moins et serez plus nombreux \u00e0 partager les responsabilit\u00e9s de la location du v\u00e9hicule. Vos randonn\u00e9es, visites touristiques, etc&#8230; sont aussi plus s\u00e9curitaires lorsque vous voyagez en groupe.<\/span>[\/vc_toggle][vc_toggle title=\u00a0\u00bbPartager les co\u00fbts\u00a0\u00bb]Chez Globe, plusieurs de nos clients choisissent de voyager et de faire des activit\u00e9s \u00e0 deux et parfois en groupes de 5 \u00e0 7 personnes en louant un v\u00e9hicule. De cette fa\u00e7on, les co\u00fbts de location sont partag\u00e9s, ce qui peut repr\u00e9senter une r\u00e9duction du prix de location de 40$ ou plus, incluant les frais, les taxes, etc&#8230; Voyez comment <a href=\"\/fr\/a-propos\/economisez-avec-globe\/\">nous pouvons vous faire \u00e9conomiser<\/a>.[\/vc_toggle][vc_toggle title=\u00a0\u00bbConfort\u00a0\u00bb]L&rsquo;assurance que vous procure la pr\u00e9sence d&rsquo;un compagnon de voyage vous garantit la tranquilit\u00e9 d&rsquo;esprit. Si vous \u00eates malade ou bless\u00e9 pendant le voyage, le conducteur additionnel peut conduire \u00e0 votre place. De plus, le confort que vous procure la position de passager vous permet de travailler sur votre iPad ou votre ordinateur portable, r\u00e9pondre \u00e0 vos courriels, regarder un film ou envoyer des messages texte \u00e0 vos \u00eatres chers. Vous pouvez vous partager le volant \u00e0 tour de r\u00f4le![\/vc_toggle][vc_toggle title=\u00a0\u00bbEntreprise\u00a0\u00bb]Vous pouvez appr\u00e9cier le fait d&rsquo;\u00eatre seul \u00e0 l&rsquo;occasion, mais il arrive souvent que les voyages soient m\u00e9morables en raison de la pr\u00e9sence de conducteurs additionnels qui prennent le relais derri\u00e8re le volant et rendent le trajet plus agr\u00e9able et moins compliqu\u00e9. L&rsquo;option d&rsquo;ajouter un, deux ou davantage de conducteurs vous offre la libert\u00e9 de partager la responsabilit\u00e9 de la conduite avec vos compagnons de voyage. Vous pouvez vous reposer \u00e0 tour de r\u00f4le ou profiter de l&rsquo;exp\u00e9rience grisante de guider votre groupe sur les sites touristiques et lors des activit\u00e9s exceptionnelles que vous offrent <a href=\"https:\/\/www.mtlblog.com\/\">Montr\u00e9al <\/a>, <a href=\"https:\/\/www.quebecoriginal.com\/fr-ca\" target=\"_blank\" rel=\"noopener\">Qu\u00e9bec<\/a>, <a href=\"https:\/\/www.destinationtoronto.com\/#googtrans(en|fr)\" target=\"_blank\" rel=\"noopener\">Toronto<\/a> et le reste de <a href=\"https:\/\/www.destinationontario.com\/fr-ca\" target=\"_blank\" rel=\"noopener\">l&rsquo;Ontario<\/a>. Louez un Jeep 4X4 en toute saison et pour toutes les occasions.[\/vc_toggle][vc_toggle title=\u00a0\u00bbS&rsquo;endormir au volant\u00a0\u00bb]<span style=\"font-weight: 400;\">De nos jours, certains v\u00e9hicules sont munis de capteurs qui vous indiquent le moment de freiner ou de prendre une pause lorsqu&rsquo;ils sentent que le v\u00e9hicule devient h\u00e9sitant ou qu&rsquo;il d\u00e9vie souvent de sa course, ou qu&rsquo;ils d\u00e9tectent certains comportements \u00e0 risque. Cette fonctionnalit\u00e9 a \u00e9t\u00e9 mise au point suite \u00e0 de nombreux accidents (dont certains mortels) caus\u00e9s directement par la perte de vigileance du conducteur alors qu&rsquo;il \u00e9tait au volant (le conducteur s&rsquo;\u00e9tant endormi au volant). Donc la r\u00e8gle de s\u00e9curit\u00e9 no 1 est de se ranger sur la voie de service ou le c\u00f4t\u00e9 de la route lorsque vous \u00eates fatigu\u00e9s.<\/span>[\/vc_toggle][vc_toggle title=\u00a0\u00bbCouverture d&rsquo;assurance accrue\u00a0\u00bb]<a href=\"https:\/\/www.globecar.com\/fr\/assurances-pour-vehicules-de-location\/exoneration-pour-dommages-par-collision\/\">L&rsquo;assurance pour le v\u00e9hicule de location<\/a> est automatiquement ajout\u00e9e \u00e0 tous les conducteurs additionnels lorsque vous choisissez cette option au contrat de location. De cette fa\u00e7on, chacun peut profiter de la conduite du v\u00e9hicule et d&rsquo;une assurance sans frais suppl\u00e9mentaire, sauf dans le cas de l&rsquo;option pour conducteur additionnel offerte \u00e0 8,95$ par jour, par conducteur.[\/vc_toggle][\/vc_column][\/vc_row][\/vc_section]<\/p>\n<\/div>","protected":false},"excerpt":{"rendered":"<p>[vc_row is_header=\u00a0\u00bbtrue\u00a0\u00bb][vc_column width=\u00a0\u00bb2\/3&Prime;][vc_column_text] Conducteurs additionnels Avec Globe Location d&rsquo;autos vous pouvez partager votre exp\u00e9rience de conduite avec des amis et des membres de votre famille \u00e0 bord d&rsquo;un v\u00e9hicule de location de tr\u00e8s grande qualit\u00e9 de votre choix. Rien ne vaut les voyages en bonne compagnie o\u00f9 l&rsquo;on partage l&rsquo;exp\u00e9rience de la route et surtout [&hellip;]<\/p>\n","protected":false},"author":1,"featured_media":0,"parent":3864,"menu_order":0,"comment_status":"closed","ping_status":"closed","template":"","meta":{"_acf_changed":false,"_genesis_hide_title":false,"_genesis_hide_breadcrumbs":false,"_genesis_hide_singular_image":false,"_genesis_hide_footer_widgets":false,"_genesis_custom_body_class":"","_genesis_custom_post_class":"","_genesis_layout":"","jetpack_post_was_ever_published":false,"footnotes":""},"class_list":{"0":"post-3788","1":"page","2":"type-page","3":"status-publish","5":"entry","6":"has-post-thumbnail"},"acf":[],"yoast_head":"<!-- This site is optimized with the Yoast SEO Premium plugin v27.1 (Yoast SEO v27.1.1) - https:\/\/yoast.com\/product\/yoast-seo-premium-wordpress\/ -->\n<title>Conducteurs Additionnels | Globe Location de Voitures &amp; Camions \u00e0 Montr\u00e9al<\/title>\n<meta name=\"description\" content=\"Ajouter un conducteur additionnel ou un membre de la famille \u00e0 votre location de voiture pour seulement 9.95$\/Jour.\" \/>\n<meta name=\"robots\" content=\"index, follow, max-snippet:-1, max-image-preview:large, max-video-preview:-1\" \/>\n<link rel=\"canonical\" href=\"https:\/\/www.globecar.com\/fr\/services-additionnels\/conducteurs-additionnels\/\" \/>\n<meta property=\"og:locale\" content=\"fr_CA\" \/>\n<meta property=\"og:type\" content=\"article\" \/>\n<meta property=\"og:title\" content=\"Conducteurs additionnels\" \/>\n<meta property=\"og:description\" content=\"Conducteurs additionnels Avec Globe Location d&#039;autos vous pouvez partager votre exp\u00e9rience de conduite avec des amis et des membres de votre famille \u00e0\" \/>\n<meta property=\"og:url\" content=\"https:\/\/www.globecar.com\/fr\/services-additionnels\/conducteurs-additionnels\/\" \/>\n<meta property=\"og:site_name\" content=\"Globe Location de Voitures &amp; Camions \u00e0 Montr\u00e9al\" \/>\n<meta property=\"article:publisher\" content=\"https:\/\/www.facebook.com\/GlobeCar\" \/>\n<meta property=\"article:modified_time\" content=\"2024-05-08T12:35:10+00:00\" \/>\n<meta property=\"og:image\" content=\"https:\/\/www.globecar.com\/wp-content\/uploads\/2023\/12\/thumbnail_logo_final-1.jpg\" \/>\n\t<meta property=\"og:image:width\" content=\"555\" \/>\n\t<meta property=\"og:image:height\" content=\"555\" \/>\n\t<meta property=\"og:image:type\" content=\"image\/jpeg\" \/>\n<meta name=\"twitter:card\" content=\"summary_large_image\" \/>\n<meta name=\"twitter:site\" content=\"@GlobeCar\" \/>\n<meta name=\"twitter:label1\" content=\"Estimation du temps de lecture\" \/>\n\t<meta name=\"twitter:data1\" content=\"3 minutes\" \/>\n<script type=\"application\/ld+json\" class=\"yoast-schema-graph\">{\"@context\":\"https:\/\/schema.org\",\"@graph\":[{\"@type\":\"WebPage\",\"@id\":\"https:\/\/www.globecar.com\/fr\/services-additionnels\/conducteurs-additionnels\/\",\"url\":\"https:\/\/www.globecar.com\/fr\/services-additionnels\/conducteurs-additionnels\/\",\"name\":\"Conducteurs Additionnels | Globe Location de Voitures &amp; Camions \u00e0 Montr\u00e9al\",\"isPartOf\":{\"@id\":\"https:\/\/www.globecar.com\/fr\/#website\"},\"datePublished\":\"2018-05-14T21:01:36+00:00\",\"dateModified\":\"2024-05-08T12:35:10+00:00\",\"description\":\"Ajouter un conducteur additionnel ou un membre de la famille \u00e0 votre location de voiture pour seulement 9.95$\/Jour.\",\"breadcrumb\":{\"@id\":\"https:\/\/www.globecar.com\/fr\/services-additionnels\/conducteurs-additionnels\/#breadcrumb\"},\"inLanguage\":\"fr-CA\",\"potentialAction\":[{\"@type\":\"ReadAction\",\"target\":[\"https:\/\/www.globecar.com\/fr\/services-additionnels\/conducteurs-additionnels\/\"]}]},{\"@type\":\"BreadcrumbList\",\"@id\":\"https:\/\/www.globecar.com\/fr\/services-additionnels\/conducteurs-additionnels\/#breadcrumb\",\"itemListElement\":[{\"@type\":\"ListItem\",\"position\":1,\"name\":\"Accueil\",\"item\":\"https:\/\/www.globecar.com\/fr\/\"},{\"@type\":\"ListItem\",\"position\":2,\"name\":\"Services additionnels\",\"item\":\"https:\/\/www.globecar.com\/fr\/services-additionnels\/\"},{\"@type\":\"ListItem\",\"position\":3,\"name\":\"Conducteurs additionnels\"}]},{\"@type\":\"WebSite\",\"@id\":\"https:\/\/www.globecar.com\/fr\/#website\",\"url\":\"https:\/\/www.globecar.com\/fr\/\",\"name\":\"Globe Location d'Autos et Camions \u00e0 Montr\u00e9al\",\"description\":\"Drive 4 Less\",\"publisher\":{\"@id\":\"https:\/\/www.globecar.com\/fr\/#organization\"},\"alternateName\":\"GlobeCar\",\"potentialAction\":[{\"@type\":\"SearchAction\",\"target\":{\"@type\":\"EntryPoint\",\"urlTemplate\":\"https:\/\/www.globecar.com\/fr\/?s={search_term_string}\"},\"query-input\":{\"@type\":\"PropertyValueSpecification\",\"valueRequired\":true,\"valueName\":\"search_term_string\"}}],\"inLanguage\":\"fr-CA\"},{\"@type\":\"Organization\",\"@id\":\"https:\/\/www.globecar.com\/fr\/#organization\",\"name\":\"Globe Car & Truck Rental\",\"alternateName\":\"GlobeCar\",\"url\":\"https:\/\/www.globecar.com\/fr\/\",\"logo\":{\"@type\":\"ImageObject\",\"inLanguage\":\"fr-CA\",\"@id\":\"https:\/\/www.globecar.com\/fr\/#\/schema\/logo\/image\/\",\"url\":\"https:\/\/www.globecar.com\/wp-content\/uploads\/2023\/12\/thumbnail_logo_final-1.jpg\",\"contentUrl\":\"https:\/\/www.globecar.com\/wp-content\/uploads\/2023\/12\/thumbnail_logo_final-1.jpg\",\"width\":555,\"height\":555,\"caption\":\"Globe Car & Truck Rental\"},\"image\":{\"@id\":\"https:\/\/www.globecar.com\/fr\/#\/schema\/logo\/image\/\"},\"sameAs\":[\"https:\/\/www.facebook.com\/GlobeCar\",\"https:\/\/x.com\/GlobeCar\",\"https:\/\/mastodon.social\/@globecar\",\"https:\/\/www.instagram.com\/globecar\/\",\"https:\/\/www.linkedin.com\/company\/globecar\/\",\"https:\/\/www.pinterest.com\/globecar\",\"https:\/\/www.youtube.com\/c\/GlobecarRentals\"]}]}<\/script>\n<!-- \/ Yoast SEO Premium plugin. -->","yoast_head_json":{"title":"Conducteurs Additionnels | Globe Location de Voitures &amp; Camions \u00e0 Montr\u00e9al","description":"Ajouter un conducteur additionnel ou un membre de la famille \u00e0 votre location de voiture pour seulement 9.95$\/Jour.","robots":{"index":"index","follow":"follow","max-snippet":"max-snippet:-1","max-image-preview":"max-image-preview:large","max-video-preview":"max-video-preview:-1"},"canonical":"https:\/\/www.globecar.com\/fr\/services-additionnels\/conducteurs-additionnels\/","og_locale":"fr_CA","og_type":"article","og_title":"Conducteurs additionnels","og_description":"Conducteurs additionnels Avec Globe Location d'autos vous pouvez partager votre exp\u00e9rience de conduite avec des amis et des membres de votre famille \u00e0","og_url":"https:\/\/www.globecar.com\/fr\/services-additionnels\/conducteurs-additionnels\/","og_site_name":"Globe Location de Voitures &amp; Camions \u00e0 Montr\u00e9al","article_publisher":"https:\/\/www.facebook.com\/GlobeCar","article_modified_time":"2024-05-08T12:35:10+00:00","og_image":[{"width":555,"height":555,"url":"https:\/\/www.globecar.com\/wp-content\/uploads\/2023\/12\/thumbnail_logo_final-1.jpg","type":"image\/jpeg"}],"twitter_card":"summary_large_image","twitter_site":"@GlobeCar","twitter_misc":{"Estimation du temps de lecture":"3 minutes"},"schema":{"@context":"https:\/\/schema.org","@graph":[{"@type":"WebPage","@id":"https:\/\/www.globecar.com\/fr\/services-additionnels\/conducteurs-additionnels\/","url":"https:\/\/www.globecar.com\/fr\/services-additionnels\/conducteurs-additionnels\/","name":"Conducteurs Additionnels | Globe Location de Voitures &amp; Camions \u00e0 Montr\u00e9al","isPartOf":{"@id":"https:\/\/www.globecar.com\/fr\/#website"},"datePublished":"2018-05-14T21:01:36+00:00","dateModified":"2024-05-08T12:35:10+00:00","description":"Ajouter un conducteur additionnel ou un membre de la famille \u00e0 votre location de voiture pour seulement 9.95$\/Jour.","breadcrumb":{"@id":"https:\/\/www.globecar.com\/fr\/services-additionnels\/conducteurs-additionnels\/#breadcrumb"},"inLanguage":"fr-CA","potentialAction":[{"@type":"ReadAction","target":["https:\/\/www.globecar.com\/fr\/services-additionnels\/conducteurs-additionnels\/"]}]},{"@type":"BreadcrumbList","@id":"https:\/\/www.globecar.com\/fr\/services-additionnels\/conducteurs-additionnels\/#breadcrumb","itemListElement":[{"@type":"ListItem","position":1,"name":"Accueil","item":"https:\/\/www.globecar.com\/fr\/"},{"@type":"ListItem","position":2,"name":"Services additionnels","item":"https:\/\/www.globecar.com\/fr\/services-additionnels\/"},{"@type":"ListItem","position":3,"name":"Conducteurs additionnels"}]},{"@type":"WebSite","@id":"https:\/\/www.globecar.com\/fr\/#website","url":"https:\/\/www.globecar.com\/fr\/","name":"Globe Location d'Autos et Camions \u00e0 Montr\u00e9al","description":"Drive 4 Less","publisher":{"@id":"https:\/\/www.globecar.com\/fr\/#organization"},"alternateName":"GlobeCar","potentialAction":[{"@type":"SearchAction","target":{"@type":"EntryPoint","urlTemplate":"https:\/\/www.globecar.com\/fr\/?s={search_term_string}"},"query-input":{"@type":"PropertyValueSpecification","valueRequired":true,"valueName":"search_term_string"}}],"inLanguage":"fr-CA"},{"@type":"Organization","@id":"https:\/\/www.globecar.com\/fr\/#organization","name":"Globe Car & Truck Rental","alternateName":"GlobeCar","url":"https:\/\/www.globecar.com\/fr\/","logo":{"@type":"ImageObject","inLanguage":"fr-CA","@id":"https:\/\/www.globecar.com\/fr\/#\/schema\/logo\/image\/","url":"https:\/\/www.globecar.com\/wp-content\/uploads\/2023\/12\/thumbnail_logo_final-1.jpg","contentUrl":"https:\/\/www.globecar.com\/wp-content\/uploads\/2023\/12\/thumbnail_logo_final-1.jpg","width":555,"height":555,"caption":"Globe Car & Truck Rental"},"image":{"@id":"https:\/\/www.globecar.com\/fr\/#\/schema\/logo\/image\/"},"sameAs":["https:\/\/www.facebook.com\/GlobeCar","https:\/\/x.com\/GlobeCar","https:\/\/mastodon.social\/@globecar","https:\/\/www.instagram.com\/globecar\/","https:\/\/www.linkedin.com\/company\/globecar\/","https:\/\/www.pinterest.com\/globecar","https:\/\/www.youtube.com\/c\/GlobecarRentals"]}]}},"jetpack_sharing_enabled":true,"jetpack_shortlink":"https:\/\/wp.me\/PaiT2D-Z6","_links":{"self":[{"href":"https:\/\/www.globecar.com\/fr\/wp-json\/wp\/v2\/pages\/3788","targetHints":{"allow":["GET"]}}],"collection":[{"href":"https:\/\/www.globecar.com\/fr\/wp-json\/wp\/v2\/pages"}],"about":[{"href":"https:\/\/www.globecar.com\/fr\/wp-json\/wp\/v2\/types\/page"}],"author":[{"embeddable":true,"href":"https:\/\/www.globecar.com\/fr\/wp-json\/wp\/v2\/users\/1"}],"replies":[{"embeddable":true,"href":"https:\/\/www.globecar.com\/fr\/wp-json\/wp\/v2\/comments?post=3788"}],"version-history":[{"count":0,"href":"https:\/\/www.globecar.com\/fr\/wp-json\/wp\/v2\/pages\/3788\/revisions"}],"up":[{"embeddable":true,"href":"https:\/\/www.globecar.com\/fr\/wp-json\/wp\/v2\/pages\/3864"}],"wp:attachment":[{"href":"https:\/\/www.globecar.com\/fr\/wp-json\/wp\/v2\/media?parent=3788"}],"curies":[{"name":"wp","href":"https:\/\/api.w.org\/{rel}","templated":true}]}}