{"id":3671,"date":"2018-05-14T14:43:42","date_gmt":"2018-05-14T18:43:42","guid":{"rendered":"https:\/\/www.globecar.com\/responsabilite-civile\/"},"modified":"2024-05-08T08:31:12","modified_gmt":"2024-05-08T12:31:12","slug":"responsabilite-civile","status":"publish","type":"page","link":"https:\/\/www.globecar.com\/fr\/couverture\/responsabilite-civile\/","title":{"rendered":"Responsabilit\u00e9 civile"},"content":{"rendered":"<div class=\"wpb-content-wrapper\"><p>[vc_row is_header=\u00a0\u00bbtrue\u00a0\u00bb][vc_column width=\u00a0\u00bb1\/2&Prime;][vc_column_text]<\/p>\n<h1>Globe Location d&rsquo;Auto vous couvre\u00a0 jusqu&rsquo;\u00e0 5 000 000$ en responsabilit\u00e9 civile!<\/h1>\n<p>La responsabilit\u00e9 civile est une question importante, alors nous avons pr\u00e9vu le coup, au cas o\u00f9&#8230;<\/p>\n<p>L&rsquo;assurance responsabilit\u00e9 civile est incluse avec toutes <a href=\"https:\/\/www.globecar.com\/fr\/vehicules\/\">nos locations<\/a>. Il s&rsquo;agit d&rsquo;une protection contre les dommages caus\u00e9s \u00e0 une tierce partie. Cependant, <a href=\"https:\/\/www.globecar.com\/fr\/assurances-pour-vehicules-de-location\/exoneration-pour-dommages-par-collision\/\">l&rsquo;exon\u00e9ration des dommages par collision<\/a> (EDC) n&rsquo;est pas incluse dans les tarifs affich\u00e9s.[\/vc_column_text][\/vc_column][vc_column width=\u00a0\u00bb1\/2&Prime;][vc_single_image image=\u00a0\u00bb2817&Prime; img_size=\u00a0\u00bbfull\u00a0\u00bb][\/vc_column][\/vc_row][vc_row][vc_column][vc_wp_custommenu nav_menu=\u00a0\u00bb2428&Prime;][\/vc_column][\/vc_row][vc_section is_container=\u00a0\u00bbtrue\u00a0\u00bb][vc_row][vc_column][vc_column_text]<\/p>\n<table>\n<tbody>\n<tr>\n<td style=\"vertical-align: top;\">\n<h3>Assurance responsabilit\u00e9 civile<br \/>\nD\u00e9tails<\/h3>\n<\/td>\n<td style=\"background-color: #f8f9f7; text-align: center; vertical-align: top;\"><img decoding=\"async\" class=\"alignnone wp-image-1562 size-full\" src=\"https:\/\/www.globecar.com\/wp-content\/uploads\/2017\/10\/globe-car-rental-inc.png\" alt=\"Logo Globe Location Voitures et Camions\" width=\"171\" height=\"56\" srcset=\"https:\/\/www.globecar.com\/wp-content\/uploads\/2017\/10\/globe-car-rental-inc.png 171w, https:\/\/www.globecar.com\/wp-content\/uploads\/2017\/10\/globe-car-rental-inc-150x49.png 150w, https:\/\/www.globecar.com\/wp-content\/uploads\/2017\/10\/globe-car-rental-inc-68x22.png 68w, https:\/\/www.globecar.com\/wp-content\/uploads\/2017\/10\/globe-car-rental-inc-68x22@2x.png 136w\" sizes=\"(max-width: 171px) 100vw, 171px\" \/><\/td>\n<td style=\"text-align: center; vertical-align: top;\">\n<h3>Autres compagnies<br \/>\nde location<\/h3>\n<\/td>\n<\/tr>\n<tr>\n<td>1 million $ <span class=\"tooltip\" data-tooltip-content=\"#tooltip_content4656\"><i class=\"fa fa-info-circle\" aria-hidden=\"true\"><\/i><\/span><div class=\"tooltip_templates\"><div id=\"tooltip_content4656\"><h4>1 million $<\/h4><p><span style=\"font-weight: 400;\">D&rsquo;autres agences de location offrent une assurance responsabilit\u00e9 civile allant jusqu&rsquo;\u00e0 1 million $. Prenez soin de bien lire leurs petits caract\u00e8res. La protection offerte par de plus petites agences de location de voiture pourrait \u00eatre insuffisante.<\/span><span style=\"font-weight: 400;\"><br \/>\n<\/span><\/p>\n<\/div><\/div><\/td>\n<td style=\"background-color: #f8f9f7; text-align: center; vertical-align: middle;\">Nous offrons plus<\/td>\n<td style=\"text-align: center; vertical-align: middle;\"><i class=\"fa fa-check \" ><\/i><\/td>\n<\/tr>\n<tr>\n<td>5 millions $ <span class=\"tooltip\" data-tooltip-content=\"#tooltip_content4655\"><i class=\"fa fa-info-circle\" aria-hidden=\"true\"><\/i><\/span><div class=\"tooltip_templates\"><div id=\"tooltip_content4655\"><h4>5 millions $<\/h4><p><span style=\"font-weight: 400;\">La police d&rsquo;assurance \u00e9mise par Globe Location d&rsquo;Auto et camion offre une assurance responsabilit\u00e9 civile allant jusqu&rsquo;\u00e0 5 millions $. Elle est offerte tout \u00e0 fait gratuitement, sans aucune obligation.<\/span><\/p>\n<\/div><\/div><\/td>\n<td style=\"background-color: #f8f9f7; text-align: center; vertical-align: middle;\"><i class=\"fa fa-check \" ><\/i><\/td>\n<td style=\"text-align: center; vertical-align: middle;\"><\/td>\n<\/tr>\n<tr>\n<td>Blessure \u00e0 une tierce partie <span class=\"tooltip\" data-tooltip-content=\"#tooltip_content4654\"><i class=\"fa fa-info-circle\" aria-hidden=\"true\"><\/i><\/span><div class=\"tooltip_templates\"><div id=\"tooltip_content4654\"><h4>Blessure \u00e0 une tierce partie<\/h4><p><b>Au Qu\u00e9bec,<\/b> les blessures corporelles sont normalement couvertes par la Soci\u00e9t\u00e9 de l&rsquo;Assurance Automobile du Qu\u00e9bec (SAAQ) pour les r\u00e9sidents ainsi que les non-r\u00e9sidents qui voyagent sur les routes du Qu\u00e9bec et qui sont passagers ou conducteurs d&rsquo;un v\u00e9hicule \u00e0 moteur enregistr\u00e9 au Qu\u00e9bec. Les compensations offertes aux non-r\u00e9sidents sont les m\u00eames que celles accord\u00e9es aux r\u00e9sidents du Qu\u00e9bec lors d&rsquo;un accident de la route. Veuillez consulter <a href=\"https:\/\/saaq.gouv.qc.ca\/accident-route\/regime-public-assurance-automobile\/couvert-comment\/\">le site Web de la SAAQ<\/a> pour conna\u00eetre les informations les plus r\u00e9centes. Globe ne prend aucune responsabilit\u00e9 pour la justesse des informations publi\u00e9es sur le site de la SAAQ.<\/p>\n<p><strong>Pour les voyages \u00e0 l&rsquo;ext\u00e9rieur du Qu\u00e9bec<\/strong>, Globe vous offre une protection pouvant atteindre 5 millions $ en cas de r\u00e9clamations pour blessure corporelle et dommages \u00e0 la propri\u00e9t\u00e9 qui pourraient \u00eatre faites contre vous. Il ne s&rsquo;agit pas d&rsquo;une prime pour les blessures ou le d\u00e9c\u00e8s de la personne qui loue le v\u00e9hicule. L&rsquo;assurance responsabilit\u00e9 est fournie \u00e0 la personne qui loue le v\u00e9hicule ainsi qu&rsquo;\u00e0 tous les conducteurs additionnels autoris\u00e9s en vertu des conditions standards qui apparaissent au contrat de location.<\/p>\n<\/div><\/div><\/td>\n<td style=\"background-color: #f8f9f7; text-align: center; vertical-align: middle;\"><i class=\"fa fa-check \" ><\/i><\/td>\n<td style=\"text-align: center; vertical-align: middle;\"><\/td>\n<\/tr>\n<tr>\n<td>Dommages \u00e0 une tierce partie <span class=\"tooltip\" data-tooltip-content=\"#tooltip_content4653\"><i class=\"fa fa-info-circle\" aria-hidden=\"true\"><\/i><\/span><div class=\"tooltip_templates\"><div id=\"tooltip_content4653\"><h4>Dommages \u00e0 une tierce partie<\/h4><p><span style=\"font-weight: 400;\">Globe offre l&rsquo;assurance responsabilit\u00e9 civile \u00e0 tout conducteur autoris\u00e9 dans le cas de dommages \u00e0 un autre v\u00e9hicule et\/ou propri\u00e9t\u00e9 (b\u00e2timents, arbres, etc.) partout au Canada et aux \u00c9tats-Unis.<\/span><\/p>\n<\/div><\/div><\/td>\n<td style=\"background-color: #f8f9f7; text-align: center; vertical-align: middle;\"><i class=\"fa fa-check \" ><\/i><\/td>\n<td style=\"text-align: center; vertical-align: middle;\"><\/td>\n<\/tr>\n<tr>\n<td>Protection partout au Canada <span class=\"tooltip\" data-tooltip-content=\"#tooltip_content4652\"><i class=\"fa fa-info-circle\" aria-hidden=\"true\"><\/i><\/span><div class=\"tooltip_templates\"><div id=\"tooltip_content4652\"><h4>Protection partout au Canada<\/h4><p><span style=\"font-weight: 400;\">Notre assurance responsabilit\u00e9 civile est valide partout au Canada.<\/span><\/p>\n<\/div><\/div><\/td>\n<td style=\"background-color: #f8f9f7; text-align: center; vertical-align: middle;\"><i class=\"fa fa-check \" ><\/i><\/td>\n<td style=\"text-align: center; vertical-align: middle;\"><\/td>\n<\/tr>\n<tr>\n<td>Protection partout aux \u00c9tats-Unis <span class=\"tooltip\" data-tooltip-content=\"#tooltip_content4651\"><i class=\"fa fa-info-circle\" aria-hidden=\"true\"><\/i><\/span><div class=\"tooltip_templates\"><div id=\"tooltip_content4651\"><h4>Protection partout aux \u00c9tats-Unis<\/h4><p><span style=\"font-weight: 400;\">Notre assurance responsabilit\u00e9 civile est valide partout aux \u00c9tats-Unis.<\/span><\/p>\n<\/div><\/div><\/td>\n<td style=\"background-color: #f8f9f7; text-align: center; vertical-align: middle;\"><i class=\"fa fa-check \" ><\/i><\/td>\n<td style=\"text-align: center; vertical-align: middle;\"><\/td>\n<\/tr>\n<tr>\n<td>Protection pour <a href=\"https:\/\/www.globecar.com\/fr\/services-additionnels\/conducteurs-additionnels\/\">conducteurs additionnels<\/a> <span class=\"tooltip\" data-tooltip-content=\"#tooltip_content4650\"><i class=\"fa fa-info-circle\" aria-hidden=\"true\"><\/i><\/span><div class=\"tooltip_templates\"><div id=\"tooltip_content4650\"><h4>Protection pour conducteurs additionnels<\/h4><p><span style=\"font-weight: 400;\">Tous les conducteurs dont le nom appara\u00eet sur le contrat de location b\u00e9n\u00e9ficient de la m\u00eame protection que le conducteur principal. Et tout \u00e7a, sans frais suppl\u00e9mentaires.<\/span><\/p>\n<\/div><\/div><\/td>\n<td style=\"background-color: #f8f9f7; text-align: center; vertical-align: middle;\"><i class=\"fa fa-check \" ><\/i><\/td>\n<td style=\"text-align: center; vertical-align: middle;\"><\/td>\n<\/tr>\n<tr>\n<td>S&rsquo;applique automatiquement <span class=\"tooltip\" data-tooltip-content=\"#tooltip_content4649\"><i class=\"fa fa-info-circle\" aria-hidden=\"true\"><\/i><\/span><div class=\"tooltip_templates\"><div id=\"tooltip_content4649\"><h4>S&rsquo;applique automatiquement<\/h4><p><span style=\"font-weight: 400;\">Notre assurance responsabilit\u00e9 civile est valide \u00e0 partir du moment o\u00f9 vous prenez la route avec votre v\u00e9hicule de location.<\/span><\/p>\n<\/div><\/div><\/td>\n<td style=\"background-color: #f8f9f7; text-align: center; vertical-align: middle;\"><i class=\"fa fa-check \" ><\/i><\/td>\n<td style=\"text-align: center; vertical-align: middle;\"><\/td>\n<\/tr>\n<\/tbody>\n<\/table>\n<p>[\/vc_column_text][\/vc_column][\/vc_row][\/vc_section][vc_section][vc_row full_width=\u00a0\u00bbstretch_row\u00a0\u00bb][vc_column]\n\t\t<div class=\"simple-banner \">\n\t\t\t<img decoding=\"async\" width=\"1574\" height=\"390\" src=\"https:\/\/www.globecar.com\/wp-content\/uploads\/2017\/08\/ready-to-drive.jpg\" class=\"attachment-full size-full\" alt=\"ready-to-drive\" srcset=\"https:\/\/www.globecar.com\/wp-content\/uploads\/2017\/08\/ready-to-drive.jpg 1574w, https:\/\/www.globecar.com\/wp-content\/uploads\/2017\/08\/ready-to-drive-150x37.jpg 150w, https:\/\/www.globecar.com\/wp-content\/uploads\/2017\/08\/ready-to-drive-300x74.jpg 300w, https:\/\/www.globecar.com\/wp-content\/uploads\/2017\/08\/ready-to-drive-768x190.jpg 768w, https:\/\/www.globecar.com\/wp-content\/uploads\/2017\/08\/ready-to-drive-1024x254.jpg 1024w, https:\/\/www.globecar.com\/wp-content\/uploads\/2017\/08\/ready-to-drive-300x74@2x.jpg 600w, https:\/\/www.globecar.com\/wp-content\/uploads\/2017\/08\/ready-to-drive-768x190@2x.jpg 1536w\" sizes=\"(max-width: 1574px) 100vw, 1574px\" \/>\n\t\t\t<div class=\"wrap\"><div class=\"mini-wrap\"><h3>\u00cates-vous pr\u00eat \u00e0 partir?<\/h3><\/div><a class=\"button onDark full large\" href=\"https:\/\/reserve.globecar.com\/fr\/location-voiture\">Louer un v\u00e9hicule<\/a>\t<\/div><\/div>[\/vc_column][\/vc_row][\/vc_section]<\/p>\n<\/div>","protected":false},"excerpt":{"rendered":"<p>[vc_row is_header=\u00a0\u00bbtrue\u00a0\u00bb][vc_column width=\u00a0\u00bb1\/2&Prime;][vc_column_text] Globe Location d&rsquo;Auto vous couvre\u00a0 jusqu&rsquo;\u00e0 5 000 000$ en responsabilit\u00e9 civile! La responsabilit\u00e9 civile est une question importante, alors nous avons pr\u00e9vu le coup, au cas o\u00f9&#8230; L&rsquo;assurance responsabilit\u00e9 civile est incluse avec toutes nos locations. Il s&rsquo;agit d&rsquo;une protection contre les dommages caus\u00e9s \u00e0 une tierce partie. Cependant, l&rsquo;exon\u00e9ration des [&hellip;]<\/p>\n","protected":false},"author":1,"featured_media":0,"parent":5121,"menu_order":0,"comment_status":"closed","ping_status":"closed","template":"","meta":{"_acf_changed":false,"_genesis_hide_title":false,"_genesis_hide_breadcrumbs":false,"_genesis_hide_singular_image":false,"_genesis_hide_footer_widgets":false,"_genesis_custom_body_class":"","_genesis_custom_post_class":"","_genesis_layout":"","jetpack_post_was_ever_published":false,"footnotes":""},"class_list":{"0":"post-3671","1":"page","2":"type-page","3":"status-publish","5":"entry"},"acf":[],"yoast_head":"<!-- This site is optimized with the Yoast SEO Premium plugin v27.1 (Yoast SEO v27.1.1) - https:\/\/yoast.com\/product\/yoast-seo-premium-wordpress\/ -->\n<title>Assurance Responsabilit\u00e9 Civile | Globe Location de Voitures &amp; Camions \u00e0 Montr\u00e9al<\/title>\n<meta name=\"description\" content=\"L&#039;assurance responsabilit\u00e9 civile est incluse dans votre contrat de location de voitures. Cette assurance vous prot\u00e8ge contre les dommages \u00e0 des tiers.\" \/>\n<meta name=\"robots\" content=\"index, follow, max-snippet:-1, max-image-preview:large, max-video-preview:-1\" \/>\n<link rel=\"canonical\" href=\"https:\/\/www.globecar.com\/fr\/couverture\/responsabilite-civile\/\" \/>\n<meta property=\"og:locale\" content=\"fr_CA\" \/>\n<meta property=\"og:type\" content=\"article\" \/>\n<meta property=\"og:title\" content=\"Responsabilit\u00e9 civile\" \/>\n<meta property=\"og:description\" content=\"Globe Location d&#039;Auto vous couvre\u00a0 jusqu&#039;\u00e0 5 000 000$ en responsabilit\u00e9 civile! La responsabilit\u00e9 civile est une question importante, alors nous avons\" \/>\n<meta property=\"og:url\" content=\"https:\/\/www.globecar.com\/fr\/couverture\/responsabilite-civile\/\" \/>\n<meta property=\"og:site_name\" content=\"Globe Location de Voitures &amp; Camions \u00e0 Montr\u00e9al\" \/>\n<meta property=\"article:publisher\" content=\"https:\/\/www.facebook.com\/GlobeCar\" \/>\n<meta property=\"article:modified_time\" content=\"2024-05-08T12:31:12+00:00\" \/>\n<meta property=\"og:image\" content=\"https:\/\/www.globecar.com\/wp-content\/uploads\/2017\/10\/globe-car-rental-inc.png\" \/>\n\t<meta property=\"og:image:width\" content=\"171\" \/>\n\t<meta property=\"og:image:height\" content=\"56\" \/>\n\t<meta property=\"og:image:type\" content=\"image\/png\" \/>\n<meta name=\"twitter:card\" content=\"summary_large_image\" \/>\n<meta name=\"twitter:site\" content=\"@GlobeCar\" \/>\n<meta name=\"twitter:label1\" content=\"Estimation du temps de lecture\" \/>\n\t<meta name=\"twitter:data1\" content=\"2 minutes\" \/>\n<script type=\"application\/ld+json\" class=\"yoast-schema-graph\">{\"@context\":\"https:\/\/schema.org\",\"@graph\":[{\"@type\":\"WebPage\",\"@id\":\"https:\/\/www.globecar.com\/fr\/couverture\/responsabilite-civile\/\",\"url\":\"https:\/\/www.globecar.com\/fr\/couverture\/responsabilite-civile\/\",\"name\":\"Assurance Responsabilit\u00e9 Civile | Globe Location de Voitures &amp; Camions \u00e0 Montr\u00e9al\",\"isPartOf\":{\"@id\":\"https:\/\/www.globecar.com\/fr\/#website\"},\"primaryImageOfPage\":{\"@id\":\"https:\/\/www.globecar.com\/fr\/couverture\/responsabilite-civile\/#primaryimage\"},\"image\":{\"@id\":\"https:\/\/www.globecar.com\/fr\/couverture\/responsabilite-civile\/#primaryimage\"},\"thumbnailUrl\":\"https:\/\/www.globecar.com\/wp-content\/uploads\/2017\/10\/globe-car-rental-inc.png\",\"datePublished\":\"2018-05-14T18:43:42+00:00\",\"dateModified\":\"2024-05-08T12:31:12+00:00\",\"description\":\"L'assurance responsabilit\u00e9 civile est incluse dans votre contrat de location de voitures. Cette assurance vous prot\u00e8ge contre les dommages \u00e0 des tiers.\",\"breadcrumb\":{\"@id\":\"https:\/\/www.globecar.com\/fr\/couverture\/responsabilite-civile\/#breadcrumb\"},\"inLanguage\":\"fr-CA\",\"potentialAction\":[{\"@type\":\"ReadAction\",\"target\":[\"https:\/\/www.globecar.com\/fr\/couverture\/responsabilite-civile\/\"]}]},{\"@type\":\"ImageObject\",\"inLanguage\":\"fr-CA\",\"@id\":\"https:\/\/www.globecar.com\/fr\/couverture\/responsabilite-civile\/#primaryimage\",\"url\":\"https:\/\/www.globecar.com\/wp-content\/uploads\/2017\/10\/globe-car-rental-inc.png\",\"contentUrl\":\"https:\/\/www.globecar.com\/wp-content\/uploads\/2017\/10\/globe-car-rental-inc.png\"},{\"@type\":\"BreadcrumbList\",\"@id\":\"https:\/\/www.globecar.com\/fr\/couverture\/responsabilite-civile\/#breadcrumb\",\"itemListElement\":[{\"@type\":\"ListItem\",\"position\":1,\"name\":\"Accueil\",\"item\":\"https:\/\/www.globecar.com\/fr\/\"},{\"@type\":\"ListItem\",\"position\":2,\"name\":\"Assurances pour v\u00e9hicules de location\",\"item\":\"https:\/\/www.globecar.com\/fr\/couverture\/\"},{\"@type\":\"ListItem\",\"position\":3,\"name\":\"Responsabilit\u00e9 Civile\"}]},{\"@type\":\"WebSite\",\"@id\":\"https:\/\/www.globecar.com\/fr\/#website\",\"url\":\"https:\/\/www.globecar.com\/fr\/\",\"name\":\"Globe Location d'Autos et Camions \u00e0 Montr\u00e9al\",\"description\":\"Drive 4 Less\",\"publisher\":{\"@id\":\"https:\/\/www.globecar.com\/fr\/#organization\"},\"alternateName\":\"GlobeCar\",\"potentialAction\":[{\"@type\":\"SearchAction\",\"target\":{\"@type\":\"EntryPoint\",\"urlTemplate\":\"https:\/\/www.globecar.com\/fr\/?s={search_term_string}\"},\"query-input\":{\"@type\":\"PropertyValueSpecification\",\"valueRequired\":true,\"valueName\":\"search_term_string\"}}],\"inLanguage\":\"fr-CA\"},{\"@type\":\"Organization\",\"@id\":\"https:\/\/www.globecar.com\/fr\/#organization\",\"name\":\"Globe Car & Truck Rental\",\"alternateName\":\"GlobeCar\",\"url\":\"https:\/\/www.globecar.com\/fr\/\",\"logo\":{\"@type\":\"ImageObject\",\"inLanguage\":\"fr-CA\",\"@id\":\"https:\/\/www.globecar.com\/fr\/#\/schema\/logo\/image\/\",\"url\":\"https:\/\/www.globecar.com\/wp-content\/uploads\/2023\/12\/thumbnail_logo_final-1.jpg\",\"contentUrl\":\"https:\/\/www.globecar.com\/wp-content\/uploads\/2023\/12\/thumbnail_logo_final-1.jpg\",\"width\":555,\"height\":555,\"caption\":\"Globe Car & Truck Rental\"},\"image\":{\"@id\":\"https:\/\/www.globecar.com\/fr\/#\/schema\/logo\/image\/\"},\"sameAs\":[\"https:\/\/www.facebook.com\/GlobeCar\",\"https:\/\/x.com\/GlobeCar\",\"https:\/\/mastodon.social\/@globecar\",\"https:\/\/www.instagram.com\/globecar\/\",\"https:\/\/www.linkedin.com\/company\/globecar\/\",\"https:\/\/www.pinterest.com\/globecar\",\"https:\/\/www.youtube.com\/c\/GlobecarRentals\"]}]}<\/script>\n<!-- \/ Yoast SEO Premium plugin. -->","yoast_head_json":{"title":"Assurance Responsabilit\u00e9 Civile | Globe Location de Voitures &amp; Camions \u00e0 Montr\u00e9al","description":"L'assurance responsabilit\u00e9 civile est incluse dans votre contrat de location de voitures. Cette assurance vous prot\u00e8ge contre les dommages \u00e0 des tiers.","robots":{"index":"index","follow":"follow","max-snippet":"max-snippet:-1","max-image-preview":"max-image-preview:large","max-video-preview":"max-video-preview:-1"},"canonical":"https:\/\/www.globecar.com\/fr\/couverture\/responsabilite-civile\/","og_locale":"fr_CA","og_type":"article","og_title":"Responsabilit\u00e9 civile","og_description":"Globe Location d'Auto vous couvre\u00a0 jusqu'\u00e0 5 000 000$ en responsabilit\u00e9 civile! La responsabilit\u00e9 civile est une question importante, alors nous avons","og_url":"https:\/\/www.globecar.com\/fr\/couverture\/responsabilite-civile\/","og_site_name":"Globe Location de Voitures &amp; Camions \u00e0 Montr\u00e9al","article_publisher":"https:\/\/www.facebook.com\/GlobeCar","article_modified_time":"2024-05-08T12:31:12+00:00","og_image":[{"width":171,"height":56,"url":"https:\/\/www.globecar.com\/wp-content\/uploads\/2017\/10\/globe-car-rental-inc.png","type":"image\/png"}],"twitter_card":"summary_large_image","twitter_site":"@GlobeCar","twitter_misc":{"Estimation du temps de lecture":"2 minutes"},"schema":{"@context":"https:\/\/schema.org","@graph":[{"@type":"WebPage","@id":"https:\/\/www.globecar.com\/fr\/couverture\/responsabilite-civile\/","url":"https:\/\/www.globecar.com\/fr\/couverture\/responsabilite-civile\/","name":"Assurance Responsabilit\u00e9 Civile | Globe Location de Voitures &amp; Camions \u00e0 Montr\u00e9al","isPartOf":{"@id":"https:\/\/www.globecar.com\/fr\/#website"},"primaryImageOfPage":{"@id":"https:\/\/www.globecar.com\/fr\/couverture\/responsabilite-civile\/#primaryimage"},"image":{"@id":"https:\/\/www.globecar.com\/fr\/couverture\/responsabilite-civile\/#primaryimage"},"thumbnailUrl":"https:\/\/www.globecar.com\/wp-content\/uploads\/2017\/10\/globe-car-rental-inc.png","datePublished":"2018-05-14T18:43:42+00:00","dateModified":"2024-05-08T12:31:12+00:00","description":"L'assurance responsabilit\u00e9 civile est incluse dans votre contrat de location de voitures. Cette assurance vous prot\u00e8ge contre les dommages \u00e0 des tiers.","breadcrumb":{"@id":"https:\/\/www.globecar.com\/fr\/couverture\/responsabilite-civile\/#breadcrumb"},"inLanguage":"fr-CA","potentialAction":[{"@type":"ReadAction","target":["https:\/\/www.globecar.com\/fr\/couverture\/responsabilite-civile\/"]}]},{"@type":"ImageObject","inLanguage":"fr-CA","@id":"https:\/\/www.globecar.com\/fr\/couverture\/responsabilite-civile\/#primaryimage","url":"https:\/\/www.globecar.com\/wp-content\/uploads\/2017\/10\/globe-car-rental-inc.png","contentUrl":"https:\/\/www.globecar.com\/wp-content\/uploads\/2017\/10\/globe-car-rental-inc.png"},{"@type":"BreadcrumbList","@id":"https:\/\/www.globecar.com\/fr\/couverture\/responsabilite-civile\/#breadcrumb","itemListElement":[{"@type":"ListItem","position":1,"name":"Accueil","item":"https:\/\/www.globecar.com\/fr\/"},{"@type":"ListItem","position":2,"name":"Assurances pour v\u00e9hicules de location","item":"https:\/\/www.globecar.com\/fr\/couverture\/"},{"@type":"ListItem","position":3,"name":"Responsabilit\u00e9 Civile"}]},{"@type":"WebSite","@id":"https:\/\/www.globecar.com\/fr\/#website","url":"https:\/\/www.globecar.com\/fr\/","name":"Globe Location d'Autos et Camions \u00e0 Montr\u00e9al","description":"Drive 4 Less","publisher":{"@id":"https:\/\/www.globecar.com\/fr\/#organization"},"alternateName":"GlobeCar","potentialAction":[{"@type":"SearchAction","target":{"@type":"EntryPoint","urlTemplate":"https:\/\/www.globecar.com\/fr\/?s={search_term_string}"},"query-input":{"@type":"PropertyValueSpecification","valueRequired":true,"valueName":"search_term_string"}}],"inLanguage":"fr-CA"},{"@type":"Organization","@id":"https:\/\/www.globecar.com\/fr\/#organization","name":"Globe Car & Truck Rental","alternateName":"GlobeCar","url":"https:\/\/www.globecar.com\/fr\/","logo":{"@type":"ImageObject","inLanguage":"fr-CA","@id":"https:\/\/www.globecar.com\/fr\/#\/schema\/logo\/image\/","url":"https:\/\/www.globecar.com\/wp-content\/uploads\/2023\/12\/thumbnail_logo_final-1.jpg","contentUrl":"https:\/\/www.globecar.com\/wp-content\/uploads\/2023\/12\/thumbnail_logo_final-1.jpg","width":555,"height":555,"caption":"Globe Car & Truck Rental"},"image":{"@id":"https:\/\/www.globecar.com\/fr\/#\/schema\/logo\/image\/"},"sameAs":["https:\/\/www.facebook.com\/GlobeCar","https:\/\/x.com\/GlobeCar","https:\/\/mastodon.social\/@globecar","https:\/\/www.instagram.com\/globecar\/","https:\/\/www.linkedin.com\/company\/globecar\/","https:\/\/www.pinterest.com\/globecar","https:\/\/www.youtube.com\/c\/GlobecarRentals"]}]}},"jetpack_sharing_enabled":true,"jetpack_shortlink":"https:\/\/wp.me\/PaiT2D-Xd","_links":{"self":[{"href":"https:\/\/www.globecar.com\/fr\/wp-json\/wp\/v2\/pages\/3671","targetHints":{"allow":["GET"]}}],"collection":[{"href":"https:\/\/www.globecar.com\/fr\/wp-json\/wp\/v2\/pages"}],"about":[{"href":"https:\/\/www.globecar.com\/fr\/wp-json\/wp\/v2\/types\/page"}],"author":[{"embeddable":true,"href":"https:\/\/www.globecar.com\/fr\/wp-json\/wp\/v2\/users\/1"}],"replies":[{"embeddable":true,"href":"https:\/\/www.globecar.com\/fr\/wp-json\/wp\/v2\/comments?post=3671"}],"version-history":[{"count":12,"href":"https:\/\/www.globecar.com\/fr\/wp-json\/wp\/v2\/pages\/3671\/revisions"}],"predecessor-version":[{"id":13217,"href":"https:\/\/www.globecar.com\/fr\/wp-json\/wp\/v2\/pages\/3671\/revisions\/13217"}],"up":[{"embeddable":true,"href":"https:\/\/www.globecar.com\/fr\/wp-json\/wp\/v2\/pages\/5121"}],"wp:attachment":[{"href":"https:\/\/www.globecar.com\/fr\/wp-json\/wp\/v2\/media?parent=3671"}],"curies":[{"name":"wp","href":"https:\/\/api.w.org\/{rel}","templated":true}]}}