{"id":3668,"date":"2018-05-14T14:10:24","date_gmt":"2018-05-14T18:10:24","guid":{"rendered":"https:\/\/www.globecar.com\/protection-assistance-plus\/"},"modified":"2024-05-08T08:31:07","modified_gmt":"2024-05-08T12:31:07","slug":"protection-assistance-plus","status":"publish","type":"page","link":"https:\/\/www.globecar.com\/fr\/couverture\/protection-assistance-plus\/","title":{"rendered":"Protection Assistance Plus"},"content":{"rendered":"<div class=\"wpb-content-wrapper\"><p>[vc_row is_header=\u00a0\u00bbtrue\u00a0\u00bb][vc_column width=\u00a0\u00bb2\/3&Prime; css=\u00a0\u00bb.vc_custom_1507235373954{padding-top: 3em !important;padding-bottom: 3em !important;}\u00a0\u00bb][vc_column_text]<\/p>\n<h1>Aucun Stress: voyagez avec la Protection Compl\u00e8te et l&rsquo;Interruption de Voyage.<\/h1>\n<p>PAP (Protection Assistance Plus) z\u00e9ro $ de franchise si elle est s\u00e9lectionn\u00e9e avec l\u2019EDC (Exon\u00e9ration de Dommages par Collision). C&rsquo;est la meilleure option pour une totale paix d&rsquo;esprit lorsque vous louez une auto. Et pour seulement 9.95$\/jour, ce n&rsquo;est vraiment pas cher pour une protection compl\u00e8te (voir la liste compl\u00e8te ci-dessous). Ne partez pas sans elle.[\/vc_column_text][\/vc_column][vc_column width=\u00a0\u00bb1\/3&Prime;][vc_single_image image=\u00a0\u00bb3091&Prime; img_size=\u00a0\u00bbfull\u00a0\u00bb alignment=\u00a0\u00bbcenter\u00a0\u00bb][\/vc_column][\/vc_row][vc_row][vc_column][vc_wp_custommenu nav_menu=\u00a0\u00bb2428&Prime;][\/vc_column][\/vc_row][vc_section is_container=\u00a0\u00bbtrue\u00a0\u00bb][vc_row][vc_column][vc_column_text]<\/p>\n<table>\n<tbody>\n<tr>\n<td style=\"vertical-align: top;\">\n<h3>Forfait Protection Compl\u00e8te<\/h3>\n<\/td>\n<td style=\"background-color: #f8f9f7; text-align: center; vertical-align: top;\"><img decoding=\"async\" class=\"alignnone wp-image-1562 size-full\" src=\"https:\/\/www.globecar.com\/wp-content\/uploads\/2017\/10\/globe-car-rental-inc.png\" alt=\"Logo Globe Location Voitures et Camions\" width=\"171\" height=\"56\" srcset=\"https:\/\/www.globecar.com\/wp-content\/uploads\/2017\/10\/globe-car-rental-inc.png 171w, https:\/\/www.globecar.com\/wp-content\/uploads\/2017\/10\/globe-car-rental-inc-150x49.png 150w, https:\/\/www.globecar.com\/wp-content\/uploads\/2017\/10\/globe-car-rental-inc-68x22.png 68w, https:\/\/www.globecar.com\/wp-content\/uploads\/2017\/10\/globe-car-rental-inc-68x22@2x.png 136w\" sizes=\"(max-width: 171px) 100vw, 171px\" \/><\/td>\n<\/tr>\n<tr>\n<td>R\u00e9duis votre franchise EDC \u00e0 0 $\u00a0 <span class=\"tooltip\" data-tooltip-content=\"#tooltip_content4613\"><i class=\"fa fa-info-circle\" aria-hidden=\"true\"><\/i><\/span><div class=\"tooltip_templates\"><div id=\"tooltip_content4613\"><h4>R\u00e9duis votre franchise EDC \u00e0 0$<\/h4><p>Cela r\u00e9duit votre franchise \u00e0 0$ lorsque s\u00e9lectionn\u00e9 avec l&rsquo;EDC (Exon\u00e9ration de Dommage par Collision)<\/p>\n<\/div><\/div><\/td>\n<td style=\"background-color: #f8f9f7; text-align: center; vertical-align: middle;\"><i class=\"fa fa-check \" ><\/i><\/td>\n<\/tr>\n<tr>\n<td>Protection Pneus <span class=\"tooltip\" data-tooltip-content=\"#tooltip_content4612\"><i class=\"fa fa-info-circle\" aria-hidden=\"true\"><\/i><\/span><div class=\"tooltip_templates\"><div id=\"tooltip_content4612\"><h4>Protection pneus<\/h4><p>La PAP de Globe remboursera ou paiera pour les dommages caus\u00e9s aux pneus tels que les crevaisons, les perforations, les dommages caus\u00e9s par un contact avec le trottoir et les entailles.<\/p>\n<\/div><\/div><\/td>\n<td style=\"background-color: #f8f9f7; text-align: center; vertical-align: middle;\">\u00a0<i class=\"fa fa-check \" ><\/i><\/td>\n<\/tr>\n<tr>\n<td>Protection Pare-Brise <span class=\"tooltip\" data-tooltip-content=\"#tooltip_content4611\"><i class=\"fa fa-info-circle\" aria-hidden=\"true\"><\/i><\/span><div class=\"tooltip_templates\"><div id=\"tooltip_content4611\"><h4>Protection Pare-Brise<\/h4><p>La PAP de Globe pr\u00e9voit le remplacement ou la r\u00e9paration d&rsquo;un pare-brise fissur\u00e9 ou bris\u00e9 par une pierre. Malheureusement, en raison des durs hivers canadiens, nous devons remplacer les pare-brise endommag\u00e9s \u00e9tant donn\u00e9 qu&rsquo;une simple r\u00e9paration entra\u00eenera \u00e0 long terme, la formation d&rsquo;une fissure.<\/p>\n<\/div><\/div><\/td>\n<td style=\"background-color: #f8f9f7; text-align: center; vertical-align: middle;\">\u00a0<i class=\"fa fa-check \" ><\/i><\/td>\n<\/tr>\n<tr>\n<td>Assistance Routi\u00e8re d\u2019Urgence <span class=\"tooltip\" data-tooltip-content=\"#tooltip_content4610\"><i class=\"fa fa-info-circle\" aria-hidden=\"true\"><\/i><\/span><div class=\"tooltip_templates\"><div id=\"tooltip_content4610\"><h4>Assistance Routi\u00e8re d&rsquo;Urgence<\/h4><ul>\n<li>Remorquage hors d&rsquo;un foss\u00e9 &#8211; Faites-vous remorquer hors de la neige ou de la boue.<\/li>\n<li>Service de d\u00e9verrouillage &#8211; Permet d&rsquo;acc\u00e9der au v\u00e9hicule lorsque les cl\u00e9s sont rest\u00e9es \u00e0 l&rsquo;int\u00e9rieur et que les portes sont verrouill\u00e9es.<\/li>\n<li>Survoltage &#8211; Nous effectuerons le survoltage de votre v\u00e9hicule si la batterie est \u00e0 plat.<\/li>\n<li>Assistance en cas de crevaison &#8211; Nous remplacerons un pneu crev\u00e9 ou endommag\u00e9 avec le pneu de rechange ou nous ferons remorquer votre voiture au point de service le plus proche.<\/li>\n<li>Livraison d&rsquo;essence &#8211; Nous pouvons vous livrer 5 \u00e0 10 litres d&rsquo;essence en cas de panne s\u00e8che. Vous n&rsquo;avez qu&rsquo;\u00e0 appeler au num\u00e9ro qui appara\u00eet \u00e0 l&rsquo;arri\u00e8re du porte-cl\u00e9 de votre voiture de location.<\/li>\n<\/ul>\n<\/div><\/div><\/td>\n<td style=\"background-color: #f8f9f7; text-align: center; vertical-align: middle;\">\u00a0<i class=\"fa fa-check \" ><\/i><\/td>\n<\/tr>\n<tr>\n<td>Remorquage en cas d\u2019Accident <span class=\"tooltip\" data-tooltip-content=\"#tooltip_content4609\"><i class=\"fa fa-info-circle\" aria-hidden=\"true\"><\/i><\/span><div class=\"tooltip_templates\"><div id=\"tooltip_content4609\"><h4>Remorquage en cas d&rsquo;accident<\/h4><p>La PAP de Globe comprend le remorquage du v\u00e9hicule si vous \u00eates impliqu\u00e9 dans un accident ou si le v\u00e9hicule lou\u00e9 n&rsquo;est plus en \u00e9tat de marche. Nous paierons les frais de remorquage pour vous.<\/p>\n<\/div><\/div><\/td>\n<td style=\"background-color: #f8f9f7; text-align: center; vertical-align: middle;\">\u00a0<i class=\"fa fa-check \" ><\/i><\/td>\n<\/tr>\n<tr>\n<td>Transport d&rsquo;Urgence (Taxi, etc.) <span class=\"tooltip\" data-tooltip-content=\"#tooltip_content4608\"><i class=\"fa fa-info-circle\" aria-hidden=\"true\"><\/i><\/span><div class=\"tooltip_templates\"><div id=\"tooltip_content4608\"><h4>Transport d&rsquo;Urgence<\/h4><p>La PAP de Globe comprend l&rsquo;interruption de voyage pouvant survenir en cas d&rsquo;accident ou de probl\u00e8me m\u00e9canique. Globe remboursera les frais de transport d&rsquo;urgence par taxi jusqu&rsquo;\u00e0 concurrence de 125$ (incluant les frais et les taxes).<\/p>\n<\/div><\/div><\/td>\n<td style=\"background-color: #f8f9f7; text-align: center; vertical-align: middle;\">\u00a0<i class=\"fa fa-check \" ><\/i><\/td>\n<\/tr>\n<tr>\n<td>H\u00e9bergement en h\u00f4tel <span class=\"tooltip\" data-tooltip-content=\"#tooltip_content4607\"><i class=\"fa fa-info-circle\" aria-hidden=\"true\"><\/i><\/span><div class=\"tooltip_templates\"><div id=\"tooltip_content4607\"><h4>H\u00e9bergement en h\u00f4tel<\/h4><p>La PAP de Globe remboursera les frais d&rsquo;h\u00e9bergement en h\u00f4tel dans le cas ou vous seriez impliqu\u00e9 dans un accident de la route ou si votre v\u00e9hicule \u00e9prouve des probl\u00e8mes m\u00e9caniques qui ne peuvent pas \u00eatre r\u00e9gl\u00e9s le jour m\u00eame. Globe remboursera les frais d&rsquo;h\u00e9bergement en h\u00f4tel jusqu&rsquo;\u00e0 concurrence de 125$ (incluant les frais et les taxes).<\/p>\n<\/div><\/div><\/td>\n<td style=\"background-color: #f8f9f7; text-align: center; vertical-align: middle;\">\u00a0<i class=\"fa fa-check \" ><\/i><\/td>\n<\/tr>\n<tr>\n<td>Frais d\u2019Immobilisation <span class=\"tooltip\" data-tooltip-content=\"#tooltip_content4606\"><i class=\"fa fa-info-circle\" aria-hidden=\"true\"><\/i><\/span><div class=\"tooltip_templates\"><div id=\"tooltip_content4606\"><h4>Frais d&rsquo;Immobilisation<\/h4><p>La PAP de Globe exempte la personne qui loue un v\u00e9hicule ou tout autre conducteur additionnel pour toute perte de revenu de location r\u00e9sultant d&rsquo;un accident lorsque le v\u00e9hicule est dans un atelier de r\u00e9parations.<\/p>\n<\/div><\/div><\/td>\n<td style=\"background-color: #f8f9f7; text-align: center; vertical-align: middle;\">\u00a0<i class=\"fa fa-check \" ><\/i><\/td>\n<\/tr>\n<tr>\n<td>Exon\u00e9ration de Franchise pour l&rsquo;Assurance Automobile Personnelle <span class=\"tooltip\" data-tooltip-content=\"#tooltip_content4605\"><i class=\"fa fa-info-circle\" aria-hidden=\"true\"><\/i><\/span><div class=\"tooltip_templates\"><div id=\"tooltip_content4605\"><h4>Exon\u00e9ration de franchise, assurance-auto personnelle<\/h4><p>L&rsquo;exon\u00e9ration de franchise de Globe s&rsquo;applique uniquement aux clients qui choisissent d&rsquo;utiliser leur assurance-auto personnelle pour assurer un v\u00e9hicule lou\u00e9 \u00e0 Montr\u00e9al. L&rsquo;exemption de franchise couvre les frais de franchise (jusqu&rsquo;\u00e0 concurrence de 1000$) de l&rsquo;assurance-auto du client en cas de r\u00e9clamation concernant le v\u00e9hicule de location.<\/p>\n<\/div><\/div><\/td>\n<td style=\"background-color: #f8f9f7; text-align: center; vertical-align: middle;\">\u00a0<i class=\"fa fa-check \" ><\/i><\/td>\n<\/tr>\n<tr>\n<td>Dommage caus\u00e9 \u00e0 l\u2019int\u00e9rieur du v\u00e9hicule lou\u00e9 <span class=\"tooltip\" data-tooltip-content=\"#tooltip_content4604\"><i class=\"fa fa-info-circle\" aria-hidden=\"true\"><\/i><\/span><div class=\"tooltip_templates\"><div id=\"tooltip_content4604\"><h4>Dommage caus\u00e9 \u00e0 l&rsquo;int\u00e9rieur<\/h4><p>La PAP de Globe exempte le client contre les bris ou dommages non intentionnels \u00e0 l&rsquo;int\u00e9rieur du v\u00e9hicule de location comme les t\u00e2ches et les d\u00e9versements de liquide. Cette protection est limit\u00e9e \u00e0 400$ (incluant les taxes) pour chaque contrat de location.<\/p>\n<\/div><\/div><\/td>\n<td style=\"background-color: #f8f9f7; text-align: center; vertical-align: middle;\">\u00a0<i class=\"fa fa-check \" ><\/i><\/td>\n<\/tr>\n<tr>\n<td>Protection d&rsquo;effets personnels <span class=\"tooltip\" data-tooltip-content=\"#tooltip_content4603\"><i class=\"fa fa-info-circle\" aria-hidden=\"true\"><\/i><\/span><div class=\"tooltip_templates\"><div id=\"tooltip_content4603\"><h4>Protection des effets personnels<\/h4><p>La PAP de Globe permet de rembourser le client pour tout dommage ou bris \u00e0 ses effets personnels (incluant GPS et CELLULAIRE) laiss\u00e9s dans le v\u00e9hicule. Cette protection est limit\u00e9e \u00e0 400$ (incluant les frais et les taxes) pour chaque contrat de location.<\/p>\n<\/div><\/div><\/td>\n<td style=\"background-color: #f8f9f7; text-align: center; vertical-align: middle;\">\u00a0<i class=\"fa fa-check \" ><\/i><\/td>\n<\/tr>\n<tr>\n<td>Vol d&rsquo;effets personnels <span class=\"tooltip\" data-tooltip-content=\"#tooltip_content4602\"><i class=\"fa fa-info-circle\" aria-hidden=\"true\"><\/i><\/span><div class=\"tooltip_templates\"><div id=\"tooltip_content4602\"><h4>Vols des effets personnels<\/h4><p>La PAP de Globe permet de rembourser le client pour le vol de ses effets personnels (incluant GPS et CELLULAIRE) laiss\u00e9s dans le v\u00e9hicule. Cette protection est limit\u00e9e \u00e0 400$ (incluant les frais et les taxes) pour chaque contrat de location.<\/p>\n<\/div><\/div><\/td>\n<td style=\"background-color: #f8f9f7; text-align: center; vertical-align: middle;\">\u00a0<i class=\"fa fa-check \" ><\/i><\/td>\n<\/tr>\n<\/tbody>\n<\/table>\n<div class=\"disclaimer\">\n<p>L&rsquo;achat de l&rsquo;EDC et\/ou de la PAP n&rsquo;est pas obligatoire. Par contre, une preuve d&rsquo;assurance auto compl\u00e9mentaire est exig\u00e9e.<\/p>\n<\/div>\n<p>[\/vc_column_text][\/vc_column][\/vc_row][\/vc_section]<\/p>\n<\/div>","protected":false},"excerpt":{"rendered":"<p>[vc_row is_header=\u00a0\u00bbtrue\u00a0\u00bb][vc_column width=\u00a0\u00bb2\/3&Prime; css=\u00a0\u00bb.vc_custom_1507235373954{padding-top: 3em !important;padding-bottom: 3em !important;}\u00a0\u00bb][vc_column_text] Aucun Stress: voyagez avec la Protection Compl\u00e8te et l&rsquo;Interruption de Voyage. PAP (Protection Assistance Plus) z\u00e9ro $ de franchise si elle est s\u00e9lectionn\u00e9e avec l\u2019EDC (Exon\u00e9ration de Dommages par Collision). C&rsquo;est la meilleure option pour une totale paix d&rsquo;esprit lorsque vous louez une auto. Et pour seulement [&hellip;]<\/p>\n","protected":false},"author":1,"featured_media":0,"parent":5121,"menu_order":0,"comment_status":"closed","ping_status":"closed","template":"","meta":{"_acf_changed":false,"_genesis_hide_title":false,"_genesis_hide_breadcrumbs":false,"_genesis_hide_singular_image":false,"_genesis_hide_footer_widgets":false,"_genesis_custom_body_class":"","_genesis_custom_post_class":"","_genesis_layout":"","jetpack_post_was_ever_published":false,"footnotes":""},"class_list":{"0":"post-3668","1":"page","2":"type-page","3":"status-publish","5":"entry","6":"has-post-thumbnail"},"acf":[],"yoast_head":"<!-- This site is optimized with the Yoast SEO Premium plugin v27.1 (Yoast SEO v27.1.1) - https:\/\/yoast.com\/product\/yoast-seo-premium-wordpress\/ -->\n<title>Protection Assistance Plus | Globe Location de Voitures &amp; Camions \u00e0 Montr\u00e9al<\/title>\n<meta name=\"description\" content=\"Protection Assistance Plus r\u00e9duit votre franchise \u00e0 0$ (Z\u00e9ro). Elle vous offre ausi l&#039;inetrruption de voyage et la tranquillit\u00e9 d&#039;esprit pour votre v\u00e9hicule lou\u00e9\" \/>\n<meta name=\"robots\" content=\"index, follow, max-snippet:-1, max-image-preview:large, max-video-preview:-1\" \/>\n<link rel=\"canonical\" href=\"https:\/\/www.globecar.com\/fr\/couverture\/protection-assistance-plus\/\" \/>\n<meta property=\"og:locale\" content=\"fr_CA\" \/>\n<meta property=\"og:type\" content=\"article\" \/>\n<meta property=\"og:title\" content=\"Protection Assistance Plus\" \/>\n<meta property=\"og:description\" content=\"Aucun Stress: voyagez avec la Protection Compl\u00e8te et l&#039;Interruption de Voyage. PAP (Protection Assistance Plus) z\u00e9ro $ de franchise si elle est\" \/>\n<meta property=\"og:url\" content=\"https:\/\/www.globecar.com\/fr\/couverture\/protection-assistance-plus\/\" \/>\n<meta property=\"og:site_name\" content=\"Globe Location de Voitures &amp; Camions \u00e0 Montr\u00e9al\" \/>\n<meta property=\"article:publisher\" content=\"https:\/\/www.facebook.com\/GlobeCar\" \/>\n<meta property=\"article:modified_time\" content=\"2024-05-08T12:31:07+00:00\" \/>\n<meta property=\"og:image\" content=\"https:\/\/www.globecar.com\/wp-content\/uploads\/2017\/10\/globe-car-rental-inc.png\" \/>\n\t<meta property=\"og:image:width\" content=\"171\" \/>\n\t<meta property=\"og:image:height\" content=\"56\" \/>\n\t<meta property=\"og:image:type\" content=\"image\/png\" \/>\n<meta name=\"twitter:card\" content=\"summary_large_image\" \/>\n<meta name=\"twitter:site\" content=\"@GlobeCar\" \/>\n<meta name=\"twitter:label1\" content=\"Estimation du temps de lecture\" \/>\n\t<meta name=\"twitter:data1\" content=\"2 minutes\" \/>\n<script type=\"application\/ld+json\" class=\"yoast-schema-graph\">{\"@context\":\"https:\/\/schema.org\",\"@graph\":[{\"@type\":\"WebPage\",\"@id\":\"https:\/\/www.globecar.com\/fr\/couverture\/protection-assistance-plus\/\",\"url\":\"https:\/\/www.globecar.com\/fr\/couverture\/protection-assistance-plus\/\",\"name\":\"Protection Assistance Plus | Globe Location de Voitures &amp; Camions \u00e0 Montr\u00e9al\",\"isPartOf\":{\"@id\":\"https:\/\/www.globecar.com\/fr\/#website\"},\"primaryImageOfPage\":{\"@id\":\"https:\/\/www.globecar.com\/fr\/couverture\/protection-assistance-plus\/#primaryimage\"},\"image\":{\"@id\":\"https:\/\/www.globecar.com\/fr\/couverture\/protection-assistance-plus\/#primaryimage\"},\"thumbnailUrl\":\"https:\/\/www.globecar.com\/wp-content\/uploads\/2017\/10\/globe-car-rental-inc.png\",\"datePublished\":\"2018-05-14T18:10:24+00:00\",\"dateModified\":\"2024-05-08T12:31:07+00:00\",\"description\":\"Protection Assistance Plus r\u00e9duit votre franchise \u00e0 0$ (Z\u00e9ro). Elle vous offre ausi l'inetrruption de voyage et la tranquillit\u00e9 d'esprit pour votre v\u00e9hicule lou\u00e9\",\"breadcrumb\":{\"@id\":\"https:\/\/www.globecar.com\/fr\/couverture\/protection-assistance-plus\/#breadcrumb\"},\"inLanguage\":\"fr-CA\",\"potentialAction\":[{\"@type\":\"ReadAction\",\"target\":[\"https:\/\/www.globecar.com\/fr\/couverture\/protection-assistance-plus\/\"]}]},{\"@type\":\"ImageObject\",\"inLanguage\":\"fr-CA\",\"@id\":\"https:\/\/www.globecar.com\/fr\/couverture\/protection-assistance-plus\/#primaryimage\",\"url\":\"https:\/\/www.globecar.com\/wp-content\/uploads\/2017\/10\/globe-car-rental-inc.png\",\"contentUrl\":\"https:\/\/www.globecar.com\/wp-content\/uploads\/2017\/10\/globe-car-rental-inc.png\"},{\"@type\":\"BreadcrumbList\",\"@id\":\"https:\/\/www.globecar.com\/fr\/couverture\/protection-assistance-plus\/#breadcrumb\",\"itemListElement\":[{\"@type\":\"ListItem\",\"position\":1,\"name\":\"Accueil\",\"item\":\"https:\/\/www.globecar.com\/fr\/\"},{\"@type\":\"ListItem\",\"position\":2,\"name\":\"Assurances pour v\u00e9hicules de location\",\"item\":\"https:\/\/www.globecar.com\/fr\/couverture\/\"},{\"@type\":\"ListItem\",\"position\":3,\"name\":\"Protection Assistance Plus\"}]},{\"@type\":\"WebSite\",\"@id\":\"https:\/\/www.globecar.com\/fr\/#website\",\"url\":\"https:\/\/www.globecar.com\/fr\/\",\"name\":\"Globe Location d'Autos et Camions \u00e0 Montr\u00e9al\",\"description\":\"Drive 4 Less\",\"publisher\":{\"@id\":\"https:\/\/www.globecar.com\/fr\/#organization\"},\"alternateName\":\"GlobeCar\",\"potentialAction\":[{\"@type\":\"SearchAction\",\"target\":{\"@type\":\"EntryPoint\",\"urlTemplate\":\"https:\/\/www.globecar.com\/fr\/?s={search_term_string}\"},\"query-input\":{\"@type\":\"PropertyValueSpecification\",\"valueRequired\":true,\"valueName\":\"search_term_string\"}}],\"inLanguage\":\"fr-CA\"},{\"@type\":\"Organization\",\"@id\":\"https:\/\/www.globecar.com\/fr\/#organization\",\"name\":\"Globe Car & Truck Rental\",\"alternateName\":\"GlobeCar\",\"url\":\"https:\/\/www.globecar.com\/fr\/\",\"logo\":{\"@type\":\"ImageObject\",\"inLanguage\":\"fr-CA\",\"@id\":\"https:\/\/www.globecar.com\/fr\/#\/schema\/logo\/image\/\",\"url\":\"https:\/\/www.globecar.com\/wp-content\/uploads\/2023\/12\/thumbnail_logo_final-1.jpg\",\"contentUrl\":\"https:\/\/www.globecar.com\/wp-content\/uploads\/2023\/12\/thumbnail_logo_final-1.jpg\",\"width\":555,\"height\":555,\"caption\":\"Globe Car & Truck Rental\"},\"image\":{\"@id\":\"https:\/\/www.globecar.com\/fr\/#\/schema\/logo\/image\/\"},\"sameAs\":[\"https:\/\/www.facebook.com\/GlobeCar\",\"https:\/\/x.com\/GlobeCar\",\"https:\/\/mastodon.social\/@globecar\",\"https:\/\/www.instagram.com\/globecar\/\",\"https:\/\/www.linkedin.com\/company\/globecar\/\",\"https:\/\/www.pinterest.com\/globecar\",\"https:\/\/www.youtube.com\/c\/GlobecarRentals\"]}]}<\/script>\n<!-- \/ Yoast SEO Premium plugin. -->","yoast_head_json":{"title":"Protection Assistance Plus | Globe Location de Voitures &amp; Camions \u00e0 Montr\u00e9al","description":"Protection Assistance Plus r\u00e9duit votre franchise \u00e0 0$ (Z\u00e9ro). Elle vous offre ausi l'inetrruption de voyage et la tranquillit\u00e9 d'esprit pour votre v\u00e9hicule lou\u00e9","robots":{"index":"index","follow":"follow","max-snippet":"max-snippet:-1","max-image-preview":"max-image-preview:large","max-video-preview":"max-video-preview:-1"},"canonical":"https:\/\/www.globecar.com\/fr\/couverture\/protection-assistance-plus\/","og_locale":"fr_CA","og_type":"article","og_title":"Protection Assistance Plus","og_description":"Aucun Stress: voyagez avec la Protection Compl\u00e8te et l'Interruption de Voyage. PAP (Protection Assistance Plus) z\u00e9ro $ de franchise si elle est","og_url":"https:\/\/www.globecar.com\/fr\/couverture\/protection-assistance-plus\/","og_site_name":"Globe Location de Voitures &amp; Camions \u00e0 Montr\u00e9al","article_publisher":"https:\/\/www.facebook.com\/GlobeCar","article_modified_time":"2024-05-08T12:31:07+00:00","og_image":[{"width":171,"height":56,"url":"https:\/\/www.globecar.com\/wp-content\/uploads\/2017\/10\/globe-car-rental-inc.png","type":"image\/png"}],"twitter_card":"summary_large_image","twitter_site":"@GlobeCar","twitter_misc":{"Estimation du temps de lecture":"2 minutes"},"schema":{"@context":"https:\/\/schema.org","@graph":[{"@type":"WebPage","@id":"https:\/\/www.globecar.com\/fr\/couverture\/protection-assistance-plus\/","url":"https:\/\/www.globecar.com\/fr\/couverture\/protection-assistance-plus\/","name":"Protection Assistance Plus | Globe Location de Voitures &amp; Camions \u00e0 Montr\u00e9al","isPartOf":{"@id":"https:\/\/www.globecar.com\/fr\/#website"},"primaryImageOfPage":{"@id":"https:\/\/www.globecar.com\/fr\/couverture\/protection-assistance-plus\/#primaryimage"},"image":{"@id":"https:\/\/www.globecar.com\/fr\/couverture\/protection-assistance-plus\/#primaryimage"},"thumbnailUrl":"https:\/\/www.globecar.com\/wp-content\/uploads\/2017\/10\/globe-car-rental-inc.png","datePublished":"2018-05-14T18:10:24+00:00","dateModified":"2024-05-08T12:31:07+00:00","description":"Protection Assistance Plus r\u00e9duit votre franchise \u00e0 0$ (Z\u00e9ro). Elle vous offre ausi l'inetrruption de voyage et la tranquillit\u00e9 d'esprit pour votre v\u00e9hicule lou\u00e9","breadcrumb":{"@id":"https:\/\/www.globecar.com\/fr\/couverture\/protection-assistance-plus\/#breadcrumb"},"inLanguage":"fr-CA","potentialAction":[{"@type":"ReadAction","target":["https:\/\/www.globecar.com\/fr\/couverture\/protection-assistance-plus\/"]}]},{"@type":"ImageObject","inLanguage":"fr-CA","@id":"https:\/\/www.globecar.com\/fr\/couverture\/protection-assistance-plus\/#primaryimage","url":"https:\/\/www.globecar.com\/wp-content\/uploads\/2017\/10\/globe-car-rental-inc.png","contentUrl":"https:\/\/www.globecar.com\/wp-content\/uploads\/2017\/10\/globe-car-rental-inc.png"},{"@type":"BreadcrumbList","@id":"https:\/\/www.globecar.com\/fr\/couverture\/protection-assistance-plus\/#breadcrumb","itemListElement":[{"@type":"ListItem","position":1,"name":"Accueil","item":"https:\/\/www.globecar.com\/fr\/"},{"@type":"ListItem","position":2,"name":"Assurances pour v\u00e9hicules de location","item":"https:\/\/www.globecar.com\/fr\/couverture\/"},{"@type":"ListItem","position":3,"name":"Protection Assistance Plus"}]},{"@type":"WebSite","@id":"https:\/\/www.globecar.com\/fr\/#website","url":"https:\/\/www.globecar.com\/fr\/","name":"Globe Location d'Autos et Camions \u00e0 Montr\u00e9al","description":"Drive 4 Less","publisher":{"@id":"https:\/\/www.globecar.com\/fr\/#organization"},"alternateName":"GlobeCar","potentialAction":[{"@type":"SearchAction","target":{"@type":"EntryPoint","urlTemplate":"https:\/\/www.globecar.com\/fr\/?s={search_term_string}"},"query-input":{"@type":"PropertyValueSpecification","valueRequired":true,"valueName":"search_term_string"}}],"inLanguage":"fr-CA"},{"@type":"Organization","@id":"https:\/\/www.globecar.com\/fr\/#organization","name":"Globe Car & Truck Rental","alternateName":"GlobeCar","url":"https:\/\/www.globecar.com\/fr\/","logo":{"@type":"ImageObject","inLanguage":"fr-CA","@id":"https:\/\/www.globecar.com\/fr\/#\/schema\/logo\/image\/","url":"https:\/\/www.globecar.com\/wp-content\/uploads\/2023\/12\/thumbnail_logo_final-1.jpg","contentUrl":"https:\/\/www.globecar.com\/wp-content\/uploads\/2023\/12\/thumbnail_logo_final-1.jpg","width":555,"height":555,"caption":"Globe Car & Truck Rental"},"image":{"@id":"https:\/\/www.globecar.com\/fr\/#\/schema\/logo\/image\/"},"sameAs":["https:\/\/www.facebook.com\/GlobeCar","https:\/\/x.com\/GlobeCar","https:\/\/mastodon.social\/@globecar","https:\/\/www.instagram.com\/globecar\/","https:\/\/www.linkedin.com\/company\/globecar\/","https:\/\/www.pinterest.com\/globecar","https:\/\/www.youtube.com\/c\/GlobecarRentals"]}]}},"jetpack_sharing_enabled":true,"jetpack_shortlink":"https:\/\/wp.me\/PaiT2D-Xa","_links":{"self":[{"href":"https:\/\/www.globecar.com\/fr\/wp-json\/wp\/v2\/pages\/3668","targetHints":{"allow":["GET"]}}],"collection":[{"href":"https:\/\/www.globecar.com\/fr\/wp-json\/wp\/v2\/pages"}],"about":[{"href":"https:\/\/www.globecar.com\/fr\/wp-json\/wp\/v2\/types\/page"}],"author":[{"embeddable":true,"href":"https:\/\/www.globecar.com\/fr\/wp-json\/wp\/v2\/users\/1"}],"replies":[{"embeddable":true,"href":"https:\/\/www.globecar.com\/fr\/wp-json\/wp\/v2\/comments?post=3668"}],"version-history":[{"count":0,"href":"https:\/\/www.globecar.com\/fr\/wp-json\/wp\/v2\/pages\/3668\/revisions"}],"up":[{"embeddable":true,"href":"https:\/\/www.globecar.com\/fr\/wp-json\/wp\/v2\/pages\/5121"}],"wp:attachment":[{"href":"https:\/\/www.globecar.com\/fr\/wp-json\/wp\/v2\/media?parent=3668"}],"curies":[{"name":"wp","href":"https:\/\/api.w.org\/{rel}","templated":true}]}}