{"id":3630,"date":"2018-05-14T12:50:19","date_gmt":"2018-05-14T16:50:19","guid":{"rendered":"https:\/\/www.globecar.com\/aide\/assistance-routiere\/"},"modified":"2024-05-08T08:27:07","modified_gmt":"2024-05-08T12:27:07","slug":"assistance-routiere","status":"publish","type":"page","link":"https:\/\/www.globecar.com\/fr\/aide\/assistance-routiere\/","title":{"rendered":"Assistance Routi\u00e8re"},"content":{"rendered":"<div class=\"wpb-content-wrapper\"><p>[vc_row is_header=\u00a0\u00bbtrue\u00a0\u00bb][vc_column][vc_column_text]<\/p>\n<h1>Assistance Routi\u00e8re GRATUITE avec un simple appel!<\/h1>\n<h2>Pour toute urgence impliquant des blessures corporelles, un incendie, le vol du v\u00e9hicule ou tout autre crime, veuillez appeler le 911 pour obtenir de l&rsquo;aide.<\/h2>\n<p>[\/vc_column_text][\/vc_column][\/vc_row][vc_section is_container=\u00a0\u00bbtrue\u00a0\u00bb][vc_row][vc_column][vc_column_text]<span style=\"font-weight: 400;\">Par l&rsquo;interm\u00e9diaire de ses concessionnaires, partenaires et compagnies affili\u00e9es, Globe Location d&rsquo;Auto, compte plus de 25 000 v\u00e9hicules de service routier \u00e0 contrat ind\u00e9pendant \u00e0 travers le Canada et les \u00c9tats-Unis.\u00a0 Nous sommes l\u00e0 pour vous aider rapidement et\u00a0<a href=\"https:\/\/www.globecar.com\/fr\/services-additionnels\/assistance-routiere-gratuite\/\"><strong>GRATUITEMENT<\/strong><\/a>\u00a0quand vous en avez besoin! Qu&rsquo;il s&rsquo;agisse de r\u00e9parer ou remplacer un pneu crev\u00e9, de tomber en panne d&rsquo;essence, d&rsquo;avoir besoin de recharger la batterie ou d&rsquo;\u00eatre enferm\u00e9 \u00e0 l&rsquo;ext\u00e9rieur de votre voiture, nous nous assurons que vous ayez l&rsquo;aide n\u00e9cessaire. Ceci est disponible 24h sur 24 et 365 jours par an dans toute l&rsquo;Am\u00e9rique du Nord pour vous permettre de conduire en toute tranquillit\u00e9.<\/span>[\/vc_column_text][vc_separator][\/vc_column][\/vc_row][vc_row][vc_column width=\u00a0\u00bb1\/2&Prime;][vc_column_text]<\/p>\n<h2>Au Canada:<\/h2>\n<table>\n<tbody>\n<tr>\n<td><strong>Nissan<\/strong><\/td>\n<td><a href=\"tel:18003870122\">1 800 387-0122<\/a><\/td>\n<\/tr>\n<tr>\n<td><strong>Toyota<\/strong><\/td>\n<td><a href=\"tel:18888696828\">1 888 869-6828<\/a><\/td>\n<\/tr>\n<tr>\n<td><strong>Dodge\/Chrysler<\/strong><\/td>\n<td><a href=\"tel:18003634869\">1 800 363-4869<\/a><\/td>\n<\/tr>\n<tr>\n<td><strong>Kia<\/strong><\/td>\n<td><a href=\"tel:18664445421\">1 866 444-5421<\/a><\/td>\n<\/tr>\n<tr>\n<td><strong>Hyundai<\/strong><\/td>\n<td><a href=\"tel:18002689958\">1 800 268-9958<\/a><\/td>\n<\/tr>\n<tr>\n<td><strong>BMW \/ Mini<\/strong><\/td>\n<td><a href=\"tel:18002678269\">1 800 267-8269<\/a><\/td>\n<\/tr>\n<tr>\n<td><strong>Subaru<\/strong><\/td>\n<td><a href=\"tel:18002638802\">1 800 263-8802<\/a><\/td>\n<\/tr>\n<tr>\n<td><strong>Volkswagen<\/strong><\/td>\n<td><a href=\"tel:18004116688\">1 800 411-6688<\/a><\/td>\n<\/tr>\n<tr>\n<td><strong>Volvo<\/strong><\/td>\n<td><a href=\"tel:18002630475\">1 800 263-0475<\/a><\/td>\n<\/tr>\n<tr>\n<td><strong>Infiniti<\/strong><\/td>\n<td><a href=\"tel:18003634520\">1 800 363-4520<\/a><\/td>\n<\/tr>\n<tr>\n<td><strong>Ford<\/strong><\/td>\n<td><a href=\"tel:18006652006\">1 800 665-2006<\/a><\/td>\n<\/tr>\n<tr>\n<td><strong>Honda<\/strong><\/td>\n<td><a href=\"tel:18004657587\">1 800 465-7587<\/a><\/td>\n<\/tr>\n<tr>\n<td><strong>Tesla<\/strong><\/td>\n<td><a href=\"tel:18777983752\">1 877-798-3752<\/a><\/td>\n<\/tr>\n<\/tbody>\n<\/table>\n<p>[\/vc_column_text][\/vc_column][vc_column width=\u00a0\u00bb1\/2&Prime; css=\u00a0\u00bb.vc_custom_1510846741964{margin-left: 2em !important;}\u00a0\u00bb][vc_column_text]<\/p>\n<h2>Aux USA:<\/h2>\n<table>\n<tbody>\n<tr>\n<td><strong>Nissan<\/strong><\/td>\n<td><a href=\"tel:18776476281\">1 877 647-6281<\/a><\/td>\n<\/tr>\n<tr>\n<td><strong>Toyota<\/strong><\/td>\n<td><a href=\"tel:18004444195\">1 800 444-4195<\/a><\/td>\n<\/tr>\n<tr>\n<td><strong>Dodge\/Chrysler<\/strong><\/td>\n<td><a href=\"tel:18005212779\">1 800 521-2779<\/a><\/td>\n<\/tr>\n<tr>\n<td><strong>Kia<\/strong><\/td>\n<td><a href=\"tel:18003334542\">1 800 333-4542<\/a><\/td>\n<\/tr>\n<tr>\n<td><strong>Hyundai<\/strong><\/td>\n<td><a href=\"tel:18002437766\">1 800 243-7766<\/a><\/td>\n<\/tr>\n<tr>\n<td><strong>BMW \/ Mini<\/strong><\/td>\n<td><a href=\"tel:18003324269\">1 800 332-4269<\/a><\/td>\n<\/tr>\n<tr>\n<td><strong>Subaru<\/strong><\/td>\n<td><a href=\"tel:18002612155\">1 800 261-2155<\/a><\/td>\n<\/tr>\n<tr>\n<td><strong>Volkswagen<\/strong><\/td>\n<td><a href=\"tel:18004116688\">1 800 411-6688<\/a><\/td>\n<\/tr>\n<tr>\n<td><strong>Volvo<\/strong><\/td>\n<td><a href=\"tel:18006386586\">1 800 638-6586<\/a><\/td>\n<\/tr>\n<tr>\n<td><strong>Infiniti<\/strong><\/td>\n<td><a href=\"tel:18006626200\">1 800 662-6200<\/a><\/td>\n<\/tr>\n<tr>\n<td><strong>Ford<\/strong><\/td>\n<td><a href=\"tel:18002413673\">1 800 241-3673<\/a><\/td>\n<\/tr>\n<tr>\n<td><strong>Honda<\/strong><\/td>\n<td><a href=\"tel:18668645211\">1 866 864-5211<\/a><\/td>\n<\/tr>\n<tr>\n<td><strong>Tesla<\/strong><\/td>\n<td><a href=\"tel:18777983752\">1 877-798-3752<\/a><\/td>\n<\/tr>\n<\/tbody>\n<\/table>\n<p>[\/vc_column_text][\/vc_column][\/vc_row][\/vc_section]<\/p>\n<\/div>","protected":false},"excerpt":{"rendered":"<p>[vc_row is_header=\u00a0\u00bbtrue\u00a0\u00bb][vc_column][vc_column_text] Assistance Routi\u00e8re GRATUITE avec un simple appel! Pour toute urgence impliquant des blessures corporelles, un incendie, le vol du v\u00e9hicule ou tout autre crime, veuillez appeler le 911 pour obtenir de l&rsquo;aide. [\/vc_column_text][\/vc_column][\/vc_row][vc_section is_container=\u00a0\u00bbtrue\u00a0\u00bb][vc_row][vc_column][vc_column_text]Par l&rsquo;interm\u00e9diaire de ses concessionnaires, partenaires et compagnies affili\u00e9es, Globe Location d&rsquo;Auto, compte plus de 25 000 v\u00e9hicules de service [&hellip;]<\/p>\n","protected":false},"author":1,"featured_media":0,"parent":3609,"menu_order":0,"comment_status":"closed","ping_status":"closed","template":"","meta":{"_acf_changed":false,"_genesis_hide_title":false,"_genesis_hide_breadcrumbs":false,"_genesis_hide_singular_image":false,"_genesis_hide_footer_widgets":false,"_genesis_custom_body_class":"","_genesis_custom_post_class":"","_genesis_layout":"","jetpack_post_was_ever_published":false,"footnotes":""},"class_list":{"0":"post-3630","1":"page","2":"type-page","3":"status-publish","5":"entry"},"acf":[],"yoast_head":"<!-- This site is optimized with the Yoast SEO Premium plugin v27.1 (Yoast SEO v27.1.1) - https:\/\/yoast.com\/product\/yoast-seo-premium-wordpress\/ -->\n<title>Aide - Assistance Routi\u00e8re | Globe Location de Voitures &amp; Camions \u00e0 Montr\u00e9al<\/title>\n<meta name=\"description\" content=\"Toutes nos locations des voitures viennent avec l&#039;Assistance Routi\u00e8re GRATUITE! Pas besoin de s&#039;inqui\u00e9ter quand vous louez une voiture chez Globe.\" \/>\n<meta name=\"robots\" content=\"index, follow, max-snippet:-1, max-image-preview:large, max-video-preview:-1\" \/>\n<link rel=\"canonical\" href=\"https:\/\/www.globecar.com\/fr\/aide\/assistance-routiere\/\" \/>\n<meta property=\"og:locale\" content=\"fr_CA\" \/>\n<meta property=\"og:type\" content=\"article\" \/>\n<meta property=\"og:title\" content=\"Assistance Routi\u00e8re\" \/>\n<meta property=\"og:description\" content=\"Assistance Routi\u00e8re GRATUITE avec un simple appel! Pour toute urgence impliquant des blessures corporelles, un incendie, le vol du v\u00e9hicule ou tout autre\" \/>\n<meta property=\"og:url\" content=\"https:\/\/www.globecar.com\/fr\/aide\/assistance-routiere\/\" \/>\n<meta property=\"og:site_name\" content=\"Globe Location de Voitures &amp; Camions \u00e0 Montr\u00e9al\" \/>\n<meta property=\"article:publisher\" content=\"https:\/\/www.facebook.com\/GlobeCar\" \/>\n<meta property=\"article:modified_time\" content=\"2024-05-08T12:27:07+00:00\" \/>\n<meta property=\"og:image\" content=\"https:\/\/www.globecar.com\/wp-content\/uploads\/2023\/12\/thumbnail_logo_final-1.jpg\" \/>\n\t<meta property=\"og:image:width\" content=\"555\" \/>\n\t<meta property=\"og:image:height\" content=\"555\" \/>\n\t<meta property=\"og:image:type\" content=\"image\/jpeg\" \/>\n<meta name=\"twitter:card\" content=\"summary_large_image\" \/>\n<meta name=\"twitter:site\" content=\"@GlobeCar\" \/>\n<meta name=\"twitter:label1\" content=\"Estimation du temps de lecture\" \/>\n\t<meta name=\"twitter:data1\" content=\"2 minutes\" \/>\n<script type=\"application\/ld+json\" class=\"yoast-schema-graph\">{\"@context\":\"https:\/\/schema.org\",\"@graph\":[{\"@type\":\"WebPage\",\"@id\":\"https:\/\/www.globecar.com\/fr\/aide\/assistance-routiere\/\",\"url\":\"https:\/\/www.globecar.com\/fr\/aide\/assistance-routiere\/\",\"name\":\"Aide - Assistance Routi\u00e8re | Globe Location de Voitures &amp; Camions \u00e0 Montr\u00e9al\",\"isPartOf\":{\"@id\":\"https:\/\/www.globecar.com\/fr\/#website\"},\"datePublished\":\"2018-05-14T16:50:19+00:00\",\"dateModified\":\"2024-05-08T12:27:07+00:00\",\"description\":\"Toutes nos locations des voitures viennent avec l'Assistance Routi\u00e8re GRATUITE! Pas besoin de s'inqui\u00e9ter quand vous louez une voiture chez Globe.\",\"breadcrumb\":{\"@id\":\"https:\/\/www.globecar.com\/fr\/aide\/assistance-routiere\/#breadcrumb\"},\"inLanguage\":\"fr-CA\",\"potentialAction\":[{\"@type\":\"ReadAction\",\"target\":[\"https:\/\/www.globecar.com\/fr\/aide\/assistance-routiere\/\"]}]},{\"@type\":\"BreadcrumbList\",\"@id\":\"https:\/\/www.globecar.com\/fr\/aide\/assistance-routiere\/#breadcrumb\",\"itemListElement\":[{\"@type\":\"ListItem\",\"position\":1,\"name\":\"Accueil\",\"item\":\"https:\/\/www.globecar.com\/fr\/\"},{\"@type\":\"ListItem\",\"position\":2,\"name\":\"Aide\",\"item\":\"https:\/\/www.globecar.com\/fr\/aide\/\"},{\"@type\":\"ListItem\",\"position\":3,\"name\":\"Assistance Routi\u00e8re\"}]},{\"@type\":\"WebSite\",\"@id\":\"https:\/\/www.globecar.com\/fr\/#website\",\"url\":\"https:\/\/www.globecar.com\/fr\/\",\"name\":\"Globe Location d'Autos et Camions \u00e0 Montr\u00e9al\",\"description\":\"Drive 4 Less\",\"publisher\":{\"@id\":\"https:\/\/www.globecar.com\/fr\/#organization\"},\"alternateName\":\"GlobeCar\",\"potentialAction\":[{\"@type\":\"SearchAction\",\"target\":{\"@type\":\"EntryPoint\",\"urlTemplate\":\"https:\/\/www.globecar.com\/fr\/?s={search_term_string}\"},\"query-input\":{\"@type\":\"PropertyValueSpecification\",\"valueRequired\":true,\"valueName\":\"search_term_string\"}}],\"inLanguage\":\"fr-CA\"},{\"@type\":\"Organization\",\"@id\":\"https:\/\/www.globecar.com\/fr\/#organization\",\"name\":\"Globe Car & Truck Rental\",\"alternateName\":\"GlobeCar\",\"url\":\"https:\/\/www.globecar.com\/fr\/\",\"logo\":{\"@type\":\"ImageObject\",\"inLanguage\":\"fr-CA\",\"@id\":\"https:\/\/www.globecar.com\/fr\/#\/schema\/logo\/image\/\",\"url\":\"https:\/\/www.globecar.com\/wp-content\/uploads\/2023\/12\/thumbnail_logo_final-1.jpg\",\"contentUrl\":\"https:\/\/www.globecar.com\/wp-content\/uploads\/2023\/12\/thumbnail_logo_final-1.jpg\",\"width\":555,\"height\":555,\"caption\":\"Globe Car & Truck Rental\"},\"image\":{\"@id\":\"https:\/\/www.globecar.com\/fr\/#\/schema\/logo\/image\/\"},\"sameAs\":[\"https:\/\/www.facebook.com\/GlobeCar\",\"https:\/\/x.com\/GlobeCar\",\"https:\/\/mastodon.social\/@globecar\",\"https:\/\/www.instagram.com\/globecar\/\",\"https:\/\/www.linkedin.com\/company\/globecar\/\",\"https:\/\/www.pinterest.com\/globecar\",\"https:\/\/www.youtube.com\/c\/GlobecarRentals\"]}]}<\/script>\n<!-- \/ Yoast SEO Premium plugin. -->","yoast_head_json":{"title":"Aide - Assistance Routi\u00e8re | Globe Location de Voitures &amp; Camions \u00e0 Montr\u00e9al","description":"Toutes nos locations des voitures viennent avec l'Assistance Routi\u00e8re GRATUITE! Pas besoin de s'inqui\u00e9ter quand vous louez une voiture chez Globe.","robots":{"index":"index","follow":"follow","max-snippet":"max-snippet:-1","max-image-preview":"max-image-preview:large","max-video-preview":"max-video-preview:-1"},"canonical":"https:\/\/www.globecar.com\/fr\/aide\/assistance-routiere\/","og_locale":"fr_CA","og_type":"article","og_title":"Assistance Routi\u00e8re","og_description":"Assistance Routi\u00e8re GRATUITE avec un simple appel! Pour toute urgence impliquant des blessures corporelles, un incendie, le vol du v\u00e9hicule ou tout autre","og_url":"https:\/\/www.globecar.com\/fr\/aide\/assistance-routiere\/","og_site_name":"Globe Location de Voitures &amp; Camions \u00e0 Montr\u00e9al","article_publisher":"https:\/\/www.facebook.com\/GlobeCar","article_modified_time":"2024-05-08T12:27:07+00:00","og_image":[{"width":555,"height":555,"url":"https:\/\/www.globecar.com\/wp-content\/uploads\/2023\/12\/thumbnail_logo_final-1.jpg","type":"image\/jpeg"}],"twitter_card":"summary_large_image","twitter_site":"@GlobeCar","twitter_misc":{"Estimation du temps de lecture":"2 minutes"},"schema":{"@context":"https:\/\/schema.org","@graph":[{"@type":"WebPage","@id":"https:\/\/www.globecar.com\/fr\/aide\/assistance-routiere\/","url":"https:\/\/www.globecar.com\/fr\/aide\/assistance-routiere\/","name":"Aide - Assistance Routi\u00e8re | Globe Location de Voitures &amp; Camions \u00e0 Montr\u00e9al","isPartOf":{"@id":"https:\/\/www.globecar.com\/fr\/#website"},"datePublished":"2018-05-14T16:50:19+00:00","dateModified":"2024-05-08T12:27:07+00:00","description":"Toutes nos locations des voitures viennent avec l'Assistance Routi\u00e8re GRATUITE! Pas besoin de s'inqui\u00e9ter quand vous louez une voiture chez Globe.","breadcrumb":{"@id":"https:\/\/www.globecar.com\/fr\/aide\/assistance-routiere\/#breadcrumb"},"inLanguage":"fr-CA","potentialAction":[{"@type":"ReadAction","target":["https:\/\/www.globecar.com\/fr\/aide\/assistance-routiere\/"]}]},{"@type":"BreadcrumbList","@id":"https:\/\/www.globecar.com\/fr\/aide\/assistance-routiere\/#breadcrumb","itemListElement":[{"@type":"ListItem","position":1,"name":"Accueil","item":"https:\/\/www.globecar.com\/fr\/"},{"@type":"ListItem","position":2,"name":"Aide","item":"https:\/\/www.globecar.com\/fr\/aide\/"},{"@type":"ListItem","position":3,"name":"Assistance Routi\u00e8re"}]},{"@type":"WebSite","@id":"https:\/\/www.globecar.com\/fr\/#website","url":"https:\/\/www.globecar.com\/fr\/","name":"Globe Location d'Autos et Camions \u00e0 Montr\u00e9al","description":"Drive 4 Less","publisher":{"@id":"https:\/\/www.globecar.com\/fr\/#organization"},"alternateName":"GlobeCar","potentialAction":[{"@type":"SearchAction","target":{"@type":"EntryPoint","urlTemplate":"https:\/\/www.globecar.com\/fr\/?s={search_term_string}"},"query-input":{"@type":"PropertyValueSpecification","valueRequired":true,"valueName":"search_term_string"}}],"inLanguage":"fr-CA"},{"@type":"Organization","@id":"https:\/\/www.globecar.com\/fr\/#organization","name":"Globe Car & Truck Rental","alternateName":"GlobeCar","url":"https:\/\/www.globecar.com\/fr\/","logo":{"@type":"ImageObject","inLanguage":"fr-CA","@id":"https:\/\/www.globecar.com\/fr\/#\/schema\/logo\/image\/","url":"https:\/\/www.globecar.com\/wp-content\/uploads\/2023\/12\/thumbnail_logo_final-1.jpg","contentUrl":"https:\/\/www.globecar.com\/wp-content\/uploads\/2023\/12\/thumbnail_logo_final-1.jpg","width":555,"height":555,"caption":"Globe Car & Truck Rental"},"image":{"@id":"https:\/\/www.globecar.com\/fr\/#\/schema\/logo\/image\/"},"sameAs":["https:\/\/www.facebook.com\/GlobeCar","https:\/\/x.com\/GlobeCar","https:\/\/mastodon.social\/@globecar","https:\/\/www.instagram.com\/globecar\/","https:\/\/www.linkedin.com\/company\/globecar\/","https:\/\/www.pinterest.com\/globecar","https:\/\/www.youtube.com\/c\/GlobecarRentals"]}]}},"jetpack_sharing_enabled":true,"jetpack_shortlink":"https:\/\/wp.me\/PaiT2D-Wy","_links":{"self":[{"href":"https:\/\/www.globecar.com\/fr\/wp-json\/wp\/v2\/pages\/3630","targetHints":{"allow":["GET"]}}],"collection":[{"href":"https:\/\/www.globecar.com\/fr\/wp-json\/wp\/v2\/pages"}],"about":[{"href":"https:\/\/www.globecar.com\/fr\/wp-json\/wp\/v2\/types\/page"}],"author":[{"embeddable":true,"href":"https:\/\/www.globecar.com\/fr\/wp-json\/wp\/v2\/users\/1"}],"replies":[{"embeddable":true,"href":"https:\/\/www.globecar.com\/fr\/wp-json\/wp\/v2\/comments?post=3630"}],"version-history":[{"count":8,"href":"https:\/\/www.globecar.com\/fr\/wp-json\/wp\/v2\/pages\/3630\/revisions"}],"predecessor-version":[{"id":8156,"href":"https:\/\/www.globecar.com\/fr\/wp-json\/wp\/v2\/pages\/3630\/revisions\/8156"}],"up":[{"embeddable":true,"href":"https:\/\/www.globecar.com\/fr\/wp-json\/wp\/v2\/pages\/3609"}],"wp:attachment":[{"href":"https:\/\/www.globecar.com\/fr\/wp-json\/wp\/v2\/media?parent=3630"}],"curies":[{"name":"wp","href":"https:\/\/api.w.org\/{rel}","templated":true}]}}