{"id":3626,"date":"2018-05-14T12:27:49","date_gmt":"2018-05-14T16:27:49","guid":{"rendered":"https:\/\/www.globecar.com\/calendrier-des-conges\/"},"modified":"2026-02-02T13:58:13","modified_gmt":"2026-02-02T18:58:13","slug":"calendrier-des-conges","status":"publish","type":"page","link":"https:\/\/www.globecar.com\/fr\/calendrier-des-conges\/","title":{"rendered":"Horaire des jours f\u00e9ri\u00e9s"},"content":{"rendered":"<div class=\"wpb-content-wrapper\"><p>[vc_row is_header=\u00a0\u00bbtrue\u00a0\u00bb css=\u00a0\u00bb.vc_custom_1513186309738{padding-top: 3em !important;padding-bottom: 3em !important;}\u00a0\u00bb][vc_column][vc_column_text]<\/p>\n<h1>Horaire des jours f\u00e9ri\u00e9s<\/h1>\n<p>[\/vc_column_text][\/vc_column][\/vc_row][vc_section is_container=\u00a0\u00bbtrue\u00a0\u00bb][vc_row][vc_column width=\u00a0\u00bb1\/2&Prime;][vc_column_text css=\u00a0\u00bb\u00a0\u00bb]<\/p>\n<table>\n<tbody>\n<tr>\n<td style=\"vertical-align: middle;\" colspan=\"2\">\n<h3>2026<\/h3>\n<\/td>\n<\/tr>\n<tr style=\"height: 24px;\">\n<td style=\"text-align: left; vertical-align: top; width: 51.4337%; height: 24px;\">Jeudi 1er Janvier<\/td>\n<td style=\"text-align: left; vertical-align: top; width: 47.1326%; height: 24px;\"><strong>Jour de l&rsquo;an<\/strong><\/td>\n<\/tr>\n<tr style=\"height: 24px;\">\n<td style=\"text-align: left; vertical-align: top; width: 51.4337%; height: 24px;\">Dimanche, 5 Avril<\/td>\n<td style=\"text-align: left; vertical-align: top; width: 47.1326%; height: 24px;\"><strong>Dimanche de P\u00e2ques<\/strong><\/td>\n<\/tr>\n<tr style=\"height: 24px;\">\n<td style=\"text-align: left; vertical-align: top; width: 51.4337%; height: 24px;\">Lundi, 18 Mai<\/td>\n<td style=\"text-align: left; vertical-align: top; width: 47.1326%; height: 24px;\"><strong>F\u00eate de la Reine<\/strong><\/td>\n<\/tr>\n<tr style=\"height: 24px;\">\n<td style=\"text-align: left; vertical-align: top; width: 51.4337%; height: 24px;\">Mercredi 24 Juin<\/td>\n<td style=\"text-align: left; vertical-align: top; width: 47.1326%; height: 24px;\"><strong>F\u00eate nationale<\/strong><\/td>\n<\/tr>\n<tr style=\"height: 24px;\">\n<td style=\"text-align: left; vertical-align: top; width: 51.4337%; height: 24px;\">Mercredi 1er Juillet<\/td>\n<td style=\"text-align: left; vertical-align: top; width: 47.1326%; height: 24px;\"><strong>F\u00eate du Canada<\/strong><\/td>\n<\/tr>\n<tr style=\"height: 24px;\">\n<td style=\"text-align: left; vertical-align: top; width: 51.4337%; height: 24px;\">Lundi 7 Septembre<\/td>\n<td style=\"text-align: left; vertical-align: top; width: 47.1326%; height: 24px;\"><b>F\u00eate du travail<\/b><\/td>\n<\/tr>\n<tr style=\"height: 24px;\">\n<td style=\"text-align: left; vertical-align: top; width: 51.4337%; height: 24px;\">Lundi, 12 Octobre<\/td>\n<td style=\"text-align: left; vertical-align: top; width: 47.1326%; height: 24px;\"><strong>Action de gr\u00e2ce<\/strong><\/td>\n<\/tr>\n<tr style=\"height: 24px;\">\n<td style=\"text-align: left; vertical-align: top; width: 51.4337%; height: 24px;\">Vendredi, 25 D\u00e9cembre<\/td>\n<td style=\"text-align: left; vertical-align: top; width: 47.1326%; height: 24px;\"><strong>No\u00ebl<\/strong><\/td>\n<\/tr>\n<\/tbody>\n<\/table>\n<p>[\/vc_column_text][\/vc_column][vc_column width=\u00a0\u00bb1\/2&Prime;][vc_column_text css=\u00a0\u00bb\u00a0\u00bb]<\/p>\n<table>\n<tbody>\n<tr>\n<td style=\"vertical-align: middle;\" colspan=\"2\">\n<h3>2027<\/h3>\n<\/td>\n<\/tr>\n<tr style=\"height: 24px;\">\n<td style=\"text-align: left; vertical-align: top; width: 51.4337%; height: 24px;\">Vendredi, 1er Janvier<\/td>\n<td style=\"text-align: left; vertical-align: top; width: 47.1326%; height: 24px;\"><strong>Jour de l&rsquo;an<\/strong><\/td>\n<\/tr>\n<tr style=\"height: 24px;\">\n<td style=\"text-align: left; vertical-align: top; width: 51.4337%; height: 24px;\">Dimanche, 28 Mars<\/td>\n<td style=\"text-align: left; vertical-align: top; width: 47.1326%; height: 24px;\"><strong>Dimanche de P\u00e2ques<\/strong><\/td>\n<\/tr>\n<tr style=\"height: 24px;\">\n<td style=\"text-align: left; vertical-align: top; width: 51.4337%; height: 24px;\">Lundi, 24 Mai<\/td>\n<td style=\"text-align: left; vertical-align: top; width: 47.1326%; height: 24px;\"><strong>F\u00eate de la Reine<\/strong><\/td>\n<\/tr>\n<tr style=\"height: 24px;\">\n<td style=\"text-align: left; vertical-align: top; width: 51.4337%; height: 24px;\">Jeudi, 24 Juin<\/td>\n<td style=\"text-align: left; vertical-align: top; width: 47.1326%; height: 24px;\"><strong>F\u00eate nationale<\/strong><\/td>\n<\/tr>\n<tr style=\"height: 24px;\">\n<td style=\"text-align: left; vertical-align: top; width: 51.4337%; height: 24px;\">Jeudi, 1er Juillet<\/td>\n<td style=\"text-align: left; vertical-align: top; width: 47.1326%; height: 24px;\"><strong>F\u00eate du Canada<\/strong><\/td>\n<\/tr>\n<tr style=\"height: 24px;\">\n<td style=\"text-align: left; vertical-align: top; width: 51.4337%; height: 24px;\">Lundi 6 Septembre<\/td>\n<td style=\"text-align: left; vertical-align: top; width: 47.1326%; height: 24px;\"><b>F\u00eate du travail<\/b><\/td>\n<\/tr>\n<tr style=\"height: 24px;\">\n<td style=\"text-align: left; vertical-align: top; width: 51.4337%; height: 24px;\">Lundi, 11 Octobre<\/td>\n<td style=\"text-align: left; vertical-align: top; width: 47.1326%; height: 24px;\"><strong>Action de gr\u00e2ce<\/strong><\/td>\n<\/tr>\n<tr style=\"height: 24px;\">\n<td style=\"text-align: left; vertical-align: top; width: 51.4337%; height: 24px;\">Samedi, 25 D\u00e9cembre<\/td>\n<td style=\"text-align: left; vertical-align: top; width: 47.1326%; height: 24px;\"><strong>No\u00ebl<\/strong><\/td>\n<\/tr>\n<\/tbody>\n<\/table>\n<p>[\/vc_column_text][\/vc_column][\/vc_row][\/vc_section]<\/p>\n<\/div>","protected":false},"excerpt":{"rendered":"<p>[vc_row is_header=\u00a0\u00bbtrue\u00a0\u00bb css=\u00a0\u00bb.vc_custom_1513186309738{padding-top: 3em !important;padding-bottom: 3em !important;}\u00a0\u00bb][vc_column][vc_column_text] Horaire des jours f\u00e9ri\u00e9s [\/vc_column_text][\/vc_column][\/vc_row][vc_section is_container=\u00a0\u00bbtrue\u00a0\u00bb][vc_row][vc_column width=\u00a0\u00bb1\/2&Prime;][vc_column_text css=\u00a0\u00bb\u00a0\u00bb] 2026 Jeudi 1er Janvier Jour de l&rsquo;an Dimanche, 5 Avril Dimanche de P\u00e2ques Lundi, 18 Mai F\u00eate de la Reine Mercredi 24 Juin F\u00eate nationale Mercredi 1er Juillet F\u00eate du Canada Lundi 7 Septembre F\u00eate du travail Lundi, 12 Octobre [&hellip;]<\/p>\n","protected":false},"author":1,"featured_media":0,"parent":0,"menu_order":0,"comment_status":"closed","ping_status":"closed","template":"","meta":{"_acf_changed":false,"_genesis_hide_title":false,"_genesis_hide_breadcrumbs":false,"_genesis_hide_singular_image":false,"_genesis_hide_footer_widgets":false,"_genesis_custom_body_class":"","_genesis_custom_post_class":"","_genesis_layout":"","jetpack_post_was_ever_published":false,"footnotes":""},"class_list":{"0":"post-3626","1":"page","2":"type-page","3":"status-publish","5":"entry"},"acf":[],"yoast_head":"<!-- This site is optimized with the Yoast SEO Premium plugin v27.1 (Yoast SEO v27.1.1) - https:\/\/yoast.com\/product\/yoast-seo-premium-wordpress\/ -->\n<title>Horaire des Jours F\u00e9ri\u00e9s | Globe Location de Voitures &amp; Camions \u00e0 Montr\u00e9al<\/title>\n<meta name=\"description\" content=\"Nous sommes ouverts \u00e0 toutes l&#039;ann\u00e9e, sauf lors de quelques journ\u00e9es f\u00e9ri\u00e9es afin d&#039;offrir une pause \u00e0 notre personnel d\u00e9vou\u00e9. Voir notre calendrier des jours f\u00e9ri\u00e9s pour vous informer.\" \/>\n<meta name=\"robots\" content=\"index, follow, max-snippet:-1, max-image-preview:large, max-video-preview:-1\" \/>\n<link rel=\"canonical\" href=\"https:\/\/www.globecar.com\/fr\/calendrier-des-conges\/\" \/>\n<meta property=\"og:locale\" content=\"fr_CA\" \/>\n<meta property=\"og:type\" content=\"article\" \/>\n<meta property=\"og:title\" content=\"Horaire des jours f\u00e9ri\u00e9s\" \/>\n<meta property=\"og:description\" content=\"Horaire des jours f\u00e9ri\u00e9s 2026 Jeudi 1er Janvier Jour de l&#039;an Dimanche, 5 Avril Dimanche de P\u00e2ques Lundi, 18 Mai F\u00eate de la Reine Mercredi 24 Juin F\u00eate\" \/>\n<meta property=\"og:url\" content=\"https:\/\/www.globecar.com\/fr\/calendrier-des-conges\/\" \/>\n<meta property=\"og:site_name\" content=\"Globe Location de Voitures &amp; Camions \u00e0 Montr\u00e9al\" \/>\n<meta property=\"article:publisher\" content=\"https:\/\/www.facebook.com\/GlobeCar\" \/>\n<meta property=\"article:modified_time\" content=\"2026-02-02T18:58:13+00:00\" \/>\n<meta property=\"og:image\" content=\"https:\/\/www.globecar.com\/wp-content\/uploads\/2023\/12\/thumbnail_logo_final-1.jpg\" \/>\n\t<meta property=\"og:image:width\" content=\"555\" \/>\n\t<meta property=\"og:image:height\" content=\"555\" \/>\n\t<meta property=\"og:image:type\" content=\"image\/jpeg\" \/>\n<meta name=\"twitter:card\" content=\"summary_large_image\" \/>\n<meta name=\"twitter:site\" content=\"@GlobeCar\" \/>\n<meta name=\"twitter:label1\" content=\"Estimation du temps de lecture\" \/>\n\t<meta name=\"twitter:data1\" content=\"1 minute\" \/>\n<script type=\"application\/ld+json\" class=\"yoast-schema-graph\">{\"@context\":\"https:\/\/schema.org\",\"@graph\":[{\"@type\":\"WebPage\",\"@id\":\"https:\/\/www.globecar.com\/fr\/calendrier-des-conges\/\",\"url\":\"https:\/\/www.globecar.com\/fr\/calendrier-des-conges\/\",\"name\":\"Horaire des Jours F\u00e9ri\u00e9s | Globe Location de Voitures &amp; Camions \u00e0 Montr\u00e9al\",\"isPartOf\":{\"@id\":\"https:\/\/www.globecar.com\/fr\/#website\"},\"datePublished\":\"2018-05-14T16:27:49+00:00\",\"dateModified\":\"2026-02-02T18:58:13+00:00\",\"description\":\"Nous sommes ouverts \u00e0 toutes l'ann\u00e9e, sauf lors de quelques journ\u00e9es f\u00e9ri\u00e9es afin d'offrir une pause \u00e0 notre personnel d\u00e9vou\u00e9. Voir notre calendrier des jours f\u00e9ri\u00e9s pour vous informer.\",\"breadcrumb\":{\"@id\":\"https:\/\/www.globecar.com\/fr\/calendrier-des-conges\/#breadcrumb\"},\"inLanguage\":\"fr-CA\",\"potentialAction\":[{\"@type\":\"ReadAction\",\"target\":[\"https:\/\/www.globecar.com\/fr\/calendrier-des-conges\/\"]}]},{\"@type\":\"BreadcrumbList\",\"@id\":\"https:\/\/www.globecar.com\/fr\/calendrier-des-conges\/#breadcrumb\",\"itemListElement\":[{\"@type\":\"ListItem\",\"position\":1,\"name\":\"Accueil\",\"item\":\"https:\/\/www.globecar.com\/fr\/\"},{\"@type\":\"ListItem\",\"position\":2,\"name\":\"Horaire des jours f\u00e9ri\u00e9s\"}]},{\"@type\":\"WebSite\",\"@id\":\"https:\/\/www.globecar.com\/fr\/#website\",\"url\":\"https:\/\/www.globecar.com\/fr\/\",\"name\":\"Globe Location d'Autos et Camions \u00e0 Montr\u00e9al\",\"description\":\"Drive 4 Less\",\"publisher\":{\"@id\":\"https:\/\/www.globecar.com\/fr\/#organization\"},\"alternateName\":\"GlobeCar\",\"potentialAction\":[{\"@type\":\"SearchAction\",\"target\":{\"@type\":\"EntryPoint\",\"urlTemplate\":\"https:\/\/www.globecar.com\/fr\/?s={search_term_string}\"},\"query-input\":{\"@type\":\"PropertyValueSpecification\",\"valueRequired\":true,\"valueName\":\"search_term_string\"}}],\"inLanguage\":\"fr-CA\"},{\"@type\":\"Organization\",\"@id\":\"https:\/\/www.globecar.com\/fr\/#organization\",\"name\":\"Globe Car & Truck Rental\",\"alternateName\":\"GlobeCar\",\"url\":\"https:\/\/www.globecar.com\/fr\/\",\"logo\":{\"@type\":\"ImageObject\",\"inLanguage\":\"fr-CA\",\"@id\":\"https:\/\/www.globecar.com\/fr\/#\/schema\/logo\/image\/\",\"url\":\"https:\/\/www.globecar.com\/wp-content\/uploads\/2023\/12\/thumbnail_logo_final-1.jpg\",\"contentUrl\":\"https:\/\/www.globecar.com\/wp-content\/uploads\/2023\/12\/thumbnail_logo_final-1.jpg\",\"width\":555,\"height\":555,\"caption\":\"Globe Car & Truck Rental\"},\"image\":{\"@id\":\"https:\/\/www.globecar.com\/fr\/#\/schema\/logo\/image\/\"},\"sameAs\":[\"https:\/\/www.facebook.com\/GlobeCar\",\"https:\/\/x.com\/GlobeCar\",\"https:\/\/mastodon.social\/@globecar\",\"https:\/\/www.instagram.com\/globecar\/\",\"https:\/\/www.linkedin.com\/company\/globecar\/\",\"https:\/\/www.pinterest.com\/globecar\",\"https:\/\/www.youtube.com\/c\/GlobecarRentals\"]}]}<\/script>\n<!-- \/ Yoast SEO Premium plugin. -->","yoast_head_json":{"title":"Horaire des Jours F\u00e9ri\u00e9s | Globe Location de Voitures &amp; Camions \u00e0 Montr\u00e9al","description":"Nous sommes ouverts \u00e0 toutes l'ann\u00e9e, sauf lors de quelques journ\u00e9es f\u00e9ri\u00e9es afin d'offrir une pause \u00e0 notre personnel d\u00e9vou\u00e9. Voir notre calendrier des jours f\u00e9ri\u00e9s pour vous informer.","robots":{"index":"index","follow":"follow","max-snippet":"max-snippet:-1","max-image-preview":"max-image-preview:large","max-video-preview":"max-video-preview:-1"},"canonical":"https:\/\/www.globecar.com\/fr\/calendrier-des-conges\/","og_locale":"fr_CA","og_type":"article","og_title":"Horaire des jours f\u00e9ri\u00e9s","og_description":"Horaire des jours f\u00e9ri\u00e9s 2026 Jeudi 1er Janvier Jour de l'an Dimanche, 5 Avril Dimanche de P\u00e2ques Lundi, 18 Mai F\u00eate de la Reine Mercredi 24 Juin F\u00eate","og_url":"https:\/\/www.globecar.com\/fr\/calendrier-des-conges\/","og_site_name":"Globe Location de Voitures &amp; Camions \u00e0 Montr\u00e9al","article_publisher":"https:\/\/www.facebook.com\/GlobeCar","article_modified_time":"2026-02-02T18:58:13+00:00","og_image":[{"width":555,"height":555,"url":"https:\/\/www.globecar.com\/wp-content\/uploads\/2023\/12\/thumbnail_logo_final-1.jpg","type":"image\/jpeg"}],"twitter_card":"summary_large_image","twitter_site":"@GlobeCar","twitter_misc":{"Estimation du temps de lecture":"1 minute"},"schema":{"@context":"https:\/\/schema.org","@graph":[{"@type":"WebPage","@id":"https:\/\/www.globecar.com\/fr\/calendrier-des-conges\/","url":"https:\/\/www.globecar.com\/fr\/calendrier-des-conges\/","name":"Horaire des Jours F\u00e9ri\u00e9s | Globe Location de Voitures &amp; Camions \u00e0 Montr\u00e9al","isPartOf":{"@id":"https:\/\/www.globecar.com\/fr\/#website"},"datePublished":"2018-05-14T16:27:49+00:00","dateModified":"2026-02-02T18:58:13+00:00","description":"Nous sommes ouverts \u00e0 toutes l'ann\u00e9e, sauf lors de quelques journ\u00e9es f\u00e9ri\u00e9es afin d'offrir une pause \u00e0 notre personnel d\u00e9vou\u00e9. Voir notre calendrier des jours f\u00e9ri\u00e9s pour vous informer.","breadcrumb":{"@id":"https:\/\/www.globecar.com\/fr\/calendrier-des-conges\/#breadcrumb"},"inLanguage":"fr-CA","potentialAction":[{"@type":"ReadAction","target":["https:\/\/www.globecar.com\/fr\/calendrier-des-conges\/"]}]},{"@type":"BreadcrumbList","@id":"https:\/\/www.globecar.com\/fr\/calendrier-des-conges\/#breadcrumb","itemListElement":[{"@type":"ListItem","position":1,"name":"Accueil","item":"https:\/\/www.globecar.com\/fr\/"},{"@type":"ListItem","position":2,"name":"Horaire des jours f\u00e9ri\u00e9s"}]},{"@type":"WebSite","@id":"https:\/\/www.globecar.com\/fr\/#website","url":"https:\/\/www.globecar.com\/fr\/","name":"Globe Location d'Autos et Camions \u00e0 Montr\u00e9al","description":"Drive 4 Less","publisher":{"@id":"https:\/\/www.globecar.com\/fr\/#organization"},"alternateName":"GlobeCar","potentialAction":[{"@type":"SearchAction","target":{"@type":"EntryPoint","urlTemplate":"https:\/\/www.globecar.com\/fr\/?s={search_term_string}"},"query-input":{"@type":"PropertyValueSpecification","valueRequired":true,"valueName":"search_term_string"}}],"inLanguage":"fr-CA"},{"@type":"Organization","@id":"https:\/\/www.globecar.com\/fr\/#organization","name":"Globe Car & Truck Rental","alternateName":"GlobeCar","url":"https:\/\/www.globecar.com\/fr\/","logo":{"@type":"ImageObject","inLanguage":"fr-CA","@id":"https:\/\/www.globecar.com\/fr\/#\/schema\/logo\/image\/","url":"https:\/\/www.globecar.com\/wp-content\/uploads\/2023\/12\/thumbnail_logo_final-1.jpg","contentUrl":"https:\/\/www.globecar.com\/wp-content\/uploads\/2023\/12\/thumbnail_logo_final-1.jpg","width":555,"height":555,"caption":"Globe Car & Truck Rental"},"image":{"@id":"https:\/\/www.globecar.com\/fr\/#\/schema\/logo\/image\/"},"sameAs":["https:\/\/www.facebook.com\/GlobeCar","https:\/\/x.com\/GlobeCar","https:\/\/mastodon.social\/@globecar","https:\/\/www.instagram.com\/globecar\/","https:\/\/www.linkedin.com\/company\/globecar\/","https:\/\/www.pinterest.com\/globecar","https:\/\/www.youtube.com\/c\/GlobecarRentals"]}]}},"jetpack_sharing_enabled":true,"jetpack_shortlink":"https:\/\/wp.me\/PaiT2D-Wu","_links":{"self":[{"href":"https:\/\/www.globecar.com\/fr\/wp-json\/wp\/v2\/pages\/3626","targetHints":{"allow":["GET"]}}],"collection":[{"href":"https:\/\/www.globecar.com\/fr\/wp-json\/wp\/v2\/pages"}],"about":[{"href":"https:\/\/www.globecar.com\/fr\/wp-json\/wp\/v2\/types\/page"}],"author":[{"embeddable":true,"href":"https:\/\/www.globecar.com\/fr\/wp-json\/wp\/v2\/users\/1"}],"replies":[{"embeddable":true,"href":"https:\/\/www.globecar.com\/fr\/wp-json\/wp\/v2\/comments?post=3626"}],"version-history":[{"count":34,"href":"https:\/\/www.globecar.com\/fr\/wp-json\/wp\/v2\/pages\/3626\/revisions"}],"predecessor-version":[{"id":18375,"href":"https:\/\/www.globecar.com\/fr\/wp-json\/wp\/v2\/pages\/3626\/revisions\/18375"}],"wp:attachment":[{"href":"https:\/\/www.globecar.com\/fr\/wp-json\/wp\/v2\/media?parent=3626"}],"curies":[{"name":"wp","href":"https:\/\/api.w.org\/{rel}","templated":true}]}}