{"id":3606,"date":"2018-05-11T15:55:28","date_gmt":"2018-05-11T19:55:28","guid":{"rendered":"https:\/\/www.globecar.com\/gps-gratuit\/"},"modified":"2024-05-08T08:36:31","modified_gmt":"2024-05-08T12:36:31","slug":"gps-gratuit","status":"publish","type":"page","link":"https:\/\/www.globecar.com\/fr\/services-additionnels\/gps-gratuit\/","title":{"rendered":"GPS Gratuit"},"content":{"rendered":"<div class=\"wpb-content-wrapper\"><p>[vc_row content_placement=\u00a0\u00bbmiddle\u00a0\u00bb is_header=\u00a0\u00bbtrue\u00a0\u00bb][vc_column width=\u00a0\u00bb2\/3&Prime; css=\u00a0\u00bb.vc_custom_1507235373954{padding-top: 3em !important;padding-bottom: 3em !important;}\u00a0\u00bb][vc_column_text]<\/p>\n<h1>Vroom, vrooom&#8230;<\/h1>\n<h2>GPS Gratuit avec votre location de voiture!*<\/h2>\n<p>[\/vc_column_text][\/vc_column][vc_column width=\u00a0\u00bb1\/3&Prime;][vc_single_image image=\u00a0\u00bb3087&Prime; img_size=\u00a0\u00bbfull\u00a0\u00bb alignment=\u00a0\u00bbcenter\u00a0\u00bb][\/vc_column][\/vc_row][vc_section is_container=\u00a0\u00bbtrue\u00a0\u00bb][vc_row][vc_column][vc_column_text]L&rsquo;\u00e9poque des cartes qu&rsquo;il faut d\u00e9plier et des informations difficiles \u00e0 d\u00e9chiffrer est r\u00e9volue ! Se rendre du point A au point B devient plus simple et plus rapide en suivant les instructions de navigation gr\u00e2ce \u00e0 une technologie avanc\u00e9e pour vous guider dans la bonne direction. Et pourquoi pas avec <a href=\"https:\/\/www.globecar.com\/fr\/\">Location d\u2019Auto Globe \u00e0 Montr\u00e9al<\/a> qui offre un GPS gratuit? Sans contrainte!\u00a0 Les informations virage apr\u00e8s virage vous permettent de trouver votre chemin dans les villes que vous connaissez moins bien et d&rsquo;appr\u00e9cier un peu plus le paysage.<\/p>\n<h3>Pourquoi avoir un GPS avec votre location:<\/h3>\n<p><strong>C\u2019est Gratuit:<\/strong>\u00a0Qu&rsquo;en dites-vous!! La plupart de nos v\u00e9hicules sont \u00e9quip\u00e9es d&rsquo;un GPS gratuit. Assurez-vous d&rsquo;avoir s\u00e9lectionn\u00e9 GPS gratuit lors de la r\u00e9servation.<\/p>\n<p><strong>\u00c9conomisez vos donn\u00e9es:<\/strong>\u00a0Bien s\u00fbr, vous pouvez utiliser vos donn\u00e9es cellulairesou d&rsquo;autres applications pour des cartes lors de vos voyages, mais vous paierez des frais de d\u00e9passement. Vous devrez aussi payer des frais d&rsquo;itin\u00e9rance quand vous conduisez dans d&rsquo;autres provinces ou traversez la fronti\u00e8re si vous\u00a0<a href=\"https:\/\/www.globecar.com\/fr\/services-additionnels\/aller-aux-usa\/\">allez aux USA<\/a> avec votre voiture de location.<\/p>\n<h3>D&rsquo;autres avantages d&rsquo;utiliser le Syst\u00e8me de Navigation:<\/h3>\n<table>\n<tbody>\n<tr>\n<td>Cartes pr\u00e9charg\u00e9es de l&rsquo;Am\u00e9rique du Nord<\/td>\n<td style=\"background-color: #f8f9f7; text-align: center; vertical-align: middle;\"><i class=\"fa fa-check \" ><\/i><\/td>\n<\/tr>\n<tr>\n<td>Environ 6 millions de points d&rsquo;int\u00e9r\u00eats (POI)<\/td>\n<td style=\"background-color: #f8f9f7; text-align: center; vertical-align: middle;\">\u00a0<i class=\"fa fa-check \" ><\/i><\/td>\n<\/tr>\n<tr>\n<td>Interface multi-langues (Anglais, Fran\u00e7ais, Espagnol, etc.)<\/td>\n<td style=\"background-color: #f8f9f7; text-align: center; vertical-align: middle;\">\u00a0<i class=\"fa fa-check \" ><\/i><\/td>\n<\/tr>\n<tr>\n<td>Station d&rsquo;Essence, Pharmacie, Magasins, Resto, etc\u2026 les Plus proches<\/td>\n<td style=\"background-color: #f8f9f7; text-align: center; vertical-align: middle;\">\u00a0<i class=\"fa fa-check \" ><\/i><\/td>\n<\/tr>\n<tr>\n<td>Instructions virage apr\u00e8s virage<\/td>\n<td style=\"background-color: #f8f9f7; text-align: center; vertical-align: middle;\">\u00a0<i class=\"fa fa-check \" ><\/i><\/td>\n<\/tr>\n<tr>\n<td>Ecran couleur TFT de 4.3&Prime;<\/td>\n<td style=\"background-color: #f8f9f7; text-align: center; vertical-align: middle;\">\u00a0<i class=\"fa fa-check \" ><\/i><\/td>\n<\/tr>\n<tr>\n<td>Voies rapides ou panoramiques<\/td>\n<td style=\"background-color: #f8f9f7; text-align: center; vertical-align: middle;\">\u00a0<i class=\"fa fa-check \" ><\/i><\/td>\n<\/tr>\n<tr>\n<td>Synth\u00e9tiseur de la parole \u00e0 partir du texte<\/td>\n<td style=\"background-color: #f8f9f7; text-align: center; vertical-align: middle;\">\u00a0<i class=\"fa fa-check \" ><\/i><\/td>\n<\/tr>\n<tr>\n<td>Syst\u00e8me de suivi de voie<\/td>\n<td style=\"background-color: #f8f9f7; text-align: center; vertical-align: middle;\">\u00a0<i class=\"fa fa-check \" ><\/i><\/td>\n<\/tr>\n<tr>\n<td>Vue Hybride<\/td>\n<td style=\"background-color: #f8f9f7; text-align: center; vertical-align: middle;\">\u00a0<i class=\"fa fa-check \" ><\/i><\/td>\n<\/tr>\n<tr>\n<td>ecoRoute<\/td>\n<td style=\"background-color: #f8f9f7; text-align: center; vertical-align: middle;\">\u00a0<i class=\"fa fa-check \" ><\/i><\/td>\n<\/tr>\n<tr>\n<td>Carte 3D<\/td>\n<td style=\"background-color: #f8f9f7; text-align: center; vertical-align: middle;\">\u00a0<i class=\"fa fa-check \" ><\/i><\/td>\n<\/tr>\n<\/tbody>\n<\/table>\n<p>*Sous r\u00e9serve de disponibilit\u00e9.[\/vc_column_text][\/vc_column][\/vc_row][\/vc_section]<\/p>\n<\/div>","protected":false},"excerpt":{"rendered":"<p>[vc_row content_placement=\u00a0\u00bbmiddle\u00a0\u00bb is_header=\u00a0\u00bbtrue\u00a0\u00bb][vc_column width=\u00a0\u00bb2\/3&Prime; css=\u00a0\u00bb.vc_custom_1507235373954{padding-top: 3em !important;padding-bottom: 3em !important;}\u00a0\u00bb][vc_column_text] Vroom, vrooom&#8230; GPS Gratuit avec votre location de voiture!* [\/vc_column_text][\/vc_column][vc_column width=\u00a0\u00bb1\/3&Prime;][vc_single_image image=\u00a0\u00bb3087&Prime; img_size=\u00a0\u00bbfull\u00a0\u00bb alignment=\u00a0\u00bbcenter\u00a0\u00bb][\/vc_column][\/vc_row][vc_section is_container=\u00a0\u00bbtrue\u00a0\u00bb][vc_row][vc_column][vc_column_text]L&rsquo;\u00e9poque des cartes qu&rsquo;il faut d\u00e9plier et des informations difficiles \u00e0 d\u00e9chiffrer est r\u00e9volue ! Se rendre du point A au point B devient plus simple et plus rapide en suivant les [&hellip;]<\/p>\n","protected":false},"author":1,"featured_media":0,"parent":3864,"menu_order":0,"comment_status":"closed","ping_status":"closed","template":"","meta":{"_acf_changed":false,"_genesis_hide_title":false,"_genesis_hide_breadcrumbs":false,"_genesis_hide_singular_image":false,"_genesis_hide_footer_widgets":false,"_genesis_custom_body_class":"","_genesis_custom_post_class":"","_genesis_layout":"","jetpack_post_was_ever_published":false,"footnotes":""},"class_list":{"0":"post-3606","1":"page","2":"type-page","3":"status-publish","5":"entry","6":"has-post-thumbnail"},"acf":[],"yoast_head":"<!-- This site is optimized with the Yoast SEO Premium plugin v27.1 (Yoast SEO v27.1.1) - https:\/\/yoast.com\/product\/yoast-seo-premium-wordpress\/ -->\n<title>GPS Toujours Gratuit | Globe Location de Voitures &amp; Camions \u00e0 Montr\u00e9al<\/title>\n<meta name=\"description\" content=\"Louer une voiture avec Globe vient avec un GPS GRATUIT d&#039;une valeur de 12.95$\/jour. Nous facilitons vos d\u00e9placements donc inutile de s&#039;inqui\u00e9ter pour vos donn\u00e9es.\" \/>\n<meta name=\"robots\" content=\"index, follow, max-snippet:-1, max-image-preview:large, max-video-preview:-1\" \/>\n<link rel=\"canonical\" href=\"https:\/\/www.globecar.com\/fr\/services-additionnels\/gps-gratuit\/\" \/>\n<meta property=\"og:locale\" content=\"fr_CA\" \/>\n<meta property=\"og:type\" content=\"article\" \/>\n<meta property=\"og:title\" content=\"GPS Gratuit\" \/>\n<meta property=\"og:description\" content=\"Vroom, vrooom... GPS Gratuit avec votre location de voiture!* L&#039;\u00e9poque des cartes qu&#039;il faut d\u00e9plier et des informations difficiles \u00e0 d\u00e9chiffrer est\" \/>\n<meta property=\"og:url\" content=\"https:\/\/www.globecar.com\/fr\/services-additionnels\/gps-gratuit\/\" \/>\n<meta property=\"og:site_name\" content=\"Globe Location de Voitures &amp; Camions \u00e0 Montr\u00e9al\" \/>\n<meta property=\"article:publisher\" content=\"https:\/\/www.facebook.com\/GlobeCar\" \/>\n<meta property=\"article:modified_time\" content=\"2024-05-08T12:36:31+00:00\" \/>\n<meta property=\"og:image\" content=\"https:\/\/www.globecar.com\/wp-content\/uploads\/2023\/12\/thumbnail_logo_final-1.jpg\" \/>\n\t<meta property=\"og:image:width\" content=\"555\" \/>\n\t<meta property=\"og:image:height\" content=\"555\" \/>\n\t<meta property=\"og:image:type\" content=\"image\/jpeg\" \/>\n<meta name=\"twitter:card\" content=\"summary_large_image\" \/>\n<meta name=\"twitter:site\" content=\"@GlobeCar\" \/>\n<meta name=\"twitter:label1\" content=\"Estimation du temps de lecture\" \/>\n\t<meta name=\"twitter:data1\" content=\"2 minutes\" \/>\n<script type=\"application\/ld+json\" class=\"yoast-schema-graph\">{\"@context\":\"https:\/\/schema.org\",\"@graph\":[{\"@type\":\"WebPage\",\"@id\":\"https:\/\/www.globecar.com\/fr\/services-additionnels\/gps-gratuit\/\",\"url\":\"https:\/\/www.globecar.com\/fr\/services-additionnels\/gps-gratuit\/\",\"name\":\"GPS Toujours Gratuit | Globe Location de Voitures &amp; Camions \u00e0 Montr\u00e9al\",\"isPartOf\":{\"@id\":\"https:\/\/www.globecar.com\/fr\/#website\"},\"datePublished\":\"2018-05-11T19:55:28+00:00\",\"dateModified\":\"2024-05-08T12:36:31+00:00\",\"description\":\"Louer une voiture avec Globe vient avec un GPS GRATUIT d'une valeur de 12.95$\/jour. Nous facilitons vos d\u00e9placements donc inutile de s'inqui\u00e9ter pour vos donn\u00e9es.\",\"breadcrumb\":{\"@id\":\"https:\/\/www.globecar.com\/fr\/services-additionnels\/gps-gratuit\/#breadcrumb\"},\"inLanguage\":\"fr-CA\",\"potentialAction\":[{\"@type\":\"ReadAction\",\"target\":[\"https:\/\/www.globecar.com\/fr\/services-additionnels\/gps-gratuit\/\"]}]},{\"@type\":\"BreadcrumbList\",\"@id\":\"https:\/\/www.globecar.com\/fr\/services-additionnels\/gps-gratuit\/#breadcrumb\",\"itemListElement\":[{\"@type\":\"ListItem\",\"position\":1,\"name\":\"Accueil\",\"item\":\"https:\/\/www.globecar.com\/fr\/\"},{\"@type\":\"ListItem\",\"position\":2,\"name\":\"Services additionnels\",\"item\":\"https:\/\/www.globecar.com\/fr\/services-additionnels\/\"},{\"@type\":\"ListItem\",\"position\":3,\"name\":\"GPS Gratuit\"}]},{\"@type\":\"WebSite\",\"@id\":\"https:\/\/www.globecar.com\/fr\/#website\",\"url\":\"https:\/\/www.globecar.com\/fr\/\",\"name\":\"Globe Location d'Autos et Camions \u00e0 Montr\u00e9al\",\"description\":\"Drive 4 Less\",\"publisher\":{\"@id\":\"https:\/\/www.globecar.com\/fr\/#organization\"},\"alternateName\":\"GlobeCar\",\"potentialAction\":[{\"@type\":\"SearchAction\",\"target\":{\"@type\":\"EntryPoint\",\"urlTemplate\":\"https:\/\/www.globecar.com\/fr\/?s={search_term_string}\"},\"query-input\":{\"@type\":\"PropertyValueSpecification\",\"valueRequired\":true,\"valueName\":\"search_term_string\"}}],\"inLanguage\":\"fr-CA\"},{\"@type\":\"Organization\",\"@id\":\"https:\/\/www.globecar.com\/fr\/#organization\",\"name\":\"Globe Car & Truck Rental\",\"alternateName\":\"GlobeCar\",\"url\":\"https:\/\/www.globecar.com\/fr\/\",\"logo\":{\"@type\":\"ImageObject\",\"inLanguage\":\"fr-CA\",\"@id\":\"https:\/\/www.globecar.com\/fr\/#\/schema\/logo\/image\/\",\"url\":\"https:\/\/www.globecar.com\/wp-content\/uploads\/2023\/12\/thumbnail_logo_final-1.jpg\",\"contentUrl\":\"https:\/\/www.globecar.com\/wp-content\/uploads\/2023\/12\/thumbnail_logo_final-1.jpg\",\"width\":555,\"height\":555,\"caption\":\"Globe Car & Truck Rental\"},\"image\":{\"@id\":\"https:\/\/www.globecar.com\/fr\/#\/schema\/logo\/image\/\"},\"sameAs\":[\"https:\/\/www.facebook.com\/GlobeCar\",\"https:\/\/x.com\/GlobeCar\",\"https:\/\/mastodon.social\/@globecar\",\"https:\/\/www.instagram.com\/globecar\/\",\"https:\/\/www.linkedin.com\/company\/globecar\/\",\"https:\/\/www.pinterest.com\/globecar\",\"https:\/\/www.youtube.com\/c\/GlobecarRentals\"]}]}<\/script>\n<!-- \/ Yoast SEO Premium plugin. -->","yoast_head_json":{"title":"GPS Toujours Gratuit | Globe Location de Voitures &amp; Camions \u00e0 Montr\u00e9al","description":"Louer une voiture avec Globe vient avec un GPS GRATUIT d'une valeur de 12.95$\/jour. Nous facilitons vos d\u00e9placements donc inutile de s'inqui\u00e9ter pour vos donn\u00e9es.","robots":{"index":"index","follow":"follow","max-snippet":"max-snippet:-1","max-image-preview":"max-image-preview:large","max-video-preview":"max-video-preview:-1"},"canonical":"https:\/\/www.globecar.com\/fr\/services-additionnels\/gps-gratuit\/","og_locale":"fr_CA","og_type":"article","og_title":"GPS Gratuit","og_description":"Vroom, vrooom... GPS Gratuit avec votre location de voiture!* L'\u00e9poque des cartes qu'il faut d\u00e9plier et des informations difficiles \u00e0 d\u00e9chiffrer est","og_url":"https:\/\/www.globecar.com\/fr\/services-additionnels\/gps-gratuit\/","og_site_name":"Globe Location de Voitures &amp; Camions \u00e0 Montr\u00e9al","article_publisher":"https:\/\/www.facebook.com\/GlobeCar","article_modified_time":"2024-05-08T12:36:31+00:00","og_image":[{"width":555,"height":555,"url":"https:\/\/www.globecar.com\/wp-content\/uploads\/2023\/12\/thumbnail_logo_final-1.jpg","type":"image\/jpeg"}],"twitter_card":"summary_large_image","twitter_site":"@GlobeCar","twitter_misc":{"Estimation du temps de lecture":"2 minutes"},"schema":{"@context":"https:\/\/schema.org","@graph":[{"@type":"WebPage","@id":"https:\/\/www.globecar.com\/fr\/services-additionnels\/gps-gratuit\/","url":"https:\/\/www.globecar.com\/fr\/services-additionnels\/gps-gratuit\/","name":"GPS Toujours Gratuit | Globe Location de Voitures &amp; Camions \u00e0 Montr\u00e9al","isPartOf":{"@id":"https:\/\/www.globecar.com\/fr\/#website"},"datePublished":"2018-05-11T19:55:28+00:00","dateModified":"2024-05-08T12:36:31+00:00","description":"Louer une voiture avec Globe vient avec un GPS GRATUIT d'une valeur de 12.95$\/jour. Nous facilitons vos d\u00e9placements donc inutile de s'inqui\u00e9ter pour vos donn\u00e9es.","breadcrumb":{"@id":"https:\/\/www.globecar.com\/fr\/services-additionnels\/gps-gratuit\/#breadcrumb"},"inLanguage":"fr-CA","potentialAction":[{"@type":"ReadAction","target":["https:\/\/www.globecar.com\/fr\/services-additionnels\/gps-gratuit\/"]}]},{"@type":"BreadcrumbList","@id":"https:\/\/www.globecar.com\/fr\/services-additionnels\/gps-gratuit\/#breadcrumb","itemListElement":[{"@type":"ListItem","position":1,"name":"Accueil","item":"https:\/\/www.globecar.com\/fr\/"},{"@type":"ListItem","position":2,"name":"Services additionnels","item":"https:\/\/www.globecar.com\/fr\/services-additionnels\/"},{"@type":"ListItem","position":3,"name":"GPS Gratuit"}]},{"@type":"WebSite","@id":"https:\/\/www.globecar.com\/fr\/#website","url":"https:\/\/www.globecar.com\/fr\/","name":"Globe Location d'Autos et Camions \u00e0 Montr\u00e9al","description":"Drive 4 Less","publisher":{"@id":"https:\/\/www.globecar.com\/fr\/#organization"},"alternateName":"GlobeCar","potentialAction":[{"@type":"SearchAction","target":{"@type":"EntryPoint","urlTemplate":"https:\/\/www.globecar.com\/fr\/?s={search_term_string}"},"query-input":{"@type":"PropertyValueSpecification","valueRequired":true,"valueName":"search_term_string"}}],"inLanguage":"fr-CA"},{"@type":"Organization","@id":"https:\/\/www.globecar.com\/fr\/#organization","name":"Globe Car & Truck Rental","alternateName":"GlobeCar","url":"https:\/\/www.globecar.com\/fr\/","logo":{"@type":"ImageObject","inLanguage":"fr-CA","@id":"https:\/\/www.globecar.com\/fr\/#\/schema\/logo\/image\/","url":"https:\/\/www.globecar.com\/wp-content\/uploads\/2023\/12\/thumbnail_logo_final-1.jpg","contentUrl":"https:\/\/www.globecar.com\/wp-content\/uploads\/2023\/12\/thumbnail_logo_final-1.jpg","width":555,"height":555,"caption":"Globe Car & Truck Rental"},"image":{"@id":"https:\/\/www.globecar.com\/fr\/#\/schema\/logo\/image\/"},"sameAs":["https:\/\/www.facebook.com\/GlobeCar","https:\/\/x.com\/GlobeCar","https:\/\/mastodon.social\/@globecar","https:\/\/www.instagram.com\/globecar\/","https:\/\/www.linkedin.com\/company\/globecar\/","https:\/\/www.pinterest.com\/globecar","https:\/\/www.youtube.com\/c\/GlobecarRentals"]}]}},"jetpack_sharing_enabled":true,"jetpack_shortlink":"https:\/\/wp.me\/PaiT2D-Wa","_links":{"self":[{"href":"https:\/\/www.globecar.com\/fr\/wp-json\/wp\/v2\/pages\/3606","targetHints":{"allow":["GET"]}}],"collection":[{"href":"https:\/\/www.globecar.com\/fr\/wp-json\/wp\/v2\/pages"}],"about":[{"href":"https:\/\/www.globecar.com\/fr\/wp-json\/wp\/v2\/types\/page"}],"author":[{"embeddable":true,"href":"https:\/\/www.globecar.com\/fr\/wp-json\/wp\/v2\/users\/1"}],"replies":[{"embeddable":true,"href":"https:\/\/www.globecar.com\/fr\/wp-json\/wp\/v2\/comments?post=3606"}],"version-history":[{"count":7,"href":"https:\/\/www.globecar.com\/fr\/wp-json\/wp\/v2\/pages\/3606\/revisions"}],"predecessor-version":[{"id":13125,"href":"https:\/\/www.globecar.com\/fr\/wp-json\/wp\/v2\/pages\/3606\/revisions\/13125"}],"up":[{"embeddable":true,"href":"https:\/\/www.globecar.com\/fr\/wp-json\/wp\/v2\/pages\/3864"}],"wp:attachment":[{"href":"https:\/\/www.globecar.com\/fr\/wp-json\/wp\/v2\/media?parent=3606"}],"curies":[{"name":"wp","href":"https:\/\/api.w.org\/{rel}","templated":true}]}}