{"id":3550,"date":"2018-05-10T12:59:08","date_gmt":"2018-05-10T16:59:08","guid":{"rendered":"https:\/\/www.globecar.com\/a-la-journee\/"},"modified":"2025-04-21T11:44:49","modified_gmt":"2025-04-21T15:44:49","slug":"a-la-journee","status":"publish","type":"page","link":"https:\/\/www.globecar.com\/fr\/location-de-voiture\/a-la-journee\/","title":{"rendered":"\u00c0 la journ\u00e9e"},"content":{"rendered":"<div class=\"wpb-content-wrapper\"><p>[vc_row is_header=\u00a0\u00bbtrue\u00a0\u00bb][vc_column width=\u00a0\u00bb2\/3&Prime;][vc_column_text]<\/p>\n<h1>Vous avez besoin d&rsquo;une voiture, d&rsquo;une fourgonnette ou d&rsquo;un camion pour une seule journ\u00e9e?<\/h1>\n<h2>Il arrive parfois que vous ayez besoin pr\u00e9cis\u00e9ment d&rsquo;une location pour une journ\u00e9e.<\/h2>\n<p>Concentrez tous vos d\u00e9placements en une seule journ\u00e9e et \u00e9conomisez. L&rsquo;autopartage ne vous permet pas toujours de r\u00e9pondre \u00e0 vos besoins puisque selon la distance \u00e0 parcourir et le temps \u00e9coul\u00e9, il arrive que les frais d&rsquo;utilisation d&rsquo;un service d&rsquo;autopartage soient beaucoup plus \u00e9lev\u00e9s que pour une location de voiture (<a href=\"https:\/\/www.globecar.com\/fr\/a-propos\/location-de-voiture-vs-autopartage\/\">voir un exemple de comparaison d\u00e9taill\u00e9e<\/a>). Selon le plan d&rsquo;autopartage auquel vous adh\u00e9rez, un trajet de 250 km en une journ\u00e9e pourrait vous co\u00fbter beaucoup plus que ne vous le permet votre budget. Lisez toujours les mentions en petits caract\u00e8res et sortez votre calculatrice, vous verrez qu&rsquo;il arrive souvent que la location d&rsquo;une voiture est plus avantageuse.[\/vc_column_text][\/vc_column][vc_column width=\u00a0\u00bb1\/3&Prime;][vc_single_image image=\u00a0\u00bb3124&Prime; img_size=\u00a0\u00bbfull\u00a0\u00bb alignment=\u00a0\u00bbcenter\u00a0\u00bb][\/vc_column][\/vc_row][vc_section is_container=\u00a0\u00bbtrue\u00a0\u00bb][vc_row][vc_column][vc_column_text]Les locations d&rsquo;une journ\u00e9e r\u00e9pondent \u00e0 l&rsquo;offre et \u00e0 la demande, mais nos tarifs de location sont toujours \u00e9conomiques et nous vous <a href=\"https:\/\/www.globecar.com\/fr\/a-propos\/prix-de-location-le-plus-bas-garanti\/\">garantissons<\/a> les meilleurs tarifs de location sur 24h \u00e0 Montr\u00e9al. La flotte enti\u00e8re de Globe est disponible pour des locations d&rsquo;une journ\u00e9e, vous pouvez donc choisir parmi notre <a href=\"https:\/\/www.globecar.com\/fr\/vehicules\/\">grande s\u00e9lection de v\u00e9hicules<\/a> y compris des voitures compactes, des voitures de luxe, des mini-fourgonnettes, <a href=\"https:\/\/www.globecar.com\/fr\/nos-vehicules\/vus\/\">VUS<\/a>, 4 x 4, des <a href=\"https:\/\/www.globecar.com\/fr\/nos-vehicules\/camions\/\">fourgonnettes et camions<\/a>.<\/p>\n<p>Remarque : le fait de r\u00e9cup\u00e9rer un v\u00e9hicule et de le retourner le m\u00eame jour constitue une location d&rsquo;une journ\u00e9e.<\/p>\n<h3>D&rsquo;incroyables locations d&rsquo;une journ\u00e9e chez Globe<\/h3>\n<p>[\/vc_column_text][vc_toggle title=\u00a0\u00bbLocation facile et rapide\u00a0\u00bb css=\u00a0\u00bb\u00a0\u00bb]Id\u00e9al lorsque vous avez devez louer un v\u00e9hicule rapidement, Globe est l\u00e0 quand vous en avez besoin \u2013 plus particuli\u00e8rement dans ses <a href=\"https:\/\/www.globecar.com\/fr\/a-propos\/kiosque\/\">kiosques de locations<\/a> ouverts 7 jours par semaine jusqu&rsquo;\u00e0 21h! R\u00e9servez avec votre t\u00e9l\u00e9phone ou votre tablette en utilisant notre moteur de r\u00e9servation rapide et \u00e9onomisez du temps et <a href=\"\/fr\/a-propos\/economisez-avec-globe\/\">de l&rsquo;argent<\/a>.[\/vc_toggle][vc_toggle title=\u00a0\u00bbLouer avant d&rsquo;acheter\u00a0\u00bb]Vous envisagez l&rsquo;achat d&rsquo;un <a href=\"https:\/\/www.globecar.com\/fr\/acheter-un-vehicule\/\"> v\u00e9hicule neuf ou d&rsquo;occasion<\/a>? Pourquoi ne pas en louer un d&rsquo;abord avant de vous engager dans un contrat d&rsquo;achat ou de location \u00e0 long terme? Faites l&rsquo;essai de votre futur v\u00e9hicule pour une p\u00e9riode d&rsquo;un ou deux jours ou m\u00eame pour une <a href=\"https:\/\/www.globecar.com\/fr\/location-de-voiture\/a-la-semaine\/\">semaine<\/a>. M\u00eame si nous ne pouvons garantir la disponibilit\u00e9 de la couleur ou du mod\u00e8le pr\u00e9cis qui vous int\u00e9resse, notre \u00e9quipe pourra vous aider si vous avez d\u00e9j\u00e0 votre mod\u00e8le en t\u00eate et si vos dates de location sont flexibles.[\/vc_toggle][vc_toggle title=\u00a0\u00bbCourts voyages d&rsquo;affaires\u00a0\u00bb]Plut\u00f4t que de prendre votre voiture, profitez plut\u00f4t de notre service de location de v\u00e9hicules neufs et fiables et louez l&rsquo;un de nos VUS de luxe. Vous allez loin? Choisissez l&rsquo;option <a href=\"https:\/\/www.globecar.com\/fr\/services-additionnels\/kilometrage-illimite\/\">kilom\u00e9trage illimit\u00e9<\/a>, et accumulez les kilom\u00e8tres sur notre v\u00e9hicule, et non sur le v\u00f4tre![\/vc_toggle][vc_toggle title=\u00a0\u00bbLocations de voitures pour mariages\u00a0\u00bb]Globe est reconnue pour aider les gens \u00e0 planifier leurs journ\u00e9es sp\u00e9ciales en r\u00e9servant un v\u00e9hicule blanc ou noir. Plus vous r\u00e9servez votre location de v\u00e9hicule t\u00f4t, pour une occasion sp\u00e9ciale comme un mariage par excemple, plus vous aurez de choix \u2013 si vous voulez un cort\u00e8ge de voitures personnalis\u00e9s par exemple :)[\/vc_toggle][vc_toggle title=\u00a0\u00bbCamions pour d\u00e9m\u00e9nagement\u00a0\u00bb]Globe offre des fourgonnettes et des <a href=\"https:\/\/www.globecar.com\/fr\/location-de-camions\/\">camions de d\u00e9m\u00e9nagement<\/a> de toutes les tailles pour faciliter votre d\u00e9m\u00e9nagement et vous permettre d&rsquo;\u00e9conomiser. Consultez notre <a href=\"https:\/\/www.globecar.com\/fr\/location-de-camions\/comparaison\/\">page comparative des camions de d\u00e9m\u00e9nagement<\/a> pour d\u00e9terminer la taille de camion qui conviendrait le mieux \u00e0 vos besoins.[\/vc_toggle][vc_toggle title=\u00a0\u00bbTrajet aller simple\u00a0\u00bb]Des aubaines de location pour des trajets aller seulement sont offertes sur toute notre flotte de v\u00e9hicules. Que vous deviez vous rendre d&rsquo;une ville \u00e0 l&rsquo;autre ou d&rsquo;une succursale \u00e0 l&rsquo;autre, Globe poss\u00e8de le bon v\u00e9hicule pour vous permettre de vous rendre confortablement \u00e0 destination, \u00e0 une fraction du prix.[\/vc_toggle][vc_column_text css=\u00a0\u00bb.vc_custom_1531838639586{margin-top: 2em !important;}\u00a0\u00bb]<strong>N&rsquo;oubliez pas d&rsquo;ajouter les forfaits offrant le kilom\u00e9trage illimit\u00e9 ou suppl\u00e9mentaire pour vos d\u00e9placements sur de tr\u00e8s grandes distances!<\/strong>[\/vc_column_text][\/vc_column][\/vc_row][\/vc_section]<\/p>\n<\/div>","protected":false},"excerpt":{"rendered":"<p>[vc_row is_header=\u00a0\u00bbtrue\u00a0\u00bb][vc_column width=\u00a0\u00bb2\/3&Prime;][vc_column_text] Vous avez besoin d&rsquo;une voiture, d&rsquo;une fourgonnette ou d&rsquo;un camion pour une seule journ\u00e9e? Il arrive parfois que vous ayez besoin pr\u00e9cis\u00e9ment d&rsquo;une location pour une journ\u00e9e. Concentrez tous vos d\u00e9placements en une seule journ\u00e9e et \u00e9conomisez. L&rsquo;autopartage ne vous permet pas toujours de r\u00e9pondre \u00e0 vos besoins puisque selon la distance [&hellip;]<\/p>\n","protected":false},"author":1,"featured_media":0,"parent":4275,"menu_order":0,"comment_status":"closed","ping_status":"closed","template":"","meta":{"_acf_changed":false,"_genesis_hide_title":false,"_genesis_hide_breadcrumbs":false,"_genesis_hide_singular_image":false,"_genesis_hide_footer_widgets":false,"_genesis_custom_body_class":"","_genesis_custom_post_class":"","_genesis_layout":"","jetpack_post_was_ever_published":false,"footnotes":""},"class_list":{"0":"post-3550","1":"page","2":"type-page","3":"status-publish","5":"entry","6":"has-post-thumbnail"},"acf":[],"yoast_head":"<!-- This site is optimized with the Yoast SEO Premium plugin v27.1 (Yoast SEO v27.1.1) - https:\/\/yoast.com\/product\/yoast-seo-premium-wordpress\/ -->\n<title>Location d&#039;Auto \u00e0 la Journ\u00e9e | Globe Location de Voitures &amp; Camions \u00e0 Montr\u00e9al<\/title>\n<meta name=\"description\" content=\"Tarifs de location \u00e0 la journ\u00e9e d\u00e9butent \u00e0 27,95$\/j pour les autos, 37.95$\/j pour les fourgonnettes. Id\u00e9al pour la location \u00e0 court terme.\" \/>\n<meta name=\"robots\" content=\"index, follow, max-snippet:-1, max-image-preview:large, max-video-preview:-1\" \/>\n<link rel=\"canonical\" href=\"https:\/\/www.globecar.com\/fr\/location-de-voiture\/a-la-journee\/\" \/>\n<meta property=\"og:locale\" content=\"fr_CA\" \/>\n<meta property=\"og:type\" content=\"article\" \/>\n<meta property=\"og:title\" content=\"\u00c0 la journ\u00e9e\" \/>\n<meta property=\"og:description\" content=\"Vous avez besoin d&#039;une voiture, d&#039;une fourgonnette ou d&#039;un camion pour une seule journ\u00e9e? Il arrive parfois que vous ayez besoin pr\u00e9cis\u00e9ment d&#039;une\" \/>\n<meta property=\"og:url\" content=\"https:\/\/www.globecar.com\/fr\/location-de-voiture\/a-la-journee\/\" \/>\n<meta property=\"og:site_name\" content=\"Globe Location de Voitures &amp; Camions \u00e0 Montr\u00e9al\" \/>\n<meta property=\"article:publisher\" content=\"https:\/\/www.facebook.com\/GlobeCar\" \/>\n<meta property=\"article:modified_time\" content=\"2025-04-21T15:44:49+00:00\" \/>\n<meta property=\"og:image\" content=\"https:\/\/www.globecar.com\/wp-content\/uploads\/2023\/12\/thumbnail_logo_final-1.jpg\" \/>\n\t<meta property=\"og:image:width\" content=\"555\" \/>\n\t<meta property=\"og:image:height\" content=\"555\" \/>\n\t<meta property=\"og:image:type\" content=\"image\/jpeg\" \/>\n<meta name=\"twitter:card\" content=\"summary_large_image\" \/>\n<meta name=\"twitter:site\" content=\"@GlobeCar\" \/>\n<meta name=\"twitter:label1\" content=\"Estimation du temps de lecture\" \/>\n\t<meta name=\"twitter:data1\" content=\"4 minutes\" \/>\n<script type=\"application\/ld+json\" class=\"yoast-schema-graph\">{\"@context\":\"https:\/\/schema.org\",\"@graph\":[{\"@type\":\"WebPage\",\"@id\":\"https:\/\/www.globecar.com\/fr\/location-de-voiture\/a-la-journee\/\",\"url\":\"https:\/\/www.globecar.com\/fr\/location-de-voiture\/a-la-journee\/\",\"name\":\"Location d'Auto \u00e0 la Journ\u00e9e | Globe Location de Voitures &amp; Camions \u00e0 Montr\u00e9al\",\"isPartOf\":{\"@id\":\"https:\/\/www.globecar.com\/fr\/#website\"},\"datePublished\":\"2018-05-10T16:59:08+00:00\",\"dateModified\":\"2025-04-21T15:44:49+00:00\",\"description\":\"Tarifs de location \u00e0 la journ\u00e9e d\u00e9butent \u00e0 27,95$\/j pour les autos, 37.95$\/j pour les fourgonnettes. Id\u00e9al pour la location \u00e0 court terme.\",\"breadcrumb\":{\"@id\":\"https:\/\/www.globecar.com\/fr\/location-de-voiture\/a-la-journee\/#breadcrumb\"},\"inLanguage\":\"fr-CA\",\"potentialAction\":[{\"@type\":\"ReadAction\",\"target\":[\"https:\/\/www.globecar.com\/fr\/location-de-voiture\/a-la-journee\/\"]}]},{\"@type\":\"BreadcrumbList\",\"@id\":\"https:\/\/www.globecar.com\/fr\/location-de-voiture\/a-la-journee\/#breadcrumb\",\"itemListElement\":[{\"@type\":\"ListItem\",\"position\":1,\"name\":\"Accueil\",\"item\":\"https:\/\/www.globecar.com\/fr\/\"},{\"@type\":\"ListItem\",\"position\":2,\"name\":\"Location de voiture\",\"item\":\"https:\/\/www.globecar.com\/fr\/location-de-voiture\/\"},{\"@type\":\"ListItem\",\"position\":3,\"name\":\"\u00c0 la journ\u00e9e\"}]},{\"@type\":\"WebSite\",\"@id\":\"https:\/\/www.globecar.com\/fr\/#website\",\"url\":\"https:\/\/www.globecar.com\/fr\/\",\"name\":\"Globe Location d'Autos et Camions \u00e0 Montr\u00e9al\",\"description\":\"Drive 4 Less\",\"publisher\":{\"@id\":\"https:\/\/www.globecar.com\/fr\/#organization\"},\"alternateName\":\"GlobeCar\",\"potentialAction\":[{\"@type\":\"SearchAction\",\"target\":{\"@type\":\"EntryPoint\",\"urlTemplate\":\"https:\/\/www.globecar.com\/fr\/?s={search_term_string}\"},\"query-input\":{\"@type\":\"PropertyValueSpecification\",\"valueRequired\":true,\"valueName\":\"search_term_string\"}}],\"inLanguage\":\"fr-CA\"},{\"@type\":\"Organization\",\"@id\":\"https:\/\/www.globecar.com\/fr\/#organization\",\"name\":\"Globe Car & Truck Rental\",\"alternateName\":\"GlobeCar\",\"url\":\"https:\/\/www.globecar.com\/fr\/\",\"logo\":{\"@type\":\"ImageObject\",\"inLanguage\":\"fr-CA\",\"@id\":\"https:\/\/www.globecar.com\/fr\/#\/schema\/logo\/image\/\",\"url\":\"https:\/\/www.globecar.com\/wp-content\/uploads\/2023\/12\/thumbnail_logo_final-1.jpg\",\"contentUrl\":\"https:\/\/www.globecar.com\/wp-content\/uploads\/2023\/12\/thumbnail_logo_final-1.jpg\",\"width\":555,\"height\":555,\"caption\":\"Globe Car & Truck Rental\"},\"image\":{\"@id\":\"https:\/\/www.globecar.com\/fr\/#\/schema\/logo\/image\/\"},\"sameAs\":[\"https:\/\/www.facebook.com\/GlobeCar\",\"https:\/\/x.com\/GlobeCar\",\"https:\/\/mastodon.social\/@globecar\",\"https:\/\/www.instagram.com\/globecar\/\",\"https:\/\/www.linkedin.com\/company\/globecar\/\",\"https:\/\/www.pinterest.com\/globecar\",\"https:\/\/www.youtube.com\/c\/GlobecarRentals\"]}]}<\/script>\n<!-- \/ Yoast SEO Premium plugin. -->","yoast_head_json":{"title":"Location d'Auto \u00e0 la Journ\u00e9e | Globe Location de Voitures &amp; Camions \u00e0 Montr\u00e9al","description":"Tarifs de location \u00e0 la journ\u00e9e d\u00e9butent \u00e0 27,95$\/j pour les autos, 37.95$\/j pour les fourgonnettes. Id\u00e9al pour la location \u00e0 court terme.","robots":{"index":"index","follow":"follow","max-snippet":"max-snippet:-1","max-image-preview":"max-image-preview:large","max-video-preview":"max-video-preview:-1"},"canonical":"https:\/\/www.globecar.com\/fr\/location-de-voiture\/a-la-journee\/","og_locale":"fr_CA","og_type":"article","og_title":"\u00c0 la journ\u00e9e","og_description":"Vous avez besoin d'une voiture, d'une fourgonnette ou d'un camion pour une seule journ\u00e9e? Il arrive parfois que vous ayez besoin pr\u00e9cis\u00e9ment d'une","og_url":"https:\/\/www.globecar.com\/fr\/location-de-voiture\/a-la-journee\/","og_site_name":"Globe Location de Voitures &amp; Camions \u00e0 Montr\u00e9al","article_publisher":"https:\/\/www.facebook.com\/GlobeCar","article_modified_time":"2025-04-21T15:44:49+00:00","og_image":[{"width":555,"height":555,"url":"https:\/\/www.globecar.com\/wp-content\/uploads\/2023\/12\/thumbnail_logo_final-1.jpg","type":"image\/jpeg"}],"twitter_card":"summary_large_image","twitter_site":"@GlobeCar","twitter_misc":{"Estimation du temps de lecture":"4 minutes"},"schema":{"@context":"https:\/\/schema.org","@graph":[{"@type":"WebPage","@id":"https:\/\/www.globecar.com\/fr\/location-de-voiture\/a-la-journee\/","url":"https:\/\/www.globecar.com\/fr\/location-de-voiture\/a-la-journee\/","name":"Location d'Auto \u00e0 la Journ\u00e9e | Globe Location de Voitures &amp; Camions \u00e0 Montr\u00e9al","isPartOf":{"@id":"https:\/\/www.globecar.com\/fr\/#website"},"datePublished":"2018-05-10T16:59:08+00:00","dateModified":"2025-04-21T15:44:49+00:00","description":"Tarifs de location \u00e0 la journ\u00e9e d\u00e9butent \u00e0 27,95$\/j pour les autos, 37.95$\/j pour les fourgonnettes. Id\u00e9al pour la location \u00e0 court terme.","breadcrumb":{"@id":"https:\/\/www.globecar.com\/fr\/location-de-voiture\/a-la-journee\/#breadcrumb"},"inLanguage":"fr-CA","potentialAction":[{"@type":"ReadAction","target":["https:\/\/www.globecar.com\/fr\/location-de-voiture\/a-la-journee\/"]}]},{"@type":"BreadcrumbList","@id":"https:\/\/www.globecar.com\/fr\/location-de-voiture\/a-la-journee\/#breadcrumb","itemListElement":[{"@type":"ListItem","position":1,"name":"Accueil","item":"https:\/\/www.globecar.com\/fr\/"},{"@type":"ListItem","position":2,"name":"Location de voiture","item":"https:\/\/www.globecar.com\/fr\/location-de-voiture\/"},{"@type":"ListItem","position":3,"name":"\u00c0 la journ\u00e9e"}]},{"@type":"WebSite","@id":"https:\/\/www.globecar.com\/fr\/#website","url":"https:\/\/www.globecar.com\/fr\/","name":"Globe Location d'Autos et Camions \u00e0 Montr\u00e9al","description":"Drive 4 Less","publisher":{"@id":"https:\/\/www.globecar.com\/fr\/#organization"},"alternateName":"GlobeCar","potentialAction":[{"@type":"SearchAction","target":{"@type":"EntryPoint","urlTemplate":"https:\/\/www.globecar.com\/fr\/?s={search_term_string}"},"query-input":{"@type":"PropertyValueSpecification","valueRequired":true,"valueName":"search_term_string"}}],"inLanguage":"fr-CA"},{"@type":"Organization","@id":"https:\/\/www.globecar.com\/fr\/#organization","name":"Globe Car & Truck Rental","alternateName":"GlobeCar","url":"https:\/\/www.globecar.com\/fr\/","logo":{"@type":"ImageObject","inLanguage":"fr-CA","@id":"https:\/\/www.globecar.com\/fr\/#\/schema\/logo\/image\/","url":"https:\/\/www.globecar.com\/wp-content\/uploads\/2023\/12\/thumbnail_logo_final-1.jpg","contentUrl":"https:\/\/www.globecar.com\/wp-content\/uploads\/2023\/12\/thumbnail_logo_final-1.jpg","width":555,"height":555,"caption":"Globe Car & Truck Rental"},"image":{"@id":"https:\/\/www.globecar.com\/fr\/#\/schema\/logo\/image\/"},"sameAs":["https:\/\/www.facebook.com\/GlobeCar","https:\/\/x.com\/GlobeCar","https:\/\/mastodon.social\/@globecar","https:\/\/www.instagram.com\/globecar\/","https:\/\/www.linkedin.com\/company\/globecar\/","https:\/\/www.pinterest.com\/globecar","https:\/\/www.youtube.com\/c\/GlobecarRentals"]}]}},"jetpack_sharing_enabled":true,"jetpack_shortlink":"https:\/\/wp.me\/PaiT2D-Vg","_links":{"self":[{"href":"https:\/\/www.globecar.com\/fr\/wp-json\/wp\/v2\/pages\/3550","targetHints":{"allow":["GET"]}}],"collection":[{"href":"https:\/\/www.globecar.com\/fr\/wp-json\/wp\/v2\/pages"}],"about":[{"href":"https:\/\/www.globecar.com\/fr\/wp-json\/wp\/v2\/types\/page"}],"author":[{"embeddable":true,"href":"https:\/\/www.globecar.com\/fr\/wp-json\/wp\/v2\/users\/1"}],"replies":[{"embeddable":true,"href":"https:\/\/www.globecar.com\/fr\/wp-json\/wp\/v2\/comments?post=3550"}],"version-history":[{"count":0,"href":"https:\/\/www.globecar.com\/fr\/wp-json\/wp\/v2\/pages\/3550\/revisions"}],"up":[{"embeddable":true,"href":"https:\/\/www.globecar.com\/fr\/wp-json\/wp\/v2\/pages\/4275"}],"wp:attachment":[{"href":"https:\/\/www.globecar.com\/fr\/wp-json\/wp\/v2\/media?parent=3550"}],"curies":[{"name":"wp","href":"https:\/\/api.w.org\/{rel}","templated":true}]}}