{"id":3503,"date":"2018-05-09T13:28:37","date_gmt":"2018-05-09T17:28:37","guid":{"rendered":"https:\/\/www.globecar.com\/inscrivez-vous-a-linfolettre\/"},"modified":"2025-11-24T15:38:42","modified_gmt":"2025-11-24T20:38:42","slug":"infolettre","status":"publish","type":"page","link":"https:\/\/www.globecar.com\/fr\/infolettre\/","title":{"rendered":"Inscrivez-vous \u00e0 l&rsquo;infolettre"},"content":{"rendered":"<div class=\"wpb-content-wrapper\"><p>[vc_row content_placement=\u00a0\u00bbmiddle\u00a0\u00bb is_header=\u00a0\u00bbtrue\u00a0\u00bb][vc_column width=\u00a0\u00bb2\/3&Prime; css=\u00a0\u00bb.vc_custom_1507235373954{padding-top: 3em !important;padding-bottom: 3em !important;}\u00a0\u00bb][vc_column_text]<\/p>\n<h1>Inscrivez-vous \u00e0 l&rsquo;infolettre<\/h1>\n<p>Ne manquez pas nos aubaines exclusives sur <a href=\"https:\/\/www.globecar.com\/fr\/\">la location de voiture<\/a>, les remises et les sp\u00e9ciaux offerts aux membres. Inscrivez-vous \u00e0 notre infolettre \u00e9lectronique pour recevoir les toutes derni\u00e8res nouvelles et ne rien manquer de l&rsquo;actualit\u00e9. Faites en sorte que votre prochaine location d&rsquo;auto chez Global soit des plus r\u00e9ussies![\/vc_column_text][\/vc_column][vc_column width=\u00a0\u00bb1\/3&Prime;][vc_single_image image=\u00a0\u00bb3086&Prime; img_size=\u00a0\u00bbfull\u00a0\u00bb alignment=\u00a0\u00bbcenter\u00a0\u00bb][\/vc_column][\/vc_row][vc_section is_container=\u00a0\u00bbtrue\u00a0\u00bb][vc_row][vc_column is_whitebox=\u00a0\u00bbtrue\u00a0\u00bb][vc_column_text]<\/p>\n<h3>Cela ne prend qu&rsquo;un instant!<\/h3>\n<p style=\"text-align: left;\">\n\t<section id=\"yikes-mailchimp-container-8\" class=\"yikes-mailchimp-container yikes-mailchimp-container-8 \">\n\t\t\t\t<form id=\"infolettre-8\" class=\"yikes-easy-mc-form yikes-easy-mc-form-8  \" method=\"POST\" data-attr-form-id=\"8\">\n\n\t\t\t\t\t\t\t\t\t\t\t\t\t<label for=\"yikes-easy-mc-form-8-FNAME\"  class=\"FNAME-label yikes-mailchimp-field-required \">\n\n\t\t\t\t\t\t\t\t\t\t<!-- dictate label visibility -->\n\t\t\t\t\t\t\t\t\t\t\t\t\t\t\t\t\t\t\t\t\t<span class=\"FNAME-label\">\n\t\t\t\t\t\t\t\t\t\t\t\tPr\u00e9nom\t\t\t\t\t\t\t\t\t\t\t<\/span>\n\t\t\t\t\t\t\t\t\t\t\n\t\t\t\t\t\t\t\t\t\t<!-- Description Above -->\n\t\t\t\t\t\t\t\t\t\t\n\t\t\t\t\t\t\t\t\t\t<input id=\"yikes-easy-mc-form-8-FNAME\"  name=\"FNAME\"  placeholder=\"\"  class=\"yikes-easy-mc-text \"  required=\"required\" type=\"text\"  value=\"\">\n\n\t\t\t\t\t\t\t\t\t\t<!-- Description Below -->\n\t\t\t\t\t\t\t\t\t\t\n\t\t\t\t\t\t\t\t\t<\/label>\n\t\t\t\t\t\t\t\t\t\t\t\t\t\t\t\t\t\t<label for=\"yikes-easy-mc-form-8-LNAME\"  class=\"LNAME-label yikes-mailchimp-field-required \">\n\n\t\t\t\t\t\t\t\t\t\t<!-- dictate label visibility -->\n\t\t\t\t\t\t\t\t\t\t\t\t\t\t\t\t\t\t\t\t\t<span class=\"LNAME-label\">\n\t\t\t\t\t\t\t\t\t\t\t\tNom\t\t\t\t\t\t\t\t\t\t\t<\/span>\n\t\t\t\t\t\t\t\t\t\t\n\t\t\t\t\t\t\t\t\t\t<!-- Description Above -->\n\t\t\t\t\t\t\t\t\t\t\n\t\t\t\t\t\t\t\t\t\t<input id=\"yikes-easy-mc-form-8-LNAME\"  name=\"LNAME\"  placeholder=\"\"  class=\"yikes-easy-mc-text \"  required=\"required\" type=\"text\"  value=\"\">\n\n\t\t\t\t\t\t\t\t\t\t<!-- Description Below -->\n\t\t\t\t\t\t\t\t\t\t\n\t\t\t\t\t\t\t\t\t<\/label>\n\t\t\t\t\t\t\t\t\t\t\t\t\t\t\t\t\t\t<label for=\"yikes-easy-mc-form-8-EMAIL\"  class=\"EMAIL-label yikes-mailchimp-field-required \">\n\n\t\t\t\t\t\t\t\t\t\t<!-- dictate label visibility -->\n\t\t\t\t\t\t\t\t\t\t\t\t\t\t\t\t\t\t\t\t\t<span class=\"EMAIL-label\">\n\t\t\t\t\t\t\t\t\t\t\t\tCourriel\t\t\t\t\t\t\t\t\t\t\t<\/span>\n\t\t\t\t\t\t\t\t\t\t\n\t\t\t\t\t\t\t\t\t\t<!-- Description Above -->\n\t\t\t\t\t\t\t\t\t\t\n\t\t\t\t\t\t\t\t\t\t<input id=\"yikes-easy-mc-form-8-EMAIL\"  name=\"EMAIL\"  placeholder=\"\"  class=\"yikes-easy-mc-email \"  required=\"required\" type=\"email\"  value=\"\">\n\n\t\t\t\t\t\t\t\t\t\t<!-- Description Below -->\n\t\t\t\t\t\t\t\t\t\t\n\t\t\t\t\t\t\t\t\t<\/label>\n\t\t\t\t\t\t\t\t\t\t\t\t\t\t\t\t\t\t<label for=\"yikes-easy-mc-form-8-BDAY\"  class=\"BDAY-label \">\n\n\t\t\t\t\t\t\t\t\t\t<!-- dictate label visibility -->\n\t\t\t\t\t\t\t\t\t\t\t\t\t\t\t\t\t\t\t\t\t<span class=\"BDAY-label\">\n\t\t\t\t\t\t\t\t\t\t\t\tDate de naissance\t\t\t\t\t\t\t\t\t\t\t<\/span>\n\t\t\t\t\t\t\t\t\t\t\n\t\t\t\t\t\t\t\t\t\t<!-- Description Above -->\n\t\t\t\t\t\t\t\t\t\t\n\t\t\t\t\t\t\t\t\t\t<input id=\"yikes-easy-mc-form-8-BDAY\"  name=\"BDAY\"  placeholder=\"JJ\/MM\/AAAA\"  class=\"yikes-easy-mc-date \"   type=\"text\"  data-attr-type=\"date\"  value=\"\" data-date-format=\"dd\/mm\/yyyy\">\n\n\t\t\t\t\t\t\t\t\t\t<!-- Description Below -->\n\t\t\t\t\t\t\t\t\t\t\n\t\t\t\t\t\t\t\t\t<\/label>\n\t\t\t\t\t\t\t\t\t\t\t\t\t\t\t\t\t\t<label for=\"yikes-easy-mc-form-8-PURPOSE\"  class=\"PURPOSE-label yikes-mailchimp-field-required \">\n\t\t\t\t\t\t\t\t\t\t<!-- dictate label visibility -->\n\t\t\t\t\t\t\t\t\t\t\t\t\t\t\t\t\t\t\t\t\t<span class=\"PURPOSE-label\">\n\t\t\t\t\t\t\t\t\t\t\t\tRaison de location\t\t\t\t\t\t\t\t\t\t\t<\/span>\n\t\t\t\t\t\t\t\t\t\t\n\t\t\t\t\t\t\t\t\t\t<!-- Description Above -->\n\t\t\t\t\t\t\t\t\t\t\n\t\t\t\t\t\t\t\t\t\t<select id=\"yikes-easy-mc-form-8-PURPOSE\"  name=\"PURPOSE\"  placeholder=\"S\u00e9lectionner...\"  class=\"yikes-easy-mc-dropdown \"  required=\"required\">\n\t\t\t\t\t\t\t\t\t\t\t<option value=\"\">S\u00e9lectionner...<\/option>\t\t\t\t\t\t\t\t\t\t\t\t\t<option\n\t\t\t\t\t\t\t\t\t\t\t\t\t\tvalue=\"Business\"\n\t\t\t\t\t\t\t\t\t\t\t\t\t\t>\n\t\t\t\t\t\t\t\t\t\t\t\t\t\tBusiness\t\t\t\t\t\t\t\t\t\t\t\t\t<\/option>\t\t\t\t\t\t\t\t\t\t\t\t\t<option\n\t\t\t\t\t\t\t\t\t\t\t\t\t\tvalue=\"Personal\"\n\t\t\t\t\t\t\t\t\t\t\t\t\t\t>\n\t\t\t\t\t\t\t\t\t\t\t\t\t\tPersonal\t\t\t\t\t\t\t\t\t\t\t\t\t<\/option>\t\t\t\t\t\t\t\t\t\t<\/select>\n\n\t\t\t\t\t\t\t\t\t\t<!-- Description Below -->\n\t\t\t\t\t\t\t\t\t\t\n\t\t\t\t\t\t\t\t\t<\/label>\n\t\t\t\t\t\t\t\t\t\t\t\t\t\t\t\t\t\t<label for=\"yikes-easy-mc-form-8-LANG\" style=\"display:none;\" class=\"LANG-label yikes-mailchimp-field-required \">\n\t\t\t\t\t\t\t\t\t\t<!-- dictate label visibility -->\n\t\t\t\t\t\t\t\t\t\t\t\t\t\t\t\t\t\t\t\t\t<span class=\"LANG-label\">\n\t\t\t\t\t\t\t\t\t\t\t\tLanguage\t\t\t\t\t\t\t\t\t\t\t<\/span>\n\t\t\t\t\t\t\t\t\t\t\n\t\t\t\t\t\t\t\t\t\t<!-- Description Above -->\n\t\t\t\t\t\t\t\t\t\t\n\t\t\t\t\t\t\t\t\t\t<select id=\"yikes-easy-mc-form-8-LANG\"  name=\"LANG\"  placeholder=\"S\u00e9lectionner...\"  class=\"yikes-easy-mc-dropdown \"  required=\"required\">\n\t\t\t\t\t\t\t\t\t\t\t\t\t\t\t\t\t\t\t\t\t\t\t\t<option\n\t\t\t\t\t\t\t\t\t\t\t\t\t\tvalue=\"Francais\"\n\t\t\t\t\t\t\t\t\t\t\t\t\t\tselected=\"selected\">\n\t\t\t\t\t\t\t\t\t\t\t\t\t\tFrancais\t\t\t\t\t\t\t\t\t\t\t\t\t<\/option>\t\t\t\t\t\t\t\t\t\t\t\t\t<option\n\t\t\t\t\t\t\t\t\t\t\t\t\t\tvalue=\"English\"\n\t\t\t\t\t\t\t\t\t\t\t\t\t\t>\n\t\t\t\t\t\t\t\t\t\t\t\t\t\tEnglish\t\t\t\t\t\t\t\t\t\t\t\t\t<\/option>\t\t\t\t\t\t\t\t\t\t<\/select>\n\n\t\t\t\t\t\t\t\t\t\t<!-- Description Below -->\n\t\t\t\t\t\t\t\t\t\t\n\t\t\t\t\t\t\t\t\t<\/label>\n\t\t\t\t\t\t\t\t\t<div class=\"g-recaptcha\" data-sitekey=\"6LfrQRgUAAAAANanVjnzxtBcagfeP1eFGGJ69KCy\" data-theme=\"light\" data-type=\"image\" data-size=\"normal\" data-callback=\"\" data-expired-callback=\"\"><\/div>\n\t\t\t\t<!-- Honeypot Trap -->\n\t\t\t\t<input type=\"hidden\" name=\"yikes-mailchimp-honeypot\" id=\"yikes-mailchimp-honeypot-8\" value=\"\">\n\n\t\t\t\t<!-- List ID -->\n\t\t\t\t<input type=\"hidden\" name=\"yikes-mailchimp-associated-list-id\" id=\"yikes-mailchimp-associated-list-id-8\" value=\"d1212d3d36\">\n\n\t\t\t\t<!-- The form that is being submitted! Used to display error\/success messages above the correct form -->\n\t\t\t\t<input type=\"hidden\" name=\"yikes-mailchimp-submitted-form\" id=\"yikes-mailchimp-submitted-form-8\" value=\"8\">\n\n\t\t\t\t<!-- Submit Button -->\n\t\t\t\t<button type=\"submit\" class=\"yikes-easy-mc-submit-button yikes-easy-mc-submit-button-8 btn btn-primary \"> <span class=\"yikes-mailchimp-submit-button-span-text\">Soumettre<\/span><\/button>\t\t\t\t<!-- Nonce Security Check -->\n\t\t\t\t<input type=\"hidden\" id=\"yikes_easy_mc_new_subscriber_8\" name=\"yikes_easy_mc_new_subscriber\" value=\"c456211cca\">\n\t\t\t\t<input type=\"hidden\" name=\"_wp_http_referer\" value=\"\/fr\/wp-json\/wp\/v2\/pages\/3503\" \/>\n\t\t\t<\/form>\n\t\t\t<!-- Mailchimp Form generated by Easy Forms for Mailchimp v6.8.10 (https:\/\/wordpress.org\/plugins\/yikes-inc-easy-mailchimp-extender\/) -->\n\n\t\t\t<\/section>\n<div class=\"disclaimer\">\n<p>En envoyant ce formulaire, vous autorisez Globe Car &amp; Truck Rentals \u00e0 vous placer sur sa liste d&rsquo;envoi de courriel. Vous pouvez annuler votre inscription en tout temps en utilisant le lien d&rsquo;annulation d&rsquo;inscription qui se trouve au bas de chacun des courriels que vous recevez. Nous prenons au s\u00e9rieux la confidentialit\u00e9 de vos informations personnelles (vous pouvez le constater en lisant notre <a href=\"\/fr\/politique-de-confidentialite\/\">Politique d&rsquo;envoi de courriels<\/a>). La gestion des courriels est assur\u00e9e par Mail Chimp and Mandrill.<\/p>\n<\/div>\n<p>[\/vc_column_text][\/vc_column][\/vc_row][\/vc_section]<\/p>\n<\/div>","protected":false},"excerpt":{"rendered":"<p>[vc_row content_placement=\u00a0\u00bbmiddle\u00a0\u00bb is_header=\u00a0\u00bbtrue\u00a0\u00bb][vc_column width=\u00a0\u00bb2\/3&Prime; css=\u00a0\u00bb.vc_custom_1507235373954{padding-top: 3em !important;padding-bottom: 3em !important;}\u00a0\u00bb][vc_column_text] Inscrivez-vous \u00e0 l&rsquo;infolettre Ne manquez pas nos aubaines exclusives sur la location de voiture, les remises et les sp\u00e9ciaux offerts aux membres. Inscrivez-vous \u00e0 notre infolettre \u00e9lectronique pour recevoir les toutes derni\u00e8res nouvelles et ne rien manquer de l&rsquo;actualit\u00e9. Faites en sorte que votre prochaine location [&hellip;]<\/p>\n","protected":false},"author":1,"featured_media":0,"parent":0,"menu_order":0,"comment_status":"closed","ping_status":"closed","template":"","meta":{"_acf_changed":false,"_genesis_hide_title":false,"_genesis_hide_breadcrumbs":false,"_genesis_hide_singular_image":false,"_genesis_hide_footer_widgets":false,"_genesis_custom_body_class":"","_genesis_custom_post_class":"","_genesis_layout":"","jetpack_post_was_ever_published":false,"footnotes":""},"class_list":{"0":"post-3503","1":"page","2":"type-page","3":"status-publish","5":"entry","6":"has-post-thumbnail"},"acf":[],"yoast_head":"<!-- This site is optimized with the Yoast SEO Premium plugin v27.1 (Yoast SEO v27.1.1) - https:\/\/yoast.com\/product\/yoast-seo-premium-wordpress\/ -->\n<title>Inscrivez-vous \u00e0 notre infolettre | Globe Location de Voitures &amp; Camions \u00e0 Montr\u00e9al<\/title>\n<meta name=\"description\" content=\"Inscrivez-vous \u00e0 notre newsletter et d\u00e9couvrez les derni\u00e8res offres et actualit\u00e9s sur la location de voitures.\" \/>\n<meta name=\"robots\" content=\"index, follow, max-snippet:-1, max-image-preview:large, max-video-preview:-1\" \/>\n<link rel=\"canonical\" href=\"https:\/\/www.globecar.com\/fr\/infolettre\/\" \/>\n<meta property=\"og:locale\" content=\"fr_CA\" \/>\n<meta property=\"og:type\" content=\"article\" \/>\n<meta property=\"og:title\" content=\"Inscrivez-vous \u00e0 l&#039;infolettre\" \/>\n<meta property=\"og:description\" content=\"Inscrivez-vous \u00e0 l&#039;infolettre Ne manquez pas nos aubaines exclusives sur la location de voiture, les remises et les sp\u00e9ciaux offerts aux membres.\" \/>\n<meta property=\"og:url\" content=\"https:\/\/www.globecar.com\/fr\/infolettre\/\" \/>\n<meta property=\"og:site_name\" content=\"Globe Location de Voitures &amp; Camions \u00e0 Montr\u00e9al\" \/>\n<meta property=\"article:publisher\" content=\"https:\/\/www.facebook.com\/GlobeCar\" \/>\n<meta property=\"article:modified_time\" content=\"2025-11-24T20:38:42+00:00\" \/>\n<meta property=\"og:image\" content=\"https:\/\/www.globecar.com\/wp-content\/uploads\/2023\/12\/thumbnail_logo_final-1.jpg\" \/>\n\t<meta property=\"og:image:width\" content=\"555\" \/>\n\t<meta property=\"og:image:height\" content=\"555\" \/>\n\t<meta property=\"og:image:type\" content=\"image\/jpeg\" \/>\n<meta name=\"twitter:card\" content=\"summary_large_image\" \/>\n<meta name=\"twitter:site\" content=\"@GlobeCar\" \/>\n<meta name=\"twitter:label1\" content=\"Estimation du temps de lecture\" \/>\n\t<meta name=\"twitter:data1\" content=\"1 minute\" \/>\n<script type=\"application\/ld+json\" class=\"yoast-schema-graph\">{\"@context\":\"https:\/\/schema.org\",\"@graph\":[{\"@type\":\"WebPage\",\"@id\":\"https:\/\/www.globecar.com\/fr\/infolettre\/\",\"url\":\"https:\/\/www.globecar.com\/fr\/infolettre\/\",\"name\":\"Inscrivez-vous \u00e0 notre infolettre | Globe Location de Voitures &amp; Camions \u00e0 Montr\u00e9al\",\"isPartOf\":{\"@id\":\"https:\/\/www.globecar.com\/fr\/#website\"},\"datePublished\":\"2018-05-09T17:28:37+00:00\",\"dateModified\":\"2025-11-24T20:38:42+00:00\",\"description\":\"Inscrivez-vous \u00e0 notre newsletter et d\u00e9couvrez les derni\u00e8res offres et actualit\u00e9s sur la location de voitures.\",\"breadcrumb\":{\"@id\":\"https:\/\/www.globecar.com\/fr\/infolettre\/#breadcrumb\"},\"inLanguage\":\"fr-CA\",\"potentialAction\":[{\"@type\":\"ReadAction\",\"target\":[\"https:\/\/www.globecar.com\/fr\/infolettre\/\"]}]},{\"@type\":\"BreadcrumbList\",\"@id\":\"https:\/\/www.globecar.com\/fr\/infolettre\/#breadcrumb\",\"itemListElement\":[{\"@type\":\"ListItem\",\"position\":1,\"name\":\"Accueil\",\"item\":\"https:\/\/www.globecar.com\/fr\/\"},{\"@type\":\"ListItem\",\"position\":2,\"name\":\"Inscrivez-vous \u00e0 l&#8217;infolettre\"}]},{\"@type\":\"WebSite\",\"@id\":\"https:\/\/www.globecar.com\/fr\/#website\",\"url\":\"https:\/\/www.globecar.com\/fr\/\",\"name\":\"Globe Location d'Autos et Camions \u00e0 Montr\u00e9al\",\"description\":\"Drive 4 Less\",\"publisher\":{\"@id\":\"https:\/\/www.globecar.com\/fr\/#organization\"},\"alternateName\":\"GlobeCar\",\"potentialAction\":[{\"@type\":\"SearchAction\",\"target\":{\"@type\":\"EntryPoint\",\"urlTemplate\":\"https:\/\/www.globecar.com\/fr\/?s={search_term_string}\"},\"query-input\":{\"@type\":\"PropertyValueSpecification\",\"valueRequired\":true,\"valueName\":\"search_term_string\"}}],\"inLanguage\":\"fr-CA\"},{\"@type\":\"Organization\",\"@id\":\"https:\/\/www.globecar.com\/fr\/#organization\",\"name\":\"Globe Car & Truck Rental\",\"alternateName\":\"GlobeCar\",\"url\":\"https:\/\/www.globecar.com\/fr\/\",\"logo\":{\"@type\":\"ImageObject\",\"inLanguage\":\"fr-CA\",\"@id\":\"https:\/\/www.globecar.com\/fr\/#\/schema\/logo\/image\/\",\"url\":\"https:\/\/www.globecar.com\/wp-content\/uploads\/2023\/12\/thumbnail_logo_final-1.jpg\",\"contentUrl\":\"https:\/\/www.globecar.com\/wp-content\/uploads\/2023\/12\/thumbnail_logo_final-1.jpg\",\"width\":555,\"height\":555,\"caption\":\"Globe Car & Truck Rental\"},\"image\":{\"@id\":\"https:\/\/www.globecar.com\/fr\/#\/schema\/logo\/image\/\"},\"sameAs\":[\"https:\/\/www.facebook.com\/GlobeCar\",\"https:\/\/x.com\/GlobeCar\",\"https:\/\/mastodon.social\/@globecar\",\"https:\/\/www.instagram.com\/globecar\/\",\"https:\/\/www.linkedin.com\/company\/globecar\/\",\"https:\/\/www.pinterest.com\/globecar\",\"https:\/\/www.youtube.com\/c\/GlobecarRentals\"]}]}<\/script>\n<!-- \/ Yoast SEO Premium plugin. -->","yoast_head_json":{"title":"Inscrivez-vous \u00e0 notre infolettre | Globe Location de Voitures &amp; Camions \u00e0 Montr\u00e9al","description":"Inscrivez-vous \u00e0 notre newsletter et d\u00e9couvrez les derni\u00e8res offres et actualit\u00e9s sur la location de voitures.","robots":{"index":"index","follow":"follow","max-snippet":"max-snippet:-1","max-image-preview":"max-image-preview:large","max-video-preview":"max-video-preview:-1"},"canonical":"https:\/\/www.globecar.com\/fr\/infolettre\/","og_locale":"fr_CA","og_type":"article","og_title":"Inscrivez-vous \u00e0 l'infolettre","og_description":"Inscrivez-vous \u00e0 l'infolettre Ne manquez pas nos aubaines exclusives sur la location de voiture, les remises et les sp\u00e9ciaux offerts aux membres.","og_url":"https:\/\/www.globecar.com\/fr\/infolettre\/","og_site_name":"Globe Location de Voitures &amp; Camions \u00e0 Montr\u00e9al","article_publisher":"https:\/\/www.facebook.com\/GlobeCar","article_modified_time":"2025-11-24T20:38:42+00:00","og_image":[{"width":555,"height":555,"url":"https:\/\/www.globecar.com\/wp-content\/uploads\/2023\/12\/thumbnail_logo_final-1.jpg","type":"image\/jpeg"}],"twitter_card":"summary_large_image","twitter_site":"@GlobeCar","twitter_misc":{"Estimation du temps de lecture":"1 minute"},"schema":{"@context":"https:\/\/schema.org","@graph":[{"@type":"WebPage","@id":"https:\/\/www.globecar.com\/fr\/infolettre\/","url":"https:\/\/www.globecar.com\/fr\/infolettre\/","name":"Inscrivez-vous \u00e0 notre infolettre | Globe Location de Voitures &amp; Camions \u00e0 Montr\u00e9al","isPartOf":{"@id":"https:\/\/www.globecar.com\/fr\/#website"},"datePublished":"2018-05-09T17:28:37+00:00","dateModified":"2025-11-24T20:38:42+00:00","description":"Inscrivez-vous \u00e0 notre newsletter et d\u00e9couvrez les derni\u00e8res offres et actualit\u00e9s sur la location de voitures.","breadcrumb":{"@id":"https:\/\/www.globecar.com\/fr\/infolettre\/#breadcrumb"},"inLanguage":"fr-CA","potentialAction":[{"@type":"ReadAction","target":["https:\/\/www.globecar.com\/fr\/infolettre\/"]}]},{"@type":"BreadcrumbList","@id":"https:\/\/www.globecar.com\/fr\/infolettre\/#breadcrumb","itemListElement":[{"@type":"ListItem","position":1,"name":"Accueil","item":"https:\/\/www.globecar.com\/fr\/"},{"@type":"ListItem","position":2,"name":"Inscrivez-vous \u00e0 l&#8217;infolettre"}]},{"@type":"WebSite","@id":"https:\/\/www.globecar.com\/fr\/#website","url":"https:\/\/www.globecar.com\/fr\/","name":"Globe Location d'Autos et Camions \u00e0 Montr\u00e9al","description":"Drive 4 Less","publisher":{"@id":"https:\/\/www.globecar.com\/fr\/#organization"},"alternateName":"GlobeCar","potentialAction":[{"@type":"SearchAction","target":{"@type":"EntryPoint","urlTemplate":"https:\/\/www.globecar.com\/fr\/?s={search_term_string}"},"query-input":{"@type":"PropertyValueSpecification","valueRequired":true,"valueName":"search_term_string"}}],"inLanguage":"fr-CA"},{"@type":"Organization","@id":"https:\/\/www.globecar.com\/fr\/#organization","name":"Globe Car & Truck Rental","alternateName":"GlobeCar","url":"https:\/\/www.globecar.com\/fr\/","logo":{"@type":"ImageObject","inLanguage":"fr-CA","@id":"https:\/\/www.globecar.com\/fr\/#\/schema\/logo\/image\/","url":"https:\/\/www.globecar.com\/wp-content\/uploads\/2023\/12\/thumbnail_logo_final-1.jpg","contentUrl":"https:\/\/www.globecar.com\/wp-content\/uploads\/2023\/12\/thumbnail_logo_final-1.jpg","width":555,"height":555,"caption":"Globe Car & Truck Rental"},"image":{"@id":"https:\/\/www.globecar.com\/fr\/#\/schema\/logo\/image\/"},"sameAs":["https:\/\/www.facebook.com\/GlobeCar","https:\/\/x.com\/GlobeCar","https:\/\/mastodon.social\/@globecar","https:\/\/www.instagram.com\/globecar\/","https:\/\/www.linkedin.com\/company\/globecar\/","https:\/\/www.pinterest.com\/globecar","https:\/\/www.youtube.com\/c\/GlobecarRentals"]}]}},"jetpack_sharing_enabled":true,"jetpack_shortlink":"https:\/\/wp.me\/PaiT2D-Uv","_links":{"self":[{"href":"https:\/\/www.globecar.com\/fr\/wp-json\/wp\/v2\/pages\/3503","targetHints":{"allow":["GET"]}}],"collection":[{"href":"https:\/\/www.globecar.com\/fr\/wp-json\/wp\/v2\/pages"}],"about":[{"href":"https:\/\/www.globecar.com\/fr\/wp-json\/wp\/v2\/types\/page"}],"author":[{"embeddable":true,"href":"https:\/\/www.globecar.com\/fr\/wp-json\/wp\/v2\/users\/1"}],"replies":[{"embeddable":true,"href":"https:\/\/www.globecar.com\/fr\/wp-json\/wp\/v2\/comments?post=3503"}],"version-history":[{"count":12,"href":"https:\/\/www.globecar.com\/fr\/wp-json\/wp\/v2\/pages\/3503\/revisions"}],"predecessor-version":[{"id":18312,"href":"https:\/\/www.globecar.com\/fr\/wp-json\/wp\/v2\/pages\/3503\/revisions\/18312"}],"wp:attachment":[{"href":"https:\/\/www.globecar.com\/fr\/wp-json\/wp\/v2\/media?parent=3503"}],"curies":[{"name":"wp","href":"https:\/\/api.w.org\/{rel}","templated":true}]}}