{"id":3499,"date":"2018-05-09T12:28:00","date_gmt":"2018-05-09T16:28:00","guid":{"rendered":"https:\/\/www.globecar.com\/nous-vous-faisons-economiser-de-largent\/"},"modified":"2025-05-08T10:17:09","modified_gmt":"2025-05-08T14:17:09","slug":"economisez-avec-globe","status":"publish","type":"page","link":"https:\/\/www.globecar.com\/fr\/a-propos\/economisez-avec-globe\/","title":{"rendered":"Nous vous faisons \u00e9conomiser de l&rsquo;argent"},"content":{"rendered":"<div class=\"wpb-content-wrapper\"><p>[vc_row is_header=\u00a0\u00bbtrue\u00a0\u00bb][vc_column width=\u00a0\u00bb2\/3&Prime;][vc_column_text]<\/p>\n<h1>Economisez de l&rsquo;argent avec Globe Car Rental !<\/h1>\n<h2>Pas d&rsquo;app\u00e2t ni d&rsquo;\u00e9change &#8211; Promis !<\/h2>\n<p>Du d\u00e9but \u00e0 la fin du <a href=\"https:\/\/www.globecar.com\/fr\/\">processus de location de voiture<\/a>, nous veillons \u00e0 ce que les clients sachent pour quoi ils paient. Nous facilitons la location de voitures, comme il se doit. Nous ne facturons que les frais locaux obligatoires (par exemple : plaques, pneus d&rsquo;hiver, couverture). Par cons\u00e9quent, lors de notre processus de r\u00e9servation, tout est clairement expos\u00e9 et expliqu\u00e9 en d\u00e9tail &#8211; pas de surprises au comptoir. Prenez le temps de lire nos options et n&rsquo;h\u00e9sitez pas \u00e0 <a href=\"https:\/\/faq.globecar.com\/\">poser des questions<\/a> sur la location de voiture ou \u00e0 demander des explications suppl\u00e9mentaires ; nous sommes l\u00e0 pour vous aider ![\/vc_column_text][\/vc_column][vc_column width=\u00a0\u00bb1\/3&Prime;][vc_single_image image=\u00a0\u00bb2763&Prime; img_size=\u00a0\u00bbfull\u00a0\u00bb][\/vc_column][\/vc_row][vc_row][vc_column][vc_wp_custommenu nav_menu=\u00a0\u00bb1929&Prime;][\/vc_column][\/vc_row][vc_section is_container=\u00a0\u00bbtrue\u00a0\u00bb][vc_row][vc_column][vc_column_text css=\u00a0\u00bb\u00a0\u00bb]<\/p>\n<table>\n<tbody>\n<tr>\n<td>\n<h3>Frais suppl\u00e9mentaires de location de voiture<\/h3>\n<\/td>\n<td style=\"text-align: left;\"><strong>Autres soci\u00e9t\u00e9s de location de voitures<br \/>\n<\/strong><\/td>\n<td style=\"background-color: #f8f9f7; text-align: center; vertical-align: middle;\"><img decoding=\"async\" class=\"wp-image-18097 size-full alignnone\" src=\"https:\/\/www.globecar.com\/wp-content\/uploads\/2025\/04\/thumbnail_logo_final-1-1.png\" alt=\"\" width=\"54\" height=\"53\" \/><\/td>\n<\/tr>\n<tr>\n<td><a href=\"https:\/\/www.globecar.com\/fr\/services-additionnels\/gps-gratuit\/\">Syst\u00e8me Premium (GPS)<\/a><\/td>\n<td style=\"text-align: left;\">4,00 $ \/ jour<\/td>\n<td style=\"background-color: #f8f9f7; text-align: center;\">$0.00 <i class=\"fa fa-check \" ><\/i><\/td>\n<\/tr>\n<tr>\n<td>Syst\u00e8me de navigation (GPS)<\/td>\n<td style=\"text-align: left;\">9,95 $ &#8211; 12,95 $ \/ jour<\/td>\n<td style=\"background-color: #f8f9f7; text-align: center;\">$0.00 <i class=\"fa fa-check \" ><\/i><\/td>\n<\/tr>\n<tr>\n<td><a href=\"https:\/\/www.globecar.com\/fr\/couverture\/responsabilite-civile\/\">Assurance responsabilit\u00e9 civile (non CDW)<\/a><\/td>\n<td style=\"text-align: left;\">4,95 $ &#8211; 8,95 $ \/ jour<\/td>\n<td style=\"background-color: #f8f9f7; text-align: center;\">$0.00 <i class=\"fa fa-check \" ><\/i><\/td>\n<\/tr>\n<tr>\n<td><a href=\"https:\/\/www.globecar.com\/fr\/services-additionnels\/assistance-routiere-gratuite\/\">Assistance routi\u00e8re en cas d&rsquo;urgence automobile<\/a><\/td>\n<td style=\"text-align: left;\">9,95 $ \/ jour<\/td>\n<td style=\"background-color: #f8f9f7; text-align: center;\">$0.00 <i class=\"fa fa-check \" ><\/i><\/td>\n<\/tr>\n<tr>\n<td><a href=\"https:\/\/www.globecar.com\/fr\/a-propos\/periode-de-grace-pour-retours\/\">Frais de retard de 1 heure (2 heures pour les membres VIP)<\/a><\/td>\n<td style=\"text-align: left;\">15 $ &#8211; 25 $ \/ jour<\/td>\n<td style=\"background-color: #f8f9f7; text-align: center;\">$0.00 <i class=\"fa fa-check \" ><\/i><\/td>\n<\/tr>\n<tr>\n<td>Frais de r\u00e9cup\u00e9ration d&rsquo;\u00e9nergie<\/td>\n<td style=\"text-align: left;\">0,80 $ &#8211; 4,00 $ \/ jour<\/td>\n<td style=\"background-color: #f8f9f7; text-align: center;\">$0.00 <i class=\"fa fa-check \" ><\/i><\/td>\n<\/tr>\n<tr>\n<td>Frais d&rsquo;\u00e9conomie de carburant<\/td>\n<td style=\"text-align: left;\">0,50 $ &#8211; 2,00 $ \/ jour<\/td>\n<td style=\"background-color: #f8f9f7; text-align: center;\">$0.00 <i class=\"fa fa-check \" ><\/i><\/td>\n<\/tr>\n<tr>\n<td>Taxe environnementale<\/td>\n<td style=\"text-align: left;\">0,40 $ \/ jour<\/td>\n<td style=\"background-color: #f8f9f7; text-align: center;\">$0.00 <i class=\"fa fa-check \" ><\/i><\/td>\n<\/tr>\n<tr>\n<td>Autres frais cach\u00e9s et suppl\u00e9ments<\/td>\n<td style=\"text-align: left;\">V\u00e9rifiez les petits caract\u00e8res<\/td>\n<td style=\"background-color: #f8f9f7; text-align: center;\">$0.00 <i class=\"fa fa-check \" ><\/i><\/td>\n<\/tr>\n<tr>\n<td>Frais suppl\u00e9mentaires :<\/td>\n<td style=\"text-align: left;\">Peut s&rsquo;\u00e9lever \u00e0 plus de 230$\/semaine<\/td>\n<td style=\"background-color: #f8f9f7; text-align: center;\"><strong><span style=\"color: #ff6c00;\">Tout est compris !<\/span><\/strong><\/td>\n<\/tr>\n<\/tbody>\n<\/table>\n<p class=\"disclaimer\">Divulgation : Globe Car Rental facture les taxes f\u00e9d\u00e9rales, provinciales et a\u00e9roportuaires (qui sont obligatoires dans la province de Qu\u00e9bec, y compris les frais habituels de placage et de pneus).<br \/>\nL&rsquo;assurance collision peut \u00e9galement \u00eatre obligatoire, <a href=\"https:\/\/www.globecar.com\/fr\/couverture\/\">renseignez-vous<\/a>.<\/p>\n<p>[\/vc_column_text][\/vc_column][\/vc_row][\/vc_section][vc_section][vc_row full_width=\u00a0\u00bbstretch_row\u00a0\u00bb][vc_column]\n\t\t<div class=\"simple-banner \">\n\t\t\t<img decoding=\"async\" width=\"1574\" height=\"390\" src=\"https:\/\/www.globecar.com\/wp-content\/uploads\/2017\/08\/question_banner.jpg\" class=\"attachment-full size-full\" alt=\"question_banner\" srcset=\"https:\/\/www.globecar.com\/wp-content\/uploads\/2017\/08\/question_banner.jpg 1574w, https:\/\/www.globecar.com\/wp-content\/uploads\/2017\/08\/question_banner-150x37.jpg 150w, https:\/\/www.globecar.com\/wp-content\/uploads\/2017\/08\/question_banner-300x74.jpg 300w, https:\/\/www.globecar.com\/wp-content\/uploads\/2017\/08\/question_banner-768x190.jpg 768w, https:\/\/www.globecar.com\/wp-content\/uploads\/2017\/08\/question_banner-1024x254.jpg 1024w, https:\/\/www.globecar.com\/wp-content\/uploads\/2017\/08\/question_banner-300x74@2x.jpg 600w, https:\/\/www.globecar.com\/wp-content\/uploads\/2017\/08\/question_banner-768x190@2x.jpg 1536w\" sizes=\"(max-width: 1574px) 100vw, 1574px\" \/>\n\t\t\t<div class=\"wrap\"><div class=\"mini-wrap\"><h3>Vous avez une question ?<\/h3><\/div><a class=\"button onDark full large\" href=\"https:\/\/faq.globecar.com\/en\">Trouver des r\u00e9ponses simples<\/a>\t<\/div><\/div>[\/vc_column][\/vc_row][\/vc_section]<\/p>\n<\/div>","protected":false},"excerpt":{"rendered":"<p>[vc_row is_header=\u00a0\u00bbtrue\u00a0\u00bb][vc_column width=\u00a0\u00bb2\/3&Prime;][vc_column_text] Economisez de l&rsquo;argent avec Globe Car Rental ! Pas d&rsquo;app\u00e2t ni d&rsquo;\u00e9change &#8211; Promis ! Du d\u00e9but \u00e0 la fin du processus de location de voiture, nous veillons \u00e0 ce que les clients sachent pour quoi ils paient. Nous facilitons la location de voitures, comme il se doit. Nous ne facturons que [&hellip;]<\/p>\n","protected":false},"author":1,"featured_media":0,"parent":4267,"menu_order":0,"comment_status":"closed","ping_status":"closed","template":"","meta":{"_acf_changed":false,"_genesis_hide_title":false,"_genesis_hide_breadcrumbs":false,"_genesis_hide_singular_image":false,"_genesis_hide_footer_widgets":false,"_genesis_custom_body_class":"","_genesis_custom_post_class":"","_genesis_layout":"","jetpack_post_was_ever_published":false,"footnotes":""},"class_list":{"0":"post-3499","1":"page","2":"type-page","3":"status-publish","5":"entry","6":"has-post-thumbnail"},"acf":[],"yoast_head":"<!-- This site is optimized with the Yoast SEO Premium plugin v27.1 (Yoast SEO v27.1.1) - https:\/\/yoast.com\/product\/yoast-seo-premium-wordpress\/ -->\n<title>Conseils pour \u00e9conomiser de l&#039;argent | Location de voitures et de camions Globe \u00e0 Montr\u00e9al<\/title>\n<meta name=\"description\" content=\"Nous vous faisons \u00e9conomiser de l&#039;argent en incluant GRATUITEMENT dans chaque location : un GPS, une assistance routi\u00e8re, une couverture responsabilit\u00e9 civile et plus encore ! Pas de frais cach\u00e9s.\" \/>\n<meta name=\"robots\" content=\"index, follow, max-snippet:-1, max-image-preview:large, max-video-preview:-1\" \/>\n<link rel=\"canonical\" href=\"https:\/\/www.globecar.com\/fr\/a-propos\/economisez-avec-globe\/\" \/>\n<meta property=\"og:locale\" content=\"fr_CA\" \/>\n<meta property=\"og:type\" content=\"article\" \/>\n<meta property=\"og:title\" content=\"Nous vous faisons \u00e9conomiser de l&#039;argent\" \/>\n<meta property=\"og:description\" content=\"Economisez de l&#039;argent avec Globe Car Rental ! Pas d&#039;app\u00e2t ni d&#039;\u00e9change - Promis ! Du d\u00e9but \u00e0 la fin du processus de location de voiture, nous veillons \u00e0\" \/>\n<meta property=\"og:url\" content=\"https:\/\/www.globecar.com\/fr\/a-propos\/economisez-avec-globe\/\" \/>\n<meta property=\"og:site_name\" content=\"Globe Location de Voitures &amp; Camions \u00e0 Montr\u00e9al\" \/>\n<meta property=\"article:publisher\" content=\"https:\/\/www.facebook.com\/GlobeCar\" \/>\n<meta property=\"article:modified_time\" content=\"2025-05-08T14:17:09+00:00\" \/>\n<meta property=\"og:image\" content=\"https:\/\/www.globecar.com\/wp-content\/uploads\/2023\/12\/thumbnail_logo_final-1-400x400.jpg\" \/>\n<meta name=\"twitter:card\" content=\"summary_large_image\" \/>\n<meta name=\"twitter:site\" content=\"@GlobeCar\" \/>\n<meta name=\"twitter:label1\" content=\"Estimation du temps de lecture\" \/>\n\t<meta name=\"twitter:data1\" content=\"2 minutes\" \/>\n<script type=\"application\/ld+json\" class=\"yoast-schema-graph\">{\"@context\":\"https:\/\/schema.org\",\"@graph\":[{\"@type\":\"WebPage\",\"@id\":\"https:\/\/www.globecar.com\/fr\/a-propos\/economisez-avec-globe\/\",\"url\":\"https:\/\/www.globecar.com\/fr\/a-propos\/economisez-avec-globe\/\",\"name\":\"Conseils pour \u00e9conomiser de l'argent | Location de voitures et de camions Globe \u00e0 Montr\u00e9al\",\"isPartOf\":{\"@id\":\"https:\/\/www.globecar.com\/fr\/#website\"},\"primaryImageOfPage\":{\"@id\":\"https:\/\/www.globecar.com\/fr\/a-propos\/economisez-avec-globe\/#primaryimage\"},\"image\":{\"@id\":\"https:\/\/www.globecar.com\/fr\/a-propos\/economisez-avec-globe\/#primaryimage\"},\"thumbnailUrl\":\"https:\/\/www.globecar.com\/wp-content\/uploads\/2025\/04\/thumbnail_logo_final-1-1.png\",\"datePublished\":\"2018-05-09T16:28:00+00:00\",\"dateModified\":\"2025-05-08T14:17:09+00:00\",\"description\":\"Nous vous faisons \u00e9conomiser de l'argent en incluant GRATUITEMENT dans chaque location : un GPS, une assistance routi\u00e8re, une couverture responsabilit\u00e9 civile et plus encore ! Pas de frais cach\u00e9s.\",\"breadcrumb\":{\"@id\":\"https:\/\/www.globecar.com\/fr\/a-propos\/economisez-avec-globe\/#breadcrumb\"},\"inLanguage\":\"fr-CA\",\"potentialAction\":[{\"@type\":\"ReadAction\",\"target\":[\"https:\/\/www.globecar.com\/fr\/a-propos\/economisez-avec-globe\/\"]}]},{\"@type\":\"ImageObject\",\"inLanguage\":\"fr-CA\",\"@id\":\"https:\/\/www.globecar.com\/fr\/a-propos\/economisez-avec-globe\/#primaryimage\",\"url\":\"https:\/\/www.globecar.com\/wp-content\/uploads\/2025\/04\/thumbnail_logo_final-1-1.png\",\"contentUrl\":\"https:\/\/www.globecar.com\/wp-content\/uploads\/2025\/04\/thumbnail_logo_final-1-1.png\"},{\"@type\":\"BreadcrumbList\",\"@id\":\"https:\/\/www.globecar.com\/fr\/a-propos\/economisez-avec-globe\/#breadcrumb\",\"itemListElement\":[{\"@type\":\"ListItem\",\"position\":1,\"name\":\"Accueil\",\"item\":\"https:\/\/www.globecar.com\/fr\/\"},{\"@type\":\"ListItem\",\"position\":2,\"name\":\"\u00c0 Propos\",\"item\":\"https:\/\/www.globecar.com\/fr\/a-propos\/\"},{\"@type\":\"ListItem\",\"position\":3,\"name\":\"Nous vous faisons \u00e9conomiser de l&#8217;argent\"}]},{\"@type\":\"WebSite\",\"@id\":\"https:\/\/www.globecar.com\/fr\/#website\",\"url\":\"https:\/\/www.globecar.com\/fr\/\",\"name\":\"Globe Location d'Autos et Camions \u00e0 Montr\u00e9al\",\"description\":\"Drive 4 Less\",\"publisher\":{\"@id\":\"https:\/\/www.globecar.com\/fr\/#organization\"},\"alternateName\":\"GlobeCar\",\"potentialAction\":[{\"@type\":\"SearchAction\",\"target\":{\"@type\":\"EntryPoint\",\"urlTemplate\":\"https:\/\/www.globecar.com\/fr\/?s={search_term_string}\"},\"query-input\":{\"@type\":\"PropertyValueSpecification\",\"valueRequired\":true,\"valueName\":\"search_term_string\"}}],\"inLanguage\":\"fr-CA\"},{\"@type\":\"Organization\",\"@id\":\"https:\/\/www.globecar.com\/fr\/#organization\",\"name\":\"Globe Car & Truck Rental\",\"alternateName\":\"GlobeCar\",\"url\":\"https:\/\/www.globecar.com\/fr\/\",\"logo\":{\"@type\":\"ImageObject\",\"inLanguage\":\"fr-CA\",\"@id\":\"https:\/\/www.globecar.com\/fr\/#\/schema\/logo\/image\/\",\"url\":\"https:\/\/www.globecar.com\/wp-content\/uploads\/2023\/12\/thumbnail_logo_final-1.jpg\",\"contentUrl\":\"https:\/\/www.globecar.com\/wp-content\/uploads\/2023\/12\/thumbnail_logo_final-1.jpg\",\"width\":555,\"height\":555,\"caption\":\"Globe Car & Truck Rental\"},\"image\":{\"@id\":\"https:\/\/www.globecar.com\/fr\/#\/schema\/logo\/image\/\"},\"sameAs\":[\"https:\/\/www.facebook.com\/GlobeCar\",\"https:\/\/x.com\/GlobeCar\",\"https:\/\/mastodon.social\/@globecar\",\"https:\/\/www.instagram.com\/globecar\/\",\"https:\/\/www.linkedin.com\/company\/globecar\/\",\"https:\/\/www.pinterest.com\/globecar\",\"https:\/\/www.youtube.com\/c\/GlobecarRentals\"]}]}<\/script>\n<!-- \/ Yoast SEO Premium plugin. -->","yoast_head_json":{"title":"Conseils pour \u00e9conomiser de l'argent | Location de voitures et de camions Globe \u00e0 Montr\u00e9al","description":"Nous vous faisons \u00e9conomiser de l'argent en incluant GRATUITEMENT dans chaque location : un GPS, une assistance routi\u00e8re, une couverture responsabilit\u00e9 civile et plus encore ! Pas de frais cach\u00e9s.","robots":{"index":"index","follow":"follow","max-snippet":"max-snippet:-1","max-image-preview":"max-image-preview:large","max-video-preview":"max-video-preview:-1"},"canonical":"https:\/\/www.globecar.com\/fr\/a-propos\/economisez-avec-globe\/","og_locale":"fr_CA","og_type":"article","og_title":"Nous vous faisons \u00e9conomiser de l'argent","og_description":"Economisez de l'argent avec Globe Car Rental ! Pas d'app\u00e2t ni d'\u00e9change - Promis ! Du d\u00e9but \u00e0 la fin du processus de location de voiture, nous veillons \u00e0","og_url":"https:\/\/www.globecar.com\/fr\/a-propos\/economisez-avec-globe\/","og_site_name":"Globe Location de Voitures &amp; Camions \u00e0 Montr\u00e9al","article_publisher":"https:\/\/www.facebook.com\/GlobeCar","article_modified_time":"2025-05-08T14:17:09+00:00","og_image":[{"url":"https:\/\/www.globecar.com\/wp-content\/uploads\/2023\/12\/thumbnail_logo_final-1-400x400.jpg","type":"","width":"","height":""}],"twitter_card":"summary_large_image","twitter_site":"@GlobeCar","twitter_misc":{"Estimation du temps de lecture":"2 minutes"},"schema":{"@context":"https:\/\/schema.org","@graph":[{"@type":"WebPage","@id":"https:\/\/www.globecar.com\/fr\/a-propos\/economisez-avec-globe\/","url":"https:\/\/www.globecar.com\/fr\/a-propos\/economisez-avec-globe\/","name":"Conseils pour \u00e9conomiser de l'argent | Location de voitures et de camions Globe \u00e0 Montr\u00e9al","isPartOf":{"@id":"https:\/\/www.globecar.com\/fr\/#website"},"primaryImageOfPage":{"@id":"https:\/\/www.globecar.com\/fr\/a-propos\/economisez-avec-globe\/#primaryimage"},"image":{"@id":"https:\/\/www.globecar.com\/fr\/a-propos\/economisez-avec-globe\/#primaryimage"},"thumbnailUrl":"https:\/\/www.globecar.com\/wp-content\/uploads\/2025\/04\/thumbnail_logo_final-1-1.png","datePublished":"2018-05-09T16:28:00+00:00","dateModified":"2025-05-08T14:17:09+00:00","description":"Nous vous faisons \u00e9conomiser de l'argent en incluant GRATUITEMENT dans chaque location : un GPS, une assistance routi\u00e8re, une couverture responsabilit\u00e9 civile et plus encore ! Pas de frais cach\u00e9s.","breadcrumb":{"@id":"https:\/\/www.globecar.com\/fr\/a-propos\/economisez-avec-globe\/#breadcrumb"},"inLanguage":"fr-CA","potentialAction":[{"@type":"ReadAction","target":["https:\/\/www.globecar.com\/fr\/a-propos\/economisez-avec-globe\/"]}]},{"@type":"ImageObject","inLanguage":"fr-CA","@id":"https:\/\/www.globecar.com\/fr\/a-propos\/economisez-avec-globe\/#primaryimage","url":"https:\/\/www.globecar.com\/wp-content\/uploads\/2025\/04\/thumbnail_logo_final-1-1.png","contentUrl":"https:\/\/www.globecar.com\/wp-content\/uploads\/2025\/04\/thumbnail_logo_final-1-1.png"},{"@type":"BreadcrumbList","@id":"https:\/\/www.globecar.com\/fr\/a-propos\/economisez-avec-globe\/#breadcrumb","itemListElement":[{"@type":"ListItem","position":1,"name":"Accueil","item":"https:\/\/www.globecar.com\/fr\/"},{"@type":"ListItem","position":2,"name":"\u00c0 Propos","item":"https:\/\/www.globecar.com\/fr\/a-propos\/"},{"@type":"ListItem","position":3,"name":"Nous vous faisons \u00e9conomiser de l&#8217;argent"}]},{"@type":"WebSite","@id":"https:\/\/www.globecar.com\/fr\/#website","url":"https:\/\/www.globecar.com\/fr\/","name":"Globe Location d'Autos et Camions \u00e0 Montr\u00e9al","description":"Drive 4 Less","publisher":{"@id":"https:\/\/www.globecar.com\/fr\/#organization"},"alternateName":"GlobeCar","potentialAction":[{"@type":"SearchAction","target":{"@type":"EntryPoint","urlTemplate":"https:\/\/www.globecar.com\/fr\/?s={search_term_string}"},"query-input":{"@type":"PropertyValueSpecification","valueRequired":true,"valueName":"search_term_string"}}],"inLanguage":"fr-CA"},{"@type":"Organization","@id":"https:\/\/www.globecar.com\/fr\/#organization","name":"Globe Car & Truck Rental","alternateName":"GlobeCar","url":"https:\/\/www.globecar.com\/fr\/","logo":{"@type":"ImageObject","inLanguage":"fr-CA","@id":"https:\/\/www.globecar.com\/fr\/#\/schema\/logo\/image\/","url":"https:\/\/www.globecar.com\/wp-content\/uploads\/2023\/12\/thumbnail_logo_final-1.jpg","contentUrl":"https:\/\/www.globecar.com\/wp-content\/uploads\/2023\/12\/thumbnail_logo_final-1.jpg","width":555,"height":555,"caption":"Globe Car & Truck Rental"},"image":{"@id":"https:\/\/www.globecar.com\/fr\/#\/schema\/logo\/image\/"},"sameAs":["https:\/\/www.facebook.com\/GlobeCar","https:\/\/x.com\/GlobeCar","https:\/\/mastodon.social\/@globecar","https:\/\/www.instagram.com\/globecar\/","https:\/\/www.linkedin.com\/company\/globecar\/","https:\/\/www.pinterest.com\/globecar","https:\/\/www.youtube.com\/c\/GlobecarRentals"]}]}},"jetpack_sharing_enabled":true,"jetpack_shortlink":"https:\/\/wp.me\/PaiT2D-Ur","_links":{"self":[{"href":"https:\/\/www.globecar.com\/fr\/wp-json\/wp\/v2\/pages\/3499","targetHints":{"allow":["GET"]}}],"collection":[{"href":"https:\/\/www.globecar.com\/fr\/wp-json\/wp\/v2\/pages"}],"about":[{"href":"https:\/\/www.globecar.com\/fr\/wp-json\/wp\/v2\/types\/page"}],"author":[{"embeddable":true,"href":"https:\/\/www.globecar.com\/fr\/wp-json\/wp\/v2\/users\/1"}],"replies":[{"embeddable":true,"href":"https:\/\/www.globecar.com\/fr\/wp-json\/wp\/v2\/comments?post=3499"}],"version-history":[{"count":0,"href":"https:\/\/www.globecar.com\/fr\/wp-json\/wp\/v2\/pages\/3499\/revisions"}],"up":[{"embeddable":true,"href":"https:\/\/www.globecar.com\/fr\/wp-json\/wp\/v2\/pages\/4267"}],"wp:attachment":[{"href":"https:\/\/www.globecar.com\/fr\/wp-json\/wp\/v2\/media?parent=3499"}],"curies":[{"name":"wp","href":"https:\/\/api.w.org\/{rel}","templated":true}]}}