{"id":3344,"date":"2018-04-04T15:37:45","date_gmt":"2018-04-04T19:37:45","guid":{"rendered":"https:\/\/www.globecar.com\/assistance-routiere-gratuite\/"},"modified":"2025-04-21T11:45:23","modified_gmt":"2025-04-21T15:45:23","slug":"assistance-routiere-gratuite","status":"publish","type":"page","link":"https:\/\/www.globecar.com\/fr\/services-additionnels\/assistance-routiere-gratuite\/","title":{"rendered":"Assistance Routi\u00e8re Gratuite"},"content":{"rendered":"<div class=\"wpb-content-wrapper\"><p>[vc_row is_header=\u00a0\u00bbtrue\u00a0\u00bb][vc_column width=\u00a0\u00bb2\/3&Prime; css=\u00a0\u00bb.vc_custom_1507235373954{padding-top: 3em !important;padding-bottom: 3em !important;}\u00a0\u00bb][vc_column_text]<\/p>\n<h1>Pas d&rsquo;inqui\u00e9tude<\/h1>\n<h2>Assistance Routi\u00e8re GRATUITE &#8211; Louez chez Globe!<\/h2>\n<p>L&rsquo;Assistance routi\u00e8re est un service facultatif qui est factur\u00e9 par toutes les compagnies. Chez Globe, ce service est offert avec votre location d&rsquo;auto! Que vous\u00a0<a href=\"https:\/\/www.globecar.com\/fr\/location-de-voiture\/a-la-journee\/\">louez pour un jour<\/a>\u00a0ou pour\u00a0<a href=\"https:\/\/www.globecar.com\/fr\/location-de-voiture\/au-mois\/\">un mois<\/a>, ceci va vous faire\u00a0<a href=\"\/fr\/a-propos\/economisez-avec-globe\/\">\u00e9conomiser de l&rsquo;argent<\/a>\u00a0et du temps lorsque vous en avez le plus besoin. Dans une situation d&rsquo;urgence, nous vous apporterons des techniciens rapides et fiables, ce qui est tr\u00e8s utile lorsque vous vous trouvez dans une ville inconnue.[\/vc_column_text][\/vc_column][vc_column width=\u00a0\u00bb1\/3&Prime;]\n\t\t\t<div class=\"price-ad  dark\"><span class=\"title\">Une valeur de<\/span><p class=\"amount\">9<span class=\"cents\">,95$<\/span><span class=\"per\">\/jour!<\/span><\/p><span class=\"amount-footer\">gratuite<\/span><\/div>[\/vc_column][\/vc_row][vc_section is_container=\u00a0\u00bbtrue\u00a0\u00bb][vc_row][vc_column][vc_column_text css=\u00a0\u00bb\u00a0\u00bb]<\/p>\n<h3>Louez Un V\u00e9hicule Chez Globe Et Profitez Des Protections Gratuites Suivantes:<\/h3>\n<p><strong>Remorquage<\/strong><br \/>\nBesoin d&rsquo;\u00eatre remorqu\u00e9? Rejoignez le garage le plus proche ou obtenez de l&rsquo;aide pour vous d\u00e9gager du banc de neige ou de la boue.<\/p>\n<p><strong>Cl\u00e9 Verrouill\u00e9e \u00e0 l&rsquo;Int\u00e9rieur<\/strong><br \/>\nVous vous \u00eates enferm\u00e9 dehors? Acc\u00e9dez \u00e0 votre v\u00e9hicule m\u00eame si les cl\u00e9s sont coinc\u00e9es \u00e0 l&rsquo;int\u00e9rieur.<\/p>\n<p><strong>Batterie \u00e0 plat<\/strong><br \/>\nLes lumi\u00e8res sont rest\u00e9es allum\u00e9es? Si votre v\u00e9hicule a la batterie \u00e0 plat, nous vous aiderons \u00e0 repartir.<\/p>\n<p><strong>Pneu Crev\u00e9<\/strong><br \/>\nVous avez une crevaison? Nous remplacerons le pneu avec la roue de secours.<\/p>\n<p><strong>Livraison d&rsquo;Essence<\/strong><br \/>\nEn panne d&rsquo;essence? Nous vous livrerons jusqu&rsquo;\u00e0 10 litres \u00e0 votre emplacement. Pour la location de v\u00e9hicule Tesla : il y a de nombreux avertissements avant que vous n&rsquo;\u00e9puisiez la batterie. Tesla vous pr\u00e9vient et vous sugg\u00e8re plusieurs stations de recharge \u00e0 utiliser. Cependant, une fois que vous aurez d\u00e9pass\u00e9 votre tampon, vous ne serez pas couvert pour le remorquage.[\/vc_column_text][\/vc_column][\/vc_row][\/vc_section]<\/p>\n<\/div>","protected":false},"excerpt":{"rendered":"<p>[vc_row is_header=\u00a0\u00bbtrue\u00a0\u00bb][vc_column width=\u00a0\u00bb2\/3&Prime; css=\u00a0\u00bb.vc_custom_1507235373954{padding-top: 3em !important;padding-bottom: 3em !important;}\u00a0\u00bb][vc_column_text] Pas d&rsquo;inqui\u00e9tude Assistance Routi\u00e8re GRATUITE &#8211; Louez chez Globe! L&rsquo;Assistance routi\u00e8re est un service facultatif qui est factur\u00e9 par toutes les compagnies. Chez Globe, ce service est offert avec votre location d&rsquo;auto! Que vous\u00a0louez pour un jour\u00a0ou pour\u00a0un mois, ceci va vous faire\u00a0\u00e9conomiser de l&rsquo;argent\u00a0et du temps [&hellip;]<\/p>\n","protected":false},"author":1,"featured_media":0,"parent":3864,"menu_order":0,"comment_status":"closed","ping_status":"closed","template":"","meta":{"_acf_changed":false,"_genesis_hide_title":false,"_genesis_hide_breadcrumbs":false,"_genesis_hide_singular_image":false,"_genesis_hide_footer_widgets":false,"_genesis_custom_body_class":"","_genesis_custom_post_class":"","_genesis_layout":"","jetpack_post_was_ever_published":false,"footnotes":""},"class_list":{"0":"post-3344","1":"page","2":"type-page","3":"status-publish","5":"entry"},"acf":[],"yoast_head":"<!-- This site is optimized with the Yoast SEO Premium plugin v27.1 (Yoast SEO v27.1.1) - https:\/\/yoast.com\/product\/yoast-seo-premium-wordpress\/ -->\n<title>Assistance Routi\u00e8re Gratuite | Globe Location de Voitures &amp; Camions \u00e0 Montr\u00e9al<\/title>\n<meta name=\"description\" content=\"Kilom\u00e9trage Illimit\u00e9 avec votre Location d&#039;Auto est toujours la meilleure option pour une compl\u00e8te paix d&#039;esprit.\" \/>\n<meta name=\"robots\" content=\"index, follow, max-snippet:-1, max-image-preview:large, max-video-preview:-1\" \/>\n<link rel=\"canonical\" href=\"https:\/\/www.globecar.com\/fr\/services-additionnels\/assistance-routiere-gratuite\/\" \/>\n<meta property=\"og:locale\" content=\"fr_CA\" \/>\n<meta property=\"og:type\" content=\"article\" \/>\n<meta property=\"og:title\" content=\"Assistance Routi\u00e8re Gratuite\" \/>\n<meta property=\"og:description\" content=\"Pas d&#039;inqui\u00e9tude Assistance Routi\u00e8re GRATUITE - Louez chez Globe! L&#039;Assistance routi\u00e8re est un service facultatif qui est factur\u00e9 par toutes les\" \/>\n<meta property=\"og:url\" content=\"https:\/\/www.globecar.com\/fr\/services-additionnels\/assistance-routiere-gratuite\/\" \/>\n<meta property=\"og:site_name\" content=\"Globe Location de Voitures &amp; Camions \u00e0 Montr\u00e9al\" \/>\n<meta property=\"article:publisher\" content=\"https:\/\/www.facebook.com\/GlobeCar\" \/>\n<meta property=\"article:modified_time\" content=\"2025-04-21T15:45:23+00:00\" \/>\n<meta property=\"og:image\" content=\"https:\/\/www.globecar.com\/wp-content\/uploads\/2023\/12\/thumbnail_logo_final-1.jpg\" \/>\n\t<meta property=\"og:image:width\" content=\"555\" \/>\n\t<meta property=\"og:image:height\" content=\"555\" \/>\n\t<meta property=\"og:image:type\" content=\"image\/jpeg\" \/>\n<meta name=\"twitter:card\" content=\"summary_large_image\" \/>\n<meta name=\"twitter:site\" content=\"@GlobeCar\" \/>\n<meta name=\"twitter:label1\" content=\"Estimation du temps de lecture\" \/>\n\t<meta name=\"twitter:data1\" content=\"2 minutes\" \/>\n<script type=\"application\/ld+json\" class=\"yoast-schema-graph\">{\"@context\":\"https:\/\/schema.org\",\"@graph\":[{\"@type\":\"WebPage\",\"@id\":\"https:\/\/www.globecar.com\/fr\/services-additionnels\/assistance-routiere-gratuite\/\",\"url\":\"https:\/\/www.globecar.com\/fr\/services-additionnels\/assistance-routiere-gratuite\/\",\"name\":\"Assistance Routi\u00e8re Gratuite | Globe Location de Voitures &amp; Camions \u00e0 Montr\u00e9al\",\"isPartOf\":{\"@id\":\"https:\/\/www.globecar.com\/fr\/#website\"},\"datePublished\":\"2018-04-04T19:37:45+00:00\",\"dateModified\":\"2025-04-21T15:45:23+00:00\",\"description\":\"Kilom\u00e9trage Illimit\u00e9 avec votre Location d'Auto est toujours la meilleure option pour une compl\u00e8te paix d'esprit.\",\"breadcrumb\":{\"@id\":\"https:\/\/www.globecar.com\/fr\/services-additionnels\/assistance-routiere-gratuite\/#breadcrumb\"},\"inLanguage\":\"fr-CA\",\"potentialAction\":[{\"@type\":\"ReadAction\",\"target\":[\"https:\/\/www.globecar.com\/fr\/services-additionnels\/assistance-routiere-gratuite\/\"]}]},{\"@type\":\"BreadcrumbList\",\"@id\":\"https:\/\/www.globecar.com\/fr\/services-additionnels\/assistance-routiere-gratuite\/#breadcrumb\",\"itemListElement\":[{\"@type\":\"ListItem\",\"position\":1,\"name\":\"Accueil\",\"item\":\"https:\/\/www.globecar.com\/fr\/\"},{\"@type\":\"ListItem\",\"position\":2,\"name\":\"Services additionnels\",\"item\":\"https:\/\/www.globecar.com\/fr\/services-additionnels\/\"},{\"@type\":\"ListItem\",\"position\":3,\"name\":\"Assistance Routi\u00e8re Gratuite\"}]},{\"@type\":\"WebSite\",\"@id\":\"https:\/\/www.globecar.com\/fr\/#website\",\"url\":\"https:\/\/www.globecar.com\/fr\/\",\"name\":\"Globe Location d'Autos et Camions \u00e0 Montr\u00e9al\",\"description\":\"Drive 4 Less\",\"publisher\":{\"@id\":\"https:\/\/www.globecar.com\/fr\/#organization\"},\"alternateName\":\"GlobeCar\",\"potentialAction\":[{\"@type\":\"SearchAction\",\"target\":{\"@type\":\"EntryPoint\",\"urlTemplate\":\"https:\/\/www.globecar.com\/fr\/?s={search_term_string}\"},\"query-input\":{\"@type\":\"PropertyValueSpecification\",\"valueRequired\":true,\"valueName\":\"search_term_string\"}}],\"inLanguage\":\"fr-CA\"},{\"@type\":\"Organization\",\"@id\":\"https:\/\/www.globecar.com\/fr\/#organization\",\"name\":\"Globe Car & Truck Rental\",\"alternateName\":\"GlobeCar\",\"url\":\"https:\/\/www.globecar.com\/fr\/\",\"logo\":{\"@type\":\"ImageObject\",\"inLanguage\":\"fr-CA\",\"@id\":\"https:\/\/www.globecar.com\/fr\/#\/schema\/logo\/image\/\",\"url\":\"https:\/\/www.globecar.com\/wp-content\/uploads\/2023\/12\/thumbnail_logo_final-1.jpg\",\"contentUrl\":\"https:\/\/www.globecar.com\/wp-content\/uploads\/2023\/12\/thumbnail_logo_final-1.jpg\",\"width\":555,\"height\":555,\"caption\":\"Globe Car & Truck Rental\"},\"image\":{\"@id\":\"https:\/\/www.globecar.com\/fr\/#\/schema\/logo\/image\/\"},\"sameAs\":[\"https:\/\/www.facebook.com\/GlobeCar\",\"https:\/\/x.com\/GlobeCar\",\"https:\/\/mastodon.social\/@globecar\",\"https:\/\/www.instagram.com\/globecar\/\",\"https:\/\/www.linkedin.com\/company\/globecar\/\",\"https:\/\/www.pinterest.com\/globecar\",\"https:\/\/www.youtube.com\/c\/GlobecarRentals\"]}]}<\/script>\n<!-- \/ Yoast SEO Premium plugin. -->","yoast_head_json":{"title":"Assistance Routi\u00e8re Gratuite | Globe Location de Voitures &amp; Camions \u00e0 Montr\u00e9al","description":"Kilom\u00e9trage Illimit\u00e9 avec votre Location d'Auto est toujours la meilleure option pour une compl\u00e8te paix d'esprit.","robots":{"index":"index","follow":"follow","max-snippet":"max-snippet:-1","max-image-preview":"max-image-preview:large","max-video-preview":"max-video-preview:-1"},"canonical":"https:\/\/www.globecar.com\/fr\/services-additionnels\/assistance-routiere-gratuite\/","og_locale":"fr_CA","og_type":"article","og_title":"Assistance Routi\u00e8re Gratuite","og_description":"Pas d'inqui\u00e9tude Assistance Routi\u00e8re GRATUITE - Louez chez Globe! L'Assistance routi\u00e8re est un service facultatif qui est factur\u00e9 par toutes les","og_url":"https:\/\/www.globecar.com\/fr\/services-additionnels\/assistance-routiere-gratuite\/","og_site_name":"Globe Location de Voitures &amp; Camions \u00e0 Montr\u00e9al","article_publisher":"https:\/\/www.facebook.com\/GlobeCar","article_modified_time":"2025-04-21T15:45:23+00:00","og_image":[{"width":555,"height":555,"url":"https:\/\/www.globecar.com\/wp-content\/uploads\/2023\/12\/thumbnail_logo_final-1.jpg","type":"image\/jpeg"}],"twitter_card":"summary_large_image","twitter_site":"@GlobeCar","twitter_misc":{"Estimation du temps de lecture":"2 minutes"},"schema":{"@context":"https:\/\/schema.org","@graph":[{"@type":"WebPage","@id":"https:\/\/www.globecar.com\/fr\/services-additionnels\/assistance-routiere-gratuite\/","url":"https:\/\/www.globecar.com\/fr\/services-additionnels\/assistance-routiere-gratuite\/","name":"Assistance Routi\u00e8re Gratuite | Globe Location de Voitures &amp; Camions \u00e0 Montr\u00e9al","isPartOf":{"@id":"https:\/\/www.globecar.com\/fr\/#website"},"datePublished":"2018-04-04T19:37:45+00:00","dateModified":"2025-04-21T15:45:23+00:00","description":"Kilom\u00e9trage Illimit\u00e9 avec votre Location d'Auto est toujours la meilleure option pour une compl\u00e8te paix d'esprit.","breadcrumb":{"@id":"https:\/\/www.globecar.com\/fr\/services-additionnels\/assistance-routiere-gratuite\/#breadcrumb"},"inLanguage":"fr-CA","potentialAction":[{"@type":"ReadAction","target":["https:\/\/www.globecar.com\/fr\/services-additionnels\/assistance-routiere-gratuite\/"]}]},{"@type":"BreadcrumbList","@id":"https:\/\/www.globecar.com\/fr\/services-additionnels\/assistance-routiere-gratuite\/#breadcrumb","itemListElement":[{"@type":"ListItem","position":1,"name":"Accueil","item":"https:\/\/www.globecar.com\/fr\/"},{"@type":"ListItem","position":2,"name":"Services additionnels","item":"https:\/\/www.globecar.com\/fr\/services-additionnels\/"},{"@type":"ListItem","position":3,"name":"Assistance Routi\u00e8re Gratuite"}]},{"@type":"WebSite","@id":"https:\/\/www.globecar.com\/fr\/#website","url":"https:\/\/www.globecar.com\/fr\/","name":"Globe Location d'Autos et Camions \u00e0 Montr\u00e9al","description":"Drive 4 Less","publisher":{"@id":"https:\/\/www.globecar.com\/fr\/#organization"},"alternateName":"GlobeCar","potentialAction":[{"@type":"SearchAction","target":{"@type":"EntryPoint","urlTemplate":"https:\/\/www.globecar.com\/fr\/?s={search_term_string}"},"query-input":{"@type":"PropertyValueSpecification","valueRequired":true,"valueName":"search_term_string"}}],"inLanguage":"fr-CA"},{"@type":"Organization","@id":"https:\/\/www.globecar.com\/fr\/#organization","name":"Globe Car & Truck Rental","alternateName":"GlobeCar","url":"https:\/\/www.globecar.com\/fr\/","logo":{"@type":"ImageObject","inLanguage":"fr-CA","@id":"https:\/\/www.globecar.com\/fr\/#\/schema\/logo\/image\/","url":"https:\/\/www.globecar.com\/wp-content\/uploads\/2023\/12\/thumbnail_logo_final-1.jpg","contentUrl":"https:\/\/www.globecar.com\/wp-content\/uploads\/2023\/12\/thumbnail_logo_final-1.jpg","width":555,"height":555,"caption":"Globe Car & Truck Rental"},"image":{"@id":"https:\/\/www.globecar.com\/fr\/#\/schema\/logo\/image\/"},"sameAs":["https:\/\/www.facebook.com\/GlobeCar","https:\/\/x.com\/GlobeCar","https:\/\/mastodon.social\/@globecar","https:\/\/www.instagram.com\/globecar\/","https:\/\/www.linkedin.com\/company\/globecar\/","https:\/\/www.pinterest.com\/globecar","https:\/\/www.youtube.com\/c\/GlobecarRentals"]}]}},"jetpack_sharing_enabled":true,"jetpack_shortlink":"https:\/\/wp.me\/PaiT2D-RW","_links":{"self":[{"href":"https:\/\/www.globecar.com\/fr\/wp-json\/wp\/v2\/pages\/3344","targetHints":{"allow":["GET"]}}],"collection":[{"href":"https:\/\/www.globecar.com\/fr\/wp-json\/wp\/v2\/pages"}],"about":[{"href":"https:\/\/www.globecar.com\/fr\/wp-json\/wp\/v2\/types\/page"}],"author":[{"embeddable":true,"href":"https:\/\/www.globecar.com\/fr\/wp-json\/wp\/v2\/users\/1"}],"replies":[{"embeddable":true,"href":"https:\/\/www.globecar.com\/fr\/wp-json\/wp\/v2\/comments?post=3344"}],"version-history":[{"count":11,"href":"https:\/\/www.globecar.com\/fr\/wp-json\/wp\/v2\/pages\/3344\/revisions"}],"predecessor-version":[{"id":18079,"href":"https:\/\/www.globecar.com\/fr\/wp-json\/wp\/v2\/pages\/3344\/revisions\/18079"}],"up":[{"embeddable":true,"href":"https:\/\/www.globecar.com\/fr\/wp-json\/wp\/v2\/pages\/3864"}],"wp:attachment":[{"href":"https:\/\/www.globecar.com\/fr\/wp-json\/wp\/v2\/media?parent=3344"}],"curies":[{"name":"wp","href":"https:\/\/api.w.org\/{rel}","templated":true}]}}