{"id":3338,"date":"2018-04-04T14:23:34","date_gmt":"2018-04-04T18:23:34","guid":{"rendered":"https:\/\/www.globecar.com\/aller-aux-usa\/"},"modified":"2024-05-08T08:34:58","modified_gmt":"2024-05-08T12:34:58","slug":"aller-aux-usa","status":"publish","type":"page","link":"https:\/\/www.globecar.com\/fr\/services-additionnels\/aller-aux-usa\/","title":{"rendered":"Aller aux \u00c9tats-Unis"},"content":{"rendered":"<div class=\"wpb-content-wrapper\"><p>[vc_row is_header=\u00a0\u00bbtrue\u00a0\u00bb][vc_column width=\u00a0\u00bb9\/12&Prime; css=\u00a0\u00bb.vc_custom_1507234159430{padding-top: 3em !important;padding-bottom: 3em !important;}\u00a0\u00bb][vc_column_text]<\/p>\n<h1>Avez-vous l&rsquo;intention de traverser la fronti\u00e8re avec votre v\u00e9hicule de location?<\/h1>\n<h2>Vous pouvez conduire votre v\u00e9hicule lou\u00e9 aux \u00c9tats-Unis.<\/h2>\n<p>Vous devez en avertir la <a href=\"https:\/\/www.globecar.com\/fr\/locations\/\">succursale o\u00f9 vous louez le v\u00e9hicule<\/a> avant de prendre la route et traverser la fronti\u00e8re avec le v\u00e9hicule lou\u00e9. Au moment de traverser la fronti\u00e8re, assurez-vous d&rsquo;avoir en votre possession les enregistrements du v\u00e9hicule, la preuve d&rsquo;assurance ainsi qu&rsquo;une copie de votre contrat de location (les copies \u00e9lectroniques sont aussi accept\u00e9es). Remarque : des frais de 5,95$ par jour sont applicables lorsque vous traversez la fronti\u00e8re avec le v\u00e9hicule lou\u00e9. Si vous omettez d&rsquo;ajouter cette option avant de traverser la fronti\u00e8re, vous contreviendrez au contrat de location. Tous les kilom\u00e8tres suppl\u00e9mentaires accumul\u00e9s seront factur\u00e9s selon les frais de kilom\u00e9trage pr\u00e9vus \u00e0 votre contrat de location.[\/vc_column_text][\/vc_column][vc_column width=\u00a0\u00bb3\/12&Prime;]\n\t\t\t<div class=\"price-ad  dark\"><span class=\"title\">Seulement<\/span><p class=\"amount\">5<span class=\"cents\">,95$<\/span><span class=\"per\">\/jour!<\/span><\/p><span class=\"amount-footer\"><\/span><\/div>[\/vc_column][\/vc_row][vc_section is_container=\u00a0\u00bbtrue\u00a0\u00bb][vc_row][vc_column][vc_column_text]<span style=\"font-weight: 400;\">Les frais des couvertures d&rsquo;assurance responabilit\u00e9 vis \u00e0 vis des tiers impos\u00e9es par la loi aux \u00c9tats-Unis sont beaucoup plus \u00e9lev\u00e9s qu&rsquo;au Canada. Ainsi, pour assurer notre protection r\u00e9ciproque, nous avons augment\u00e9 la valeur de notre couverture de 1 \u00e0 5 millions de dollars. <\/span><\/p>\n<h3>Conduire votre v\u00e9hicule de location aux \u00c9tats-Unis<\/h3>\n<ul>\n<li style=\"font-weight: 400;\"><span style=\"font-weight: 400;\"><strong>Les \u00e9tats autoris\u00e9s au d\u00e9part de Montr\u00e9al sont les suivants :<\/strong> Maine, New Hampshire, Vermont, New York, New Jersey, Massachusetts, Rhode Island, Connecticut. Vous ne pouvez pas conduire le v\u00e9hicule lou\u00e9 dans un \u00e9tat qui n&rsquo;appara\u00eet pas sur cette liste.<\/span><\/li>\n<\/ul>\n<p>Cela signifie que vous ne pouvez pas conduire le v\u00e9hicule lou\u00e9 dans un \u00e9tat qui n&rsquo;appara\u00eet pas sur cette liste.[\/vc_column_text][\/vc_column][\/vc_row][\/vc_section]<\/p>\n<\/div>","protected":false},"excerpt":{"rendered":"<p>[vc_row is_header=\u00a0\u00bbtrue\u00a0\u00bb][vc_column width=\u00a0\u00bb9\/12&Prime; css=\u00a0\u00bb.vc_custom_1507234159430{padding-top: 3em !important;padding-bottom: 3em !important;}\u00a0\u00bb][vc_column_text] Avez-vous l&rsquo;intention de traverser la fronti\u00e8re avec votre v\u00e9hicule de location? Vous pouvez conduire votre v\u00e9hicule lou\u00e9 aux \u00c9tats-Unis. Vous devez en avertir la succursale o\u00f9 vous louez le v\u00e9hicule avant de prendre la route et traverser la fronti\u00e8re avec le v\u00e9hicule lou\u00e9. Au moment de traverser [&hellip;]<\/p>\n","protected":false},"author":1,"featured_media":0,"parent":3864,"menu_order":0,"comment_status":"closed","ping_status":"closed","template":"","meta":{"_acf_changed":false,"_genesis_hide_title":false,"_genesis_hide_breadcrumbs":false,"_genesis_hide_singular_image":false,"_genesis_hide_footer_widgets":false,"_genesis_custom_body_class":"","_genesis_custom_post_class":"","_genesis_layout":"","jetpack_post_was_ever_published":false,"footnotes":""},"class_list":{"0":"post-3338","1":"page","2":"type-page","3":"status-publish","5":"entry"},"acf":[],"yoast_head":"<!-- This site is optimized with the Yoast SEO Premium plugin v27.1 (Yoast SEO v27.1.1) - https:\/\/yoast.com\/product\/yoast-seo-premium-wordpress\/ -->\n<title>Partir aux \u00c9tats-Unis en Voiture | Globe Location de Voitures &amp; Camions \u00e0 Montr\u00e9al<\/title>\n<meta name=\"description\" content=\"Avec Globe Location, vous pouvez traverser la fronti\u00e8re des \u00c9tats-Unis avec votre v\u00e9hicule de location moyennant un montant minime de 5,95$ par jour.\" \/>\n<meta name=\"robots\" content=\"index, follow, max-snippet:-1, max-image-preview:large, max-video-preview:-1\" \/>\n<link rel=\"canonical\" href=\"https:\/\/www.globecar.com\/fr\/services-additionnels\/aller-aux-usa\/\" \/>\n<meta property=\"og:locale\" content=\"fr_CA\" \/>\n<meta property=\"og:type\" content=\"article\" \/>\n<meta property=\"og:title\" content=\"Aller aux \u00c9tats-Unis\" \/>\n<meta property=\"og:description\" content=\"Avez-vous l&#039;intention de traverser la fronti\u00e8re avec votre v\u00e9hicule de location? Vous pouvez conduire votre v\u00e9hicule lou\u00e9 aux \u00c9tats-Unis. Vous devez en\" \/>\n<meta property=\"og:url\" content=\"https:\/\/www.globecar.com\/fr\/services-additionnels\/aller-aux-usa\/\" \/>\n<meta property=\"og:site_name\" content=\"Globe Location de Voitures &amp; Camions \u00e0 Montr\u00e9al\" \/>\n<meta property=\"article:publisher\" content=\"https:\/\/www.facebook.com\/GlobeCar\" \/>\n<meta property=\"article:modified_time\" content=\"2024-05-08T12:34:58+00:00\" \/>\n<meta property=\"og:image\" content=\"https:\/\/www.globecar.com\/wp-content\/uploads\/2023\/12\/thumbnail_logo_final-1.jpg\" \/>\n\t<meta property=\"og:image:width\" content=\"555\" \/>\n\t<meta property=\"og:image:height\" content=\"555\" \/>\n\t<meta property=\"og:image:type\" content=\"image\/jpeg\" \/>\n<meta name=\"twitter:card\" content=\"summary_large_image\" \/>\n<meta name=\"twitter:site\" content=\"@GlobeCar\" \/>\n<meta name=\"twitter:label1\" content=\"Estimation du temps de lecture\" \/>\n\t<meta name=\"twitter:data1\" content=\"2 minutes\" \/>\n<script type=\"application\/ld+json\" class=\"yoast-schema-graph\">{\"@context\":\"https:\/\/schema.org\",\"@graph\":[{\"@type\":\"WebPage\",\"@id\":\"https:\/\/www.globecar.com\/fr\/services-additionnels\/aller-aux-usa\/\",\"url\":\"https:\/\/www.globecar.com\/fr\/services-additionnels\/aller-aux-usa\/\",\"name\":\"Partir aux \u00c9tats-Unis en Voiture | Globe Location de Voitures &amp; Camions \u00e0 Montr\u00e9al\",\"isPartOf\":{\"@id\":\"https:\/\/www.globecar.com\/fr\/#website\"},\"datePublished\":\"2018-04-04T18:23:34+00:00\",\"dateModified\":\"2024-05-08T12:34:58+00:00\",\"description\":\"Avec Globe Location, vous pouvez traverser la fronti\u00e8re des \u00c9tats-Unis avec votre v\u00e9hicule de location moyennant un montant minime de 5,95$ par jour.\",\"breadcrumb\":{\"@id\":\"https:\/\/www.globecar.com\/fr\/services-additionnels\/aller-aux-usa\/#breadcrumb\"},\"inLanguage\":\"fr-CA\",\"potentialAction\":[{\"@type\":\"ReadAction\",\"target\":[\"https:\/\/www.globecar.com\/fr\/services-additionnels\/aller-aux-usa\/\"]}]},{\"@type\":\"BreadcrumbList\",\"@id\":\"https:\/\/www.globecar.com\/fr\/services-additionnels\/aller-aux-usa\/#breadcrumb\",\"itemListElement\":[{\"@type\":\"ListItem\",\"position\":1,\"name\":\"Accueil\",\"item\":\"https:\/\/www.globecar.com\/fr\/\"},{\"@type\":\"ListItem\",\"position\":2,\"name\":\"Services additionnels\",\"item\":\"https:\/\/www.globecar.com\/fr\/services-additionnels\/\"},{\"@type\":\"ListItem\",\"position\":3,\"name\":\"Aller aux \u00c9tats-Unis\"}]},{\"@type\":\"WebSite\",\"@id\":\"https:\/\/www.globecar.com\/fr\/#website\",\"url\":\"https:\/\/www.globecar.com\/fr\/\",\"name\":\"Globe Location d'Autos et Camions \u00e0 Montr\u00e9al\",\"description\":\"Drive 4 Less\",\"publisher\":{\"@id\":\"https:\/\/www.globecar.com\/fr\/#organization\"},\"alternateName\":\"GlobeCar\",\"potentialAction\":[{\"@type\":\"SearchAction\",\"target\":{\"@type\":\"EntryPoint\",\"urlTemplate\":\"https:\/\/www.globecar.com\/fr\/?s={search_term_string}\"},\"query-input\":{\"@type\":\"PropertyValueSpecification\",\"valueRequired\":true,\"valueName\":\"search_term_string\"}}],\"inLanguage\":\"fr-CA\"},{\"@type\":\"Organization\",\"@id\":\"https:\/\/www.globecar.com\/fr\/#organization\",\"name\":\"Globe Car & Truck Rental\",\"alternateName\":\"GlobeCar\",\"url\":\"https:\/\/www.globecar.com\/fr\/\",\"logo\":{\"@type\":\"ImageObject\",\"inLanguage\":\"fr-CA\",\"@id\":\"https:\/\/www.globecar.com\/fr\/#\/schema\/logo\/image\/\",\"url\":\"https:\/\/www.globecar.com\/wp-content\/uploads\/2023\/12\/thumbnail_logo_final-1.jpg\",\"contentUrl\":\"https:\/\/www.globecar.com\/wp-content\/uploads\/2023\/12\/thumbnail_logo_final-1.jpg\",\"width\":555,\"height\":555,\"caption\":\"Globe Car & Truck Rental\"},\"image\":{\"@id\":\"https:\/\/www.globecar.com\/fr\/#\/schema\/logo\/image\/\"},\"sameAs\":[\"https:\/\/www.facebook.com\/GlobeCar\",\"https:\/\/x.com\/GlobeCar\",\"https:\/\/mastodon.social\/@globecar\",\"https:\/\/www.instagram.com\/globecar\/\",\"https:\/\/www.linkedin.com\/company\/globecar\/\",\"https:\/\/www.pinterest.com\/globecar\",\"https:\/\/www.youtube.com\/c\/GlobecarRentals\"]}]}<\/script>\n<!-- \/ Yoast SEO Premium plugin. -->","yoast_head_json":{"title":"Partir aux \u00c9tats-Unis en Voiture | Globe Location de Voitures &amp; Camions \u00e0 Montr\u00e9al","description":"Avec Globe Location, vous pouvez traverser la fronti\u00e8re des \u00c9tats-Unis avec votre v\u00e9hicule de location moyennant un montant minime de 5,95$ par jour.","robots":{"index":"index","follow":"follow","max-snippet":"max-snippet:-1","max-image-preview":"max-image-preview:large","max-video-preview":"max-video-preview:-1"},"canonical":"https:\/\/www.globecar.com\/fr\/services-additionnels\/aller-aux-usa\/","og_locale":"fr_CA","og_type":"article","og_title":"Aller aux \u00c9tats-Unis","og_description":"Avez-vous l'intention de traverser la fronti\u00e8re avec votre v\u00e9hicule de location? Vous pouvez conduire votre v\u00e9hicule lou\u00e9 aux \u00c9tats-Unis. Vous devez en","og_url":"https:\/\/www.globecar.com\/fr\/services-additionnels\/aller-aux-usa\/","og_site_name":"Globe Location de Voitures &amp; Camions \u00e0 Montr\u00e9al","article_publisher":"https:\/\/www.facebook.com\/GlobeCar","article_modified_time":"2024-05-08T12:34:58+00:00","og_image":[{"width":555,"height":555,"url":"https:\/\/www.globecar.com\/wp-content\/uploads\/2023\/12\/thumbnail_logo_final-1.jpg","type":"image\/jpeg"}],"twitter_card":"summary_large_image","twitter_site":"@GlobeCar","twitter_misc":{"Estimation du temps de lecture":"2 minutes"},"schema":{"@context":"https:\/\/schema.org","@graph":[{"@type":"WebPage","@id":"https:\/\/www.globecar.com\/fr\/services-additionnels\/aller-aux-usa\/","url":"https:\/\/www.globecar.com\/fr\/services-additionnels\/aller-aux-usa\/","name":"Partir aux \u00c9tats-Unis en Voiture | Globe Location de Voitures &amp; Camions \u00e0 Montr\u00e9al","isPartOf":{"@id":"https:\/\/www.globecar.com\/fr\/#website"},"datePublished":"2018-04-04T18:23:34+00:00","dateModified":"2024-05-08T12:34:58+00:00","description":"Avec Globe Location, vous pouvez traverser la fronti\u00e8re des \u00c9tats-Unis avec votre v\u00e9hicule de location moyennant un montant minime de 5,95$ par jour.","breadcrumb":{"@id":"https:\/\/www.globecar.com\/fr\/services-additionnels\/aller-aux-usa\/#breadcrumb"},"inLanguage":"fr-CA","potentialAction":[{"@type":"ReadAction","target":["https:\/\/www.globecar.com\/fr\/services-additionnels\/aller-aux-usa\/"]}]},{"@type":"BreadcrumbList","@id":"https:\/\/www.globecar.com\/fr\/services-additionnels\/aller-aux-usa\/#breadcrumb","itemListElement":[{"@type":"ListItem","position":1,"name":"Accueil","item":"https:\/\/www.globecar.com\/fr\/"},{"@type":"ListItem","position":2,"name":"Services additionnels","item":"https:\/\/www.globecar.com\/fr\/services-additionnels\/"},{"@type":"ListItem","position":3,"name":"Aller aux \u00c9tats-Unis"}]},{"@type":"WebSite","@id":"https:\/\/www.globecar.com\/fr\/#website","url":"https:\/\/www.globecar.com\/fr\/","name":"Globe Location d'Autos et Camions \u00e0 Montr\u00e9al","description":"Drive 4 Less","publisher":{"@id":"https:\/\/www.globecar.com\/fr\/#organization"},"alternateName":"GlobeCar","potentialAction":[{"@type":"SearchAction","target":{"@type":"EntryPoint","urlTemplate":"https:\/\/www.globecar.com\/fr\/?s={search_term_string}"},"query-input":{"@type":"PropertyValueSpecification","valueRequired":true,"valueName":"search_term_string"}}],"inLanguage":"fr-CA"},{"@type":"Organization","@id":"https:\/\/www.globecar.com\/fr\/#organization","name":"Globe Car & Truck Rental","alternateName":"GlobeCar","url":"https:\/\/www.globecar.com\/fr\/","logo":{"@type":"ImageObject","inLanguage":"fr-CA","@id":"https:\/\/www.globecar.com\/fr\/#\/schema\/logo\/image\/","url":"https:\/\/www.globecar.com\/wp-content\/uploads\/2023\/12\/thumbnail_logo_final-1.jpg","contentUrl":"https:\/\/www.globecar.com\/wp-content\/uploads\/2023\/12\/thumbnail_logo_final-1.jpg","width":555,"height":555,"caption":"Globe Car & Truck Rental"},"image":{"@id":"https:\/\/www.globecar.com\/fr\/#\/schema\/logo\/image\/"},"sameAs":["https:\/\/www.facebook.com\/GlobeCar","https:\/\/x.com\/GlobeCar","https:\/\/mastodon.social\/@globecar","https:\/\/www.instagram.com\/globecar\/","https:\/\/www.linkedin.com\/company\/globecar\/","https:\/\/www.pinterest.com\/globecar","https:\/\/www.youtube.com\/c\/GlobecarRentals"]}]}},"jetpack_sharing_enabled":true,"jetpack_shortlink":"https:\/\/wp.me\/PaiT2D-RQ","_links":{"self":[{"href":"https:\/\/www.globecar.com\/fr\/wp-json\/wp\/v2\/pages\/3338","targetHints":{"allow":["GET"]}}],"collection":[{"href":"https:\/\/www.globecar.com\/fr\/wp-json\/wp\/v2\/pages"}],"about":[{"href":"https:\/\/www.globecar.com\/fr\/wp-json\/wp\/v2\/types\/page"}],"author":[{"embeddable":true,"href":"https:\/\/www.globecar.com\/fr\/wp-json\/wp\/v2\/users\/1"}],"replies":[{"embeddable":true,"href":"https:\/\/www.globecar.com\/fr\/wp-json\/wp\/v2\/comments?post=3338"}],"version-history":[{"count":0,"href":"https:\/\/www.globecar.com\/fr\/wp-json\/wp\/v2\/pages\/3338\/revisions"}],"up":[{"embeddable":true,"href":"https:\/\/www.globecar.com\/fr\/wp-json\/wp\/v2\/pages\/3864"}],"wp:attachment":[{"href":"https:\/\/www.globecar.com\/fr\/wp-json\/wp\/v2\/media?parent=3338"}],"curies":[{"name":"wp","href":"https:\/\/api.w.org\/{rel}","templated":true}]}}