{"id":3311,"date":"2017-08-16T15:12:40","date_gmt":"2017-08-16T19:12:40","guid":{"rendered":"https:\/\/www.globecar.com\/car-rental-vs-car-sharing\/"},"modified":"2024-05-23T02:19:17","modified_gmt":"2024-05-23T06:19:17","slug":"location-de-voiture-vs-autopartage","status":"publish","type":"page","link":"https:\/\/www.globecar.com\/fr\/a-propos\/location-de-voiture-vs-autopartage\/","title":{"rendered":"Location de voiture VS Autopartage"},"content":{"rendered":"<div class=\"wpb-content-wrapper\"><p>[vc_row content_placement=\u00a0\u00bbmiddle\u00a0\u00bb is_header=\u00a0\u00bbtrue\u00a0\u00bb][vc_column width=\u00a0\u00bb1\/2&Prime;][vc_column_text]<\/p>\n<h1>Location de voiture ou autopartage?<\/h1>\n<h2>Une confrontation entre Globe et Communauto!<\/h2>\n<p>Une lutte \u00e0 finir! Mais qui l&#8217;emportera? &#8211; \u00e0 vous de juger. L&rsquo;autopartage offre plusieurs avantages mais ses limites ne sont souvent pas connues des consommateurs. Dans les diapositives qui suivent, nous explorons ces diff\u00e9rences afin de vous aider \u00e0 faire votre choix.[\/vc_column_text][\/vc_column][vc_column width=\u00a0\u00bb1\/2&Prime;][vc_single_image image=\u00a0\u00bb2805&Prime; img_size=\u00a0\u00bbfull\u00a0\u00bb alignment=\u00a0\u00bbcenter\u00a0\u00bb][\/vc_column][\/vc_row][vc_section is_container=\u00a0\u00bbtrue\u00a0\u00bb][vc_row][vc_column width=\u00a0\u00bb1\/2&Prime;][vc_column_text]<\/p>\n<h3>Regardez la vid\u00e9o et faites votre choix!<\/h3>\n<p>[\/vc_column_text][\/vc_column][vc_column width=\u00a0\u00bb1\/2&Prime;][vc_column_text]<\/p>\n<p style=\"text-align: right;\"><span class=\"button\"><a href=\"https:\/\/www.globecar.com\/wp-content\/uploads\/2018\/09\/globe_vs_communauto_FR.pdf\" target=\"_blank\" rel=\"noopener\">T\u00e9l\u00e9charger le PDF<\/a><\/span><\/p>\n<p>[\/vc_column_text][\/vc_column][\/vc_row][vc_row css=\u00a0\u00bb.vc_custom_1502986135969{margin-top: 2em !important;}\u00a0\u00bb][vc_column][vc_column_text]<iframe loading=\"lazy\" style=\"border: 1px solid #CCC; border-width: 1px; margin-bottom: 5px; max-width: 100%;\" src=\"\/\/www.slideshare.net\/slideshow\/embed_code\/key\/AYRzItLCVsNReC?rel=0\" width=\"720\" height=\"505\" frameborder=\"0\" marginwidth=\"0\" marginheight=\"0\" scrolling=\"no\" allowfullscreen=\"allowfullscreen\"><\/iframe>[\/vc_column_text][vc_separator][\/vc_column][\/vc_row][vc_row][vc_column width=\u00a0\u00bb1\/2&Prime;][vc_column_text]<\/p>\n<h3>Les avantages de l&rsquo;autopartage.<br \/>\nTout d\u00e9pend de vos besoins.<\/h3>\n<p>L&rsquo;autopartage peut \u00eatre plus avantageux que<a href=\"https:\/\/www.globecar.com\/fr\/a-propos\/pourquoi-choisir-globe\/\"> la location de voiture<\/a> pour des d\u00e9placements sur courtes distances \u2013 g\u00e9n\u00e9ralement pour quelques heures. De plus, les services d&rsquo;autopartage d\u00e9pendent de la demande \u2013 cela signifie que vous pouvez spontan\u00e9ment d\u00e9cider d&rsquo;une destination alors que vous marchez sur la rue, consulter l&rsquo;appli sur votre t\u00e9l\u00e9phone et trouver le v\u00e9hicule disponible le plus pr\u00e8s. Bien s\u00fbr vous pouvez <a href=\"https:\/\/www.globecar.com\/fr\/locations\/\">chercher une succursale de location d&rsquo;auto<\/a>\u2026 mais elle doit \u00eatre ouverte et facilement accessible (les entreprises de location de v\u00e9hicules ne sont pas toutes <a href=\"https:\/\/www.globecar.com\/fr\/a-propos\/des-horaires-prolonges\/\">ouvertes jusqu&rsquo;\u00e0 19h, 7 jours par semaine comme le sont les succursales de Globe<\/a>). Certaines entreprises d&rsquo;autopartage vous permettent de vous stationner sur la rue dans des espaces de stationnement d\u00e9sign\u00e9s. Une autre caract\u00e9ristique populaire est l&rsquo;utilisation d&rsquo;un v\u00e9hicule du point A au point B \u2013 dans une seule direction. La location de voiture vous permet de d\u00e9poser le v\u00e9hicule lou\u00e9 dans d&rsquo;autres emplacements alors que l&rsquo;autopartage vous permet de laisser votre v\u00e9hicule partout en ville, en autant qu&rsquo;il soit stationn\u00e9 dans un espace d\u00e9sign\u00e9.[\/vc_column_text][\/vc_column][vc_column width=\u00a0\u00bb1\/2&Prime;][vc_column_text]<\/p>\n<h3>Principaux inconv\u00e9nients de l&rsquo;autopartage :<\/h3>\n<ol>\n<li>Vous devez vous inscrire et autoriser une demande d&rsquo;information de cr\u00e9dit<\/li>\n<li>La propret\u00e9 des v\u00e9hicules laisse souvent \u00e0 d\u00e9sirer \u2013 Beurk!<\/li>\n<li>Si le niveau d&rsquo;essence est bas, vous avez l&rsquo;obligation de faire le plein et de demander un remboursement<\/li>\n<li>L&rsquo;utilisation sur de longues p\u00e9riodes peut \u00eatre tr\u00e8s dispendieuse, faites le calcul<\/li>\n<li>Pas de kilom\u00e9trage illimit\u00e9, une assistance routi\u00e8re limit\u00e9e<\/li>\n<li>Des mod\u00e8les limit\u00e9s de v\u00e9hicule \u2013 Pas de VUS, de v\u00e9hicules pleine grandeur, de fourgonnettes, etc\u2026<\/li>\n<li>Si vous arrivez en retard, votre v\u00e9hicule pourrait \u00eatre attribu\u00e9 \u00e0 quelqu&rsquo;un d&rsquo;autre!<\/li>\n<li>Et qu&rsquo;arrive-t-il si aucune voiture n&rsquo;est disponible dans votre secteur? Vous faites appel \u00e0 une entreprise de location?<\/li>\n<li>Viendra-t-on vous chercher \/ vous d\u00e9poser?<\/li>\n<\/ol>\n<p>[\/vc_column_text][\/vc_column][\/vc_row][\/vc_section][vc_section][vc_row full_width=\u00a0\u00bbstretch_row\u00a0\u00bb][vc_column]\n\t\t<div class=\"simple-banner \">\n\t\t\t<img decoding=\"async\" width=\"1574\" height=\"390\" src=\"https:\/\/www.globecar.com\/wp-content\/uploads\/2017\/08\/ready-to-drive.jpg\" class=\"attachment-full size-full\" alt=\"ready-to-drive\" srcset=\"https:\/\/www.globecar.com\/wp-content\/uploads\/2017\/08\/ready-to-drive.jpg 1574w, https:\/\/www.globecar.com\/wp-content\/uploads\/2017\/08\/ready-to-drive-150x37.jpg 150w, https:\/\/www.globecar.com\/wp-content\/uploads\/2017\/08\/ready-to-drive-300x74.jpg 300w, https:\/\/www.globecar.com\/wp-content\/uploads\/2017\/08\/ready-to-drive-768x190.jpg 768w, https:\/\/www.globecar.com\/wp-content\/uploads\/2017\/08\/ready-to-drive-1024x254.jpg 1024w, https:\/\/www.globecar.com\/wp-content\/uploads\/2017\/08\/ready-to-drive-300x74@2x.jpg 600w, https:\/\/www.globecar.com\/wp-content\/uploads\/2017\/08\/ready-to-drive-768x190@2x.jpg 1536w\" sizes=\"(max-width: 1574px) 100vw, 1574px\" \/>\n\t\t\t<div class=\"wrap\"><div class=\"mini-wrap\"><h3>Pr\u00eat \u00e0 conduire?<\/h3><\/div><a class=\"button onDark full large\" href=\"https:\/\/reserve.globecar.com\/fr\/rent-a-car\">Louer un v\u00e9hicule<\/a>\t<\/div><\/div>[\/vc_column][\/vc_row][\/vc_section]<\/p>\n<\/div>","protected":false},"excerpt":{"rendered":"<p>[vc_row content_placement=\u00a0\u00bbmiddle\u00a0\u00bb is_header=\u00a0\u00bbtrue\u00a0\u00bb][vc_column width=\u00a0\u00bb1\/2&Prime;][vc_column_text] Location de voiture ou autopartage? Une confrontation entre Globe et Communauto! Une lutte \u00e0 finir! Mais qui l&#8217;emportera? &#8211; \u00e0 vous de juger. L&rsquo;autopartage offre plusieurs avantages mais ses limites ne sont souvent pas connues des consommateurs. Dans les diapositives qui suivent, nous explorons ces diff\u00e9rences afin de vous aider \u00e0 [&hellip;]<\/p>\n","protected":false},"author":1,"featured_media":0,"parent":4267,"menu_order":0,"comment_status":"closed","ping_status":"closed","template":"","meta":{"_acf_changed":false,"_genesis_hide_title":false,"_genesis_hide_breadcrumbs":false,"_genesis_hide_singular_image":false,"_genesis_hide_footer_widgets":false,"_genesis_custom_body_class":"","_genesis_custom_post_class":"","_genesis_layout":"","jetpack_post_was_ever_published":false,"footnotes":""},"class_list":{"0":"post-3311","1":"page","2":"type-page","3":"status-publish","5":"entry","6":"has-post-thumbnail"},"acf":[],"yoast_head":"<!-- This site is optimized with the Yoast SEO Premium plugin v27.1 (Yoast SEO v27.1.1) - https:\/\/yoast.com\/product\/yoast-seo-premium-wordpress\/ -->\n<title>Location de Voiture ou Autopartage? | Globe Location de Voitures &amp; Camions \u00e0 Montr\u00e9al<\/title>\n<meta name=\"description\" content=\"Location de voiture ou l&#039;autopartage \u00e0 Montr\u00e9al? Quel service est le moins cher? Y a-t-il un service meilleur que l&#039;autre? \u00c0 vous de juger!\" \/>\n<meta name=\"robots\" content=\"index, follow, max-snippet:-1, max-image-preview:large, max-video-preview:-1\" \/>\n<link rel=\"canonical\" href=\"https:\/\/www.globecar.com\/fr\/a-propos\/location-de-voiture-vs-autopartage\/\" \/>\n<meta property=\"og:locale\" content=\"fr_CA\" \/>\n<meta property=\"og:type\" content=\"article\" \/>\n<meta property=\"og:title\" content=\"Location de voiture VS Autopartage\" \/>\n<meta property=\"og:description\" content=\"Location de voiture ou autopartage? Une confrontation entre Globe et Communauto! Une lutte \u00e0 finir! Mais qui l&#039;emportera? - \u00e0 vous de juger. L&#039;autopartage\" \/>\n<meta property=\"og:url\" content=\"https:\/\/www.globecar.com\/fr\/a-propos\/location-de-voiture-vs-autopartage\/\" \/>\n<meta property=\"og:site_name\" content=\"Globe Location de Voitures &amp; Camions \u00e0 Montr\u00e9al\" \/>\n<meta property=\"article:publisher\" content=\"https:\/\/www.facebook.com\/GlobeCar\" \/>\n<meta property=\"article:modified_time\" content=\"2024-05-23T06:19:17+00:00\" \/>\n<meta property=\"og:image\" content=\"https:\/\/www.globecar.com\/wp-content\/uploads\/2023\/12\/thumbnail_logo_final-1.jpg\" \/>\n\t<meta property=\"og:image:width\" content=\"555\" \/>\n\t<meta property=\"og:image:height\" content=\"555\" \/>\n\t<meta property=\"og:image:type\" content=\"image\/jpeg\" \/>\n<meta name=\"twitter:card\" content=\"summary_large_image\" \/>\n<meta name=\"twitter:site\" content=\"@GlobeCar\" \/>\n<meta name=\"twitter:label1\" content=\"Estimation du temps de lecture\" \/>\n\t<meta name=\"twitter:data1\" content=\"2 minutes\" \/>\n<script type=\"application\/ld+json\" class=\"yoast-schema-graph\">{\"@context\":\"https:\/\/schema.org\",\"@graph\":[{\"@type\":\"WebPage\",\"@id\":\"https:\/\/www.globecar.com\/fr\/a-propos\/location-de-voiture-vs-autopartage\/\",\"url\":\"https:\/\/www.globecar.com\/fr\/a-propos\/location-de-voiture-vs-autopartage\/\",\"name\":\"Location de Voiture ou Autopartage? | Globe Location de Voitures &amp; Camions \u00e0 Montr\u00e9al\",\"isPartOf\":{\"@id\":\"https:\/\/www.globecar.com\/fr\/#website\"},\"datePublished\":\"2017-08-16T19:12:40+00:00\",\"dateModified\":\"2024-05-23T06:19:17+00:00\",\"description\":\"Location de voiture ou l'autopartage \u00e0 Montr\u00e9al? Quel service est le moins cher? Y a-t-il un service meilleur que l'autre? \u00c0 vous de juger!\",\"breadcrumb\":{\"@id\":\"https:\/\/www.globecar.com\/fr\/a-propos\/location-de-voiture-vs-autopartage\/#breadcrumb\"},\"inLanguage\":\"fr-CA\",\"potentialAction\":[{\"@type\":\"ReadAction\",\"target\":[\"https:\/\/www.globecar.com\/fr\/a-propos\/location-de-voiture-vs-autopartage\/\"]}]},{\"@type\":\"BreadcrumbList\",\"@id\":\"https:\/\/www.globecar.com\/fr\/a-propos\/location-de-voiture-vs-autopartage\/#breadcrumb\",\"itemListElement\":[{\"@type\":\"ListItem\",\"position\":1,\"name\":\"Accueil\",\"item\":\"https:\/\/www.globecar.com\/fr\/\"},{\"@type\":\"ListItem\",\"position\":2,\"name\":\"\u00c0 Propos\",\"item\":\"https:\/\/www.globecar.com\/fr\/a-propos\/\"},{\"@type\":\"ListItem\",\"position\":3,\"name\":\"Location de voiture VS Autopartage\"}]},{\"@type\":\"WebSite\",\"@id\":\"https:\/\/www.globecar.com\/fr\/#website\",\"url\":\"https:\/\/www.globecar.com\/fr\/\",\"name\":\"Globe Location d'Autos et Camions \u00e0 Montr\u00e9al\",\"description\":\"Drive 4 Less\",\"publisher\":{\"@id\":\"https:\/\/www.globecar.com\/fr\/#organization\"},\"alternateName\":\"GlobeCar\",\"potentialAction\":[{\"@type\":\"SearchAction\",\"target\":{\"@type\":\"EntryPoint\",\"urlTemplate\":\"https:\/\/www.globecar.com\/fr\/?s={search_term_string}\"},\"query-input\":{\"@type\":\"PropertyValueSpecification\",\"valueRequired\":true,\"valueName\":\"search_term_string\"}}],\"inLanguage\":\"fr-CA\"},{\"@type\":\"Organization\",\"@id\":\"https:\/\/www.globecar.com\/fr\/#organization\",\"name\":\"Globe Car & Truck Rental\",\"alternateName\":\"GlobeCar\",\"url\":\"https:\/\/www.globecar.com\/fr\/\",\"logo\":{\"@type\":\"ImageObject\",\"inLanguage\":\"fr-CA\",\"@id\":\"https:\/\/www.globecar.com\/fr\/#\/schema\/logo\/image\/\",\"url\":\"https:\/\/www.globecar.com\/wp-content\/uploads\/2023\/12\/thumbnail_logo_final-1.jpg\",\"contentUrl\":\"https:\/\/www.globecar.com\/wp-content\/uploads\/2023\/12\/thumbnail_logo_final-1.jpg\",\"width\":555,\"height\":555,\"caption\":\"Globe Car & Truck Rental\"},\"image\":{\"@id\":\"https:\/\/www.globecar.com\/fr\/#\/schema\/logo\/image\/\"},\"sameAs\":[\"https:\/\/www.facebook.com\/GlobeCar\",\"https:\/\/x.com\/GlobeCar\",\"https:\/\/mastodon.social\/@globecar\",\"https:\/\/www.instagram.com\/globecar\/\",\"https:\/\/www.linkedin.com\/company\/globecar\/\",\"https:\/\/www.pinterest.com\/globecar\",\"https:\/\/www.youtube.com\/c\/GlobecarRentals\"]}]}<\/script>\n<!-- \/ Yoast SEO Premium plugin. -->","yoast_head_json":{"title":"Location de Voiture ou Autopartage? | Globe Location de Voitures &amp; Camions \u00e0 Montr\u00e9al","description":"Location de voiture ou l'autopartage \u00e0 Montr\u00e9al? Quel service est le moins cher? Y a-t-il un service meilleur que l'autre? \u00c0 vous de juger!","robots":{"index":"index","follow":"follow","max-snippet":"max-snippet:-1","max-image-preview":"max-image-preview:large","max-video-preview":"max-video-preview:-1"},"canonical":"https:\/\/www.globecar.com\/fr\/a-propos\/location-de-voiture-vs-autopartage\/","og_locale":"fr_CA","og_type":"article","og_title":"Location de voiture VS Autopartage","og_description":"Location de voiture ou autopartage? Une confrontation entre Globe et Communauto! Une lutte \u00e0 finir! Mais qui l'emportera? - \u00e0 vous de juger. L'autopartage","og_url":"https:\/\/www.globecar.com\/fr\/a-propos\/location-de-voiture-vs-autopartage\/","og_site_name":"Globe Location de Voitures &amp; Camions \u00e0 Montr\u00e9al","article_publisher":"https:\/\/www.facebook.com\/GlobeCar","article_modified_time":"2024-05-23T06:19:17+00:00","og_image":[{"width":555,"height":555,"url":"https:\/\/www.globecar.com\/wp-content\/uploads\/2023\/12\/thumbnail_logo_final-1.jpg","type":"image\/jpeg"}],"twitter_card":"summary_large_image","twitter_site":"@GlobeCar","twitter_misc":{"Estimation du temps de lecture":"2 minutes"},"schema":{"@context":"https:\/\/schema.org","@graph":[{"@type":"WebPage","@id":"https:\/\/www.globecar.com\/fr\/a-propos\/location-de-voiture-vs-autopartage\/","url":"https:\/\/www.globecar.com\/fr\/a-propos\/location-de-voiture-vs-autopartage\/","name":"Location de Voiture ou Autopartage? | Globe Location de Voitures &amp; Camions \u00e0 Montr\u00e9al","isPartOf":{"@id":"https:\/\/www.globecar.com\/fr\/#website"},"datePublished":"2017-08-16T19:12:40+00:00","dateModified":"2024-05-23T06:19:17+00:00","description":"Location de voiture ou l'autopartage \u00e0 Montr\u00e9al? Quel service est le moins cher? Y a-t-il un service meilleur que l'autre? \u00c0 vous de juger!","breadcrumb":{"@id":"https:\/\/www.globecar.com\/fr\/a-propos\/location-de-voiture-vs-autopartage\/#breadcrumb"},"inLanguage":"fr-CA","potentialAction":[{"@type":"ReadAction","target":["https:\/\/www.globecar.com\/fr\/a-propos\/location-de-voiture-vs-autopartage\/"]}]},{"@type":"BreadcrumbList","@id":"https:\/\/www.globecar.com\/fr\/a-propos\/location-de-voiture-vs-autopartage\/#breadcrumb","itemListElement":[{"@type":"ListItem","position":1,"name":"Accueil","item":"https:\/\/www.globecar.com\/fr\/"},{"@type":"ListItem","position":2,"name":"\u00c0 Propos","item":"https:\/\/www.globecar.com\/fr\/a-propos\/"},{"@type":"ListItem","position":3,"name":"Location de voiture VS Autopartage"}]},{"@type":"WebSite","@id":"https:\/\/www.globecar.com\/fr\/#website","url":"https:\/\/www.globecar.com\/fr\/","name":"Globe Location d'Autos et Camions \u00e0 Montr\u00e9al","description":"Drive 4 Less","publisher":{"@id":"https:\/\/www.globecar.com\/fr\/#organization"},"alternateName":"GlobeCar","potentialAction":[{"@type":"SearchAction","target":{"@type":"EntryPoint","urlTemplate":"https:\/\/www.globecar.com\/fr\/?s={search_term_string}"},"query-input":{"@type":"PropertyValueSpecification","valueRequired":true,"valueName":"search_term_string"}}],"inLanguage":"fr-CA"},{"@type":"Organization","@id":"https:\/\/www.globecar.com\/fr\/#organization","name":"Globe Car & Truck Rental","alternateName":"GlobeCar","url":"https:\/\/www.globecar.com\/fr\/","logo":{"@type":"ImageObject","inLanguage":"fr-CA","@id":"https:\/\/www.globecar.com\/fr\/#\/schema\/logo\/image\/","url":"https:\/\/www.globecar.com\/wp-content\/uploads\/2023\/12\/thumbnail_logo_final-1.jpg","contentUrl":"https:\/\/www.globecar.com\/wp-content\/uploads\/2023\/12\/thumbnail_logo_final-1.jpg","width":555,"height":555,"caption":"Globe Car & Truck Rental"},"image":{"@id":"https:\/\/www.globecar.com\/fr\/#\/schema\/logo\/image\/"},"sameAs":["https:\/\/www.facebook.com\/GlobeCar","https:\/\/x.com\/GlobeCar","https:\/\/mastodon.social\/@globecar","https:\/\/www.instagram.com\/globecar\/","https:\/\/www.linkedin.com\/company\/globecar\/","https:\/\/www.pinterest.com\/globecar","https:\/\/www.youtube.com\/c\/GlobecarRentals"]}]}},"jetpack_sharing_enabled":true,"jetpack_shortlink":"https:\/\/wp.me\/PaiT2D-Rp","_links":{"self":[{"href":"https:\/\/www.globecar.com\/fr\/wp-json\/wp\/v2\/pages\/3311","targetHints":{"allow":["GET"]}}],"collection":[{"href":"https:\/\/www.globecar.com\/fr\/wp-json\/wp\/v2\/pages"}],"about":[{"href":"https:\/\/www.globecar.com\/fr\/wp-json\/wp\/v2\/types\/page"}],"author":[{"embeddable":true,"href":"https:\/\/www.globecar.com\/fr\/wp-json\/wp\/v2\/users\/1"}],"replies":[{"embeddable":true,"href":"https:\/\/www.globecar.com\/fr\/wp-json\/wp\/v2\/comments?post=3311"}],"version-history":[{"count":13,"href":"https:\/\/www.globecar.com\/fr\/wp-json\/wp\/v2\/pages\/3311\/revisions"}],"predecessor-version":[{"id":13023,"href":"https:\/\/www.globecar.com\/fr\/wp-json\/wp\/v2\/pages\/3311\/revisions\/13023"}],"up":[{"embeddable":true,"href":"https:\/\/www.globecar.com\/fr\/wp-json\/wp\/v2\/pages\/4267"}],"wp:attachment":[{"href":"https:\/\/www.globecar.com\/fr\/wp-json\/wp\/v2\/media?parent=3311"}],"curies":[{"name":"wp","href":"https:\/\/api.w.org\/{rel}","templated":true}]}}