{"id":17554,"date":"2024-12-03T12:17:20","date_gmt":"2024-12-03T17:17:20","guid":{"rendered":"https:\/\/www.globecar.com\/politique-de-cookies\/"},"modified":"2025-04-18T09:42:37","modified_gmt":"2025-04-18T13:42:37","slug":"politique-de-cookies","status":"publish","type":"page","link":"https:\/\/www.globecar.com\/fr\/politique-de-cookies\/","title":{"rendered":"Politique de cookies"},"content":{"rendered":"<div class=\"wpb-content-wrapper\"><p>[vc_row][vc_column][vc_column_text css=\u00a0\u00bb.vc_custom_1744983748334{margin-top: 16px !important;margin-bottom: 16px !important;padding-top: 32px !important;padding-right: 32px !important;padding-bottom: 32px !important;padding-left: 32px !important;background-color: #F9FAFB !important;}\u00a0\u00bb el_class=\u00a0\u00bbprivacy-policy-sec\u00a0\u00bb]<\/p>\n<h1>Globe Car<\/h1>\n<h2>Politique de cookies<\/h2>\n<h3>Informations sur notre utilisation des cookies<\/h3>\n<p>Ce site web <strong>globecar.com<\/strong> utilise des cookies afin d\u2019offrir \u00e0 nos utilisateurs une bonne exp\u00e9rience de navigation et nous permet \u00e9galement d\u2019am\u00e9liorer notre site.<\/p>\n<h3>Qu\u2019est-ce qu\u2019un cookie\u00a0?<\/h3>\n<p>Un cookie est un petit fichier contenant des lettres et des chiffres que nous stockons dans le navigateur ou l\u2019appareil d\u2019un utilisateur lorsqu\u2019il visite notre site web. Les cookies contiennent g\u00e9n\u00e9ralement des informations telles que les pr\u00e9f\u00e9rences du site, les param\u00e8tres de l\u2019utilisateur et l\u2019historique de navigation. Ils nous aident \u00e0 vous reconna\u00eetre et \u00e0 nous souvenir de certains \u00e9l\u00e9ments concernant votre appareil afin que votre interaction avec notre site soit simple et pertinente.<\/p>\n<h3>Types de cookies et comment nous les utilisons<\/h3>\n<p>Les cookies sont utilis\u00e9s \u00e0 diverses fins, notamment pour maintenir notre site web et offrir une exp\u00e9rience simple et pertinente lors de vos interactions avec nous. Nous classons les cookies en quatre cat\u00e9gories\u00a0:<\/p>\n<h4>Cookies n\u00e9cessaires<\/h4>\n<p>Ces cookies sont essentiels au bon fonctionnement de notre site web. Ils comprennent, par exemple, les cookies qui permettent aux visiteurs de se connecter \u00e0 des zones s\u00e9curis\u00e9es de notre site, d\u2019utiliser un panier ou d\u2019acc\u00e9der aux services de facturation \u00e9lectronique.<\/p>\n<ul>\n<li>-illow-consent-ef1f0369-8ccb-41bd-8f9e-0c73c3f9951c \u2013 Expiration : 365 jours<\/li>\n<li>-intercom-id-msohbf94 \u2013 Expiration : 270 jours<\/li>\n<li>-intercom-session-msohbf94 \u2013 Expiration : 7 jours<\/li>\n<li>-intercom-device-id-msohbf94 \u2013 Expiration : 270 jours<\/li>\n<li>-intercom.intercom-state-msohbf94 \u2013 Expiration : Session<\/li>\n<li>-client-session-bind \u2013 Expiration : Session<\/li>\n<li>-server-session-bind \u2013 Expiration : Session<\/li>\n<li>-pa \u2013 Expiration : Session<\/li>\n<li>-rw-ip2location \u2013 Expiration : Session<\/li>\n<li>-pa_enabled \u2013 Expiration : Session<\/li>\n<li>-_cl_id \u2013 Expiration : Session<\/li>\n<li>-_GRECAPTCHA \u2013 Expiration : 180 jours<\/li>\n<li>-wp-wpml_current_language \u2013 Expiration : Session<\/li>\n<li>-bigidcmp-consent \u2013 Expiration : 365 jours<\/li>\n<li>-ssr-caching \u2013 Expiration : 0 heure<\/li>\n<li>-XSRF-TOKEN \u2013 Expiration : Session<\/li>\n<li>-hs \u2013 Expiration : Session<\/li>\n<li>-ARRAffinity \u2013 Expiration : Session<\/li>\n<li>-ARRAffinitySameSite \u2013 Expiration : Session<\/li>\n<li>-ai_user \u2013 Expiration : 365 jours<\/li>\n<li>-ai_session \u2013 Expiration : 1 heure<\/li>\n<li>-PHPSESSID \u2013 Expiration : Session<\/li>\n<li>-_grecaptcha \u2013 Expiration : Session<\/li>\n<li>-fedops.logger.sessionId \u2013 Expiration : Session<\/li>\n<\/ul>\n<h4>Cookies d\u2019analyse\/de performance<\/h4>\n<p>Ces cookies nous permettent de reconna\u00eetre et de compter le nombre de visiteurs et de voir comment ils naviguent sur notre site lorsqu\u2019ils l\u2019utilisent. Cela nous aide \u00e0 am\u00e9liorer le fonctionnement de notre site, par exemple, en nous assurant que les utilisateurs trouvent facilement ce qu\u2019ils recherchent.<\/p>\n<ul>\n<li>-_ga \u2013 Expiration : 400 jours<\/li>\n<li>-ga \u2013 Expiration : 400 jours<\/li>\n<li>-hjSessionUser \u2013 Expiration : 365 jours<\/li>\n<li>-hjSession \u2013 Expiration : 0 heure<\/li>\n<li>-hjActiveViewportIds \u2013 Expiration : Session<\/li>\n<\/ul>\n<p><strong>Cookies de pr\u00e9f\u00e9rences<\/strong><br \/>\nCes cookies sont utilis\u00e9s pour reconna\u00eetre les utilisateurs lorsqu\u2019ils reviennent sur notre site web. Cela nous permet de personnaliser notre contenu pour eux et de m\u00e9moriser leurs pr\u00e9f\u00e9rences (par exemple, leur choix de langue ou de r\u00e9gion).<\/p>\n<p><strong style=\"list-style-type: circle;\">Cookies marketing<\/strong><br \/>\nCes cookies enregistrent les visites des utilisateurs sur notre site web, les pages qu\u2019ils ont consult\u00e9es et les liens qu\u2019ils ont suivis. Nous utiliserons ces informations pour rendre notre site web et la publicit\u00e9 qui y est affich\u00e9e plus pertinents pour leurs centres d\u2019int\u00e9r\u00eat.<\/p>\n<ul>\n<li>-_gcl_au \u2013 Expiration : 90 jours<\/li>\n<li>-IDE \u2013 Expiration : 400 jours<\/li>\n<li>-svSession \u2013 Expiration : 400 jours<\/li>\n<\/ul>\n<p>Selon votre localisation, vous pouvez choisir de g\u00e9rer vos pr\u00e9f\u00e9rences pour chaque cat\u00e9gorie de cookies (\u00e0 l\u2019exception des cookies n\u00e9cessaires) directement depuis la banni\u00e8re de cookies sur notre site web.[\/vc_column_text][\/vc_column][\/vc_row]<\/p>\n<\/div>","protected":false},"excerpt":{"rendered":"<p>[vc_row][vc_column][vc_column_text css=\u00a0\u00bb.vc_custom_1744983748334{margin-top: 16px !important;margin-bottom: 16px !important;padding-top: 32px !important;padding-right: 32px !important;padding-bottom: 32px !important;padding-left: 32px !important;background-color: #F9FAFB !important;}\u00a0\u00bb el_class=\u00a0\u00bbprivacy-policy-sec\u00a0\u00bb] Globe Car Politique de cookies Informations sur notre utilisation des cookies Ce site web globecar.com utilise des cookies afin d\u2019offrir \u00e0 nos utilisateurs une bonne exp\u00e9rience de navigation et nous permet \u00e9galement d\u2019am\u00e9liorer notre site. Qu\u2019est-ce qu\u2019un cookie\u00a0? [&hellip;]<\/p>\n","protected":false},"author":18,"featured_media":0,"parent":0,"menu_order":0,"comment_status":"closed","ping_status":"closed","template":"","meta":{"_acf_changed":false,"_genesis_hide_title":false,"_genesis_hide_breadcrumbs":false,"_genesis_hide_singular_image":false,"_genesis_hide_footer_widgets":false,"_genesis_custom_body_class":"","_genesis_custom_post_class":"","_genesis_layout":"","jetpack_post_was_ever_published":false,"footnotes":""},"class_list":{"0":"post-17554","1":"page","2":"type-page","3":"status-publish","5":"entry"},"acf":[],"yoast_head":"<!-- This site is optimized with the Yoast SEO Premium plugin v27.1 (Yoast SEO v27.1.1) - https:\/\/yoast.com\/product\/yoast-seo-premium-wordpress\/ -->\n<title>Politique de cookies | Globe Location de Voitures &amp; Camions \u00e0 Montr\u00e9al<\/title>\n<meta name=\"description\" content=\"Votre vie priv\u00e9e est importante. D\u00e9couvrez comment Globecar utilise les cookies pour optimiser votre exp\u00e9rience et lisez notre politique d\u00e9taill\u00e9e de gestion de vos donn\u00e9es.\" \/>\n<meta name=\"robots\" content=\"index, follow, max-snippet:-1, max-image-preview:large, max-video-preview:-1\" \/>\n<link rel=\"canonical\" href=\"https:\/\/www.globecar.com\/fr\/politique-de-cookies\/\" \/>\n<meta property=\"og:locale\" content=\"fr_CA\" \/>\n<meta property=\"og:type\" content=\"article\" \/>\n<meta property=\"og:title\" content=\"Politique de cookies\" \/>\n<meta property=\"og:description\" content=\"Globe Car Politique de cookies Informations sur notre utilisation des cookies Ce site web globecar.com utilise des cookies afin d\u2019offrir \u00e0 nos\" \/>\n<meta property=\"og:url\" content=\"https:\/\/www.globecar.com\/fr\/politique-de-cookies\/\" \/>\n<meta property=\"og:site_name\" content=\"Globe Location de Voitures &amp; Camions \u00e0 Montr\u00e9al\" \/>\n<meta property=\"article:publisher\" content=\"https:\/\/www.facebook.com\/GlobeCar\" \/>\n<meta property=\"article:modified_time\" content=\"2025-04-18T13:42:37+00:00\" \/>\n<meta property=\"og:image\" content=\"https:\/\/www.globecar.com\/wp-content\/uploads\/2023\/12\/thumbnail_logo_final-1.jpg\" \/>\n\t<meta property=\"og:image:width\" content=\"555\" \/>\n\t<meta property=\"og:image:height\" content=\"555\" \/>\n\t<meta property=\"og:image:type\" content=\"image\/jpeg\" \/>\n<meta name=\"twitter:card\" content=\"summary_large_image\" \/>\n<meta name=\"twitter:site\" content=\"@GlobeCar\" \/>\n<meta name=\"twitter:label1\" content=\"Estimation du temps de lecture\" \/>\n\t<meta name=\"twitter:data1\" content=\"3 minutes\" \/>\n<script type=\"application\/ld+json\" class=\"yoast-schema-graph\">{\"@context\":\"https:\/\/schema.org\",\"@graph\":[{\"@type\":\"WebPage\",\"@id\":\"https:\/\/www.globecar.com\/fr\/politique-de-cookies\/\",\"url\":\"https:\/\/www.globecar.com\/fr\/politique-de-cookies\/\",\"name\":\"Politique de cookies | Globe Location de Voitures &amp; Camions \u00e0 Montr\u00e9al\",\"isPartOf\":{\"@id\":\"https:\/\/www.globecar.com\/fr\/#website\"},\"datePublished\":\"2024-12-03T17:17:20+00:00\",\"dateModified\":\"2025-04-18T13:42:37+00:00\",\"description\":\"Votre vie priv\u00e9e est importante. D\u00e9couvrez comment Globecar utilise les cookies pour optimiser votre exp\u00e9rience et lisez notre politique d\u00e9taill\u00e9e de gestion de vos donn\u00e9es.\",\"breadcrumb\":{\"@id\":\"https:\/\/www.globecar.com\/fr\/politique-de-cookies\/#breadcrumb\"},\"inLanguage\":\"fr-CA\",\"potentialAction\":[{\"@type\":\"ReadAction\",\"target\":[\"https:\/\/www.globecar.com\/fr\/politique-de-cookies\/\"]}]},{\"@type\":\"BreadcrumbList\",\"@id\":\"https:\/\/www.globecar.com\/fr\/politique-de-cookies\/#breadcrumb\",\"itemListElement\":[{\"@type\":\"ListItem\",\"position\":1,\"name\":\"Accueil\",\"item\":\"https:\/\/www.globecar.com\/fr\/\"},{\"@type\":\"ListItem\",\"position\":2,\"name\":\"Politique de cookies\"}]},{\"@type\":\"WebSite\",\"@id\":\"https:\/\/www.globecar.com\/fr\/#website\",\"url\":\"https:\/\/www.globecar.com\/fr\/\",\"name\":\"Globe Location d'Autos et Camions \u00e0 Montr\u00e9al\",\"description\":\"Drive 4 Less\",\"publisher\":{\"@id\":\"https:\/\/www.globecar.com\/fr\/#organization\"},\"alternateName\":\"GlobeCar\",\"potentialAction\":[{\"@type\":\"SearchAction\",\"target\":{\"@type\":\"EntryPoint\",\"urlTemplate\":\"https:\/\/www.globecar.com\/fr\/?s={search_term_string}\"},\"query-input\":{\"@type\":\"PropertyValueSpecification\",\"valueRequired\":true,\"valueName\":\"search_term_string\"}}],\"inLanguage\":\"fr-CA\"},{\"@type\":\"Organization\",\"@id\":\"https:\/\/www.globecar.com\/fr\/#organization\",\"name\":\"Globe Car & Truck Rental\",\"alternateName\":\"GlobeCar\",\"url\":\"https:\/\/www.globecar.com\/fr\/\",\"logo\":{\"@type\":\"ImageObject\",\"inLanguage\":\"fr-CA\",\"@id\":\"https:\/\/www.globecar.com\/fr\/#\/schema\/logo\/image\/\",\"url\":\"https:\/\/www.globecar.com\/wp-content\/uploads\/2023\/12\/thumbnail_logo_final-1.jpg\",\"contentUrl\":\"https:\/\/www.globecar.com\/wp-content\/uploads\/2023\/12\/thumbnail_logo_final-1.jpg\",\"width\":555,\"height\":555,\"caption\":\"Globe Car & Truck Rental\"},\"image\":{\"@id\":\"https:\/\/www.globecar.com\/fr\/#\/schema\/logo\/image\/\"},\"sameAs\":[\"https:\/\/www.facebook.com\/GlobeCar\",\"https:\/\/x.com\/GlobeCar\",\"https:\/\/mastodon.social\/@globecar\",\"https:\/\/www.instagram.com\/globecar\/\",\"https:\/\/www.linkedin.com\/company\/globecar\/\",\"https:\/\/www.pinterest.com\/globecar\",\"https:\/\/www.youtube.com\/c\/GlobecarRentals\"]}]}<\/script>\n<!-- \/ Yoast SEO Premium plugin. -->","yoast_head_json":{"title":"Politique de cookies | Globe Location de Voitures &amp; Camions \u00e0 Montr\u00e9al","description":"Votre vie priv\u00e9e est importante. D\u00e9couvrez comment Globecar utilise les cookies pour optimiser votre exp\u00e9rience et lisez notre politique d\u00e9taill\u00e9e de gestion de vos donn\u00e9es.","robots":{"index":"index","follow":"follow","max-snippet":"max-snippet:-1","max-image-preview":"max-image-preview:large","max-video-preview":"max-video-preview:-1"},"canonical":"https:\/\/www.globecar.com\/fr\/politique-de-cookies\/","og_locale":"fr_CA","og_type":"article","og_title":"Politique de cookies","og_description":"Globe Car Politique de cookies Informations sur notre utilisation des cookies Ce site web globecar.com utilise des cookies afin d\u2019offrir \u00e0 nos","og_url":"https:\/\/www.globecar.com\/fr\/politique-de-cookies\/","og_site_name":"Globe Location de Voitures &amp; Camions \u00e0 Montr\u00e9al","article_publisher":"https:\/\/www.facebook.com\/GlobeCar","article_modified_time":"2025-04-18T13:42:37+00:00","og_image":[{"width":555,"height":555,"url":"https:\/\/www.globecar.com\/wp-content\/uploads\/2023\/12\/thumbnail_logo_final-1.jpg","type":"image\/jpeg"}],"twitter_card":"summary_large_image","twitter_site":"@GlobeCar","twitter_misc":{"Estimation du temps de lecture":"3 minutes"},"schema":{"@context":"https:\/\/schema.org","@graph":[{"@type":"WebPage","@id":"https:\/\/www.globecar.com\/fr\/politique-de-cookies\/","url":"https:\/\/www.globecar.com\/fr\/politique-de-cookies\/","name":"Politique de cookies | Globe Location de Voitures &amp; Camions \u00e0 Montr\u00e9al","isPartOf":{"@id":"https:\/\/www.globecar.com\/fr\/#website"},"datePublished":"2024-12-03T17:17:20+00:00","dateModified":"2025-04-18T13:42:37+00:00","description":"Votre vie priv\u00e9e est importante. D\u00e9couvrez comment Globecar utilise les cookies pour optimiser votre exp\u00e9rience et lisez notre politique d\u00e9taill\u00e9e de gestion de vos donn\u00e9es.","breadcrumb":{"@id":"https:\/\/www.globecar.com\/fr\/politique-de-cookies\/#breadcrumb"},"inLanguage":"fr-CA","potentialAction":[{"@type":"ReadAction","target":["https:\/\/www.globecar.com\/fr\/politique-de-cookies\/"]}]},{"@type":"BreadcrumbList","@id":"https:\/\/www.globecar.com\/fr\/politique-de-cookies\/#breadcrumb","itemListElement":[{"@type":"ListItem","position":1,"name":"Accueil","item":"https:\/\/www.globecar.com\/fr\/"},{"@type":"ListItem","position":2,"name":"Politique de cookies"}]},{"@type":"WebSite","@id":"https:\/\/www.globecar.com\/fr\/#website","url":"https:\/\/www.globecar.com\/fr\/","name":"Globe Location d'Autos et Camions \u00e0 Montr\u00e9al","description":"Drive 4 Less","publisher":{"@id":"https:\/\/www.globecar.com\/fr\/#organization"},"alternateName":"GlobeCar","potentialAction":[{"@type":"SearchAction","target":{"@type":"EntryPoint","urlTemplate":"https:\/\/www.globecar.com\/fr\/?s={search_term_string}"},"query-input":{"@type":"PropertyValueSpecification","valueRequired":true,"valueName":"search_term_string"}}],"inLanguage":"fr-CA"},{"@type":"Organization","@id":"https:\/\/www.globecar.com\/fr\/#organization","name":"Globe Car & Truck Rental","alternateName":"GlobeCar","url":"https:\/\/www.globecar.com\/fr\/","logo":{"@type":"ImageObject","inLanguage":"fr-CA","@id":"https:\/\/www.globecar.com\/fr\/#\/schema\/logo\/image\/","url":"https:\/\/www.globecar.com\/wp-content\/uploads\/2023\/12\/thumbnail_logo_final-1.jpg","contentUrl":"https:\/\/www.globecar.com\/wp-content\/uploads\/2023\/12\/thumbnail_logo_final-1.jpg","width":555,"height":555,"caption":"Globe Car & Truck Rental"},"image":{"@id":"https:\/\/www.globecar.com\/fr\/#\/schema\/logo\/image\/"},"sameAs":["https:\/\/www.facebook.com\/GlobeCar","https:\/\/x.com\/GlobeCar","https:\/\/mastodon.social\/@globecar","https:\/\/www.instagram.com\/globecar\/","https:\/\/www.linkedin.com\/company\/globecar\/","https:\/\/www.pinterest.com\/globecar","https:\/\/www.youtube.com\/c\/GlobecarRentals"]}]}},"jetpack_sharing_enabled":true,"jetpack_shortlink":"https:\/\/wp.me\/PaiT2D-4z8","_links":{"self":[{"href":"https:\/\/www.globecar.com\/fr\/wp-json\/wp\/v2\/pages\/17554","targetHints":{"allow":["GET"]}}],"collection":[{"href":"https:\/\/www.globecar.com\/fr\/wp-json\/wp\/v2\/pages"}],"about":[{"href":"https:\/\/www.globecar.com\/fr\/wp-json\/wp\/v2\/types\/page"}],"author":[{"embeddable":true,"href":"https:\/\/www.globecar.com\/fr\/wp-json\/wp\/v2\/users\/18"}],"replies":[{"embeddable":true,"href":"https:\/\/www.globecar.com\/fr\/wp-json\/wp\/v2\/comments?post=17554"}],"version-history":[{"count":5,"href":"https:\/\/www.globecar.com\/fr\/wp-json\/wp\/v2\/pages\/17554\/revisions"}],"predecessor-version":[{"id":18066,"href":"https:\/\/www.globecar.com\/fr\/wp-json\/wp\/v2\/pages\/17554\/revisions\/18066"}],"wp:attachment":[{"href":"https:\/\/www.globecar.com\/fr\/wp-json\/wp\/v2\/media?parent=17554"}],"curies":[{"name":"wp","href":"https:\/\/api.w.org\/{rel}","templated":true}]}}