{"id":13826,"date":"2024-03-19T14:07:34","date_gmt":"2024-03-19T18:07:34","guid":{"rendered":"https:\/\/www.globecar.com\/condiciones-de-uso\/"},"modified":"2024-05-08T09:08:01","modified_gmt":"2024-05-08T13:08:01","slug":"condiciones-de-uso","status":"publish","type":"page","link":"https:\/\/www.globecar.com\/es\/condiciones-de-uso\/","title":{"rendered":"Condiciones de uso"},"content":{"rendered":"<p>Por favor, lea la siguiente informaci\u00f3n en su totalidad antes de utilizar o interactuar con nuestro sitio web.<br \/>\nGlobe Car &amp; Truck Rental es propiedad y est\u00e1 operado por Globe Car &amp; Truck Rentals (Globe Car Rental Montreal), (en adelante Globe Location d&#8217;Auto et Camions Inc., &#8216;nosotros&#8217;, &#8216;nos&#8217; o &#8216;nuestro&#8217;). El sitio web &#8216;Globe Car &amp; Truck Rental&#8217; es https:\/\/www.globecar.ca\/ y <a href=\"https:\/\/www.globecar.com\/es\">https:\/\/www.globecar.com\/es<\/a>\u00a0(en adelante &#8216;Sitio\/Sitios&#8217;).<\/p>\n<p>Su acceso al Sitio est\u00e1 condicionado a su aceptaci\u00f3n y cumplimiento de los t\u00e9rminos, condiciones, avisos y descargos de responsabilidad contenidos en este documento y cualquier cambio a este Acuerdo de T\u00e9rminos de Uso (en adelante \u00abAcuerdo\u00bb) que Globe Car Rental Montreal pueda publicar de vez en cuando, sea usted o no un miembro registrado de Globe Car Rental Montreal (en adelante \u00abMiembro\u00bb). Al acceder o utilizar este Sitio de cualquier manera, incluyendo, sin limitaci\u00f3n, la suscripci\u00f3n a un bolet\u00edn de noticias, la compra de cualquier servicio a trav\u00e9s del Sitio, la b\u00fasqueda en el Sitio o la mera navegaci\u00f3n por el Sitio, usted acepta y est\u00e1 obligado por los t\u00e9rminos, condiciones, restricciones y limitaciones de este Acuerdo y la Pol\u00edtica de Privacidad de Globe Car Rental. Cada vez que accede al Sitio, al hacerlo confirma que est\u00e1 de acuerdo con la Pol\u00edtica de privacidad de Globe Car Rental Montreal y con este Acuerdo. Debe familiarizarse con esta informaci\u00f3n y se le anima a actualizar sus conocimientos a menudo.<\/p>\n<p>1. 1. Elegibilidad: Usted debe tener 18 a\u00f1os de edad o m\u00e1s para utilizar el Sitio. Al utilizar el Sitio, usted garantiza que tiene el derecho, la autoridad y la capacidad para suscribir el presente Acuerdo. Su uso del Sitio est\u00e1 condicionado a su aceptaci\u00f3n y cumplimiento de este Acuerdo y de la Pol\u00edtica de Privacidad de Globe Car Rental.<\/p>\n<p>2. 2. Contenido: Toda la informaci\u00f3n, texto, material, gr\u00e1ficos, archivos y software utilizados en el Sitio (en adelante, el \u00abContenido\u00bb) est\u00e1n protegidos por las leyes canadienses e internacionales sobre derechos de autor y marcas comerciales. Salvo que se acuerde expl\u00edcitamente lo contrario por escrito, el Contenido recibido a trav\u00e9s del Sitio puede descargarse, visualizarse, reformatearse e imprimirse \u00fanicamente para su uso personal y no comercial, a trav\u00e9s de los medios de su ordenador personal. Usted se compromete a no reproducir, retransmitir, distribuir, vender, volver a publicar, enmarcar, difundir o hacer circular el Contenido recibido a trav\u00e9s del Sitio, sin el consentimiento previo por escrito de Globe Car Rental Montreal.<\/p>\n<p>3. Membres\u00eda: Cuando adquiere cualquier servicio o producto de Globe Car &amp; Truck Rental, o se suscribe al bolet\u00edn de Globe Car Rental Montreal, se le solicita que env\u00ede su informaci\u00f3n personal para acceder a estos servicios o productos, es decir, convertirse en Miembro. Al convertirse en Miembro, recibe la facilidad de acceder a los servicios y productos de Globe Car Rental Montreal.<\/p>\n<p>4. 4. Enlaces a otros sitios web: El Sitio contiene enlaces a sitios web de terceros y anuncios con dichos enlaces. Estos sitios web vinculados no est\u00e1n bajo el control de Globe Car Rental Montreal y Globe Car Rental Montreal no ser\u00e1 responsable de los contenidos de ning\u00fan sitio web vinculado. La inclusi\u00f3n del enlace o de la publicidad en el Sitio no implica ninguna aprobaci\u00f3n del sitio web enlazado, y Globe Car Rental Montreal no tiene ning\u00fan conocimiento de esos sitios web y\/o de sus productos. Deber\u00e1 dirigirse al anunciante correspondiente para obtener informaci\u00f3n sobre el producto y asistencia al cliente.<\/p>\n<p>5. 5. Renuncia y limitaci\u00f3n de responsabilidad:<\/p>\n<p>A. El Servicio y el Contenido se proporcionan \u00abtal cual\u00bb, sin garant\u00edas de ning\u00fan tipo, ni expresas ni impl\u00edcitas;<br \/>\nB. Globe Car Rental Montreal no garantiza que su uso del Sitio sea ininterrumpido o libre de errores, que cualquier defecto ser\u00e1 corregido o que el Sitio y su servidor est\u00e9n libres de virus o cualquier otro componente da\u00f1ino;<br \/>\nC. Globe Car Rental Montreal no garantiza ning\u00fan Contenido en t\u00e9rminos de exactitud, precisi\u00f3n, puntualidad o integridad;<br \/>\nD. Globe Car Rental Montreal rechaza expresamente las garant\u00edas de cualquier tipo, incluidas, entre otras, las garant\u00edas impl\u00edcitas de comerciabilidad e idoneidad para un fin determinado. Bajo ninguna circunstancia, incluyendo sin limitaci\u00f3n cualquier acto o negligencia por parte de Globe Car Rental Montreal, Globe Car Rental Montreal o sus afiliados ser\u00e1n responsables por cualquier da\u00f1o indirecto, incidental, especial y\/o consecuente o p\u00e9rdida de beneficios que resulten de cualquier uso, o cualquier incapacidad de usar el Sitio o cualquier Contenido. Los Contenidos se publican a t\u00edtulo meramente informativo, sin que se asuma ning\u00fan deber de diligencia. Globe Car Rental Montreal no est\u00e1 en el negocio de proporcionar asesoramiento profesional, y no da ninguna garant\u00eda u otra representaci\u00f3n sobre la exactitud de cualquier Contenido. Globe Car Rental Montreal no se hace responsable de los errores, omisiones, retrasos, interrupciones o cese de los servicios por negligencia o de otra manera. En la medida en que la ley lo permita, Globe Car Rental Montreal declina toda responsabilidad frente a todas las personas en relaci\u00f3n con cualquier p\u00e9rdida o da\u00f1o sufrido por el uso del Sitio o la comunicaci\u00f3n con otros Miembros. En la medida permitida por la ley, en el caso de los servicios suministrados u ofrecidos por Globe Car Rental Montreal, su responsabilidad por el incumplimiento de cualquier garant\u00eda impl\u00edcita o condici\u00f3n que no pueda ser excluida por la ley se limita, a la entera discreci\u00f3n de Globe Car Rental Montreal, al suministro de los servicios de nuevo, o al pago del coste de tener los servicios suministrados de nuevo.<\/p>\n<p>6. 6. Indemnizaci\u00f3n: Si Globe Car &amp; Truck Rental sufre cualquier p\u00e9rdida o da\u00f1o o incurre en cualquier costo en relaci\u00f3n con cualquier incumplimiento de este Acuerdo o cualquier otra obligaci\u00f3n legal incurrida debido a sus actos o negligencia, entonces usted acepta indemnizar a Globe Car &amp; Truck Rental por esas p\u00e9rdidas, da\u00f1os y costos.<\/p>\n<p>7. 7. Arbitraje: Este acuerdo se regir\u00e1 e interpretar\u00e1 de conformidad con las leyes de Quebec, Canad\u00e1. Usted se somete irrevocable e incondicionalmente a la jurisdicci\u00f3n no exclusiva de los tribunales de Quebec. Si alguna disposici\u00f3n de este acuerdo es declarada inv\u00e1lida o inaplicable por un tribunal de justicia, dicha invalidez o inaplicabilidad no afectar\u00e1 al resto del acuerdo, que continuar\u00e1 en pleno vigor y efecto.<\/p>\n<p>8. 8. Cambios a este Acuerdo: Globe Car &amp; Truck Rental puede optar por cambiar los t\u00e9rminos, condiciones y operaci\u00f3n de este Acuerdo en cualquier momento, dichas modificaciones entrar\u00e1n en vigencia al ser publicadas en el Sitio.<\/p>\n<p>Otros derechos: Quedan reservados todos los derechos no concedidos expresamente en el presente documento.<\/p>\n","protected":false},"excerpt":{"rendered":"<p>Por favor, lea la siguiente informaci\u00f3n en su totalidad antes de utilizar o interactuar con nuestro sitio web. Globe Car &amp; Truck Rental es propiedad y est\u00e1 operado por Globe Car &amp; Truck Rentals (Globe Car Rental Montreal), (en adelante Globe Location d&#8217;Auto et Camions Inc., &#8216;nosotros&#8217;, &#8216;nos&#8217; o &#8216;nuestro&#8217;). El sitio web &#8216;Globe Car [&hellip;]<\/p>\n","protected":false},"author":1,"featured_media":0,"parent":0,"menu_order":0,"comment_status":"closed","ping_status":"closed","template":"","meta":{"_acf_changed":false,"_genesis_hide_title":false,"_genesis_hide_breadcrumbs":false,"_genesis_hide_singular_image":false,"_genesis_hide_footer_widgets":false,"_genesis_custom_body_class":"","_genesis_custom_post_class":"","_genesis_layout":"","jetpack_post_was_ever_published":false,"footnotes":""},"class_list":{"0":"post-13826","1":"page","2":"type-page","3":"status-publish","5":"entry"},"acf":[],"yoast_head":"<!-- This site is optimized with the Yoast SEO Premium plugin v27.1 (Yoast SEO v27.1.1) - https:\/\/yoast.com\/product\/yoast-seo-premium-wordpress\/ -->\n<title>Condiciones de uso | Alquiler de coches y camiones Globe en Montreal<\/title>\n<meta name=\"description\" content=\"Al utilizar nuestro sitio, usted acepta nuestras Condiciones de uso. Por lo tanto, le rogamos que revise atentamente estas Condiciones de uso.\" \/>\n<meta name=\"robots\" content=\"index, follow, max-snippet:-1, max-image-preview:large, max-video-preview:-1\" \/>\n<link rel=\"canonical\" href=\"https:\/\/www.globecar.com\/es\/condiciones-de-uso\/\" \/>\n<meta property=\"og:locale\" content=\"es_ES\" \/>\n<meta property=\"og:type\" content=\"article\" \/>\n<meta property=\"og:title\" content=\"Condiciones de uso\" \/>\n<meta property=\"og:description\" content=\"Por favor, lea la siguiente informaci\u00f3n en su totalidad antes de utilizar o interactuar con nuestro sitio web. Globe Car &amp; Truck Rental es propiedad y\" \/>\n<meta property=\"og:url\" content=\"https:\/\/www.globecar.com\/es\/condiciones-de-uso\/\" \/>\n<meta property=\"og:site_name\" content=\"Alquiler de coches y camiones Globe en Montreal\" \/>\n<meta property=\"article:publisher\" content=\"https:\/\/www.facebook.com\/GlobeCar\" \/>\n<meta property=\"article:modified_time\" content=\"2024-05-08T13:08:01+00:00\" \/>\n<meta property=\"og:image\" content=\"https:\/\/www.globecar.com\/wp-content\/uploads\/2023\/12\/thumbnail_logo_final-1.jpg\" \/>\n\t<meta property=\"og:image:width\" content=\"555\" \/>\n\t<meta property=\"og:image:height\" content=\"555\" \/>\n\t<meta property=\"og:image:type\" content=\"image\/jpeg\" \/>\n<meta name=\"twitter:card\" content=\"summary_large_image\" \/>\n<meta name=\"twitter:site\" content=\"@GlobeCar\" \/>\n<meta name=\"twitter:label1\" content=\"Tiempo de lectura\" \/>\n\t<meta name=\"twitter:data1\" content=\"5 minutos\" \/>\n<script type=\"application\/ld+json\" class=\"yoast-schema-graph\">{\"@context\":\"https:\/\/schema.org\",\"@graph\":[{\"@type\":\"WebPage\",\"@id\":\"https:\/\/www.globecar.com\/es\/condiciones-de-uso\/\",\"url\":\"https:\/\/www.globecar.com\/es\/condiciones-de-uso\/\",\"name\":\"Condiciones de uso | Alquiler de coches y camiones Globe en Montreal\",\"isPartOf\":{\"@id\":\"https:\/\/www.globecar.com\/es\/#website\"},\"datePublished\":\"2024-03-19T18:07:34+00:00\",\"dateModified\":\"2024-05-08T13:08:01+00:00\",\"description\":\"Al utilizar nuestro sitio, usted acepta nuestras Condiciones de uso. Por lo tanto, le rogamos que revise atentamente estas Condiciones de uso.\",\"breadcrumb\":{\"@id\":\"https:\/\/www.globecar.com\/es\/condiciones-de-uso\/#breadcrumb\"},\"inLanguage\":\"es\",\"potentialAction\":[{\"@type\":\"ReadAction\",\"target\":[\"https:\/\/www.globecar.com\/es\/condiciones-de-uso\/\"]}]},{\"@type\":\"BreadcrumbList\",\"@id\":\"https:\/\/www.globecar.com\/es\/condiciones-de-uso\/#breadcrumb\",\"itemListElement\":[{\"@type\":\"ListItem\",\"position\":1,\"name\":\"Inicio\",\"item\":\"https:\/\/www.globecar.com\/es\/\"},{\"@type\":\"ListItem\",\"position\":2,\"name\":\"Condiciones de uso\"}]},{\"@type\":\"WebSite\",\"@id\":\"https:\/\/www.globecar.com\/es\/#website\",\"url\":\"https:\/\/www.globecar.com\/es\/\",\"name\":\"Globe Location d'Autos et Camions \u00e0 Montr\u00e9al\",\"description\":\"Drive 4 Less\",\"publisher\":{\"@id\":\"https:\/\/www.globecar.com\/es\/#organization\"},\"alternateName\":\"GlobeCar\",\"potentialAction\":[{\"@type\":\"SearchAction\",\"target\":{\"@type\":\"EntryPoint\",\"urlTemplate\":\"https:\/\/www.globecar.com\/es\/?s={search_term_string}\"},\"query-input\":{\"@type\":\"PropertyValueSpecification\",\"valueRequired\":true,\"valueName\":\"search_term_string\"}}],\"inLanguage\":\"es\"},{\"@type\":\"Organization\",\"@id\":\"https:\/\/www.globecar.com\/es\/#organization\",\"name\":\"Globe Car & Truck Rental\",\"alternateName\":\"GlobeCar\",\"url\":\"https:\/\/www.globecar.com\/es\/\",\"logo\":{\"@type\":\"ImageObject\",\"inLanguage\":\"es\",\"@id\":\"https:\/\/www.globecar.com\/es\/#\/schema\/logo\/image\/\",\"url\":\"https:\/\/www.globecar.com\/wp-content\/uploads\/2023\/12\/thumbnail_logo_final-1.jpg\",\"contentUrl\":\"https:\/\/www.globecar.com\/wp-content\/uploads\/2023\/12\/thumbnail_logo_final-1.jpg\",\"width\":555,\"height\":555,\"caption\":\"Globe Car & Truck Rental\"},\"image\":{\"@id\":\"https:\/\/www.globecar.com\/es\/#\/schema\/logo\/image\/\"},\"sameAs\":[\"https:\/\/www.facebook.com\/GlobeCar\",\"https:\/\/x.com\/GlobeCar\",\"https:\/\/mastodon.social\/@globecar\",\"https:\/\/www.instagram.com\/globecar\/\",\"https:\/\/www.linkedin.com\/company\/globecar\/\",\"https:\/\/www.pinterest.com\/globecar\",\"https:\/\/www.youtube.com\/c\/GlobecarRentals\"]}]}<\/script>\n<!-- \/ Yoast SEO Premium plugin. -->","yoast_head_json":{"title":"Condiciones de uso | Alquiler de coches y camiones Globe en Montreal","description":"Al utilizar nuestro sitio, usted acepta nuestras Condiciones de uso. Por lo tanto, le rogamos que revise atentamente estas Condiciones de uso.","robots":{"index":"index","follow":"follow","max-snippet":"max-snippet:-1","max-image-preview":"max-image-preview:large","max-video-preview":"max-video-preview:-1"},"canonical":"https:\/\/www.globecar.com\/es\/condiciones-de-uso\/","og_locale":"es_ES","og_type":"article","og_title":"Condiciones de uso","og_description":"Por favor, lea la siguiente informaci\u00f3n en su totalidad antes de utilizar o interactuar con nuestro sitio web. Globe Car &amp; Truck Rental es propiedad y","og_url":"https:\/\/www.globecar.com\/es\/condiciones-de-uso\/","og_site_name":"Alquiler de coches y camiones Globe en Montreal","article_publisher":"https:\/\/www.facebook.com\/GlobeCar","article_modified_time":"2024-05-08T13:08:01+00:00","og_image":[{"width":555,"height":555,"url":"https:\/\/www.globecar.com\/wp-content\/uploads\/2023\/12\/thumbnail_logo_final-1.jpg","type":"image\/jpeg"}],"twitter_card":"summary_large_image","twitter_site":"@GlobeCar","twitter_misc":{"Tiempo de lectura":"5 minutos"},"schema":{"@context":"https:\/\/schema.org","@graph":[{"@type":"WebPage","@id":"https:\/\/www.globecar.com\/es\/condiciones-de-uso\/","url":"https:\/\/www.globecar.com\/es\/condiciones-de-uso\/","name":"Condiciones de uso | Alquiler de coches y camiones Globe en Montreal","isPartOf":{"@id":"https:\/\/www.globecar.com\/es\/#website"},"datePublished":"2024-03-19T18:07:34+00:00","dateModified":"2024-05-08T13:08:01+00:00","description":"Al utilizar nuestro sitio, usted acepta nuestras Condiciones de uso. Por lo tanto, le rogamos que revise atentamente estas Condiciones de uso.","breadcrumb":{"@id":"https:\/\/www.globecar.com\/es\/condiciones-de-uso\/#breadcrumb"},"inLanguage":"es","potentialAction":[{"@type":"ReadAction","target":["https:\/\/www.globecar.com\/es\/condiciones-de-uso\/"]}]},{"@type":"BreadcrumbList","@id":"https:\/\/www.globecar.com\/es\/condiciones-de-uso\/#breadcrumb","itemListElement":[{"@type":"ListItem","position":1,"name":"Inicio","item":"https:\/\/www.globecar.com\/es\/"},{"@type":"ListItem","position":2,"name":"Condiciones de uso"}]},{"@type":"WebSite","@id":"https:\/\/www.globecar.com\/es\/#website","url":"https:\/\/www.globecar.com\/es\/","name":"Globe Location d'Autos et Camions \u00e0 Montr\u00e9al","description":"Drive 4 Less","publisher":{"@id":"https:\/\/www.globecar.com\/es\/#organization"},"alternateName":"GlobeCar","potentialAction":[{"@type":"SearchAction","target":{"@type":"EntryPoint","urlTemplate":"https:\/\/www.globecar.com\/es\/?s={search_term_string}"},"query-input":{"@type":"PropertyValueSpecification","valueRequired":true,"valueName":"search_term_string"}}],"inLanguage":"es"},{"@type":"Organization","@id":"https:\/\/www.globecar.com\/es\/#organization","name":"Globe Car & Truck Rental","alternateName":"GlobeCar","url":"https:\/\/www.globecar.com\/es\/","logo":{"@type":"ImageObject","inLanguage":"es","@id":"https:\/\/www.globecar.com\/es\/#\/schema\/logo\/image\/","url":"https:\/\/www.globecar.com\/wp-content\/uploads\/2023\/12\/thumbnail_logo_final-1.jpg","contentUrl":"https:\/\/www.globecar.com\/wp-content\/uploads\/2023\/12\/thumbnail_logo_final-1.jpg","width":555,"height":555,"caption":"Globe Car & Truck Rental"},"image":{"@id":"https:\/\/www.globecar.com\/es\/#\/schema\/logo\/image\/"},"sameAs":["https:\/\/www.facebook.com\/GlobeCar","https:\/\/x.com\/GlobeCar","https:\/\/mastodon.social\/@globecar","https:\/\/www.instagram.com\/globecar\/","https:\/\/www.linkedin.com\/company\/globecar\/","https:\/\/www.pinterest.com\/globecar","https:\/\/www.youtube.com\/c\/GlobecarRentals"]}]}},"jetpack_sharing_enabled":true,"jetpack_shortlink":"https:\/\/wp.me\/PaiT2D-3B0","_links":{"self":[{"href":"https:\/\/www.globecar.com\/es\/wp-json\/wp\/v2\/pages\/13826","targetHints":{"allow":["GET"]}}],"collection":[{"href":"https:\/\/www.globecar.com\/es\/wp-json\/wp\/v2\/pages"}],"about":[{"href":"https:\/\/www.globecar.com\/es\/wp-json\/wp\/v2\/types\/page"}],"author":[{"embeddable":true,"href":"https:\/\/www.globecar.com\/es\/wp-json\/wp\/v2\/users\/1"}],"replies":[{"embeddable":true,"href":"https:\/\/www.globecar.com\/es\/wp-json\/wp\/v2\/comments?post=13826"}],"version-history":[{"count":1,"href":"https:\/\/www.globecar.com\/es\/wp-json\/wp\/v2\/pages\/13826\/revisions"}],"predecessor-version":[{"id":16063,"href":"https:\/\/www.globecar.com\/es\/wp-json\/wp\/v2\/pages\/13826\/revisions\/16063"}],"wp:attachment":[{"href":"https:\/\/www.globecar.com\/es\/wp-json\/wp\/v2\/media?parent=13826"}],"curies":[{"name":"wp","href":"https:\/\/api.w.org\/{rel}","templated":true}]}}