{"id":13825,"date":"2024-03-19T14:07:34","date_gmt":"2024-03-19T18:07:34","guid":{"rendered":"https:\/\/www.globecar.com\/acerca-de\/globe-goes-green\/"},"modified":"2025-03-13T03:29:17","modified_gmt":"2025-03-13T07:29:17","slug":"globe-goes-green","status":"publish","type":"page","link":"https:\/\/www.globecar.com\/es\/acerca-de\/globe-goes-green\/","title":{"rendered":"Globe se vuelve verde"},"content":{"rendered":"<div class=\"wpb-content-wrapper\"><p>[vc_row is_header=\u00bbtrue\u00bb][vc_column width=\u00bb2\/3&#8243;][vc_column_text]<\/p>\n<h1>\u00bfHasta qu\u00e9 punto es ecol\u00f3gico Globe?<\/h1>\n<h2>Globe cumple su parte<\/h2>\n<p>El medio ambiente es una prioridad para todo el personal de Globe Car Rental. Cumplimos nuestra parte con pol\u00edticas medioambientales formales, utilizando productos sostenibles, reciclados o reciclables y adoptando procesos de trabajo respetuosos con el medio ambiente.[\/vc_column_text][\/vc_column][vc_column width=\u00bb1\/3&#8243;][vc_single_image image=\u00bb8954&#8243; img_size=\u00bbfull\u00bb alignment=\u00bbright\u00bb][\/vc_column][\/vc_row][vc_row][vc_column][vc_wp_custommenu nav_menu=\u00bb1929&#8243;][\/vc_column][\/vc_row][vc_section is_container=\u00bbtrue\u00bb][vc_row][vc_column][vc_column_text]<\/p>\n<h2>EN VOLVERSE ECOL\u00d3GICO, GLOBE INCORPOR\u00d3 14 POL\u00cdTICAS:<\/h2>\n<hr \/>\n<p>[\/vc_column_text][vc_toggle title=\u00bbMaterial de oficina\u00bb]Continuamente elegimos proveedores que ofrecen papel respetuoso con el medio ambiente y una amplia gama de material de oficina necesario para nuestras operaciones de alquiler de veh\u00edculos.[\/vc_toggle][vc_toggle title=\u00bbCartuchos de impresora\u00bb]Utilizamos papel de doble cara para imprimir el contrato de alquiler, lo que reduce a la mitad el consumo de papel. Lo mismo ocurre con el papel utilizado en el quiosco de alquiler de coches. Reciclamos nuestros cartuchos de impresora, reduciendo as\u00ed los residuos y ayudando al medio ambiente.[\/vc_toggle][vc_toggle title=\u00bbAgua filtrada\u00bb]Proporcionamos agua mineral en todas nuestras agencias de alquiler de coches para que nuestros clientes y empleados puedan disfrutar del sabor del agua pura. No hay nada como un agua de gran sabor.[\/vc_toggle][vc_toggle title=\u00bbReciclamos nuestros neum\u00e1ticos\u00bb]En colaboraci\u00f3n con <u><a href=\"https:\/\/www.recyc-quebec.gouv.qc.ca\/entreprises-organismes\/mieux-gerer\/pneus-hors-usage\" target=\"_blank\" rel=\"noopener\">RECYC-QU\u00c9BEC <\/a><\/u>(Soci\u00e9t\u00e9 qu\u00e9b\u00e9coise de r\u00e9cup\u00e9ration et de recyclage des Pneus), mensualmente se recogen los neum\u00e1ticos viejos de los coches de alquiler y se reciclan para otros usos. A un coste de 3 d\u00f3lares por neum\u00e1tico recuperado, Globe salva miles de neum\u00e1ticos de coche al a\u00f1o.[\/vc_toggle][vc_toggle title=\u00bbEl aceite y los filtros se reciclan\u00bb]Nuestros mec\u00e1nicos realizan varios cientos de cambios de aceite al a\u00f1o para mantener nuestros coches de alquiler en perfecto estado; as\u00ed que puede imaginarse la cantidad de aceite usado que tenemos, \u00a1a pesar de que utilizamos el mejor aceite sint\u00e9tico y los mejores filtros del mercado! Cada pocos meses, <u><a href=\"https:\/\/www.veolia.com\/en\/\" target=\"_blank\" rel=\"noopener\">nuestro reciclador<\/a><\/u> viene a recoger nuestro aceite de motor y filtros usados para reciclarlos.[\/vc_toggle][vc_toggle title=\u00bbConservar la energ\u00eda\u00bb]En Globe Car Rental de Montreal (Canad\u00e1) calculamos que un puesto de trabajo inform\u00e1tico consume unos 240 vatios de media. Por eso tenemos por norma apagar siempre los ordenadores al final del d\u00eda, para no gastar m\u00e1s electricidad. Y cuando no se utilizan, las pantallas se ponen en modo de reposo tras 10 minutos sin actividad, lo que reduce a\u00fan m\u00e1s nuestra huella de carbono.[\/vc_toggle][vc_toggle title=\u00bbIluminaci\u00f3n de bajo consumo\u00bb]\u00bfSab\u00eda que el 44% de la factura el\u00e9ctrica de una oficina media se atribuye a la iluminaci\u00f3n? Tenemos por costumbre apagar las luces de nuestra oficina de alquiler de coches cuando no hay nadie presente y utilizar la luz natural siempre que sea posible. Y, desde 2008, cambiamos todas las bombillas el\u00e9ctricas por fluorescentes.[\/vc_toggle][vc_toggle title=\u00bbOptimizaci\u00f3n de calefacci\u00f3n y refrigeraci\u00f3n\u00bb]Si fuera hace calor, en nuestra agencia de alquiler de coches se est\u00e1 fresco y c\u00f3modo. Nos esforzamos por optimizar nuestros sistemas de calefacci\u00f3n y refrigeraci\u00f3n reduciendo la temperatura para que nuestras oficinas no est\u00e9n ni demasiado calientes ni demasiado fr\u00edas. Tambi\u00e9n tenemos un termostato Energy Star programable en funci\u00f3n de nuestro horario de apertura y cierre.[\/vc_toggle][vc_toggle title=\u00bbEntorno sin papel\u00bb]Siempre que es posible, no utilizamos papel, con lo que ahorramos miles de \u00e1rboles al a\u00f1o. Los contratos de alquiler de coches, recibos, reclamaciones y documentaci\u00f3n de seguimiento se env\u00edan por correo electr\u00f3nico en lugar de imprimirse o enviarse por correo postal. Nos esforzamos por convencer a los clientes para que acepten una transacci\u00f3n sin papel, en la que el contrato de alquiler y los informes sobre el estado del veh\u00edculo se firmen digitalmente y se env\u00eden por correo electr\u00f3nico en lugar de imprimirse.[\/vc_toggle][vc_toggle title=\u00bbReciclaje de papel\u00bb]\u00bfSab\u00eda que el papel y\/o los productos de papel representan m\u00e1s del 33% de todos los residuos de Canad\u00e1? Fomentamos el reciclaje de papel mediante contenedores designados en todas nuestras oficinas de alquiler de coches. Reciclamos todas las chaquetas de los contratos de alquiler, y algunos llegan incluso a hacer sus propios bloques con papel de desecho.[\/vc_toggle][vc_toggle title=\u00bbFlota de coches de alquiler en Montreal\u00bb]Alrededor del 68% de nuestros coches de alquiler en Montrea, Canada consumen poco combustible. Esto nos permite compensar el cambio clim\u00e1tico reduciendo nuestra huella de carbono en el medio ambiente.[\/vc_toggle][vc_toggle title=\u00bbOptimizaci\u00f3n del mantenimiento de la flota\u00bb]Nos aseguramos de que todos los neum\u00e1ticos de nuestros coches de alquiler est\u00e9n correctamente alineados, equilibrados e inflados para mantener una eficiencia de combustible \u00f3ptima. Muchas otras agencias de alquiler de coches descuidan esta importante tarea, lo que provoca un desgaste prematuro de los neum\u00e1ticos y un mayor consumo de combustible para el cliente.[\/vc_toggle][vc_toggle title=\u00bbSistema de filtraci\u00f3n de aire\u00bb]Respirar aire limpio reduce las posibilidades de que nuestro personal y nuestros fieles clientes de alquiler de coches se resfr\u00eden, y es beneficioso para nuestros al\u00e9rgicos y asm\u00e1ticos. Nuestro purificador de aire de calidad industrial fabricado en Suiza <u><a href=\"https:\/\/www.iqair.com\/\" target=\"_blank\" rel=\"noopener\">IQair<\/a> <\/u>elimina los contaminantes y el carbono del aire en nuestra sucursal de Mont-Royal.[\/vc_toggle][vc_toggle title=\u00bbMobiliario de oficina usado\u00bb]En nuestro continuo esfuerzo por contribuir a salvar el medio ambiente, compramos mobiliario de oficina usado o reciclado siempre que es posible.[\/vc_toggle][\/vc_column][\/vc_row][\/vc_section][vc_section][vc_row full_width=\u00bbstretch_row\u00bb][vc_column]\n\t\t<div class=\"simple-banner \">\n\t\t\t<img decoding=\"async\" width=\"1574\" height=\"390\" src=\"https:\/\/www.globecar.com\/wp-content\/uploads\/2017\/08\/question_banner.jpg\" class=\"attachment-full size-full\" alt=\"question_banner\" srcset=\"https:\/\/www.globecar.com\/wp-content\/uploads\/2017\/08\/question_banner.jpg 1574w, https:\/\/www.globecar.com\/wp-content\/uploads\/2017\/08\/question_banner-150x37.jpg 150w, https:\/\/www.globecar.com\/wp-content\/uploads\/2017\/08\/question_banner-300x74.jpg 300w, https:\/\/www.globecar.com\/wp-content\/uploads\/2017\/08\/question_banner-768x190.jpg 768w, https:\/\/www.globecar.com\/wp-content\/uploads\/2017\/08\/question_banner-1024x254.jpg 1024w, https:\/\/www.globecar.com\/wp-content\/uploads\/2017\/08\/question_banner-300x74@2x.jpg 600w, https:\/\/www.globecar.com\/wp-content\/uploads\/2017\/08\/question_banner-768x190@2x.jpg 1536w\" sizes=\"(max-width: 1574px) 100vw, 1574px\" \/>\n\t\t\t<div class=\"wrap\"><div class=\"mini-wrap\"><h3>\u00bfTiene alguna pregunta?<\/h3><\/div><a class=\"button onDark full large\" href=\"https:\/\/faq.globecar.com\/en\">Encontrar respuestas f\u00e1ciles<\/a>\t<\/div><\/div>[\/vc_column][\/vc_row][\/vc_section]<\/p>\n<\/div>","protected":false},"excerpt":{"rendered":"<p>[vc_row is_header=\u00bbtrue\u00bb][vc_column width=\u00bb2\/3&#8243;][vc_column_text] \u00bfHasta qu\u00e9 punto es ecol\u00f3gico Globe? Globe cumple su parte El medio ambiente es una prioridad para todo el personal de Globe Car Rental. Cumplimos nuestra parte con pol\u00edticas medioambientales formales, utilizando productos sostenibles, reciclados o reciclables y adoptando procesos de trabajo respetuosos con el medio ambiente.[\/vc_column_text][\/vc_column][vc_column width=\u00bb1\/3&#8243;][vc_single_image image=\u00bb8954&#8243; img_size=\u00bbfull\u00bb alignment=\u00bbright\u00bb][\/vc_column][\/vc_row][vc_row][vc_column][vc_wp_custommenu nav_menu=\u00bb1929&#8243;][\/vc_column][\/vc_row][vc_section [&hellip;]<\/p>\n","protected":false},"author":1,"featured_media":0,"parent":13799,"menu_order":0,"comment_status":"closed","ping_status":"closed","template":"","meta":{"_acf_changed":false,"_genesis_hide_title":false,"_genesis_hide_breadcrumbs":false,"_genesis_hide_singular_image":false,"_genesis_hide_footer_widgets":false,"_genesis_custom_body_class":"","_genesis_custom_post_class":"","_genesis_layout":"","jetpack_post_was_ever_published":false,"footnotes":""},"class_list":{"0":"post-13825","1":"page","2":"type-page","3":"status-publish","5":"entry","6":"has-post-thumbnail"},"acf":[],"yoast_head":"<!-- This site is optimized with the Yoast SEO Premium plugin v27.1 (Yoast SEO v27.1.1) - https:\/\/yoast.com\/product\/yoast-seo-premium-wordpress\/ -->\n<title>Nuestra pol\u00edtica ecol\u00f3gica | Alquiler de coches y camiones Globe en Montreal<\/title>\n<meta name=\"description\" content=\"El desarrollo sostenible y responsable, el cambio clim\u00e1tico y el medio ambiente son una prioridad para Globe. \u00a1Conozca c\u00f3mo contribuimos a salvar la Madre Naturaleza!\" \/>\n<meta name=\"robots\" content=\"index, follow, max-snippet:-1, max-image-preview:large, max-video-preview:-1\" \/>\n<link rel=\"canonical\" href=\"https:\/\/www.globecar.com\/es\/acerca-de\/globe-goes-green\/\" \/>\n<meta property=\"og:locale\" content=\"es_ES\" \/>\n<meta property=\"og:type\" content=\"article\" \/>\n<meta property=\"og:title\" content=\"Globe se vuelve verde\" \/>\n<meta property=\"og:description\" content=\"\u00bfHasta qu\u00e9 punto es ecol\u00f3gico Globe? Globe cumple su parte El medio ambiente es una prioridad para todo el personal de Globe Car Rental. Cumplimos nuestra\" \/>\n<meta property=\"og:url\" content=\"https:\/\/www.globecar.com\/es\/acerca-de\/globe-goes-green\/\" \/>\n<meta property=\"og:site_name\" content=\"Alquiler de coches y camiones Globe en Montreal\" \/>\n<meta property=\"article:publisher\" content=\"https:\/\/www.facebook.com\/GlobeCar\" \/>\n<meta property=\"article:modified_time\" content=\"2025-03-13T07:29:17+00:00\" \/>\n<meta property=\"og:image\" content=\"https:\/\/www.globecar.com\/wp-content\/uploads\/2023\/12\/thumbnail_logo_final-1.jpg\" \/>\n\t<meta property=\"og:image:width\" content=\"555\" \/>\n\t<meta property=\"og:image:height\" content=\"555\" \/>\n\t<meta property=\"og:image:type\" content=\"image\/jpeg\" \/>\n<meta name=\"twitter:card\" content=\"summary_large_image\" \/>\n<meta name=\"twitter:site\" content=\"@GlobeCar\" \/>\n<meta name=\"twitter:label1\" content=\"Tiempo de lectura\" \/>\n\t<meta name=\"twitter:data1\" content=\"4 minutos\" \/>\n<script type=\"application\/ld+json\" class=\"yoast-schema-graph\">{\"@context\":\"https:\/\/schema.org\",\"@graph\":[{\"@type\":\"WebPage\",\"@id\":\"https:\/\/www.globecar.com\/es\/acerca-de\/globe-goes-green\/\",\"url\":\"https:\/\/www.globecar.com\/es\/acerca-de\/globe-goes-green\/\",\"name\":\"Nuestra pol\u00edtica ecol\u00f3gica | Alquiler de coches y camiones Globe en Montreal\",\"isPartOf\":{\"@id\":\"https:\/\/www.globecar.com\/es\/#website\"},\"datePublished\":\"2024-03-19T18:07:34+00:00\",\"dateModified\":\"2025-03-13T07:29:17+00:00\",\"description\":\"El desarrollo sostenible y responsable, el cambio clim\u00e1tico y el medio ambiente son una prioridad para Globe. \u00a1Conozca c\u00f3mo contribuimos a salvar la Madre Naturaleza!\",\"breadcrumb\":{\"@id\":\"https:\/\/www.globecar.com\/es\/acerca-de\/globe-goes-green\/#breadcrumb\"},\"inLanguage\":\"es\",\"potentialAction\":[{\"@type\":\"ReadAction\",\"target\":[\"https:\/\/www.globecar.com\/es\/acerca-de\/globe-goes-green\/\"]}]},{\"@type\":\"BreadcrumbList\",\"@id\":\"https:\/\/www.globecar.com\/es\/acerca-de\/globe-goes-green\/#breadcrumb\",\"itemListElement\":[{\"@type\":\"ListItem\",\"position\":1,\"name\":\"Inicio\",\"item\":\"https:\/\/www.globecar.com\/es\/\"},{\"@type\":\"ListItem\",\"position\":2,\"name\":\"Acerca de\",\"item\":\"https:\/\/www.globecar.com\/es\/acerca-de\/\"},{\"@type\":\"ListItem\",\"position\":3,\"name\":\"Globe se vuelve verde\"}]},{\"@type\":\"WebSite\",\"@id\":\"https:\/\/www.globecar.com\/es\/#website\",\"url\":\"https:\/\/www.globecar.com\/es\/\",\"name\":\"Globe Location d'Autos et Camions \u00e0 Montr\u00e9al\",\"description\":\"Drive 4 Less\",\"publisher\":{\"@id\":\"https:\/\/www.globecar.com\/es\/#organization\"},\"alternateName\":\"GlobeCar\",\"potentialAction\":[{\"@type\":\"SearchAction\",\"target\":{\"@type\":\"EntryPoint\",\"urlTemplate\":\"https:\/\/www.globecar.com\/es\/?s={search_term_string}\"},\"query-input\":{\"@type\":\"PropertyValueSpecification\",\"valueRequired\":true,\"valueName\":\"search_term_string\"}}],\"inLanguage\":\"es\"},{\"@type\":\"Organization\",\"@id\":\"https:\/\/www.globecar.com\/es\/#organization\",\"name\":\"Globe Car & Truck Rental\",\"alternateName\":\"GlobeCar\",\"url\":\"https:\/\/www.globecar.com\/es\/\",\"logo\":{\"@type\":\"ImageObject\",\"inLanguage\":\"es\",\"@id\":\"https:\/\/www.globecar.com\/es\/#\/schema\/logo\/image\/\",\"url\":\"https:\/\/www.globecar.com\/wp-content\/uploads\/2023\/12\/thumbnail_logo_final-1.jpg\",\"contentUrl\":\"https:\/\/www.globecar.com\/wp-content\/uploads\/2023\/12\/thumbnail_logo_final-1.jpg\",\"width\":555,\"height\":555,\"caption\":\"Globe Car & Truck Rental\"},\"image\":{\"@id\":\"https:\/\/www.globecar.com\/es\/#\/schema\/logo\/image\/\"},\"sameAs\":[\"https:\/\/www.facebook.com\/GlobeCar\",\"https:\/\/x.com\/GlobeCar\",\"https:\/\/mastodon.social\/@globecar\",\"https:\/\/www.instagram.com\/globecar\/\",\"https:\/\/www.linkedin.com\/company\/globecar\/\",\"https:\/\/www.pinterest.com\/globecar\",\"https:\/\/www.youtube.com\/c\/GlobecarRentals\"]}]}<\/script>\n<!-- \/ Yoast SEO Premium plugin. -->","yoast_head_json":{"title":"Nuestra pol\u00edtica ecol\u00f3gica | Alquiler de coches y camiones Globe en Montreal","description":"El desarrollo sostenible y responsable, el cambio clim\u00e1tico y el medio ambiente son una prioridad para Globe. \u00a1Conozca c\u00f3mo contribuimos a salvar la Madre Naturaleza!","robots":{"index":"index","follow":"follow","max-snippet":"max-snippet:-1","max-image-preview":"max-image-preview:large","max-video-preview":"max-video-preview:-1"},"canonical":"https:\/\/www.globecar.com\/es\/acerca-de\/globe-goes-green\/","og_locale":"es_ES","og_type":"article","og_title":"Globe se vuelve verde","og_description":"\u00bfHasta qu\u00e9 punto es ecol\u00f3gico Globe? Globe cumple su parte El medio ambiente es una prioridad para todo el personal de Globe Car Rental. Cumplimos nuestra","og_url":"https:\/\/www.globecar.com\/es\/acerca-de\/globe-goes-green\/","og_site_name":"Alquiler de coches y camiones Globe en Montreal","article_publisher":"https:\/\/www.facebook.com\/GlobeCar","article_modified_time":"2025-03-13T07:29:17+00:00","og_image":[{"width":555,"height":555,"url":"https:\/\/www.globecar.com\/wp-content\/uploads\/2023\/12\/thumbnail_logo_final-1.jpg","type":"image\/jpeg"}],"twitter_card":"summary_large_image","twitter_site":"@GlobeCar","twitter_misc":{"Tiempo de lectura":"4 minutos"},"schema":{"@context":"https:\/\/schema.org","@graph":[{"@type":"WebPage","@id":"https:\/\/www.globecar.com\/es\/acerca-de\/globe-goes-green\/","url":"https:\/\/www.globecar.com\/es\/acerca-de\/globe-goes-green\/","name":"Nuestra pol\u00edtica ecol\u00f3gica | Alquiler de coches y camiones Globe en Montreal","isPartOf":{"@id":"https:\/\/www.globecar.com\/es\/#website"},"datePublished":"2024-03-19T18:07:34+00:00","dateModified":"2025-03-13T07:29:17+00:00","description":"El desarrollo sostenible y responsable, el cambio clim\u00e1tico y el medio ambiente son una prioridad para Globe. \u00a1Conozca c\u00f3mo contribuimos a salvar la Madre Naturaleza!","breadcrumb":{"@id":"https:\/\/www.globecar.com\/es\/acerca-de\/globe-goes-green\/#breadcrumb"},"inLanguage":"es","potentialAction":[{"@type":"ReadAction","target":["https:\/\/www.globecar.com\/es\/acerca-de\/globe-goes-green\/"]}]},{"@type":"BreadcrumbList","@id":"https:\/\/www.globecar.com\/es\/acerca-de\/globe-goes-green\/#breadcrumb","itemListElement":[{"@type":"ListItem","position":1,"name":"Inicio","item":"https:\/\/www.globecar.com\/es\/"},{"@type":"ListItem","position":2,"name":"Acerca de","item":"https:\/\/www.globecar.com\/es\/acerca-de\/"},{"@type":"ListItem","position":3,"name":"Globe se vuelve verde"}]},{"@type":"WebSite","@id":"https:\/\/www.globecar.com\/es\/#website","url":"https:\/\/www.globecar.com\/es\/","name":"Globe Location d'Autos et Camions \u00e0 Montr\u00e9al","description":"Drive 4 Less","publisher":{"@id":"https:\/\/www.globecar.com\/es\/#organization"},"alternateName":"GlobeCar","potentialAction":[{"@type":"SearchAction","target":{"@type":"EntryPoint","urlTemplate":"https:\/\/www.globecar.com\/es\/?s={search_term_string}"},"query-input":{"@type":"PropertyValueSpecification","valueRequired":true,"valueName":"search_term_string"}}],"inLanguage":"es"},{"@type":"Organization","@id":"https:\/\/www.globecar.com\/es\/#organization","name":"Globe Car & Truck Rental","alternateName":"GlobeCar","url":"https:\/\/www.globecar.com\/es\/","logo":{"@type":"ImageObject","inLanguage":"es","@id":"https:\/\/www.globecar.com\/es\/#\/schema\/logo\/image\/","url":"https:\/\/www.globecar.com\/wp-content\/uploads\/2023\/12\/thumbnail_logo_final-1.jpg","contentUrl":"https:\/\/www.globecar.com\/wp-content\/uploads\/2023\/12\/thumbnail_logo_final-1.jpg","width":555,"height":555,"caption":"Globe Car & Truck Rental"},"image":{"@id":"https:\/\/www.globecar.com\/es\/#\/schema\/logo\/image\/"},"sameAs":["https:\/\/www.facebook.com\/GlobeCar","https:\/\/x.com\/GlobeCar","https:\/\/mastodon.social\/@globecar","https:\/\/www.instagram.com\/globecar\/","https:\/\/www.linkedin.com\/company\/globecar\/","https:\/\/www.pinterest.com\/globecar","https:\/\/www.youtube.com\/c\/GlobecarRentals"]}]}},"jetpack_sharing_enabled":true,"jetpack_shortlink":"https:\/\/wp.me\/PaiT2D-3AZ","_links":{"self":[{"href":"https:\/\/www.globecar.com\/es\/wp-json\/wp\/v2\/pages\/13825","targetHints":{"allow":["GET"]}}],"collection":[{"href":"https:\/\/www.globecar.com\/es\/wp-json\/wp\/v2\/pages"}],"about":[{"href":"https:\/\/www.globecar.com\/es\/wp-json\/wp\/v2\/types\/page"}],"author":[{"embeddable":true,"href":"https:\/\/www.globecar.com\/es\/wp-json\/wp\/v2\/users\/1"}],"replies":[{"embeddable":true,"href":"https:\/\/www.globecar.com\/es\/wp-json\/wp\/v2\/comments?post=13825"}],"version-history":[{"count":0,"href":"https:\/\/www.globecar.com\/es\/wp-json\/wp\/v2\/pages\/13825\/revisions"}],"up":[{"embeddable":true,"href":"https:\/\/www.globecar.com\/es\/wp-json\/wp\/v2\/pages\/13799"}],"wp:attachment":[{"href":"https:\/\/www.globecar.com\/es\/wp-json\/wp\/v2\/media?parent=13825"}],"curies":[{"name":"wp","href":"https:\/\/api.w.org\/{rel}","templated":true}]}}