{"id":13824,"date":"2024-03-19T14:07:33","date_gmt":"2024-03-19T18:07:33","guid":{"rendered":"https:\/\/www.globecar.com\/acerca-de\/te-ahorramos-dinero\/"},"modified":"2025-03-03T01:11:54","modified_gmt":"2025-03-03T06:11:54","slug":"te-ahorramos-dinero","status":"publish","type":"page","link":"https:\/\/www.globecar.com\/es\/acerca-de\/te-ahorramos-dinero\/","title":{"rendered":"Le ahorramos dinero"},"content":{"rendered":"<div class=\"wpb-content-wrapper\"><p>[vc_row is_header=\u00bbtrue\u00bb][vc_column width=\u00bb2\/3&#8243;][vc_column_text]<\/p>\n<h1>Ahorre dinero con Globe Car Rental<\/h1>\n<h2>Sin cebos ni cambios: \u00a1prometido!<\/h2>\n<p>Desde el principio hasta el final del <a href=\"https:\/\/www.globecar.com\/es\">proceso de alquiler de coches<\/a>, ponemos especial cuidado en asegurarnos de que los clientes sepan por lo que est\u00e1n pagando. Hacemos que el alquiler de coches sea f\u00e1cil, como debe ser. S\u00f3lo cobramos las tasas locales obligatorias (ejemplo: matr\u00edculas, neum\u00e1ticos de invierno, cobertura). Por eso, durante el proceso de reserva, todo est\u00e1 claramente expuesto y explicado en detalle, sin sorpresas en el mostrador. Por favor, t\u00f3mese su tiempo para leer nuestras opciones y no dude en <a href=\"https:\/\/faq.globecar.com\/\">hacer preguntas<\/a> sobre el alquiler de coches o si necesita m\u00e1s explicaciones; \u00a1estamos aqu\u00ed para ayudarle![\/vc_column_text][\/vc_column][vc_column width=\u00bb1\/3&#8243;][vc_single_image image=\u00bb8946&#8243; img_size=\u00bbfull\u00bb][\/vc_column][\/vc_row][vc_row][vc_column][vc_wp_custommenu nav_menu=\u00bb1929&#8243;][\/vc_column][\/vc_row][vc_section is_container=\u00bbtrue\u00bb][vc_row][vc_column][vc_column_text]<\/p>\n<table style=\"width: 73.3055%; height: 305px;\">\n<tbody>\n<tr style=\"height: 65px;\">\n<td style=\"height: 65px;\">\n<h3>Tasas adicionales de alquiler de coches<\/h3>\n<\/td>\n<td style=\"text-align: left; height: 65px;\"><strong>Otros alquileres de coches<br \/>\nEmpresas<\/strong><\/td>\n<td style=\"background-color: #f8f9f7; text-align: center; vertical-align: middle; height: 65px;\"><img decoding=\"async\" class=\"alignnone wp-image-715 size-full\" src=\"https:\/\/www.globecar.com\/wp-content\/uploads\/2017\/08\/mini_logo.png\" alt=\"Logo GlobeCar peque\u00f1o\" width=\"54\" height=\"53\" \/><\/td>\n<\/tr>\n<tr style=\"height: 24px;\">\n<td style=\"height: 24px;\"><a href=\"https:\/\/www.globecar.com\/es\/servicios-adicionales\/free-gps\/\">Sistema Premium (GPS)<\/a><\/td>\n<td style=\"text-align: left; height: 24px;\">4,00 $ \/ d\u00eda<\/td>\n<td style=\"background-color: #f8f9f7; text-align: center; height: 24px;\">$0.00 <i class=\"fa fa-check \" ><\/i><\/td>\n<\/tr>\n<tr style=\"height: 24px;\">\n<td style=\"height: 24px;\">Sistema de navegaci\u00f3n (GPS)<\/td>\n<td style=\"text-align: left; height: 24px;\">$9.95 &#8211; 12.95 \/ Diario<\/td>\n<td style=\"background-color: #f8f9f7; text-align: center; height: 24px;\">$0.00 <i class=\"fa fa-check \" ><\/i><\/td>\n<\/tr>\n<tr style=\"height: 24px;\">\n<td style=\"height: 24px;\"><a href=\"https:\/\/www.globecar.com\/es\/cobertura-de-alquiler-de-vehiculos\/responsabilidad\/\">Seguro de responsabilidad civil (no CDW)<\/a><\/td>\n<td style=\"text-align: left; height: 24px;\">$4.95 &#8211; 8.95 \/ Diario<\/td>\n<td style=\"background-color: #f8f9f7; text-align: center; height: 24px;\">$0.00 <i class=\"fa fa-check \" ><\/i><\/td>\n<\/tr>\n<tr style=\"height: 24px;\">\n<td style=\"height: 24px;\"><a href=\"https:\/\/www.globecar.com\/es\/servicios-adicionales\/asistencia-en-carretera-gratuita\/\">Asistencia de emergencia en carretera<\/a><\/td>\n<td style=\"text-align: left; height: 24px;\">$9.95 \/ Diario<\/td>\n<td style=\"background-color: #f8f9f7; text-align: center; height: 24px;\">$0.00 <i class=\"fa fa-check \" ><\/i><\/td>\n<\/tr>\n<tr style=\"height: 24px;\">\n<td style=\"height: 24px;\"><a href=\"https:\/\/www.globecar.com\/es\/acerca-de\/periodo-de-retorno-tardio\/\">1 hora de retraso (2 horas para socios VIP)<\/a><\/td>\n<td style=\"text-align: left; height: 24px;\">$15 &#8211; $25 \/ Diario<\/td>\n<td style=\"background-color: #f8f9f7; text-align: center; height: 24px;\">$0.00 <i class=\"fa fa-check \" ><\/i><\/td>\n<\/tr>\n<tr style=\"height: 24px;\">\n<td style=\"height: 24px;\">Tasa de recuperaci\u00f3n de energ\u00eda<\/td>\n<td style=\"text-align: left; height: 24px;\">$0.80 &#8211; 4.00 \/ Diario<\/td>\n<td style=\"background-color: #f8f9f7; text-align: center; height: 24px;\">$0.00 <i class=\"fa fa-check \" ><\/i><\/td>\n<\/tr>\n<tr style=\"height: 24px;\">\n<td style=\"height: 24px;\">Cargo por conservaci\u00f3n de combustible<\/td>\n<td style=\"text-align: left; height: 24px;\">$0.50 &#8211; 2.00 \/ Diario<\/td>\n<td style=\"background-color: #f8f9f7; text-align: center; height: 24px;\">$0.00 <i class=\"fa fa-check \" ><\/i><\/td>\n<\/tr>\n<tr style=\"height: 24px;\">\n<td style=\"height: 24px;\">Tasa medioambiental<\/td>\n<td style=\"text-align: left; height: 24px;\">0,40 $ \/ d\u00eda<\/td>\n<td style=\"background-color: #f8f9f7; text-align: center; height: 24px;\">$0.00 <i class=\"fa fa-check \" ><\/i><\/td>\n<\/tr>\n<tr style=\"height: 24px;\">\n<td style=\"height: 24px;\">Otras tasas y recargos ocultos<\/td>\n<td style=\"text-align: left; height: 24px;\">Compruebe la letra peque\u00f1a<\/td>\n<td style=\"background-color: #f8f9f7; text-align: center; height: 24px;\">$0.00 <i class=\"fa fa-check \" ><\/i><\/td>\n<\/tr>\n<tr style=\"height: 24px;\">\n<td style=\"height: 24px;\">Tasas adicionales:<\/td>\n<td style=\"text-align: left; height: 24px;\">Puede sumar m\u00e1s de 230 $\/semana<\/td>\n<td style=\"background-color: #f8f9f7; text-align: center; height: 24px;\"><strong><span style=\"color: #ff6c00;\">Todo incluido.<\/span><\/strong><\/td>\n<\/tr>\n<\/tbody>\n<\/table>\n<p class=\"disclaimer\">Informaci\u00f3n: Globe Car Rental cobra tasas federales, provinciales y de aeropuerto (que son obligatorias en la provincia de Quebec, incluidas las tasas habituales de chapa y neum\u00e1ticos).<br \/>\nLa cobertura por colisi\u00f3n tambi\u00e9n puede ser obligatoria, <a href=\"https:\/\/www.globecar.com\/es\/cobertura-de-alquiler-de-vehiculos\/\">inf\u00f3rmese<\/a>.<\/p>\n<p>\u00a0[\/vc_column_text][\/vc_column][\/vc_row][\/vc_section][vc_section][vc_row full_width=\u00bbstretch_row\u00bb][vc_column]\n\t\t<div class=\"simple-banner \">\n\t\t\t<img decoding=\"async\" width=\"1574\" height=\"390\" src=\"https:\/\/www.globecar.com\/wp-content\/uploads\/2017\/08\/question_banner.jpg\" class=\"attachment-full size-full\" alt=\"question_banner\" srcset=\"https:\/\/www.globecar.com\/wp-content\/uploads\/2017\/08\/question_banner.jpg 1574w, https:\/\/www.globecar.com\/wp-content\/uploads\/2017\/08\/question_banner-150x37.jpg 150w, https:\/\/www.globecar.com\/wp-content\/uploads\/2017\/08\/question_banner-300x74.jpg 300w, https:\/\/www.globecar.com\/wp-content\/uploads\/2017\/08\/question_banner-768x190.jpg 768w, https:\/\/www.globecar.com\/wp-content\/uploads\/2017\/08\/question_banner-1024x254.jpg 1024w, https:\/\/www.globecar.com\/wp-content\/uploads\/2017\/08\/question_banner-300x74@2x.jpg 600w, https:\/\/www.globecar.com\/wp-content\/uploads\/2017\/08\/question_banner-768x190@2x.jpg 1536w\" sizes=\"(max-width: 1574px) 100vw, 1574px\" \/>\n\t\t\t<div class=\"wrap\"><div class=\"mini-wrap\"><h3>\u00bfTiene alguna pregunta?<\/h3><\/div><a class=\"button onDark full large\" href=\"https:\/\/faq.globecar.com\/\">Encontrar respuestas f\u00e1ciles<\/a>\t<\/div><\/div>[\/vc_column][\/vc_row][\/vc_section]<\/p>\n<\/div>","protected":false},"excerpt":{"rendered":"<p>[vc_row is_header=\u00bbtrue\u00bb][vc_column width=\u00bb2\/3&#8243;][vc_column_text] Ahorre dinero con Globe Car Rental Sin cebos ni cambios: \u00a1prometido! Desde el principio hasta el final del proceso de alquiler de coches, ponemos especial cuidado en asegurarnos de que los clientes sepan por lo que est\u00e1n pagando. Hacemos que el alquiler de coches sea f\u00e1cil, como debe ser. S\u00f3lo cobramos las [&hellip;]<\/p>\n","protected":false},"author":1,"featured_media":0,"parent":13799,"menu_order":0,"comment_status":"closed","ping_status":"closed","template":"","meta":{"_acf_changed":false,"_genesis_hide_title":false,"_genesis_hide_breadcrumbs":false,"_genesis_hide_singular_image":false,"_genesis_hide_footer_widgets":false,"_genesis_custom_body_class":"","_genesis_custom_post_class":"","_genesis_layout":"","jetpack_post_was_ever_published":false,"footnotes":""},"class_list":{"0":"post-13824","1":"page","2":"type-page","3":"status-publish","5":"entry","6":"has-post-thumbnail"},"acf":[],"yoast_head":"<!-- This site is optimized with the Yoast SEO Premium plugin v27.1 (Yoast SEO v27.1.1) - https:\/\/yoast.com\/product\/yoast-seo-premium-wordpress\/ -->\n<title>Consejos para ahorrar dinero | Alquiler de coches y camiones Globe en Montreal<\/title>\n<meta name=\"description\" content=\"Le ahorramos dinero al incluir GRATIS en cada alquiler: un GPS, asistencia en carretera, cobertura de responsabilidad civil y \u00a1mucho m\u00e1s! Sin gastos ocultos.\" \/>\n<meta name=\"robots\" content=\"index, follow, max-snippet:-1, max-image-preview:large, max-video-preview:-1\" \/>\n<link rel=\"canonical\" href=\"https:\/\/www.globecar.com\/es\/acerca-de\/te-ahorramos-dinero\/\" \/>\n<meta property=\"og:locale\" content=\"es_ES\" \/>\n<meta property=\"og:type\" content=\"article\" \/>\n<meta property=\"og:title\" content=\"Le ahorramos dinero\" \/>\n<meta property=\"og:description\" content=\"Ahorre dinero con Globe Car Rental Sin cebos ni cambios: \u00a1prometido! Desde el principio hasta el final del proceso de alquiler de coches, ponemos especial\" \/>\n<meta property=\"og:url\" content=\"https:\/\/www.globecar.com\/es\/acerca-de\/te-ahorramos-dinero\/\" \/>\n<meta property=\"og:site_name\" content=\"Alquiler de coches y camiones Globe en Montreal\" \/>\n<meta property=\"article:publisher\" content=\"https:\/\/www.facebook.com\/GlobeCar\" \/>\n<meta property=\"article:modified_time\" content=\"2025-03-03T06:11:54+00:00\" \/>\n<meta property=\"og:image\" content=\"https:\/\/www.globecar.com\/wp-content\/uploads\/2017\/08\/mini_logo.png\" \/>\n\t<meta property=\"og:image:width\" content=\"54\" \/>\n\t<meta property=\"og:image:height\" content=\"53\" \/>\n\t<meta property=\"og:image:type\" content=\"image\/png\" \/>\n<meta name=\"twitter:card\" content=\"summary_large_image\" \/>\n<meta name=\"twitter:site\" content=\"@GlobeCar\" \/>\n<meta name=\"twitter:label1\" content=\"Tiempo de lectura\" \/>\n\t<meta name=\"twitter:data1\" content=\"2 minutos\" \/>\n<script type=\"application\/ld+json\" class=\"yoast-schema-graph\">{\"@context\":\"https:\/\/schema.org\",\"@graph\":[{\"@type\":\"WebPage\",\"@id\":\"https:\/\/www.globecar.com\/es\/acerca-de\/te-ahorramos-dinero\/\",\"url\":\"https:\/\/www.globecar.com\/es\/acerca-de\/te-ahorramos-dinero\/\",\"name\":\"Consejos para ahorrar dinero | Alquiler de coches y camiones Globe en Montreal\",\"isPartOf\":{\"@id\":\"https:\/\/www.globecar.com\/es\/#website\"},\"primaryImageOfPage\":{\"@id\":\"https:\/\/www.globecar.com\/es\/acerca-de\/te-ahorramos-dinero\/#primaryimage\"},\"image\":{\"@id\":\"https:\/\/www.globecar.com\/es\/acerca-de\/te-ahorramos-dinero\/#primaryimage\"},\"thumbnailUrl\":\"https:\/\/www.globecar.com\/wp-content\/uploads\/2017\/08\/mini_logo.png\",\"datePublished\":\"2024-03-19T18:07:33+00:00\",\"dateModified\":\"2025-03-03T06:11:54+00:00\",\"description\":\"Le ahorramos dinero al incluir GRATIS en cada alquiler: un GPS, asistencia en carretera, cobertura de responsabilidad civil y \u00a1mucho m\u00e1s! Sin gastos ocultos.\",\"breadcrumb\":{\"@id\":\"https:\/\/www.globecar.com\/es\/acerca-de\/te-ahorramos-dinero\/#breadcrumb\"},\"inLanguage\":\"es\",\"potentialAction\":[{\"@type\":\"ReadAction\",\"target\":[\"https:\/\/www.globecar.com\/es\/acerca-de\/te-ahorramos-dinero\/\"]}]},{\"@type\":\"ImageObject\",\"inLanguage\":\"es\",\"@id\":\"https:\/\/www.globecar.com\/es\/acerca-de\/te-ahorramos-dinero\/#primaryimage\",\"url\":\"https:\/\/www.globecar.com\/wp-content\/uploads\/2017\/08\/mini_logo.png\",\"contentUrl\":\"https:\/\/www.globecar.com\/wp-content\/uploads\/2017\/08\/mini_logo.png\"},{\"@type\":\"BreadcrumbList\",\"@id\":\"https:\/\/www.globecar.com\/es\/acerca-de\/te-ahorramos-dinero\/#breadcrumb\",\"itemListElement\":[{\"@type\":\"ListItem\",\"position\":1,\"name\":\"Inicio\",\"item\":\"https:\/\/www.globecar.com\/es\/\"},{\"@type\":\"ListItem\",\"position\":2,\"name\":\"Acerca de\",\"item\":\"https:\/\/www.globecar.com\/es\/acerca-de\/\"},{\"@type\":\"ListItem\",\"position\":3,\"name\":\"Le ahorramos dinero\"}]},{\"@type\":\"WebSite\",\"@id\":\"https:\/\/www.globecar.com\/es\/#website\",\"url\":\"https:\/\/www.globecar.com\/es\/\",\"name\":\"Globe Location d'Autos et Camions \u00e0 Montr\u00e9al\",\"description\":\"Drive 4 Less\",\"publisher\":{\"@id\":\"https:\/\/www.globecar.com\/es\/#organization\"},\"alternateName\":\"GlobeCar\",\"potentialAction\":[{\"@type\":\"SearchAction\",\"target\":{\"@type\":\"EntryPoint\",\"urlTemplate\":\"https:\/\/www.globecar.com\/es\/?s={search_term_string}\"},\"query-input\":{\"@type\":\"PropertyValueSpecification\",\"valueRequired\":true,\"valueName\":\"search_term_string\"}}],\"inLanguage\":\"es\"},{\"@type\":\"Organization\",\"@id\":\"https:\/\/www.globecar.com\/es\/#organization\",\"name\":\"Globe Car & Truck Rental\",\"alternateName\":\"GlobeCar\",\"url\":\"https:\/\/www.globecar.com\/es\/\",\"logo\":{\"@type\":\"ImageObject\",\"inLanguage\":\"es\",\"@id\":\"https:\/\/www.globecar.com\/es\/#\/schema\/logo\/image\/\",\"url\":\"https:\/\/www.globecar.com\/wp-content\/uploads\/2023\/12\/thumbnail_logo_final-1.jpg\",\"contentUrl\":\"https:\/\/www.globecar.com\/wp-content\/uploads\/2023\/12\/thumbnail_logo_final-1.jpg\",\"width\":555,\"height\":555,\"caption\":\"Globe Car & Truck Rental\"},\"image\":{\"@id\":\"https:\/\/www.globecar.com\/es\/#\/schema\/logo\/image\/\"},\"sameAs\":[\"https:\/\/www.facebook.com\/GlobeCar\",\"https:\/\/x.com\/GlobeCar\",\"https:\/\/mastodon.social\/@globecar\",\"https:\/\/www.instagram.com\/globecar\/\",\"https:\/\/www.linkedin.com\/company\/globecar\/\",\"https:\/\/www.pinterest.com\/globecar\",\"https:\/\/www.youtube.com\/c\/GlobecarRentals\"]}]}<\/script>\n<!-- \/ Yoast SEO Premium plugin. -->","yoast_head_json":{"title":"Consejos para ahorrar dinero | Alquiler de coches y camiones Globe en Montreal","description":"Le ahorramos dinero al incluir GRATIS en cada alquiler: un GPS, asistencia en carretera, cobertura de responsabilidad civil y \u00a1mucho m\u00e1s! Sin gastos ocultos.","robots":{"index":"index","follow":"follow","max-snippet":"max-snippet:-1","max-image-preview":"max-image-preview:large","max-video-preview":"max-video-preview:-1"},"canonical":"https:\/\/www.globecar.com\/es\/acerca-de\/te-ahorramos-dinero\/","og_locale":"es_ES","og_type":"article","og_title":"Le ahorramos dinero","og_description":"Ahorre dinero con Globe Car Rental Sin cebos ni cambios: \u00a1prometido! Desde el principio hasta el final del proceso de alquiler de coches, ponemos especial","og_url":"https:\/\/www.globecar.com\/es\/acerca-de\/te-ahorramos-dinero\/","og_site_name":"Alquiler de coches y camiones Globe en Montreal","article_publisher":"https:\/\/www.facebook.com\/GlobeCar","article_modified_time":"2025-03-03T06:11:54+00:00","og_image":[{"width":54,"height":53,"url":"https:\/\/www.globecar.com\/wp-content\/uploads\/2017\/08\/mini_logo.png","type":"image\/png"}],"twitter_card":"summary_large_image","twitter_site":"@GlobeCar","twitter_misc":{"Tiempo de lectura":"2 minutos"},"schema":{"@context":"https:\/\/schema.org","@graph":[{"@type":"WebPage","@id":"https:\/\/www.globecar.com\/es\/acerca-de\/te-ahorramos-dinero\/","url":"https:\/\/www.globecar.com\/es\/acerca-de\/te-ahorramos-dinero\/","name":"Consejos para ahorrar dinero | Alquiler de coches y camiones Globe en Montreal","isPartOf":{"@id":"https:\/\/www.globecar.com\/es\/#website"},"primaryImageOfPage":{"@id":"https:\/\/www.globecar.com\/es\/acerca-de\/te-ahorramos-dinero\/#primaryimage"},"image":{"@id":"https:\/\/www.globecar.com\/es\/acerca-de\/te-ahorramos-dinero\/#primaryimage"},"thumbnailUrl":"https:\/\/www.globecar.com\/wp-content\/uploads\/2017\/08\/mini_logo.png","datePublished":"2024-03-19T18:07:33+00:00","dateModified":"2025-03-03T06:11:54+00:00","description":"Le ahorramos dinero al incluir GRATIS en cada alquiler: un GPS, asistencia en carretera, cobertura de responsabilidad civil y \u00a1mucho m\u00e1s! Sin gastos ocultos.","breadcrumb":{"@id":"https:\/\/www.globecar.com\/es\/acerca-de\/te-ahorramos-dinero\/#breadcrumb"},"inLanguage":"es","potentialAction":[{"@type":"ReadAction","target":["https:\/\/www.globecar.com\/es\/acerca-de\/te-ahorramos-dinero\/"]}]},{"@type":"ImageObject","inLanguage":"es","@id":"https:\/\/www.globecar.com\/es\/acerca-de\/te-ahorramos-dinero\/#primaryimage","url":"https:\/\/www.globecar.com\/wp-content\/uploads\/2017\/08\/mini_logo.png","contentUrl":"https:\/\/www.globecar.com\/wp-content\/uploads\/2017\/08\/mini_logo.png"},{"@type":"BreadcrumbList","@id":"https:\/\/www.globecar.com\/es\/acerca-de\/te-ahorramos-dinero\/#breadcrumb","itemListElement":[{"@type":"ListItem","position":1,"name":"Inicio","item":"https:\/\/www.globecar.com\/es\/"},{"@type":"ListItem","position":2,"name":"Acerca de","item":"https:\/\/www.globecar.com\/es\/acerca-de\/"},{"@type":"ListItem","position":3,"name":"Le ahorramos dinero"}]},{"@type":"WebSite","@id":"https:\/\/www.globecar.com\/es\/#website","url":"https:\/\/www.globecar.com\/es\/","name":"Globe Location d'Autos et Camions \u00e0 Montr\u00e9al","description":"Drive 4 Less","publisher":{"@id":"https:\/\/www.globecar.com\/es\/#organization"},"alternateName":"GlobeCar","potentialAction":[{"@type":"SearchAction","target":{"@type":"EntryPoint","urlTemplate":"https:\/\/www.globecar.com\/es\/?s={search_term_string}"},"query-input":{"@type":"PropertyValueSpecification","valueRequired":true,"valueName":"search_term_string"}}],"inLanguage":"es"},{"@type":"Organization","@id":"https:\/\/www.globecar.com\/es\/#organization","name":"Globe Car & Truck Rental","alternateName":"GlobeCar","url":"https:\/\/www.globecar.com\/es\/","logo":{"@type":"ImageObject","inLanguage":"es","@id":"https:\/\/www.globecar.com\/es\/#\/schema\/logo\/image\/","url":"https:\/\/www.globecar.com\/wp-content\/uploads\/2023\/12\/thumbnail_logo_final-1.jpg","contentUrl":"https:\/\/www.globecar.com\/wp-content\/uploads\/2023\/12\/thumbnail_logo_final-1.jpg","width":555,"height":555,"caption":"Globe Car & Truck Rental"},"image":{"@id":"https:\/\/www.globecar.com\/es\/#\/schema\/logo\/image\/"},"sameAs":["https:\/\/www.facebook.com\/GlobeCar","https:\/\/x.com\/GlobeCar","https:\/\/mastodon.social\/@globecar","https:\/\/www.instagram.com\/globecar\/","https:\/\/www.linkedin.com\/company\/globecar\/","https:\/\/www.pinterest.com\/globecar","https:\/\/www.youtube.com\/c\/GlobecarRentals"]}]}},"jetpack_sharing_enabled":true,"jetpack_shortlink":"https:\/\/wp.me\/PaiT2D-3AY","_links":{"self":[{"href":"https:\/\/www.globecar.com\/es\/wp-json\/wp\/v2\/pages\/13824","targetHints":{"allow":["GET"]}}],"collection":[{"href":"https:\/\/www.globecar.com\/es\/wp-json\/wp\/v2\/pages"}],"about":[{"href":"https:\/\/www.globecar.com\/es\/wp-json\/wp\/v2\/types\/page"}],"author":[{"embeddable":true,"href":"https:\/\/www.globecar.com\/es\/wp-json\/wp\/v2\/users\/1"}],"replies":[{"embeddable":true,"href":"https:\/\/www.globecar.com\/es\/wp-json\/wp\/v2\/comments?post=13824"}],"version-history":[{"count":7,"href":"https:\/\/www.globecar.com\/es\/wp-json\/wp\/v2\/pages\/13824\/revisions"}],"predecessor-version":[{"id":17842,"href":"https:\/\/www.globecar.com\/es\/wp-json\/wp\/v2\/pages\/13824\/revisions\/17842"}],"up":[{"embeddable":true,"href":"https:\/\/www.globecar.com\/es\/wp-json\/wp\/v2\/pages\/13799"}],"wp:attachment":[{"href":"https:\/\/www.globecar.com\/es\/wp-json\/wp\/v2\/media?parent=13824"}],"curies":[{"name":"wp","href":"https:\/\/api.w.org\/{rel}","templated":true}]}}