{"id":13821,"date":"2024-03-19T14:07:32","date_gmt":"2024-03-19T18:07:32","guid":{"rendered":"https:\/\/www.globecar.com\/alquiler-de-camiones\/"},"modified":"2025-03-20T01:30:13","modified_gmt":"2025-03-20T05:30:13","slug":"alquiler-de-camiones","status":"publish","type":"page","link":"https:\/\/www.globecar.com\/es\/alquiler-de-camiones\/","title":{"rendered":"Alquiler de camiones"},"content":{"rendered":"<div class=\"wpb-content-wrapper\"><p>[vc_row content_placement=\u00bbmiddle\u00bb is_header=\u00bbtrue\u00bb][vc_column width=\u00bb2\/3&#8243;][vc_column_text css=\u00bb.vc_custom_1715239830063{margin-bottom: 2em !important;}\u00bb]<\/p>\n<h1>\u00a1Tenemos camiones!<\/h1>\n<h2>Alquiler de furgonetas de carga, pick-up y camiones de mudanzas<\/h2>\n<p>\u00bfBuscas alquilar una <a href=\"https:\/\/www.globecar.com\/es\/veh\u00edculos\/furgoneta-de-carga-de-pequeno-tamano\/\">furgoneta<\/a> o camioneta <a href=\"https:\/\/www.globecar.com\/es\/veh%C3%ADculos\/furgoneta-de-carga-de-pequeno-tamano\/\">de carga<\/a> barata <a href=\"https:\/\/www.globecar.com\/es\/veh\u00edculos\/camioneta-de-media-tonelada\/\">en Montreal<\/a> QC? Ofrecemos los alquileres m\u00e1s baratos de <a href=\"https:\/\/www.globecar.com\/es\/nuestros-veh\u00edculos\/suvs\/\">SUVs<\/a>, <a href=\"https:\/\/www.globecar.com\/es\/veh\u00edculos\/rugged-intermediate-suv\/\">4X4&#8217;s<\/a>, Pickups, Furgonetas y <a href=\"https:\/\/www.globecar.com\/es\/alquiler-de-camiones\/comparacion\/\">Camiones de todos los tama\u00f1os<\/a>. Nuestras tarifas son tan bajas como $37.95\/d\u00eda con las tarifas m\u00e1s bajas de alquiler de camiones en Montreal, \u00a1Garantizado! \u00a1El alquiler mensual m\u00e1s barato de Camiones a partir de $ 895.00 \/ Mes![\/vc_column_text]<div class=\"gc-button-wrap \"><a href=\"https:\/\/globecar.com\/es\/alquiler-de-camiones\/comparacion\/\" title=\"Compare our trucks\" class=\" button large\">COMPARE NUESTROS CAMIONES<\/a><\/div>[\/vc_column][vc_column width=\u00bb1\/3&#8243;]\n\t\t\t<div class=\"price-ad  accentColor\"><span class=\"title\">A partir de s\u00f3lo<\/span><p class=\"amount\"><sup>$<\/sup>\u00a137<span class=\"cents\">,95<span class=\"star\">*<\/span><\/span><span class=\"per\">\/d\u00eda!<\/span><\/p><span class=\"amount-footer\"><\/span><\/div>[\/vc_column][\/vc_row][vc_row][vc_column][vc_column_text]<\/p>\n<hr \/>\n<p>[\/vc_column_text]<ul class=\"features-list col-5\">\n\t\t<li>\n\t\t\t<img decoding=\"async\" width=\"44\" height=\"55\" src=\"https:\/\/www.globecar.com\/wp-content\/uploads\/2017\/08\/thumbsup.png\" class=\"attachment-full size-full\" alt=\"thumbsup\" \/>\n\t\t\t<p><strong>El cami\u00f3n adecuado para el trabajo adecuado<\/strong><\/p>\n\t\t<\/li>\n\t\t<li>\n\t\t\t<img decoding=\"async\" width=\"59\" height=\"55\" src=\"https:\/\/www.globecar.com\/wp-content\/uploads\/2017\/08\/business-personal.png\" class=\"attachment-full size-full\" alt=\"business-personal\" \/>\n\t\t\t<p><strong>Para uso profesional o personal<\/strong><\/p>\n\t\t<\/li>\n\t\t<li>\n\t\t\t<img decoding=\"async\" width=\"60\" height=\"55\" src=\"https:\/\/www.globecar.com\/wp-content\/uploads\/2017\/08\/move.png\" class=\"attachment-full size-full\" alt=\"move\" \/>\n\t\t\t<p><strong>Camiones o furgonetas para ayudarle a mudarse<\/strong><\/p>\n\t\t<\/li>\n\t\t<li>\n\t\t\t<img decoding=\"async\" width=\"46\" height=\"54\" src=\"https:\/\/www.globecar.com\/wp-content\/uploads\/2017\/08\/short-long.png\" class=\"attachment-full size-full\" alt=\"short-long\" \/>\n\t\t\t<p><strong>Alquiler de camiones a corto o largo plazo<\/strong><\/p>\n\t\t<\/li>\n\t\t<li>\n\t\t\t<img decoding=\"async\" width=\"51\" height=\"55\" src=\"https:\/\/www.globecar.com\/wp-content\/uploads\/2017\/08\/corporate.png\" class=\"attachment-full size-full\" alt=\"corporate\" \/>\n\t\t\t<p><strong>Bienvenido a Corporate Truck Renting<\/strong><\/p>\n\t\t<\/li><\/ul>[\/vc_column][\/vc_row][vc_section][vc_row full_width=\u00bbstretch_row\u00bb][vc_column el_class=\u00bbcar-profile__trucks\u00bb]<div class=\"car-profile \"><ul class='images slick-slider-wrapper'><li><img decoding=\"async\" width=\"788\" height=\"540\" src=\"https:\/\/www.globecar.com\/wp-content\/uploads\/2017\/08\/pickup.jpg\" class=\"attachment-full size-full\" alt=\"pickup\" srcset=\"https:\/\/www.globecar.com\/wp-content\/uploads\/2017\/08\/pickup.jpg 788w, https:\/\/www.globecar.com\/wp-content\/uploads\/2017\/08\/pickup-150x103.jpg 150w, https:\/\/www.globecar.com\/wp-content\/uploads\/2017\/08\/pickup-300x206.jpg 300w, https:\/\/www.globecar.com\/wp-content\/uploads\/2017\/08\/pickup-768x526.jpg 768w, https:\/\/www.globecar.com\/wp-content\/uploads\/2017\/08\/pickup-300x206@2x.jpg 600w\" sizes=\"(max-width: 788px) 100vw, 788px\" \/><\/li><\/ul><div class='mini-wrap'><ul class=\"km\">\n\t\t\t\t<li><strong>Ciudad<\/strong> 13.2l\/100km<\/li>\n\t\t\t\t<li><strong>Autopista<\/strong> 9.6l\/100km<\/li>\n\t\t\t<\/ul><h2>Alquiler de camionetas<\/h2><h3>Ford F150 XLT Super-Crew Cab + 4X4<\/h3><div class=\"cols\"><div class=\"amount-wrapper\"><span class=\"amount-title\">A partir de<\/span><p class=\"amount\"><sup>$<\/sup>\u00a1895<span class=\"star\">*<\/span><\/span><span class=\"per\">\/mes!<\/span><\/p><\/div><p class='short-desc'>Nuestro pick-up de alquiler barato es el nuevo Ford F150 XLT Super Crew para todas sus necesidades de alquiler de coches a corto y largo plazo.<\/p><\/div><p>Este cami\u00f3n totalmente equipado, campe\u00f3n indiscutible y superventas durante m\u00e1s de 50 a\u00f1os, viene con una cabina Super-Crew Cab para 6 pasajeros y 4 puertas, una caja de carga de 6,5 pies y un potente motor V8 Ti-VCT de 5.0L con 385 CV \/387 lb\/pie de par motor, duradero y de bajo consumo, capaz de remolcar m\u00e1s de 5.352 kg y transportar grandes cargas \u00fatiles de hasta 1.320 kg. La mejor tracci\u00f3n a las cuatro ruedas de su clase.<\/p><a class=\"button\" href=\"https:\/\/www.globecar.com\/es\/veh%C3%ADculos\/camioneta-de-media-tonelada\/\">Reserve ahora<\/a><ul class=\"features\">\n\t\t\t\t<li><img decoding=\"async\" src=\"https:\/\/www.globecar.com\/wp-content\/themes\/genesis-child\/images\/tons.png\" alt=\"Tons\"\/> 1\/2<\/li>\n\t\t\t\t<li><img decoding=\"async\" src=\"https:\/\/www.globecar.com\/wp-content\/themes\/genesis-child\/images\/passengers.png\" alt=\"Passengers\"\/> 6<\/li><li><img decoding=\"async\" src=\"https:\/\/www.globecar.com\/wp-content\/themes\/genesis-child\/images\/transmission.png\" alt=\"Transmission\"\/> Autom\u00e1tico <\/li><li><img decoding=\"async\" src=\"https:\/\/www.globecar.com\/wp-content\/themes\/genesis-child\/images\/ac.png\" alt=\"AC\"\/> Aire acondicionado<\/li><li><img decoding=\"async\" src=\"https:\/\/www.globecar.com\/wp-content\/themes\/genesis-child\/images\/age.png\" alt=\"Age\"\/> 24 a\u00f1os +<\/li><\/ul><span class=\"conditions\">* Se aplican determinadas condiciones<\/span><\/div><\/div><div class=\"car-profile align-right\"><ul class='images slick-slider-wrapper'><li><img decoding=\"async\" width=\"787\" height=\"540\" src=\"https:\/\/www.globecar.com\/wp-content\/uploads\/2017\/08\/cargo-van-rentals.jpg\" class=\"attachment-full size-full\" alt=\"cargo-van-rentals\" srcset=\"https:\/\/www.globecar.com\/wp-content\/uploads\/2017\/08\/cargo-van-rentals.jpg 787w, https:\/\/www.globecar.com\/wp-content\/uploads\/2017\/08\/cargo-van-rentals-150x103.jpg 150w, https:\/\/www.globecar.com\/wp-content\/uploads\/2017\/08\/cargo-van-rentals-200x137@2x.jpg 400w, https:\/\/www.globecar.com\/wp-content\/uploads\/2017\/08\/cargo-van-rentals-768x527.jpg 768w, https:\/\/www.globecar.com\/wp-content\/uploads\/2017\/08\/cargo-van-rentals-68x47.jpg 68w, https:\/\/www.globecar.com\/wp-content\/uploads\/2017\/08\/cargo-van-rentals-200x137.jpg 200w, https:\/\/www.globecar.com\/wp-content\/uploads\/2017\/08\/cargo-van-rentals-150x103@2x.jpg 300w, https:\/\/www.globecar.com\/wp-content\/uploads\/2017\/08\/cargo-van-rentals-68x47@2x.jpg 136w\" sizes=\"(max-width: 787px) 100vw, 787px\" \/><\/li><\/ul><div class='mini-wrap'><ul class=\"km\">\n\t\t\t\t<li><strong>Ciudad<\/strong> 16.8l\/100km<\/li>\n\t\t\t\t<li><strong>Autopista<\/strong> 13.2l\/100km<\/li>\n\t\t\t<\/ul><h2>Alquiler de furgonetas de carga<\/h2><h3>Ford transit techo normal, medio y alto<\/h3><div class=\"cols\"><div class=\"amount-wrapper\"><span class=\"amount-title\">A partir de<\/span><p class=\"amount\"><sup>$<\/sup>\u00a1795<span class=\"star\">*<\/span><\/span><span class=\"per\">\/mes!<\/span><\/p><\/div><p class='short-desc'>Nuestro alquiler de furgonetas de carga es la nueva Ford Transit Extended para necesidades de alquiler de furgonetas comerciales a corto y largo plazo.<\/p><\/div><p>Disponible en alturas de techo regular y media con una distancia entre ejes larga de 148 pulgadas espec\u00edficamente dise\u00f1ada para maximizar el espacio de carga, una gran puerta corrediza lateral y puertas de carga traseras para mayor productividad. De cargas ligeras a pesadas y de grandes a peque\u00f1as, no importa los requisitos que exija tu trabajo, la Ford Transit ofrece la capacidad que necesitas con su potente, eficiente y probado motor V6 Ti-VCT de 3.7L y 275 CV \/ 260 lb\/pie de par.<\/p><a class=\"button\" href=\"https:\/\/www.globecar.com\/es\/nuestros-veh%C3%ADculos\/furgonetas-de-carga\/\">Reserve ahora<\/a><ul class=\"features\">\n\t\t\t\t<li><img decoding=\"async\" src=\"https:\/\/www.globecar.com\/wp-content\/themes\/genesis-child\/images\/tons.png\" alt=\"Tons\"\/> 3\/4<\/li>\n\t\t\t\t<li><img decoding=\"async\" src=\"https:\/\/www.globecar.com\/wp-content\/themes\/genesis-child\/images\/passengers.png\" alt=\"Passengers\"\/> 2<\/li><li><img decoding=\"async\" src=\"https:\/\/www.globecar.com\/wp-content\/themes\/genesis-child\/images\/transmission.png\" alt=\"Transmission\"\/> Autom\u00e1tico <\/li><li><img decoding=\"async\" src=\"https:\/\/www.globecar.com\/wp-content\/themes\/genesis-child\/images\/ac.png\" alt=\"AC\"\/> Aire acondicionado<\/li><li><img decoding=\"async\" src=\"https:\/\/www.globecar.com\/wp-content\/themes\/genesis-child\/images\/age.png\" alt=\"Age\"\/> 21 a\u00f1os +<\/li><\/ul><span class=\"conditions\">* Se aplican determinadas condiciones<\/span><\/div><\/div><div class=\"car-profile \"><ul class='images slick-slider-wrapper'><li><img decoding=\"async\" width=\"787\" height=\"540\" src=\"https:\/\/www.globecar.com\/wp-content\/uploads\/2017\/08\/16-cube-truck.jpg\" class=\"attachment-full size-full\" alt=\"16-cube-truck\" srcset=\"https:\/\/www.globecar.com\/wp-content\/uploads\/2017\/08\/16-cube-truck.jpg 787w, https:\/\/www.globecar.com\/wp-content\/uploads\/2017\/08\/16-cube-truck-150x103.jpg 150w, https:\/\/www.globecar.com\/wp-content\/uploads\/2017\/08\/16-cube-truck-300x206.jpg 300w, https:\/\/www.globecar.com\/wp-content\/uploads\/2017\/08\/16-cube-truck-768x527.jpg 768w, https:\/\/www.globecar.com\/wp-content\/uploads\/2017\/08\/16-cube-truck-300x206@2x.jpg 600w\" sizes=\"(max-width: 787px) 100vw, 787px\" \/><\/li><\/ul><div class='mini-wrap'><ul class=\"km\">\n\t\t\t\t<li><strong>Ciudad<\/strong> 10.7l\/100km<\/li>\n\t\t\t\t<li><strong>Autopista<\/strong> 8.7l\/100km<\/li>\n\t\t\t<\/ul><h2>Alquiler de camiones cubo de 16<\/h2><h3>Ford E450 Heavy Duty o GMC Savana 3500<\/h3><div class=\"cols\"><div class=\"amount-wrapper\"><span class=\"amount-title\">A partir de<\/span><p class=\"amount\"><sup>$<\/sup>\u00a1995<span class=\"star\">*<\/span><\/span><span class=\"per\">\/mes!<\/span><\/p><\/div><p class='short-desc'>Si est\u00e1 buscando un cami\u00f3n de mudanzas, nuestros camiones Cube de 16 pies f\u00e1ciles de conducir son ideales para sus necesidades de alquiler de camiones a corto y largo plazo.<\/p><\/div><p>Ideal para todos sus alquileres personales o comerciales con una capacidad de carga de 1500kg. Totalmente equipado con una pr\u00e1ctica rampa extra\u00edble y un potente y eficiente motor de 8 cilindros. Puede contener f\u00e1cilmente cajas, cajones, electrodom\u00e9sticos, nevera, cocina, muebles, mesas para un apartamento de 1 a 2 e incluso 3 dormitorios. Este cami\u00f3n cubo puede caber para el equipo comercial para mover en la soluci\u00f3n m\u00e1s eficiente y asequible para todas sus necesidades de mudanza y transporte.<\/p><a class=\"button\" href=\"https:\/\/www.globecar.com\/es\/nuestros-veh\u00edculos\/camion-cuba-de-16-pies\/\">Reserve ahora<\/a><ul class=\"features\">\n\t\t\t\t<li><img decoding=\"async\" src=\"https:\/\/www.globecar.com\/wp-content\/themes\/genesis-child\/images\/tons.png\" alt=\"Tons\"\/> 3\/4<\/li>\n\t\t\t\t<li><img decoding=\"async\" src=\"https:\/\/www.globecar.com\/wp-content\/themes\/genesis-child\/images\/passengers.png\" alt=\"Passengers\"\/> 2<\/li><li><img decoding=\"async\" src=\"https:\/\/www.globecar.com\/wp-content\/themes\/genesis-child\/images\/transmission.png\" alt=\"Transmission\"\/> Autom\u00e1tico <\/li><li><img decoding=\"async\" src=\"https:\/\/www.globecar.com\/wp-content\/themes\/genesis-child\/images\/ac.png\" alt=\"AC\"\/> Aire acondicionado<\/li><li><img decoding=\"async\" src=\"https:\/\/www.globecar.com\/wp-content\/themes\/genesis-child\/images\/age.png\" alt=\"Age\"\/> 21 a\u00f1os +<\/li><\/ul><span class=\"conditions\">* Se aplican determinadas condiciones<\/span><\/div><\/div>\n\t\t<div class=\"simple-banner \">\n\t\t\t<img decoding=\"async\" width=\"1574\" height=\"390\" src=\"https:\/\/www.globecar.com\/wp-content\/uploads\/2017\/08\/question_banner.jpg\" class=\"attachment-full size-full\" alt=\"question_banner\" srcset=\"https:\/\/www.globecar.com\/wp-content\/uploads\/2017\/08\/question_banner.jpg 1574w, https:\/\/www.globecar.com\/wp-content\/uploads\/2017\/08\/question_banner-150x37.jpg 150w, https:\/\/www.globecar.com\/wp-content\/uploads\/2017\/08\/question_banner-300x74.jpg 300w, https:\/\/www.globecar.com\/wp-content\/uploads\/2017\/08\/question_banner-768x190.jpg 768w, https:\/\/www.globecar.com\/wp-content\/uploads\/2017\/08\/question_banner-1024x254.jpg 1024w, https:\/\/www.globecar.com\/wp-content\/uploads\/2017\/08\/question_banner-300x74@2x.jpg 600w, https:\/\/www.globecar.com\/wp-content\/uploads\/2017\/08\/question_banner-768x190@2x.jpg 1536w\" sizes=\"(max-width: 1574px) 100vw, 1574px\" \/>\n\t\t\t<div class=\"wrap\"><div class=\"mini-wrap\"><h3>\u00bfTiene alguna pregunta?<\/h3><\/div><a class=\"button onDark full large\" href=\"https:\/\/faq.globecar.com\/en\">Encontrar respuestas f\u00e1ciles<\/a>\t<\/div><\/div>[\/vc_column][\/vc_row][\/vc_section]<\/p>\n<\/div>","protected":false},"excerpt":{"rendered":"<p>[vc_row content_placement=\u00bbmiddle\u00bb is_header=\u00bbtrue\u00bb][vc_column width=\u00bb2\/3&#8243;][vc_column_text css=\u00bb.vc_custom_1715239830063{margin-bottom: 2em !important;}\u00bb] \u00a1Tenemos camiones! Alquiler de furgonetas de carga, pick-up y camiones de mudanzas \u00bfBuscas alquilar una furgoneta o camioneta de carga barata en Montreal QC? Ofrecemos los alquileres m\u00e1s baratos de SUVs, 4X4&#8217;s, Pickups, Furgonetas y Camiones de todos los tama\u00f1os. Nuestras tarifas son tan bajas como $37.95\/d\u00eda con [&hellip;]<\/p>\n","protected":false},"author":1,"featured_media":0,"parent":0,"menu_order":0,"comment_status":"closed","ping_status":"closed","template":"","meta":{"_acf_changed":false,"_genesis_hide_title":false,"_genesis_hide_breadcrumbs":false,"_genesis_hide_singular_image":false,"_genesis_hide_footer_widgets":false,"_genesis_custom_body_class":"","_genesis_custom_post_class":"","_genesis_layout":"","jetpack_post_was_ever_published":false,"footnotes":""},"class_list":{"0":"post-13821","1":"page","2":"type-page","3":"status-publish","5":"entry","6":"has-post-thumbnail"},"acf":[],"yoast_head":"<!-- This site is optimized with the Yoast SEO Premium plugin v27.1 (Yoast SEO v27.1.1) - https:\/\/yoast.com\/product\/yoast-seo-premium-wordpress\/ -->\n<title>Alquile un cami\u00f3n, una furgoneta o una camioneta | Alquiler de coches y camiones Globe en Montreal<\/title>\n<meta name=\"description\" content=\"Alquiler de camiones tan barato como $ 37.95\/d\u00eda, Alquiler de Pick-up, 4X4, alquiler de camiones de mudanzas y furgonetas de alquiler en Montreal.\" \/>\n<meta name=\"robots\" content=\"index, follow, max-snippet:-1, max-image-preview:large, max-video-preview:-1\" \/>\n<link rel=\"canonical\" href=\"https:\/\/www.globecar.com\/es\/alquiler-de-camiones\/\" \/>\n<meta property=\"og:locale\" content=\"es_ES\" \/>\n<meta property=\"og:type\" content=\"article\" \/>\n<meta property=\"og:title\" content=\"Alquiler de camiones\" \/>\n<meta property=\"og:description\" content=\"\u00a1Tenemos camiones! Alquiler de furgonetas de carga, pick-up y camiones de mudanzas \u00bfBuscas alquilar una furgoneta o camioneta de carga barata en Montreal\" \/>\n<meta property=\"og:url\" content=\"https:\/\/www.globecar.com\/es\/alquiler-de-camiones\/\" \/>\n<meta property=\"og:site_name\" content=\"Alquiler de coches y camiones Globe en Montreal\" \/>\n<meta property=\"article:publisher\" content=\"https:\/\/www.facebook.com\/GlobeCar\" \/>\n<meta property=\"article:modified_time\" content=\"2025-03-20T05:30:13+00:00\" \/>\n<meta property=\"og:image\" content=\"https:\/\/www.globecar.com\/wp-content\/uploads\/2023\/12\/thumbnail_logo_final-1.jpg\" \/>\n\t<meta property=\"og:image:width\" content=\"555\" \/>\n\t<meta property=\"og:image:height\" content=\"555\" \/>\n\t<meta property=\"og:image:type\" content=\"image\/jpeg\" \/>\n<meta name=\"twitter:card\" content=\"summary_large_image\" \/>\n<meta name=\"twitter:site\" content=\"@GlobeCar\" \/>\n<meta name=\"twitter:label1\" content=\"Tiempo de lectura\" \/>\n\t<meta name=\"twitter:data1\" content=\"3 minutos\" \/>\n<script type=\"application\/ld+json\" class=\"yoast-schema-graph\">{\"@context\":\"https:\/\/schema.org\",\"@graph\":[{\"@type\":\"WebPage\",\"@id\":\"https:\/\/www.globecar.com\/es\/alquiler-de-camiones\/\",\"url\":\"https:\/\/www.globecar.com\/es\/alquiler-de-camiones\/\",\"name\":\"Alquile un cami\u00f3n, una furgoneta o una camioneta | Alquiler de coches y camiones Globe en Montreal\",\"isPartOf\":{\"@id\":\"https:\/\/www.globecar.com\/es\/#website\"},\"datePublished\":\"2024-03-19T18:07:32+00:00\",\"dateModified\":\"2025-03-20T05:30:13+00:00\",\"description\":\"Alquiler de camiones tan barato como $ 37.95\/d\u00eda, Alquiler de Pick-up, 4X4, alquiler de camiones de mudanzas y furgonetas de alquiler en Montreal.\",\"breadcrumb\":{\"@id\":\"https:\/\/www.globecar.com\/es\/alquiler-de-camiones\/#breadcrumb\"},\"inLanguage\":\"es\",\"potentialAction\":[{\"@type\":\"ReadAction\",\"target\":[\"https:\/\/www.globecar.com\/es\/alquiler-de-camiones\/\"]}]},{\"@type\":\"BreadcrumbList\",\"@id\":\"https:\/\/www.globecar.com\/es\/alquiler-de-camiones\/#breadcrumb\",\"itemListElement\":[{\"@type\":\"ListItem\",\"position\":1,\"name\":\"Inicio\",\"item\":\"https:\/\/www.globecar.com\/es\/\"},{\"@type\":\"ListItem\",\"position\":2,\"name\":\"Alquiler de camiones\"}]},{\"@type\":\"WebSite\",\"@id\":\"https:\/\/www.globecar.com\/es\/#website\",\"url\":\"https:\/\/www.globecar.com\/es\/\",\"name\":\"Globe Location d'Autos et Camions \u00e0 Montr\u00e9al\",\"description\":\"Drive 4 Less\",\"publisher\":{\"@id\":\"https:\/\/www.globecar.com\/es\/#organization\"},\"alternateName\":\"GlobeCar\",\"potentialAction\":[{\"@type\":\"SearchAction\",\"target\":{\"@type\":\"EntryPoint\",\"urlTemplate\":\"https:\/\/www.globecar.com\/es\/?s={search_term_string}\"},\"query-input\":{\"@type\":\"PropertyValueSpecification\",\"valueRequired\":true,\"valueName\":\"search_term_string\"}}],\"inLanguage\":\"es\"},{\"@type\":\"Organization\",\"@id\":\"https:\/\/www.globecar.com\/es\/#organization\",\"name\":\"Globe Car & Truck Rental\",\"alternateName\":\"GlobeCar\",\"url\":\"https:\/\/www.globecar.com\/es\/\",\"logo\":{\"@type\":\"ImageObject\",\"inLanguage\":\"es\",\"@id\":\"https:\/\/www.globecar.com\/es\/#\/schema\/logo\/image\/\",\"url\":\"https:\/\/www.globecar.com\/wp-content\/uploads\/2023\/12\/thumbnail_logo_final-1.jpg\",\"contentUrl\":\"https:\/\/www.globecar.com\/wp-content\/uploads\/2023\/12\/thumbnail_logo_final-1.jpg\",\"width\":555,\"height\":555,\"caption\":\"Globe Car & Truck Rental\"},\"image\":{\"@id\":\"https:\/\/www.globecar.com\/es\/#\/schema\/logo\/image\/\"},\"sameAs\":[\"https:\/\/www.facebook.com\/GlobeCar\",\"https:\/\/x.com\/GlobeCar\",\"https:\/\/mastodon.social\/@globecar\",\"https:\/\/www.instagram.com\/globecar\/\",\"https:\/\/www.linkedin.com\/company\/globecar\/\",\"https:\/\/www.pinterest.com\/globecar\",\"https:\/\/www.youtube.com\/c\/GlobecarRentals\"]}]}<\/script>\n<!-- \/ Yoast SEO Premium plugin. -->","yoast_head_json":{"title":"Alquile un cami\u00f3n, una furgoneta o una camioneta | Alquiler de coches y camiones Globe en Montreal","description":"Alquiler de camiones tan barato como $ 37.95\/d\u00eda, Alquiler de Pick-up, 4X4, alquiler de camiones de mudanzas y furgonetas de alquiler en Montreal.","robots":{"index":"index","follow":"follow","max-snippet":"max-snippet:-1","max-image-preview":"max-image-preview:large","max-video-preview":"max-video-preview:-1"},"canonical":"https:\/\/www.globecar.com\/es\/alquiler-de-camiones\/","og_locale":"es_ES","og_type":"article","og_title":"Alquiler de camiones","og_description":"\u00a1Tenemos camiones! Alquiler de furgonetas de carga, pick-up y camiones de mudanzas \u00bfBuscas alquilar una furgoneta o camioneta de carga barata en Montreal","og_url":"https:\/\/www.globecar.com\/es\/alquiler-de-camiones\/","og_site_name":"Alquiler de coches y camiones Globe en Montreal","article_publisher":"https:\/\/www.facebook.com\/GlobeCar","article_modified_time":"2025-03-20T05:30:13+00:00","og_image":[{"width":555,"height":555,"url":"https:\/\/www.globecar.com\/wp-content\/uploads\/2023\/12\/thumbnail_logo_final-1.jpg","type":"image\/jpeg"}],"twitter_card":"summary_large_image","twitter_site":"@GlobeCar","twitter_misc":{"Tiempo de lectura":"3 minutos"},"schema":{"@context":"https:\/\/schema.org","@graph":[{"@type":"WebPage","@id":"https:\/\/www.globecar.com\/es\/alquiler-de-camiones\/","url":"https:\/\/www.globecar.com\/es\/alquiler-de-camiones\/","name":"Alquile un cami\u00f3n, una furgoneta o una camioneta | Alquiler de coches y camiones Globe en Montreal","isPartOf":{"@id":"https:\/\/www.globecar.com\/es\/#website"},"datePublished":"2024-03-19T18:07:32+00:00","dateModified":"2025-03-20T05:30:13+00:00","description":"Alquiler de camiones tan barato como $ 37.95\/d\u00eda, Alquiler de Pick-up, 4X4, alquiler de camiones de mudanzas y furgonetas de alquiler en Montreal.","breadcrumb":{"@id":"https:\/\/www.globecar.com\/es\/alquiler-de-camiones\/#breadcrumb"},"inLanguage":"es","potentialAction":[{"@type":"ReadAction","target":["https:\/\/www.globecar.com\/es\/alquiler-de-camiones\/"]}]},{"@type":"BreadcrumbList","@id":"https:\/\/www.globecar.com\/es\/alquiler-de-camiones\/#breadcrumb","itemListElement":[{"@type":"ListItem","position":1,"name":"Inicio","item":"https:\/\/www.globecar.com\/es\/"},{"@type":"ListItem","position":2,"name":"Alquiler de camiones"}]},{"@type":"WebSite","@id":"https:\/\/www.globecar.com\/es\/#website","url":"https:\/\/www.globecar.com\/es\/","name":"Globe Location d'Autos et Camions \u00e0 Montr\u00e9al","description":"Drive 4 Less","publisher":{"@id":"https:\/\/www.globecar.com\/es\/#organization"},"alternateName":"GlobeCar","potentialAction":[{"@type":"SearchAction","target":{"@type":"EntryPoint","urlTemplate":"https:\/\/www.globecar.com\/es\/?s={search_term_string}"},"query-input":{"@type":"PropertyValueSpecification","valueRequired":true,"valueName":"search_term_string"}}],"inLanguage":"es"},{"@type":"Organization","@id":"https:\/\/www.globecar.com\/es\/#organization","name":"Globe Car & Truck Rental","alternateName":"GlobeCar","url":"https:\/\/www.globecar.com\/es\/","logo":{"@type":"ImageObject","inLanguage":"es","@id":"https:\/\/www.globecar.com\/es\/#\/schema\/logo\/image\/","url":"https:\/\/www.globecar.com\/wp-content\/uploads\/2023\/12\/thumbnail_logo_final-1.jpg","contentUrl":"https:\/\/www.globecar.com\/wp-content\/uploads\/2023\/12\/thumbnail_logo_final-1.jpg","width":555,"height":555,"caption":"Globe Car & Truck Rental"},"image":{"@id":"https:\/\/www.globecar.com\/es\/#\/schema\/logo\/image\/"},"sameAs":["https:\/\/www.facebook.com\/GlobeCar","https:\/\/x.com\/GlobeCar","https:\/\/mastodon.social\/@globecar","https:\/\/www.instagram.com\/globecar\/","https:\/\/www.linkedin.com\/company\/globecar\/","https:\/\/www.pinterest.com\/globecar","https:\/\/www.youtube.com\/c\/GlobecarRentals"]}]}},"jetpack_sharing_enabled":true,"jetpack_shortlink":"https:\/\/wp.me\/PaiT2D-3AV","_links":{"self":[{"href":"https:\/\/www.globecar.com\/es\/wp-json\/wp\/v2\/pages\/13821","targetHints":{"allow":["GET"]}}],"collection":[{"href":"https:\/\/www.globecar.com\/es\/wp-json\/wp\/v2\/pages"}],"about":[{"href":"https:\/\/www.globecar.com\/es\/wp-json\/wp\/v2\/types\/page"}],"author":[{"embeddable":true,"href":"https:\/\/www.globecar.com\/es\/wp-json\/wp\/v2\/users\/1"}],"replies":[{"embeddable":true,"href":"https:\/\/www.globecar.com\/es\/wp-json\/wp\/v2\/comments?post=13821"}],"version-history":[{"count":19,"href":"https:\/\/www.globecar.com\/es\/wp-json\/wp\/v2\/pages\/13821\/revisions"}],"predecessor-version":[{"id":17915,"href":"https:\/\/www.globecar.com\/es\/wp-json\/wp\/v2\/pages\/13821\/revisions\/17915"}],"wp:attachment":[{"href":"https:\/\/www.globecar.com\/es\/wp-json\/wp\/v2\/media?parent=13821"}],"curies":[{"name":"wp","href":"https:\/\/api.w.org\/{rel}","templated":true}]}}