{"id":13809,"date":"2024-03-19T14:07:30","date_gmt":"2024-03-19T18:07:30","guid":{"rendered":"https:\/\/www.globecar.com\/acerca-de\/quiosco\/"},"modified":"2025-01-29T04:55:12","modified_gmt":"2025-01-29T09:55:12","slug":"quiosco","status":"publish","type":"page","link":"https:\/\/www.globecar.com\/es\/acerca-de\/quiosco\/","title":{"rendered":"Quiosco"},"content":{"rendered":"<div class=\"wpb-content-wrapper\"><p>[vc_row is_header=\u00bbtrue\u00bb][vc_column width=\u00bb2\/3&#8243; css=\u00bb.vc_custom_1502987355300{padding-right: 6em !important;}\u00bb][vc_column_text]<\/p>\n<h1>Agentes reales a la espera.<\/h1>\n<p>\u00bfNecesita un coche para desplazarse? Puedes recoger uno de nuestros incre\u00edbles<br \/>\n\u00a1coches de alquiler en <strong>s\u00f3lo 5 Minutos!<\/strong><\/p>\n<p>\u00bfEst\u00e1 cansado de compartir coche&#8230; \u00bfEntrar en un coche sucio?<\/p>\n<hr \/>\n<p>[\/vc_column_text]<ul class=\"features-list col-3 alignLeft\">\n\t\t<li>\n\t\t\t<img decoding=\"async\" width=\"55\" height=\"50\" src=\"https:\/\/www.globecar.com\/wp-content\/uploads\/2017\/08\/first-in-canada.png\" class=\"attachment-full size-full\" alt=\"first-in-canada\" \/>\n\t\t\t<p><strong>Primero en<br \/><br\/>Canad\u00e1<\/strong><\/p>\n\t\t<\/li>\n\t\t<li>\n\t\t\t<img decoding=\"async\" width=\"40\" height=\"42\" src=\"https:\/\/www.globecar.com\/wp-content\/uploads\/2017\/08\/live-agents.png\" class=\"attachment-full size-full\" alt=\"Live agents\" \/>\n\t\t\t<p><strong>Virtual Live<br \/><br\/>Agentes<\/strong><\/p>\n\t\t<\/li>\n\t\t<li>\n\t\t\t<img decoding=\"async\" width=\"46\" height=\"46\" src=\"https:\/\/www.globecar.com\/wp-content\/uploads\/2017\/08\/hours.png\" class=\"attachment-full size-full\" alt=\"Extended business hours\" \/>\n\t\t\t<p><strong>Hasta las 21.00 horas<br \/><br\/>\u00a1Cada d\u00eda!<\/strong><\/p>\n\t\t<\/li><\/ul>[\/vc_column][vc_column width=\u00bb1\/3&#8243;][vc_single_image image=\u00bb8950&#8243; img_size=\u00bbfull\u00bb alignment=\u00bbright\u00bb][\/vc_column][\/vc_row][vc_row][vc_column][vc_wp_custommenu nav_menu=\u00bb1929&#8243;][\/vc_column][\/vc_row][vc_section is_container=\u00bbtrue\u00bb][vc_row][vc_column width=\u00bb1\/2&#8243;][vc_column_text]<\/p>\n<h3>Una forma m\u00e1s r\u00e1pida y sencilla de alquilar un coche.<\/h3>\n<p>[\/vc_column_text][\/vc_column][vc_column width=\u00bb1\/2&#8243;][vc_column_text]<\/p>\n<p style=\"text-align: right;\"><span class=\"button\"><a href=\"https:\/\/www.globecar.com\/es\/acerca-de\/quiosco\/corporativo\/\">Ver la versi\u00f3n corporativa<\/a><\/span><\/p>\n<p>[\/vc_column_text][\/vc_column][\/vc_row][vc_row css=\u00bb.vc_custom_1502986135969{margin-top: 2em !important;}\u00bb][vc_column][vc_video link=\u00bbhttps:\/\/videopress.com\/v\/bZjSnU9x\u00bb el_id=\u00bbvideo\u00bb][vc_separator][\/vc_column][\/vc_row][vc_row][vc_column width=\u00bb7\/12&#8243; css=\u00bb.vc_custom_1502984705417{padding-right: 5em !important;}\u00bb][vc_column_text]<\/p>\n<h3>Con o sin reserva&#8230;<br \/>\nNuestros veh\u00edculos y nuestro impresionante personal le est\u00e1n esperando.<\/h3>\n<p>\u00bfQu\u00e9 hacer a partir de las 18:00 cuando necesitas ayuda para alquilar un coche o tienes una pregunta y todo el mundo est\u00e1 cerrado? Nuestros especialistas en alquiler de coches est\u00e1n a su disposici\u00f3n en <a href=\"https:\/\/www.globecar.com\/es\/acerca-de\/horario-comercial-ampliado\/\">horario ampliado<\/a> hasta las 19:00, los 7 d\u00edas de la semana. Nuestros clientes habituales se sorprenden al ver lo f\u00e1cil que es recoger un coche utilizando nuestro quiosco. Las devoluciones son a\u00fan m\u00e1s sencillas, basta con depositar la llave en el buz\u00f3n y \u00a1ya! Nuestros agentes realizan las inspecciones y le informan en un plazo de 24 horas, normalmente mucho menos. A diferencia del coche compartido: \u00a1Un coche de alquiler nuevo y limpio siempre te est\u00e1 esperando! Una vez que lo haya utilizado una vez, le encantar\u00e1 cada vez que <a href=\"https:\/\/www.globecar.com\/es\/\">necesite alquilar un coche<\/a>.[\/vc_column_text][\/vc_column][vc_column width=\u00bb5\/12&#8243;][vc_column_text]<\/p>\n<h3>Ventajas<\/h3>\n<ol>\n<li>Abierto de 7\/7 a 9PM todas las noches<\/li>\n<li>Se aceptan todos los permisos de conducir internacionales<\/li>\n<li>Interact\u00fae con agentes \u00abreales<\/li>\n<li>Obtenga respuestas y apoyo a sus necesidades<\/li>\n<li>Ponga el coche alquilado en la carretera m\u00e1s r\u00e1pido<\/li>\n<li>Recogida y devoluci\u00f3n de llaves en 5 segundos como m\u00e1ximo<\/li>\n<li>Evaluar siempre el servicio\/agente<\/li>\n<li>Respetuoso con el medio ambiente &#8211; huella peque\u00f1a<\/li>\n<\/ol>\n<p>[\/vc_column_text][\/vc_column][\/vc_row][\/vc_section][vc_section][vc_row full_width=\u00bbstretch_row\u00bb][vc_column]\n\t\t<div class=\"simple-banner \">\n\t\t\t<img decoding=\"async\" width=\"1574\" height=\"390\" src=\"https:\/\/www.globecar.com\/wp-content\/uploads\/2017\/08\/question_banner.jpg\" class=\"attachment-full size-full\" alt=\"question_banner\" srcset=\"https:\/\/www.globecar.com\/wp-content\/uploads\/2017\/08\/question_banner.jpg 1574w, https:\/\/www.globecar.com\/wp-content\/uploads\/2017\/08\/question_banner-150x37.jpg 150w, https:\/\/www.globecar.com\/wp-content\/uploads\/2017\/08\/question_banner-300x74.jpg 300w, https:\/\/www.globecar.com\/wp-content\/uploads\/2017\/08\/question_banner-768x190.jpg 768w, https:\/\/www.globecar.com\/wp-content\/uploads\/2017\/08\/question_banner-1024x254.jpg 1024w, https:\/\/www.globecar.com\/wp-content\/uploads\/2017\/08\/question_banner-300x74@2x.jpg 600w, https:\/\/www.globecar.com\/wp-content\/uploads\/2017\/08\/question_banner-768x190@2x.jpg 1536w\" sizes=\"(max-width: 1574px) 100vw, 1574px\" \/>\n\t\t\t<div class=\"wrap\"><div class=\"mini-wrap\"><h3>\u00bfTiene alguna pregunta?<\/h3><\/div><a class=\"button onDark full large\" href=\"https:\/\/faq.globecar.com\/\">Encontrar respuestas f\u00e1ciles<\/a>\t<\/div><\/div>[\/vc_column][\/vc_row][\/vc_section]<\/p>\n<\/div>","protected":false},"excerpt":{"rendered":"<p>[vc_row is_header=\u00bbtrue\u00bb][vc_column width=\u00bb2\/3&#8243; css=\u00bb.vc_custom_1502987355300{padding-right: 6em !important;}\u00bb][vc_column_text] Agentes reales a la espera. \u00bfNecesita un coche para desplazarse? Puedes recoger uno de nuestros incre\u00edbles \u00a1coches de alquiler en s\u00f3lo 5 Minutos! \u00bfEst\u00e1 cansado de compartir coche&#8230; \u00bfEntrar en un coche sucio? [\/vc_column_text][\/vc_column][vc_column width=\u00bb1\/3&#8243;][vc_single_image image=\u00bb8950&#8243; img_size=\u00bbfull\u00bb alignment=\u00bbright\u00bb][\/vc_column][\/vc_row][vc_row][vc_column][vc_wp_custommenu nav_menu=\u00bb1929&#8243;][\/vc_column][\/vc_row][vc_section is_container=\u00bbtrue\u00bb][vc_row][vc_column width=\u00bb1\/2&#8243;][vc_column_text] Una forma m\u00e1s r\u00e1pida y sencilla de alquilar [&hellip;]<\/p>\n","protected":false},"author":1,"featured_media":0,"parent":13799,"menu_order":0,"comment_status":"closed","ping_status":"closed","template":"","meta":{"_acf_changed":false,"_genesis_hide_title":false,"_genesis_hide_breadcrumbs":false,"_genesis_hide_singular_image":false,"_genesis_hide_footer_widgets":false,"_genesis_custom_body_class":"","_genesis_custom_post_class":"","_genesis_layout":"","jetpack_post_was_ever_published":false,"footnotes":""},"class_list":{"0":"post-13809","1":"page","2":"type-page","3":"status-publish","5":"entry","6":"has-post-thumbnail"},"acf":[],"yoast_head":"<!-- This site is optimized with the Yoast SEO Premium plugin v27.1 (Yoast SEO v27.1.1) - https:\/\/yoast.com\/product\/yoast-seo-premium-wordpress\/ -->\n<title>Alquiler de coches Quiosco - R\u00e1pido y F\u00e1cil | Alquiler de coches y camiones Globe en Montreal<\/title>\n<meta name=\"description\" content=\"El innovador y nuevo servicio de quiosco de alquiler de coches de Globe; nuestros agentes de alquiler de coches en directo est\u00e1n a su disposici\u00f3n para atenderle con un c\u00f3modo horario ampliado.\" \/>\n<meta name=\"robots\" content=\"index, follow, max-snippet:-1, max-image-preview:large, max-video-preview:-1\" \/>\n<link rel=\"canonical\" href=\"https:\/\/www.globecar.com\/es\/acerca-de\/quiosco\/\" \/>\n<meta property=\"og:locale\" content=\"es_ES\" \/>\n<meta property=\"og:type\" content=\"article\" \/>\n<meta property=\"og:title\" content=\"Quiosco\" \/>\n<meta property=\"og:description\" content=\"Agentes reales a la espera. \u00bfNecesita un coche para desplazarse? Puedes recoger uno de nuestros incre\u00edbles \u00a1coches de alquiler en s\u00f3lo 5 Minutos! \u00bfEst\u00e1\" \/>\n<meta property=\"og:url\" content=\"https:\/\/www.globecar.com\/es\/acerca-de\/quiosco\/\" \/>\n<meta property=\"og:site_name\" content=\"Alquiler de coches y camiones Globe en Montreal\" \/>\n<meta property=\"article:publisher\" content=\"https:\/\/www.facebook.com\/GlobeCar\" \/>\n<meta property=\"article:modified_time\" content=\"2025-01-29T09:55:12+00:00\" \/>\n<meta property=\"og:image\" content=\"https:\/\/www.globecar.com\/wp-content\/uploads\/2023\/12\/thumbnail_logo_final-1.jpg\" \/>\n\t<meta property=\"og:image:width\" content=\"555\" \/>\n\t<meta property=\"og:image:height\" content=\"555\" \/>\n\t<meta property=\"og:image:type\" content=\"image\/jpeg\" \/>\n<meta name=\"twitter:card\" content=\"summary_large_image\" \/>\n<meta name=\"twitter:site\" content=\"@GlobeCar\" \/>\n<meta name=\"twitter:label1\" content=\"Tiempo de lectura\" \/>\n\t<meta name=\"twitter:data1\" content=\"2 minutos\" \/>\n<script type=\"application\/ld+json\" class=\"yoast-schema-graph\">{\"@context\":\"https:\/\/schema.org\",\"@graph\":[{\"@type\":\"WebPage\",\"@id\":\"https:\/\/www.globecar.com\/es\/acerca-de\/quiosco\/\",\"url\":\"https:\/\/www.globecar.com\/es\/acerca-de\/quiosco\/\",\"name\":\"Alquiler de coches Quiosco - R\u00e1pido y F\u00e1cil | Alquiler de coches y camiones Globe en Montreal\",\"isPartOf\":{\"@id\":\"https:\/\/www.globecar.com\/es\/#website\"},\"datePublished\":\"2024-03-19T18:07:30+00:00\",\"dateModified\":\"2025-01-29T09:55:12+00:00\",\"description\":\"El innovador y nuevo servicio de quiosco de alquiler de coches de Globe; nuestros agentes de alquiler de coches en directo est\u00e1n a su disposici\u00f3n para atenderle con un c\u00f3modo horario ampliado.\",\"breadcrumb\":{\"@id\":\"https:\/\/www.globecar.com\/es\/acerca-de\/quiosco\/#breadcrumb\"},\"inLanguage\":\"es\",\"potentialAction\":[{\"@type\":\"ReadAction\",\"target\":[\"https:\/\/www.globecar.com\/es\/acerca-de\/quiosco\/\"]}]},{\"@type\":\"BreadcrumbList\",\"@id\":\"https:\/\/www.globecar.com\/es\/acerca-de\/quiosco\/#breadcrumb\",\"itemListElement\":[{\"@type\":\"ListItem\",\"position\":1,\"name\":\"Inicio\",\"item\":\"https:\/\/www.globecar.com\/es\/\"},{\"@type\":\"ListItem\",\"position\":2,\"name\":\"Acerca de\",\"item\":\"https:\/\/www.globecar.com\/es\/acerca-de\/\"},{\"@type\":\"ListItem\",\"position\":3,\"name\":\"Quiosco\"}]},{\"@type\":\"WebSite\",\"@id\":\"https:\/\/www.globecar.com\/es\/#website\",\"url\":\"https:\/\/www.globecar.com\/es\/\",\"name\":\"Globe Location d'Autos et Camions \u00e0 Montr\u00e9al\",\"description\":\"Drive 4 Less\",\"publisher\":{\"@id\":\"https:\/\/www.globecar.com\/es\/#organization\"},\"alternateName\":\"GlobeCar\",\"potentialAction\":[{\"@type\":\"SearchAction\",\"target\":{\"@type\":\"EntryPoint\",\"urlTemplate\":\"https:\/\/www.globecar.com\/es\/?s={search_term_string}\"},\"query-input\":{\"@type\":\"PropertyValueSpecification\",\"valueRequired\":true,\"valueName\":\"search_term_string\"}}],\"inLanguage\":\"es\"},{\"@type\":\"Organization\",\"@id\":\"https:\/\/www.globecar.com\/es\/#organization\",\"name\":\"Globe Car & Truck Rental\",\"alternateName\":\"GlobeCar\",\"url\":\"https:\/\/www.globecar.com\/es\/\",\"logo\":{\"@type\":\"ImageObject\",\"inLanguage\":\"es\",\"@id\":\"https:\/\/www.globecar.com\/es\/#\/schema\/logo\/image\/\",\"url\":\"https:\/\/www.globecar.com\/wp-content\/uploads\/2023\/12\/thumbnail_logo_final-1.jpg\",\"contentUrl\":\"https:\/\/www.globecar.com\/wp-content\/uploads\/2023\/12\/thumbnail_logo_final-1.jpg\",\"width\":555,\"height\":555,\"caption\":\"Globe Car & Truck Rental\"},\"image\":{\"@id\":\"https:\/\/www.globecar.com\/es\/#\/schema\/logo\/image\/\"},\"sameAs\":[\"https:\/\/www.facebook.com\/GlobeCar\",\"https:\/\/x.com\/GlobeCar\",\"https:\/\/mastodon.social\/@globecar\",\"https:\/\/www.instagram.com\/globecar\/\",\"https:\/\/www.linkedin.com\/company\/globecar\/\",\"https:\/\/www.pinterest.com\/globecar\",\"https:\/\/www.youtube.com\/c\/GlobecarRentals\"]}]}<\/script>\n<!-- \/ Yoast SEO Premium plugin. -->","yoast_head_json":{"title":"Alquiler de coches Quiosco - R\u00e1pido y F\u00e1cil | Alquiler de coches y camiones Globe en Montreal","description":"El innovador y nuevo servicio de quiosco de alquiler de coches de Globe; nuestros agentes de alquiler de coches en directo est\u00e1n a su disposici\u00f3n para atenderle con un c\u00f3modo horario ampliado.","robots":{"index":"index","follow":"follow","max-snippet":"max-snippet:-1","max-image-preview":"max-image-preview:large","max-video-preview":"max-video-preview:-1"},"canonical":"https:\/\/www.globecar.com\/es\/acerca-de\/quiosco\/","og_locale":"es_ES","og_type":"article","og_title":"Quiosco","og_description":"Agentes reales a la espera. \u00bfNecesita un coche para desplazarse? Puedes recoger uno de nuestros incre\u00edbles \u00a1coches de alquiler en s\u00f3lo 5 Minutos! \u00bfEst\u00e1","og_url":"https:\/\/www.globecar.com\/es\/acerca-de\/quiosco\/","og_site_name":"Alquiler de coches y camiones Globe en Montreal","article_publisher":"https:\/\/www.facebook.com\/GlobeCar","article_modified_time":"2025-01-29T09:55:12+00:00","og_image":[{"width":555,"height":555,"url":"https:\/\/www.globecar.com\/wp-content\/uploads\/2023\/12\/thumbnail_logo_final-1.jpg","type":"image\/jpeg"}],"twitter_card":"summary_large_image","twitter_site":"@GlobeCar","twitter_misc":{"Tiempo de lectura":"2 minutos"},"schema":{"@context":"https:\/\/schema.org","@graph":[{"@type":"WebPage","@id":"https:\/\/www.globecar.com\/es\/acerca-de\/quiosco\/","url":"https:\/\/www.globecar.com\/es\/acerca-de\/quiosco\/","name":"Alquiler de coches Quiosco - R\u00e1pido y F\u00e1cil | Alquiler de coches y camiones Globe en Montreal","isPartOf":{"@id":"https:\/\/www.globecar.com\/es\/#website"},"datePublished":"2024-03-19T18:07:30+00:00","dateModified":"2025-01-29T09:55:12+00:00","description":"El innovador y nuevo servicio de quiosco de alquiler de coches de Globe; nuestros agentes de alquiler de coches en directo est\u00e1n a su disposici\u00f3n para atenderle con un c\u00f3modo horario ampliado.","breadcrumb":{"@id":"https:\/\/www.globecar.com\/es\/acerca-de\/quiosco\/#breadcrumb"},"inLanguage":"es","potentialAction":[{"@type":"ReadAction","target":["https:\/\/www.globecar.com\/es\/acerca-de\/quiosco\/"]}]},{"@type":"BreadcrumbList","@id":"https:\/\/www.globecar.com\/es\/acerca-de\/quiosco\/#breadcrumb","itemListElement":[{"@type":"ListItem","position":1,"name":"Inicio","item":"https:\/\/www.globecar.com\/es\/"},{"@type":"ListItem","position":2,"name":"Acerca de","item":"https:\/\/www.globecar.com\/es\/acerca-de\/"},{"@type":"ListItem","position":3,"name":"Quiosco"}]},{"@type":"WebSite","@id":"https:\/\/www.globecar.com\/es\/#website","url":"https:\/\/www.globecar.com\/es\/","name":"Globe Location d'Autos et Camions \u00e0 Montr\u00e9al","description":"Drive 4 Less","publisher":{"@id":"https:\/\/www.globecar.com\/es\/#organization"},"alternateName":"GlobeCar","potentialAction":[{"@type":"SearchAction","target":{"@type":"EntryPoint","urlTemplate":"https:\/\/www.globecar.com\/es\/?s={search_term_string}"},"query-input":{"@type":"PropertyValueSpecification","valueRequired":true,"valueName":"search_term_string"}}],"inLanguage":"es"},{"@type":"Organization","@id":"https:\/\/www.globecar.com\/es\/#organization","name":"Globe Car & Truck Rental","alternateName":"GlobeCar","url":"https:\/\/www.globecar.com\/es\/","logo":{"@type":"ImageObject","inLanguage":"es","@id":"https:\/\/www.globecar.com\/es\/#\/schema\/logo\/image\/","url":"https:\/\/www.globecar.com\/wp-content\/uploads\/2023\/12\/thumbnail_logo_final-1.jpg","contentUrl":"https:\/\/www.globecar.com\/wp-content\/uploads\/2023\/12\/thumbnail_logo_final-1.jpg","width":555,"height":555,"caption":"Globe Car & Truck Rental"},"image":{"@id":"https:\/\/www.globecar.com\/es\/#\/schema\/logo\/image\/"},"sameAs":["https:\/\/www.facebook.com\/GlobeCar","https:\/\/x.com\/GlobeCar","https:\/\/mastodon.social\/@globecar","https:\/\/www.instagram.com\/globecar\/","https:\/\/www.linkedin.com\/company\/globecar\/","https:\/\/www.pinterest.com\/globecar","https:\/\/www.youtube.com\/c\/GlobecarRentals"]}]}},"jetpack_sharing_enabled":true,"jetpack_shortlink":"https:\/\/wp.me\/PaiT2D-3AJ","_links":{"self":[{"href":"https:\/\/www.globecar.com\/es\/wp-json\/wp\/v2\/pages\/13809","targetHints":{"allow":["GET"]}}],"collection":[{"href":"https:\/\/www.globecar.com\/es\/wp-json\/wp\/v2\/pages"}],"about":[{"href":"https:\/\/www.globecar.com\/es\/wp-json\/wp\/v2\/types\/page"}],"author":[{"embeddable":true,"href":"https:\/\/www.globecar.com\/es\/wp-json\/wp\/v2\/users\/1"}],"replies":[{"embeddable":true,"href":"https:\/\/www.globecar.com\/es\/wp-json\/wp\/v2\/comments?post=13809"}],"version-history":[{"count":0,"href":"https:\/\/www.globecar.com\/es\/wp-json\/wp\/v2\/pages\/13809\/revisions"}],"up":[{"embeddable":true,"href":"https:\/\/www.globecar.com\/es\/wp-json\/wp\/v2\/pages\/13799"}],"wp:attachment":[{"href":"https:\/\/www.globecar.com\/es\/wp-json\/wp\/v2\/media?parent=13809"}],"curies":[{"name":"wp","href":"https:\/\/api.w.org\/{rel}","templated":true}]}}