{"id":13805,"date":"2024-03-19T14:07:29","date_gmt":"2024-03-19T18:07:29","guid":{"rendered":"https:\/\/www.globecar.com\/boletin\/"},"modified":"2024-05-08T09:11:05","modified_gmt":"2024-05-08T13:11:05","slug":"boletin","status":"publish","type":"page","link":"https:\/\/www.globecar.com\/es\/boletin\/","title":{"rendered":"Suscr\u00edbase al bolet\u00edn de noticias"},"content":{"rendered":"<div class=\"wpb-content-wrapper\"><p>[vc_row content_placement=\u00bbmiddle\u00bb is_header=\u00bbtrue\u00bb][vc_column width=\u00bb2\/3&#8243; css=\u00bb.vc_custom_1507235373954{padding-top: 3em !important;padding-bottom: 3em !important;}\u00bb][vc_column_text]<\/p>\n<h1>Suscr\u00edbase al bolet\u00edn de noticias<\/h1>\n<p>No se pierda ofertas exclusivas, descuentos <a href=\"https:\/\/www.globecar.com\/es\/\">en alquiler de coches<\/a>, ofertas especiales y rebajas para socios. Suscr\u00edbase a nuestro bolet\u00edn electr\u00f3nico para recibir las \u00faltimas noticias y estar al d\u00eda. Aseg\u00farese de que su pr\u00f3ximo alquiler de coche con Globe sea un \u00e9xito.[\/vc_column_text][\/vc_column][vc_column width=\u00bb1\/3&#8243;][vc_single_image image=\u00bb9268&#8243; img_size=\u00bbfull\u00bb alignment=\u00bbcenter\u00bb][\/vc_column][\/vc_row][vc_section is_container=\u00bbtrue\u00bb][vc_row][vc_column is_whitebox=\u00bbtrue\u00bb][vc_column_text]<\/p>\n<h3>\u00a1Inscr\u00edbete enseguida!<\/h3>\n<p style=\"text-align: left;\">\n\t<section id=\"yikes-mailchimp-container-7\" class=\"yikes-mailchimp-container yikes-mailchimp-container-7 \">\n\t\t\t\t<form id=\"newsletter-7\" class=\"yikes-easy-mc-form yikes-easy-mc-form-7  \" method=\"POST\" data-attr-form-id=\"7\">\n\n\t\t\t\t\t\t\t\t\t\t\t\t\t<label for=\"yikes-easy-mc-form-7-FNAME\"  class=\"FNAME-label yikes-mailchimp-field-required \">\n\n\t\t\t\t\t\t\t\t\t\t<!-- dictate label visibility -->\n\t\t\t\t\t\t\t\t\t\t\t\t\t\t\t\t\t\t\t\t\t<span class=\"FNAME-label\">\n\t\t\t\t\t\t\t\t\t\t\t\tFirst Name\t\t\t\t\t\t\t\t\t\t\t<\/span>\n\t\t\t\t\t\t\t\t\t\t\n\t\t\t\t\t\t\t\t\t\t<!-- Description Above -->\n\t\t\t\t\t\t\t\t\t\t\n\t\t\t\t\t\t\t\t\t\t<input id=\"yikes-easy-mc-form-7-FNAME\"  name=\"FNAME\"  placeholder=\"\"  class=\"yikes-easy-mc-text \"  required=\"required\" type=\"text\"  value=\"\">\n\n\t\t\t\t\t\t\t\t\t\t<!-- Description Below -->\n\t\t\t\t\t\t\t\t\t\t\n\t\t\t\t\t\t\t\t\t<\/label>\n\t\t\t\t\t\t\t\t\t\t\t\t\t\t\t\t\t\t<label for=\"yikes-easy-mc-form-7-LNAME\"  class=\"LNAME-label yikes-mailchimp-field-required \">\n\n\t\t\t\t\t\t\t\t\t\t<!-- dictate label visibility -->\n\t\t\t\t\t\t\t\t\t\t\t\t\t\t\t\t\t\t\t\t\t<span class=\"LNAME-label\">\n\t\t\t\t\t\t\t\t\t\t\t\tLast Name\t\t\t\t\t\t\t\t\t\t\t<\/span>\n\t\t\t\t\t\t\t\t\t\t\n\t\t\t\t\t\t\t\t\t\t<!-- Description Above -->\n\t\t\t\t\t\t\t\t\t\t\n\t\t\t\t\t\t\t\t\t\t<input id=\"yikes-easy-mc-form-7-LNAME\"  name=\"LNAME\"  placeholder=\"\"  class=\"yikes-easy-mc-text \"  required=\"required\" type=\"text\"  value=\"\">\n\n\t\t\t\t\t\t\t\t\t\t<!-- Description Below -->\n\t\t\t\t\t\t\t\t\t\t\n\t\t\t\t\t\t\t\t\t<\/label>\n\t\t\t\t\t\t\t\t\t\t\t\t\t\t\t\t\t\t<label for=\"yikes-easy-mc-form-7-EMAIL\"  class=\"EMAIL-label yikes-mailchimp-field-required \">\n\n\t\t\t\t\t\t\t\t\t\t<!-- dictate label visibility -->\n\t\t\t\t\t\t\t\t\t\t\t\t\t\t\t\t\t\t\t\t\t<span class=\"EMAIL-label\">\n\t\t\t\t\t\t\t\t\t\t\t\tEmail Address\t\t\t\t\t\t\t\t\t\t\t<\/span>\n\t\t\t\t\t\t\t\t\t\t\n\t\t\t\t\t\t\t\t\t\t<!-- Description Above -->\n\t\t\t\t\t\t\t\t\t\t\n\t\t\t\t\t\t\t\t\t\t<input id=\"yikes-easy-mc-form-7-EMAIL\"  name=\"EMAIL\"  placeholder=\"\"  class=\"yikes-easy-mc-email \"  required=\"required\" type=\"email\"  value=\"\">\n\n\t\t\t\t\t\t\t\t\t\t<!-- Description Below -->\n\t\t\t\t\t\t\t\t\t\t\n\t\t\t\t\t\t\t\t\t<\/label>\n\t\t\t\t\t\t\t\t\t\t\t\t\t\t\t\t\t\t<label for=\"yikes-easy-mc-form-7-BDAY\"  class=\"BDAY-label \">\n\n\t\t\t\t\t\t\t\t\t\t<!-- dictate label visibility -->\n\t\t\t\t\t\t\t\t\t\t\t\t\t\t\t\t\t\t\t\t\t<span class=\"BDAY-label\">\n\t\t\t\t\t\t\t\t\t\t\t\tBirthday\t\t\t\t\t\t\t\t\t\t\t<\/span>\n\t\t\t\t\t\t\t\t\t\t\n\t\t\t\t\t\t\t\t\t\t<!-- Description Above -->\n\t\t\t\t\t\t\t\t\t\t\n\t\t\t\t\t\t\t\t\t\t<input id=\"yikes-easy-mc-form-7-BDAY\"  name=\"BDAY\"  placeholder=\"DD\/MM\/YYYY\"  class=\"yikes-easy-mc-date \"   type=\"text\"  data-attr-type=\"date\"  value=\"\" data-date-format=\"dd\/mm\/yyyy\">\n\n\t\t\t\t\t\t\t\t\t\t<!-- Description Below -->\n\t\t\t\t\t\t\t\t\t\t\n\t\t\t\t\t\t\t\t\t<\/label>\n\t\t\t\t\t\t\t\t\t\t\t\t\t\t\t\t\t\t<label for=\"yikes-easy-mc-form-7-PURPOSE\"  class=\"PURPOSE-label yikes-mailchimp-field-required \">\n\t\t\t\t\t\t\t\t\t\t<!-- dictate label visibility -->\n\t\t\t\t\t\t\t\t\t\t\t\t\t\t\t\t\t\t\t\t\t<span class=\"PURPOSE-label\">\n\t\t\t\t\t\t\t\t\t\t\t\tPurpose of rental\t\t\t\t\t\t\t\t\t\t\t<\/span>\n\t\t\t\t\t\t\t\t\t\t\n\t\t\t\t\t\t\t\t\t\t<!-- Description Above -->\n\t\t\t\t\t\t\t\t\t\t\n\t\t\t\t\t\t\t\t\t\t<select id=\"yikes-easy-mc-form-7-PURPOSE\"  name=\"PURPOSE\"  placeholder=\"Select...\"  class=\"yikes-easy-mc-dropdown \"  required=\"required\">\n\t\t\t\t\t\t\t\t\t\t\t<option value=\"\">Select...<\/option>\t\t\t\t\t\t\t\t\t\t\t\t\t<option\n\t\t\t\t\t\t\t\t\t\t\t\t\t\tvalue=\"Business\"\n\t\t\t\t\t\t\t\t\t\t\t\t\t\t>\n\t\t\t\t\t\t\t\t\t\t\t\t\t\tBusiness\t\t\t\t\t\t\t\t\t\t\t\t\t<\/option>\t\t\t\t\t\t\t\t\t\t\t\t\t<option\n\t\t\t\t\t\t\t\t\t\t\t\t\t\tvalue=\"Personal\"\n\t\t\t\t\t\t\t\t\t\t\t\t\t\t>\n\t\t\t\t\t\t\t\t\t\t\t\t\t\tPersonal\t\t\t\t\t\t\t\t\t\t\t\t\t<\/option>\t\t\t\t\t\t\t\t\t\t<\/select>\n\n\t\t\t\t\t\t\t\t\t\t<!-- Description Below -->\n\t\t\t\t\t\t\t\t\t\t\n\t\t\t\t\t\t\t\t\t<\/label>\n\t\t\t\t\t\t\t\t\t\t\t\t\t\t\t\t\t\t<label for=\"yikes-easy-mc-form-7-LANG\" style=\"display:none;\" class=\"LANG-label yikes-mailchimp-field-required \">\n\t\t\t\t\t\t\t\t\t\t<!-- dictate label visibility -->\n\t\t\t\t\t\t\t\t\t\t\t\t\t\t\t\t\t\t\t\t\t<span class=\"LANG-label\">\n\t\t\t\t\t\t\t\t\t\t\t\tLanguage\t\t\t\t\t\t\t\t\t\t\t<\/span>\n\t\t\t\t\t\t\t\t\t\t\n\t\t\t\t\t\t\t\t\t\t<!-- Description Above -->\n\t\t\t\t\t\t\t\t\t\t\n\t\t\t\t\t\t\t\t\t\t<select id=\"yikes-easy-mc-form-7-LANG\"  name=\"LANG\"  placeholder=\"Select...\"  class=\"yikes-easy-mc-dropdown \"  required=\"required\">\n\t\t\t\t\t\t\t\t\t\t\t\t\t\t\t\t\t\t\t\t\t\t\t\t<option\n\t\t\t\t\t\t\t\t\t\t\t\t\t\tvalue=\"Francais\"\n\t\t\t\t\t\t\t\t\t\t\t\t\t\t>\n\t\t\t\t\t\t\t\t\t\t\t\t\t\tFrancais\t\t\t\t\t\t\t\t\t\t\t\t\t<\/option>\t\t\t\t\t\t\t\t\t\t\t\t\t<option\n\t\t\t\t\t\t\t\t\t\t\t\t\t\tvalue=\"English\"\n\t\t\t\t\t\t\t\t\t\t\t\t\t\tselected=\"selected\">\n\t\t\t\t\t\t\t\t\t\t\t\t\t\tEnglish\t\t\t\t\t\t\t\t\t\t\t\t\t<\/option>\t\t\t\t\t\t\t\t\t\t<\/select>\n\n\t\t\t\t\t\t\t\t\t\t<!-- Description Below -->\n\t\t\t\t\t\t\t\t\t\t\n\t\t\t\t\t\t\t\t\t<\/label>\n\t\t\t\t\t\t\t\t\t<div class=\"g-recaptcha\" data-sitekey=\"6LfrQRgUAAAAANanVjnzxtBcagfeP1eFGGJ69KCy\" data-theme=\"light\" data-type=\"image\" data-size=\"normal\" data-callback=\"\" data-expired-callback=\"\"><\/div>\n\t\t\t\t<!-- Honeypot Trap -->\n\t\t\t\t<input type=\"hidden\" name=\"yikes-mailchimp-honeypot\" id=\"yikes-mailchimp-honeypot-7\" value=\"\">\n\n\t\t\t\t<!-- List ID -->\n\t\t\t\t<input type=\"hidden\" name=\"yikes-mailchimp-associated-list-id\" id=\"yikes-mailchimp-associated-list-id-7\" value=\"d1212d3d36\">\n\n\t\t\t\t<!-- The form that is being submitted! Used to display error\/success messages above the correct form -->\n\t\t\t\t<input type=\"hidden\" name=\"yikes-mailchimp-submitted-form\" id=\"yikes-mailchimp-submitted-form-7\" value=\"7\">\n\n\t\t\t\t<!-- Submit Button -->\n\t\t\t\t<button type=\"submit\" class=\"yikes-easy-mc-submit-button yikes-easy-mc-submit-button-7 btn btn-primary \"> <span class=\"yikes-mailchimp-submit-button-span-text\">Submit<\/span><\/button>\t\t\t\t<!-- Nonce Security Check -->\n\t\t\t\t<input type=\"hidden\" id=\"yikes_easy_mc_new_subscriber_7\" name=\"yikes_easy_mc_new_subscriber\" value=\"fe5df662bd\">\n\t\t\t\t<input type=\"hidden\" name=\"_wp_http_referer\" value=\"\/es\/wp-json\/wp\/v2\/pages\/13805\" \/>\n\t\t\t<\/form>\n\t\t\t<!-- Mailchimp Form generated by Easy Forms for Mailchimp v6.8.10 (https:\/\/wordpress.org\/plugins\/yikes-inc-easy-mailchimp-extender\/) -->\n\n\t\t\t<\/section>\n<div class=\"disclaimer\">\n<p>Al enviar este formulario, usted est\u00e1 otorgando Globe Car &amp; Truck Rentals, permiso para enviarle un correo electr\u00f3nico. Puede revocar en cualquier momento el permiso de env\u00edo a su direcci\u00f3n de correo electr\u00f3nico utilizando el enlace para darse de baja, que encontrar\u00e1 al final de cada mensaje. Nos tomamos muy en serio su privacidad (para comprobarlo, lea nuestra <a href=\"https:\/\/www.iubenda.com\/privacy-policy\/518523\/full-legal\">Pol\u00edtica de privacidad del correo electr\u00f3nico<\/a>). Los correos electr\u00f3nicos son gestionados por Mail Chimp y Mandrill.<\/p>\n<\/div>\n<p>[\/vc_column_text][\/vc_column][\/vc_row][\/vc_section]<\/p>\n<\/div>","protected":false},"excerpt":{"rendered":"<p>[vc_row content_placement=\u00bbmiddle\u00bb is_header=\u00bbtrue\u00bb][vc_column width=\u00bb2\/3&#8243; css=\u00bb.vc_custom_1507235373954{padding-top: 3em !important;padding-bottom: 3em !important;}\u00bb][vc_column_text] Suscr\u00edbase al bolet\u00edn de noticias No se pierda ofertas exclusivas, descuentos en alquiler de coches, ofertas especiales y rebajas para socios. Suscr\u00edbase a nuestro bolet\u00edn electr\u00f3nico para recibir las \u00faltimas noticias y estar al d\u00eda. Aseg\u00farese de que su pr\u00f3ximo alquiler de coche con Globe sea [&hellip;]<\/p>\n","protected":false},"author":1,"featured_media":0,"parent":0,"menu_order":0,"comment_status":"closed","ping_status":"closed","template":"","meta":{"_acf_changed":false,"_genesis_hide_title":false,"_genesis_hide_breadcrumbs":false,"_genesis_hide_singular_image":false,"_genesis_hide_footer_widgets":false,"_genesis_custom_body_class":"","_genesis_custom_post_class":"","_genesis_layout":"","jetpack_post_was_ever_published":false,"footnotes":""},"class_list":{"0":"post-13805","1":"page","2":"type-page","3":"status-publish","5":"entry","6":"has-post-thumbnail"},"acf":[],"yoast_head":"<!-- This site is optimized with the Yoast SEO Premium plugin v27.1 (Yoast SEO v27.1.1) - https:\/\/yoast.com\/product\/yoast-seo-premium-wordpress\/ -->\n<title>Suscr\u00edbase al bolet\u00edn de noticias | Alquiler de coches y camiones Globe en Montreal<\/title>\n<meta name=\"description\" content=\"Suscr\u00edbase a nuestro bolet\u00edn de noticias y ent\u00e9rese de las \u00faltimas ofertas y noticias sobre alquiler de coches.\" \/>\n<meta name=\"robots\" content=\"index, follow, max-snippet:-1, max-image-preview:large, max-video-preview:-1\" \/>\n<link rel=\"canonical\" href=\"https:\/\/www.globecar.com\/es\/boletin\/\" \/>\n<meta property=\"og:locale\" content=\"es_ES\" \/>\n<meta property=\"og:type\" content=\"article\" \/>\n<meta property=\"og:title\" content=\"Suscr\u00edbase al bolet\u00edn de noticias\" \/>\n<meta property=\"og:description\" content=\"Suscr\u00edbase al bolet\u00edn de noticias No se pierda ofertas exclusivas, descuentos en alquiler de coches, ofertas especiales y rebajas para socios. Suscr\u00edbase\" \/>\n<meta property=\"og:url\" content=\"https:\/\/www.globecar.com\/es\/boletin\/\" \/>\n<meta property=\"og:site_name\" content=\"Alquiler de coches y camiones Globe en Montreal\" \/>\n<meta property=\"article:publisher\" content=\"https:\/\/www.facebook.com\/GlobeCar\" \/>\n<meta property=\"article:modified_time\" content=\"2024-05-08T13:11:05+00:00\" \/>\n<meta property=\"og:image\" content=\"https:\/\/www.globecar.com\/wp-content\/uploads\/2023\/12\/thumbnail_logo_final-1.jpg\" \/>\n\t<meta property=\"og:image:width\" content=\"555\" \/>\n\t<meta property=\"og:image:height\" content=\"555\" \/>\n\t<meta property=\"og:image:type\" content=\"image\/jpeg\" \/>\n<meta name=\"twitter:card\" content=\"summary_large_image\" \/>\n<meta name=\"twitter:site\" content=\"@GlobeCar\" \/>\n<meta name=\"twitter:label1\" content=\"Tiempo de lectura\" \/>\n\t<meta name=\"twitter:data1\" content=\"1 minuto\" \/>\n<script type=\"application\/ld+json\" class=\"yoast-schema-graph\">{\"@context\":\"https:\/\/schema.org\",\"@graph\":[{\"@type\":\"WebPage\",\"@id\":\"https:\/\/www.globecar.com\/es\/boletin\/\",\"url\":\"https:\/\/www.globecar.com\/es\/boletin\/\",\"name\":\"Suscr\u00edbase al bolet\u00edn de noticias | Alquiler de coches y camiones Globe en Montreal\",\"isPartOf\":{\"@id\":\"https:\/\/www.globecar.com\/es\/#website\"},\"datePublished\":\"2024-03-19T18:07:29+00:00\",\"dateModified\":\"2024-05-08T13:11:05+00:00\",\"description\":\"Suscr\u00edbase a nuestro bolet\u00edn de noticias y ent\u00e9rese de las \u00faltimas ofertas y noticias sobre alquiler de coches.\",\"breadcrumb\":{\"@id\":\"https:\/\/www.globecar.com\/es\/boletin\/#breadcrumb\"},\"inLanguage\":\"es\",\"potentialAction\":[{\"@type\":\"ReadAction\",\"target\":[\"https:\/\/www.globecar.com\/es\/boletin\/\"]}]},{\"@type\":\"BreadcrumbList\",\"@id\":\"https:\/\/www.globecar.com\/es\/boletin\/#breadcrumb\",\"itemListElement\":[{\"@type\":\"ListItem\",\"position\":1,\"name\":\"Inicio\",\"item\":\"https:\/\/www.globecar.com\/es\/\"},{\"@type\":\"ListItem\",\"position\":2,\"name\":\"Suscr\u00edbase al bolet\u00edn de noticias\"}]},{\"@type\":\"WebSite\",\"@id\":\"https:\/\/www.globecar.com\/es\/#website\",\"url\":\"https:\/\/www.globecar.com\/es\/\",\"name\":\"Globe Location d'Autos et Camions \u00e0 Montr\u00e9al\",\"description\":\"Drive 4 Less\",\"publisher\":{\"@id\":\"https:\/\/www.globecar.com\/es\/#organization\"},\"alternateName\":\"GlobeCar\",\"potentialAction\":[{\"@type\":\"SearchAction\",\"target\":{\"@type\":\"EntryPoint\",\"urlTemplate\":\"https:\/\/www.globecar.com\/es\/?s={search_term_string}\"},\"query-input\":{\"@type\":\"PropertyValueSpecification\",\"valueRequired\":true,\"valueName\":\"search_term_string\"}}],\"inLanguage\":\"es\"},{\"@type\":\"Organization\",\"@id\":\"https:\/\/www.globecar.com\/es\/#organization\",\"name\":\"Globe Car & Truck Rental\",\"alternateName\":\"GlobeCar\",\"url\":\"https:\/\/www.globecar.com\/es\/\",\"logo\":{\"@type\":\"ImageObject\",\"inLanguage\":\"es\",\"@id\":\"https:\/\/www.globecar.com\/es\/#\/schema\/logo\/image\/\",\"url\":\"https:\/\/www.globecar.com\/wp-content\/uploads\/2023\/12\/thumbnail_logo_final-1.jpg\",\"contentUrl\":\"https:\/\/www.globecar.com\/wp-content\/uploads\/2023\/12\/thumbnail_logo_final-1.jpg\",\"width\":555,\"height\":555,\"caption\":\"Globe Car & Truck Rental\"},\"image\":{\"@id\":\"https:\/\/www.globecar.com\/es\/#\/schema\/logo\/image\/\"},\"sameAs\":[\"https:\/\/www.facebook.com\/GlobeCar\",\"https:\/\/x.com\/GlobeCar\",\"https:\/\/mastodon.social\/@globecar\",\"https:\/\/www.instagram.com\/globecar\/\",\"https:\/\/www.linkedin.com\/company\/globecar\/\",\"https:\/\/www.pinterest.com\/globecar\",\"https:\/\/www.youtube.com\/c\/GlobecarRentals\"]}]}<\/script>\n<!-- \/ Yoast SEO Premium plugin. -->","yoast_head_json":{"title":"Suscr\u00edbase al bolet\u00edn de noticias | Alquiler de coches y camiones Globe en Montreal","description":"Suscr\u00edbase a nuestro bolet\u00edn de noticias y ent\u00e9rese de las \u00faltimas ofertas y noticias sobre alquiler de coches.","robots":{"index":"index","follow":"follow","max-snippet":"max-snippet:-1","max-image-preview":"max-image-preview:large","max-video-preview":"max-video-preview:-1"},"canonical":"https:\/\/www.globecar.com\/es\/boletin\/","og_locale":"es_ES","og_type":"article","og_title":"Suscr\u00edbase al bolet\u00edn de noticias","og_description":"Suscr\u00edbase al bolet\u00edn de noticias No se pierda ofertas exclusivas, descuentos en alquiler de coches, ofertas especiales y rebajas para socios. Suscr\u00edbase","og_url":"https:\/\/www.globecar.com\/es\/boletin\/","og_site_name":"Alquiler de coches y camiones Globe en Montreal","article_publisher":"https:\/\/www.facebook.com\/GlobeCar","article_modified_time":"2024-05-08T13:11:05+00:00","og_image":[{"width":555,"height":555,"url":"https:\/\/www.globecar.com\/wp-content\/uploads\/2023\/12\/thumbnail_logo_final-1.jpg","type":"image\/jpeg"}],"twitter_card":"summary_large_image","twitter_site":"@GlobeCar","twitter_misc":{"Tiempo de lectura":"1 minuto"},"schema":{"@context":"https:\/\/schema.org","@graph":[{"@type":"WebPage","@id":"https:\/\/www.globecar.com\/es\/boletin\/","url":"https:\/\/www.globecar.com\/es\/boletin\/","name":"Suscr\u00edbase al bolet\u00edn de noticias | Alquiler de coches y camiones Globe en Montreal","isPartOf":{"@id":"https:\/\/www.globecar.com\/es\/#website"},"datePublished":"2024-03-19T18:07:29+00:00","dateModified":"2024-05-08T13:11:05+00:00","description":"Suscr\u00edbase a nuestro bolet\u00edn de noticias y ent\u00e9rese de las \u00faltimas ofertas y noticias sobre alquiler de coches.","breadcrumb":{"@id":"https:\/\/www.globecar.com\/es\/boletin\/#breadcrumb"},"inLanguage":"es","potentialAction":[{"@type":"ReadAction","target":["https:\/\/www.globecar.com\/es\/boletin\/"]}]},{"@type":"BreadcrumbList","@id":"https:\/\/www.globecar.com\/es\/boletin\/#breadcrumb","itemListElement":[{"@type":"ListItem","position":1,"name":"Inicio","item":"https:\/\/www.globecar.com\/es\/"},{"@type":"ListItem","position":2,"name":"Suscr\u00edbase al bolet\u00edn de noticias"}]},{"@type":"WebSite","@id":"https:\/\/www.globecar.com\/es\/#website","url":"https:\/\/www.globecar.com\/es\/","name":"Globe Location d'Autos et Camions \u00e0 Montr\u00e9al","description":"Drive 4 Less","publisher":{"@id":"https:\/\/www.globecar.com\/es\/#organization"},"alternateName":"GlobeCar","potentialAction":[{"@type":"SearchAction","target":{"@type":"EntryPoint","urlTemplate":"https:\/\/www.globecar.com\/es\/?s={search_term_string}"},"query-input":{"@type":"PropertyValueSpecification","valueRequired":true,"valueName":"search_term_string"}}],"inLanguage":"es"},{"@type":"Organization","@id":"https:\/\/www.globecar.com\/es\/#organization","name":"Globe Car & Truck Rental","alternateName":"GlobeCar","url":"https:\/\/www.globecar.com\/es\/","logo":{"@type":"ImageObject","inLanguage":"es","@id":"https:\/\/www.globecar.com\/es\/#\/schema\/logo\/image\/","url":"https:\/\/www.globecar.com\/wp-content\/uploads\/2023\/12\/thumbnail_logo_final-1.jpg","contentUrl":"https:\/\/www.globecar.com\/wp-content\/uploads\/2023\/12\/thumbnail_logo_final-1.jpg","width":555,"height":555,"caption":"Globe Car & Truck Rental"},"image":{"@id":"https:\/\/www.globecar.com\/es\/#\/schema\/logo\/image\/"},"sameAs":["https:\/\/www.facebook.com\/GlobeCar","https:\/\/x.com\/GlobeCar","https:\/\/mastodon.social\/@globecar","https:\/\/www.instagram.com\/globecar\/","https:\/\/www.linkedin.com\/company\/globecar\/","https:\/\/www.pinterest.com\/globecar","https:\/\/www.youtube.com\/c\/GlobecarRentals"]}]}},"jetpack_sharing_enabled":true,"jetpack_shortlink":"https:\/\/wp.me\/PaiT2D-3AF","_links":{"self":[{"href":"https:\/\/www.globecar.com\/es\/wp-json\/wp\/v2\/pages\/13805","targetHints":{"allow":["GET"]}}],"collection":[{"href":"https:\/\/www.globecar.com\/es\/wp-json\/wp\/v2\/pages"}],"about":[{"href":"https:\/\/www.globecar.com\/es\/wp-json\/wp\/v2\/types\/page"}],"author":[{"embeddable":true,"href":"https:\/\/www.globecar.com\/es\/wp-json\/wp\/v2\/users\/1"}],"replies":[{"embeddable":true,"href":"https:\/\/www.globecar.com\/es\/wp-json\/wp\/v2\/comments?post=13805"}],"version-history":[{"count":0,"href":"https:\/\/www.globecar.com\/es\/wp-json\/wp\/v2\/pages\/13805\/revisions"}],"wp:attachment":[{"href":"https:\/\/www.globecar.com\/es\/wp-json\/wp\/v2\/media?parent=13805"}],"curies":[{"name":"wp","href":"https:\/\/api.w.org\/{rel}","templated":true}]}}