{"id":13783,"date":"2024-03-19T14:07:04","date_gmt":"2024-03-19T18:07:04","guid":{"rendered":"https:\/\/www.globecar.com\/lanzadera-gratuita\/"},"modified":"2024-05-08T08:57:44","modified_gmt":"2024-05-08T12:57:44","slug":"lanzadera-gratuita","status":"publish","type":"page","link":"https:\/\/www.globecar.com\/es\/acerca-de\/lanzadera-gratuita\/","title":{"rendered":"Transporte gratuito"},"content":{"rendered":"<div class=\"wpb-content-wrapper\"><p>[vc_row is_header=\u00bbtrue\u00bb][vc_column width=\u00bb2\/3&#8243;][vc_column_text]<\/p>\n<h1>Servicios de transporte<\/h1>\n<h2>En Globe, le facilitamos el alquiler de coches.<\/h2>\n<p>Todas nuestras sucursales de alquiler de coches de Montreal est\u00e1n situadas a pocos minutos a pie de una estaci\u00f3n de metro, estaciones de tr\u00e1nsito y varias l\u00edneas de autob\u00fas. Si necesita que le lleven, en las sucursales participantes enviaremos a alguien a recogerle y\/o dejarle. Elija la sucursal m\u00e1s cercana y ll\u00e1menos al menos 1 hora antes (l\u00edmite de radio de 5 KMS).[\/vc_column_text][\/vc_column][vc_column width=\u00bb1\/3&#8243;][vc_single_image image=\u00bb8955&#8243; img_size=\u00bbfull\u00bb alignment=\u00bbcenter\u00bb][\/vc_column][\/vc_row][vc_section is_container=\u00bbtrue\u00bb][vc_row][vc_column][vc_toggle title=\u00bbP. E. Trudeau -YUL (Lanzadera disponible)\u00bb open=\u00bbtrue\u00bb]<img decoding=\"async\" class=\"alignright wp-image-794 size-medium\" src=\"https:\/\/www.globecar.com\/wp-content\/uploads\/2017\/08\/pe-trudeau-300x210.jpg\" alt=\"Aeropuerto YUL - Puerta 7\" width=\"300\" height=\"210\" srcset=\"https:\/\/www.globecar.com\/wp-content\/uploads\/2017\/08\/pe-trudeau-150x105@2x.jpg 300w, https:\/\/www.globecar.com\/wp-content\/uploads\/2017\/08\/pe-trudeau-150x105.jpg 150w, https:\/\/www.globecar.com\/wp-content\/uploads\/2017\/08\/pe-trudeau.jpg 344w\" sizes=\"(max-width: 300px) 100vw, 300px\" \/><\/p>\n<p>Globe se encuentra junto al aeropuerto (10 minutos de trayecto). Ofrecemos viajes GRATUITOS en <a href=\"https:\/\/www.uber.com\/ca\/en\/ride\/\">Uber<\/a> desde y hacia el aeropuerto, as\u00ed que no se estrese esperando el autob\u00fas de enlace. Por favor, utilice su aplicaci\u00f3n <a href=\"https:\/\/www.uber.com\/ca\/en\/ride\/\">Uber<\/a> que est\u00e1 operativa en el aeropuerto<a href=\"https:\/\/yulsatisfaction.admtl.com\/hc\/en-ca\/articles\/360000868938-How-can-I-access-the-Internet-\">(WiFi gratuito en YUL<\/a>). Tambi\u00e9n puede tomar un taxi. Conserve su recibo, le reembolsaremos el importe \u00edntegro en el momento de la recogida del alquiler (m\u00e1x. 35,00 $ por viaje).<\/p>\n<p>Direcci\u00f3n para recoger su veh\u00edculo <a href=\"https:\/\/goo.gl\/maps\/7dqa88RwGrc9gjQ56\">5653 Rue Pare, Mont-Royal, Quebec H4P 1S1<\/a> (10 minutos en coche desde el aeropuerto)[\/vc_toggle][vc_toggle title=\u00bbMont-Royal \/ Decarie &#8211; Metro Namur (lanzadera disponible)\u00bb]<a href=\"https:\/\/www.globecar.com\/wp-content\/uploads\/2017\/08\/STL_map3.jpg\" target=\"_blank\" rel=\"noopener\"><img decoding=\"async\" class=\"alignright wp-image-841 size-medium\" src=\"https:\/\/www.globecar.com\/wp-content\/uploads\/2017\/08\/outremont-petite-Italie-metro-de-castelnau-branch-map-300x206.png\" alt=\"Subdivisi\u00f3n TMR Mapa del metro\" width=\"300\" height=\"206\" srcset=\"https:\/\/www.globecar.com\/wp-content\/uploads\/2017\/08\/outremont-petite-Italie-metro-de-castelnau-branch-map-150x103@2x.png 300w, https:\/\/www.globecar.com\/wp-content\/uploads\/2017\/08\/outremont-petite-Italie-metro-de-castelnau-branch-map-150x103.png 150w, https:\/\/www.globecar.com\/wp-content\/uploads\/2017\/08\/outremont-petite-Italie-metro-de-castelnau-branch-map.png 324w\" sizes=\"(max-width: 300px) 100vw, 300px\" \/><\/a>Servicio de transporte disponible en un radio de 5 km de nuestra sucursal de Mount-Royal. Tenga en cuenta que nuestro servicio de lanzadera puede sufrir retrasos durante las tormentas de nieve o las horas punta. Por lo tanto, ll\u00e1menos 2 horas antes de la hora de recogida seleccionada. El metro m\u00e1s cercano es la estaci\u00f3n de Namur, a 10 minutos a pie. Tambi\u00e9n podemos recogerle en la estaci\u00f3n de metro, s\u00f3lo tiene que llamarnos cuando llegue. <a href=\"https:\/\/www.globecar.com\/wp-content\/uploads\/2017\/08\/TMR.jpg\" target=\"_blank\" rel=\"noopener\">Ver el mapa<\/a>[\/vc_toggle][vc_toggle title=\u00bbVilleray \/ Petite Italie &#8211; Metro De Castelnau (Lanzadera Disponible)\u00bb]<img decoding=\"async\" class=\"alignright wp-image-848 size-medium\" src=\"https:\/\/www.globecar.com\/wp-content\/uploads\/2017\/08\/mont-royal-namur-branch-map-300x206.png\" alt=\"STL Branch Mapa del metro\" width=\"300\" height=\"206\" srcset=\"https:\/\/www.globecar.com\/wp-content\/uploads\/2017\/08\/mont-royal-namur-branch-map-150x103@2x.png 300w, https:\/\/www.globecar.com\/wp-content\/uploads\/2017\/08\/mont-royal-namur-branch-map-150x103.png 150w, https:\/\/www.globecar.com\/wp-content\/uploads\/2017\/08\/mont-royal-namur-branch-map.png 323w\" sizes=\"(max-width: 300px) 100vw, 300px\" \/>Servicio en un radio de 5 km de nuestra sucursal de Villeray \/ Petite Italie. Tenga en cuenta que nuestro servicio de lanzadera puede sufrir retrasos durante las tormentas de nieve o las horas punta. Por lo tanto, ll\u00e1menos 2 horas antes de la hora de recogida seleccionada. El metro m\u00e1s cercano es la estaci\u00f3n De Castelnau, a 30 segundos a pie. <a href=\"https:\/\/www.globecar.com\/wp-content\/uploads\/2017\/08\/STL_map3.jpg\" target=\"_blank\" rel=\"noopener\">Ver el mapa<\/a>[\/vc_toggle][\/vc_column][\/vc_row][\/vc_section][vc_section][vc_row full_width=\u00bbstretch_row\u00bb][vc_column]\n\t\t<div class=\"simple-banner \">\n\t\t\t<img decoding=\"async\" width=\"1574\" height=\"390\" src=\"https:\/\/www.globecar.com\/wp-content\/uploads\/2017\/08\/contact-us.jpg\" class=\"attachment-full size-full\" alt=\"contact-us\" srcset=\"https:\/\/www.globecar.com\/wp-content\/uploads\/2017\/08\/contact-us.jpg 1574w, https:\/\/www.globecar.com\/wp-content\/uploads\/2017\/08\/contact-us-150x37.jpg 150w, https:\/\/www.globecar.com\/wp-content\/uploads\/2017\/08\/contact-us-300x74.jpg 300w, https:\/\/www.globecar.com\/wp-content\/uploads\/2017\/08\/contact-us-768x190.jpg 768w, https:\/\/www.globecar.com\/wp-content\/uploads\/2017\/08\/contact-us-1024x254.jpg 1024w, https:\/\/www.globecar.com\/wp-content\/uploads\/2017\/08\/contact-us-300x74@2x.jpg 600w, https:\/\/www.globecar.com\/wp-content\/uploads\/2017\/08\/contact-us-768x190@2x.jpg 1536w\" sizes=\"(max-width: 1574px) 100vw, 1574px\" \/>\n\t\t\t<div class=\"wrap\"><div class=\"mini-wrap\"><h3>M\u00e1s informaci\u00f3n<br \/>\nInformaci\u00f3n<\/h3><\/div><a class=\"button onDark full large\" href=\"https:\/\/www.globecar.com\/es\/contacte-con-nosotros\/\">P\u00f3ngase en contacto con nosotros<\/a>\t<\/div><\/div>[\/vc_column][\/vc_row][\/vc_section]<\/p>\n<\/div>","protected":false},"excerpt":{"rendered":"<p>[vc_row is_header=\u00bbtrue\u00bb][vc_column width=\u00bb2\/3&#8243;][vc_column_text] Servicios de transporte En Globe, le facilitamos el alquiler de coches. Todas nuestras sucursales de alquiler de coches de Montreal est\u00e1n situadas a pocos minutos a pie de una estaci\u00f3n de metro, estaciones de tr\u00e1nsito y varias l\u00edneas de autob\u00fas. Si necesita que le lleven, en las sucursales participantes enviaremos a alguien [&hellip;]<\/p>\n","protected":false},"author":1,"featured_media":0,"parent":13799,"menu_order":0,"comment_status":"closed","ping_status":"closed","template":"","meta":{"_acf_changed":false,"_genesis_hide_title":false,"_genesis_hide_breadcrumbs":false,"_genesis_hide_singular_image":false,"_genesis_hide_footer_widgets":false,"_genesis_custom_body_class":"","_genesis_custom_post_class":"","_genesis_layout":"","jetpack_post_was_ever_published":false,"footnotes":""},"class_list":{"0":"post-13783","1":"page","2":"type-page","3":"status-publish","5":"entry","6":"has-post-thumbnail"},"acf":[],"yoast_head":"<!-- This site is optimized with the Yoast SEO Premium plugin v27.1 (Yoast SEO v27.1.1) - https:\/\/yoast.com\/product\/yoast-seo-premium-wordpress\/ -->\n<title>Transporte GRATIS con el alquiler | Alquiler de coches y camiones Globe en Montreal<\/title>\n<meta name=\"description\" content=\"S\u00fabase a nuestro r\u00e1pido y c\u00f3modo servicio de transporte GRATUITO para recoger su coche de alquiler en Montreal o en el Aeropuerto Pierre Elliott Trudeau (YUL).\" \/>\n<meta name=\"robots\" content=\"index, follow, max-snippet:-1, max-image-preview:large, max-video-preview:-1\" \/>\n<link rel=\"canonical\" href=\"https:\/\/www.globecar.com\/es\/acerca-de\/lanzadera-gratuita\/\" \/>\n<meta property=\"og:locale\" content=\"es_ES\" \/>\n<meta property=\"og:type\" content=\"article\" \/>\n<meta property=\"og:title\" content=\"Transporte gratuito\" \/>\n<meta property=\"og:description\" content=\"Servicios de transporte En Globe, le facilitamos el alquiler de coches. Todas nuestras sucursales de alquiler de coches de Montreal est\u00e1n situadas a pocos\" \/>\n<meta property=\"og:url\" content=\"https:\/\/www.globecar.com\/es\/acerca-de\/lanzadera-gratuita\/\" \/>\n<meta property=\"og:site_name\" content=\"Alquiler de coches y camiones Globe en Montreal\" \/>\n<meta property=\"article:publisher\" content=\"https:\/\/www.facebook.com\/GlobeCar\" \/>\n<meta property=\"article:modified_time\" content=\"2024-05-08T12:57:44+00:00\" \/>\n<meta property=\"og:image\" content=\"https:\/\/www.globecar.com\/wp-content\/uploads\/2017\/08\/pe-trudeau.jpg\" \/>\n\t<meta property=\"og:image:width\" content=\"344\" \/>\n\t<meta property=\"og:image:height\" content=\"241\" \/>\n\t<meta property=\"og:image:type\" content=\"image\/jpeg\" \/>\n<meta name=\"twitter:card\" content=\"summary_large_image\" \/>\n<meta name=\"twitter:site\" content=\"@GlobeCar\" \/>\n<meta name=\"twitter:label1\" content=\"Tiempo de lectura\" \/>\n\t<meta name=\"twitter:data1\" content=\"3 minutos\" \/>\n<script type=\"application\/ld+json\" class=\"yoast-schema-graph\">{\"@context\":\"https:\/\/schema.org\",\"@graph\":[{\"@type\":\"WebPage\",\"@id\":\"https:\/\/www.globecar.com\/es\/acerca-de\/lanzadera-gratuita\/\",\"url\":\"https:\/\/www.globecar.com\/es\/acerca-de\/lanzadera-gratuita\/\",\"name\":\"Transporte GRATIS con el alquiler | Alquiler de coches y camiones Globe en Montreal\",\"isPartOf\":{\"@id\":\"https:\/\/www.globecar.com\/es\/#website\"},\"primaryImageOfPage\":{\"@id\":\"https:\/\/www.globecar.com\/es\/acerca-de\/lanzadera-gratuita\/#primaryimage\"},\"image\":{\"@id\":\"https:\/\/www.globecar.com\/es\/acerca-de\/lanzadera-gratuita\/#primaryimage\"},\"thumbnailUrl\":\"https:\/\/www.globecar.com\/wp-content\/uploads\/2017\/08\/pe-trudeau-300x210.jpg\",\"datePublished\":\"2024-03-19T18:07:04+00:00\",\"dateModified\":\"2024-05-08T12:57:44+00:00\",\"description\":\"S\u00fabase a nuestro r\u00e1pido y c\u00f3modo servicio de transporte GRATUITO para recoger su coche de alquiler en Montreal o en el Aeropuerto Pierre Elliott Trudeau (YUL).\",\"breadcrumb\":{\"@id\":\"https:\/\/www.globecar.com\/es\/acerca-de\/lanzadera-gratuita\/#breadcrumb\"},\"inLanguage\":\"es\",\"potentialAction\":[{\"@type\":\"ReadAction\",\"target\":[\"https:\/\/www.globecar.com\/es\/acerca-de\/lanzadera-gratuita\/\"]}]},{\"@type\":\"ImageObject\",\"inLanguage\":\"es\",\"@id\":\"https:\/\/www.globecar.com\/es\/acerca-de\/lanzadera-gratuita\/#primaryimage\",\"url\":\"https:\/\/www.globecar.com\/wp-content\/uploads\/2017\/08\/pe-trudeau-300x210.jpg\",\"contentUrl\":\"https:\/\/www.globecar.com\/wp-content\/uploads\/2017\/08\/pe-trudeau-300x210.jpg\"},{\"@type\":\"BreadcrumbList\",\"@id\":\"https:\/\/www.globecar.com\/es\/acerca-de\/lanzadera-gratuita\/#breadcrumb\",\"itemListElement\":[{\"@type\":\"ListItem\",\"position\":1,\"name\":\"Inicio\",\"item\":\"https:\/\/www.globecar.com\/es\/\"},{\"@type\":\"ListItem\",\"position\":2,\"name\":\"Acerca de\",\"item\":\"https:\/\/www.globecar.com\/es\/acerca-de\/\"},{\"@type\":\"ListItem\",\"position\":3,\"name\":\"Transporte gratuito\"}]},{\"@type\":\"WebSite\",\"@id\":\"https:\/\/www.globecar.com\/es\/#website\",\"url\":\"https:\/\/www.globecar.com\/es\/\",\"name\":\"Globe Location d'Autos et Camions \u00e0 Montr\u00e9al\",\"description\":\"Drive 4 Less\",\"publisher\":{\"@id\":\"https:\/\/www.globecar.com\/es\/#organization\"},\"alternateName\":\"GlobeCar\",\"potentialAction\":[{\"@type\":\"SearchAction\",\"target\":{\"@type\":\"EntryPoint\",\"urlTemplate\":\"https:\/\/www.globecar.com\/es\/?s={search_term_string}\"},\"query-input\":{\"@type\":\"PropertyValueSpecification\",\"valueRequired\":true,\"valueName\":\"search_term_string\"}}],\"inLanguage\":\"es\"},{\"@type\":\"Organization\",\"@id\":\"https:\/\/www.globecar.com\/es\/#organization\",\"name\":\"Globe Car & Truck Rental\",\"alternateName\":\"GlobeCar\",\"url\":\"https:\/\/www.globecar.com\/es\/\",\"logo\":{\"@type\":\"ImageObject\",\"inLanguage\":\"es\",\"@id\":\"https:\/\/www.globecar.com\/es\/#\/schema\/logo\/image\/\",\"url\":\"https:\/\/www.globecar.com\/wp-content\/uploads\/2023\/12\/thumbnail_logo_final-1.jpg\",\"contentUrl\":\"https:\/\/www.globecar.com\/wp-content\/uploads\/2023\/12\/thumbnail_logo_final-1.jpg\",\"width\":555,\"height\":555,\"caption\":\"Globe Car & Truck Rental\"},\"image\":{\"@id\":\"https:\/\/www.globecar.com\/es\/#\/schema\/logo\/image\/\"},\"sameAs\":[\"https:\/\/www.facebook.com\/GlobeCar\",\"https:\/\/x.com\/GlobeCar\",\"https:\/\/mastodon.social\/@globecar\",\"https:\/\/www.instagram.com\/globecar\/\",\"https:\/\/www.linkedin.com\/company\/globecar\/\",\"https:\/\/www.pinterest.com\/globecar\",\"https:\/\/www.youtube.com\/c\/GlobecarRentals\"]}]}<\/script>\n<!-- \/ Yoast SEO Premium plugin. -->","yoast_head_json":{"title":"Transporte GRATIS con el alquiler | Alquiler de coches y camiones Globe en Montreal","description":"S\u00fabase a nuestro r\u00e1pido y c\u00f3modo servicio de transporte GRATUITO para recoger su coche de alquiler en Montreal o en el Aeropuerto Pierre Elliott Trudeau (YUL).","robots":{"index":"index","follow":"follow","max-snippet":"max-snippet:-1","max-image-preview":"max-image-preview:large","max-video-preview":"max-video-preview:-1"},"canonical":"https:\/\/www.globecar.com\/es\/acerca-de\/lanzadera-gratuita\/","og_locale":"es_ES","og_type":"article","og_title":"Transporte gratuito","og_description":"Servicios de transporte En Globe, le facilitamos el alquiler de coches. Todas nuestras sucursales de alquiler de coches de Montreal est\u00e1n situadas a pocos","og_url":"https:\/\/www.globecar.com\/es\/acerca-de\/lanzadera-gratuita\/","og_site_name":"Alquiler de coches y camiones Globe en Montreal","article_publisher":"https:\/\/www.facebook.com\/GlobeCar","article_modified_time":"2024-05-08T12:57:44+00:00","og_image":[{"width":344,"height":241,"url":"https:\/\/www.globecar.com\/wp-content\/uploads\/2017\/08\/pe-trudeau.jpg","type":"image\/jpeg"}],"twitter_card":"summary_large_image","twitter_site":"@GlobeCar","twitter_misc":{"Tiempo de lectura":"3 minutos"},"schema":{"@context":"https:\/\/schema.org","@graph":[{"@type":"WebPage","@id":"https:\/\/www.globecar.com\/es\/acerca-de\/lanzadera-gratuita\/","url":"https:\/\/www.globecar.com\/es\/acerca-de\/lanzadera-gratuita\/","name":"Transporte GRATIS con el alquiler | Alquiler de coches y camiones Globe en Montreal","isPartOf":{"@id":"https:\/\/www.globecar.com\/es\/#website"},"primaryImageOfPage":{"@id":"https:\/\/www.globecar.com\/es\/acerca-de\/lanzadera-gratuita\/#primaryimage"},"image":{"@id":"https:\/\/www.globecar.com\/es\/acerca-de\/lanzadera-gratuita\/#primaryimage"},"thumbnailUrl":"https:\/\/www.globecar.com\/wp-content\/uploads\/2017\/08\/pe-trudeau-300x210.jpg","datePublished":"2024-03-19T18:07:04+00:00","dateModified":"2024-05-08T12:57:44+00:00","description":"S\u00fabase a nuestro r\u00e1pido y c\u00f3modo servicio de transporte GRATUITO para recoger su coche de alquiler en Montreal o en el Aeropuerto Pierre Elliott Trudeau (YUL).","breadcrumb":{"@id":"https:\/\/www.globecar.com\/es\/acerca-de\/lanzadera-gratuita\/#breadcrumb"},"inLanguage":"es","potentialAction":[{"@type":"ReadAction","target":["https:\/\/www.globecar.com\/es\/acerca-de\/lanzadera-gratuita\/"]}]},{"@type":"ImageObject","inLanguage":"es","@id":"https:\/\/www.globecar.com\/es\/acerca-de\/lanzadera-gratuita\/#primaryimage","url":"https:\/\/www.globecar.com\/wp-content\/uploads\/2017\/08\/pe-trudeau-300x210.jpg","contentUrl":"https:\/\/www.globecar.com\/wp-content\/uploads\/2017\/08\/pe-trudeau-300x210.jpg"},{"@type":"BreadcrumbList","@id":"https:\/\/www.globecar.com\/es\/acerca-de\/lanzadera-gratuita\/#breadcrumb","itemListElement":[{"@type":"ListItem","position":1,"name":"Inicio","item":"https:\/\/www.globecar.com\/es\/"},{"@type":"ListItem","position":2,"name":"Acerca de","item":"https:\/\/www.globecar.com\/es\/acerca-de\/"},{"@type":"ListItem","position":3,"name":"Transporte gratuito"}]},{"@type":"WebSite","@id":"https:\/\/www.globecar.com\/es\/#website","url":"https:\/\/www.globecar.com\/es\/","name":"Globe Location d'Autos et Camions \u00e0 Montr\u00e9al","description":"Drive 4 Less","publisher":{"@id":"https:\/\/www.globecar.com\/es\/#organization"},"alternateName":"GlobeCar","potentialAction":[{"@type":"SearchAction","target":{"@type":"EntryPoint","urlTemplate":"https:\/\/www.globecar.com\/es\/?s={search_term_string}"},"query-input":{"@type":"PropertyValueSpecification","valueRequired":true,"valueName":"search_term_string"}}],"inLanguage":"es"},{"@type":"Organization","@id":"https:\/\/www.globecar.com\/es\/#organization","name":"Globe Car & Truck Rental","alternateName":"GlobeCar","url":"https:\/\/www.globecar.com\/es\/","logo":{"@type":"ImageObject","inLanguage":"es","@id":"https:\/\/www.globecar.com\/es\/#\/schema\/logo\/image\/","url":"https:\/\/www.globecar.com\/wp-content\/uploads\/2023\/12\/thumbnail_logo_final-1.jpg","contentUrl":"https:\/\/www.globecar.com\/wp-content\/uploads\/2023\/12\/thumbnail_logo_final-1.jpg","width":555,"height":555,"caption":"Globe Car & Truck Rental"},"image":{"@id":"https:\/\/www.globecar.com\/es\/#\/schema\/logo\/image\/"},"sameAs":["https:\/\/www.facebook.com\/GlobeCar","https:\/\/x.com\/GlobeCar","https:\/\/mastodon.social\/@globecar","https:\/\/www.instagram.com\/globecar\/","https:\/\/www.linkedin.com\/company\/globecar\/","https:\/\/www.pinterest.com\/globecar","https:\/\/www.youtube.com\/c\/GlobecarRentals"]}]}},"jetpack_sharing_enabled":true,"jetpack_shortlink":"https:\/\/wp.me\/PaiT2D-3Aj","_links":{"self":[{"href":"https:\/\/www.globecar.com\/es\/wp-json\/wp\/v2\/pages\/13783","targetHints":{"allow":["GET"]}}],"collection":[{"href":"https:\/\/www.globecar.com\/es\/wp-json\/wp\/v2\/pages"}],"about":[{"href":"https:\/\/www.globecar.com\/es\/wp-json\/wp\/v2\/types\/page"}],"author":[{"embeddable":true,"href":"https:\/\/www.globecar.com\/es\/wp-json\/wp\/v2\/users\/1"}],"replies":[{"embeddable":true,"href":"https:\/\/www.globecar.com\/es\/wp-json\/wp\/v2\/comments?post=13783"}],"version-history":[{"count":0,"href":"https:\/\/www.globecar.com\/es\/wp-json\/wp\/v2\/pages\/13783\/revisions"}],"up":[{"embeddable":true,"href":"https:\/\/www.globecar.com\/es\/wp-json\/wp\/v2\/pages\/13799"}],"wp:attachment":[{"href":"https:\/\/www.globecar.com\/es\/wp-json\/wp\/v2\/media?parent=13783"}],"curies":[{"name":"wp","href":"https:\/\/api.w.org\/{rel}","templated":true}]}}