{"id":13773,"date":"2024-03-19T14:07:01","date_gmt":"2024-03-19T18:07:01","guid":{"rendered":"https:\/\/www.globecar.com\/garantia-de-igualacion-de-precios\/"},"modified":"2026-04-13T14:31:34","modified_gmt":"2026-04-13T18:31:34","slug":"garantia-de-igualacion-de-precios","status":"publish","type":"page","link":"https:\/\/www.globecar.com\/es\/acerca-de\/garantia-de-igualacion-de-precios\/","title":{"rendered":"Garant\u00eda de igualaci\u00f3n de precios"},"content":{"rendered":"<div class=\"wpb-content-wrapper\"><p>[vc_row is_header=\u00bbtrue\u00bb][vc_column width=\u00bb2\/3&#8243;][vc_column_text]<\/p>\n<h1>El precio no nos gana.<\/h1>\n<p>Como desvalidos independientes, \u00a1tenemos hambre! Y hacemos todo lo posible por conseguir su negocio. Cada noche, nuestros robots buscan millones de tarifas de nuestros competidores en Internet y actualizan autom\u00e1ticamente nuestras tarifas de <a href=\"https:\/\/www.globecar.com\/es\/nuestros-veh\u00edculos\/coches\/\">alquiler de coches<\/a> y <a href=\"https:\/\/www.globecar.com\/es\/alquiler-de-camiones\/\">camiones<\/a> para batir las suyas mientras todos dormimos. Esta tecnolog\u00eda garantiza que estemos en la cima de nuestro juego y en la cima de la mente cuando se trata de alquiler de coches baratos en Montreal.<\/p>\n<p>Y aqu\u00ed, en Globe, nuestros precios baratos de alquiler de coches no significan coches viejos y baratos o mal servicio, sino coches nuevos y todo sonrisas.[\/vc_column_text][\/vc_column][vc_column width=\u00bb1\/3&#8243;][vc_single_image image=\u00bb9263&#8243; img_size=\u00bbfull\u00bb alignment=\u00bbright\u00bb][\/vc_column][\/vc_row][vc_section is_container=\u00bbtrue\u00bb][vc_row][vc_column][vc_column_text css=\u00bb\u00bb]<\/p>\n<h2>\u00bfCu\u00e1l es la garant\u00eda?<\/h2>\n<p><span style=\"font-weight: 400;\">Igualamos cualquier precio m\u00e1s bajo encontrado + 5% de descuento sobre la tarifa. S\u00ed, hay condiciones, pero son justas:<\/span><\/p>\n<table>\n<tbody>\n<tr>\n<td style=\"vertical-align: top;\"><span style=\"color: #ff6c00;\"><i class=\"fa fa-check \" ><\/i><\/span><\/td>\n<td>Manzana por manzana: misma categor\u00eda de veh\u00edculo, misma zona\/ubicaci\u00f3n, mismas fechas y misma calidad de coche. No competimos con alquileres tipo acera con viejos cacharros inseguros. S\u00f3lo competimos con las grandes compa\u00f1\u00edas que tienen una s\u00f3lida reputaci\u00f3n y calidad en el alquiler de coches, como la nuestra.<\/td>\n<\/tr>\n<tr>\n<td style=\"vertical-align: top;\"><span style=\"color: #ff6c00;\"><i class=\"fa fa-check \" ><\/i><\/span><\/td>\n<td>No competimos con motores de reservas y mayoristas que ofrecen coches a 7 $\/d\u00eda, por ejemplo, y luego utilizan t\u00e1cticas de cebo en el mostrador con tasas y a\u00f1adidos que no pueden explicar. Tampoco competimos con ninguna empresa\/sucursal que tenga un producto\/servicio inferior con una valoraci\u00f3n de estrellas de Google inferior a 3,0 estrellas.<\/td>\n<\/tr>\n<tr>\n<td style=\"vertical-align: top;\"><span style=\"color: #ff6c00;\"><i class=\"fa fa-check \" ><\/i><\/span><\/td>\n<td>Nuestra garant\u00eda excluye los alquileres de temporada alta: Del 15 de diciembre al 31 de diciembre y del 15 de junio al 15 de octubre.<\/td>\n<\/tr>\n<\/tbody>\n<\/table>\n<p><span style=\"font-weight: 400;\">As\u00ed pues, p\u00f3ngase en contacto con nosotros y suba una captura de pantalla de presupuesto o reserva en la que aparezca el nombre de la empresa y toda la informaci\u00f3n pertinente, \u00a1y nosotros nos encargaremos de eliminarlos! Tenga en cuenta que somos el campe\u00f3n indiscutible de los coches de alquiler baratos en Canad\u00e1 el 99,9% de las veces.<\/span><\/p>\n<p><span style=\"font-weight: 400;\"><p><span class=\"button full\"><a href=\"https:\/\/www.globecar.com\/es\/acerca-de\/por-que-globe\/\">Muchas m\u00e1s razones para visitarnos en<i class=\"fa fa-heart \"><\/i><\/a><\/span><\/p><\/span>[\/vc_column_text][\/vc_column][\/vc_row][\/vc_section]<\/p>\n<\/div>","protected":false},"excerpt":{"rendered":"<p>[vc_row is_header=\u00bbtrue\u00bb][vc_column width=\u00bb2\/3&#8243;][vc_column_text] El precio no nos gana. Como desvalidos independientes, \u00a1tenemos hambre! Y hacemos todo lo posible por conseguir su negocio. Cada noche, nuestros robots buscan millones de tarifas de nuestros competidores en Internet y actualizan autom\u00e1ticamente nuestras tarifas de alquiler de coches y camiones para batir las suyas mientras todos dormimos. Esta tecnolog\u00eda [&hellip;]<\/p>\n","protected":false},"author":1,"featured_media":0,"parent":13799,"menu_order":0,"comment_status":"closed","ping_status":"closed","template":"","meta":{"_acf_changed":false,"_genesis_hide_title":false,"_genesis_hide_breadcrumbs":false,"_genesis_hide_singular_image":false,"_genesis_hide_footer_widgets":false,"_genesis_custom_body_class":"","_genesis_custom_post_class":"","_genesis_layout":"","jetpack_post_was_ever_published":false,"footnotes":""},"class_list":{"0":"post-13773","1":"page","2":"type-page","3":"status-publish","5":"entry","6":"has-post-thumbnail"},"acf":[],"yoast_head":"<!-- This site is optimized with the Yoast SEO Premium plugin v27.1 (Yoast SEO v27.1.1) - https:\/\/yoast.com\/product\/yoast-seo-premium-wordpress\/ -->\n<title>Garant\u00eda de igualaci\u00f3n de precios bajos | Alquiler de coches y camiones Globe en Montreal<\/title>\n<meta name=\"description\" content=\"Nuestros precios de alquiler de coches baratos son tan bajos que le garantizamos que no encontrar\u00e1 tarifas de coches m\u00e1s baratas en ning\u00fan lugar de Montreal.\" \/>\n<meta name=\"robots\" content=\"index, follow, max-snippet:-1, max-image-preview:large, max-video-preview:-1\" \/>\n<link rel=\"canonical\" href=\"https:\/\/www.globecar.com\/es\/acerca-de\/garantia-de-igualacion-de-precios\/\" \/>\n<meta property=\"og:locale\" content=\"es_ES\" \/>\n<meta property=\"og:type\" content=\"article\" \/>\n<meta property=\"og:title\" content=\"Garant\u00eda de igualaci\u00f3n de precios\" \/>\n<meta property=\"og:description\" content=\"El precio no nos gana. Como desvalidos independientes, \u00a1tenemos hambre! Y hacemos todo lo posible por conseguir su negocio. Cada noche, nuestros robots\" \/>\n<meta property=\"og:url\" content=\"https:\/\/www.globecar.com\/es\/acerca-de\/garantia-de-igualacion-de-precios\/\" \/>\n<meta property=\"og:site_name\" content=\"Alquiler de coches y camiones Globe en Montreal\" \/>\n<meta property=\"article:publisher\" content=\"https:\/\/www.facebook.com\/GlobeCar\" \/>\n<meta property=\"article:modified_time\" content=\"2026-04-13T18:31:34+00:00\" \/>\n<meta property=\"og:image\" content=\"https:\/\/www.globecar.com\/wp-content\/uploads\/2023\/12\/thumbnail_logo_final-1.jpg\" \/>\n\t<meta property=\"og:image:width\" content=\"555\" \/>\n\t<meta property=\"og:image:height\" content=\"555\" \/>\n\t<meta property=\"og:image:type\" content=\"image\/jpeg\" \/>\n<meta name=\"twitter:card\" content=\"summary_large_image\" \/>\n<meta name=\"twitter:site\" content=\"@GlobeCar\" \/>\n<meta name=\"twitter:label1\" content=\"Tiempo de lectura\" \/>\n\t<meta name=\"twitter:data1\" content=\"2 minutos\" \/>\n<script type=\"application\/ld+json\" class=\"yoast-schema-graph\">{\"@context\":\"https:\/\/schema.org\",\"@graph\":[{\"@type\":\"WebPage\",\"@id\":\"https:\/\/www.globecar.com\/es\/acerca-de\/garantia-de-igualacion-de-precios\/\",\"url\":\"https:\/\/www.globecar.com\/es\/acerca-de\/garantia-de-igualacion-de-precios\/\",\"name\":\"Garant\u00eda de igualaci\u00f3n de precios bajos | Alquiler de coches y camiones Globe en Montreal\",\"isPartOf\":{\"@id\":\"https:\/\/www.globecar.com\/es\/#website\"},\"datePublished\":\"2024-03-19T18:07:01+00:00\",\"dateModified\":\"2026-04-13T18:31:34+00:00\",\"description\":\"Nuestros precios de alquiler de coches baratos son tan bajos que le garantizamos que no encontrar\u00e1 tarifas de coches m\u00e1s baratas en ning\u00fan lugar de Montreal.\",\"breadcrumb\":{\"@id\":\"https:\/\/www.globecar.com\/es\/acerca-de\/garantia-de-igualacion-de-precios\/#breadcrumb\"},\"inLanguage\":\"es\",\"potentialAction\":[{\"@type\":\"ReadAction\",\"target\":[\"https:\/\/www.globecar.com\/es\/acerca-de\/garantia-de-igualacion-de-precios\/\"]}]},{\"@type\":\"BreadcrumbList\",\"@id\":\"https:\/\/www.globecar.com\/es\/acerca-de\/garantia-de-igualacion-de-precios\/#breadcrumb\",\"itemListElement\":[{\"@type\":\"ListItem\",\"position\":1,\"name\":\"Inicio\",\"item\":\"https:\/\/www.globecar.com\/es\/\"},{\"@type\":\"ListItem\",\"position\":2,\"name\":\"Acerca de\",\"item\":\"https:\/\/www.globecar.com\/es\/acerca-de\/\"},{\"@type\":\"ListItem\",\"position\":3,\"name\":\"Garant\u00eda de igualaci\u00f3n de precios\"}]},{\"@type\":\"WebSite\",\"@id\":\"https:\/\/www.globecar.com\/es\/#website\",\"url\":\"https:\/\/www.globecar.com\/es\/\",\"name\":\"Globe Location d'Autos et Camions \u00e0 Montr\u00e9al\",\"description\":\"Drive 4 Less\",\"publisher\":{\"@id\":\"https:\/\/www.globecar.com\/es\/#organization\"},\"alternateName\":\"GlobeCar\",\"potentialAction\":[{\"@type\":\"SearchAction\",\"target\":{\"@type\":\"EntryPoint\",\"urlTemplate\":\"https:\/\/www.globecar.com\/es\/?s={search_term_string}\"},\"query-input\":{\"@type\":\"PropertyValueSpecification\",\"valueRequired\":true,\"valueName\":\"search_term_string\"}}],\"inLanguage\":\"es\"},{\"@type\":\"Organization\",\"@id\":\"https:\/\/www.globecar.com\/es\/#organization\",\"name\":\"Globe Car & Truck Rental\",\"alternateName\":\"GlobeCar\",\"url\":\"https:\/\/www.globecar.com\/es\/\",\"logo\":{\"@type\":\"ImageObject\",\"inLanguage\":\"es\",\"@id\":\"https:\/\/www.globecar.com\/es\/#\/schema\/logo\/image\/\",\"url\":\"https:\/\/www.globecar.com\/wp-content\/uploads\/2023\/12\/thumbnail_logo_final-1.jpg\",\"contentUrl\":\"https:\/\/www.globecar.com\/wp-content\/uploads\/2023\/12\/thumbnail_logo_final-1.jpg\",\"width\":555,\"height\":555,\"caption\":\"Globe Car & Truck Rental\"},\"image\":{\"@id\":\"https:\/\/www.globecar.com\/es\/#\/schema\/logo\/image\/\"},\"sameAs\":[\"https:\/\/www.facebook.com\/GlobeCar\",\"https:\/\/x.com\/GlobeCar\",\"https:\/\/mastodon.social\/@globecar\",\"https:\/\/www.instagram.com\/globecar\/\",\"https:\/\/www.linkedin.com\/company\/globecar\/\",\"https:\/\/www.pinterest.com\/globecar\",\"https:\/\/www.youtube.com\/c\/GlobecarRentals\"]}]}<\/script>\n<!-- \/ Yoast SEO Premium plugin. -->","yoast_head_json":{"title":"Garant\u00eda de igualaci\u00f3n de precios bajos | Alquiler de coches y camiones Globe en Montreal","description":"Nuestros precios de alquiler de coches baratos son tan bajos que le garantizamos que no encontrar\u00e1 tarifas de coches m\u00e1s baratas en ning\u00fan lugar de Montreal.","robots":{"index":"index","follow":"follow","max-snippet":"max-snippet:-1","max-image-preview":"max-image-preview:large","max-video-preview":"max-video-preview:-1"},"canonical":"https:\/\/www.globecar.com\/es\/acerca-de\/garantia-de-igualacion-de-precios\/","og_locale":"es_ES","og_type":"article","og_title":"Garant\u00eda de igualaci\u00f3n de precios","og_description":"El precio no nos gana. Como desvalidos independientes, \u00a1tenemos hambre! Y hacemos todo lo posible por conseguir su negocio. Cada noche, nuestros robots","og_url":"https:\/\/www.globecar.com\/es\/acerca-de\/garantia-de-igualacion-de-precios\/","og_site_name":"Alquiler de coches y camiones Globe en Montreal","article_publisher":"https:\/\/www.facebook.com\/GlobeCar","article_modified_time":"2026-04-13T18:31:34+00:00","og_image":[{"width":555,"height":555,"url":"https:\/\/www.globecar.com\/wp-content\/uploads\/2023\/12\/thumbnail_logo_final-1.jpg","type":"image\/jpeg"}],"twitter_card":"summary_large_image","twitter_site":"@GlobeCar","twitter_misc":{"Tiempo de lectura":"2 minutos"},"schema":{"@context":"https:\/\/schema.org","@graph":[{"@type":"WebPage","@id":"https:\/\/www.globecar.com\/es\/acerca-de\/garantia-de-igualacion-de-precios\/","url":"https:\/\/www.globecar.com\/es\/acerca-de\/garantia-de-igualacion-de-precios\/","name":"Garant\u00eda de igualaci\u00f3n de precios bajos | Alquiler de coches y camiones Globe en Montreal","isPartOf":{"@id":"https:\/\/www.globecar.com\/es\/#website"},"datePublished":"2024-03-19T18:07:01+00:00","dateModified":"2026-04-13T18:31:34+00:00","description":"Nuestros precios de alquiler de coches baratos son tan bajos que le garantizamos que no encontrar\u00e1 tarifas de coches m\u00e1s baratas en ning\u00fan lugar de Montreal.","breadcrumb":{"@id":"https:\/\/www.globecar.com\/es\/acerca-de\/garantia-de-igualacion-de-precios\/#breadcrumb"},"inLanguage":"es","potentialAction":[{"@type":"ReadAction","target":["https:\/\/www.globecar.com\/es\/acerca-de\/garantia-de-igualacion-de-precios\/"]}]},{"@type":"BreadcrumbList","@id":"https:\/\/www.globecar.com\/es\/acerca-de\/garantia-de-igualacion-de-precios\/#breadcrumb","itemListElement":[{"@type":"ListItem","position":1,"name":"Inicio","item":"https:\/\/www.globecar.com\/es\/"},{"@type":"ListItem","position":2,"name":"Acerca de","item":"https:\/\/www.globecar.com\/es\/acerca-de\/"},{"@type":"ListItem","position":3,"name":"Garant\u00eda de igualaci\u00f3n de precios"}]},{"@type":"WebSite","@id":"https:\/\/www.globecar.com\/es\/#website","url":"https:\/\/www.globecar.com\/es\/","name":"Globe Location d'Autos et Camions \u00e0 Montr\u00e9al","description":"Drive 4 Less","publisher":{"@id":"https:\/\/www.globecar.com\/es\/#organization"},"alternateName":"GlobeCar","potentialAction":[{"@type":"SearchAction","target":{"@type":"EntryPoint","urlTemplate":"https:\/\/www.globecar.com\/es\/?s={search_term_string}"},"query-input":{"@type":"PropertyValueSpecification","valueRequired":true,"valueName":"search_term_string"}}],"inLanguage":"es"},{"@type":"Organization","@id":"https:\/\/www.globecar.com\/es\/#organization","name":"Globe Car & Truck Rental","alternateName":"GlobeCar","url":"https:\/\/www.globecar.com\/es\/","logo":{"@type":"ImageObject","inLanguage":"es","@id":"https:\/\/www.globecar.com\/es\/#\/schema\/logo\/image\/","url":"https:\/\/www.globecar.com\/wp-content\/uploads\/2023\/12\/thumbnail_logo_final-1.jpg","contentUrl":"https:\/\/www.globecar.com\/wp-content\/uploads\/2023\/12\/thumbnail_logo_final-1.jpg","width":555,"height":555,"caption":"Globe Car & Truck Rental"},"image":{"@id":"https:\/\/www.globecar.com\/es\/#\/schema\/logo\/image\/"},"sameAs":["https:\/\/www.facebook.com\/GlobeCar","https:\/\/x.com\/GlobeCar","https:\/\/mastodon.social\/@globecar","https:\/\/www.instagram.com\/globecar\/","https:\/\/www.linkedin.com\/company\/globecar\/","https:\/\/www.pinterest.com\/globecar","https:\/\/www.youtube.com\/c\/GlobecarRentals"]}]}},"jetpack_sharing_enabled":true,"jetpack_shortlink":"https:\/\/wp.me\/PaiT2D-3A9","_links":{"self":[{"href":"https:\/\/www.globecar.com\/es\/wp-json\/wp\/v2\/pages\/13773","targetHints":{"allow":["GET"]}}],"collection":[{"href":"https:\/\/www.globecar.com\/es\/wp-json\/wp\/v2\/pages"}],"about":[{"href":"https:\/\/www.globecar.com\/es\/wp-json\/wp\/v2\/types\/page"}],"author":[{"embeddable":true,"href":"https:\/\/www.globecar.com\/es\/wp-json\/wp\/v2\/users\/1"}],"replies":[{"embeddable":true,"href":"https:\/\/www.globecar.com\/es\/wp-json\/wp\/v2\/comments?post=13773"}],"version-history":[{"count":10,"href":"https:\/\/www.globecar.com\/es\/wp-json\/wp\/v2\/pages\/13773\/revisions"}],"predecessor-version":[{"id":18538,"href":"https:\/\/www.globecar.com\/es\/wp-json\/wp\/v2\/pages\/13773\/revisions\/18538"}],"up":[{"embeddable":true,"href":"https:\/\/www.globecar.com\/es\/wp-json\/wp\/v2\/pages\/13799"}],"wp:attachment":[{"href":"https:\/\/www.globecar.com\/es\/wp-json\/wp\/v2\/media?parent=13773"}],"curies":[{"name":"wp","href":"https:\/\/api.w.org\/{rel}","templated":true}]}}