{"id":13766,"date":"2024-03-19T14:07:00","date_gmt":"2024-03-19T18:07:00","guid":{"rendered":"https:\/\/www.globecar.com\/alquiler-de-coches\/a-largo-plazo\/"},"modified":"2025-05-21T02:59:21","modified_gmt":"2025-05-21T06:59:21","slug":"a-largo-plazo","status":"publish","type":"page","link":"https:\/\/www.globecar.com\/es\/alquiler-de-coches\/a-largo-plazo\/","title":{"rendered":"A largo plazo"},"content":{"rendered":"<div class=\"wpb-content-wrapper\"><p>[vc_row is_header=\u00bbtrue\u00bb][vc_column width=\u00bb2\/3&#8243;][vc_column_text]<\/p>\n<h1>El alquiler a largo plazo le ahorra mucho dinero<\/h1>\n<h2>Alquile un coche a largo plazo y obtenga tarifas baratas al mes.<\/h2>\n<p>La mejor oferta mensual en SUV, Monovol\u00famenes y Camiones es cuando alquilas por 3 meses o m\u00e1s. Es muy sencillo: tomamos nuestra baj\u00edsima tarifa mensual y le ofrecemos descuentos m\u00e1s importantes que no encontrar\u00e1 en ning\u00fan otro sitio. Estos descuentos adicionales no se publican en l\u00ednea y pueden oscilar entre el (5 y el 10%) en funci\u00f3n del volumen de veh\u00edculos, el tipo de veh\u00edculo, la duraci\u00f3n del alquiler, la disponibilidad y factores estacionales. De cualquier forma, ahorrar\u00e1 en el coste de su alquiler a largo o corto plazo No encontrar\u00e1 un precio m\u00e1s barato en ning\u00fan sitio &#8211; \u00a1Garantizado![\/vc_column_text][\/vc_column][vc_column width=\u00bb1\/3&#8243;][vc_single_image image=\u00bb16449&#8243; img_size=\u00bbfull\u00bb alignment=\u00bbcenter\u00bb][\/vc_column][\/vc_row][vc_section is_container=\u00bbtrue\u00bb][vc_row][vc_column][vc_column_text]<\/p>\n<h3>\u00bfPara qui\u00e9n es bueno el alquiler a largo plazo?<\/h3>\n<p>[\/vc_column_text][vc_toggle title=\u00bbAhorre mucho dinero\u00bb]<span style=\"font-weight: 400;\">Muchos de nuestros clientes optan por no arrendar un coche y lo alquilan porque ahorran dinero en mantenimiento, neum\u00e1ticos y seguro <a href=\"https:\/\/www.globecar.com\/es\/ayuda\/contacte-con-nosotros\/\">(contacte con nosotros<\/a> para obtener m\u00e1s informaci\u00f3n).<\/span>[\/vc_toggle][vc_toggle title=\u00bbCambiar de coche cada temporada\u00bb]<span style=\"font-weight: 400;\">Si le gusta cambiar de coche cada 4 meses aproximadamente, le encantar\u00e1n nuestras ofertas. <a href=\"https:\/\/www.globecar.com\/es\/acerca-de\/alquiler-de-coches-para-invierno\/\">Coches de alquiler para el invierno<\/a>, <a href=\"https:\/\/www.globecar.com\/es\/nuestros-veh\u00edculos\/4x4-awd\/\">alquiler de 4X4 \/ SUV<\/a> para terrenos escarpados o Jeep Sahara o Minivan de alquiler para el verano. Para la primavera y el oto\u00f1o, pruebe diferentes modelos, todos a precios de alquiler bajos.<\/span>[\/vc_toggle][vc_toggle title=\u00bbPensando en mudarse\u00bb]<span style=\"font-weight: 400;\">Entonces no te comprometas con un contrato a largo plazo, mejor alquila. Aunque sean unos pocos d\u00f3lares m\u00e1s, puedes marcharte en cualquier momento. No es necesario buscar y rogar a alguien que se haga cargo de tu contrato de alquiler o venda tu coche. La flexibilidad es el rey.<\/span>[\/vc_toggle][vc_toggle title=\u00bbGran compensaci\u00f3n por kil\u00f3metro\u00bb]<span style=\"font-weight: 400;\">Nuestros alquileres mensuales vienen con una asignaci\u00f3n muy generosa de 4.000KM\/mes. Eso son 48.000 al a\u00f1o: mucha conducci\u00f3n sin preocupaciones. La mayor\u00eda de los arrendamientos vienen con 18.000KM\/a\u00f1o o 24.000KM\/a\u00f1o&#8230; cualquier cosa por encima de eso se vuelve extremadamente cara. As\u00ed que si conduces mucho, \u00a1\u00e9sta es tu soluci\u00f3n perfecta!<\/span>[\/vc_toggle][vc_toggle title=\u00bbExpatriados y diplom\u00e1ticos\u00bb]<span style=\"font-weight: 400;\">Si usted mismo es un expatriado o un servicio de reubicaci\u00f3n en Montreal, entonces encajamos perfectamente. Llevamos a los expatriados de la mano, desde el recibimiento en el aeropuerto hasta un gestor de cuentas dedicado a responder a todas sus necesidades automovil\u00edsticas 24 horas al d\u00eda, 7 d\u00edas a la semana, 365 d\u00edas al a\u00f1o.<\/span>[\/vc_toggle][vc_toggle title=\u00bbAlquiler de coches en invierno\u00bb]<span style=\"font-weight: 400;\">Mucha gente tiene un coche de verano que guarda para el invierno y necesita un <a href=\"https:\/\/www.globecar.com\/es\/acerca-de\/alquiler-de-coches-para-invierno\/\">coche barato para el invierno<\/a> o un <a href=\"https:\/\/www.globecar.com\/es\/nuestros-veh\u00edculos\/4x4-awd\/\">todoterreno<\/a>. Esta es la mejor manera de conseguir lo mejor de ambos mundos: el coche de tus sue\u00f1os para el verano y un coche nuevo de alquiler seguro y fiable para el invierno.<\/span>[\/vc_toggle][\/vc_column][\/vc_row][\/vc_section]<\/p>\n<\/div>","protected":false},"excerpt":{"rendered":"<p>[vc_row is_header=\u00bbtrue\u00bb][vc_column width=\u00bb2\/3&#8243;][vc_column_text] El alquiler a largo plazo le ahorra mucho dinero Alquile un coche a largo plazo y obtenga tarifas baratas al mes. La mejor oferta mensual en SUV, Monovol\u00famenes y Camiones es cuando alquilas por 3 meses o m\u00e1s. Es muy sencillo: tomamos nuestra baj\u00edsima tarifa mensual y le ofrecemos descuentos m\u00e1s importantes [&hellip;]<\/p>\n","protected":false},"author":1,"featured_media":0,"parent":13728,"menu_order":0,"comment_status":"closed","ping_status":"closed","template":"","meta":{"_acf_changed":false,"_genesis_hide_title":false,"_genesis_hide_breadcrumbs":false,"_genesis_hide_singular_image":false,"_genesis_hide_footer_widgets":false,"_genesis_custom_body_class":"","_genesis_custom_post_class":"","_genesis_layout":"","jetpack_post_was_ever_published":false,"footnotes":""},"class_list":{"0":"post-13766","1":"page","2":"type-page","3":"status-publish","5":"entry","6":"has-post-thumbnail"},"acf":[],"yoast_head":"<!-- This site is optimized with the Yoast SEO Premium plugin v27.1 (Yoast SEO v27.1.1) - https:\/\/yoast.com\/product\/yoast-seo-premium-wordpress\/ -->\n<title>Alquiler de coches a largo plazo | Alquiler de coches y camiones Globe en Montreal<\/title>\n<meta name=\"description\" content=\"Las tarifas de alquiler de coches a largo plazo obtienen m\u00e1s descuentos de nuestros ya super bajos precios de alquiler de coches. Esta es la forma m\u00e1s barata de alquilar un coche o cami\u00f3n\" \/>\n<meta name=\"robots\" content=\"index, follow, max-snippet:-1, max-image-preview:large, max-video-preview:-1\" \/>\n<link rel=\"canonical\" href=\"https:\/\/www.globecar.com\/es\/alquiler-de-coches\/a-largo-plazo\/\" \/>\n<meta property=\"og:locale\" content=\"es_ES\" \/>\n<meta property=\"og:type\" content=\"article\" \/>\n<meta property=\"og:title\" content=\"A largo plazo\" \/>\n<meta property=\"og:description\" content=\"El alquiler a largo plazo le ahorra mucho dinero Alquile un coche a largo plazo y obtenga tarifas baratas al mes. La mejor oferta mensual en SUV,\" \/>\n<meta property=\"og:url\" content=\"https:\/\/www.globecar.com\/es\/alquiler-de-coches\/a-largo-plazo\/\" \/>\n<meta property=\"og:site_name\" content=\"Alquiler de coches y camiones Globe en Montreal\" \/>\n<meta property=\"article:publisher\" content=\"https:\/\/www.facebook.com\/GlobeCar\" \/>\n<meta property=\"article:modified_time\" content=\"2025-05-21T06:59:21+00:00\" \/>\n<meta property=\"og:image\" content=\"https:\/\/www.globecar.com\/wp-content\/uploads\/2023\/12\/thumbnail_logo_final-1.jpg\" \/>\n\t<meta property=\"og:image:width\" content=\"555\" \/>\n\t<meta property=\"og:image:height\" content=\"555\" \/>\n\t<meta property=\"og:image:type\" content=\"image\/jpeg\" \/>\n<meta name=\"twitter:card\" content=\"summary_large_image\" \/>\n<meta name=\"twitter:site\" content=\"@GlobeCar\" \/>\n<meta name=\"twitter:label1\" content=\"Tiempo de lectura\" \/>\n\t<meta name=\"twitter:data1\" content=\"3 minutos\" \/>\n<script type=\"application\/ld+json\" class=\"yoast-schema-graph\">{\"@context\":\"https:\/\/schema.org\",\"@graph\":[{\"@type\":\"WebPage\",\"@id\":\"https:\/\/www.globecar.com\/es\/alquiler-de-coches\/a-largo-plazo\/\",\"url\":\"https:\/\/www.globecar.com\/es\/alquiler-de-coches\/a-largo-plazo\/\",\"name\":\"Alquiler de coches a largo plazo | Alquiler de coches y camiones Globe en Montreal\",\"isPartOf\":{\"@id\":\"https:\/\/www.globecar.com\/es\/#website\"},\"datePublished\":\"2024-03-19T18:07:00+00:00\",\"dateModified\":\"2025-05-21T06:59:21+00:00\",\"description\":\"Las tarifas de alquiler de coches a largo plazo obtienen m\u00e1s descuentos de nuestros ya super bajos precios de alquiler de coches. Esta es la forma m\u00e1s barata de alquilar un coche o cami\u00f3n\",\"breadcrumb\":{\"@id\":\"https:\/\/www.globecar.com\/es\/alquiler-de-coches\/a-largo-plazo\/#breadcrumb\"},\"inLanguage\":\"es\",\"potentialAction\":[{\"@type\":\"ReadAction\",\"target\":[\"https:\/\/www.globecar.com\/es\/alquiler-de-coches\/a-largo-plazo\/\"]}]},{\"@type\":\"BreadcrumbList\",\"@id\":\"https:\/\/www.globecar.com\/es\/alquiler-de-coches\/a-largo-plazo\/#breadcrumb\",\"itemListElement\":[{\"@type\":\"ListItem\",\"position\":1,\"name\":\"Inicio\",\"item\":\"https:\/\/www.globecar.com\/es\/\"},{\"@type\":\"ListItem\",\"position\":2,\"name\":\"Alquiler de coches\",\"item\":\"https:\/\/www.globecar.com\/es\/alquiler-de-coches\/\"},{\"@type\":\"ListItem\",\"position\":3,\"name\":\"A largo plazo\"}]},{\"@type\":\"WebSite\",\"@id\":\"https:\/\/www.globecar.com\/es\/#website\",\"url\":\"https:\/\/www.globecar.com\/es\/\",\"name\":\"Globe Location d'Autos et Camions \u00e0 Montr\u00e9al\",\"description\":\"Drive 4 Less\",\"publisher\":{\"@id\":\"https:\/\/www.globecar.com\/es\/#organization\"},\"alternateName\":\"GlobeCar\",\"potentialAction\":[{\"@type\":\"SearchAction\",\"target\":{\"@type\":\"EntryPoint\",\"urlTemplate\":\"https:\/\/www.globecar.com\/es\/?s={search_term_string}\"},\"query-input\":{\"@type\":\"PropertyValueSpecification\",\"valueRequired\":true,\"valueName\":\"search_term_string\"}}],\"inLanguage\":\"es\"},{\"@type\":\"Organization\",\"@id\":\"https:\/\/www.globecar.com\/es\/#organization\",\"name\":\"Globe Car & Truck Rental\",\"alternateName\":\"GlobeCar\",\"url\":\"https:\/\/www.globecar.com\/es\/\",\"logo\":{\"@type\":\"ImageObject\",\"inLanguage\":\"es\",\"@id\":\"https:\/\/www.globecar.com\/es\/#\/schema\/logo\/image\/\",\"url\":\"https:\/\/www.globecar.com\/wp-content\/uploads\/2023\/12\/thumbnail_logo_final-1.jpg\",\"contentUrl\":\"https:\/\/www.globecar.com\/wp-content\/uploads\/2023\/12\/thumbnail_logo_final-1.jpg\",\"width\":555,\"height\":555,\"caption\":\"Globe Car & Truck Rental\"},\"image\":{\"@id\":\"https:\/\/www.globecar.com\/es\/#\/schema\/logo\/image\/\"},\"sameAs\":[\"https:\/\/www.facebook.com\/GlobeCar\",\"https:\/\/x.com\/GlobeCar\",\"https:\/\/mastodon.social\/@globecar\",\"https:\/\/www.instagram.com\/globecar\/\",\"https:\/\/www.linkedin.com\/company\/globecar\/\",\"https:\/\/www.pinterest.com\/globecar\",\"https:\/\/www.youtube.com\/c\/GlobecarRentals\"]}]}<\/script>\n<!-- \/ Yoast SEO Premium plugin. -->","yoast_head_json":{"title":"Alquiler de coches a largo plazo | Alquiler de coches y camiones Globe en Montreal","description":"Las tarifas de alquiler de coches a largo plazo obtienen m\u00e1s descuentos de nuestros ya super bajos precios de alquiler de coches. Esta es la forma m\u00e1s barata de alquilar un coche o cami\u00f3n","robots":{"index":"index","follow":"follow","max-snippet":"max-snippet:-1","max-image-preview":"max-image-preview:large","max-video-preview":"max-video-preview:-1"},"canonical":"https:\/\/www.globecar.com\/es\/alquiler-de-coches\/a-largo-plazo\/","og_locale":"es_ES","og_type":"article","og_title":"A largo plazo","og_description":"El alquiler a largo plazo le ahorra mucho dinero Alquile un coche a largo plazo y obtenga tarifas baratas al mes. La mejor oferta mensual en SUV,","og_url":"https:\/\/www.globecar.com\/es\/alquiler-de-coches\/a-largo-plazo\/","og_site_name":"Alquiler de coches y camiones Globe en Montreal","article_publisher":"https:\/\/www.facebook.com\/GlobeCar","article_modified_time":"2025-05-21T06:59:21+00:00","og_image":[{"width":555,"height":555,"url":"https:\/\/www.globecar.com\/wp-content\/uploads\/2023\/12\/thumbnail_logo_final-1.jpg","type":"image\/jpeg"}],"twitter_card":"summary_large_image","twitter_site":"@GlobeCar","twitter_misc":{"Tiempo de lectura":"3 minutos"},"schema":{"@context":"https:\/\/schema.org","@graph":[{"@type":"WebPage","@id":"https:\/\/www.globecar.com\/es\/alquiler-de-coches\/a-largo-plazo\/","url":"https:\/\/www.globecar.com\/es\/alquiler-de-coches\/a-largo-plazo\/","name":"Alquiler de coches a largo plazo | Alquiler de coches y camiones Globe en Montreal","isPartOf":{"@id":"https:\/\/www.globecar.com\/es\/#website"},"datePublished":"2024-03-19T18:07:00+00:00","dateModified":"2025-05-21T06:59:21+00:00","description":"Las tarifas de alquiler de coches a largo plazo obtienen m\u00e1s descuentos de nuestros ya super bajos precios de alquiler de coches. Esta es la forma m\u00e1s barata de alquilar un coche o cami\u00f3n","breadcrumb":{"@id":"https:\/\/www.globecar.com\/es\/alquiler-de-coches\/a-largo-plazo\/#breadcrumb"},"inLanguage":"es","potentialAction":[{"@type":"ReadAction","target":["https:\/\/www.globecar.com\/es\/alquiler-de-coches\/a-largo-plazo\/"]}]},{"@type":"BreadcrumbList","@id":"https:\/\/www.globecar.com\/es\/alquiler-de-coches\/a-largo-plazo\/#breadcrumb","itemListElement":[{"@type":"ListItem","position":1,"name":"Inicio","item":"https:\/\/www.globecar.com\/es\/"},{"@type":"ListItem","position":2,"name":"Alquiler de coches","item":"https:\/\/www.globecar.com\/es\/alquiler-de-coches\/"},{"@type":"ListItem","position":3,"name":"A largo plazo"}]},{"@type":"WebSite","@id":"https:\/\/www.globecar.com\/es\/#website","url":"https:\/\/www.globecar.com\/es\/","name":"Globe Location d'Autos et Camions \u00e0 Montr\u00e9al","description":"Drive 4 Less","publisher":{"@id":"https:\/\/www.globecar.com\/es\/#organization"},"alternateName":"GlobeCar","potentialAction":[{"@type":"SearchAction","target":{"@type":"EntryPoint","urlTemplate":"https:\/\/www.globecar.com\/es\/?s={search_term_string}"},"query-input":{"@type":"PropertyValueSpecification","valueRequired":true,"valueName":"search_term_string"}}],"inLanguage":"es"},{"@type":"Organization","@id":"https:\/\/www.globecar.com\/es\/#organization","name":"Globe Car & Truck Rental","alternateName":"GlobeCar","url":"https:\/\/www.globecar.com\/es\/","logo":{"@type":"ImageObject","inLanguage":"es","@id":"https:\/\/www.globecar.com\/es\/#\/schema\/logo\/image\/","url":"https:\/\/www.globecar.com\/wp-content\/uploads\/2023\/12\/thumbnail_logo_final-1.jpg","contentUrl":"https:\/\/www.globecar.com\/wp-content\/uploads\/2023\/12\/thumbnail_logo_final-1.jpg","width":555,"height":555,"caption":"Globe Car & Truck Rental"},"image":{"@id":"https:\/\/www.globecar.com\/es\/#\/schema\/logo\/image\/"},"sameAs":["https:\/\/www.facebook.com\/GlobeCar","https:\/\/x.com\/GlobeCar","https:\/\/mastodon.social\/@globecar","https:\/\/www.instagram.com\/globecar\/","https:\/\/www.linkedin.com\/company\/globecar\/","https:\/\/www.pinterest.com\/globecar","https:\/\/www.youtube.com\/c\/GlobecarRentals"]}]}},"jetpack_sharing_enabled":true,"jetpack_shortlink":"https:\/\/wp.me\/PaiT2D-3A2","_links":{"self":[{"href":"https:\/\/www.globecar.com\/es\/wp-json\/wp\/v2\/pages\/13766","targetHints":{"allow":["GET"]}}],"collection":[{"href":"https:\/\/www.globecar.com\/es\/wp-json\/wp\/v2\/pages"}],"about":[{"href":"https:\/\/www.globecar.com\/es\/wp-json\/wp\/v2\/types\/page"}],"author":[{"embeddable":true,"href":"https:\/\/www.globecar.com\/es\/wp-json\/wp\/v2\/users\/1"}],"replies":[{"embeddable":true,"href":"https:\/\/www.globecar.com\/es\/wp-json\/wp\/v2\/comments?post=13766"}],"version-history":[{"count":0,"href":"https:\/\/www.globecar.com\/es\/wp-json\/wp\/v2\/pages\/13766\/revisions"}],"up":[{"embeddable":true,"href":"https:\/\/www.globecar.com\/es\/wp-json\/wp\/v2\/pages\/13728"}],"wp:attachment":[{"href":"https:\/\/www.globecar.com\/es\/wp-json\/wp\/v2\/media?parent=13766"}],"curies":[{"name":"wp","href":"https:\/\/api.w.org\/{rel}","templated":true}]}}