{"id":13761,"date":"2024-03-19T14:07:00","date_gmt":"2024-03-19T18:07:00","guid":{"rendered":"https:\/\/www.globecar.com\/testimonios\/"},"modified":"2024-05-08T08:57:38","modified_gmt":"2024-05-08T12:57:38","slug":"testimonios","status":"publish","type":"page","link":"https:\/\/www.globecar.com\/es\/acerca-de\/testimonios\/","title":{"rendered":"Testimonios"},"content":{"rendered":"<div class=\"wpb-content-wrapper\"><p>[vc_row is_header=\u00bbtrue\u00bb][vc_column width=\u00bb2\/3&#8243;][vc_column_text]<\/p>\n<h1>Lo que nuestros clientes dicen de nosotros<\/h1>\n<p>A continuaci\u00f3n se presentan testimonios aleatorios que los clientes leales se sintieron obligados a enviarnos como testimonio de nuestro nivel de servicio de alquiler de coches que ofrecemos. Si usted o su empresa est\u00e1n satisfechos con nuestro servicio, nos encantar\u00eda a\u00f1adir su carta de aprobaci\u00f3n a esta p\u00e1gina. En el caso muy raro de que no est\u00e9 totalmente satisfecho, por favor <a href=\"https:\/\/www.globecar.com\/es\/acerca-de\/resenas\/escriba-a\/\">escriba una rese\u00f1a<\/a> para que podamos hacerlo bien.[\/vc_column_text][\/vc_column][vc_column width=\u00bb1\/3&#8243;][vc_single_image image=\u00bb8960&#8243; img_size=\u00bbfull\u00bb][\/vc_column][\/vc_row][vc_row][vc_column][vc_wp_custommenu nav_menu=\u00bb2227&#8243;][\/vc_column][\/vc_row][vc_section is_container=\u00bbtrue\u00bb][vc_row][vc_column][vc_column_text]<\/p>\n<h2>Testimonios de clientes:<\/h2>\n<hr \/>\n<p>[\/vc_column_text][vc_gallery type=\u00bbimage_grid\u00bb images=\u00bb8961,8962,8963,8964,8965,8966,8967,8968,8969,8970,8971,8972,8973,8974,8975,8976,8977,8978,8979,8980,8981,8982,8983&#8243; img_size=\u00bbmedium\u00bb][\/vc_column][\/vc_row][\/vc_section][vc_section][vc_row full_width=\u00bbstretch_row\u00bb][vc_column]\n\t\t<div class=\"simple-banner \">\n\t\t\t<img decoding=\"async\" width=\"1574\" height=\"390\" src=\"https:\/\/www.globecar.com\/wp-content\/uploads\/2017\/08\/ready-to-drive.jpg\" class=\"attachment-full size-full\" alt=\"ready-to-drive\" srcset=\"https:\/\/www.globecar.com\/wp-content\/uploads\/2017\/08\/ready-to-drive.jpg 1574w, https:\/\/www.globecar.com\/wp-content\/uploads\/2017\/08\/ready-to-drive-150x37.jpg 150w, https:\/\/www.globecar.com\/wp-content\/uploads\/2017\/08\/ready-to-drive-300x74.jpg 300w, https:\/\/www.globecar.com\/wp-content\/uploads\/2017\/08\/ready-to-drive-768x190.jpg 768w, https:\/\/www.globecar.com\/wp-content\/uploads\/2017\/08\/ready-to-drive-1024x254.jpg 1024w, https:\/\/www.globecar.com\/wp-content\/uploads\/2017\/08\/ready-to-drive-300x74@2x.jpg 600w, https:\/\/www.globecar.com\/wp-content\/uploads\/2017\/08\/ready-to-drive-768x190@2x.jpg 1536w\" sizes=\"(max-width: 1574px) 100vw, 1574px\" \/>\n\t\t\t<div class=\"wrap\"><div class=\"mini-wrap\"><h3>\u00bfListo para conducir?<\/h3><\/div><a class=\"button onDark full large\" href=\"https:\/\/reserve.globecar.com\/en\/rent-a-car\">Alquilar un coche<\/a>\t<\/div><\/div>[\/vc_column][\/vc_row][\/vc_section]<\/p>\n<\/div>","protected":false},"excerpt":{"rendered":"<p>[vc_row is_header=\u00bbtrue\u00bb][vc_column width=\u00bb2\/3&#8243;][vc_column_text] Lo que nuestros clientes dicen de nosotros A continuaci\u00f3n se presentan testimonios aleatorios que los clientes leales se sintieron obligados a enviarnos como testimonio de nuestro nivel de servicio de alquiler de coches que ofrecemos. Si usted o su empresa est\u00e1n satisfechos con nuestro servicio, nos encantar\u00eda a\u00f1adir su carta de aprobaci\u00f3n [&hellip;]<\/p>\n","protected":false},"author":1,"featured_media":0,"parent":13799,"menu_order":0,"comment_status":"closed","ping_status":"closed","template":"","meta":{"_acf_changed":false,"_genesis_hide_title":false,"_genesis_hide_breadcrumbs":false,"_genesis_hide_singular_image":false,"_genesis_hide_footer_widgets":false,"_genesis_custom_body_class":"","_genesis_custom_post_class":"","_genesis_layout":"","jetpack_post_was_ever_published":false,"footnotes":""},"class_list":{"0":"post-13761","1":"page","2":"type-page","3":"status-publish","5":"entry","6":"has-post-thumbnail"},"acf":[],"yoast_head":"<!-- This site is optimized with the Yoast SEO Premium plugin v27.1 (Yoast SEO v27.1.1) - https:\/\/yoast.com\/product\/yoast-seo-premium-wordpress\/ -->\n<title>Testimonios de clientes - Alquiler de coches y camiones Globe en Montreal<\/title>\n<meta name=\"description\" content=\"Cientos de clientes satisfechos nos escribieron para agradecernos nuestro servicio ejemplar. Lea lo que tienen que decir...\" \/>\n<meta name=\"robots\" content=\"index, follow, max-snippet:-1, max-image-preview:large, max-video-preview:-1\" \/>\n<link rel=\"canonical\" href=\"https:\/\/www.globecar.com\/es\/acerca-de\/testimonios\/\" \/>\n<meta property=\"og:locale\" content=\"es_ES\" \/>\n<meta property=\"og:type\" content=\"article\" \/>\n<meta property=\"og:title\" content=\"Testimonios\" \/>\n<meta property=\"og:description\" content=\"Lo que nuestros clientes dicen de nosotros A continuaci\u00f3n se presentan testimonios aleatorios que los clientes leales se sintieron obligados a enviarnos\" \/>\n<meta property=\"og:url\" content=\"https:\/\/www.globecar.com\/es\/acerca-de\/testimonios\/\" \/>\n<meta property=\"og:site_name\" content=\"Alquiler de coches y camiones Globe en Montreal\" \/>\n<meta property=\"article:publisher\" content=\"https:\/\/www.facebook.com\/GlobeCar\" \/>\n<meta property=\"article:modified_time\" content=\"2024-05-08T12:57:38+00:00\" \/>\n<meta property=\"og:image\" content=\"https:\/\/www.globecar.com\/wp-content\/uploads\/2023\/12\/thumbnail_logo_final-1.jpg\" \/>\n\t<meta property=\"og:image:width\" content=\"555\" \/>\n\t<meta property=\"og:image:height\" content=\"555\" \/>\n\t<meta property=\"og:image:type\" content=\"image\/jpeg\" \/>\n<meta name=\"twitter:card\" content=\"summary_large_image\" \/>\n<meta name=\"twitter:site\" content=\"@GlobeCar\" \/>\n<meta name=\"twitter:label1\" content=\"Tiempo de lectura\" \/>\n\t<meta name=\"twitter:data1\" content=\"1 minuto\" \/>\n<script type=\"application\/ld+json\" class=\"yoast-schema-graph\">{\"@context\":\"https:\/\/schema.org\",\"@graph\":[{\"@type\":\"WebPage\",\"@id\":\"https:\/\/www.globecar.com\/es\/acerca-de\/testimonios\/\",\"url\":\"https:\/\/www.globecar.com\/es\/acerca-de\/testimonios\/\",\"name\":\"Testimonios de clientes - Alquiler de coches y camiones Globe en Montreal\",\"isPartOf\":{\"@id\":\"https:\/\/www.globecar.com\/es\/#website\"},\"datePublished\":\"2024-03-19T18:07:00+00:00\",\"dateModified\":\"2024-05-08T12:57:38+00:00\",\"description\":\"Cientos de clientes satisfechos nos escribieron para agradecernos nuestro servicio ejemplar. Lea lo que tienen que decir...\",\"breadcrumb\":{\"@id\":\"https:\/\/www.globecar.com\/es\/acerca-de\/testimonios\/#breadcrumb\"},\"inLanguage\":\"es\",\"potentialAction\":[{\"@type\":\"ReadAction\",\"target\":[\"https:\/\/www.globecar.com\/es\/acerca-de\/testimonios\/\"]}]},{\"@type\":\"BreadcrumbList\",\"@id\":\"https:\/\/www.globecar.com\/es\/acerca-de\/testimonios\/#breadcrumb\",\"itemListElement\":[{\"@type\":\"ListItem\",\"position\":1,\"name\":\"Inicio\",\"item\":\"https:\/\/www.globecar.com\/es\/\"},{\"@type\":\"ListItem\",\"position\":2,\"name\":\"Acerca de\",\"item\":\"https:\/\/www.globecar.com\/es\/acerca-de\/\"},{\"@type\":\"ListItem\",\"position\":3,\"name\":\"Testimonios\"}]},{\"@type\":\"WebSite\",\"@id\":\"https:\/\/www.globecar.com\/es\/#website\",\"url\":\"https:\/\/www.globecar.com\/es\/\",\"name\":\"Globe Location d'Autos et Camions \u00e0 Montr\u00e9al\",\"description\":\"Drive 4 Less\",\"publisher\":{\"@id\":\"https:\/\/www.globecar.com\/es\/#organization\"},\"alternateName\":\"GlobeCar\",\"potentialAction\":[{\"@type\":\"SearchAction\",\"target\":{\"@type\":\"EntryPoint\",\"urlTemplate\":\"https:\/\/www.globecar.com\/es\/?s={search_term_string}\"},\"query-input\":{\"@type\":\"PropertyValueSpecification\",\"valueRequired\":true,\"valueName\":\"search_term_string\"}}],\"inLanguage\":\"es\"},{\"@type\":\"Organization\",\"@id\":\"https:\/\/www.globecar.com\/es\/#organization\",\"name\":\"Globe Car & Truck Rental\",\"alternateName\":\"GlobeCar\",\"url\":\"https:\/\/www.globecar.com\/es\/\",\"logo\":{\"@type\":\"ImageObject\",\"inLanguage\":\"es\",\"@id\":\"https:\/\/www.globecar.com\/es\/#\/schema\/logo\/image\/\",\"url\":\"https:\/\/www.globecar.com\/wp-content\/uploads\/2023\/12\/thumbnail_logo_final-1.jpg\",\"contentUrl\":\"https:\/\/www.globecar.com\/wp-content\/uploads\/2023\/12\/thumbnail_logo_final-1.jpg\",\"width\":555,\"height\":555,\"caption\":\"Globe Car & Truck Rental\"},\"image\":{\"@id\":\"https:\/\/www.globecar.com\/es\/#\/schema\/logo\/image\/\"},\"sameAs\":[\"https:\/\/www.facebook.com\/GlobeCar\",\"https:\/\/x.com\/GlobeCar\",\"https:\/\/mastodon.social\/@globecar\",\"https:\/\/www.instagram.com\/globecar\/\",\"https:\/\/www.linkedin.com\/company\/globecar\/\",\"https:\/\/www.pinterest.com\/globecar\",\"https:\/\/www.youtube.com\/c\/GlobecarRentals\"]}]}<\/script>\n<!-- \/ Yoast SEO Premium plugin. -->","yoast_head_json":{"title":"Testimonios de clientes - Alquiler de coches y camiones Globe en Montreal","description":"Cientos de clientes satisfechos nos escribieron para agradecernos nuestro servicio ejemplar. Lea lo que tienen que decir...","robots":{"index":"index","follow":"follow","max-snippet":"max-snippet:-1","max-image-preview":"max-image-preview:large","max-video-preview":"max-video-preview:-1"},"canonical":"https:\/\/www.globecar.com\/es\/acerca-de\/testimonios\/","og_locale":"es_ES","og_type":"article","og_title":"Testimonios","og_description":"Lo que nuestros clientes dicen de nosotros A continuaci\u00f3n se presentan testimonios aleatorios que los clientes leales se sintieron obligados a enviarnos","og_url":"https:\/\/www.globecar.com\/es\/acerca-de\/testimonios\/","og_site_name":"Alquiler de coches y camiones Globe en Montreal","article_publisher":"https:\/\/www.facebook.com\/GlobeCar","article_modified_time":"2024-05-08T12:57:38+00:00","og_image":[{"width":555,"height":555,"url":"https:\/\/www.globecar.com\/wp-content\/uploads\/2023\/12\/thumbnail_logo_final-1.jpg","type":"image\/jpeg"}],"twitter_card":"summary_large_image","twitter_site":"@GlobeCar","twitter_misc":{"Tiempo de lectura":"1 minuto"},"schema":{"@context":"https:\/\/schema.org","@graph":[{"@type":"WebPage","@id":"https:\/\/www.globecar.com\/es\/acerca-de\/testimonios\/","url":"https:\/\/www.globecar.com\/es\/acerca-de\/testimonios\/","name":"Testimonios de clientes - Alquiler de coches y camiones Globe en Montreal","isPartOf":{"@id":"https:\/\/www.globecar.com\/es\/#website"},"datePublished":"2024-03-19T18:07:00+00:00","dateModified":"2024-05-08T12:57:38+00:00","description":"Cientos de clientes satisfechos nos escribieron para agradecernos nuestro servicio ejemplar. Lea lo que tienen que decir...","breadcrumb":{"@id":"https:\/\/www.globecar.com\/es\/acerca-de\/testimonios\/#breadcrumb"},"inLanguage":"es","potentialAction":[{"@type":"ReadAction","target":["https:\/\/www.globecar.com\/es\/acerca-de\/testimonios\/"]}]},{"@type":"BreadcrumbList","@id":"https:\/\/www.globecar.com\/es\/acerca-de\/testimonios\/#breadcrumb","itemListElement":[{"@type":"ListItem","position":1,"name":"Inicio","item":"https:\/\/www.globecar.com\/es\/"},{"@type":"ListItem","position":2,"name":"Acerca de","item":"https:\/\/www.globecar.com\/es\/acerca-de\/"},{"@type":"ListItem","position":3,"name":"Testimonios"}]},{"@type":"WebSite","@id":"https:\/\/www.globecar.com\/es\/#website","url":"https:\/\/www.globecar.com\/es\/","name":"Globe Location d'Autos et Camions \u00e0 Montr\u00e9al","description":"Drive 4 Less","publisher":{"@id":"https:\/\/www.globecar.com\/es\/#organization"},"alternateName":"GlobeCar","potentialAction":[{"@type":"SearchAction","target":{"@type":"EntryPoint","urlTemplate":"https:\/\/www.globecar.com\/es\/?s={search_term_string}"},"query-input":{"@type":"PropertyValueSpecification","valueRequired":true,"valueName":"search_term_string"}}],"inLanguage":"es"},{"@type":"Organization","@id":"https:\/\/www.globecar.com\/es\/#organization","name":"Globe Car & Truck Rental","alternateName":"GlobeCar","url":"https:\/\/www.globecar.com\/es\/","logo":{"@type":"ImageObject","inLanguage":"es","@id":"https:\/\/www.globecar.com\/es\/#\/schema\/logo\/image\/","url":"https:\/\/www.globecar.com\/wp-content\/uploads\/2023\/12\/thumbnail_logo_final-1.jpg","contentUrl":"https:\/\/www.globecar.com\/wp-content\/uploads\/2023\/12\/thumbnail_logo_final-1.jpg","width":555,"height":555,"caption":"Globe Car & Truck Rental"},"image":{"@id":"https:\/\/www.globecar.com\/es\/#\/schema\/logo\/image\/"},"sameAs":["https:\/\/www.facebook.com\/GlobeCar","https:\/\/x.com\/GlobeCar","https:\/\/mastodon.social\/@globecar","https:\/\/www.instagram.com\/globecar\/","https:\/\/www.linkedin.com\/company\/globecar\/","https:\/\/www.pinterest.com\/globecar","https:\/\/www.youtube.com\/c\/GlobecarRentals"]}]}},"jetpack_sharing_enabled":true,"jetpack_shortlink":"https:\/\/wp.me\/PaiT2D-3zX","_links":{"self":[{"href":"https:\/\/www.globecar.com\/es\/wp-json\/wp\/v2\/pages\/13761","targetHints":{"allow":["GET"]}}],"collection":[{"href":"https:\/\/www.globecar.com\/es\/wp-json\/wp\/v2\/pages"}],"about":[{"href":"https:\/\/www.globecar.com\/es\/wp-json\/wp\/v2\/types\/page"}],"author":[{"embeddable":true,"href":"https:\/\/www.globecar.com\/es\/wp-json\/wp\/v2\/users\/1"}],"replies":[{"embeddable":true,"href":"https:\/\/www.globecar.com\/es\/wp-json\/wp\/v2\/comments?post=13761"}],"version-history":[{"count":0,"href":"https:\/\/www.globecar.com\/es\/wp-json\/wp\/v2\/pages\/13761\/revisions"}],"up":[{"embeddable":true,"href":"https:\/\/www.globecar.com\/es\/wp-json\/wp\/v2\/pages\/13799"}],"wp:attachment":[{"href":"https:\/\/www.globecar.com\/es\/wp-json\/wp\/v2\/media?parent=13761"}],"curies":[{"name":"wp","href":"https:\/\/api.w.org\/{rel}","templated":true}]}}