{"id":13757,"date":"2024-03-19T14:06:59","date_gmt":"2024-03-19T18:06:59","guid":{"rendered":"https:\/\/www.globecar.com\/alquiler-de-coches\/semanal\/"},"modified":"2024-05-08T09:00:20","modified_gmt":"2024-05-08T13:00:20","slug":"semanal","status":"publish","type":"page","link":"https:\/\/www.globecar.com\/es\/alquiler-de-coches\/semanal\/","title":{"rendered":"Semanal"},"content":{"rendered":"<div class=\"wpb-content-wrapper\"><p>[vc_row is_header=\u00bbtrue\u00bb][vc_column width=\u00bb2\/3&#8243;][vc_column_text]<\/p>\n<h1>Alquile un coche durante una semana y disfrute de la libertad.<\/h1>\n<h2>A menudo, el alquiler semanal puede costar tan poco como el alquiler por 3-4 d\u00edas.<\/h2>\n<p>Cuanto m\u00e1s tiempo alquile, m\u00e1s baratas ser\u00e1n las tarifas de alquiler de coches. Alquila un coche o un cami\u00f3n durante una semana y haz todos tus recados. Mejor a\u00fan, deja tu coche personal en casa y coge otro coche para esa semana de vacaciones en Globe y acumula kil\u00f3metros en nuestro coche de alquiler, \u00a1no en el tuyo! Precios semanales de alquiler de coches baratos es por lo que somos conocidos. Hacemos descuentos en el alquiler de coches porque valoramos a nuestros arrendatarios a largo plazo y a los clientes que repiten.[\/vc_column_text][\/vc_column][vc_column width=\u00bb1\/3&#8243;][vc_single_image image=\u00bb16453&#8243; img_size=\u00bbfull\u00bb alignment=\u00bbcenter\u00bb][\/vc_column][\/vc_row][vc_section is_container=\u00bbtrue\u00bb][vc_row][vc_column][vc_column_text]<\/p>\n<h3><b>Ofertas de alquiler de coches para una semana<\/b><\/h3>\n<h2><\/h2>\n<p>[\/vc_column_text][vc_toggle title=\u00bbHacer las cosas\u00bb]<span style=\"font-weight: 400;\">Cuando se acumulan los recados, las compras, etc., alquile un coche durante una semana y h\u00e1galo todo. Tenemos muchos clientes que alquilan un coche semanal una vez al mes porque es para lo \u00fanico que lo necesitan.<\/span>[\/vc_toggle][vc_toggle title=\u00bbExplora Montreal\u00bb]<span style=\"font-weight: 400;\">Es imposible que un visitante pueda ver todo lo que Montreal tiene que ofrecer en unos pocos d\u00edas. Un alquiler de una semana es \u00f3ptimo. Con 7 d\u00edas y tarifas de alquiler m\u00e1s econ\u00f3micas, podr\u00e1 disfrutar de su viaje sin prisas. <\/span>[\/vc_toggle][vc_toggle title=\u00bbSustituci\u00f3n de veh\u00edculos\u00bb]<span style=\"font-weight: 400;\">Globe ofrece facturaci\u00f3n directa a las compa\u00f1\u00edas de seguros. Por eso, si su veh\u00edculo necesita una reparaci\u00f3n o sufre un accidente, nos ocuparemos de usted de la A a la Z. A menudo, \u00a1obtendr\u00e1 una mejora! <\/span>[\/vc_toggle][vc_toggle title=\u00bb\u00bfQu\u00e9 tal una escapada de una semana\u00bb]<span style=\"font-weight: 400;\">Alquile un monovolumen para toda la familia y disfrute de la uni\u00f3n. O c\u00f3mprate un Jeep y vete a las colinas o al campo.<\/span>[\/vc_toggle][\/vc_column][\/vc_row][\/vc_section]<\/p>\n<\/div>","protected":false},"excerpt":{"rendered":"<p>[vc_row is_header=\u00bbtrue\u00bb][vc_column width=\u00bb2\/3&#8243;][vc_column_text] Alquile un coche durante una semana y disfrute de la libertad. A menudo, el alquiler semanal puede costar tan poco como el alquiler por 3-4 d\u00edas. Cuanto m\u00e1s tiempo alquile, m\u00e1s baratas ser\u00e1n las tarifas de alquiler de coches. Alquila un coche o un cami\u00f3n durante una semana y haz todos tus [&hellip;]<\/p>\n","protected":false},"author":1,"featured_media":0,"parent":13728,"menu_order":0,"comment_status":"closed","ping_status":"closed","template":"","meta":{"_acf_changed":false,"_genesis_hide_title":false,"_genesis_hide_breadcrumbs":false,"_genesis_hide_singular_image":false,"_genesis_hide_footer_widgets":false,"_genesis_custom_body_class":"","_genesis_custom_post_class":"","_genesis_layout":"","jetpack_post_was_ever_published":false,"footnotes":""},"class_list":{"0":"post-13757","1":"page","2":"type-page","3":"status-publish","5":"entry","6":"has-post-thumbnail"},"acf":[],"yoast_head":"<!-- This site is optimized with the Yoast SEO Premium plugin v27.1 (Yoast SEO v27.1.1) - https:\/\/yoast.com\/product\/yoast-seo-premium-wordpress\/ -->\n<title>Alquiler de coches para una semana | Alquiler de coches y camiones Globe en Montreal<\/title>\n<meta name=\"description\" content=\"Alquileres semanales a partir de 89,95 $\/semana. Alquile un coche por semanas y ahorre mucho dinero con GPS gratuito y asistencia en carretera gratuita en todos los alquileres.\" \/>\n<meta name=\"robots\" content=\"index, follow, max-snippet:-1, max-image-preview:large, max-video-preview:-1\" \/>\n<link rel=\"canonical\" href=\"https:\/\/www.globecar.com\/es\/alquiler-de-coches\/semanal\/\" \/>\n<meta property=\"og:locale\" content=\"es_ES\" \/>\n<meta property=\"og:type\" content=\"article\" \/>\n<meta property=\"og:title\" content=\"Semanal\" \/>\n<meta property=\"og:description\" content=\"Alquile un coche durante una semana y disfrute de la libertad. A menudo, el alquiler semanal puede costar tan poco como el alquiler por 3-4 d\u00edas. Cuanto\" \/>\n<meta property=\"og:url\" content=\"https:\/\/www.globecar.com\/es\/alquiler-de-coches\/semanal\/\" \/>\n<meta property=\"og:site_name\" content=\"Alquiler de coches y camiones Globe en Montreal\" \/>\n<meta property=\"article:publisher\" content=\"https:\/\/www.facebook.com\/GlobeCar\" \/>\n<meta property=\"article:modified_time\" content=\"2024-05-08T13:00:20+00:00\" \/>\n<meta property=\"og:image\" content=\"https:\/\/www.globecar.com\/wp-content\/uploads\/2023\/12\/thumbnail_logo_final-1.jpg\" \/>\n\t<meta property=\"og:image:width\" content=\"555\" \/>\n\t<meta property=\"og:image:height\" content=\"555\" \/>\n\t<meta property=\"og:image:type\" content=\"image\/jpeg\" \/>\n<meta name=\"twitter:card\" content=\"summary_large_image\" \/>\n<meta name=\"twitter:site\" content=\"@GlobeCar\" \/>\n<meta name=\"twitter:label1\" content=\"Tiempo de lectura\" \/>\n\t<meta name=\"twitter:data1\" content=\"2 minutos\" \/>\n<script type=\"application\/ld+json\" class=\"yoast-schema-graph\">{\"@context\":\"https:\/\/schema.org\",\"@graph\":[{\"@type\":\"WebPage\",\"@id\":\"https:\/\/www.globecar.com\/es\/alquiler-de-coches\/semanal\/\",\"url\":\"https:\/\/www.globecar.com\/es\/alquiler-de-coches\/semanal\/\",\"name\":\"Alquiler de coches para una semana | Alquiler de coches y camiones Globe en Montreal\",\"isPartOf\":{\"@id\":\"https:\/\/www.globecar.com\/es\/#website\"},\"datePublished\":\"2024-03-19T18:06:59+00:00\",\"dateModified\":\"2024-05-08T13:00:20+00:00\",\"description\":\"Alquileres semanales a partir de 89,95 $\/semana. Alquile un coche por semanas y ahorre mucho dinero con GPS gratuito y asistencia en carretera gratuita en todos los alquileres.\",\"breadcrumb\":{\"@id\":\"https:\/\/www.globecar.com\/es\/alquiler-de-coches\/semanal\/#breadcrumb\"},\"inLanguage\":\"es\",\"potentialAction\":[{\"@type\":\"ReadAction\",\"target\":[\"https:\/\/www.globecar.com\/es\/alquiler-de-coches\/semanal\/\"]}]},{\"@type\":\"BreadcrumbList\",\"@id\":\"https:\/\/www.globecar.com\/es\/alquiler-de-coches\/semanal\/#breadcrumb\",\"itemListElement\":[{\"@type\":\"ListItem\",\"position\":1,\"name\":\"Inicio\",\"item\":\"https:\/\/www.globecar.com\/es\/\"},{\"@type\":\"ListItem\",\"position\":2,\"name\":\"Alquiler de coches\",\"item\":\"https:\/\/www.globecar.com\/es\/alquiler-de-coches\/\"},{\"@type\":\"ListItem\",\"position\":3,\"name\":\"Semanal\"}]},{\"@type\":\"WebSite\",\"@id\":\"https:\/\/www.globecar.com\/es\/#website\",\"url\":\"https:\/\/www.globecar.com\/es\/\",\"name\":\"Globe Location d'Autos et Camions \u00e0 Montr\u00e9al\",\"description\":\"Drive 4 Less\",\"publisher\":{\"@id\":\"https:\/\/www.globecar.com\/es\/#organization\"},\"alternateName\":\"GlobeCar\",\"potentialAction\":[{\"@type\":\"SearchAction\",\"target\":{\"@type\":\"EntryPoint\",\"urlTemplate\":\"https:\/\/www.globecar.com\/es\/?s={search_term_string}\"},\"query-input\":{\"@type\":\"PropertyValueSpecification\",\"valueRequired\":true,\"valueName\":\"search_term_string\"}}],\"inLanguage\":\"es\"},{\"@type\":\"Organization\",\"@id\":\"https:\/\/www.globecar.com\/es\/#organization\",\"name\":\"Globe Car & Truck Rental\",\"alternateName\":\"GlobeCar\",\"url\":\"https:\/\/www.globecar.com\/es\/\",\"logo\":{\"@type\":\"ImageObject\",\"inLanguage\":\"es\",\"@id\":\"https:\/\/www.globecar.com\/es\/#\/schema\/logo\/image\/\",\"url\":\"https:\/\/www.globecar.com\/wp-content\/uploads\/2023\/12\/thumbnail_logo_final-1.jpg\",\"contentUrl\":\"https:\/\/www.globecar.com\/wp-content\/uploads\/2023\/12\/thumbnail_logo_final-1.jpg\",\"width\":555,\"height\":555,\"caption\":\"Globe Car & Truck Rental\"},\"image\":{\"@id\":\"https:\/\/www.globecar.com\/es\/#\/schema\/logo\/image\/\"},\"sameAs\":[\"https:\/\/www.facebook.com\/GlobeCar\",\"https:\/\/x.com\/GlobeCar\",\"https:\/\/mastodon.social\/@globecar\",\"https:\/\/www.instagram.com\/globecar\/\",\"https:\/\/www.linkedin.com\/company\/globecar\/\",\"https:\/\/www.pinterest.com\/globecar\",\"https:\/\/www.youtube.com\/c\/GlobecarRentals\"]}]}<\/script>\n<!-- \/ Yoast SEO Premium plugin. -->","yoast_head_json":{"title":"Alquiler de coches para una semana | Alquiler de coches y camiones Globe en Montreal","description":"Alquileres semanales a partir de 89,95 $\/semana. Alquile un coche por semanas y ahorre mucho dinero con GPS gratuito y asistencia en carretera gratuita en todos los alquileres.","robots":{"index":"index","follow":"follow","max-snippet":"max-snippet:-1","max-image-preview":"max-image-preview:large","max-video-preview":"max-video-preview:-1"},"canonical":"https:\/\/www.globecar.com\/es\/alquiler-de-coches\/semanal\/","og_locale":"es_ES","og_type":"article","og_title":"Semanal","og_description":"Alquile un coche durante una semana y disfrute de la libertad. A menudo, el alquiler semanal puede costar tan poco como el alquiler por 3-4 d\u00edas. Cuanto","og_url":"https:\/\/www.globecar.com\/es\/alquiler-de-coches\/semanal\/","og_site_name":"Alquiler de coches y camiones Globe en Montreal","article_publisher":"https:\/\/www.facebook.com\/GlobeCar","article_modified_time":"2024-05-08T13:00:20+00:00","og_image":[{"width":555,"height":555,"url":"https:\/\/www.globecar.com\/wp-content\/uploads\/2023\/12\/thumbnail_logo_final-1.jpg","type":"image\/jpeg"}],"twitter_card":"summary_large_image","twitter_site":"@GlobeCar","twitter_misc":{"Tiempo de lectura":"2 minutos"},"schema":{"@context":"https:\/\/schema.org","@graph":[{"@type":"WebPage","@id":"https:\/\/www.globecar.com\/es\/alquiler-de-coches\/semanal\/","url":"https:\/\/www.globecar.com\/es\/alquiler-de-coches\/semanal\/","name":"Alquiler de coches para una semana | Alquiler de coches y camiones Globe en Montreal","isPartOf":{"@id":"https:\/\/www.globecar.com\/es\/#website"},"datePublished":"2024-03-19T18:06:59+00:00","dateModified":"2024-05-08T13:00:20+00:00","description":"Alquileres semanales a partir de 89,95 $\/semana. Alquile un coche por semanas y ahorre mucho dinero con GPS gratuito y asistencia en carretera gratuita en todos los alquileres.","breadcrumb":{"@id":"https:\/\/www.globecar.com\/es\/alquiler-de-coches\/semanal\/#breadcrumb"},"inLanguage":"es","potentialAction":[{"@type":"ReadAction","target":["https:\/\/www.globecar.com\/es\/alquiler-de-coches\/semanal\/"]}]},{"@type":"BreadcrumbList","@id":"https:\/\/www.globecar.com\/es\/alquiler-de-coches\/semanal\/#breadcrumb","itemListElement":[{"@type":"ListItem","position":1,"name":"Inicio","item":"https:\/\/www.globecar.com\/es\/"},{"@type":"ListItem","position":2,"name":"Alquiler de coches","item":"https:\/\/www.globecar.com\/es\/alquiler-de-coches\/"},{"@type":"ListItem","position":3,"name":"Semanal"}]},{"@type":"WebSite","@id":"https:\/\/www.globecar.com\/es\/#website","url":"https:\/\/www.globecar.com\/es\/","name":"Globe Location d'Autos et Camions \u00e0 Montr\u00e9al","description":"Drive 4 Less","publisher":{"@id":"https:\/\/www.globecar.com\/es\/#organization"},"alternateName":"GlobeCar","potentialAction":[{"@type":"SearchAction","target":{"@type":"EntryPoint","urlTemplate":"https:\/\/www.globecar.com\/es\/?s={search_term_string}"},"query-input":{"@type":"PropertyValueSpecification","valueRequired":true,"valueName":"search_term_string"}}],"inLanguage":"es"},{"@type":"Organization","@id":"https:\/\/www.globecar.com\/es\/#organization","name":"Globe Car & Truck Rental","alternateName":"GlobeCar","url":"https:\/\/www.globecar.com\/es\/","logo":{"@type":"ImageObject","inLanguage":"es","@id":"https:\/\/www.globecar.com\/es\/#\/schema\/logo\/image\/","url":"https:\/\/www.globecar.com\/wp-content\/uploads\/2023\/12\/thumbnail_logo_final-1.jpg","contentUrl":"https:\/\/www.globecar.com\/wp-content\/uploads\/2023\/12\/thumbnail_logo_final-1.jpg","width":555,"height":555,"caption":"Globe Car & Truck Rental"},"image":{"@id":"https:\/\/www.globecar.com\/es\/#\/schema\/logo\/image\/"},"sameAs":["https:\/\/www.facebook.com\/GlobeCar","https:\/\/x.com\/GlobeCar","https:\/\/mastodon.social\/@globecar","https:\/\/www.instagram.com\/globecar\/","https:\/\/www.linkedin.com\/company\/globecar\/","https:\/\/www.pinterest.com\/globecar","https:\/\/www.youtube.com\/c\/GlobecarRentals"]}]}},"jetpack_sharing_enabled":true,"jetpack_shortlink":"https:\/\/wp.me\/PaiT2D-3zT","_links":{"self":[{"href":"https:\/\/www.globecar.com\/es\/wp-json\/wp\/v2\/pages\/13757","targetHints":{"allow":["GET"]}}],"collection":[{"href":"https:\/\/www.globecar.com\/es\/wp-json\/wp\/v2\/pages"}],"about":[{"href":"https:\/\/www.globecar.com\/es\/wp-json\/wp\/v2\/types\/page"}],"author":[{"embeddable":true,"href":"https:\/\/www.globecar.com\/es\/wp-json\/wp\/v2\/users\/1"}],"replies":[{"embeddable":true,"href":"https:\/\/www.globecar.com\/es\/wp-json\/wp\/v2\/comments?post=13757"}],"version-history":[{"count":0,"href":"https:\/\/www.globecar.com\/es\/wp-json\/wp\/v2\/pages\/13757\/revisions"}],"up":[{"embeddable":true,"href":"https:\/\/www.globecar.com\/es\/wp-json\/wp\/v2\/pages\/13728"}],"wp:attachment":[{"href":"https:\/\/www.globecar.com\/es\/wp-json\/wp\/v2\/media?parent=13757"}],"curies":[{"name":"wp","href":"https:\/\/api.w.org\/{rel}","templated":true}]}}