{"id":13755,"date":"2024-03-19T14:06:59","date_gmt":"2024-03-19T18:06:59","guid":{"rendered":"https:\/\/www.globecar.com\/alquiler-de-coches\/mensualmente\/"},"modified":"2024-05-08T09:00:09","modified_gmt":"2024-05-08T13:00:09","slug":"mensualmente","status":"publish","type":"page","link":"https:\/\/www.globecar.com\/es\/alquiler-de-coches\/mensualmente\/","title":{"rendered":"Mensualmente"},"content":{"rendered":"<div class=\"wpb-content-wrapper\"><p>[vc_row content_placement=\u00bbmiddle\u00bb is_header=\u00bbtrue\u00bb][vc_column width=\u00bb2\/3&#8243;][vc_column_text]<\/p>\n<h1>\u00bfNecesita un coche para un mes?<\/h1>\n<h2>Alquiler mensual de coches = gran ahorro de tiempo.<\/h2>\n<p>Nuestras tarifas mensuales comienzan en s\u00f3lo $ 795 \/ Mes * Claro, usted puede arrendar un coche para 36 o 48 meses y pagar $ 450, pero usted est\u00e1 atascado con ese mismo coche para el conjunto de 3 a\u00f1os o m\u00e1s. No puedes salirte del arrendamiento a menos que encuentres a alguien que se haga cargo. Tambi\u00e9n tienes que calcular el mantenimiento, el seguro, las matr\u00edculas, los neum\u00e1ticos de invierno, etc. &#8230;. que suman 300-400 $\/mes extra. Con Globe, lo coges durante un mes y puedes cambiar de coche en funci\u00f3n de tus necesidades. La flexibilidad es clave. Puedes elegir parar el contrato de alquiler cuando quieras para ahorrar dinero cuando no est\u00e9s usando el coche y continuar cuando lo necesites de nuevo. A menudo, sobre la base de un alquiler de 30 d\u00edas, sale a s\u00f3lo 25-30 $\/d\u00eda. Esta es la tarifa de alquiler de coches m\u00e1s barata posible en cualquier lugar.[\/vc_column_text][\/vc_column][vc_column width=\u00bb1\/3&#8243;][vc_single_image image=\u00bb9977&#8243; img_size=\u00bbfull\u00bb alignment=\u00bbcenter\u00bb][\/vc_column][\/vc_row][vc_section is_container=\u00bbtrue\u00bb][vc_row][vc_column][vc_column_text]<\/p>\n<h3>\u00bfPor qu\u00e9 alquilar por meses?<\/h3>\n<h2><\/h2>\n<p>[\/vc_column_text][vc_toggle title=\u00bbAhorrar dinero\u00bb]<span style=\"font-weight: 400;\">Cuanto m\u00e1s tiempo alquiles, m\u00e1s barata ser\u00e1 la tarifa. Es matem\u00e1tica simple. Globe se compromete a ser el l\u00edder en precios de alquiler de coches mensuales en Montreal.<\/span>[\/vc_toggle][vc_toggle title=\u00bbCambiar de coche cada mes\u00bb]<span style=\"font-weight: 400;\">S\u00ed, ha le\u00eddo bien. Si alquilas mes a mes, puedes subir de categor\u00eda, bajar de categor\u00eda o cambiar de color en cada alquiler. Flexibilidad al alcance de la mano.<\/span>[\/vc_toggle][vc_toggle title=\u00bbEntre un trabajo y otro\u00bb]<span style=\"font-weight: 400;\">No est\u00e1s seguro de lo que haces, esperas un traslado, est\u00e1s pensando en mudarte o simplemente eres un estudiante que se ha mudado a esta ciudad&#8230; entonces consigue un coche para un mes y no te estreses.<\/span>[\/vc_toggle][vc_toggle title=\u00bbProbar antes de comprar\u00bb]<span style=\"font-weight: 400;\">\u00bfQuiere <a href=\"https:\/\/www.globecar.com\/es\/comprar-un-coche\/\">comprar un coche<\/a>? Alquila siempre un coche antes de comprarlo. Un d\u00eda no es suficiente. Es necesario vivir en ella durante <a href=\"https:\/\/www.globecar.com\/es\/alquiler-de-coches\/semanal\/\">una semana<\/a> por lo menos antes de tenedor de su dinero duramente ganado y obtener el bloqueo en arrendamiento a largo plazo.<\/span>[\/vc_toggle][vc_toggle title=\u00bbPedir un coche nuevo\u00bb]<span style=\"font-weight: 400;\">Gran soluci\u00f3n para alquilar un coche mientras esperas a que llegue tu coche. A veces, el color o el equipamiento del coche no est\u00e1n disponibles para su entrega inmediata. Conseguir un alquiler por un mes es perfecto.<\/span>[\/vc_toggle][vc_column_text css=\u00bb.vc_custom_1530207455704{margin-top: 2em !important;}\u00bb]<\/p>\n<div class=\"disclaimer\" style=\"border-top: none;\">\n<p><span style=\"font-weight: 400;\">*El precio es para un compacto en las sucursales participantes. Los precios pueden ser m\u00e1s altos y est\u00e1n sujetos a fluctuaciones y a tasas e impuestos obligatorios.<\/span><\/p>\n<\/div>\n<p>[\/vc_column_text][\/vc_column][\/vc_row][\/vc_section]<\/p>\n<\/div>","protected":false},"excerpt":{"rendered":"<p>[vc_row content_placement=\u00bbmiddle\u00bb is_header=\u00bbtrue\u00bb][vc_column width=\u00bb2\/3&#8243;][vc_column_text] \u00bfNecesita un coche para un mes? Alquiler mensual de coches = gran ahorro de tiempo. Nuestras tarifas mensuales comienzan en s\u00f3lo $ 795 \/ Mes * Claro, usted puede arrendar un coche para 36 o 48 meses y pagar $ 450, pero usted est\u00e1 atascado con ese mismo coche para el [&hellip;]<\/p>\n","protected":false},"author":1,"featured_media":0,"parent":13728,"menu_order":0,"comment_status":"closed","ping_status":"closed","template":"","meta":{"_acf_changed":false,"_genesis_hide_title":false,"_genesis_hide_breadcrumbs":false,"_genesis_hide_singular_image":false,"_genesis_hide_footer_widgets":false,"_genesis_custom_body_class":"","_genesis_custom_post_class":"","_genesis_layout":"","jetpack_post_was_ever_published":false,"footnotes":""},"class_list":{"0":"post-13755","1":"page","2":"type-page","3":"status-publish","5":"entry","6":"has-post-thumbnail"},"acf":[],"yoast_head":"<!-- This site is optimized with the Yoast SEO Premium plugin v27.1 (Yoast SEO v27.1.1) - https:\/\/yoast.com\/product\/yoast-seo-premium-wordpress\/ -->\n<title>Alquiler mensual de coches | Alquiler de coches y camiones Globe en Montreal<\/title>\n<meta name=\"description\" content=\"Alquiler de coches baratos en Montreal desde $795 al mes. \u00a1Encuentre un cami\u00f3n o SUV 4X4 de alquiler barato al precio m\u00e1s bajo!\" \/>\n<meta name=\"robots\" content=\"index, follow, max-snippet:-1, max-image-preview:large, max-video-preview:-1\" \/>\n<link rel=\"canonical\" href=\"https:\/\/www.globecar.com\/es\/alquiler-de-coches\/mensualmente\/\" \/>\n<meta property=\"og:locale\" content=\"es_ES\" \/>\n<meta property=\"og:type\" content=\"article\" \/>\n<meta property=\"og:title\" content=\"Mensualmente\" \/>\n<meta property=\"og:description\" content=\"\u00bfNecesita un coche para un mes? Alquiler mensual de coches = gran ahorro de tiempo. Nuestras tarifas mensuales comienzan en s\u00f3lo $ 795 \/ Mes * Claro,\" \/>\n<meta property=\"og:url\" content=\"https:\/\/www.globecar.com\/es\/alquiler-de-coches\/mensualmente\/\" \/>\n<meta property=\"og:site_name\" content=\"Alquiler de coches y camiones Globe en Montreal\" \/>\n<meta property=\"article:publisher\" content=\"https:\/\/www.facebook.com\/GlobeCar\" \/>\n<meta property=\"article:modified_time\" content=\"2024-05-08T13:00:09+00:00\" \/>\n<meta property=\"og:image\" content=\"https:\/\/www.globecar.com\/wp-content\/uploads\/2023\/12\/thumbnail_logo_final-1.jpg\" \/>\n\t<meta property=\"og:image:width\" content=\"555\" \/>\n\t<meta property=\"og:image:height\" content=\"555\" \/>\n\t<meta property=\"og:image:type\" content=\"image\/jpeg\" \/>\n<meta name=\"twitter:card\" content=\"summary_large_image\" \/>\n<meta name=\"twitter:site\" content=\"@GlobeCar\" \/>\n<meta name=\"twitter:label1\" content=\"Tiempo de lectura\" \/>\n\t<meta name=\"twitter:data1\" content=\"2 minutos\" \/>\n<script type=\"application\/ld+json\" class=\"yoast-schema-graph\">{\"@context\":\"https:\/\/schema.org\",\"@graph\":[{\"@type\":\"WebPage\",\"@id\":\"https:\/\/www.globecar.com\/es\/alquiler-de-coches\/mensualmente\/\",\"url\":\"https:\/\/www.globecar.com\/es\/alquiler-de-coches\/mensualmente\/\",\"name\":\"Alquiler mensual de coches | Alquiler de coches y camiones Globe en Montreal\",\"isPartOf\":{\"@id\":\"https:\/\/www.globecar.com\/es\/#website\"},\"datePublished\":\"2024-03-19T18:06:59+00:00\",\"dateModified\":\"2024-05-08T13:00:09+00:00\",\"description\":\"Alquiler de coches baratos en Montreal desde $795 al mes. \u00a1Encuentre un cami\u00f3n o SUV 4X4 de alquiler barato al precio m\u00e1s bajo!\",\"breadcrumb\":{\"@id\":\"https:\/\/www.globecar.com\/es\/alquiler-de-coches\/mensualmente\/#breadcrumb\"},\"inLanguage\":\"es\",\"potentialAction\":[{\"@type\":\"ReadAction\",\"target\":[\"https:\/\/www.globecar.com\/es\/alquiler-de-coches\/mensualmente\/\"]}]},{\"@type\":\"BreadcrumbList\",\"@id\":\"https:\/\/www.globecar.com\/es\/alquiler-de-coches\/mensualmente\/#breadcrumb\",\"itemListElement\":[{\"@type\":\"ListItem\",\"position\":1,\"name\":\"Inicio\",\"item\":\"https:\/\/www.globecar.com\/es\/\"},{\"@type\":\"ListItem\",\"position\":2,\"name\":\"Alquiler de coches\",\"item\":\"https:\/\/www.globecar.com\/es\/alquiler-de-coches\/\"},{\"@type\":\"ListItem\",\"position\":3,\"name\":\"Mensualmente\"}]},{\"@type\":\"WebSite\",\"@id\":\"https:\/\/www.globecar.com\/es\/#website\",\"url\":\"https:\/\/www.globecar.com\/es\/\",\"name\":\"Globe Location d'Autos et Camions \u00e0 Montr\u00e9al\",\"description\":\"Drive 4 Less\",\"publisher\":{\"@id\":\"https:\/\/www.globecar.com\/es\/#organization\"},\"alternateName\":\"GlobeCar\",\"potentialAction\":[{\"@type\":\"SearchAction\",\"target\":{\"@type\":\"EntryPoint\",\"urlTemplate\":\"https:\/\/www.globecar.com\/es\/?s={search_term_string}\"},\"query-input\":{\"@type\":\"PropertyValueSpecification\",\"valueRequired\":true,\"valueName\":\"search_term_string\"}}],\"inLanguage\":\"es\"},{\"@type\":\"Organization\",\"@id\":\"https:\/\/www.globecar.com\/es\/#organization\",\"name\":\"Globe Car & Truck Rental\",\"alternateName\":\"GlobeCar\",\"url\":\"https:\/\/www.globecar.com\/es\/\",\"logo\":{\"@type\":\"ImageObject\",\"inLanguage\":\"es\",\"@id\":\"https:\/\/www.globecar.com\/es\/#\/schema\/logo\/image\/\",\"url\":\"https:\/\/www.globecar.com\/wp-content\/uploads\/2023\/12\/thumbnail_logo_final-1.jpg\",\"contentUrl\":\"https:\/\/www.globecar.com\/wp-content\/uploads\/2023\/12\/thumbnail_logo_final-1.jpg\",\"width\":555,\"height\":555,\"caption\":\"Globe Car & Truck Rental\"},\"image\":{\"@id\":\"https:\/\/www.globecar.com\/es\/#\/schema\/logo\/image\/\"},\"sameAs\":[\"https:\/\/www.facebook.com\/GlobeCar\",\"https:\/\/x.com\/GlobeCar\",\"https:\/\/mastodon.social\/@globecar\",\"https:\/\/www.instagram.com\/globecar\/\",\"https:\/\/www.linkedin.com\/company\/globecar\/\",\"https:\/\/www.pinterest.com\/globecar\",\"https:\/\/www.youtube.com\/c\/GlobecarRentals\"]}]}<\/script>\n<!-- \/ Yoast SEO Premium plugin. -->","yoast_head_json":{"title":"Alquiler mensual de coches | Alquiler de coches y camiones Globe en Montreal","description":"Alquiler de coches baratos en Montreal desde $795 al mes. \u00a1Encuentre un cami\u00f3n o SUV 4X4 de alquiler barato al precio m\u00e1s bajo!","robots":{"index":"index","follow":"follow","max-snippet":"max-snippet:-1","max-image-preview":"max-image-preview:large","max-video-preview":"max-video-preview:-1"},"canonical":"https:\/\/www.globecar.com\/es\/alquiler-de-coches\/mensualmente\/","og_locale":"es_ES","og_type":"article","og_title":"Mensualmente","og_description":"\u00bfNecesita un coche para un mes? Alquiler mensual de coches = gran ahorro de tiempo. Nuestras tarifas mensuales comienzan en s\u00f3lo $ 795 \/ Mes * Claro,","og_url":"https:\/\/www.globecar.com\/es\/alquiler-de-coches\/mensualmente\/","og_site_name":"Alquiler de coches y camiones Globe en Montreal","article_publisher":"https:\/\/www.facebook.com\/GlobeCar","article_modified_time":"2024-05-08T13:00:09+00:00","og_image":[{"width":555,"height":555,"url":"https:\/\/www.globecar.com\/wp-content\/uploads\/2023\/12\/thumbnail_logo_final-1.jpg","type":"image\/jpeg"}],"twitter_card":"summary_large_image","twitter_site":"@GlobeCar","twitter_misc":{"Tiempo de lectura":"2 minutos"},"schema":{"@context":"https:\/\/schema.org","@graph":[{"@type":"WebPage","@id":"https:\/\/www.globecar.com\/es\/alquiler-de-coches\/mensualmente\/","url":"https:\/\/www.globecar.com\/es\/alquiler-de-coches\/mensualmente\/","name":"Alquiler mensual de coches | Alquiler de coches y camiones Globe en Montreal","isPartOf":{"@id":"https:\/\/www.globecar.com\/es\/#website"},"datePublished":"2024-03-19T18:06:59+00:00","dateModified":"2024-05-08T13:00:09+00:00","description":"Alquiler de coches baratos en Montreal desde $795 al mes. \u00a1Encuentre un cami\u00f3n o SUV 4X4 de alquiler barato al precio m\u00e1s bajo!","breadcrumb":{"@id":"https:\/\/www.globecar.com\/es\/alquiler-de-coches\/mensualmente\/#breadcrumb"},"inLanguage":"es","potentialAction":[{"@type":"ReadAction","target":["https:\/\/www.globecar.com\/es\/alquiler-de-coches\/mensualmente\/"]}]},{"@type":"BreadcrumbList","@id":"https:\/\/www.globecar.com\/es\/alquiler-de-coches\/mensualmente\/#breadcrumb","itemListElement":[{"@type":"ListItem","position":1,"name":"Inicio","item":"https:\/\/www.globecar.com\/es\/"},{"@type":"ListItem","position":2,"name":"Alquiler de coches","item":"https:\/\/www.globecar.com\/es\/alquiler-de-coches\/"},{"@type":"ListItem","position":3,"name":"Mensualmente"}]},{"@type":"WebSite","@id":"https:\/\/www.globecar.com\/es\/#website","url":"https:\/\/www.globecar.com\/es\/","name":"Globe Location d'Autos et Camions \u00e0 Montr\u00e9al","description":"Drive 4 Less","publisher":{"@id":"https:\/\/www.globecar.com\/es\/#organization"},"alternateName":"GlobeCar","potentialAction":[{"@type":"SearchAction","target":{"@type":"EntryPoint","urlTemplate":"https:\/\/www.globecar.com\/es\/?s={search_term_string}"},"query-input":{"@type":"PropertyValueSpecification","valueRequired":true,"valueName":"search_term_string"}}],"inLanguage":"es"},{"@type":"Organization","@id":"https:\/\/www.globecar.com\/es\/#organization","name":"Globe Car & Truck Rental","alternateName":"GlobeCar","url":"https:\/\/www.globecar.com\/es\/","logo":{"@type":"ImageObject","inLanguage":"es","@id":"https:\/\/www.globecar.com\/es\/#\/schema\/logo\/image\/","url":"https:\/\/www.globecar.com\/wp-content\/uploads\/2023\/12\/thumbnail_logo_final-1.jpg","contentUrl":"https:\/\/www.globecar.com\/wp-content\/uploads\/2023\/12\/thumbnail_logo_final-1.jpg","width":555,"height":555,"caption":"Globe Car & Truck Rental"},"image":{"@id":"https:\/\/www.globecar.com\/es\/#\/schema\/logo\/image\/"},"sameAs":["https:\/\/www.facebook.com\/GlobeCar","https:\/\/x.com\/GlobeCar","https:\/\/mastodon.social\/@globecar","https:\/\/www.instagram.com\/globecar\/","https:\/\/www.linkedin.com\/company\/globecar\/","https:\/\/www.pinterest.com\/globecar","https:\/\/www.youtube.com\/c\/GlobecarRentals"]}]}},"jetpack_sharing_enabled":true,"jetpack_shortlink":"https:\/\/wp.me\/PaiT2D-3zR","_links":{"self":[{"href":"https:\/\/www.globecar.com\/es\/wp-json\/wp\/v2\/pages\/13755","targetHints":{"allow":["GET"]}}],"collection":[{"href":"https:\/\/www.globecar.com\/es\/wp-json\/wp\/v2\/pages"}],"about":[{"href":"https:\/\/www.globecar.com\/es\/wp-json\/wp\/v2\/types\/page"}],"author":[{"embeddable":true,"href":"https:\/\/www.globecar.com\/es\/wp-json\/wp\/v2\/users\/1"}],"replies":[{"embeddable":true,"href":"https:\/\/www.globecar.com\/es\/wp-json\/wp\/v2\/comments?post=13755"}],"version-history":[{"count":0,"href":"https:\/\/www.globecar.com\/es\/wp-json\/wp\/v2\/pages\/13755\/revisions"}],"up":[{"embeddable":true,"href":"https:\/\/www.globecar.com\/es\/wp-json\/wp\/v2\/pages\/13728"}],"wp:attachment":[{"href":"https:\/\/www.globecar.com\/es\/wp-json\/wp\/v2\/media?parent=13755"}],"curies":[{"name":"wp","href":"https:\/\/api.w.org\/{rel}","templated":true}]}}