{"id":13753,"date":"2024-03-19T14:06:59","date_gmt":"2024-03-19T18:06:59","guid":{"rendered":"https:\/\/www.globecar.com\/alquiler-de-coches\/diario\/"},"modified":"2025-02-24T01:07:42","modified_gmt":"2025-02-24T06:07:42","slug":"diario","status":"publish","type":"page","link":"https:\/\/www.globecar.com\/es\/alquiler-de-coches\/diario\/","title":{"rendered":"Diario"},"content":{"rendered":"<div class=\"wpb-content-wrapper\"><p>[vc_row is_header=\u00bbtrue\u00bb][vc_column width=\u00bb2\/3&#8243;][vc_column_text]<\/p>\n<h1>\u00bfNecesitas un coche, furgoneta o cami\u00f3n para un solo d\u00eda?<\/h1>\n<h2>A veces, un alquiler de un d\u00eda es exactamente lo que necesita.<\/h2>\n<p>Haga todos sus recados en un solo d\u00eda y ahorre. El coche compartido no sirve porque, a menudo y en funci\u00f3n de la distancia, al cabo de unas horas resulta mucho m\u00e1s caro que el alquiler <a href=\"https:\/\/www.globecar.com\/es\/acerca-de\/alquiler-de-vehiculos-y-vehiculos-compartidos\/\">(ver comparaci\u00f3n detallada<\/a>). Dependiendo del plan de coche compartido que tengas, hacer 250 KMS en un d\u00eda te costar\u00e1 mucho m\u00e1s de lo presupuestado. Lea la letra peque\u00f1a y haga algunos c\u00e1lculos, descubrir\u00e1 que a menudo el alquiler de coches es una oferta mejor y m\u00e1s barata.[\/vc_column_text][\/vc_column][vc_column width=\u00bb1\/3&#8243;][vc_single_image image=\u00bb9306&#8243; img_size=\u00bbfull\u00bb alignment=\u00bbcenter\u00bb][\/vc_column][\/vc_row][vc_section is_container=\u00bbtrue\u00bb][vc_row][vc_column][vc_column_text]Los alquileres para el mismo d\u00eda se basan en la oferta y la demanda, pero las tarifas de los coches son baratas a pesar de todo, y le <a href=\"https:\/\/www.globecar.com\/es\/acerca-de\/garantia-de-igualacion-de-precios\/\">garantizamos<\/a> los precios m\u00e1s bajos para alquileres de coches 24 horas en Montreal. Toda la flota de Globe est\u00e1 disponible para alquileres de 1 d\u00eda, as\u00ed que elija entre nuestra <a href=\"https:\/\/www.globecar.com\/es\/vehiculos\/\">gran selecci\u00f3n de veh\u00edculos<\/a>, incluyendo compactos, coches de lujo, monovol\u00famenes, <a href=\"https:\/\/www.globecar.com\/es\/nuestros-vehiculos\/suvs\/\">SUV<\/a>, 4X4, <a href=\"https:\/\/www.globecar.com\/es\/nuestros-vehiculos\/camiones\/\">furgonetas y camiones<\/a>.<\/p>\n<p>Nota: Recoger el coche y devolverlo el mismo d\u00eda cuenta como 1 d\u00eda de alquiler.<\/p>\n<p>&nbsp;<\/p>\n<h3>Impresionante alquiler de un d\u00eda en Globe<\/h3>\n<p>[\/vc_column_text][vc_toggle title=\u00bbR\u00e1pido y sencillo\u00bb]Globe est\u00e1 a su disposici\u00f3n cuando lo necesite, especialmente en nuestros <a href=\"https:\/\/www.globecar.com\/es\/acerca-de\/quiosco\/\">quioscos<\/a>, que est\u00e1n abiertos los 7 d\u00edas de la semana hasta las 9 de la noche. Reserve desde su tel\u00e9fono o tableta con nuestro r\u00e1pido motor de reservas y <a href=\"https:\/\/www.globecar.com\/es\/acerca-de\/te-ahorramos-dinero\/\">ahorre<\/a> tiempo y dinero.[\/vc_toggle][vc_toggle title=\u00bbAlquilar antes de comprar\u00bb]\u00bfEst\u00e1 pensando en comprar <a href=\"https:\/\/www.globecar.com\/es\/comprar-un-coche\/\">un coche nuevo o<\/a> usado? \u00bfPor qu\u00e9 no alquilarlo primero antes de comprometerse a un alquiler a largo plazo o a la compra? Hazte una idea en uno, dos d\u00edas o una <a href=\"https:\/\/www.globecar.com\/es\/alquiler-de-coches\/semanal\/\">semana<\/a>. Aunque no garantizamos modelos o colores espec\u00edficos, nuestro equipo de flota le ayudar\u00e1 si tiene un modelo en mente, si es flexible con las fechas, es probable que podamos ayudarle.[\/vc_toggle][vc_toggle title=\u00bbViajes de negocios cortos\u00bb]En lugar de coger su coche, por qu\u00e9 no coger nuestro nuevo y fiable alquiler de coches y hacer una declaraci\u00f3n en uno de nuestros alquileres de lujo o SUV. \u00bfVas lejos? Opte por el <a href=\"https:\/\/www.globecar.com\/es\/servicios-adicionales\/kilometraje-ilimitado\/\">kilometraje ilimitado<\/a>, \u00a1y a\u00f1ada kilometraje a nuestro veh\u00edculo y no al suyo![\/vc_toggle][vc_toggle title=\u00bbAlquiler de coches para bodas\u00bb]Globe es conocida por ayudar a la gente a planificar su d\u00eda especial reservando un veh\u00edculo blanco o negro. Cuanto antes reserve su coche de alquiler para bodas, m\u00e1s probable ser\u00e1 que tengamos lo que necesita, incluso su propia caravana blanca :)[\/vc_toggle][vc_toggle title=\u00bbCamiones de mudanzas\u00bb]Globe ofrece furgonetas y <a href=\"https:\/\/www.globecar.com\/es\/alquiler-de-camiones\/\">camiones de mudanzas<\/a> de todos los tama\u00f1os para que su traslado sea f\u00e1cil y barato. Consulte nuestra detallada <a href=\"https:\/\/www.globecar.com\/es\/alquiler-de-camiones\/comparacion\/\">p\u00e1gina de comparaci\u00f3n de camiones de mudanzas<\/a> uno al lado del otro y determine qu\u00e9 tama\u00f1o de cami\u00f3n de alquiler necesita y cu\u00e1l es el mejor para usted.[\/vc_toggle][vc_toggle title=\u00bbViaje de ida\u00bb]Disponemos de ofertas de alquiler de ida baratas en toda nuestra flota de coches de alquiler. Ya sea para ir de una ciudad a otra, o de una sucursal a otra, Globe tiene el veh\u00edculo adecuado para hacerlo c\u00f3modo, factible y barato.[\/vc_toggle][vc_column_text css=\u00bb.vc_custom_1531838511779{margin-top: 2em !important;}\u00bb]<strong>No olvide a\u00f1adir kilometraje ilimitado o paquetes de kilometraje extra para los viajes muy largos.<\/strong>[\/vc_column_text][\/vc_column][\/vc_row][\/vc_section]<\/p>\n<\/div>","protected":false},"excerpt":{"rendered":"<p>[vc_row is_header=\u00bbtrue\u00bb][vc_column width=\u00bb2\/3&#8243;][vc_column_text] \u00bfNecesitas un coche, furgoneta o cami\u00f3n para un solo d\u00eda? A veces, un alquiler de un d\u00eda es exactamente lo que necesita. Haga todos sus recados en un solo d\u00eda y ahorre. El coche compartido no sirve porque, a menudo y en funci\u00f3n de la distancia, al cabo de unas horas resulta [&hellip;]<\/p>\n","protected":false},"author":1,"featured_media":0,"parent":13728,"menu_order":0,"comment_status":"closed","ping_status":"closed","template":"","meta":{"_acf_changed":false,"_genesis_hide_title":false,"_genesis_hide_breadcrumbs":false,"_genesis_hide_singular_image":false,"_genesis_hide_footer_widgets":false,"_genesis_custom_body_class":"","_genesis_custom_post_class":"","_genesis_layout":"","jetpack_post_was_ever_published":false,"footnotes":""},"class_list":{"0":"post-13753","1":"page","2":"type-page","3":"status-publish","5":"entry","6":"has-post-thumbnail"},"acf":[],"yoast_head":"<!-- This site is optimized with the Yoast SEO Premium plugin v27.1 (Yoast SEO v27.1.1) - https:\/\/yoast.com\/product\/yoast-seo-premium-wordpress\/ -->\n<title>Alquiler de coches diario | Alquiler de coches y camiones Globe en Montreal<\/title>\n<meta name=\"description\" content=\"Las tarifas diarias de alquiler de coches empiezan desde 27,95 $\/d\u00eda para coches y 37,95 $\/d\u00eda para furgonetas de carga y alquiler de camiones. \u00a1Ideal para alquiler a corto plazo!\" \/>\n<meta name=\"robots\" content=\"index, follow, max-snippet:-1, max-image-preview:large, max-video-preview:-1\" \/>\n<link rel=\"canonical\" href=\"https:\/\/www.globecar.com\/es\/alquiler-de-coches\/diario\/\" \/>\n<meta property=\"og:locale\" content=\"es_ES\" \/>\n<meta property=\"og:type\" content=\"article\" \/>\n<meta property=\"og:title\" content=\"Diario\" \/>\n<meta property=\"og:description\" content=\"\u00bfNecesitas un coche, furgoneta o cami\u00f3n para un solo d\u00eda? A veces, un alquiler de un d\u00eda es exactamente lo que necesita. Haga todos sus recados en un solo\" \/>\n<meta property=\"og:url\" content=\"https:\/\/www.globecar.com\/es\/alquiler-de-coches\/diario\/\" \/>\n<meta property=\"og:site_name\" content=\"Alquiler de coches y camiones Globe en Montreal\" \/>\n<meta property=\"article:publisher\" content=\"https:\/\/www.facebook.com\/GlobeCar\" \/>\n<meta property=\"article:modified_time\" content=\"2025-02-24T06:07:42+00:00\" \/>\n<meta property=\"og:image\" content=\"https:\/\/www.globecar.com\/wp-content\/uploads\/2023\/12\/thumbnail_logo_final-1.jpg\" \/>\n\t<meta property=\"og:image:width\" content=\"555\" \/>\n\t<meta property=\"og:image:height\" content=\"555\" \/>\n\t<meta property=\"og:image:type\" content=\"image\/jpeg\" \/>\n<meta name=\"twitter:card\" content=\"summary_large_image\" \/>\n<meta name=\"twitter:site\" content=\"@GlobeCar\" \/>\n<meta name=\"twitter:label1\" content=\"Tiempo de lectura\" \/>\n\t<meta name=\"twitter:data1\" content=\"3 minutos\" \/>\n<script type=\"application\/ld+json\" class=\"yoast-schema-graph\">{\"@context\":\"https:\/\/schema.org\",\"@graph\":[{\"@type\":\"WebPage\",\"@id\":\"https:\/\/www.globecar.com\/es\/alquiler-de-coches\/diario\/\",\"url\":\"https:\/\/www.globecar.com\/es\/alquiler-de-coches\/diario\/\",\"name\":\"Alquiler de coches diario | Alquiler de coches y camiones Globe en Montreal\",\"isPartOf\":{\"@id\":\"https:\/\/www.globecar.com\/es\/#website\"},\"datePublished\":\"2024-03-19T18:06:59+00:00\",\"dateModified\":\"2025-02-24T06:07:42+00:00\",\"description\":\"Las tarifas diarias de alquiler de coches empiezan desde 27,95 $\/d\u00eda para coches y 37,95 $\/d\u00eda para furgonetas de carga y alquiler de camiones. \u00a1Ideal para alquiler a corto plazo!\",\"breadcrumb\":{\"@id\":\"https:\/\/www.globecar.com\/es\/alquiler-de-coches\/diario\/#breadcrumb\"},\"inLanguage\":\"es\",\"potentialAction\":[{\"@type\":\"ReadAction\",\"target\":[\"https:\/\/www.globecar.com\/es\/alquiler-de-coches\/diario\/\"]}]},{\"@type\":\"BreadcrumbList\",\"@id\":\"https:\/\/www.globecar.com\/es\/alquiler-de-coches\/diario\/#breadcrumb\",\"itemListElement\":[{\"@type\":\"ListItem\",\"position\":1,\"name\":\"Inicio\",\"item\":\"https:\/\/www.globecar.com\/es\/\"},{\"@type\":\"ListItem\",\"position\":2,\"name\":\"Alquiler de coches\",\"item\":\"https:\/\/www.globecar.com\/es\/alquiler-de-coches\/\"},{\"@type\":\"ListItem\",\"position\":3,\"name\":\"Diario\"}]},{\"@type\":\"WebSite\",\"@id\":\"https:\/\/www.globecar.com\/es\/#website\",\"url\":\"https:\/\/www.globecar.com\/es\/\",\"name\":\"Globe Location d'Autos et Camions \u00e0 Montr\u00e9al\",\"description\":\"Drive 4 Less\",\"publisher\":{\"@id\":\"https:\/\/www.globecar.com\/es\/#organization\"},\"alternateName\":\"GlobeCar\",\"potentialAction\":[{\"@type\":\"SearchAction\",\"target\":{\"@type\":\"EntryPoint\",\"urlTemplate\":\"https:\/\/www.globecar.com\/es\/?s={search_term_string}\"},\"query-input\":{\"@type\":\"PropertyValueSpecification\",\"valueRequired\":true,\"valueName\":\"search_term_string\"}}],\"inLanguage\":\"es\"},{\"@type\":\"Organization\",\"@id\":\"https:\/\/www.globecar.com\/es\/#organization\",\"name\":\"Globe Car & Truck Rental\",\"alternateName\":\"GlobeCar\",\"url\":\"https:\/\/www.globecar.com\/es\/\",\"logo\":{\"@type\":\"ImageObject\",\"inLanguage\":\"es\",\"@id\":\"https:\/\/www.globecar.com\/es\/#\/schema\/logo\/image\/\",\"url\":\"https:\/\/www.globecar.com\/wp-content\/uploads\/2023\/12\/thumbnail_logo_final-1.jpg\",\"contentUrl\":\"https:\/\/www.globecar.com\/wp-content\/uploads\/2023\/12\/thumbnail_logo_final-1.jpg\",\"width\":555,\"height\":555,\"caption\":\"Globe Car & Truck Rental\"},\"image\":{\"@id\":\"https:\/\/www.globecar.com\/es\/#\/schema\/logo\/image\/\"},\"sameAs\":[\"https:\/\/www.facebook.com\/GlobeCar\",\"https:\/\/x.com\/GlobeCar\",\"https:\/\/mastodon.social\/@globecar\",\"https:\/\/www.instagram.com\/globecar\/\",\"https:\/\/www.linkedin.com\/company\/globecar\/\",\"https:\/\/www.pinterest.com\/globecar\",\"https:\/\/www.youtube.com\/c\/GlobecarRentals\"]}]}<\/script>\n<!-- \/ Yoast SEO Premium plugin. -->","yoast_head_json":{"title":"Alquiler de coches diario | Alquiler de coches y camiones Globe en Montreal","description":"Las tarifas diarias de alquiler de coches empiezan desde 27,95 $\/d\u00eda para coches y 37,95 $\/d\u00eda para furgonetas de carga y alquiler de camiones. \u00a1Ideal para alquiler a corto plazo!","robots":{"index":"index","follow":"follow","max-snippet":"max-snippet:-1","max-image-preview":"max-image-preview:large","max-video-preview":"max-video-preview:-1"},"canonical":"https:\/\/www.globecar.com\/es\/alquiler-de-coches\/diario\/","og_locale":"es_ES","og_type":"article","og_title":"Diario","og_description":"\u00bfNecesitas un coche, furgoneta o cami\u00f3n para un solo d\u00eda? A veces, un alquiler de un d\u00eda es exactamente lo que necesita. Haga todos sus recados en un solo","og_url":"https:\/\/www.globecar.com\/es\/alquiler-de-coches\/diario\/","og_site_name":"Alquiler de coches y camiones Globe en Montreal","article_publisher":"https:\/\/www.facebook.com\/GlobeCar","article_modified_time":"2025-02-24T06:07:42+00:00","og_image":[{"width":555,"height":555,"url":"https:\/\/www.globecar.com\/wp-content\/uploads\/2023\/12\/thumbnail_logo_final-1.jpg","type":"image\/jpeg"}],"twitter_card":"summary_large_image","twitter_site":"@GlobeCar","twitter_misc":{"Tiempo de lectura":"3 minutos"},"schema":{"@context":"https:\/\/schema.org","@graph":[{"@type":"WebPage","@id":"https:\/\/www.globecar.com\/es\/alquiler-de-coches\/diario\/","url":"https:\/\/www.globecar.com\/es\/alquiler-de-coches\/diario\/","name":"Alquiler de coches diario | Alquiler de coches y camiones Globe en Montreal","isPartOf":{"@id":"https:\/\/www.globecar.com\/es\/#website"},"datePublished":"2024-03-19T18:06:59+00:00","dateModified":"2025-02-24T06:07:42+00:00","description":"Las tarifas diarias de alquiler de coches empiezan desde 27,95 $\/d\u00eda para coches y 37,95 $\/d\u00eda para furgonetas de carga y alquiler de camiones. \u00a1Ideal para alquiler a corto plazo!","breadcrumb":{"@id":"https:\/\/www.globecar.com\/es\/alquiler-de-coches\/diario\/#breadcrumb"},"inLanguage":"es","potentialAction":[{"@type":"ReadAction","target":["https:\/\/www.globecar.com\/es\/alquiler-de-coches\/diario\/"]}]},{"@type":"BreadcrumbList","@id":"https:\/\/www.globecar.com\/es\/alquiler-de-coches\/diario\/#breadcrumb","itemListElement":[{"@type":"ListItem","position":1,"name":"Inicio","item":"https:\/\/www.globecar.com\/es\/"},{"@type":"ListItem","position":2,"name":"Alquiler de coches","item":"https:\/\/www.globecar.com\/es\/alquiler-de-coches\/"},{"@type":"ListItem","position":3,"name":"Diario"}]},{"@type":"WebSite","@id":"https:\/\/www.globecar.com\/es\/#website","url":"https:\/\/www.globecar.com\/es\/","name":"Globe Location d'Autos et Camions \u00e0 Montr\u00e9al","description":"Drive 4 Less","publisher":{"@id":"https:\/\/www.globecar.com\/es\/#organization"},"alternateName":"GlobeCar","potentialAction":[{"@type":"SearchAction","target":{"@type":"EntryPoint","urlTemplate":"https:\/\/www.globecar.com\/es\/?s={search_term_string}"},"query-input":{"@type":"PropertyValueSpecification","valueRequired":true,"valueName":"search_term_string"}}],"inLanguage":"es"},{"@type":"Organization","@id":"https:\/\/www.globecar.com\/es\/#organization","name":"Globe Car & Truck Rental","alternateName":"GlobeCar","url":"https:\/\/www.globecar.com\/es\/","logo":{"@type":"ImageObject","inLanguage":"es","@id":"https:\/\/www.globecar.com\/es\/#\/schema\/logo\/image\/","url":"https:\/\/www.globecar.com\/wp-content\/uploads\/2023\/12\/thumbnail_logo_final-1.jpg","contentUrl":"https:\/\/www.globecar.com\/wp-content\/uploads\/2023\/12\/thumbnail_logo_final-1.jpg","width":555,"height":555,"caption":"Globe Car & Truck Rental"},"image":{"@id":"https:\/\/www.globecar.com\/es\/#\/schema\/logo\/image\/"},"sameAs":["https:\/\/www.facebook.com\/GlobeCar","https:\/\/x.com\/GlobeCar","https:\/\/mastodon.social\/@globecar","https:\/\/www.instagram.com\/globecar\/","https:\/\/www.linkedin.com\/company\/globecar\/","https:\/\/www.pinterest.com\/globecar","https:\/\/www.youtube.com\/c\/GlobecarRentals"]}]}},"jetpack_sharing_enabled":true,"jetpack_shortlink":"https:\/\/wp.me\/PaiT2D-3zP","_links":{"self":[{"href":"https:\/\/www.globecar.com\/es\/wp-json\/wp\/v2\/pages\/13753","targetHints":{"allow":["GET"]}}],"collection":[{"href":"https:\/\/www.globecar.com\/es\/wp-json\/wp\/v2\/pages"}],"about":[{"href":"https:\/\/www.globecar.com\/es\/wp-json\/wp\/v2\/types\/page"}],"author":[{"embeddable":true,"href":"https:\/\/www.globecar.com\/es\/wp-json\/wp\/v2\/users\/1"}],"replies":[{"embeddable":true,"href":"https:\/\/www.globecar.com\/es\/wp-json\/wp\/v2\/comments?post=13753"}],"version-history":[{"count":0,"href":"https:\/\/www.globecar.com\/es\/wp-json\/wp\/v2\/pages\/13753\/revisions"}],"up":[{"embeddable":true,"href":"https:\/\/www.globecar.com\/es\/wp-json\/wp\/v2\/pages\/13728"}],"wp:attachment":[{"href":"https:\/\/www.globecar.com\/es\/wp-json\/wp\/v2\/media?parent=13753"}],"curies":[{"name":"wp","href":"https:\/\/api.w.org\/{rel}","templated":true}]}}