{"id":13737,"date":"2024-03-19T14:06:56","date_gmt":"2024-03-19T18:06:56","guid":{"rendered":"https:\/\/www.globecar.com\/servicios-adicionales\/"},"modified":"2024-05-08T09:09:53","modified_gmt":"2024-05-08T13:09:53","slug":"servicios-adicionales","status":"publish","type":"page","link":"https:\/\/www.globecar.com\/es\/servicios-adicionales\/","title":{"rendered":"Servicios adicionales"},"content":{"rendered":"<div class=\"wpb-content-wrapper\"><p>[vc_row is_header=\u00bbtrue\u00bb][vc_column][vc_column_text]<\/p>\n<h1>Servicios adicionales y complementos para su alquiler de coches<\/h1>\n<p>Alquilar un coche en Globe es muy f\u00e1cil e intuitivo, lo que le permite mejorar la experiencia completa de alquiler de coches con servicios beneficiosos que mejoran su viaje y le protegen. Una vez que haya seleccionado su coche de alquiler en el paso 2 del proceso de reserva, puede optar por servicios adicionales para asegurarse de que tiene todo lo que necesita. Todo lo que necesita saber se expone de forma completa y transparente, sin ataduras.[\/vc_column_text][\/vc_column][\/vc_row][vc_section is_container=\u00bbtrue\u00bb][vc_row is_grid=\u00bbtrue\u00bb el_class=\u00bbglobe-car-gap\u00bb][vc_column width=\u00bb1\/3&#8243;]\n\t\t<div class=\"overlay-box flip-container\" ontouchstart=\"this.classList.toggle('hover');\">\n\t\t\t<div class=\"mini-wrap flipper\">\n\t\t\t\t<div class=\"front\"><div><img decoding=\"async\" width=\"76\" height=\"59\" src=\"https:\/\/www.globecar.com\/wp-content\/uploads\/2017\/09\/additional-drivers.png\" class=\"attachment-full size-full\" alt=\"additional-drivers\" srcset=\"https:\/\/www.globecar.com\/wp-content\/uploads\/2017\/09\/additional-drivers.png 76w, https:\/\/www.globecar.com\/wp-content\/uploads\/2017\/09\/additional-drivers-68x53.png 68w\" sizes=\"(max-width: 76px) 100vw, 76px\" \/><h3>Conductores adicionales<\/h3><\/div><\/div>\n\t\t\t\t<div class=\"back\"><div><h3>Conductores adicionales<\/h3><div class=\"content\">Puede compartir su experiencia de conducci\u00f3n con amigos y familiares en un coche de alquiler de alta calidad de su elecci\u00f3n. No hay nada mejor que la buena compa\u00f1\u00eda, compartir la carretera y, sobre todo, compartir los recuerdos. Nota: s\u00f3lo las personas autorizadas y nombradas en el contrato pueden conducir el veh\u00edculo.<br\/><a class=\"calltoaction\" href=\"https:\/\/globecar.com\/es\/servicios-adicionales\/additional-drivers\/\">M\u00e1s<\/a><\/div><\/div><\/div><\/div>\n\t\t<\/div>[\/vc_column][vc_column width=\u00bb1\/3&#8243;]\n\t\t<div class=\"overlay-box flip-container\" ontouchstart=\"this.classList.toggle('hover');\">\n\t\t\t<div class=\"mini-wrap flipper\">\n\t\t\t\t<div class=\"front\"><div><img decoding=\"async\" width=\"60\" height=\"75\" src=\"https:\/\/www.globecar.com\/wp-content\/uploads\/2017\/09\/car-seats.png\" class=\"attachment-full size-full\" alt=\"car seats\" srcset=\"https:\/\/www.globecar.com\/wp-content\/uploads\/2017\/09\/car-seats.png 60w, https:\/\/www.globecar.com\/wp-content\/uploads\/2017\/09\/car-seats-54x68.png 54w\" sizes=\"(max-width: 60px) 100vw, 60px\" \/><h3>Asientos de coche<\/h3><\/div><\/div>\n\t\t\t\t<div class=\"back\"><div><h3>Asientos de coche<\/h3><div class=\"content\">La ley exige un asiento infantil o elevador para todos los ni\u00f1os de una determinada categor\u00eda de peso\/altura que ocupen un veh\u00edculo de alquiler en Ontario y Quebec. Globe ofrece tanto asientos infantiles como elevadores para todos los veh\u00edculos.<br\/><a class=\"calltoaction\" href=\"https:\/\/globecar.com\/es\/servicios-adicionales\/sillas-de-coche\/\">M\u00e1s<\/a><\/div><\/div><\/div><\/div>\n\t\t<\/div>[\/vc_column][vc_column width=\u00bb1\/3&#8243;]\n\t\t<div class=\"overlay-box flip-container\" ontouchstart=\"this.classList.toggle('hover');\">\n\t\t\t<div class=\"mini-wrap flipper\">\n\t\t\t\t<div class=\"front\"><div><img decoding=\"async\" width=\"72\" height=\"72\" src=\"https:\/\/www.globecar.com\/wp-content\/uploads\/2017\/08\/why-globe_free-gps.png\" class=\"attachment-full size-full\" alt=\"Free GPS\" \/><h3>GPS gratuito<\/h3><\/div><\/div>\n\t\t\t\t<div class=\"back\"><div><h3>GPS gratuito<\/h3><div class=\"content\">No hay nada mejor que un GPS manos libres. D\u00e9jenos hacerle la vida m\u00e1s f\u00e1cil &#8211; Un GPS GRATUITO con cada alquiler de coche con nosotros, nunca volver\u00e1 a perderse (Valor: $12.95\/d\u00eda). Indicaciones multiling\u00fces giro a giro, millones de puntos de inter\u00e9s, gasolineras y \u00e1reas de descanso m\u00e1s cercanas, y mucho m\u00e1s.<br\/><a class=\"calltoaction\" href=\"https:\/\/www.globecar.com\/es\/servicios-adicionales\/free-gps\/\">M\u00e1s<\/a><\/div><\/div><\/div><\/div>\n\t\t<\/div>[\/vc_column][\/vc_row][vc_row is_grid=\u00bbtrue\u00bb el_class=\u00bbglobe-car-gap\u00bb][vc_column width=\u00bb1\/3&#8243;]\n\t\t<div class=\"overlay-box flip-container\" ontouchstart=\"this.classList.toggle('hover');\">\n\t\t\t<div class=\"mini-wrap flipper\">\n\t\t\t\t<div class=\"front\"><div><img decoding=\"async\" width=\"72\" height=\"58\" src=\"https:\/\/www.globecar.com\/wp-content\/uploads\/2017\/08\/why-globe_roadside-assistance.png\" class=\"attachment-full size-full\" alt=\"why-globe_roadside-assistance\" \/><h3>Asistencia en carretera gratuita<\/h3><\/div><\/div>\n\t\t\t\t<div class=\"back\"><div><h3>Asistencia en carretera gratuita<\/h3><div class=\"content\">En Globe, este servicio es gratuito con el alquiler. Si su alquiler es <a href=\"https:\/\/www.globecar.com\/es\/alquiler-de-coches\/diario\/\">diario<\/a> <a href=\"https:\/\/www.globecar.com\/es\/alquiler-de-coches\/semanal\/\">, semanal<\/a> o <a href=\"https:\/\/www.globecar.com\/es\/alquiler-de-coches\/mensualmente\/\">mensual<\/a>, esto puede <a href=\"https:\/\/www.globecar.com\/es\/acerca-de\/te-ahorramos-dinero\/\">ahorrarle dinero<\/a> en el alquiler de su coche y proporcionarle ayuda si\/cuando la necesite. Pinchazo, sin gasolina o p\u00e9rdida de la llave&#8230; la asistencia en carretera est\u00e1 en camino&#8230;<br\/><a class=\"calltoaction\" href=\"https:\/\/globecar.com\/es\/servicios-adicionales\/asistencia-en-carretera-gratuita\/\">M\u00e1s<\/a><\/div><\/div><\/div><\/div>\n\t\t<\/div>[\/vc_column][vc_column width=\u00bb1\/3&#8243;]\n\t\t<div class=\"overlay-box flip-container\" ontouchstart=\"this.classList.toggle('hover');\">\n\t\t\t<div class=\"mini-wrap flipper\">\n\t\t\t\t<div class=\"front\"><div><img decoding=\"async\" width=\"71\" height=\"72\" src=\"https:\/\/www.globecar.com\/wp-content\/uploads\/2017\/09\/usa.png\" class=\"attachment-full size-full\" alt=\"usa\" srcset=\"https:\/\/www.globecar.com\/wp-content\/uploads\/2017\/09\/usa.png 71w, https:\/\/www.globecar.com\/wp-content\/uploads\/2017\/09\/usa-68x68.png 68w\" sizes=\"(max-width: 71px) 100vw, 71px\" \/><h3>Ir a EE.UU.<\/h3><\/div><\/div>\n\t\t\t\t<div class=\"back\"><div><h3>Ir a EE.UU.<\/h3><div class=\"content\">Ir a Estados Unidos puede ser divertido, con un mont\u00f3n de destinos interesantes. Debe avisar a la agencia de alquiler de coches antes de viajar a EE.UU. con su coche alquilado. Antes de cruzar la frontera de EE.UU., aseg\u00farate de que tienes la matr\u00edcula, el seguro y una copia del contrato de alquiler (las copias electr\u00f3nicas valen). Se aplican algunas exclusiones.<br\/><a class=\"calltoaction\" href=\"https:\/\/globecar.com\/es\/servicios-adicionales\/going-to-usa\/\">M\u00e1s<\/a><\/div><\/div><\/div><\/div>\n\t\t<\/div>[\/vc_column][vc_column width=\u00bb1\/3&#8243;]\n\t\t<div class=\"overlay-box flip-container\" ontouchstart=\"this.classList.toggle('hover');\">\n\t\t\t<div class=\"mini-wrap flipper\">\n\t\t\t\t<div class=\"front\"><div><img decoding=\"async\" width=\"154\" height=\"42\" src=\"https:\/\/www.globecar.com\/wp-content\/uploads\/2021\/08\/young-drivers.png\" class=\"attachment-full size-full\" alt=\"20-23\" srcset=\"https:\/\/www.globecar.com\/wp-content\/uploads\/2021\/08\/young-drivers.png 154w, https:\/\/www.globecar.com\/wp-content\/uploads\/2021\/08\/young-drivers-150x42.png 150w, https:\/\/www.globecar.com\/wp-content\/uploads\/2021\/08\/young-drivers-68x19.png 68w, https:\/\/www.globecar.com\/wp-content\/uploads\/2021\/08\/young-drivers-24x7.png 24w, https:\/\/www.globecar.com\/wp-content\/uploads\/2021\/08\/young-drivers-36x10.png 36w, https:\/\/www.globecar.com\/wp-content\/uploads\/2021\/08\/young-drivers-48x13.png 48w, https:\/\/www.globecar.com\/wp-content\/uploads\/2021\/08\/young-drivers-68x19@2x.png 136w, https:\/\/www.globecar.com\/wp-content\/uploads\/2021\/08\/young-drivers-36x10@2x.png 72w, https:\/\/www.globecar.com\/wp-content\/uploads\/2021\/08\/young-drivers-48x13@2x.png 96w\" sizes=\"(max-width: 154px) 100vw, 154px\" \/><h3>Joven conductor<\/h3><\/div><\/div>\n\t\t\t\t<div class=\"back\"><div><h3>Joven conductor<\/h3><div class=\"content\">Creemos que los j\u00f3venes son nuestra pr\u00f3xima generaci\u00f3n de clientes de alquiler de coches y queremos crecer con ellos. Es cierto que la mayor\u00eda carece de la experiencia de conducir durante muchos a\u00f1os, pero un mayor riesgo conlleva grandes recompensas.<br\/><a class=\"calltoaction\" href=\"https:\/\/globecar.com\/es\/servicios-adicionales\/conductor-joven\/\">M\u00e1s<\/a><\/div><\/div><\/div><\/div>\n\t\t<\/div>[\/vc_column][\/vc_row][vc_row is_grid=\u00bbtrue\u00bb el_class=\u00bbglobe-car-gap\u00bb][vc_column width=\u00bb1\/3&#8243;]\n\t\t<div class=\"overlay-box flip-container\" ontouchstart=\"this.classList.toggle('hover');\">\n\t\t\t<div class=\"mini-wrap flipper\">\n\t\t\t\t<div class=\"front\"><div><img decoding=\"async\" width=\"59\" height=\"71\" src=\"https:\/\/www.globecar.com\/wp-content\/uploads\/2017\/09\/prepaid-fuel.png\" class=\"attachment-full size-full\" alt=\"prepaid-fuel\" srcset=\"https:\/\/www.globecar.com\/wp-content\/uploads\/2017\/09\/prepaid-fuel.png 59w, https:\/\/www.globecar.com\/wp-content\/uploads\/2017\/09\/prepaid-fuel-57x68.png 57w\" sizes=\"(max-width: 59px) 100vw, 59px\" \/><h3>Combustible prepagado<\/h3><\/div><\/div>\n\t\t\t\t<div class=\"back\"><div><h3>Combustible prepagado<\/h3><div class=\"content\">Descubra por qu\u00e9 prepagar la gasolina directamente con Globe en lugar de repostar usted mismo es la mejor opci\u00f3n. No s\u00f3lo ahorrar\u00e1 dinero en cada litro, sino que tambi\u00e9n evitar\u00e1 el estr\u00e9s de buscar una gasolinera, esperar en la cola y manipular los mangos sucios de los surtidores.<br\/><a class=\"calltoaction\" href=\"https:\/\/globecar.com\/es\/servicios-adicionales\/prepaid-fuel\/\">M\u00e1s<\/a><\/div><\/div><\/div><\/div>\n\t\t<\/div>[\/vc_column][vc_column width=\u00bb1\/3&#8243;]\n\t\t<div class=\"overlay-box flip-container\" ontouchstart=\"this.classList.toggle('hover');\">\n\t\t\t<div class=\"mini-wrap flipper\">\n\t\t\t\t<div class=\"front\"><div><img decoding=\"async\" width=\"105\" height=\"53\" src=\"https:\/\/www.globecar.com\/wp-content\/uploads\/2024\/04\/unlimited-mileage.webp\" class=\"attachment-full size-full\" alt=\"\" srcset=\"https:\/\/www.globecar.com\/wp-content\/uploads\/2024\/04\/unlimited-mileage.webp 105w, https:\/\/www.globecar.com\/wp-content\/uploads\/2024\/04\/unlimited-mileage-68x34.webp 68w, https:\/\/www.globecar.com\/wp-content\/uploads\/2024\/04\/unlimited-mileage-24x12.webp 24w, https:\/\/www.globecar.com\/wp-content\/uploads\/2024\/04\/unlimited-mileage-36x18.webp 36w, https:\/\/www.globecar.com\/wp-content\/uploads\/2024\/04\/unlimited-mileage-48x24.webp 48w\" sizes=\"(max-width: 105px) 100vw, 105px\" \/><h3>Kilometraje ilimitado<\/h3><\/div><\/div>\n\t\t\t\t<div class=\"back\"><div><h3>Kilometraje ilimitado<\/h3><div class=\"content\">Complemento importante cuando se realiza un viaje largo por carretera con mis desv\u00edos y destinos. Es una forma estupenda de explorar la carretera sin el estr\u00e9s de pasarte con el kilometraje de tu coche de alquiler. Simplemente conduzca y disfrute.<br\/><a class=\"calltoaction\" href=\"https:\/\/globecar.com\/es\/servicios-adicionales\/kilometraje-ilimitado\/\">M\u00e1s<\/a><\/div><\/div><\/div><\/div>\n\t\t<\/div>[\/vc_column][vc_column width=\u00bb1\/3&#8243;][\/vc_column][\/vc_row][\/vc_section]<\/p>\n<\/div>","protected":false},"excerpt":{"rendered":"<p>[vc_row is_header=\u00bbtrue\u00bb][vc_column][vc_column_text] Servicios adicionales y complementos para su alquiler de coches Alquilar un coche en Globe es muy f\u00e1cil e intuitivo, lo que le permite mejorar la experiencia completa de alquiler de coches con servicios beneficiosos que mejoran su viaje y le protegen. Una vez que haya seleccionado su coche de alquiler en el paso [&hellip;]<\/p>\n","protected":false},"author":1,"featured_media":0,"parent":0,"menu_order":0,"comment_status":"closed","ping_status":"closed","template":"","meta":{"_acf_changed":false,"_genesis_hide_title":false,"_genesis_hide_breadcrumbs":false,"_genesis_hide_singular_image":false,"_genesis_hide_footer_widgets":false,"_genesis_custom_body_class":"","_genesis_custom_post_class":"","_genesis_layout":"","jetpack_post_was_ever_published":false,"footnotes":""},"class_list":{"0":"post-13737","1":"page","2":"type-page","3":"status-publish","5":"entry","6":"has-post-thumbnail"},"acf":[],"yoast_head":"<!-- This site is optimized with the Yoast SEO Premium plugin v27.1 (Yoast SEO v27.1.1) - https:\/\/yoast.com\/product\/yoast-seo-premium-wordpress\/ -->\n<title>Servicios adicionales de alquiler de coches | Alquiler de coches y camiones Globe en Montreal<\/title>\n<meta name=\"description\" content=\"Sean cuales sean sus necesidades, las tenemos cubiertas. Desde conductores adicionales hasta kilometraje ilimitado, aseg\u00farese de seleccionar el complemento adecuado para su alquiler.\" \/>\n<meta name=\"robots\" content=\"index, follow, max-snippet:-1, max-image-preview:large, max-video-preview:-1\" \/>\n<link rel=\"canonical\" href=\"https:\/\/www.globecar.com\/es\/servicios-adicionales\/\" \/>\n<meta property=\"og:locale\" content=\"es_ES\" \/>\n<meta property=\"og:type\" content=\"article\" \/>\n<meta property=\"og:title\" content=\"Servicios adicionales\" \/>\n<meta property=\"og:description\" content=\"Servicios adicionales y complementos para su alquiler de coches Alquilar un coche en Globe es muy f\u00e1cil e intuitivo, lo que le permite mejorar la\" \/>\n<meta property=\"og:url\" content=\"https:\/\/www.globecar.com\/es\/servicios-adicionales\/\" \/>\n<meta property=\"og:site_name\" content=\"Alquiler de coches y camiones Globe en Montreal\" \/>\n<meta property=\"article:publisher\" content=\"https:\/\/www.facebook.com\/GlobeCar\" \/>\n<meta property=\"article:modified_time\" content=\"2024-05-08T13:09:53+00:00\" \/>\n<meta property=\"og:image\" content=\"https:\/\/www.globecar.com\/wp-content\/uploads\/2023\/12\/thumbnail_logo_final-1.jpg\" \/>\n\t<meta property=\"og:image:width\" content=\"555\" \/>\n\t<meta property=\"og:image:height\" content=\"555\" \/>\n\t<meta property=\"og:image:type\" content=\"image\/jpeg\" \/>\n<meta name=\"twitter:card\" content=\"summary_large_image\" \/>\n<meta name=\"twitter:site\" content=\"@GlobeCar\" \/>\n<meta name=\"twitter:label1\" content=\"Tiempo de lectura\" \/>\n\t<meta name=\"twitter:data1\" content=\"3 minutos\" \/>\n<script type=\"application\/ld+json\" class=\"yoast-schema-graph\">{\"@context\":\"https:\/\/schema.org\",\"@graph\":[{\"@type\":\"WebPage\",\"@id\":\"https:\/\/www.globecar.com\/es\/servicios-adicionales\/\",\"url\":\"https:\/\/www.globecar.com\/es\/servicios-adicionales\/\",\"name\":\"Servicios adicionales de alquiler de coches | Alquiler de coches y camiones Globe en Montreal\",\"isPartOf\":{\"@id\":\"https:\/\/www.globecar.com\/es\/#website\"},\"datePublished\":\"2024-03-19T18:06:56+00:00\",\"dateModified\":\"2024-05-08T13:09:53+00:00\",\"description\":\"Sean cuales sean sus necesidades, las tenemos cubiertas. Desde conductores adicionales hasta kilometraje ilimitado, aseg\u00farese de seleccionar el complemento adecuado para su alquiler.\",\"breadcrumb\":{\"@id\":\"https:\/\/www.globecar.com\/es\/servicios-adicionales\/#breadcrumb\"},\"inLanguage\":\"es\",\"potentialAction\":[{\"@type\":\"ReadAction\",\"target\":[\"https:\/\/www.globecar.com\/es\/servicios-adicionales\/\"]}]},{\"@type\":\"BreadcrumbList\",\"@id\":\"https:\/\/www.globecar.com\/es\/servicios-adicionales\/#breadcrumb\",\"itemListElement\":[{\"@type\":\"ListItem\",\"position\":1,\"name\":\"Inicio\",\"item\":\"https:\/\/www.globecar.com\/es\/\"},{\"@type\":\"ListItem\",\"position\":2,\"name\":\"Servicios adicionales\"}]},{\"@type\":\"WebSite\",\"@id\":\"https:\/\/www.globecar.com\/es\/#website\",\"url\":\"https:\/\/www.globecar.com\/es\/\",\"name\":\"Globe Location d'Autos et Camions \u00e0 Montr\u00e9al\",\"description\":\"Drive 4 Less\",\"publisher\":{\"@id\":\"https:\/\/www.globecar.com\/es\/#organization\"},\"alternateName\":\"GlobeCar\",\"potentialAction\":[{\"@type\":\"SearchAction\",\"target\":{\"@type\":\"EntryPoint\",\"urlTemplate\":\"https:\/\/www.globecar.com\/es\/?s={search_term_string}\"},\"query-input\":{\"@type\":\"PropertyValueSpecification\",\"valueRequired\":true,\"valueName\":\"search_term_string\"}}],\"inLanguage\":\"es\"},{\"@type\":\"Organization\",\"@id\":\"https:\/\/www.globecar.com\/es\/#organization\",\"name\":\"Globe Car & Truck Rental\",\"alternateName\":\"GlobeCar\",\"url\":\"https:\/\/www.globecar.com\/es\/\",\"logo\":{\"@type\":\"ImageObject\",\"inLanguage\":\"es\",\"@id\":\"https:\/\/www.globecar.com\/es\/#\/schema\/logo\/image\/\",\"url\":\"https:\/\/www.globecar.com\/wp-content\/uploads\/2023\/12\/thumbnail_logo_final-1.jpg\",\"contentUrl\":\"https:\/\/www.globecar.com\/wp-content\/uploads\/2023\/12\/thumbnail_logo_final-1.jpg\",\"width\":555,\"height\":555,\"caption\":\"Globe Car & Truck Rental\"},\"image\":{\"@id\":\"https:\/\/www.globecar.com\/es\/#\/schema\/logo\/image\/\"},\"sameAs\":[\"https:\/\/www.facebook.com\/GlobeCar\",\"https:\/\/x.com\/GlobeCar\",\"https:\/\/mastodon.social\/@globecar\",\"https:\/\/www.instagram.com\/globecar\/\",\"https:\/\/www.linkedin.com\/company\/globecar\/\",\"https:\/\/www.pinterest.com\/globecar\",\"https:\/\/www.youtube.com\/c\/GlobecarRentals\"]}]}<\/script>\n<!-- \/ Yoast SEO Premium plugin. -->","yoast_head_json":{"title":"Servicios adicionales de alquiler de coches | Alquiler de coches y camiones Globe en Montreal","description":"Sean cuales sean sus necesidades, las tenemos cubiertas. Desde conductores adicionales hasta kilometraje ilimitado, aseg\u00farese de seleccionar el complemento adecuado para su alquiler.","robots":{"index":"index","follow":"follow","max-snippet":"max-snippet:-1","max-image-preview":"max-image-preview:large","max-video-preview":"max-video-preview:-1"},"canonical":"https:\/\/www.globecar.com\/es\/servicios-adicionales\/","og_locale":"es_ES","og_type":"article","og_title":"Servicios adicionales","og_description":"Servicios adicionales y complementos para su alquiler de coches Alquilar un coche en Globe es muy f\u00e1cil e intuitivo, lo que le permite mejorar la","og_url":"https:\/\/www.globecar.com\/es\/servicios-adicionales\/","og_site_name":"Alquiler de coches y camiones Globe en Montreal","article_publisher":"https:\/\/www.facebook.com\/GlobeCar","article_modified_time":"2024-05-08T13:09:53+00:00","og_image":[{"width":555,"height":555,"url":"https:\/\/www.globecar.com\/wp-content\/uploads\/2023\/12\/thumbnail_logo_final-1.jpg","type":"image\/jpeg"}],"twitter_card":"summary_large_image","twitter_site":"@GlobeCar","twitter_misc":{"Tiempo de lectura":"3 minutos"},"schema":{"@context":"https:\/\/schema.org","@graph":[{"@type":"WebPage","@id":"https:\/\/www.globecar.com\/es\/servicios-adicionales\/","url":"https:\/\/www.globecar.com\/es\/servicios-adicionales\/","name":"Servicios adicionales de alquiler de coches | Alquiler de coches y camiones Globe en Montreal","isPartOf":{"@id":"https:\/\/www.globecar.com\/es\/#website"},"datePublished":"2024-03-19T18:06:56+00:00","dateModified":"2024-05-08T13:09:53+00:00","description":"Sean cuales sean sus necesidades, las tenemos cubiertas. Desde conductores adicionales hasta kilometraje ilimitado, aseg\u00farese de seleccionar el complemento adecuado para su alquiler.","breadcrumb":{"@id":"https:\/\/www.globecar.com\/es\/servicios-adicionales\/#breadcrumb"},"inLanguage":"es","potentialAction":[{"@type":"ReadAction","target":["https:\/\/www.globecar.com\/es\/servicios-adicionales\/"]}]},{"@type":"BreadcrumbList","@id":"https:\/\/www.globecar.com\/es\/servicios-adicionales\/#breadcrumb","itemListElement":[{"@type":"ListItem","position":1,"name":"Inicio","item":"https:\/\/www.globecar.com\/es\/"},{"@type":"ListItem","position":2,"name":"Servicios adicionales"}]},{"@type":"WebSite","@id":"https:\/\/www.globecar.com\/es\/#website","url":"https:\/\/www.globecar.com\/es\/","name":"Globe Location d'Autos et Camions \u00e0 Montr\u00e9al","description":"Drive 4 Less","publisher":{"@id":"https:\/\/www.globecar.com\/es\/#organization"},"alternateName":"GlobeCar","potentialAction":[{"@type":"SearchAction","target":{"@type":"EntryPoint","urlTemplate":"https:\/\/www.globecar.com\/es\/?s={search_term_string}"},"query-input":{"@type":"PropertyValueSpecification","valueRequired":true,"valueName":"search_term_string"}}],"inLanguage":"es"},{"@type":"Organization","@id":"https:\/\/www.globecar.com\/es\/#organization","name":"Globe Car & Truck Rental","alternateName":"GlobeCar","url":"https:\/\/www.globecar.com\/es\/","logo":{"@type":"ImageObject","inLanguage":"es","@id":"https:\/\/www.globecar.com\/es\/#\/schema\/logo\/image\/","url":"https:\/\/www.globecar.com\/wp-content\/uploads\/2023\/12\/thumbnail_logo_final-1.jpg","contentUrl":"https:\/\/www.globecar.com\/wp-content\/uploads\/2023\/12\/thumbnail_logo_final-1.jpg","width":555,"height":555,"caption":"Globe Car & Truck Rental"},"image":{"@id":"https:\/\/www.globecar.com\/es\/#\/schema\/logo\/image\/"},"sameAs":["https:\/\/www.facebook.com\/GlobeCar","https:\/\/x.com\/GlobeCar","https:\/\/mastodon.social\/@globecar","https:\/\/www.instagram.com\/globecar\/","https:\/\/www.linkedin.com\/company\/globecar\/","https:\/\/www.pinterest.com\/globecar","https:\/\/www.youtube.com\/c\/GlobecarRentals"]}]}},"jetpack_sharing_enabled":true,"jetpack_shortlink":"https:\/\/wp.me\/PaiT2D-3zz","_links":{"self":[{"href":"https:\/\/www.globecar.com\/es\/wp-json\/wp\/v2\/pages\/13737","targetHints":{"allow":["GET"]}}],"collection":[{"href":"https:\/\/www.globecar.com\/es\/wp-json\/wp\/v2\/pages"}],"about":[{"href":"https:\/\/www.globecar.com\/es\/wp-json\/wp\/v2\/types\/page"}],"author":[{"embeddable":true,"href":"https:\/\/www.globecar.com\/es\/wp-json\/wp\/v2\/users\/1"}],"replies":[{"embeddable":true,"href":"https:\/\/www.globecar.com\/es\/wp-json\/wp\/v2\/comments?post=13737"}],"version-history":[{"count":6,"href":"https:\/\/www.globecar.com\/es\/wp-json\/wp\/v2\/pages\/13737\/revisions"}],"predecessor-version":[{"id":16629,"href":"https:\/\/www.globecar.com\/es\/wp-json\/wp\/v2\/pages\/13737\/revisions\/16629"}],"wp:attachment":[{"href":"https:\/\/www.globecar.com\/es\/wp-json\/wp\/v2\/media?parent=13737"}],"curies":[{"name":"wp","href":"https:\/\/api.w.org\/{rel}","templated":true}]}}