{"id":13734,"date":"2024-03-19T14:06:56","date_gmt":"2024-03-19T18:06:56","guid":{"rendered":"https:\/\/www.globecar.com\/seguro-coche-sustitucion\/"},"modified":"2024-05-08T09:09:48","modified_gmt":"2024-05-08T13:09:48","slug":"seguro-coche-sustitucion","status":"publish","type":"page","link":"https:\/\/www.globecar.com\/es\/seguro-coche-sustitucion\/","title":{"rendered":"Seguro Sustituci\u00f3n Coche"},"content":{"rendered":"<div class=\"wpb-content-wrapper\"><p>[vc_row content_placement=\u00bbmiddle\u00bb is_header=\u00bbtrue\u00bb][vc_column width=\u00bb2\/3&#8243; css=\u00bb.vc_custom_1507235373954{padding-top: 3em !important;padding-bottom: 3em !important;}\u00bb][vc_column_text]<\/p>\n<h1>Sustituci\u00f3n del seguro de coche<\/h1>\n<h2>\u00bfHa tenido un accidente de coche? Por favor, no se preocupe.<\/h2>\n<p>Nuestro equipo de atenci\u00f3n al cliente se asegurar\u00e1 de que tenga una agradable sustituci\u00f3n de su coche de alquiler con Globe mientras su coche est\u00e1 siendo reparado. Y nos encargamos de todo, de la A a la Z, con su compa\u00f1\u00eda de seguros, incluidas las pr\u00f3rrogas y la facturaci\u00f3n directa. A menudo le subimos de categor\u00eda siempre que es posible.[\/vc_column_text][\/vc_column][vc_column width=\u00bb1\/3&#8243;][vc_single_image image=\u00bb9276&#8243; img_size=\u00bbfull\u00bb alignment=\u00bbcenter\u00bb][\/vc_column][\/vc_row][vc_section is_container=\u00bbtrue\u00bb][vc_row][vc_column][vc_column_text]<\/p>\n<h3>Nos ocuparemos de su reclamaci\u00f3n al seguro de principio a fin:<\/h3>\n<table>\n<tbody>\n<tr>\n<td><span style=\"color: #ff6c00;\"><i class=\"fa fa-check \" ><\/i><\/span><\/td>\n<td>Ayudarle a rellenar un parte de accidente de tr\u00e1fico<\/td>\n<\/tr>\n<tr>\n<td><span style=\"color: #ff6c00;\"><i class=\"fa fa-check \" ><\/i><\/span><\/td>\n<td>Organizar el transporte \/ remolque de su coche si es necesario<\/td>\n<\/tr>\n<tr>\n<td><span style=\"color: #ff6c00;\"><i class=\"fa fa-check \" ><\/i><\/span><\/td>\n<td>Le recogemos en un radio de 5 kms de nuestras oficinas de alquiler de coches en Montreal<\/td>\n<\/tr>\n<tr>\n<td><span style=\"color: #ff6c00;\"><i class=\"fa fa-check \" ><\/i><\/span><\/td>\n<td>Haga un seguimiento con el evaluador y\/o perito de su compa\u00f1\u00eda de seguros de autom\u00f3vil.<\/td>\n<\/tr>\n<tr>\n<td><span style=\"color: #ff6c00;\"><i class=\"fa fa-check \" ><\/i><\/span><\/td>\n<td>Poner a su disposici\u00f3n un taller de reparaci\u00f3n de autom\u00f3viles fiable y de calidad en el Gran Montreal<\/td>\n<\/tr>\n<tr>\n<td><span style=\"color: #ff6c00;\"><i class=\"fa fa-check \" ><\/i><\/span><\/td>\n<td>Aseg\u00farese de que su coche se repara de acuerdo con las especificaciones<\/td>\n<\/tr>\n<tr>\n<td><span style=\"color: #ff6c00;\"><i class=\"fa fa-check \" ><\/i><\/span><\/td>\n<td>Y, por supuesto, proporcionarle un coche de alquiler en el acto.<\/td>\n<\/tr>\n<\/tbody>\n<\/table>\n<p>&nbsp;<\/p>\n<p>Todo ello sin coste adicional 1-866-50-GLOBE[\/vc_column_text][\/vc_column][\/vc_row][\/vc_section]<\/p>\n<\/div>","protected":false},"excerpt":{"rendered":"<p>[vc_row content_placement=\u00bbmiddle\u00bb is_header=\u00bbtrue\u00bb][vc_column width=\u00bb2\/3&#8243; css=\u00bb.vc_custom_1507235373954{padding-top: 3em !important;padding-bottom: 3em !important;}\u00bb][vc_column_text] Sustituci\u00f3n del seguro de coche \u00bfHa tenido un accidente de coche? Por favor, no se preocupe. Nuestro equipo de atenci\u00f3n al cliente se asegurar\u00e1 de que tenga una agradable sustituci\u00f3n de su coche de alquiler con Globe mientras su coche est\u00e1 siendo reparado. Y nos encargamos [&hellip;]<\/p>\n","protected":false},"author":1,"featured_media":0,"parent":0,"menu_order":0,"comment_status":"closed","ping_status":"closed","template":"","meta":{"_acf_changed":false,"_genesis_hide_title":false,"_genesis_hide_breadcrumbs":false,"_genesis_hide_singular_image":false,"_genesis_hide_footer_widgets":false,"_genesis_custom_body_class":"","_genesis_custom_post_class":"","_genesis_layout":"","jetpack_post_was_ever_published":false,"footnotes":""},"class_list":{"0":"post-13734","1":"page","2":"type-page","3":"status-publish","5":"entry","6":"has-post-thumbnail"},"acf":[],"yoast_head":"<!-- This site is optimized with the Yoast SEO Premium plugin v27.1 (Yoast SEO v27.1.1) - https:\/\/yoast.com\/product\/yoast-seo-premium-wordpress\/ -->\n<title>Seguro de coche de sustituci\u00f3n | Alquiler de coches y camiones Globe en Montreal<\/title>\n<meta name=\"description\" content=\"Cuando su coche est\u00e1 en el taller siendo reparado, ofrecemos reemplazo de seguro y facturamos directamente a su compa\u00f1\u00eda de seguros de coche. Sin complicaciones\" \/>\n<meta name=\"robots\" content=\"index, follow, max-snippet:-1, max-image-preview:large, max-video-preview:-1\" \/>\n<link rel=\"canonical\" href=\"https:\/\/www.globecar.com\/es\/seguro-coche-sustitucion\/\" \/>\n<meta property=\"og:locale\" content=\"es_ES\" \/>\n<meta property=\"og:type\" content=\"article\" \/>\n<meta property=\"og:title\" content=\"Seguro Sustituci\u00f3n Coche\" \/>\n<meta property=\"og:description\" content=\"Sustituci\u00f3n del seguro de coche \u00bfHa tenido un accidente de coche? Por favor, no se preocupe. Nuestro equipo de atenci\u00f3n al cliente se asegurar\u00e1 de que\" \/>\n<meta property=\"og:url\" content=\"https:\/\/www.globecar.com\/es\/seguro-coche-sustitucion\/\" \/>\n<meta property=\"og:site_name\" content=\"Alquiler de coches y camiones Globe en Montreal\" \/>\n<meta property=\"article:publisher\" content=\"https:\/\/www.facebook.com\/GlobeCar\" \/>\n<meta property=\"article:modified_time\" content=\"2024-05-08T13:09:48+00:00\" \/>\n<meta property=\"og:image\" content=\"https:\/\/www.globecar.com\/wp-content\/uploads\/2023\/12\/thumbnail_logo_final-1.jpg\" \/>\n\t<meta property=\"og:image:width\" content=\"555\" \/>\n\t<meta property=\"og:image:height\" content=\"555\" \/>\n\t<meta property=\"og:image:type\" content=\"image\/jpeg\" \/>\n<meta name=\"twitter:card\" content=\"summary_large_image\" \/>\n<meta name=\"twitter:site\" content=\"@GlobeCar\" \/>\n<meta name=\"twitter:label1\" content=\"Tiempo de lectura\" \/>\n\t<meta name=\"twitter:data1\" content=\"1 minuto\" \/>\n<script type=\"application\/ld+json\" class=\"yoast-schema-graph\">{\"@context\":\"https:\/\/schema.org\",\"@graph\":[{\"@type\":\"WebPage\",\"@id\":\"https:\/\/www.globecar.com\/es\/seguro-coche-sustitucion\/\",\"url\":\"https:\/\/www.globecar.com\/es\/seguro-coche-sustitucion\/\",\"name\":\"Seguro de coche de sustituci\u00f3n | Alquiler de coches y camiones Globe en Montreal\",\"isPartOf\":{\"@id\":\"https:\/\/www.globecar.com\/es\/#website\"},\"datePublished\":\"2024-03-19T18:06:56+00:00\",\"dateModified\":\"2024-05-08T13:09:48+00:00\",\"description\":\"Cuando su coche est\u00e1 en el taller siendo reparado, ofrecemos reemplazo de seguro y facturamos directamente a su compa\u00f1\u00eda de seguros de coche. Sin complicaciones\",\"breadcrumb\":{\"@id\":\"https:\/\/www.globecar.com\/es\/seguro-coche-sustitucion\/#breadcrumb\"},\"inLanguage\":\"es\",\"potentialAction\":[{\"@type\":\"ReadAction\",\"target\":[\"https:\/\/www.globecar.com\/es\/seguro-coche-sustitucion\/\"]}]},{\"@type\":\"BreadcrumbList\",\"@id\":\"https:\/\/www.globecar.com\/es\/seguro-coche-sustitucion\/#breadcrumb\",\"itemListElement\":[{\"@type\":\"ListItem\",\"position\":1,\"name\":\"Inicio\",\"item\":\"https:\/\/www.globecar.com\/es\/\"},{\"@type\":\"ListItem\",\"position\":2,\"name\":\"Seguro Sustituci\u00f3n Coche\"}]},{\"@type\":\"WebSite\",\"@id\":\"https:\/\/www.globecar.com\/es\/#website\",\"url\":\"https:\/\/www.globecar.com\/es\/\",\"name\":\"Globe Location d'Autos et Camions \u00e0 Montr\u00e9al\",\"description\":\"Drive 4 Less\",\"publisher\":{\"@id\":\"https:\/\/www.globecar.com\/es\/#organization\"},\"alternateName\":\"GlobeCar\",\"potentialAction\":[{\"@type\":\"SearchAction\",\"target\":{\"@type\":\"EntryPoint\",\"urlTemplate\":\"https:\/\/www.globecar.com\/es\/?s={search_term_string}\"},\"query-input\":{\"@type\":\"PropertyValueSpecification\",\"valueRequired\":true,\"valueName\":\"search_term_string\"}}],\"inLanguage\":\"es\"},{\"@type\":\"Organization\",\"@id\":\"https:\/\/www.globecar.com\/es\/#organization\",\"name\":\"Globe Car & Truck Rental\",\"alternateName\":\"GlobeCar\",\"url\":\"https:\/\/www.globecar.com\/es\/\",\"logo\":{\"@type\":\"ImageObject\",\"inLanguage\":\"es\",\"@id\":\"https:\/\/www.globecar.com\/es\/#\/schema\/logo\/image\/\",\"url\":\"https:\/\/www.globecar.com\/wp-content\/uploads\/2023\/12\/thumbnail_logo_final-1.jpg\",\"contentUrl\":\"https:\/\/www.globecar.com\/wp-content\/uploads\/2023\/12\/thumbnail_logo_final-1.jpg\",\"width\":555,\"height\":555,\"caption\":\"Globe Car & Truck Rental\"},\"image\":{\"@id\":\"https:\/\/www.globecar.com\/es\/#\/schema\/logo\/image\/\"},\"sameAs\":[\"https:\/\/www.facebook.com\/GlobeCar\",\"https:\/\/x.com\/GlobeCar\",\"https:\/\/mastodon.social\/@globecar\",\"https:\/\/www.instagram.com\/globecar\/\",\"https:\/\/www.linkedin.com\/company\/globecar\/\",\"https:\/\/www.pinterest.com\/globecar\",\"https:\/\/www.youtube.com\/c\/GlobecarRentals\"]}]}<\/script>\n<!-- \/ Yoast SEO Premium plugin. -->","yoast_head_json":{"title":"Seguro de coche de sustituci\u00f3n | Alquiler de coches y camiones Globe en Montreal","description":"Cuando su coche est\u00e1 en el taller siendo reparado, ofrecemos reemplazo de seguro y facturamos directamente a su compa\u00f1\u00eda de seguros de coche. Sin complicaciones","robots":{"index":"index","follow":"follow","max-snippet":"max-snippet:-1","max-image-preview":"max-image-preview:large","max-video-preview":"max-video-preview:-1"},"canonical":"https:\/\/www.globecar.com\/es\/seguro-coche-sustitucion\/","og_locale":"es_ES","og_type":"article","og_title":"Seguro Sustituci\u00f3n Coche","og_description":"Sustituci\u00f3n del seguro de coche \u00bfHa tenido un accidente de coche? Por favor, no se preocupe. Nuestro equipo de atenci\u00f3n al cliente se asegurar\u00e1 de que","og_url":"https:\/\/www.globecar.com\/es\/seguro-coche-sustitucion\/","og_site_name":"Alquiler de coches y camiones Globe en Montreal","article_publisher":"https:\/\/www.facebook.com\/GlobeCar","article_modified_time":"2024-05-08T13:09:48+00:00","og_image":[{"width":555,"height":555,"url":"https:\/\/www.globecar.com\/wp-content\/uploads\/2023\/12\/thumbnail_logo_final-1.jpg","type":"image\/jpeg"}],"twitter_card":"summary_large_image","twitter_site":"@GlobeCar","twitter_misc":{"Tiempo de lectura":"1 minuto"},"schema":{"@context":"https:\/\/schema.org","@graph":[{"@type":"WebPage","@id":"https:\/\/www.globecar.com\/es\/seguro-coche-sustitucion\/","url":"https:\/\/www.globecar.com\/es\/seguro-coche-sustitucion\/","name":"Seguro de coche de sustituci\u00f3n | Alquiler de coches y camiones Globe en Montreal","isPartOf":{"@id":"https:\/\/www.globecar.com\/es\/#website"},"datePublished":"2024-03-19T18:06:56+00:00","dateModified":"2024-05-08T13:09:48+00:00","description":"Cuando su coche est\u00e1 en el taller siendo reparado, ofrecemos reemplazo de seguro y facturamos directamente a su compa\u00f1\u00eda de seguros de coche. Sin complicaciones","breadcrumb":{"@id":"https:\/\/www.globecar.com\/es\/seguro-coche-sustitucion\/#breadcrumb"},"inLanguage":"es","potentialAction":[{"@type":"ReadAction","target":["https:\/\/www.globecar.com\/es\/seguro-coche-sustitucion\/"]}]},{"@type":"BreadcrumbList","@id":"https:\/\/www.globecar.com\/es\/seguro-coche-sustitucion\/#breadcrumb","itemListElement":[{"@type":"ListItem","position":1,"name":"Inicio","item":"https:\/\/www.globecar.com\/es\/"},{"@type":"ListItem","position":2,"name":"Seguro Sustituci\u00f3n Coche"}]},{"@type":"WebSite","@id":"https:\/\/www.globecar.com\/es\/#website","url":"https:\/\/www.globecar.com\/es\/","name":"Globe Location d'Autos et Camions \u00e0 Montr\u00e9al","description":"Drive 4 Less","publisher":{"@id":"https:\/\/www.globecar.com\/es\/#organization"},"alternateName":"GlobeCar","potentialAction":[{"@type":"SearchAction","target":{"@type":"EntryPoint","urlTemplate":"https:\/\/www.globecar.com\/es\/?s={search_term_string}"},"query-input":{"@type":"PropertyValueSpecification","valueRequired":true,"valueName":"search_term_string"}}],"inLanguage":"es"},{"@type":"Organization","@id":"https:\/\/www.globecar.com\/es\/#organization","name":"Globe Car & Truck Rental","alternateName":"GlobeCar","url":"https:\/\/www.globecar.com\/es\/","logo":{"@type":"ImageObject","inLanguage":"es","@id":"https:\/\/www.globecar.com\/es\/#\/schema\/logo\/image\/","url":"https:\/\/www.globecar.com\/wp-content\/uploads\/2023\/12\/thumbnail_logo_final-1.jpg","contentUrl":"https:\/\/www.globecar.com\/wp-content\/uploads\/2023\/12\/thumbnail_logo_final-1.jpg","width":555,"height":555,"caption":"Globe Car & Truck Rental"},"image":{"@id":"https:\/\/www.globecar.com\/es\/#\/schema\/logo\/image\/"},"sameAs":["https:\/\/www.facebook.com\/GlobeCar","https:\/\/x.com\/GlobeCar","https:\/\/mastodon.social\/@globecar","https:\/\/www.instagram.com\/globecar\/","https:\/\/www.linkedin.com\/company\/globecar\/","https:\/\/www.pinterest.com\/globecar","https:\/\/www.youtube.com\/c\/GlobecarRentals"]}]}},"jetpack_sharing_enabled":true,"jetpack_shortlink":"https:\/\/wp.me\/PaiT2D-3zw","_links":{"self":[{"href":"https:\/\/www.globecar.com\/es\/wp-json\/wp\/v2\/pages\/13734","targetHints":{"allow":["GET"]}}],"collection":[{"href":"https:\/\/www.globecar.com\/es\/wp-json\/wp\/v2\/pages"}],"about":[{"href":"https:\/\/www.globecar.com\/es\/wp-json\/wp\/v2\/types\/page"}],"author":[{"embeddable":true,"href":"https:\/\/www.globecar.com\/es\/wp-json\/wp\/v2\/users\/1"}],"replies":[{"embeddable":true,"href":"https:\/\/www.globecar.com\/es\/wp-json\/wp\/v2\/comments?post=13734"}],"version-history":[{"count":3,"href":"https:\/\/www.globecar.com\/es\/wp-json\/wp\/v2\/pages\/13734\/revisions"}],"predecessor-version":[{"id":13751,"href":"https:\/\/www.globecar.com\/es\/wp-json\/wp\/v2\/pages\/13734\/revisions\/13751"}],"wp:attachment":[{"href":"https:\/\/www.globecar.com\/es\/wp-json\/wp\/v2\/media?parent=13734"}],"curies":[{"name":"wp","href":"https:\/\/api.w.org\/{rel}","templated":true}]}}