{"id":13686,"date":"2024-03-19T14:06:36","date_gmt":"2024-03-19T18:06:36","guid":{"rendered":"https:\/\/www.globecar.com\/night-dropoff\/"},"modified":"2024-05-08T08:56:00","modified_gmt":"2024-05-08T12:56:00","slug":"night-dropoff","status":"publish","type":"page","link":"https:\/\/www.globecar.com\/es\/acerca-de\/night-dropoff\/","title":{"rendered":"Entrega nocturna"},"content":{"rendered":"<div class=\"wpb-content-wrapper\"><p>[vc_row is_header=\u00bbtrue\u00bb][vc_column width=\u00bb2\/3&#8243;][vc_column_text]<\/p>\n<h1>Entrega nocturna<\/h1>\n<p style=\"text-align: left;\"><span style=\"font-weight: 400;\">Alquilar un coche nunca ha sido tan f\u00e1cil con nuestro sencillo y r\u00e1pido servicio de entrega nocturna sin cargo adicional. Algunos clientes eligen esta agencia de alquiler de coches en Montreal s\u00f3lo por este motivo: la flexibilidad. Globe entiende que los <a href=\"https:\/\/www.globecar.com\/es\/acerca-de\/horario-comercial-ampliado\/\">horarios de<\/a> las personas no coinciden necesariamente con <a href=\"https:\/\/www.globecar.com\/es\/acerca-de\/horario-comercial-ampliado\/\">los de nuestras sucursales<\/a>. Devolver el coche alquilado es ahora a\u00fan m\u00e1s r\u00e1pido: <\/span><span style=\"font-weight: 400;\">simplemente deje las llaves del coche de alquiler en nuestro buz\u00f3n seguro 24 horas* al d\u00eda y \u00a1listo! A continuaci\u00f3n, inspeccionaremos el veh\u00edculo y cerraremos el contrato en consecuencia al siguiente d\u00eda laborable.<\/span><\/p>\n<p>[\/vc_column_text][\/vc_column][vc_column width=\u00bb1\/3&#8243;][vc_single_image image=\u00bb9262&#8243; img_size=\u00bbfull\u00bb alignment=\u00bbcenter\u00bb][\/vc_column][\/vc_row][vc_section is_container=\u00bbtrue\u00bb][vc_row][vc_column width=\u00bb2\/3&#8243;][vc_column_text]<\/p>\n<h3>Informaci\u00f3n importante sobre la devoluci\u00f3n del coche de alquiler:<\/h3>\n<table>\n<tbody>\n<tr>\n<td style=\"vertical-align: top;\"><span style=\"color: #ff6c00;\"><i class=\"fa fa-check \" ><\/i><\/span><\/td>\n<td>No olvide poner el ticket de entrada al aparcamiento en el salpicadero. Al d\u00eda siguiente, recogemos los pases y cerramos el contrato seg\u00fan la hora a la que hayas devuelto el veh\u00edculo. En ciertas sucursales de alquiler de coches, utilizamos transpondedores, por lo que si se acerc\u00f3 a la barrera del garaje y la puerta se abri\u00f3 autom\u00e1ticamente, entonces proceda sin billete. Nota: Cada d\u00eda de alquiler de coche se factura en base a un periodo de 24 horas (o menos dependiendo de la reserva original). Cualquier exceso se facturar\u00e1 en consecuencia una vez transcurrido el periodo de gracia de 1 hora para <a href=\"https:\/\/www.globecar.com\/es\/acerca-de\/periodo-de-retorno-tardio\/\">devoluciones tard\u00edas<\/a> (2 horas para clientes <a href=\"https:\/\/www.globecar.com\/es\/vip\/\">VIP<\/a> ). Si se pierde el billete, comprobamos las c\u00e1maras de vigilancia o los transpondedores de los coches para determinar la hora de devoluci\u00f3n.<\/td>\n<\/tr>\n<tr>\n<td style=\"vertical-align: top;\"><span style=\"color: #ff6c00;\"><i class=\"fa fa-check \" ><\/i><\/span><\/td>\n<td>Usted sigue siendo responsable del veh\u00edculo alquilado hasta que lo revise un agente f\u00edsico el siguiente d\u00eda laborable seg\u00fan lo acordado en el contrato de alquiler.<\/td>\n<\/tr>\n<tr>\n<td style=\"vertical-align: top;\"><span style=\"color: #ff6c00;\"><i class=\"fa fa-check \" ><\/i><\/span><\/td>\n<td>Al final del periodo de alquiler, tenga la amabilidad de vaciar el coche de todas sus pertenencias, tel\u00e9fono m\u00f3vil, etc&#8230; antes de marcharse y dejar las llaves del coche de alquiler en el buz\u00f3n. Nota: todas las sucursales de alquiler de coches de Montreal disponen de buzones en el garaje o en la entrada principal de la agencia.<\/td>\n<\/tr>\n<\/tbody>\n<\/table>\n<p><span class=\"button full\"><a href=\"https:\/\/www.globecar.com\/es\/acerca-de\/por-que-globe\/\">Muchas m\u00e1s razones para visitarnos en<i class=\"fa fa-heart \"><\/i><\/a><\/span><\/p>\n<p>*Exclusivamente, las devoluciones los s\u00e1bados pueden estar limitadas a las 10 de la ma\u00f1ana en determinadas sucursales.[\/vc_column_text][\/vc_column][vc_column width=\u00bb1\/3&#8243;][vc_single_image image=\u00bb9031&#8243; img_size=\u00bbfull\u00bb][\/vc_column][\/vc_row][\/vc_section]<\/p>\n<\/div>","protected":false},"excerpt":{"rendered":"<p>[vc_row is_header=\u00bbtrue\u00bb][vc_column width=\u00bb2\/3&#8243;][vc_column_text] Entrega nocturna Alquilar un coche nunca ha sido tan f\u00e1cil con nuestro sencillo y r\u00e1pido servicio de entrega nocturna sin cargo adicional. Algunos clientes eligen esta agencia de alquiler de coches en Montreal s\u00f3lo por este motivo: la flexibilidad. Globe entiende que los horarios de las personas no coinciden necesariamente con los [&hellip;]<\/p>\n","protected":false},"author":1,"featured_media":0,"parent":13799,"menu_order":0,"comment_status":"closed","ping_status":"closed","template":"","meta":{"_acf_changed":false,"_genesis_hide_title":false,"_genesis_hide_breadcrumbs":false,"_genesis_hide_singular_image":false,"_genesis_hide_footer_widgets":false,"_genesis_custom_body_class":"","_genesis_custom_post_class":"","_genesis_layout":"","jetpack_post_was_ever_published":false,"footnotes":""},"class_list":{"0":"post-13686","1":"page","2":"type-page","3":"status-publish","5":"entry","6":"has-post-thumbnail"},"acf":[],"yoast_head":"<!-- This site is optimized with the Yoast SEO Premium plugin v27.1 (Yoast SEO v27.1.1) - https:\/\/yoast.com\/product\/yoast-seo-premium-wordpress\/ -->\n<title>Entrega nocturna gratuita | Alquiler de coches y camiones Globe en Montreal<\/title>\n<meta name=\"description\" content=\"Globe ofrece entrega nocturna gratuita en todas las sucursales de alquiler de coches. S\u00f3lo tiene que utilizar el buz\u00f3n seguro para dejar las llaves y marcharse. Alquilar un coche en Montreal, \u00a1tan f\u00e1cil!\" \/>\n<meta name=\"robots\" content=\"index, follow, max-snippet:-1, max-image-preview:large, max-video-preview:-1\" \/>\n<link rel=\"canonical\" href=\"https:\/\/www.globecar.com\/es\/acerca-de\/night-dropoff\/\" \/>\n<meta property=\"og:locale\" content=\"es_ES\" \/>\n<meta property=\"og:type\" content=\"article\" \/>\n<meta property=\"og:title\" content=\"Entrega nocturna\" \/>\n<meta property=\"og:description\" content=\"Entrega nocturna Alquilar un coche nunca ha sido tan f\u00e1cil con nuestro sencillo y r\u00e1pido servicio de entrega nocturna sin cargo adicional. Algunos\" \/>\n<meta property=\"og:url\" content=\"https:\/\/www.globecar.com\/es\/acerca-de\/night-dropoff\/\" \/>\n<meta property=\"og:site_name\" content=\"Alquiler de coches y camiones Globe en Montreal\" \/>\n<meta property=\"article:publisher\" content=\"https:\/\/www.facebook.com\/GlobeCar\" \/>\n<meta property=\"article:modified_time\" content=\"2024-05-08T12:56:00+00:00\" \/>\n<meta property=\"og:image\" content=\"https:\/\/www.globecar.com\/wp-content\/uploads\/2023\/12\/thumbnail_logo_final-1.jpg\" \/>\n\t<meta property=\"og:image:width\" content=\"555\" \/>\n\t<meta property=\"og:image:height\" content=\"555\" \/>\n\t<meta property=\"og:image:type\" content=\"image\/jpeg\" \/>\n<meta name=\"twitter:card\" content=\"summary_large_image\" \/>\n<meta name=\"twitter:site\" content=\"@GlobeCar\" \/>\n<meta name=\"twitter:label1\" content=\"Tiempo de lectura\" \/>\n\t<meta name=\"twitter:data1\" content=\"2 minutos\" \/>\n<script type=\"application\/ld+json\" class=\"yoast-schema-graph\">{\"@context\":\"https:\/\/schema.org\",\"@graph\":[{\"@type\":\"WebPage\",\"@id\":\"https:\/\/www.globecar.com\/es\/acerca-de\/night-dropoff\/\",\"url\":\"https:\/\/www.globecar.com\/es\/acerca-de\/night-dropoff\/\",\"name\":\"Entrega nocturna gratuita | Alquiler de coches y camiones Globe en Montreal\",\"isPartOf\":{\"@id\":\"https:\/\/www.globecar.com\/es\/#website\"},\"datePublished\":\"2024-03-19T18:06:36+00:00\",\"dateModified\":\"2024-05-08T12:56:00+00:00\",\"description\":\"Globe ofrece entrega nocturna gratuita en todas las sucursales de alquiler de coches. S\u00f3lo tiene que utilizar el buz\u00f3n seguro para dejar las llaves y marcharse. Alquilar un coche en Montreal, \u00a1tan f\u00e1cil!\",\"breadcrumb\":{\"@id\":\"https:\/\/www.globecar.com\/es\/acerca-de\/night-dropoff\/#breadcrumb\"},\"inLanguage\":\"es\",\"potentialAction\":[{\"@type\":\"ReadAction\",\"target\":[\"https:\/\/www.globecar.com\/es\/acerca-de\/night-dropoff\/\"]}]},{\"@type\":\"BreadcrumbList\",\"@id\":\"https:\/\/www.globecar.com\/es\/acerca-de\/night-dropoff\/#breadcrumb\",\"itemListElement\":[{\"@type\":\"ListItem\",\"position\":1,\"name\":\"Inicio\",\"item\":\"https:\/\/www.globecar.com\/es\/\"},{\"@type\":\"ListItem\",\"position\":2,\"name\":\"Acerca de\",\"item\":\"https:\/\/www.globecar.com\/es\/acerca-de\/\"},{\"@type\":\"ListItem\",\"position\":3,\"name\":\"Entrega nocturna\"}]},{\"@type\":\"WebSite\",\"@id\":\"https:\/\/www.globecar.com\/es\/#website\",\"url\":\"https:\/\/www.globecar.com\/es\/\",\"name\":\"Globe Location d'Autos et Camions \u00e0 Montr\u00e9al\",\"description\":\"Drive 4 Less\",\"publisher\":{\"@id\":\"https:\/\/www.globecar.com\/es\/#organization\"},\"alternateName\":\"GlobeCar\",\"potentialAction\":[{\"@type\":\"SearchAction\",\"target\":{\"@type\":\"EntryPoint\",\"urlTemplate\":\"https:\/\/www.globecar.com\/es\/?s={search_term_string}\"},\"query-input\":{\"@type\":\"PropertyValueSpecification\",\"valueRequired\":true,\"valueName\":\"search_term_string\"}}],\"inLanguage\":\"es\"},{\"@type\":\"Organization\",\"@id\":\"https:\/\/www.globecar.com\/es\/#organization\",\"name\":\"Globe Car & Truck Rental\",\"alternateName\":\"GlobeCar\",\"url\":\"https:\/\/www.globecar.com\/es\/\",\"logo\":{\"@type\":\"ImageObject\",\"inLanguage\":\"es\",\"@id\":\"https:\/\/www.globecar.com\/es\/#\/schema\/logo\/image\/\",\"url\":\"https:\/\/www.globecar.com\/wp-content\/uploads\/2023\/12\/thumbnail_logo_final-1.jpg\",\"contentUrl\":\"https:\/\/www.globecar.com\/wp-content\/uploads\/2023\/12\/thumbnail_logo_final-1.jpg\",\"width\":555,\"height\":555,\"caption\":\"Globe Car & Truck Rental\"},\"image\":{\"@id\":\"https:\/\/www.globecar.com\/es\/#\/schema\/logo\/image\/\"},\"sameAs\":[\"https:\/\/www.facebook.com\/GlobeCar\",\"https:\/\/x.com\/GlobeCar\",\"https:\/\/mastodon.social\/@globecar\",\"https:\/\/www.instagram.com\/globecar\/\",\"https:\/\/www.linkedin.com\/company\/globecar\/\",\"https:\/\/www.pinterest.com\/globecar\",\"https:\/\/www.youtube.com\/c\/GlobecarRentals\"]}]}<\/script>\n<!-- \/ Yoast SEO Premium plugin. -->","yoast_head_json":{"title":"Entrega nocturna gratuita | Alquiler de coches y camiones Globe en Montreal","description":"Globe ofrece entrega nocturna gratuita en todas las sucursales de alquiler de coches. S\u00f3lo tiene que utilizar el buz\u00f3n seguro para dejar las llaves y marcharse. Alquilar un coche en Montreal, \u00a1tan f\u00e1cil!","robots":{"index":"index","follow":"follow","max-snippet":"max-snippet:-1","max-image-preview":"max-image-preview:large","max-video-preview":"max-video-preview:-1"},"canonical":"https:\/\/www.globecar.com\/es\/acerca-de\/night-dropoff\/","og_locale":"es_ES","og_type":"article","og_title":"Entrega nocturna","og_description":"Entrega nocturna Alquilar un coche nunca ha sido tan f\u00e1cil con nuestro sencillo y r\u00e1pido servicio de entrega nocturna sin cargo adicional. Algunos","og_url":"https:\/\/www.globecar.com\/es\/acerca-de\/night-dropoff\/","og_site_name":"Alquiler de coches y camiones Globe en Montreal","article_publisher":"https:\/\/www.facebook.com\/GlobeCar","article_modified_time":"2024-05-08T12:56:00+00:00","og_image":[{"width":555,"height":555,"url":"https:\/\/www.globecar.com\/wp-content\/uploads\/2023\/12\/thumbnail_logo_final-1.jpg","type":"image\/jpeg"}],"twitter_card":"summary_large_image","twitter_site":"@GlobeCar","twitter_misc":{"Tiempo de lectura":"2 minutos"},"schema":{"@context":"https:\/\/schema.org","@graph":[{"@type":"WebPage","@id":"https:\/\/www.globecar.com\/es\/acerca-de\/night-dropoff\/","url":"https:\/\/www.globecar.com\/es\/acerca-de\/night-dropoff\/","name":"Entrega nocturna gratuita | Alquiler de coches y camiones Globe en Montreal","isPartOf":{"@id":"https:\/\/www.globecar.com\/es\/#website"},"datePublished":"2024-03-19T18:06:36+00:00","dateModified":"2024-05-08T12:56:00+00:00","description":"Globe ofrece entrega nocturna gratuita en todas las sucursales de alquiler de coches. S\u00f3lo tiene que utilizar el buz\u00f3n seguro para dejar las llaves y marcharse. Alquilar un coche en Montreal, \u00a1tan f\u00e1cil!","breadcrumb":{"@id":"https:\/\/www.globecar.com\/es\/acerca-de\/night-dropoff\/#breadcrumb"},"inLanguage":"es","potentialAction":[{"@type":"ReadAction","target":["https:\/\/www.globecar.com\/es\/acerca-de\/night-dropoff\/"]}]},{"@type":"BreadcrumbList","@id":"https:\/\/www.globecar.com\/es\/acerca-de\/night-dropoff\/#breadcrumb","itemListElement":[{"@type":"ListItem","position":1,"name":"Inicio","item":"https:\/\/www.globecar.com\/es\/"},{"@type":"ListItem","position":2,"name":"Acerca de","item":"https:\/\/www.globecar.com\/es\/acerca-de\/"},{"@type":"ListItem","position":3,"name":"Entrega nocturna"}]},{"@type":"WebSite","@id":"https:\/\/www.globecar.com\/es\/#website","url":"https:\/\/www.globecar.com\/es\/","name":"Globe Location d'Autos et Camions \u00e0 Montr\u00e9al","description":"Drive 4 Less","publisher":{"@id":"https:\/\/www.globecar.com\/es\/#organization"},"alternateName":"GlobeCar","potentialAction":[{"@type":"SearchAction","target":{"@type":"EntryPoint","urlTemplate":"https:\/\/www.globecar.com\/es\/?s={search_term_string}"},"query-input":{"@type":"PropertyValueSpecification","valueRequired":true,"valueName":"search_term_string"}}],"inLanguage":"es"},{"@type":"Organization","@id":"https:\/\/www.globecar.com\/es\/#organization","name":"Globe Car & Truck Rental","alternateName":"GlobeCar","url":"https:\/\/www.globecar.com\/es\/","logo":{"@type":"ImageObject","inLanguage":"es","@id":"https:\/\/www.globecar.com\/es\/#\/schema\/logo\/image\/","url":"https:\/\/www.globecar.com\/wp-content\/uploads\/2023\/12\/thumbnail_logo_final-1.jpg","contentUrl":"https:\/\/www.globecar.com\/wp-content\/uploads\/2023\/12\/thumbnail_logo_final-1.jpg","width":555,"height":555,"caption":"Globe Car & Truck Rental"},"image":{"@id":"https:\/\/www.globecar.com\/es\/#\/schema\/logo\/image\/"},"sameAs":["https:\/\/www.facebook.com\/GlobeCar","https:\/\/x.com\/GlobeCar","https:\/\/mastodon.social\/@globecar","https:\/\/www.instagram.com\/globecar\/","https:\/\/www.linkedin.com\/company\/globecar\/","https:\/\/www.pinterest.com\/globecar","https:\/\/www.youtube.com\/c\/GlobecarRentals"]}]}},"jetpack_sharing_enabled":true,"jetpack_shortlink":"https:\/\/wp.me\/PaiT2D-3yK","_links":{"self":[{"href":"https:\/\/www.globecar.com\/es\/wp-json\/wp\/v2\/pages\/13686","targetHints":{"allow":["GET"]}}],"collection":[{"href":"https:\/\/www.globecar.com\/es\/wp-json\/wp\/v2\/pages"}],"about":[{"href":"https:\/\/www.globecar.com\/es\/wp-json\/wp\/v2\/types\/page"}],"author":[{"embeddable":true,"href":"https:\/\/www.globecar.com\/es\/wp-json\/wp\/v2\/users\/1"}],"replies":[{"embeddable":true,"href":"https:\/\/www.globecar.com\/es\/wp-json\/wp\/v2\/comments?post=13686"}],"version-history":[{"count":5,"href":"https:\/\/www.globecar.com\/es\/wp-json\/wp\/v2\/pages\/13686\/revisions"}],"predecessor-version":[{"id":15921,"href":"https:\/\/www.globecar.com\/es\/wp-json\/wp\/v2\/pages\/13686\/revisions\/15921"}],"up":[{"embeddable":true,"href":"https:\/\/www.globecar.com\/es\/wp-json\/wp\/v2\/pages\/13799"}],"wp:attachment":[{"href":"https:\/\/www.globecar.com\/es\/wp-json\/wp\/v2\/media?parent=13686"}],"curies":[{"name":"wp","href":"https:\/\/api.w.org\/{rel}","templated":true}]}}