{"id":13669,"date":"2024-03-19T14:06:34","date_gmt":"2024-03-19T18:06:34","guid":{"rendered":"https:\/\/www.globecar.com\/su-propio-seguro\/"},"modified":"2025-03-20T01:35:40","modified_gmt":"2025-03-20T05:35:40","slug":"su-propio-seguro","status":"publish","type":"page","link":"https:\/\/www.globecar.com\/es\/cobertura-de-alquiler-de-vehiculos\/su-propio-seguro\/","title":{"rendered":"Su propio seguro"},"content":{"rendered":"<div class=\"wpb-content-wrapper\"><p>[vc_row is_header=\u00bbtrue\u00bb][vc_column width=\u00bb2\/3&#8243;][vc_column_text]<\/p>\n<h1>\u00bfDeber\u00eda contratar la cobertura de Globe<br \/>\no utilizar mi propio seguro?<\/h1>\n<p><span style=\"font-weight: 400;\">Los accidentes ocurren. Y vemos muchos. A continuaci\u00f3n se presentan 2 tipos <\/span>de cobertura que le permiten optar por el <a href=\"https:\/\/www.globecar.com\/es\/cobertura-de-alquiler-de-vehiculos\/paquete-de-ayuda-practica\/\">seguro \/ cobertura<\/a> ofrecida por la compa\u00f1\u00eda de alquiler. Tenga en cuenta que hemos visto vacaciones arruinadas debido a que los clientes no ten\u00edan la cobertura adecuada. Por eso dedicamos muchos esfuerzos a facilitar informaci\u00f3n transparente para que nuestros clientes sean conscientes de los riesgos cuando rechazan la Cobertura Globe.[\/vc_column_text][\/vc_column][vc_column width=\u00bb1\/3&#8243;][vc_single_image image=\u00bb9271&#8243; img_size=\u00bbfull\u00bb alignment=\u00bbright\u00bb][\/vc_column][\/vc_row][vc_row][vc_column][vc_wp_custommenu nav_menu=\u00bb2428&#8243;][\/vc_column][\/vc_row][vc_section is_container=\u00bbtrue\u00bb][vc_row][vc_column width=\u00bb1\/2&#8243;][vc_column_text]<\/p>\n<h2>Cobertura de las tarjetas de cr\u00e9dito<\/h2>\n<p><span style=\"font-weight: 400;\">Esta cobertura funciona con algunas tarjetas de cr\u00e9dito, pero no con otras. Incluso las que lo hacen, tienen limitaciones. Por ejemplo: hemos visto c\u00f3mo una tarjeta AMEX Platinum de EE.UU. no cubr\u00eda un accidente en Canad\u00e1. El inquilino se qued\u00f3 estupefacto, ya que tuvo que pagar 6.000 d\u00f3lares por los da\u00f1os, cuando \u00e9l se empe\u00f1aba en que AMEX le cubr\u00eda.<\/span><\/p>\n<p><span style=\"font-weight: 400;\">Otro ejemplo son algunas tarjetas de cr\u00e9dito que s\u00f3lo te cubren como seguro secundario. Esto significa que si usted es propietario de un coche en su ciudad de origen, debe presentar primero su p\u00f3liza de seguro de coche personal.<\/span>[\/vc_column_text][\/vc_column][vc_column width=\u00bb1\/2&#8243;][vc_column_text]<strong>Otras limitaciones en funci\u00f3n de la tarjeta:<\/strong><\/p>\n<table>\n<tbody>\n<tr>\n<td style=\"vertical-align: top;\"><span style=\"color: #ff6c00;\"><i class=\"fa fa-check \" ><\/i><\/span><\/td>\n<td>Sin cobertura para conductores adicionales<\/td>\n<\/tr>\n<tr>\n<td style=\"vertical-align: top;\"><span style=\"color: #ff6c00;\"><i class=\"fa fa-check \" ><\/i><\/span><\/td>\n<td>Sin cobertura para todoterrenos<\/td>\n<\/tr>\n<tr>\n<td style=\"vertical-align: top;\"><span style=\"color: #ff6c00;\"><i class=\"fa fa-check \" ><\/i><\/span><\/td>\n<td>No hay cobertura si pagas cualquier cantidad en efectivo, debes utilizar la tarjeta para pagar el saldo completo.<\/td>\n<\/tr>\n<tr>\n<td style=\"vertical-align: top;\"><span style=\"color: #ff6c00;\"><i class=\"fa fa-check \" ><\/i><\/span><\/td>\n<td>Sin cobertura si supera su l\u00edmite de cr\u00e9dito o no paga las mensualidades<\/td>\n<\/tr>\n<tr>\n<td style=\"vertical-align: top;\"><span style=\"color: #ff6c00;\"><i class=\"fa fa-check \" ><\/i><\/span><\/td>\n<td>Para consultar la lista completa de posibles problemas, haga clic aqu\u00ed.<\/td>\n<\/tr>\n<\/tbody>\n<\/table>\n<p>[\/vc_column_text][\/vc_column][\/vc_row][vc_row][vc_column][vc_column_text]<\/p>\n<hr \/>\n<p>[\/vc_column_text][\/vc_column][\/vc_row][vc_row][vc_column width=\u00bb1\/2&#8243;][vc_column_text]<\/p>\n<h2>Seguro de autom\u00f3vil personal<\/h2>\n<p><span style=\"font-weight: 400;\">Esta cobertura (disponible en algunas p\u00f3lizas de seguro <strong>, pero no en todas<\/strong>) te permite transferir la protecci\u00f3n de tu coche personal a tu coche de alquiler. La mayor\u00eda de las aseguradoras lo destinan a cubrir el alquiler del coche mientras el veh\u00edculo est\u00e1 en el taller o parado en el garaje. <\/span><\/p>\n<p><span style=\"font-weight: 400;\">Pueden surgir problemas si su propio coche lo conduce otra persona (c\u00f3nyuge, familiares, etc.) mientras usted conduce el coche alquilado. Si se produce un accidente grave y la investigaci\u00f3n demuestra que ambos coches circulaban al mismo tiempo, puede denegarse la indemnizaci\u00f3n. Lo peor es que los dos coches tengan accidentes separados el mismo d\u00eda, o que ambos se golpeen en el garaje o en casa.<\/span>[\/vc_column_text][\/vc_column][vc_column width=\u00bb1\/2&#8243;][vc_column_text]<strong>Puntos clave que la mayor\u00eda de los inquilinos desconocen:<\/strong><\/p>\n<table>\n<tbody>\n<tr>\n<td style=\"vertical-align: top;\"><span style=\"color: #ff6c00;\"><i class=\"fa fa-check \" ><\/i><\/span><\/td>\n<td>Los siniestros quedan registrados: un siniestro en el coche alquilado es exactamente igual que un siniestro en tu propio coche. Va en tu expediente. No es as\u00ed si eliges la <a href=\"https:\/\/www.globecar.com\/es\/cobertura-de-alquiler-de-vehiculos\/\">cobertura de Globe<\/a>\ud83d\ude42<\/td>\n<\/tr>\n<tr>\n<td style=\"vertical-align: top;\"><span style=\"color: #ff6c00;\"><i class=\"fa fa-check \" ><\/i><\/span><\/td>\n<td>Aumento de la prima del seguro: Los siniestros posteriores <strong>casi siempre<\/strong> provocan un aumento de las primas de seguro al a\u00f1o siguiente y todos los a\u00f1os posteriores.<\/td>\n<\/tr>\n<tr>\n<td style=\"vertical-align: top;\"><span style=\"color: #ff6c00;\"><i class=\"fa fa-check \" ><\/i><\/span><\/td>\n<td>Franquicias: A menos que optes por el PAP<a href=\"https:\/\/www.globecar.com\/es\/cobertura-de-alquiler-de-vehiculos\/paquete-de-ayuda-practica\/\">(Paquete de Asistencia Pr\u00e1ctica<\/a>) de Globe, cualquier franquicia cuando tengas la culpa ser\u00e1 de tu propio bolsillo. As\u00ed que si una piedra sale volando de la autopista y provoca un peque\u00f1o desconch\u00f3n o una grieta en el parabrisas, entra en juego la franquicia&#8230; \u00a1la mayor\u00eda de la gente simplemente paga de su bolsillo para evitar tener que reclamar!<\/td>\n<\/tr>\n<\/tbody>\n<\/table>\n<p>[\/vc_column_text][\/vc_column][\/vc_row][vc_row css=\u00bb.vc_custom_1505835238497{margin-top: 4em !important;}\u00bb][vc_column][vc_column_text]As\u00ed que evite estos riesgos y consiga tranquilidad con <a href=\"https:\/\/www.globecar.com\/es\/cobertura-de-alquiler-de-vehiculos\/\">la cobertura de Globe<\/a>. No se arrepentir\u00e1.[\/vc_column_text][\/vc_column][\/vc_row][\/vc_section][vc_section][vc_row full_width=\u00bbstretch_row\u00bb][vc_column]\n\t\t<div class=\"simple-banner \">\n\t\t\t<img decoding=\"async\" width=\"1574\" height=\"390\" src=\"https:\/\/www.globecar.com\/wp-content\/uploads\/2017\/08\/question_banner.jpg\" class=\"attachment-full size-full\" alt=\"question_banner\" srcset=\"https:\/\/www.globecar.com\/wp-content\/uploads\/2017\/08\/question_banner.jpg 1574w, https:\/\/www.globecar.com\/wp-content\/uploads\/2017\/08\/question_banner-150x37.jpg 150w, https:\/\/www.globecar.com\/wp-content\/uploads\/2017\/08\/question_banner-300x74.jpg 300w, https:\/\/www.globecar.com\/wp-content\/uploads\/2017\/08\/question_banner-768x190.jpg 768w, https:\/\/www.globecar.com\/wp-content\/uploads\/2017\/08\/question_banner-1024x254.jpg 1024w, https:\/\/www.globecar.com\/wp-content\/uploads\/2017\/08\/question_banner-300x74@2x.jpg 600w, https:\/\/www.globecar.com\/wp-content\/uploads\/2017\/08\/question_banner-768x190@2x.jpg 1536w\" sizes=\"(max-width: 1574px) 100vw, 1574px\" \/>\n\t\t\t<div class=\"wrap\"><div class=\"mini-wrap\"><h3>\u00bfTiene alguna pregunta?<\/h3><\/div><a class=\"button onDark full large\" href=\"https:\/\/faq.globecar.com\/en\">Encontrar respuestas f\u00e1ciles<\/a>\t<\/div><\/div>[\/vc_column][\/vc_row][\/vc_section]<\/p>\n<\/div>","protected":false},"excerpt":{"rendered":"<p>[vc_row is_header=\u00bbtrue\u00bb][vc_column width=\u00bb2\/3&#8243;][vc_column_text] \u00bfDeber\u00eda contratar la cobertura de Globe o utilizar mi propio seguro? Los accidentes ocurren. Y vemos muchos. A continuaci\u00f3n se presentan 2 tipos de cobertura que le permiten optar por el seguro \/ cobertura ofrecida por la compa\u00f1\u00eda de alquiler. Tenga en cuenta que hemos visto vacaciones arruinadas debido a que los [&hellip;]<\/p>\n","protected":false},"author":1,"featured_media":0,"parent":13782,"menu_order":0,"comment_status":"closed","ping_status":"closed","template":"","meta":{"_acf_changed":false,"_genesis_hide_title":false,"_genesis_hide_breadcrumbs":false,"_genesis_hide_singular_image":false,"_genesis_hide_footer_widgets":false,"_genesis_custom_body_class":"","_genesis_custom_post_class":"","_genesis_layout":"","jetpack_post_was_ever_published":false,"footnotes":""},"class_list":{"0":"post-13669","1":"page","2":"type-page","3":"status-publish","5":"entry","6":"has-post-thumbnail"},"acf":[],"yoast_head":"<!-- This site is optimized with the Yoast SEO Premium plugin v27.1 (Yoast SEO v27.1.1) - https:\/\/yoast.com\/product\/yoast-seo-premium-wordpress\/ -->\n<title>Cobertura - Su seguro | Alquiler de coches y camiones Globe en Montreal<\/title>\n<meta name=\"description\" content=\"Utilizar tu propio seguro al alquilar un coche es posible, pero hacerlo es arriesgado. Averig\u00fce por qu\u00e9 y c\u00f3mo puede protegerse de las franquicias del alquiler de coches, etc.\" \/>\n<meta name=\"robots\" content=\"index, follow, max-snippet:-1, max-image-preview:large, max-video-preview:-1\" \/>\n<link rel=\"canonical\" href=\"https:\/\/www.globecar.com\/es\/cobertura-de-alquiler-de-vehiculos\/su-propio-seguro\/\" \/>\n<meta property=\"og:locale\" content=\"es_ES\" \/>\n<meta property=\"og:type\" content=\"article\" \/>\n<meta property=\"og:title\" content=\"Su propio seguro\" \/>\n<meta property=\"og:description\" content=\"\u00bfDeber\u00eda contratar la cobertura de Globe o utilizar mi propio seguro? Los accidentes ocurren. Y vemos muchos. A continuaci\u00f3n se presentan 2 tipos de\" \/>\n<meta property=\"og:url\" content=\"https:\/\/www.globecar.com\/es\/cobertura-de-alquiler-de-vehiculos\/su-propio-seguro\/\" \/>\n<meta property=\"og:site_name\" content=\"Alquiler de coches y camiones Globe en Montreal\" \/>\n<meta property=\"article:publisher\" content=\"https:\/\/www.facebook.com\/GlobeCar\" \/>\n<meta property=\"article:modified_time\" content=\"2025-03-20T05:35:40+00:00\" \/>\n<meta property=\"og:image\" content=\"https:\/\/www.globecar.com\/wp-content\/uploads\/2023\/12\/thumbnail_logo_final-1.jpg\" \/>\n\t<meta property=\"og:image:width\" content=\"555\" \/>\n\t<meta property=\"og:image:height\" content=\"555\" \/>\n\t<meta property=\"og:image:type\" content=\"image\/jpeg\" \/>\n<meta name=\"twitter:card\" content=\"summary_large_image\" \/>\n<meta name=\"twitter:site\" content=\"@GlobeCar\" \/>\n<meta name=\"twitter:label1\" content=\"Tiempo de lectura\" \/>\n\t<meta name=\"twitter:data1\" content=\"3 minutos\" \/>\n<script type=\"application\/ld+json\" class=\"yoast-schema-graph\">{\"@context\":\"https:\/\/schema.org\",\"@graph\":[{\"@type\":\"WebPage\",\"@id\":\"https:\/\/www.globecar.com\/es\/cobertura-de-alquiler-de-vehiculos\/su-propio-seguro\/\",\"url\":\"https:\/\/www.globecar.com\/es\/cobertura-de-alquiler-de-vehiculos\/su-propio-seguro\/\",\"name\":\"Cobertura - Su seguro | Alquiler de coches y camiones Globe en Montreal\",\"isPartOf\":{\"@id\":\"https:\/\/www.globecar.com\/es\/#website\"},\"datePublished\":\"2024-03-19T18:06:34+00:00\",\"dateModified\":\"2025-03-20T05:35:40+00:00\",\"description\":\"Utilizar tu propio seguro al alquilar un coche es posible, pero hacerlo es arriesgado. Averig\u00fce por qu\u00e9 y c\u00f3mo puede protegerse de las franquicias del alquiler de coches, etc.\",\"breadcrumb\":{\"@id\":\"https:\/\/www.globecar.com\/es\/cobertura-de-alquiler-de-vehiculos\/su-propio-seguro\/#breadcrumb\"},\"inLanguage\":\"es\",\"potentialAction\":[{\"@type\":\"ReadAction\",\"target\":[\"https:\/\/www.globecar.com\/es\/cobertura-de-alquiler-de-vehiculos\/su-propio-seguro\/\"]}]},{\"@type\":\"BreadcrumbList\",\"@id\":\"https:\/\/www.globecar.com\/es\/cobertura-de-alquiler-de-vehiculos\/su-propio-seguro\/#breadcrumb\",\"itemListElement\":[{\"@type\":\"ListItem\",\"position\":1,\"name\":\"Inicio\",\"item\":\"https:\/\/www.globecar.com\/es\/\"},{\"@type\":\"ListItem\",\"position\":2,\"name\":\"Cobertura de alquiler de veh\u00edculos\",\"item\":\"https:\/\/www.globecar.com\/es\/cobertura-de-alquiler-de-vehiculos\/\"},{\"@type\":\"ListItem\",\"position\":3,\"name\":\"Su propio seguro\"}]},{\"@type\":\"WebSite\",\"@id\":\"https:\/\/www.globecar.com\/es\/#website\",\"url\":\"https:\/\/www.globecar.com\/es\/\",\"name\":\"Globe Location d'Autos et Camions \u00e0 Montr\u00e9al\",\"description\":\"Drive 4 Less\",\"publisher\":{\"@id\":\"https:\/\/www.globecar.com\/es\/#organization\"},\"alternateName\":\"GlobeCar\",\"potentialAction\":[{\"@type\":\"SearchAction\",\"target\":{\"@type\":\"EntryPoint\",\"urlTemplate\":\"https:\/\/www.globecar.com\/es\/?s={search_term_string}\"},\"query-input\":{\"@type\":\"PropertyValueSpecification\",\"valueRequired\":true,\"valueName\":\"search_term_string\"}}],\"inLanguage\":\"es\"},{\"@type\":\"Organization\",\"@id\":\"https:\/\/www.globecar.com\/es\/#organization\",\"name\":\"Globe Car & Truck Rental\",\"alternateName\":\"GlobeCar\",\"url\":\"https:\/\/www.globecar.com\/es\/\",\"logo\":{\"@type\":\"ImageObject\",\"inLanguage\":\"es\",\"@id\":\"https:\/\/www.globecar.com\/es\/#\/schema\/logo\/image\/\",\"url\":\"https:\/\/www.globecar.com\/wp-content\/uploads\/2023\/12\/thumbnail_logo_final-1.jpg\",\"contentUrl\":\"https:\/\/www.globecar.com\/wp-content\/uploads\/2023\/12\/thumbnail_logo_final-1.jpg\",\"width\":555,\"height\":555,\"caption\":\"Globe Car & Truck Rental\"},\"image\":{\"@id\":\"https:\/\/www.globecar.com\/es\/#\/schema\/logo\/image\/\"},\"sameAs\":[\"https:\/\/www.facebook.com\/GlobeCar\",\"https:\/\/x.com\/GlobeCar\",\"https:\/\/mastodon.social\/@globecar\",\"https:\/\/www.instagram.com\/globecar\/\",\"https:\/\/www.linkedin.com\/company\/globecar\/\",\"https:\/\/www.pinterest.com\/globecar\",\"https:\/\/www.youtube.com\/c\/GlobecarRentals\"]}]}<\/script>\n<!-- \/ Yoast SEO Premium plugin. -->","yoast_head_json":{"title":"Cobertura - Su seguro | Alquiler de coches y camiones Globe en Montreal","description":"Utilizar tu propio seguro al alquilar un coche es posible, pero hacerlo es arriesgado. Averig\u00fce por qu\u00e9 y c\u00f3mo puede protegerse de las franquicias del alquiler de coches, etc.","robots":{"index":"index","follow":"follow","max-snippet":"max-snippet:-1","max-image-preview":"max-image-preview:large","max-video-preview":"max-video-preview:-1"},"canonical":"https:\/\/www.globecar.com\/es\/cobertura-de-alquiler-de-vehiculos\/su-propio-seguro\/","og_locale":"es_ES","og_type":"article","og_title":"Su propio seguro","og_description":"\u00bfDeber\u00eda contratar la cobertura de Globe o utilizar mi propio seguro? Los accidentes ocurren. Y vemos muchos. A continuaci\u00f3n se presentan 2 tipos de","og_url":"https:\/\/www.globecar.com\/es\/cobertura-de-alquiler-de-vehiculos\/su-propio-seguro\/","og_site_name":"Alquiler de coches y camiones Globe en Montreal","article_publisher":"https:\/\/www.facebook.com\/GlobeCar","article_modified_time":"2025-03-20T05:35:40+00:00","og_image":[{"width":555,"height":555,"url":"https:\/\/www.globecar.com\/wp-content\/uploads\/2023\/12\/thumbnail_logo_final-1.jpg","type":"image\/jpeg"}],"twitter_card":"summary_large_image","twitter_site":"@GlobeCar","twitter_misc":{"Tiempo de lectura":"3 minutos"},"schema":{"@context":"https:\/\/schema.org","@graph":[{"@type":"WebPage","@id":"https:\/\/www.globecar.com\/es\/cobertura-de-alquiler-de-vehiculos\/su-propio-seguro\/","url":"https:\/\/www.globecar.com\/es\/cobertura-de-alquiler-de-vehiculos\/su-propio-seguro\/","name":"Cobertura - Su seguro | Alquiler de coches y camiones Globe en Montreal","isPartOf":{"@id":"https:\/\/www.globecar.com\/es\/#website"},"datePublished":"2024-03-19T18:06:34+00:00","dateModified":"2025-03-20T05:35:40+00:00","description":"Utilizar tu propio seguro al alquilar un coche es posible, pero hacerlo es arriesgado. Averig\u00fce por qu\u00e9 y c\u00f3mo puede protegerse de las franquicias del alquiler de coches, etc.","breadcrumb":{"@id":"https:\/\/www.globecar.com\/es\/cobertura-de-alquiler-de-vehiculos\/su-propio-seguro\/#breadcrumb"},"inLanguage":"es","potentialAction":[{"@type":"ReadAction","target":["https:\/\/www.globecar.com\/es\/cobertura-de-alquiler-de-vehiculos\/su-propio-seguro\/"]}]},{"@type":"BreadcrumbList","@id":"https:\/\/www.globecar.com\/es\/cobertura-de-alquiler-de-vehiculos\/su-propio-seguro\/#breadcrumb","itemListElement":[{"@type":"ListItem","position":1,"name":"Inicio","item":"https:\/\/www.globecar.com\/es\/"},{"@type":"ListItem","position":2,"name":"Cobertura de alquiler de veh\u00edculos","item":"https:\/\/www.globecar.com\/es\/cobertura-de-alquiler-de-vehiculos\/"},{"@type":"ListItem","position":3,"name":"Su propio seguro"}]},{"@type":"WebSite","@id":"https:\/\/www.globecar.com\/es\/#website","url":"https:\/\/www.globecar.com\/es\/","name":"Globe Location d'Autos et Camions \u00e0 Montr\u00e9al","description":"Drive 4 Less","publisher":{"@id":"https:\/\/www.globecar.com\/es\/#organization"},"alternateName":"GlobeCar","potentialAction":[{"@type":"SearchAction","target":{"@type":"EntryPoint","urlTemplate":"https:\/\/www.globecar.com\/es\/?s={search_term_string}"},"query-input":{"@type":"PropertyValueSpecification","valueRequired":true,"valueName":"search_term_string"}}],"inLanguage":"es"},{"@type":"Organization","@id":"https:\/\/www.globecar.com\/es\/#organization","name":"Globe Car & Truck Rental","alternateName":"GlobeCar","url":"https:\/\/www.globecar.com\/es\/","logo":{"@type":"ImageObject","inLanguage":"es","@id":"https:\/\/www.globecar.com\/es\/#\/schema\/logo\/image\/","url":"https:\/\/www.globecar.com\/wp-content\/uploads\/2023\/12\/thumbnail_logo_final-1.jpg","contentUrl":"https:\/\/www.globecar.com\/wp-content\/uploads\/2023\/12\/thumbnail_logo_final-1.jpg","width":555,"height":555,"caption":"Globe Car & Truck Rental"},"image":{"@id":"https:\/\/www.globecar.com\/es\/#\/schema\/logo\/image\/"},"sameAs":["https:\/\/www.facebook.com\/GlobeCar","https:\/\/x.com\/GlobeCar","https:\/\/mastodon.social\/@globecar","https:\/\/www.instagram.com\/globecar\/","https:\/\/www.linkedin.com\/company\/globecar\/","https:\/\/www.pinterest.com\/globecar","https:\/\/www.youtube.com\/c\/GlobecarRentals"]}]}},"jetpack_sharing_enabled":true,"jetpack_shortlink":"https:\/\/wp.me\/PaiT2D-3yt","_links":{"self":[{"href":"https:\/\/www.globecar.com\/es\/wp-json\/wp\/v2\/pages\/13669","targetHints":{"allow":["GET"]}}],"collection":[{"href":"https:\/\/www.globecar.com\/es\/wp-json\/wp\/v2\/pages"}],"about":[{"href":"https:\/\/www.globecar.com\/es\/wp-json\/wp\/v2\/types\/page"}],"author":[{"embeddable":true,"href":"https:\/\/www.globecar.com\/es\/wp-json\/wp\/v2\/users\/1"}],"replies":[{"embeddable":true,"href":"https:\/\/www.globecar.com\/es\/wp-json\/wp\/v2\/comments?post=13669"}],"version-history":[{"count":11,"href":"https:\/\/www.globecar.com\/es\/wp-json\/wp\/v2\/pages\/13669\/revisions"}],"predecessor-version":[{"id":17917,"href":"https:\/\/www.globecar.com\/es\/wp-json\/wp\/v2\/pages\/13669\/revisions\/17917"}],"up":[{"embeddable":true,"href":"https:\/\/www.globecar.com\/es\/wp-json\/wp\/v2\/pages\/13782"}],"wp:attachment":[{"href":"https:\/\/www.globecar.com\/es\/wp-json\/wp\/v2\/media?parent=13669"}],"curies":[{"name":"wp","href":"https:\/\/api.w.org\/{rel}","templated":true}]}}