{"id":13659,"date":"2024-03-19T14:06:33","date_gmt":"2024-03-19T18:06:33","guid":{"rendered":"https:\/\/www.globecar.com\/kilometraje-ilimitado\/"},"modified":"2024-05-08T09:10:56","modified_gmt":"2024-05-08T13:10:56","slug":"kilometraje-ilimitado","status":"publish","type":"page","link":"https:\/\/www.globecar.com\/es\/servicios-adicionales\/kilometraje-ilimitado\/","title":{"rendered":"Kilometraje ilimitado"},"content":{"rendered":"<div class=\"wpb-content-wrapper\"><p>[vc_row is_header=\u00bbtrue\u00bb][vc_column width=\u00bb2\/3&#8243;][vc_column_text]<\/p>\n<h1>\u00a1Libertad! Alquiler de coches sin l\u00edmite de KMS*.<\/h1>\n<p>Los clientes eligen esta opci\u00f3n cuando quieren conducir grandes distancias y ahorrar dinero. Si incluimos KMS ilimitados en nuestras tarifas, significa que los que hagan menos kil\u00f3metros estar\u00e1n subvencionando a los que hagan m\u00e1s. As\u00ed que lo hicimos justo. Por 12,95 d\u00f3lares, puedes conducir todo lo que quieras.<\/p>\n<p>\u00bfEsperar? Otras empresas de alquiler de coches lo ofrecen gratuitamente. S\u00f3lo se aplica si permanece dentro de la provincia en la que alquila. Adem\u00e1s, s\u00f3lo algunas sucursales participantes lo permiten para determinados coches y en determinados horarios. Cuando elijas una compa\u00f1\u00eda de alquiler de coches con kil\u00f3metros ilimitados, lee la letra peque\u00f1a porque la mayor\u00eda de las veces hay condiciones.[\/vc_column_text][\/vc_column][vc_column width=\u00bb1\/3&#8243;][vc_single_image image=\u00bb9267&#8243; img_size=\u00bbfull\u00bb alignment=\u00bbcenter\u00bb][\/vc_column][\/vc_row][vc_section is_container=\u00bbtrue\u00bb][vc_row][vc_column][vc_column_text]<strong>Alquiler de coches ilimitado KMS<\/strong><\/p>\n<p>Gran opci\u00f3n cuando se alquila un coche para un viaje por carretera o si se planea recorrer mucha distancia. Esta opci\u00f3n de kilometraje ilimitado est\u00e1 disponible en las clases Turista a Intermedia.<\/p>\n<p>\u00bfConduces otro coche y necesitas m\u00e1s kil\u00f3metros? Seleccione nuestros econ\u00f3micos paquetes adicionales de 500 KMS extra o 1000 KMS extra. Estos paquetes de kilometraje le permiten ahorrar dinero en lugar de pagar al final. Ver\u00e1 las opciones durante el proceso de reserva.<\/p>\n<p>Es una forma estupenda de explorar la carretera sin el estr\u00e9s de pasarse de kilometraje. Simplemente conduzca y disfrute.<\/p>\n<div class=\"disclaimer\">\n<p>*<strong> Kilometraje ilimitado hasta un m\u00e1ximo de 4000 KMS por contrato.<\/strong><\/p>\n<\/div>\n<p>[\/vc_column_text][\/vc_column][\/vc_row][\/vc_section]<\/p>\n<\/div>","protected":false},"excerpt":{"rendered":"<p>[vc_row is_header=\u00bbtrue\u00bb][vc_column width=\u00bb2\/3&#8243;][vc_column_text] \u00a1Libertad! Alquiler de coches sin l\u00edmite de KMS*. Los clientes eligen esta opci\u00f3n cuando quieren conducir grandes distancias y ahorrar dinero. Si incluimos KMS ilimitados en nuestras tarifas, significa que los que hagan menos kil\u00f3metros estar\u00e1n subvencionando a los que hagan m\u00e1s. As\u00ed que lo hicimos justo. Por 12,95 d\u00f3lares, puedes conducir [&hellip;]<\/p>\n","protected":false},"author":1,"featured_media":0,"parent":13737,"menu_order":0,"comment_status":"closed","ping_status":"closed","template":"","meta":{"_acf_changed":false,"_genesis_hide_title":false,"_genesis_hide_breadcrumbs":false,"_genesis_hide_singular_image":false,"_genesis_hide_footer_widgets":false,"_genesis_custom_body_class":"","_genesis_custom_post_class":"","_genesis_layout":"","jetpack_post_was_ever_published":false,"footnotes":""},"class_list":{"0":"post-13659","1":"page","2":"type-page","3":"status-publish","5":"entry","6":"has-post-thumbnail"},"acf":[],"yoast_head":"<!-- This site is optimized with the Yoast SEO Premium plugin v27.1 (Yoast SEO v27.1.1) - https:\/\/yoast.com\/product\/yoast-seo-premium-wordpress\/ -->\n<title>Alquiler de coches con kilometraje ilimitado | Alquiler de coches y camiones Globe en Montreal<\/title>\n<meta name=\"description\" content=\"El kilometraje ilimitado con Auto Rental es siempre la mejor opci\u00f3n para su tranquilidad. Haga de su alquiler de coche una gran experiencia seleccionando Unlimited KMS.\" \/>\n<meta name=\"robots\" content=\"index, follow, max-snippet:-1, max-image-preview:large, max-video-preview:-1\" \/>\n<link rel=\"canonical\" href=\"https:\/\/www.globecar.com\/es\/servicios-adicionales\/kilometraje-ilimitado\/\" \/>\n<meta property=\"og:locale\" content=\"es_ES\" \/>\n<meta property=\"og:type\" content=\"article\" \/>\n<meta property=\"og:title\" content=\"Kilometraje ilimitado\" \/>\n<meta property=\"og:description\" content=\"\u00a1Libertad! Alquiler de coches sin l\u00edmite de KMS*. Los clientes eligen esta opci\u00f3n cuando quieren conducir grandes distancias y ahorrar dinero. Si\" \/>\n<meta property=\"og:url\" content=\"https:\/\/www.globecar.com\/es\/servicios-adicionales\/kilometraje-ilimitado\/\" \/>\n<meta property=\"og:site_name\" content=\"Alquiler de coches y camiones Globe en Montreal\" \/>\n<meta property=\"article:publisher\" content=\"https:\/\/www.facebook.com\/GlobeCar\" \/>\n<meta property=\"article:modified_time\" content=\"2024-05-08T13:10:56+00:00\" \/>\n<meta property=\"og:image\" content=\"https:\/\/www.globecar.com\/wp-content\/uploads\/2023\/12\/thumbnail_logo_final-1.jpg\" \/>\n\t<meta property=\"og:image:width\" content=\"555\" \/>\n\t<meta property=\"og:image:height\" content=\"555\" \/>\n\t<meta property=\"og:image:type\" content=\"image\/jpeg\" \/>\n<meta name=\"twitter:card\" content=\"summary_large_image\" \/>\n<meta name=\"twitter:site\" content=\"@GlobeCar\" \/>\n<meta name=\"twitter:label1\" content=\"Tiempo de lectura\" \/>\n\t<meta name=\"twitter:data1\" content=\"2 minutos\" \/>\n<script type=\"application\/ld+json\" class=\"yoast-schema-graph\">{\"@context\":\"https:\/\/schema.org\",\"@graph\":[{\"@type\":\"WebPage\",\"@id\":\"https:\/\/www.globecar.com\/es\/servicios-adicionales\/kilometraje-ilimitado\/\",\"url\":\"https:\/\/www.globecar.com\/es\/servicios-adicionales\/kilometraje-ilimitado\/\",\"name\":\"Alquiler de coches con kilometraje ilimitado | Alquiler de coches y camiones Globe en Montreal\",\"isPartOf\":{\"@id\":\"https:\/\/www.globecar.com\/es\/#website\"},\"datePublished\":\"2024-03-19T18:06:33+00:00\",\"dateModified\":\"2024-05-08T13:10:56+00:00\",\"description\":\"El kilometraje ilimitado con Auto Rental es siempre la mejor opci\u00f3n para su tranquilidad. Haga de su alquiler de coche una gran experiencia seleccionando Unlimited KMS.\",\"breadcrumb\":{\"@id\":\"https:\/\/www.globecar.com\/es\/servicios-adicionales\/kilometraje-ilimitado\/#breadcrumb\"},\"inLanguage\":\"es\",\"potentialAction\":[{\"@type\":\"ReadAction\",\"target\":[\"https:\/\/www.globecar.com\/es\/servicios-adicionales\/kilometraje-ilimitado\/\"]}]},{\"@type\":\"BreadcrumbList\",\"@id\":\"https:\/\/www.globecar.com\/es\/servicios-adicionales\/kilometraje-ilimitado\/#breadcrumb\",\"itemListElement\":[{\"@type\":\"ListItem\",\"position\":1,\"name\":\"Inicio\",\"item\":\"https:\/\/www.globecar.com\/es\/\"},{\"@type\":\"ListItem\",\"position\":2,\"name\":\"Servicios adicionales\",\"item\":\"https:\/\/www.globecar.com\/es\/servicios-adicionales\/\"},{\"@type\":\"ListItem\",\"position\":3,\"name\":\"Kilometraje ilimitado\"}]},{\"@type\":\"WebSite\",\"@id\":\"https:\/\/www.globecar.com\/es\/#website\",\"url\":\"https:\/\/www.globecar.com\/es\/\",\"name\":\"Globe Location d'Autos et Camions \u00e0 Montr\u00e9al\",\"description\":\"Drive 4 Less\",\"publisher\":{\"@id\":\"https:\/\/www.globecar.com\/es\/#organization\"},\"alternateName\":\"GlobeCar\",\"potentialAction\":[{\"@type\":\"SearchAction\",\"target\":{\"@type\":\"EntryPoint\",\"urlTemplate\":\"https:\/\/www.globecar.com\/es\/?s={search_term_string}\"},\"query-input\":{\"@type\":\"PropertyValueSpecification\",\"valueRequired\":true,\"valueName\":\"search_term_string\"}}],\"inLanguage\":\"es\"},{\"@type\":\"Organization\",\"@id\":\"https:\/\/www.globecar.com\/es\/#organization\",\"name\":\"Globe Car & Truck Rental\",\"alternateName\":\"GlobeCar\",\"url\":\"https:\/\/www.globecar.com\/es\/\",\"logo\":{\"@type\":\"ImageObject\",\"inLanguage\":\"es\",\"@id\":\"https:\/\/www.globecar.com\/es\/#\/schema\/logo\/image\/\",\"url\":\"https:\/\/www.globecar.com\/wp-content\/uploads\/2023\/12\/thumbnail_logo_final-1.jpg\",\"contentUrl\":\"https:\/\/www.globecar.com\/wp-content\/uploads\/2023\/12\/thumbnail_logo_final-1.jpg\",\"width\":555,\"height\":555,\"caption\":\"Globe Car & Truck Rental\"},\"image\":{\"@id\":\"https:\/\/www.globecar.com\/es\/#\/schema\/logo\/image\/\"},\"sameAs\":[\"https:\/\/www.facebook.com\/GlobeCar\",\"https:\/\/x.com\/GlobeCar\",\"https:\/\/mastodon.social\/@globecar\",\"https:\/\/www.instagram.com\/globecar\/\",\"https:\/\/www.linkedin.com\/company\/globecar\/\",\"https:\/\/www.pinterest.com\/globecar\",\"https:\/\/www.youtube.com\/c\/GlobecarRentals\"]}]}<\/script>\n<!-- \/ Yoast SEO Premium plugin. -->","yoast_head_json":{"title":"Alquiler de coches con kilometraje ilimitado | Alquiler de coches y camiones Globe en Montreal","description":"El kilometraje ilimitado con Auto Rental es siempre la mejor opci\u00f3n para su tranquilidad. Haga de su alquiler de coche una gran experiencia seleccionando Unlimited KMS.","robots":{"index":"index","follow":"follow","max-snippet":"max-snippet:-1","max-image-preview":"max-image-preview:large","max-video-preview":"max-video-preview:-1"},"canonical":"https:\/\/www.globecar.com\/es\/servicios-adicionales\/kilometraje-ilimitado\/","og_locale":"es_ES","og_type":"article","og_title":"Kilometraje ilimitado","og_description":"\u00a1Libertad! Alquiler de coches sin l\u00edmite de KMS*. Los clientes eligen esta opci\u00f3n cuando quieren conducir grandes distancias y ahorrar dinero. Si","og_url":"https:\/\/www.globecar.com\/es\/servicios-adicionales\/kilometraje-ilimitado\/","og_site_name":"Alquiler de coches y camiones Globe en Montreal","article_publisher":"https:\/\/www.facebook.com\/GlobeCar","article_modified_time":"2024-05-08T13:10:56+00:00","og_image":[{"width":555,"height":555,"url":"https:\/\/www.globecar.com\/wp-content\/uploads\/2023\/12\/thumbnail_logo_final-1.jpg","type":"image\/jpeg"}],"twitter_card":"summary_large_image","twitter_site":"@GlobeCar","twitter_misc":{"Tiempo de lectura":"2 minutos"},"schema":{"@context":"https:\/\/schema.org","@graph":[{"@type":"WebPage","@id":"https:\/\/www.globecar.com\/es\/servicios-adicionales\/kilometraje-ilimitado\/","url":"https:\/\/www.globecar.com\/es\/servicios-adicionales\/kilometraje-ilimitado\/","name":"Alquiler de coches con kilometraje ilimitado | Alquiler de coches y camiones Globe en Montreal","isPartOf":{"@id":"https:\/\/www.globecar.com\/es\/#website"},"datePublished":"2024-03-19T18:06:33+00:00","dateModified":"2024-05-08T13:10:56+00:00","description":"El kilometraje ilimitado con Auto Rental es siempre la mejor opci\u00f3n para su tranquilidad. Haga de su alquiler de coche una gran experiencia seleccionando Unlimited KMS.","breadcrumb":{"@id":"https:\/\/www.globecar.com\/es\/servicios-adicionales\/kilometraje-ilimitado\/#breadcrumb"},"inLanguage":"es","potentialAction":[{"@type":"ReadAction","target":["https:\/\/www.globecar.com\/es\/servicios-adicionales\/kilometraje-ilimitado\/"]}]},{"@type":"BreadcrumbList","@id":"https:\/\/www.globecar.com\/es\/servicios-adicionales\/kilometraje-ilimitado\/#breadcrumb","itemListElement":[{"@type":"ListItem","position":1,"name":"Inicio","item":"https:\/\/www.globecar.com\/es\/"},{"@type":"ListItem","position":2,"name":"Servicios adicionales","item":"https:\/\/www.globecar.com\/es\/servicios-adicionales\/"},{"@type":"ListItem","position":3,"name":"Kilometraje ilimitado"}]},{"@type":"WebSite","@id":"https:\/\/www.globecar.com\/es\/#website","url":"https:\/\/www.globecar.com\/es\/","name":"Globe Location d'Autos et Camions \u00e0 Montr\u00e9al","description":"Drive 4 Less","publisher":{"@id":"https:\/\/www.globecar.com\/es\/#organization"},"alternateName":"GlobeCar","potentialAction":[{"@type":"SearchAction","target":{"@type":"EntryPoint","urlTemplate":"https:\/\/www.globecar.com\/es\/?s={search_term_string}"},"query-input":{"@type":"PropertyValueSpecification","valueRequired":true,"valueName":"search_term_string"}}],"inLanguage":"es"},{"@type":"Organization","@id":"https:\/\/www.globecar.com\/es\/#organization","name":"Globe Car & Truck Rental","alternateName":"GlobeCar","url":"https:\/\/www.globecar.com\/es\/","logo":{"@type":"ImageObject","inLanguage":"es","@id":"https:\/\/www.globecar.com\/es\/#\/schema\/logo\/image\/","url":"https:\/\/www.globecar.com\/wp-content\/uploads\/2023\/12\/thumbnail_logo_final-1.jpg","contentUrl":"https:\/\/www.globecar.com\/wp-content\/uploads\/2023\/12\/thumbnail_logo_final-1.jpg","width":555,"height":555,"caption":"Globe Car & Truck Rental"},"image":{"@id":"https:\/\/www.globecar.com\/es\/#\/schema\/logo\/image\/"},"sameAs":["https:\/\/www.facebook.com\/GlobeCar","https:\/\/x.com\/GlobeCar","https:\/\/mastodon.social\/@globecar","https:\/\/www.instagram.com\/globecar\/","https:\/\/www.linkedin.com\/company\/globecar\/","https:\/\/www.pinterest.com\/globecar","https:\/\/www.youtube.com\/c\/GlobecarRentals"]}]}},"jetpack_sharing_enabled":true,"jetpack_shortlink":"https:\/\/wp.me\/PaiT2D-3yj","_links":{"self":[{"href":"https:\/\/www.globecar.com\/es\/wp-json\/wp\/v2\/pages\/13659","targetHints":{"allow":["GET"]}}],"collection":[{"href":"https:\/\/www.globecar.com\/es\/wp-json\/wp\/v2\/pages"}],"about":[{"href":"https:\/\/www.globecar.com\/es\/wp-json\/wp\/v2\/types\/page"}],"author":[{"embeddable":true,"href":"https:\/\/www.globecar.com\/es\/wp-json\/wp\/v2\/users\/1"}],"replies":[{"embeddable":true,"href":"https:\/\/www.globecar.com\/es\/wp-json\/wp\/v2\/comments?post=13659"}],"version-history":[{"count":0,"href":"https:\/\/www.globecar.com\/es\/wp-json\/wp\/v2\/pages\/13659\/revisions"}],"up":[{"embeddable":true,"href":"https:\/\/www.globecar.com\/es\/wp-json\/wp\/v2\/pages\/13737"}],"wp:attachment":[{"href":"https:\/\/www.globecar.com\/es\/wp-json\/wp\/v2\/media?parent=13659"}],"curies":[{"name":"wp","href":"https:\/\/api.w.org\/{rel}","templated":true}]}}