{"id":13640,"date":"2024-03-19T14:06:32","date_gmt":"2024-03-19T18:06:32","guid":{"rendered":"https:\/\/www.globecar.com\/responsabilidad\/"},"modified":"2024-05-08T09:07:38","modified_gmt":"2024-05-08T13:07:38","slug":"responsabilidad","status":"publish","type":"page","link":"https:\/\/www.globecar.com\/es\/cobertura-de-alquiler-de-vehiculos\/responsabilidad\/","title":{"rendered":"Responsabilidad"},"content":{"rendered":"<div class=\"wpb-content-wrapper\"><p>[vc_row is_header=\u00bbtrue\u00bb][vc_column width=\u00bb1\/2&#8243;][vc_column_text]<\/p>\n<h1>Globe Car Rental le protege hasta 5.000.000 de d\u00f3lares contra responsabilidad civil.<\/h1>\n<p>La responsabilidad civil es un asunto serio, as\u00ed que hicimos un esfuerzo adicional por si acaso&#8230;<\/p>\n<p>La cobertura de responsabilidad civil est\u00e1 incluida en todos nuestros alquileres. Se trata de la protecci\u00f3n de veh\u00edculos y bienes de terceros. Sin embargo, la <a href=\"https:\/\/www.globecar.com\/es\/cobertura-de-alquiler-de-vehiculos\/exencion-de-responsabilidad-por-danos-por-colision\/\">exenci\u00f3n de da\u00f1os por colisi\u00f3n<\/a> (CDW) no est\u00e1 incluida en el presupuesto del alquiler.[\/vc_column_text][\/vc_column][vc_column width=\u00bb1\/2&#8243;][vc_single_image image=\u00bb8999&#8243; img_size=\u00bbfull\u00bb][\/vc_column][\/vc_row][vc_row][vc_column][vc_wp_custommenu nav_menu=\u00bb2428&#8243;][\/vc_column][\/vc_row][vc_section is_container=\u00bbtrue\u00bb][vc_row][vc_column][vc_column_text]<\/p>\n<table style=\"width: 633px; height: 333px;\">\n<tbody>\n<tr style=\"height: 93px;\">\n<td style=\"vertical-align: top; width: 303px; height: 93px;\">\n<h3>Cobertura de responsabilidad civil<br \/>\nDetalles<\/h3>\n<\/td>\n<td style=\"background-color: #f8f9f7; text-align: center; vertical-align: top; width: 162px; height: 93px;\"><img decoding=\"async\" class=\"alignnone wp-image-16324 size-medium\" src=\"https:\/\/www.globecar.com\/wp-content\/uploads\/2024\/04\/GLOBE_Logo_Spanish-2-400x123.png\" alt=\"\" width=\"400\" height=\"123\" srcset=\"https:\/\/www.globecar.com\/wp-content\/uploads\/2024\/04\/GLOBE_Logo_Spanish-2-400x123.png 400w, https:\/\/www.globecar.com\/wp-content\/uploads\/2024\/04\/GLOBE_Logo_Spanish-2-1024x315.png 1024w, https:\/\/www.globecar.com\/wp-content\/uploads\/2024\/04\/GLOBE_Logo_Spanish-2-150x46.png 150w, https:\/\/www.globecar.com\/wp-content\/uploads\/2024\/04\/GLOBE_Logo_Spanish-2-1536x473.png 1536w, https:\/\/www.globecar.com\/wp-content\/uploads\/2024\/04\/GLOBE_Logo_Spanish-2-68x21.png 68w, https:\/\/www.globecar.com\/wp-content\/uploads\/2024\/04\/GLOBE_Logo_Spanish-2-200x62.png 200w, https:\/\/www.globecar.com\/wp-content\/uploads\/2024\/04\/GLOBE_Logo_Spanish-2-24x7.png 24w, https:\/\/www.globecar.com\/wp-content\/uploads\/2024\/04\/GLOBE_Logo_Spanish-2-36x11.png 36w, https:\/\/www.globecar.com\/wp-content\/uploads\/2024\/04\/GLOBE_Logo_Spanish-2-48x15.png 48w, https:\/\/www.globecar.com\/wp-content\/uploads\/2024\/04\/GLOBE_Logo_Spanish-2.png 1774w, https:\/\/www.globecar.com\/wp-content\/uploads\/2024\/04\/GLOBE_Logo_Spanish-2-400x123@2x.png 800w, https:\/\/www.globecar.com\/wp-content\/uploads\/2024\/04\/GLOBE_Logo_Spanish-2-150x46@2x.png 300w\" sizes=\"(max-width: 400px) 100vw, 400px\" \/><\/td>\n<td style=\"text-align: center; vertical-align: top; width: 146px; height: 93px;\">\n<h3>Otros alquileres<br \/>\nAgencias<\/h3>\n<\/td>\n<\/tr>\n<tr style=\"height: 48px;\">\n<td style=\"width: 303px; height: 48px;\">Un mill\u00f3n de d\u00f3lares <span class=\"tooltip\" data-tooltip-content=\"#tooltip_content13442\"><i class=\"fa fa-info-circle\" aria-hidden=\"true\"><\/i><\/span><div class=\"tooltip_templates\"><div id=\"tooltip_content13442\"><h4>Un mill\u00f3n de d\u00f3lares<\/h4><p><span style=\"font-weight: 400;\">Otras agencias de alquiler cubren las reclamaciones por responsabilidad civil hasta 1 mill\u00f3n de d\u00f3lares. Lea la letra peque\u00f1a. Las agencias de alquiler de autom\u00f3viles independientes m\u00e1s peque\u00f1as pueden no tener cobertura suficiente.<\/span><span style=\"font-weight: 400;\"><br \/>\n<\/span><\/p>\n<\/div><\/div><\/td>\n<td style=\"background-color: #f8f9f7; text-align: center; vertical-align: middle; width: 162px; height: 48px;\">Cubrimos m\u00e1s<\/td>\n<td style=\"text-align: center; vertical-align: middle; width: 146px; height: 48px;\"><i class=\"fa fa-check \" ><\/i><\/td>\n<\/tr>\n<tr style=\"height: 24px;\">\n<td style=\"width: 303px; height: 24px;\">5 millones de d\u00f3lares <span class=\"tooltip\" data-tooltip-content=\"#tooltip_content13443\"><i class=\"fa fa-info-circle\" aria-hidden=\"true\"><\/i><\/span><div class=\"tooltip_templates\"><div id=\"tooltip_content13443\"><h4>5 millones de d\u00f3lares<\/h4><p><span style=\"font-weight: 400;\">La p\u00f3liza suscrita por Globe Car Rental cubre la responsabilidad civil hasta 5 millones de d\u00f3lares. Esto es totalmente gratis, sin condiciones.<\/span><\/p>\n<\/div><\/div><\/td>\n<td style=\"background-color: #f8f9f7; text-align: center; vertical-align: middle; width: 162px; height: 24px;\"><i class=\"fa fa-check \" ><\/i><\/td>\n<td style=\"text-align: center; vertical-align: middle; width: 146px; height: 24px;\"><\/td>\n<\/tr>\n<tr style=\"height: 24px;\">\n<td style=\"width: 303px; height: 24px;\">Da\u00f1os a terceros <span class=\"tooltip\" data-tooltip-content=\"#tooltip_content13441\"><i class=\"fa fa-info-circle\" aria-hidden=\"true\"><\/i><\/span><div class=\"tooltip_templates\"><div id=\"tooltip_content13441\"><h4>Da\u00f1os a terceros<\/h4><p><b>En la provincia de Quebec<\/b>La Soci\u00e9t\u00e9 de l&#8217;Assurance Automobile du Qu\u00e9bec (SAAQ) proporciona normalmente cobertura por da\u00f1os corporales a los residentes en Quebec, as\u00ed como un no residente que circule por las carreteras de Quebec y sea conductor o pasajero de un veh\u00edculo de motor matriculado en Quebec tiene derecho a la misma indemnizaci\u00f3n que un residente por un accidente sufrido en Quebec. Consulte el <a href=\"https:\/\/saaq.gouv.qc.ca\/en\/traffic-accident\/public-automobile-insurance-plan\/covered-how\/\">sitio web de la SAAQ sobre cobertura de da\u00f1os corporales<\/a> para obtener informaci\u00f3n actualizada. Globe no garantiza la exactitud, integridad, actualidad o fiabilidad de esta informaci\u00f3n.<\/p>\n<p><strong>Fuera de la provincia de Quebec,<\/strong> Globe le ofrece una protecci\u00f3n de hasta 5 millones de d\u00f3lares en caso de que personas lesionadas en un accidente le reclamen da\u00f1os corporales y materiales. No se trata de una prestaci\u00f3n por lesiones o fallecimiento del arrendatario. La Protecci\u00f3n de Responsabilidad Civil se proporciona al arrendatario y a cualquier conductor adicional autorizado que haya cumplido con los t\u00e9rminos del contrato de alquiler est\u00e1ndar aplicable.<\/p>\n<\/div><\/div><\/td>\n<td style=\"background-color: #f8f9f7; text-align: center; vertical-align: middle; width: 162px; height: 24px;\"><i class=\"fa fa-check \" ><\/i><\/td>\n<td style=\"text-align: center; vertical-align: middle; width: 146px; height: 24px;\"><\/td>\n<\/tr>\n<tr style=\"height: 24px;\">\n<td style=\"width: 303px; height: 24px;\">Propiedad de terceros <span class=\"tooltip\" data-tooltip-content=\"#tooltip_content13440\"><i class=\"fa fa-info-circle\" aria-hidden=\"true\"><\/i><\/span><div class=\"tooltip_templates\"><div id=\"tooltip_content13440\"><h4>Propiedad de terceros<\/h4><p><span style=\"font-weight: 400;\">Da\u00f1os causados por cualquier conductor autorizado a otros veh\u00edculos y\/o propiedades (edificios, \u00e1rboles, etc&#8230;), la P\u00f3liza de Responsabilidad Civil de Globe ofrece protecci\u00f3n en todo Canad\u00e1 y Estados Unidos.<\/span><\/p>\n<\/div><\/div><\/td>\n<td style=\"background-color: #f8f9f7; text-align: center; vertical-align: middle; width: 162px; height: 24px;\"><i class=\"fa fa-check \" ><\/i><\/td>\n<td style=\"text-align: center; vertical-align: middle; width: 146px; height: 24px;\"><\/td>\n<\/tr>\n<tr style=\"height: 24px;\">\n<td style=\"width: 303px; height: 24px;\">Cobertura en todo Canad\u00e1 <span class=\"tooltip\" data-tooltip-content=\"#tooltip_content13439\"><i class=\"fa fa-info-circle\" aria-hidden=\"true\"><\/i><\/span><div class=\"tooltip_templates\"><div id=\"tooltip_content13439\"><h4>Cobertura en todo Canad\u00e1<\/h4><p><span style=\"font-weight: 400;\">Nuestra p\u00f3liza de responsabilidad civil se extiende a todo Canad\u00e1.<\/span><\/p>\n<\/div><\/div><\/td>\n<td style=\"background-color: #f8f9f7; text-align: center; vertical-align: middle; width: 162px; height: 24px;\"><i class=\"fa fa-check \" ><\/i><\/td>\n<td style=\"text-align: center; vertical-align: middle; width: 146px; height: 24px;\"><\/td>\n<\/tr>\n<tr style=\"height: 24px;\">\n<td style=\"width: 303px; height: 24px;\">Cobertura en todo EE.UU. <span class=\"tooltip\" data-tooltip-content=\"#tooltip_content13438\"><i class=\"fa fa-info-circle\" aria-hidden=\"true\"><\/i><\/span><div class=\"tooltip_templates\"><div id=\"tooltip_content13438\"><h4>Cobertura en todo EE.UU.<\/h4><p><span style=\"font-weight: 400;\">Nuestra p\u00f3liza de responsabilidad civil se extiende a todo EE.UU.<\/span><\/p>\n<\/div><\/div><\/td>\n<td style=\"background-color: #f8f9f7; text-align: center; vertical-align: middle; width: 162px; height: 24px;\"><i class=\"fa fa-check \" ><\/i><\/td>\n<td style=\"text-align: center; vertical-align: middle; width: 146px; height: 24px;\"><\/td>\n<\/tr>\n<tr style=\"height: 48px;\">\n<td style=\"width: 303px; height: 48px;\">Cobertura adicional para conductores <span class=\"tooltip\" data-tooltip-content=\"#tooltip_content13436\"><i class=\"fa fa-info-circle\" aria-hidden=\"true\"><\/i><\/span><div class=\"tooltip_templates\"><div id=\"tooltip_content13436\"><h4>Cobertura para conductores adicionales<\/h4><p><span style=\"font-weight: 400;\">Todos los conductores nombrados en el contrato de alquiler disfrutan de la misma cobertura que el conductor principal. S\u00ed, sin coste adicional.<\/span><\/p>\n<\/div><\/div><\/td>\n<td style=\"background-color: #f8f9f7; text-align: center; vertical-align: middle; width: 162px; height: 48px;\"><i class=\"fa fa-check \" ><\/i><\/td>\n<td style=\"text-align: center; vertical-align: middle; width: 146px; height: 48px;\"><\/td>\n<\/tr>\n<tr style=\"height: 24px;\">\n<td style=\"width: 303px; height: 24px;\">Aplicaci\u00f3n autom\u00e1tica <span class=\"tooltip\" data-tooltip-content=\"#tooltip_content13446\"><i class=\"fa fa-info-circle\" aria-hidden=\"true\"><\/i><\/span><div class=\"tooltip_templates\"><div id=\"tooltip_content13446\"><h4>Aplicaci\u00f3n autom\u00e1tica<\/h4><p><span style=\"font-weight: 400;\">Nuestra cobertura de responsabilidad civil gratuita se aplica autom\u00e1ticamente en el momento en que sale con su coche alquilado.<\/span><\/p>\n<\/div><\/div><\/td>\n<td style=\"background-color: #f8f9f7; text-align: center; vertical-align: middle; width: 162px; height: 24px;\"><i class=\"fa fa-check \" ><\/i><\/td>\n<td style=\"text-align: center; vertical-align: middle; width: 146px; height: 24px;\"><\/td>\n<\/tr>\n<\/tbody>\n<\/table>\n<p>[\/vc_column_text][\/vc_column][\/vc_row][\/vc_section][vc_section][vc_row full_width=\u00bbstretch_row\u00bb][vc_column]\n\t\t<div class=\"simple-banner \">\n\t\t\t<img decoding=\"async\" width=\"1574\" height=\"390\" src=\"https:\/\/www.globecar.com\/wp-content\/uploads\/2017\/08\/ready-to-drive.jpg\" class=\"attachment-full size-full\" alt=\"ready-to-drive\" srcset=\"https:\/\/www.globecar.com\/wp-content\/uploads\/2017\/08\/ready-to-drive.jpg 1574w, https:\/\/www.globecar.com\/wp-content\/uploads\/2017\/08\/ready-to-drive-150x37.jpg 150w, https:\/\/www.globecar.com\/wp-content\/uploads\/2017\/08\/ready-to-drive-300x74.jpg 300w, https:\/\/www.globecar.com\/wp-content\/uploads\/2017\/08\/ready-to-drive-768x190.jpg 768w, https:\/\/www.globecar.com\/wp-content\/uploads\/2017\/08\/ready-to-drive-1024x254.jpg 1024w, https:\/\/www.globecar.com\/wp-content\/uploads\/2017\/08\/ready-to-drive-300x74@2x.jpg 600w, https:\/\/www.globecar.com\/wp-content\/uploads\/2017\/08\/ready-to-drive-768x190@2x.jpg 1536w\" sizes=\"(max-width: 1574px) 100vw, 1574px\" \/>\n\t\t\t<div class=\"wrap\"><div class=\"mini-wrap\"><h3>\u00bfListo para conducir?<\/h3><\/div><a class=\"button onDark full large\" href=\"https:\/\/reserve.globecar.com\/en\/rent-a-car\">Alquilar un veh\u00edculo<\/a>\t<\/div><\/div>[\/vc_column][\/vc_row][\/vc_section]<\/p>\n<\/div>","protected":false},"excerpt":{"rendered":"<p>[vc_row is_header=\u00bbtrue\u00bb][vc_column width=\u00bb1\/2&#8243;][vc_column_text] Globe Car Rental le protege hasta 5.000.000 de d\u00f3lares contra responsabilidad civil. La responsabilidad civil es un asunto serio, as\u00ed que hicimos un esfuerzo adicional por si acaso&#8230; La cobertura de responsabilidad civil est\u00e1 incluida en todos nuestros alquileres. Se trata de la protecci\u00f3n de veh\u00edculos y bienes de terceros. Sin embargo, [&hellip;]<\/p>\n","protected":false},"author":1,"featured_media":0,"parent":13782,"menu_order":0,"comment_status":"closed","ping_status":"closed","template":"","meta":{"_acf_changed":false,"_genesis_hide_title":false,"_genesis_hide_breadcrumbs":false,"_genesis_hide_singular_image":false,"_genesis_hide_footer_widgets":false,"_genesis_custom_body_class":"","_genesis_custom_post_class":"","_genesis_layout":"","jetpack_post_was_ever_published":false,"footnotes":""},"class_list":{"0":"post-13640","1":"page","2":"type-page","3":"status-publish","5":"entry"},"acf":[],"yoast_head":"<!-- This site is optimized with the Yoast SEO Premium plugin v27.1 (Yoast SEO v27.1.1) - https:\/\/yoast.com\/product\/yoast-seo-premium-wordpress\/ -->\n<title>Cobertura de Responsabilidad Civil de Alquiler de Veh\u00edculos | Alquiler de coches y camiones Globe en Montreal<\/title>\n<meta name=\"description\" content=\"Con Globe, la cobertura del seguro de Responsabilidad Civil est\u00e1 incluida en el alquiler de su veh\u00edculo. Esta cobertura es para da\u00f1os a terceros y cada coche de alquiler debe estar cubierto.\" \/>\n<meta name=\"robots\" content=\"index, follow, max-snippet:-1, max-image-preview:large, max-video-preview:-1\" \/>\n<link rel=\"canonical\" href=\"https:\/\/www.globecar.com\/es\/cobertura-de-alquiler-de-vehiculos\/responsabilidad\/\" \/>\n<meta property=\"og:locale\" content=\"es_ES\" \/>\n<meta property=\"og:type\" content=\"article\" \/>\n<meta property=\"og:title\" content=\"Responsabilidad\" \/>\n<meta property=\"og:description\" content=\"Globe Car Rental le protege hasta 5.000.000 de d\u00f3lares contra responsabilidad civil. La responsabilidad civil es un asunto serio, as\u00ed que hicimos un\" \/>\n<meta property=\"og:url\" content=\"https:\/\/www.globecar.com\/es\/cobertura-de-alquiler-de-vehiculos\/responsabilidad\/\" \/>\n<meta property=\"og:site_name\" content=\"Alquiler de coches y camiones Globe en Montreal\" \/>\n<meta property=\"article:publisher\" content=\"https:\/\/www.facebook.com\/GlobeCar\" \/>\n<meta property=\"article:modified_time\" content=\"2024-05-08T13:07:38+00:00\" \/>\n<meta property=\"og:image\" content=\"https:\/\/www.globecar.com\/wp-content\/uploads\/2024\/04\/GLOBE_Logo_Spanish-2.png\" \/>\n\t<meta property=\"og:image:width\" content=\"1774\" \/>\n\t<meta property=\"og:image:height\" content=\"546\" \/>\n\t<meta property=\"og:image:type\" content=\"image\/png\" \/>\n<meta name=\"twitter:card\" content=\"summary_large_image\" \/>\n<meta name=\"twitter:site\" content=\"@GlobeCar\" \/>\n<meta name=\"twitter:label1\" content=\"Tiempo de lectura\" \/>\n\t<meta name=\"twitter:data1\" content=\"1 minuto\" \/>\n<script type=\"application\/ld+json\" class=\"yoast-schema-graph\">{\"@context\":\"https:\/\/schema.org\",\"@graph\":[{\"@type\":\"WebPage\",\"@id\":\"https:\/\/www.globecar.com\/es\/cobertura-de-alquiler-de-vehiculos\/responsabilidad\/\",\"url\":\"https:\/\/www.globecar.com\/es\/cobertura-de-alquiler-de-vehiculos\/responsabilidad\/\",\"name\":\"Cobertura de Responsabilidad Civil de Alquiler de Veh\u00edculos | Alquiler de coches y camiones Globe en Montreal\",\"isPartOf\":{\"@id\":\"https:\/\/www.globecar.com\/es\/#website\"},\"primaryImageOfPage\":{\"@id\":\"https:\/\/www.globecar.com\/es\/cobertura-de-alquiler-de-vehiculos\/responsabilidad\/#primaryimage\"},\"image\":{\"@id\":\"https:\/\/www.globecar.com\/es\/cobertura-de-alquiler-de-vehiculos\/responsabilidad\/#primaryimage\"},\"thumbnailUrl\":\"https:\/\/www.globecar.com\/wp-content\/uploads\/2024\/04\/GLOBE_Logo_Spanish-2-400x123.png\",\"datePublished\":\"2024-03-19T18:06:32+00:00\",\"dateModified\":\"2024-05-08T13:07:38+00:00\",\"description\":\"Con Globe, la cobertura del seguro de Responsabilidad Civil est\u00e1 incluida en el alquiler de su veh\u00edculo. Esta cobertura es para da\u00f1os a terceros y cada coche de alquiler debe estar cubierto.\",\"breadcrumb\":{\"@id\":\"https:\/\/www.globecar.com\/es\/cobertura-de-alquiler-de-vehiculos\/responsabilidad\/#breadcrumb\"},\"inLanguage\":\"es\",\"potentialAction\":[{\"@type\":\"ReadAction\",\"target\":[\"https:\/\/www.globecar.com\/es\/cobertura-de-alquiler-de-vehiculos\/responsabilidad\/\"]}]},{\"@type\":\"ImageObject\",\"inLanguage\":\"es\",\"@id\":\"https:\/\/www.globecar.com\/es\/cobertura-de-alquiler-de-vehiculos\/responsabilidad\/#primaryimage\",\"url\":\"https:\/\/www.globecar.com\/wp-content\/uploads\/2024\/04\/GLOBE_Logo_Spanish-2-400x123.png\",\"contentUrl\":\"https:\/\/www.globecar.com\/wp-content\/uploads\/2024\/04\/GLOBE_Logo_Spanish-2-400x123.png\"},{\"@type\":\"BreadcrumbList\",\"@id\":\"https:\/\/www.globecar.com\/es\/cobertura-de-alquiler-de-vehiculos\/responsabilidad\/#breadcrumb\",\"itemListElement\":[{\"@type\":\"ListItem\",\"position\":1,\"name\":\"Inicio\",\"item\":\"https:\/\/www.globecar.com\/es\/\"},{\"@type\":\"ListItem\",\"position\":2,\"name\":\"Cobertura de alquiler de veh\u00edculos\",\"item\":\"https:\/\/www.globecar.com\/es\/cobertura-de-alquiler-de-vehiculos\/\"},{\"@type\":\"ListItem\",\"position\":3,\"name\":\"Responsabilidad\"}]},{\"@type\":\"WebSite\",\"@id\":\"https:\/\/www.globecar.com\/es\/#website\",\"url\":\"https:\/\/www.globecar.com\/es\/\",\"name\":\"Globe Location d'Autos et Camions \u00e0 Montr\u00e9al\",\"description\":\"Drive 4 Less\",\"publisher\":{\"@id\":\"https:\/\/www.globecar.com\/es\/#organization\"},\"alternateName\":\"GlobeCar\",\"potentialAction\":[{\"@type\":\"SearchAction\",\"target\":{\"@type\":\"EntryPoint\",\"urlTemplate\":\"https:\/\/www.globecar.com\/es\/?s={search_term_string}\"},\"query-input\":{\"@type\":\"PropertyValueSpecification\",\"valueRequired\":true,\"valueName\":\"search_term_string\"}}],\"inLanguage\":\"es\"},{\"@type\":\"Organization\",\"@id\":\"https:\/\/www.globecar.com\/es\/#organization\",\"name\":\"Globe Car & Truck Rental\",\"alternateName\":\"GlobeCar\",\"url\":\"https:\/\/www.globecar.com\/es\/\",\"logo\":{\"@type\":\"ImageObject\",\"inLanguage\":\"es\",\"@id\":\"https:\/\/www.globecar.com\/es\/#\/schema\/logo\/image\/\",\"url\":\"https:\/\/www.globecar.com\/wp-content\/uploads\/2023\/12\/thumbnail_logo_final-1.jpg\",\"contentUrl\":\"https:\/\/www.globecar.com\/wp-content\/uploads\/2023\/12\/thumbnail_logo_final-1.jpg\",\"width\":555,\"height\":555,\"caption\":\"Globe Car & Truck Rental\"},\"image\":{\"@id\":\"https:\/\/www.globecar.com\/es\/#\/schema\/logo\/image\/\"},\"sameAs\":[\"https:\/\/www.facebook.com\/GlobeCar\",\"https:\/\/x.com\/GlobeCar\",\"https:\/\/mastodon.social\/@globecar\",\"https:\/\/www.instagram.com\/globecar\/\",\"https:\/\/www.linkedin.com\/company\/globecar\/\",\"https:\/\/www.pinterest.com\/globecar\",\"https:\/\/www.youtube.com\/c\/GlobecarRentals\"]}]}<\/script>\n<!-- \/ Yoast SEO Premium plugin. -->","yoast_head_json":{"title":"Cobertura de Responsabilidad Civil de Alquiler de Veh\u00edculos | Alquiler de coches y camiones Globe en Montreal","description":"Con Globe, la cobertura del seguro de Responsabilidad Civil est\u00e1 incluida en el alquiler de su veh\u00edculo. Esta cobertura es para da\u00f1os a terceros y cada coche de alquiler debe estar cubierto.","robots":{"index":"index","follow":"follow","max-snippet":"max-snippet:-1","max-image-preview":"max-image-preview:large","max-video-preview":"max-video-preview:-1"},"canonical":"https:\/\/www.globecar.com\/es\/cobertura-de-alquiler-de-vehiculos\/responsabilidad\/","og_locale":"es_ES","og_type":"article","og_title":"Responsabilidad","og_description":"Globe Car Rental le protege hasta 5.000.000 de d\u00f3lares contra responsabilidad civil. La responsabilidad civil es un asunto serio, as\u00ed que hicimos un","og_url":"https:\/\/www.globecar.com\/es\/cobertura-de-alquiler-de-vehiculos\/responsabilidad\/","og_site_name":"Alquiler de coches y camiones Globe en Montreal","article_publisher":"https:\/\/www.facebook.com\/GlobeCar","article_modified_time":"2024-05-08T13:07:38+00:00","og_image":[{"width":1774,"height":546,"url":"https:\/\/www.globecar.com\/wp-content\/uploads\/2024\/04\/GLOBE_Logo_Spanish-2.png","type":"image\/png"}],"twitter_card":"summary_large_image","twitter_site":"@GlobeCar","twitter_misc":{"Tiempo de lectura":"1 minuto"},"schema":{"@context":"https:\/\/schema.org","@graph":[{"@type":"WebPage","@id":"https:\/\/www.globecar.com\/es\/cobertura-de-alquiler-de-vehiculos\/responsabilidad\/","url":"https:\/\/www.globecar.com\/es\/cobertura-de-alquiler-de-vehiculos\/responsabilidad\/","name":"Cobertura de Responsabilidad Civil de Alquiler de Veh\u00edculos | Alquiler de coches y camiones Globe en Montreal","isPartOf":{"@id":"https:\/\/www.globecar.com\/es\/#website"},"primaryImageOfPage":{"@id":"https:\/\/www.globecar.com\/es\/cobertura-de-alquiler-de-vehiculos\/responsabilidad\/#primaryimage"},"image":{"@id":"https:\/\/www.globecar.com\/es\/cobertura-de-alquiler-de-vehiculos\/responsabilidad\/#primaryimage"},"thumbnailUrl":"https:\/\/www.globecar.com\/wp-content\/uploads\/2024\/04\/GLOBE_Logo_Spanish-2-400x123.png","datePublished":"2024-03-19T18:06:32+00:00","dateModified":"2024-05-08T13:07:38+00:00","description":"Con Globe, la cobertura del seguro de Responsabilidad Civil est\u00e1 incluida en el alquiler de su veh\u00edculo. Esta cobertura es para da\u00f1os a terceros y cada coche de alquiler debe estar cubierto.","breadcrumb":{"@id":"https:\/\/www.globecar.com\/es\/cobertura-de-alquiler-de-vehiculos\/responsabilidad\/#breadcrumb"},"inLanguage":"es","potentialAction":[{"@type":"ReadAction","target":["https:\/\/www.globecar.com\/es\/cobertura-de-alquiler-de-vehiculos\/responsabilidad\/"]}]},{"@type":"ImageObject","inLanguage":"es","@id":"https:\/\/www.globecar.com\/es\/cobertura-de-alquiler-de-vehiculos\/responsabilidad\/#primaryimage","url":"https:\/\/www.globecar.com\/wp-content\/uploads\/2024\/04\/GLOBE_Logo_Spanish-2-400x123.png","contentUrl":"https:\/\/www.globecar.com\/wp-content\/uploads\/2024\/04\/GLOBE_Logo_Spanish-2-400x123.png"},{"@type":"BreadcrumbList","@id":"https:\/\/www.globecar.com\/es\/cobertura-de-alquiler-de-vehiculos\/responsabilidad\/#breadcrumb","itemListElement":[{"@type":"ListItem","position":1,"name":"Inicio","item":"https:\/\/www.globecar.com\/es\/"},{"@type":"ListItem","position":2,"name":"Cobertura de alquiler de veh\u00edculos","item":"https:\/\/www.globecar.com\/es\/cobertura-de-alquiler-de-vehiculos\/"},{"@type":"ListItem","position":3,"name":"Responsabilidad"}]},{"@type":"WebSite","@id":"https:\/\/www.globecar.com\/es\/#website","url":"https:\/\/www.globecar.com\/es\/","name":"Globe Location d'Autos et Camions \u00e0 Montr\u00e9al","description":"Drive 4 Less","publisher":{"@id":"https:\/\/www.globecar.com\/es\/#organization"},"alternateName":"GlobeCar","potentialAction":[{"@type":"SearchAction","target":{"@type":"EntryPoint","urlTemplate":"https:\/\/www.globecar.com\/es\/?s={search_term_string}"},"query-input":{"@type":"PropertyValueSpecification","valueRequired":true,"valueName":"search_term_string"}}],"inLanguage":"es"},{"@type":"Organization","@id":"https:\/\/www.globecar.com\/es\/#organization","name":"Globe Car & Truck Rental","alternateName":"GlobeCar","url":"https:\/\/www.globecar.com\/es\/","logo":{"@type":"ImageObject","inLanguage":"es","@id":"https:\/\/www.globecar.com\/es\/#\/schema\/logo\/image\/","url":"https:\/\/www.globecar.com\/wp-content\/uploads\/2023\/12\/thumbnail_logo_final-1.jpg","contentUrl":"https:\/\/www.globecar.com\/wp-content\/uploads\/2023\/12\/thumbnail_logo_final-1.jpg","width":555,"height":555,"caption":"Globe Car & Truck Rental"},"image":{"@id":"https:\/\/www.globecar.com\/es\/#\/schema\/logo\/image\/"},"sameAs":["https:\/\/www.facebook.com\/GlobeCar","https:\/\/x.com\/GlobeCar","https:\/\/mastodon.social\/@globecar","https:\/\/www.instagram.com\/globecar\/","https:\/\/www.linkedin.com\/company\/globecar\/","https:\/\/www.pinterest.com\/globecar","https:\/\/www.youtube.com\/c\/GlobecarRentals"]}]}},"jetpack_sharing_enabled":true,"jetpack_shortlink":"https:\/\/wp.me\/PaiT2D-3y0","_links":{"self":[{"href":"https:\/\/www.globecar.com\/es\/wp-json\/wp\/v2\/pages\/13640","targetHints":{"allow":["GET"]}}],"collection":[{"href":"https:\/\/www.globecar.com\/es\/wp-json\/wp\/v2\/pages"}],"about":[{"href":"https:\/\/www.globecar.com\/es\/wp-json\/wp\/v2\/types\/page"}],"author":[{"embeddable":true,"href":"https:\/\/www.globecar.com\/es\/wp-json\/wp\/v2\/users\/1"}],"replies":[{"embeddable":true,"href":"https:\/\/www.globecar.com\/es\/wp-json\/wp\/v2\/comments?post=13640"}],"version-history":[{"count":0,"href":"https:\/\/www.globecar.com\/es\/wp-json\/wp\/v2\/pages\/13640\/revisions"}],"up":[{"embeddable":true,"href":"https:\/\/www.globecar.com\/es\/wp-json\/wp\/v2\/pages\/13782"}],"wp:attachment":[{"href":"https:\/\/www.globecar.com\/es\/wp-json\/wp\/v2\/media?parent=13640"}],"curies":[{"name":"wp","href":"https:\/\/api.w.org\/{rel}","templated":true}]}}