{"id":13639,"date":"2024-03-19T14:06:32","date_gmt":"2024-03-19T18:06:32","guid":{"rendered":"https:\/\/www.globecar.com\/paquete-de-ayuda-practica\/"},"modified":"2024-05-08T09:07:20","modified_gmt":"2024-05-08T13:07:20","slug":"paquete-de-ayuda-practica","status":"publish","type":"page","link":"https:\/\/www.globecar.com\/es\/cobertura-de-alquiler-de-vehiculos\/paquete-de-ayuda-practica\/","title":{"rendered":"Paquete de asistencia pr\u00e1ctica"},"content":{"rendered":"<div class=\"wpb-content-wrapper\"><p>[vc_row is_header=\u00bbtrue\u00bb][vc_column width=\u00bb2\/3&#8243; css=\u00bb.vc_custom_1507235373954{padding-top: 3em !important;padding-bottom: 3em !important;}\u00bb][vc_column_text]<\/p>\n<h1>Viaje sin estr\u00e9s con protecci\u00f3n total e interrupci\u00f3n del viaje.<\/h1>\n<p>PAP (Protection Assistance Plus) elimina principalmente su deducible si se selecciona con CDW (Collision Damage Waiver) a Cero $. Esta es la mejor opci\u00f3n para alquilar un coche con total tranquilidad. Y por s\u00f3lo 9,95 $\/d\u00eda, es realmente barato para toda esta protecci\u00f3n (v\u00e9ase la lista completa m\u00e1s abajo). No te vayas sin \u00e9l.[\/vc_column_text][\/vc_column][vc_column width=\u00bb1\/3&#8243;][vc_single_image image=\u00bb9273&#8243; img_size=\u00bbfull\u00bb alignment=\u00bbcenter\u00bb][\/vc_column][\/vc_row][vc_row][vc_column][vc_wp_custommenu nav_menu=\u00bb2428&#8243;][\/vc_column][\/vc_row][vc_section is_container=\u00bbtrue\u00bb][vc_row][vc_column][vc_column_text]<\/p>\n<table>\n<tbody>\n<tr>\n<td style=\"vertical-align: top;\">\n<h3>Asistencia pr\u00e1ctica completa Plus<\/h3>\n<\/td>\n<td style=\"background-color: #f8f9f7; text-align: center; vertical-align: top;\"><img decoding=\"async\" class=\"alignnone wp-image-16324 size-gallery-medium\" src=\"https:\/\/www.globecar.com\/wp-content\/uploads\/2024\/04\/GLOBE_Logo_Spanish-2-200x62.png\" alt=\"\" width=\"200\" height=\"62\" srcset=\"https:\/\/www.globecar.com\/wp-content\/uploads\/2024\/04\/GLOBE_Logo_Spanish-2-200x62.png 200w, https:\/\/www.globecar.com\/wp-content\/uploads\/2024\/04\/GLOBE_Logo_Spanish-2-400x123.png 400w, https:\/\/www.globecar.com\/wp-content\/uploads\/2024\/04\/GLOBE_Logo_Spanish-2-1024x315.png 1024w, https:\/\/www.globecar.com\/wp-content\/uploads\/2024\/04\/GLOBE_Logo_Spanish-2-150x46.png 150w, https:\/\/www.globecar.com\/wp-content\/uploads\/2024\/04\/GLOBE_Logo_Spanish-2-1536x473.png 1536w, https:\/\/www.globecar.com\/wp-content\/uploads\/2024\/04\/GLOBE_Logo_Spanish-2-68x21.png 68w, https:\/\/www.globecar.com\/wp-content\/uploads\/2024\/04\/GLOBE_Logo_Spanish-2-24x7.png 24w, https:\/\/www.globecar.com\/wp-content\/uploads\/2024\/04\/GLOBE_Logo_Spanish-2-36x11.png 36w, https:\/\/www.globecar.com\/wp-content\/uploads\/2024\/04\/GLOBE_Logo_Spanish-2-48x15.png 48w, https:\/\/www.globecar.com\/wp-content\/uploads\/2024\/04\/GLOBE_Logo_Spanish-2.png 1774w, https:\/\/www.globecar.com\/wp-content\/uploads\/2024\/04\/GLOBE_Logo_Spanish-2-400x123@2x.png 800w, https:\/\/www.globecar.com\/wp-content\/uploads\/2024\/04\/GLOBE_Logo_Spanish-2-150x46@2x.png 300w\" sizes=\"(max-width: 200px) 100vw, 200px\" \/><\/td>\n<\/tr>\n<tr>\n<td>Reduzca la franquicia de su CDW a 0 <span class=\"tooltip\" data-tooltip-content=\"#tooltip_content13445\"><i class=\"fa fa-info-circle\" aria-hidden=\"true\"><\/i><\/span><div class=\"tooltip_templates\"><div id=\"tooltip_content13445\"><h4>Reduzca la franquicia de su CDW a 0<\/h4><p>Elimina su deducible a $ 0 si se selecciona con CDW (Collision Damage Waiver)<\/p>\n<\/div><\/div><\/td>\n<td style=\"background-color: #f8f9f7; text-align: center; vertical-align: middle;\"><i class=\"fa fa-check \" ><\/i><\/td>\n<\/tr>\n<tr>\n<td>Protecci\u00f3n de neum\u00e1ticos <span class=\"tooltip\" data-tooltip-content=\"#tooltip_content13435\"><i class=\"fa fa-info-circle\" aria-hidden=\"true\"><\/i><\/span><div class=\"tooltip_templates\"><div id=\"tooltip_content13435\"><h4>Protecci\u00f3n de neum\u00e1ticos<\/h4><p>Globe&#8217;s PAP pagar\u00e1 o reembolsar\u00e1 cualquier coste derivado de un pinchazo, rotura de neum\u00e1ticos, da\u00f1os en el bordillo y cortes causados por un peligro en carretera.<\/p>\n<\/div><\/div><\/td>\n<td style=\"background-color: #f8f9f7; text-align: center; vertical-align: middle;\"><i class=\"fa fa-check \" ><\/i><\/td>\n<\/tr>\n<tr>\n<td>Protecci\u00f3n del parabrisas <span class=\"tooltip\" data-tooltip-content=\"#tooltip_content13447\"><i class=\"fa fa-info-circle\" aria-hidden=\"true\"><\/i><\/span><div class=\"tooltip_templates\"><div id=\"tooltip_content13447\"><h4>Protecci\u00f3n del parabrisas<\/h4><p>Globe&#8217;s PAP pagar\u00e1 o reembolsar\u00e1 cualquier coste derivado de un golpe de piedra en el parabrisas o en caso de parabrisas agrietado. Lamentablemente, debido a nuestro duro invierno canadiense, debemos sustituir un parabrisas astillado o agrietado, ya que repararlo provocar\u00eda una fisura.<\/p>\n<\/div><\/div><\/td>\n<td style=\"background-color: #f8f9f7; text-align: center; vertical-align: middle;\"><i class=\"fa fa-check \" ><\/i><\/td>\n<\/tr>\n<tr>\n<td>Servicio de emergencia en carretera <span class=\"tooltip\" data-tooltip-content=\"#tooltip_content13437\"><i class=\"fa fa-info-circle\" aria-hidden=\"true\"><\/i><\/span><div class=\"tooltip_templates\"><div id=\"tooltip_content13437\"><h4>Servicio de emergencia en carretera<\/h4><ul>\n<li>Remolque para salir de la zanja &#8211; Consigue que te saquen si te quedas atascado en la nieve o el barro.<\/li>\n<li>Servicio de bloqueo &#8211; Consigue entrar cuando las llaves est\u00e1n bloqueadas dentro del veh\u00edculo.<\/li>\n<li>Arranque r\u00e1pido &#8211; Si su veh\u00edculo sufre un fallo de bater\u00eda, le proporcionaremos un arranque r\u00e1pido.<\/li>\n<li>Asistencia y sustituci\u00f3n de neum\u00e1ticos pinchados: sustituiremos un neum\u00e1tico pinchado o da\u00f1ado por el de repuesto o remolcaremos el coche hasta el taller m\u00e1s cercano.<\/li>\n<li>Entrega de combustible &#8211; Si se queda sin gasolina, le entregaremos de 5 a 10 litros en su ubicaci\u00f3n. S\u00f3lo tiene que llamar al n\u00famero que encontrar\u00e1 en la parte posterior de la etiqueta de la llave de su coche de alquiler.<\/li>\n<\/ul>\n<\/div><\/div><\/td>\n<td style=\"background-color: #f8f9f7; text-align: center; vertical-align: middle;\"><i class=\"fa fa-check \" ><\/i><\/td>\n<\/tr>\n<tr>\n<td>Remolque en caso de accidente <span class=\"tooltip\" data-tooltip-content=\"#tooltip_content13432\"><i class=\"fa fa-info-circle\" aria-hidden=\"true\"><\/i><\/span><div class=\"tooltip_templates\"><div id=\"tooltip_content13432\"><h4>Remolque en caso de accidente<\/h4><p>El PAP de Globe incluye el remolque en caso de accidente o si el coche alquilado no se puede conducir. Pagaremos los gastos de remolque sin cargo alguno para usted.<\/p>\n<\/div><\/div><\/td>\n<td style=\"background-color: #f8f9f7; text-align: center; vertical-align: middle;\"><i class=\"fa fa-check \" ><\/i><\/td>\n<\/tr>\n<tr>\n<td>Transporte de emergencia (taxi, tarifas, etc&#8230;) <span class=\"tooltip\" data-tooltip-content=\"#tooltip_content13431\"><i class=\"fa fa-info-circle\" aria-hidden=\"true\"><\/i><\/span><div class=\"tooltip_templates\"><div id=\"tooltip_content13431\"><h4>Transporte de emergencia<\/h4><p>El PAP de Globe incluye una prestaci\u00f3n por interrupci\u00f3n del viaje en caso de accidente o aver\u00eda mec\u00e1nica. Globe reembolsar\u00e1 los gastos de taxi, transporte de urgencia y tarifas de hasta 125 d\u00f3lares (tasas e impuestos incluidos).<\/p>\n<\/div><\/div><\/td>\n<td style=\"background-color: #f8f9f7; text-align: center; vertical-align: middle;\"><i class=\"fa fa-check \" ><\/i><\/td>\n<\/tr>\n<tr>\n<td>Alojamiento en hoteles <span class=\"tooltip\" data-tooltip-content=\"#tooltip_content13444\"><i class=\"fa fa-info-circle\" aria-hidden=\"true\"><\/i><\/span><div class=\"tooltip_templates\"><div id=\"tooltip_content13444\"><h4>Alojamiento en hoteles<\/h4><p>El PAP de Globe incluye el reembolso del alojamiento en hotel en caso de que sufras un accidente o una aver\u00eda mec\u00e1nica que no pueda ser atendida en el mismo d\u00eda. Globe le reembolsar\u00e1 hasta 125 d\u00f3lares por gastos de hotel (incluidas todas las tasas e impuestos).<\/p>\n<\/div><\/div><\/td>\n<td style=\"background-color: #f8f9f7; text-align: center; vertical-align: middle;\"><i class=\"fa fa-check \" ><\/i><\/td>\n<\/tr>\n<tr>\n<td>P\u00e9rdida de uso <span class=\"tooltip\" data-tooltip-content=\"#tooltip_content13433\"><i class=\"fa fa-info-circle\" aria-hidden=\"true\"><\/i><\/span><div class=\"tooltip_templates\"><div id=\"tooltip_content13433\"><h4>P\u00e9rdida de uso<\/h4><p>La PAP de Globe exime al arrendatario y a todos los conductores adicionales de cualquier p\u00e9rdida de ingresos por alquiler derivada de un accidente mientras el veh\u00edculo se encuentra en el taller de reparaci\u00f3n.<\/p>\n<\/div><\/div><\/td>\n<td style=\"background-color: #f8f9f7; text-align: center; vertical-align: middle;\"><i class=\"fa fa-check \" ><\/i><\/td>\n<\/tr>\n<tr>\n<td>Ahorro deducible coche personal <span class=\"tooltip\" data-tooltip-content=\"#tooltip_content13429\"><i class=\"fa fa-info-circle\" aria-hidden=\"true\"><\/i><\/span><div class=\"tooltip_templates\"><div id=\"tooltip_content13429\"><h4>Ahorro deducible coche personal<\/h4><p>El Deductible Saver de Globe se aplica estrictamente a aquellos clientes que eligen utilizar su p\u00f3liza de seguro de coche personal para cubrir un coche de alquiler en Montreal. La opci\u00f3n Deductible Saver paga el importe de la franquicia (hasta 1.000 $) de su propia p\u00f3liza de seguro en caso de siniestro del veh\u00edculo alquilado.<\/p>\n<\/div><\/div><\/td>\n<td style=\"background-color: #f8f9f7; text-align: center; vertical-align: middle;\"><i class=\"fa fa-check \" ><\/i><\/td>\n<\/tr>\n<tr>\n<td>Da\u00f1os en el interior del coche de alquiler <span class=\"tooltip\" data-tooltip-content=\"#tooltip_content13434\"><i class=\"fa fa-info-circle\" aria-hidden=\"true\"><\/i><\/span><div class=\"tooltip_templates\"><div id=\"tooltip_content13434\"><h4>Da\u00f1os en el interior del coche de alquiler<\/h4><p>La PAP de Globe exime al arrendatario de todos los da\u00f1os involuntarios en los paneles interiores, manchas y derrames en el coche alquilado. Esta cobertura est\u00e1 limitada a 400 $ (impuestos incluidos) por contrato de alquiler.<\/p>\n<\/div><\/div><\/td>\n<td style=\"background-color: #f8f9f7; text-align: center; vertical-align: middle;\"><i class=\"fa fa-check \" ><\/i><\/td>\n<\/tr>\n<tr>\n<td>Da\u00f1os al contenido personal del veh\u00edculo <span class=\"tooltip\" data-tooltip-content=\"#tooltip_content13430\"><i class=\"fa fa-info-circle\" aria-hidden=\"true\"><\/i><\/span><div class=\"tooltip_templates\"><div id=\"tooltip_content13430\"><h4>Da\u00f1os al contenido personal del veh\u00edculo<\/h4><p>La cobertura PAP de Globe reembolsa al arrendatario por cualquier da\u00f1o de sus pertenencias personales (incluyendo GPS &amp; CELL) dejadas en el coche de alquiler. Esta cobertura est\u00e1 limitada a 400 $ (incluidas todas las tasas e impuestos) por contrato de alquiler.<\/p>\n<\/div><\/div><\/td>\n<td style=\"background-color: #f8f9f7; text-align: center; vertical-align: middle;\"><i class=\"fa fa-check \" ><\/i><\/td>\n<\/tr>\n<tr>\n<td>Robo de contenido personal del veh\u00edculo <span class=\"tooltip\" data-tooltip-content=\"#tooltip_content13428\"><i class=\"fa fa-info-circle\" aria-hidden=\"true\"><\/i><\/span><div class=\"tooltip_templates\"><div id=\"tooltip_content13428\"><h4>Robo de contenido personal del veh\u00edculo<\/h4><p>La cobertura PAP de Globe reembolsa al arrendatario por cualquier robo de sus pertenencias personales (incluyendo GPS &amp; CELL) dejadas en el coche de alquiler Esta cobertura est\u00e1 limitada a 400 $ (incluidas todas las tasas e impuestos) por contrato de alquiler.<\/p>\n<\/div><\/div><\/td>\n<td style=\"background-color: #f8f9f7; text-align: center; vertical-align: middle;\"><i class=\"fa fa-check \" ><\/i><\/td>\n<\/tr>\n<\/tbody>\n<\/table>\n<div class=\"disclaimer\">\n<p>La compra de CDW y\/o PAP no es obligatoria. Sin embargo, se requiere una prueba alternativa satisfactoria de cobertura.<\/p>\n<\/div>\n<p>[\/vc_column_text][\/vc_column][\/vc_row][\/vc_section]<\/p>\n<\/div>","protected":false},"excerpt":{"rendered":"<p>[vc_row is_header=\u00bbtrue\u00bb][vc_column width=\u00bb2\/3&#8243; css=\u00bb.vc_custom_1507235373954{padding-top: 3em !important;padding-bottom: 3em !important;}\u00bb][vc_column_text] Viaje sin estr\u00e9s con protecci\u00f3n total e interrupci\u00f3n del viaje. PAP (Protection Assistance Plus) elimina principalmente su deducible si se selecciona con CDW (Collision Damage Waiver) a Cero $. Esta es la mejor opci\u00f3n para alquilar un coche con total tranquilidad. Y por s\u00f3lo 9,95 $\/d\u00eda, es [&hellip;]<\/p>\n","protected":false},"author":1,"featured_media":0,"parent":13782,"menu_order":0,"comment_status":"closed","ping_status":"closed","template":"","meta":{"_acf_changed":false,"_genesis_hide_title":false,"_genesis_hide_breadcrumbs":false,"_genesis_hide_singular_image":false,"_genesis_hide_footer_widgets":false,"_genesis_custom_body_class":"","_genesis_custom_post_class":"","_genesis_layout":"","jetpack_post_was_ever_published":false,"footnotes":""},"class_list":{"0":"post-13639","1":"page","2":"type-page","3":"status-publish","5":"entry","6":"has-post-thumbnail"},"acf":[],"yoast_head":"<!-- This site is optimized with the Yoast SEO Premium plugin v27.1 (Yoast SEO v27.1.1) - https:\/\/yoast.com\/product\/yoast-seo-premium-wordpress\/ -->\n<title>Paquete de asistencia pr\u00e1ctica | Alquiler de coches y camiones Globe en Montreal<\/title>\n<meta name=\"description\" content=\"El paquete de asistencia pr\u00e1ctica reduce su franquicia a 0 $ (Cero). Tambi\u00e9n le ofrece protecci\u00f3n en viaje y tranquilidad con su veh\u00edculo de alquiler.\" \/>\n<meta name=\"robots\" content=\"index, follow, max-snippet:-1, max-image-preview:large, max-video-preview:-1\" \/>\n<link rel=\"canonical\" href=\"https:\/\/www.globecar.com\/es\/cobertura-de-alquiler-de-vehiculos\/paquete-de-ayuda-practica\/\" \/>\n<meta property=\"og:locale\" content=\"es_ES\" \/>\n<meta property=\"og:type\" content=\"article\" \/>\n<meta property=\"og:title\" content=\"Paquete de asistencia pr\u00e1ctica\" \/>\n<meta property=\"og:description\" content=\"Viaje sin estr\u00e9s con protecci\u00f3n total e interrupci\u00f3n del viaje. PAP (Protection Assistance Plus) elimina principalmente su deducible si se selecciona con\" \/>\n<meta property=\"og:url\" content=\"https:\/\/www.globecar.com\/es\/cobertura-de-alquiler-de-vehiculos\/paquete-de-ayuda-practica\/\" \/>\n<meta property=\"og:site_name\" content=\"Alquiler de coches y camiones Globe en Montreal\" \/>\n<meta property=\"article:publisher\" content=\"https:\/\/www.facebook.com\/GlobeCar\" \/>\n<meta property=\"article:modified_time\" content=\"2024-05-08T13:07:20+00:00\" \/>\n<meta property=\"og:image\" content=\"https:\/\/www.globecar.com\/wp-content\/uploads\/2024\/04\/GLOBE_Logo_Spanish-2.png\" \/>\n\t<meta property=\"og:image:width\" content=\"1774\" \/>\n\t<meta property=\"og:image:height\" content=\"546\" \/>\n\t<meta property=\"og:image:type\" content=\"image\/png\" \/>\n<meta name=\"twitter:card\" content=\"summary_large_image\" \/>\n<meta name=\"twitter:site\" content=\"@GlobeCar\" \/>\n<meta name=\"twitter:label1\" content=\"Tiempo de lectura\" \/>\n\t<meta name=\"twitter:data1\" content=\"2 minutos\" \/>\n<script type=\"application\/ld+json\" class=\"yoast-schema-graph\">{\"@context\":\"https:\/\/schema.org\",\"@graph\":[{\"@type\":\"WebPage\",\"@id\":\"https:\/\/www.globecar.com\/es\/cobertura-de-alquiler-de-vehiculos\/paquete-de-ayuda-practica\/\",\"url\":\"https:\/\/www.globecar.com\/es\/cobertura-de-alquiler-de-vehiculos\/paquete-de-ayuda-practica\/\",\"name\":\"Paquete de asistencia pr\u00e1ctica | Alquiler de coches y camiones Globe en Montreal\",\"isPartOf\":{\"@id\":\"https:\/\/www.globecar.com\/es\/#website\"},\"primaryImageOfPage\":{\"@id\":\"https:\/\/www.globecar.com\/es\/cobertura-de-alquiler-de-vehiculos\/paquete-de-ayuda-practica\/#primaryimage\"},\"image\":{\"@id\":\"https:\/\/www.globecar.com\/es\/cobertura-de-alquiler-de-vehiculos\/paquete-de-ayuda-practica\/#primaryimage\"},\"thumbnailUrl\":\"https:\/\/www.globecar.com\/wp-content\/uploads\/2024\/04\/GLOBE_Logo_Spanish-2-200x62.png\",\"datePublished\":\"2024-03-19T18:06:32+00:00\",\"dateModified\":\"2024-05-08T13:07:20+00:00\",\"description\":\"El paquete de asistencia pr\u00e1ctica reduce su franquicia a 0 $ (Cero). Tambi\u00e9n le ofrece protecci\u00f3n en viaje y tranquilidad con su veh\u00edculo de alquiler.\",\"breadcrumb\":{\"@id\":\"https:\/\/www.globecar.com\/es\/cobertura-de-alquiler-de-vehiculos\/paquete-de-ayuda-practica\/#breadcrumb\"},\"inLanguage\":\"es\",\"potentialAction\":[{\"@type\":\"ReadAction\",\"target\":[\"https:\/\/www.globecar.com\/es\/cobertura-de-alquiler-de-vehiculos\/paquete-de-ayuda-practica\/\"]}]},{\"@type\":\"ImageObject\",\"inLanguage\":\"es\",\"@id\":\"https:\/\/www.globecar.com\/es\/cobertura-de-alquiler-de-vehiculos\/paquete-de-ayuda-practica\/#primaryimage\",\"url\":\"https:\/\/www.globecar.com\/wp-content\/uploads\/2024\/04\/GLOBE_Logo_Spanish-2-200x62.png\",\"contentUrl\":\"https:\/\/www.globecar.com\/wp-content\/uploads\/2024\/04\/GLOBE_Logo_Spanish-2-200x62.png\"},{\"@type\":\"BreadcrumbList\",\"@id\":\"https:\/\/www.globecar.com\/es\/cobertura-de-alquiler-de-vehiculos\/paquete-de-ayuda-practica\/#breadcrumb\",\"itemListElement\":[{\"@type\":\"ListItem\",\"position\":1,\"name\":\"Inicio\",\"item\":\"https:\/\/www.globecar.com\/es\/\"},{\"@type\":\"ListItem\",\"position\":2,\"name\":\"Cobertura de alquiler de veh\u00edculos\",\"item\":\"https:\/\/www.globecar.com\/es\/cobertura-de-alquiler-de-vehiculos\/\"},{\"@type\":\"ListItem\",\"position\":3,\"name\":\"Paquete de asistencia pr\u00e1ctica\"}]},{\"@type\":\"WebSite\",\"@id\":\"https:\/\/www.globecar.com\/es\/#website\",\"url\":\"https:\/\/www.globecar.com\/es\/\",\"name\":\"Globe Location d'Autos et Camions \u00e0 Montr\u00e9al\",\"description\":\"Drive 4 Less\",\"publisher\":{\"@id\":\"https:\/\/www.globecar.com\/es\/#organization\"},\"alternateName\":\"GlobeCar\",\"potentialAction\":[{\"@type\":\"SearchAction\",\"target\":{\"@type\":\"EntryPoint\",\"urlTemplate\":\"https:\/\/www.globecar.com\/es\/?s={search_term_string}\"},\"query-input\":{\"@type\":\"PropertyValueSpecification\",\"valueRequired\":true,\"valueName\":\"search_term_string\"}}],\"inLanguage\":\"es\"},{\"@type\":\"Organization\",\"@id\":\"https:\/\/www.globecar.com\/es\/#organization\",\"name\":\"Globe Car & Truck Rental\",\"alternateName\":\"GlobeCar\",\"url\":\"https:\/\/www.globecar.com\/es\/\",\"logo\":{\"@type\":\"ImageObject\",\"inLanguage\":\"es\",\"@id\":\"https:\/\/www.globecar.com\/es\/#\/schema\/logo\/image\/\",\"url\":\"https:\/\/www.globecar.com\/wp-content\/uploads\/2023\/12\/thumbnail_logo_final-1.jpg\",\"contentUrl\":\"https:\/\/www.globecar.com\/wp-content\/uploads\/2023\/12\/thumbnail_logo_final-1.jpg\",\"width\":555,\"height\":555,\"caption\":\"Globe Car & Truck Rental\"},\"image\":{\"@id\":\"https:\/\/www.globecar.com\/es\/#\/schema\/logo\/image\/\"},\"sameAs\":[\"https:\/\/www.facebook.com\/GlobeCar\",\"https:\/\/x.com\/GlobeCar\",\"https:\/\/mastodon.social\/@globecar\",\"https:\/\/www.instagram.com\/globecar\/\",\"https:\/\/www.linkedin.com\/company\/globecar\/\",\"https:\/\/www.pinterest.com\/globecar\",\"https:\/\/www.youtube.com\/c\/GlobecarRentals\"]}]}<\/script>\n<!-- \/ Yoast SEO Premium plugin. -->","yoast_head_json":{"title":"Paquete de asistencia pr\u00e1ctica | Alquiler de coches y camiones Globe en Montreal","description":"El paquete de asistencia pr\u00e1ctica reduce su franquicia a 0 $ (Cero). Tambi\u00e9n le ofrece protecci\u00f3n en viaje y tranquilidad con su veh\u00edculo de alquiler.","robots":{"index":"index","follow":"follow","max-snippet":"max-snippet:-1","max-image-preview":"max-image-preview:large","max-video-preview":"max-video-preview:-1"},"canonical":"https:\/\/www.globecar.com\/es\/cobertura-de-alquiler-de-vehiculos\/paquete-de-ayuda-practica\/","og_locale":"es_ES","og_type":"article","og_title":"Paquete de asistencia pr\u00e1ctica","og_description":"Viaje sin estr\u00e9s con protecci\u00f3n total e interrupci\u00f3n del viaje. PAP (Protection Assistance Plus) elimina principalmente su deducible si se selecciona con","og_url":"https:\/\/www.globecar.com\/es\/cobertura-de-alquiler-de-vehiculos\/paquete-de-ayuda-practica\/","og_site_name":"Alquiler de coches y camiones Globe en Montreal","article_publisher":"https:\/\/www.facebook.com\/GlobeCar","article_modified_time":"2024-05-08T13:07:20+00:00","og_image":[{"width":1774,"height":546,"url":"https:\/\/www.globecar.com\/wp-content\/uploads\/2024\/04\/GLOBE_Logo_Spanish-2.png","type":"image\/png"}],"twitter_card":"summary_large_image","twitter_site":"@GlobeCar","twitter_misc":{"Tiempo de lectura":"2 minutos"},"schema":{"@context":"https:\/\/schema.org","@graph":[{"@type":"WebPage","@id":"https:\/\/www.globecar.com\/es\/cobertura-de-alquiler-de-vehiculos\/paquete-de-ayuda-practica\/","url":"https:\/\/www.globecar.com\/es\/cobertura-de-alquiler-de-vehiculos\/paquete-de-ayuda-practica\/","name":"Paquete de asistencia pr\u00e1ctica | Alquiler de coches y camiones Globe en Montreal","isPartOf":{"@id":"https:\/\/www.globecar.com\/es\/#website"},"primaryImageOfPage":{"@id":"https:\/\/www.globecar.com\/es\/cobertura-de-alquiler-de-vehiculos\/paquete-de-ayuda-practica\/#primaryimage"},"image":{"@id":"https:\/\/www.globecar.com\/es\/cobertura-de-alquiler-de-vehiculos\/paquete-de-ayuda-practica\/#primaryimage"},"thumbnailUrl":"https:\/\/www.globecar.com\/wp-content\/uploads\/2024\/04\/GLOBE_Logo_Spanish-2-200x62.png","datePublished":"2024-03-19T18:06:32+00:00","dateModified":"2024-05-08T13:07:20+00:00","description":"El paquete de asistencia pr\u00e1ctica reduce su franquicia a 0 $ (Cero). Tambi\u00e9n le ofrece protecci\u00f3n en viaje y tranquilidad con su veh\u00edculo de alquiler.","breadcrumb":{"@id":"https:\/\/www.globecar.com\/es\/cobertura-de-alquiler-de-vehiculos\/paquete-de-ayuda-practica\/#breadcrumb"},"inLanguage":"es","potentialAction":[{"@type":"ReadAction","target":["https:\/\/www.globecar.com\/es\/cobertura-de-alquiler-de-vehiculos\/paquete-de-ayuda-practica\/"]}]},{"@type":"ImageObject","inLanguage":"es","@id":"https:\/\/www.globecar.com\/es\/cobertura-de-alquiler-de-vehiculos\/paquete-de-ayuda-practica\/#primaryimage","url":"https:\/\/www.globecar.com\/wp-content\/uploads\/2024\/04\/GLOBE_Logo_Spanish-2-200x62.png","contentUrl":"https:\/\/www.globecar.com\/wp-content\/uploads\/2024\/04\/GLOBE_Logo_Spanish-2-200x62.png"},{"@type":"BreadcrumbList","@id":"https:\/\/www.globecar.com\/es\/cobertura-de-alquiler-de-vehiculos\/paquete-de-ayuda-practica\/#breadcrumb","itemListElement":[{"@type":"ListItem","position":1,"name":"Inicio","item":"https:\/\/www.globecar.com\/es\/"},{"@type":"ListItem","position":2,"name":"Cobertura de alquiler de veh\u00edculos","item":"https:\/\/www.globecar.com\/es\/cobertura-de-alquiler-de-vehiculos\/"},{"@type":"ListItem","position":3,"name":"Paquete de asistencia pr\u00e1ctica"}]},{"@type":"WebSite","@id":"https:\/\/www.globecar.com\/es\/#website","url":"https:\/\/www.globecar.com\/es\/","name":"Globe Location d'Autos et Camions \u00e0 Montr\u00e9al","description":"Drive 4 Less","publisher":{"@id":"https:\/\/www.globecar.com\/es\/#organization"},"alternateName":"GlobeCar","potentialAction":[{"@type":"SearchAction","target":{"@type":"EntryPoint","urlTemplate":"https:\/\/www.globecar.com\/es\/?s={search_term_string}"},"query-input":{"@type":"PropertyValueSpecification","valueRequired":true,"valueName":"search_term_string"}}],"inLanguage":"es"},{"@type":"Organization","@id":"https:\/\/www.globecar.com\/es\/#organization","name":"Globe Car & Truck Rental","alternateName":"GlobeCar","url":"https:\/\/www.globecar.com\/es\/","logo":{"@type":"ImageObject","inLanguage":"es","@id":"https:\/\/www.globecar.com\/es\/#\/schema\/logo\/image\/","url":"https:\/\/www.globecar.com\/wp-content\/uploads\/2023\/12\/thumbnail_logo_final-1.jpg","contentUrl":"https:\/\/www.globecar.com\/wp-content\/uploads\/2023\/12\/thumbnail_logo_final-1.jpg","width":555,"height":555,"caption":"Globe Car & Truck Rental"},"image":{"@id":"https:\/\/www.globecar.com\/es\/#\/schema\/logo\/image\/"},"sameAs":["https:\/\/www.facebook.com\/GlobeCar","https:\/\/x.com\/GlobeCar","https:\/\/mastodon.social\/@globecar","https:\/\/www.instagram.com\/globecar\/","https:\/\/www.linkedin.com\/company\/globecar\/","https:\/\/www.pinterest.com\/globecar","https:\/\/www.youtube.com\/c\/GlobecarRentals"]}]}},"jetpack_sharing_enabled":true,"jetpack_shortlink":"https:\/\/wp.me\/PaiT2D-3xZ","_links":{"self":[{"href":"https:\/\/www.globecar.com\/es\/wp-json\/wp\/v2\/pages\/13639","targetHints":{"allow":["GET"]}}],"collection":[{"href":"https:\/\/www.globecar.com\/es\/wp-json\/wp\/v2\/pages"}],"about":[{"href":"https:\/\/www.globecar.com\/es\/wp-json\/wp\/v2\/types\/page"}],"author":[{"embeddable":true,"href":"https:\/\/www.globecar.com\/es\/wp-json\/wp\/v2\/users\/1"}],"replies":[{"embeddable":true,"href":"https:\/\/www.globecar.com\/es\/wp-json\/wp\/v2\/comments?post=13639"}],"version-history":[{"count":0,"href":"https:\/\/www.globecar.com\/es\/wp-json\/wp\/v2\/pages\/13639\/revisions"}],"up":[{"embeddable":true,"href":"https:\/\/www.globecar.com\/es\/wp-json\/wp\/v2\/pages\/13782"}],"wp:attachment":[{"href":"https:\/\/www.globecar.com\/es\/wp-json\/wp\/v2\/media?parent=13639"}],"curies":[{"name":"wp","href":"https:\/\/api.w.org\/{rel}","templated":true}]}}