{"id":13637,"date":"2024-03-19T14:06:31","date_gmt":"2024-03-19T18:06:31","guid":{"rendered":"https:\/\/www.globecar.com\/prepaid-fuel\/"},"modified":"2024-05-08T09:10:21","modified_gmt":"2024-05-08T13:10:21","slug":"prepaid-fuel","status":"publish","type":"page","link":"https:\/\/www.globecar.com\/es\/servicios-adicionales\/prepaid-fuel\/","title":{"rendered":"Combustible prepagado"},"content":{"rendered":"<div class=\"wpb-content-wrapper\"><p>[vc_row content_placement=\u00bbtop\u00bb is_header=\u00bbtrue\u00bb][vc_column width=\u00bb1\/2&#8243;][vc_column_text css=\u00bb.vc_custom_1505489288884{margin-bottom: 2em !important;}\u00bb]<\/p>\n<h1>Gas prepagado<\/h1>\n<p>\u00bfPor qu\u00e9 prepagar el gas directamente con Globe?<br \/>\nde repostar el coche t\u00fa mismo en la gasolinera?[\/vc_column_text]\n\t\t\t<div class=\"price-ad align_left dark cents\"><span class=\"title\">Guardar<\/span><p class=\"amount\">5 <sup>\u00a2<\/sup><\/span><\/p><span class=\"amount-footer\">por litro<\/span><\/div>[\/vc_column][vc_column width=\u00bb1\/2&#8243;][vc_single_image image=\u00bb9014&#8243; img_size=\u00bbfull\u00bb][\/vc_column][\/vc_row][vc_section is_container=\u00bbtrue\u00bb css=\u00bb.vc_custom_1513176885886{padding-bottom: 0em !important;}\u00bb][vc_row][vc_column]<ul class=\"features-list col-4\">\n\t\t<li>\n\t\t\t<img decoding=\"async\" width=\"29\" height=\"57\" src=\"https:\/\/www.globecar.com\/wp-content\/uploads\/2017\/09\/savings.png\" class=\"attachment-full size-full\" alt=\"savings\" \/>\n\t\t\t<p><strong>Guardar<\/strong>Ahorre hasta 5 c\u00e9ntimos por litro<\/p>\n\t\t<\/li>\n\t\t<li>\n\t\t\t<img decoding=\"async\" width=\"59\" height=\"57\" src=\"https:\/\/www.globecar.com\/wp-content\/uploads\/2017\/09\/flexibility.png\" class=\"attachment-full size-full\" alt=\"flexibility\" \/>\n\t\t\t<p><strong>Flexibilidad<\/strong>Elija desde 1\/8 de dep\u00f3sito hasta un dep\u00f3sito lleno<\/p>\n\t\t<\/li>\n\t\t<li>\n\t\t\t<img decoding=\"async\" width=\"46\" height=\"46\" src=\"https:\/\/www.globecar.com\/wp-content\/uploads\/2017\/08\/hours.png\" class=\"attachment-full size-full\" alt=\"Extended business hours\" \/>\n\t\t\t<p><strong>Conveniencia<\/strong>Sin perder tiempo buscando gasolineras y repostando<\/p>\n\t\t<\/li>\n\t\t<li>\n\t\t\t<img decoding=\"async\" width=\"56\" height=\"57\" src=\"https:\/\/www.globecar.com\/wp-content\/uploads\/2017\/09\/hygiene.png\" class=\"attachment-full size-full\" alt=\"hygiene\" \/>\n\t\t\t<p><strong>Higiene y olor<\/strong>Las bombas de gas son m\u00e1s sucias que los retretes (<a target='_blank' href='https:\/\/ca.news.yahoo.com\/blogs\/daily-buzz\/gas-pump-handles-found-filthiest-surface-people-touch-210416005.html'>read research<\/a>)<\/p>\n\t\t<\/li><\/ul>[vc_separator][\/vc_column][\/vc_row][vc_row content_placement=\u00bbbottom\u00bb][vc_column width=\u00bb1\/2&#8243; css=\u00bb.vc_custom_1513177474142{padding-bottom: 3em !important;}\u00bb][vc_column_text]Realidad: \u00bfSab\u00edas que las asas de los surtidores de gasolina son lo m\u00e1s sucio que puedes tocar? Los aseos p\u00fablicos se limpian a menudo, pero los mangos de los surtidores de gasolina nunca se limpian. Un <a href=\"https:\/\/ca.news.yahoo.com\/blogs\/daily-buzz\/gas-pump-handles-found-filthiest-surface-people-touch-210416005.html\">estudio<\/a> reciente demostr\u00f3 la presencia de cientos de g\u00e9rmenes a lo largo de los a\u00f1os. \u00a1D\u00e9janos hacer el trabajo sucio!<\/p>\n<p><span class=\"button full\"><a href=\"https:\/\/reserve.globecar.com\/en\/rent-a-car\">A\u00f1adir a su alquiler<\/a><\/span><\/p>\n<p>&nbsp;<\/p>\n<h2><a href=\"https:\/\/gasbuddy.com\/\" target=\"_blank\" rel=\"noopener\"><img decoding=\"async\" class=\"alignnone wp-image-1157 size-full\" src=\"https:\/\/www.globecar.com\/wp-content\/uploads\/2024\/04\/gasbuddy_spanish.png\" alt=\"GasBuddy\" width=\"259\" height=\"61\" \/><\/a><\/h2>\n<p>[\/vc_column_text][\/vc_column][vc_column width=\u00bb1\/2&#8243;][vc_single_image image=\u00bb9016&#8243; img_size=\u00bbfull\u00bb][\/vc_column][\/vc_row][\/vc_section]<\/p>\n<\/div>","protected":false},"excerpt":{"rendered":"<p>[vc_row content_placement=\u00bbtop\u00bb is_header=\u00bbtrue\u00bb][vc_column width=\u00bb1\/2&#8243;][vc_column_text css=\u00bb.vc_custom_1505489288884{margin-bottom: 2em !important;}\u00bb] Gas prepagado \u00bfPor qu\u00e9 prepagar el gas directamente con Globe? de repostar el coche t\u00fa mismo en la gasolinera?[\/vc_column_text][\/vc_column][vc_column width=\u00bb1\/2&#8243;][vc_single_image image=\u00bb9014&#8243; img_size=\u00bbfull\u00bb][\/vc_column][\/vc_row][vc_section is_container=\u00bbtrue\u00bb css=\u00bb.vc_custom_1513176885886{padding-bottom: 0em !important;}\u00bb][vc_row][vc_column][vc_separator][\/vc_column][\/vc_row][vc_row content_placement=\u00bbbottom\u00bb][vc_column width=\u00bb1\/2&#8243; css=\u00bb.vc_custom_1513177474142{padding-bottom: 3em !important;}\u00bb][vc_column_text]Realidad: \u00bfSab\u00edas que las asas de los surtidores de gasolina son lo m\u00e1s sucio que puedes tocar? Los [&hellip;]<\/p>\n","protected":false},"author":1,"featured_media":0,"parent":13737,"menu_order":0,"comment_status":"closed","ping_status":"closed","template":"","meta":{"_acf_changed":false,"_genesis_hide_title":false,"_genesis_hide_breadcrumbs":false,"_genesis_hide_singular_image":false,"_genesis_hide_footer_widgets":false,"_genesis_custom_body_class":"","_genesis_custom_post_class":"","_genesis_layout":"","jetpack_post_was_ever_published":false,"footnotes":""},"class_list":{"0":"post-13637","1":"page","2":"type-page","3":"status-publish","5":"entry","6":"has-post-thumbnail"},"acf":[],"yoast_head":"<!-- This site is optimized with the Yoast SEO Premium plugin v27.1 (Yoast SEO v27.1.1) - https:\/\/yoast.com\/product\/yoast-seo-premium-wordpress\/ -->\n<title>Gasolina prepagada | Alquiler de coches y camiones Globe en Montreal<\/title>\n<meta name=\"description\" content=\"La opci\u00f3n de prepago de gasolina que ofrece Globe Car Rental le ahorra dinero, tiempo y molestias. \u00bfPor qu\u00e9 ensuciarse y oler mal? Simplemente trae el coche vac\u00edo y vete.\" \/>\n<meta name=\"robots\" content=\"index, follow, max-snippet:-1, max-image-preview:large, max-video-preview:-1\" \/>\n<link rel=\"canonical\" href=\"https:\/\/www.globecar.com\/es\/servicios-adicionales\/prepaid-fuel\/\" \/>\n<meta property=\"og:locale\" content=\"es_ES\" \/>\n<meta property=\"og:type\" content=\"article\" \/>\n<meta property=\"og:title\" content=\"Combustible prepagado\" \/>\n<meta property=\"og:description\" content=\"Gas prepagado \u00bfPor qu\u00e9 prepagar el gas directamente con Globe? de repostar el coche t\u00fa mismo en la gasolinera?Realidad: \u00bfSab\u00edas que las asas de los\" \/>\n<meta property=\"og:url\" content=\"https:\/\/www.globecar.com\/es\/servicios-adicionales\/prepaid-fuel\/\" \/>\n<meta property=\"og:site_name\" content=\"Alquiler de coches y camiones Globe en Montreal\" \/>\n<meta property=\"article:publisher\" content=\"https:\/\/www.facebook.com\/GlobeCar\" \/>\n<meta property=\"article:modified_time\" content=\"2024-05-08T13:10:21+00:00\" \/>\n<meta property=\"og:image\" content=\"https:\/\/www.globecar.com\/wp-content\/uploads\/2024\/04\/gasbuddy_spanish.png\" \/>\n<meta name=\"twitter:card\" content=\"summary_large_image\" \/>\n<meta name=\"twitter:site\" content=\"@GlobeCar\" \/>\n<meta name=\"twitter:label1\" content=\"Tiempo de lectura\" \/>\n\t<meta name=\"twitter:data1\" content=\"1 minuto\" \/>\n<script type=\"application\/ld+json\" class=\"yoast-schema-graph\">{\"@context\":\"https:\/\/schema.org\",\"@graph\":[{\"@type\":\"WebPage\",\"@id\":\"https:\/\/www.globecar.com\/es\/servicios-adicionales\/prepaid-fuel\/\",\"url\":\"https:\/\/www.globecar.com\/es\/servicios-adicionales\/prepaid-fuel\/\",\"name\":\"Gasolina prepagada | Alquiler de coches y camiones Globe en Montreal\",\"isPartOf\":{\"@id\":\"https:\/\/www.globecar.com\/es\/#website\"},\"primaryImageOfPage\":{\"@id\":\"https:\/\/www.globecar.com\/es\/servicios-adicionales\/prepaid-fuel\/#primaryimage\"},\"image\":{\"@id\":\"https:\/\/www.globecar.com\/es\/servicios-adicionales\/prepaid-fuel\/#primaryimage\"},\"thumbnailUrl\":\"https:\/\/www.globecar.com\/wp-content\/uploads\/2024\/04\/gasbuddy_spanish.png\",\"datePublished\":\"2024-03-19T18:06:31+00:00\",\"dateModified\":\"2024-05-08T13:10:21+00:00\",\"description\":\"La opci\u00f3n de prepago de gasolina que ofrece Globe Car Rental le ahorra dinero, tiempo y molestias. \u00bfPor qu\u00e9 ensuciarse y oler mal? Simplemente trae el coche vac\u00edo y vete.\",\"breadcrumb\":{\"@id\":\"https:\/\/www.globecar.com\/es\/servicios-adicionales\/prepaid-fuel\/#breadcrumb\"},\"inLanguage\":\"es\",\"potentialAction\":[{\"@type\":\"ReadAction\",\"target\":[\"https:\/\/www.globecar.com\/es\/servicios-adicionales\/prepaid-fuel\/\"]}]},{\"@type\":\"ImageObject\",\"inLanguage\":\"es\",\"@id\":\"https:\/\/www.globecar.com\/es\/servicios-adicionales\/prepaid-fuel\/#primaryimage\",\"url\":\"https:\/\/www.globecar.com\/wp-content\/uploads\/2024\/04\/gasbuddy_spanish.png\",\"contentUrl\":\"https:\/\/www.globecar.com\/wp-content\/uploads\/2024\/04\/gasbuddy_spanish.png\"},{\"@type\":\"BreadcrumbList\",\"@id\":\"https:\/\/www.globecar.com\/es\/servicios-adicionales\/prepaid-fuel\/#breadcrumb\",\"itemListElement\":[{\"@type\":\"ListItem\",\"position\":1,\"name\":\"Inicio\",\"item\":\"https:\/\/www.globecar.com\/es\/\"},{\"@type\":\"ListItem\",\"position\":2,\"name\":\"Servicios adicionales\",\"item\":\"https:\/\/www.globecar.com\/es\/servicios-adicionales\/\"},{\"@type\":\"ListItem\",\"position\":3,\"name\":\"Combustible prepagado\"}]},{\"@type\":\"WebSite\",\"@id\":\"https:\/\/www.globecar.com\/es\/#website\",\"url\":\"https:\/\/www.globecar.com\/es\/\",\"name\":\"Globe Location d'Autos et Camions \u00e0 Montr\u00e9al\",\"description\":\"Drive 4 Less\",\"publisher\":{\"@id\":\"https:\/\/www.globecar.com\/es\/#organization\"},\"alternateName\":\"GlobeCar\",\"potentialAction\":[{\"@type\":\"SearchAction\",\"target\":{\"@type\":\"EntryPoint\",\"urlTemplate\":\"https:\/\/www.globecar.com\/es\/?s={search_term_string}\"},\"query-input\":{\"@type\":\"PropertyValueSpecification\",\"valueRequired\":true,\"valueName\":\"search_term_string\"}}],\"inLanguage\":\"es\"},{\"@type\":\"Organization\",\"@id\":\"https:\/\/www.globecar.com\/es\/#organization\",\"name\":\"Globe Car & Truck Rental\",\"alternateName\":\"GlobeCar\",\"url\":\"https:\/\/www.globecar.com\/es\/\",\"logo\":{\"@type\":\"ImageObject\",\"inLanguage\":\"es\",\"@id\":\"https:\/\/www.globecar.com\/es\/#\/schema\/logo\/image\/\",\"url\":\"https:\/\/www.globecar.com\/wp-content\/uploads\/2023\/12\/thumbnail_logo_final-1.jpg\",\"contentUrl\":\"https:\/\/www.globecar.com\/wp-content\/uploads\/2023\/12\/thumbnail_logo_final-1.jpg\",\"width\":555,\"height\":555,\"caption\":\"Globe Car & Truck Rental\"},\"image\":{\"@id\":\"https:\/\/www.globecar.com\/es\/#\/schema\/logo\/image\/\"},\"sameAs\":[\"https:\/\/www.facebook.com\/GlobeCar\",\"https:\/\/x.com\/GlobeCar\",\"https:\/\/mastodon.social\/@globecar\",\"https:\/\/www.instagram.com\/globecar\/\",\"https:\/\/www.linkedin.com\/company\/globecar\/\",\"https:\/\/www.pinterest.com\/globecar\",\"https:\/\/www.youtube.com\/c\/GlobecarRentals\"]}]}<\/script>\n<!-- \/ Yoast SEO Premium plugin. -->","yoast_head_json":{"title":"Gasolina prepagada | Alquiler de coches y camiones Globe en Montreal","description":"La opci\u00f3n de prepago de gasolina que ofrece Globe Car Rental le ahorra dinero, tiempo y molestias. \u00bfPor qu\u00e9 ensuciarse y oler mal? Simplemente trae el coche vac\u00edo y vete.","robots":{"index":"index","follow":"follow","max-snippet":"max-snippet:-1","max-image-preview":"max-image-preview:large","max-video-preview":"max-video-preview:-1"},"canonical":"https:\/\/www.globecar.com\/es\/servicios-adicionales\/prepaid-fuel\/","og_locale":"es_ES","og_type":"article","og_title":"Combustible prepagado","og_description":"Gas prepagado \u00bfPor qu\u00e9 prepagar el gas directamente con Globe? de repostar el coche t\u00fa mismo en la gasolinera?Realidad: \u00bfSab\u00edas que las asas de los","og_url":"https:\/\/www.globecar.com\/es\/servicios-adicionales\/prepaid-fuel\/","og_site_name":"Alquiler de coches y camiones Globe en Montreal","article_publisher":"https:\/\/www.facebook.com\/GlobeCar","article_modified_time":"2024-05-08T13:10:21+00:00","og_image":[{"url":"https:\/\/www.globecar.com\/wp-content\/uploads\/2024\/04\/gasbuddy_spanish.png","type":"","width":"","height":""}],"twitter_card":"summary_large_image","twitter_site":"@GlobeCar","twitter_misc":{"Tiempo de lectura":"1 minuto"},"schema":{"@context":"https:\/\/schema.org","@graph":[{"@type":"WebPage","@id":"https:\/\/www.globecar.com\/es\/servicios-adicionales\/prepaid-fuel\/","url":"https:\/\/www.globecar.com\/es\/servicios-adicionales\/prepaid-fuel\/","name":"Gasolina prepagada | Alquiler de coches y camiones Globe en Montreal","isPartOf":{"@id":"https:\/\/www.globecar.com\/es\/#website"},"primaryImageOfPage":{"@id":"https:\/\/www.globecar.com\/es\/servicios-adicionales\/prepaid-fuel\/#primaryimage"},"image":{"@id":"https:\/\/www.globecar.com\/es\/servicios-adicionales\/prepaid-fuel\/#primaryimage"},"thumbnailUrl":"https:\/\/www.globecar.com\/wp-content\/uploads\/2024\/04\/gasbuddy_spanish.png","datePublished":"2024-03-19T18:06:31+00:00","dateModified":"2024-05-08T13:10:21+00:00","description":"La opci\u00f3n de prepago de gasolina que ofrece Globe Car Rental le ahorra dinero, tiempo y molestias. \u00bfPor qu\u00e9 ensuciarse y oler mal? Simplemente trae el coche vac\u00edo y vete.","breadcrumb":{"@id":"https:\/\/www.globecar.com\/es\/servicios-adicionales\/prepaid-fuel\/#breadcrumb"},"inLanguage":"es","potentialAction":[{"@type":"ReadAction","target":["https:\/\/www.globecar.com\/es\/servicios-adicionales\/prepaid-fuel\/"]}]},{"@type":"ImageObject","inLanguage":"es","@id":"https:\/\/www.globecar.com\/es\/servicios-adicionales\/prepaid-fuel\/#primaryimage","url":"https:\/\/www.globecar.com\/wp-content\/uploads\/2024\/04\/gasbuddy_spanish.png","contentUrl":"https:\/\/www.globecar.com\/wp-content\/uploads\/2024\/04\/gasbuddy_spanish.png"},{"@type":"BreadcrumbList","@id":"https:\/\/www.globecar.com\/es\/servicios-adicionales\/prepaid-fuel\/#breadcrumb","itemListElement":[{"@type":"ListItem","position":1,"name":"Inicio","item":"https:\/\/www.globecar.com\/es\/"},{"@type":"ListItem","position":2,"name":"Servicios adicionales","item":"https:\/\/www.globecar.com\/es\/servicios-adicionales\/"},{"@type":"ListItem","position":3,"name":"Combustible prepagado"}]},{"@type":"WebSite","@id":"https:\/\/www.globecar.com\/es\/#website","url":"https:\/\/www.globecar.com\/es\/","name":"Globe Location d'Autos et Camions \u00e0 Montr\u00e9al","description":"Drive 4 Less","publisher":{"@id":"https:\/\/www.globecar.com\/es\/#organization"},"alternateName":"GlobeCar","potentialAction":[{"@type":"SearchAction","target":{"@type":"EntryPoint","urlTemplate":"https:\/\/www.globecar.com\/es\/?s={search_term_string}"},"query-input":{"@type":"PropertyValueSpecification","valueRequired":true,"valueName":"search_term_string"}}],"inLanguage":"es"},{"@type":"Organization","@id":"https:\/\/www.globecar.com\/es\/#organization","name":"Globe Car & Truck Rental","alternateName":"GlobeCar","url":"https:\/\/www.globecar.com\/es\/","logo":{"@type":"ImageObject","inLanguage":"es","@id":"https:\/\/www.globecar.com\/es\/#\/schema\/logo\/image\/","url":"https:\/\/www.globecar.com\/wp-content\/uploads\/2023\/12\/thumbnail_logo_final-1.jpg","contentUrl":"https:\/\/www.globecar.com\/wp-content\/uploads\/2023\/12\/thumbnail_logo_final-1.jpg","width":555,"height":555,"caption":"Globe Car & Truck Rental"},"image":{"@id":"https:\/\/www.globecar.com\/es\/#\/schema\/logo\/image\/"},"sameAs":["https:\/\/www.facebook.com\/GlobeCar","https:\/\/x.com\/GlobeCar","https:\/\/mastodon.social\/@globecar","https:\/\/www.instagram.com\/globecar\/","https:\/\/www.linkedin.com\/company\/globecar\/","https:\/\/www.pinterest.com\/globecar","https:\/\/www.youtube.com\/c\/GlobecarRentals"]}]}},"jetpack_sharing_enabled":true,"jetpack_shortlink":"https:\/\/wp.me\/PaiT2D-3xX","_links":{"self":[{"href":"https:\/\/www.globecar.com\/es\/wp-json\/wp\/v2\/pages\/13637","targetHints":{"allow":["GET"]}}],"collection":[{"href":"https:\/\/www.globecar.com\/es\/wp-json\/wp\/v2\/pages"}],"about":[{"href":"https:\/\/www.globecar.com\/es\/wp-json\/wp\/v2\/types\/page"}],"author":[{"embeddable":true,"href":"https:\/\/www.globecar.com\/es\/wp-json\/wp\/v2\/users\/1"}],"replies":[{"embeddable":true,"href":"https:\/\/www.globecar.com\/es\/wp-json\/wp\/v2\/comments?post=13637"}],"version-history":[{"count":0,"href":"https:\/\/www.globecar.com\/es\/wp-json\/wp\/v2\/pages\/13637\/revisions"}],"up":[{"embeddable":true,"href":"https:\/\/www.globecar.com\/es\/wp-json\/wp\/v2\/pages\/13737"}],"wp:attachment":[{"href":"https:\/\/www.globecar.com\/es\/wp-json\/wp\/v2\/media?parent=13637"}],"curies":[{"name":"wp","href":"https:\/\/api.w.org\/{rel}","templated":true}]}}