{"id":13634,"date":"2024-03-19T14:06:31","date_gmt":"2024-03-19T18:06:31","guid":{"rendered":"https:\/\/www.globecar.com\/conductor-joven\/"},"modified":"2025-02-24T01:12:14","modified_gmt":"2025-02-24T06:12:14","slug":"conductor-joven","status":"publish","type":"page","link":"https:\/\/www.globecar.com\/es\/servicios-adicionales\/conductor-joven\/","title":{"rendered":"Joven conductor"},"content":{"rendered":"<div class=\"wpb-content-wrapper\"><p>[vc_row content_placement=\u00bbmiddle\u00bb is_header=\u00bbtrue\u00bb][vc_column width=\u00bb2\/3&#8243;][vc_column_text]<\/p>\n<h1>Nos encantan los j\u00f3venes conductores<\/h1>\n<h2>GLOBE MONTREAL ALQUILA A CONDUCTORES DE MAS DE 20 A\u00d1OS!*<\/h2>\n<p>[\/vc_column_text][\/vc_column][vc_column width=\u00bb1\/3&#8243;][vc_single_image image=\u00bb9266&#8243; img_size=\u00bbfull\u00bb alignment=\u00bbcenter\u00bb][\/vc_column][\/vc_row][vc_section is_container=\u00bbtrue\u00bb][vc_row][vc_column][vc_column_text]<span style=\"font-weight: 400;\">Nos comprometemos a celebrar los diversos intereses y necesidades de movilidad de nuestros j\u00f3venes. Casi todas las empresas de alquiler de coches no alquilan a j\u00f3venes de 20 a\u00f1os por su alto riesgo y falta de responsabilidad. En Globe vamos a contracorriente. Creemos que los j\u00f3venes son nuestra pr\u00f3xima generaci\u00f3n futura y queremos crecer con ellos. Es cierto que carecen de la experiencia de conducir durante muchos a\u00f1os, pero el riesgo conlleva grandes recompensas. Estamos encantados de ofrecer nuestra flota de <a href=\"https:\/\/www.globecar.com\/es\/vehiculos\/\">veh\u00edculos en Montreal<\/a> a j\u00f3venes a partir de 20 a\u00f1os, d\u00e1ndoles la oportunidad de explorar y disfrutar de su vida y su futuro.<\/span><\/p>\n<p><span style=\"font-weight: 400;\">*V\u00e1lido \u00fanicamente en Montreal, Quebec. Econ\u00f3mico a mediano. Antes de recoger el coche de alquiler, debe haber una preautorizaci\u00f3n m\u00ednima de 500 $ + el coste total del alquiler en la tarjeta de cr\u00e9dito. No se acepta el alquiler en efectivo. Tasas: de 20 a 23 a\u00f1os &#8211; 15,95 $\/d\u00eda por conductor.<\/span>[\/vc_column_text][\/vc_column][\/vc_row][\/vc_section]<\/p>\n<\/div>","protected":false},"excerpt":{"rendered":"<p>[vc_row content_placement=\u00bbmiddle\u00bb is_header=\u00bbtrue\u00bb][vc_column width=\u00bb2\/3&#8243;][vc_column_text] Nos encantan los j\u00f3venes conductores GLOBE MONTREAL ALQUILA A CONDUCTORES DE MAS DE 20 A\u00d1OS!* [\/vc_column_text][\/vc_column][vc_column width=\u00bb1\/3&#8243;][vc_single_image image=\u00bb9266&#8243; img_size=\u00bbfull\u00bb alignment=\u00bbcenter\u00bb][\/vc_column][\/vc_row][vc_section is_container=\u00bbtrue\u00bb][vc_row][vc_column][vc_column_text]Nos comprometemos a celebrar los diversos intereses y necesidades de movilidad de nuestros j\u00f3venes. Casi todas las empresas de alquiler de coches no alquilan a j\u00f3venes de 20 a\u00f1os por su [&hellip;]<\/p>\n","protected":false},"author":1,"featured_media":0,"parent":13737,"menu_order":0,"comment_status":"closed","ping_status":"closed","template":"","meta":{"_acf_changed":false,"_genesis_hide_title":false,"_genesis_hide_breadcrumbs":false,"_genesis_hide_singular_image":false,"_genesis_hide_footer_widgets":false,"_genesis_custom_body_class":"","_genesis_custom_post_class":"","_genesis_layout":"","jetpack_post_was_ever_published":false,"footnotes":""},"class_list":{"0":"post-13634","1":"page","2":"type-page","3":"status-publish","5":"entry","6":"has-post-thumbnail"},"acf":[],"yoast_head":"<!-- This site is optimized with the Yoast SEO Premium plugin v27.1 (Yoast SEO v27.1.1) - https:\/\/yoast.com\/product\/yoast-seo-premium-wordpress\/ -->\n<title>Conductor Joven 20+ Bienvenido | Alquiler de coches y camiones Globe en Montreal<\/title>\n<meta name=\"description\" content=\"\u00bfBusca un coche de alquiler para mayores de 20 a\u00f1os? Globe es la \u00fanica agencia de alquiler que permite a los conductores j\u00f3venes alquilar coches a precios reducidos.\" \/>\n<meta name=\"robots\" content=\"index, follow, max-snippet:-1, max-image-preview:large, max-video-preview:-1\" \/>\n<link rel=\"canonical\" href=\"https:\/\/www.globecar.com\/es\/servicios-adicionales\/conductor-joven\/\" \/>\n<meta property=\"og:locale\" content=\"es_ES\" \/>\n<meta property=\"og:type\" content=\"article\" \/>\n<meta property=\"og:title\" content=\"Joven conductor\" \/>\n<meta property=\"og:description\" content=\"Nos encantan los j\u00f3venes conductores GLOBE MONTREAL ALQUILA A CONDUCTORES DE MAS DE 20 A\u00d1OS!* Nos comprometemos a celebrar los diversos intereses y\" \/>\n<meta property=\"og:url\" content=\"https:\/\/www.globecar.com\/es\/servicios-adicionales\/conductor-joven\/\" \/>\n<meta property=\"og:site_name\" content=\"Alquiler de coches y camiones Globe en Montreal\" \/>\n<meta property=\"article:publisher\" content=\"https:\/\/www.facebook.com\/GlobeCar\" \/>\n<meta property=\"article:modified_time\" content=\"2025-02-24T06:12:14+00:00\" \/>\n<meta property=\"og:image\" content=\"https:\/\/www.globecar.com\/wp-content\/uploads\/2023\/12\/thumbnail_logo_final-1.jpg\" \/>\n\t<meta property=\"og:image:width\" content=\"555\" \/>\n\t<meta property=\"og:image:height\" content=\"555\" \/>\n\t<meta property=\"og:image:type\" content=\"image\/jpeg\" \/>\n<meta name=\"twitter:card\" content=\"summary_large_image\" \/>\n<meta name=\"twitter:site\" content=\"@GlobeCar\" \/>\n<meta name=\"twitter:label1\" content=\"Tiempo de lectura\" \/>\n\t<meta name=\"twitter:data1\" content=\"1 minuto\" \/>\n<script type=\"application\/ld+json\" class=\"yoast-schema-graph\">{\"@context\":\"https:\/\/schema.org\",\"@graph\":[{\"@type\":\"WebPage\",\"@id\":\"https:\/\/www.globecar.com\/es\/servicios-adicionales\/conductor-joven\/\",\"url\":\"https:\/\/www.globecar.com\/es\/servicios-adicionales\/conductor-joven\/\",\"name\":\"Conductor Joven 20+ Bienvenido | Alquiler de coches y camiones Globe en Montreal\",\"isPartOf\":{\"@id\":\"https:\/\/www.globecar.com\/es\/#website\"},\"datePublished\":\"2024-03-19T18:06:31+00:00\",\"dateModified\":\"2025-02-24T06:12:14+00:00\",\"description\":\"\u00bfBusca un coche de alquiler para mayores de 20 a\u00f1os? Globe es la \u00fanica agencia de alquiler que permite a los conductores j\u00f3venes alquilar coches a precios reducidos.\",\"breadcrumb\":{\"@id\":\"https:\/\/www.globecar.com\/es\/servicios-adicionales\/conductor-joven\/#breadcrumb\"},\"inLanguage\":\"es\",\"potentialAction\":[{\"@type\":\"ReadAction\",\"target\":[\"https:\/\/www.globecar.com\/es\/servicios-adicionales\/conductor-joven\/\"]}]},{\"@type\":\"BreadcrumbList\",\"@id\":\"https:\/\/www.globecar.com\/es\/servicios-adicionales\/conductor-joven\/#breadcrumb\",\"itemListElement\":[{\"@type\":\"ListItem\",\"position\":1,\"name\":\"Inicio\",\"item\":\"https:\/\/www.globecar.com\/es\/\"},{\"@type\":\"ListItem\",\"position\":2,\"name\":\"Servicios adicionales\",\"item\":\"https:\/\/www.globecar.com\/es\/servicios-adicionales\/\"},{\"@type\":\"ListItem\",\"position\":3,\"name\":\"Joven conductor\"}]},{\"@type\":\"WebSite\",\"@id\":\"https:\/\/www.globecar.com\/es\/#website\",\"url\":\"https:\/\/www.globecar.com\/es\/\",\"name\":\"Globe Location d'Autos et Camions \u00e0 Montr\u00e9al\",\"description\":\"Drive 4 Less\",\"publisher\":{\"@id\":\"https:\/\/www.globecar.com\/es\/#organization\"},\"alternateName\":\"GlobeCar\",\"potentialAction\":[{\"@type\":\"SearchAction\",\"target\":{\"@type\":\"EntryPoint\",\"urlTemplate\":\"https:\/\/www.globecar.com\/es\/?s={search_term_string}\"},\"query-input\":{\"@type\":\"PropertyValueSpecification\",\"valueRequired\":true,\"valueName\":\"search_term_string\"}}],\"inLanguage\":\"es\"},{\"@type\":\"Organization\",\"@id\":\"https:\/\/www.globecar.com\/es\/#organization\",\"name\":\"Globe Car & Truck Rental\",\"alternateName\":\"GlobeCar\",\"url\":\"https:\/\/www.globecar.com\/es\/\",\"logo\":{\"@type\":\"ImageObject\",\"inLanguage\":\"es\",\"@id\":\"https:\/\/www.globecar.com\/es\/#\/schema\/logo\/image\/\",\"url\":\"https:\/\/www.globecar.com\/wp-content\/uploads\/2023\/12\/thumbnail_logo_final-1.jpg\",\"contentUrl\":\"https:\/\/www.globecar.com\/wp-content\/uploads\/2023\/12\/thumbnail_logo_final-1.jpg\",\"width\":555,\"height\":555,\"caption\":\"Globe Car & Truck Rental\"},\"image\":{\"@id\":\"https:\/\/www.globecar.com\/es\/#\/schema\/logo\/image\/\"},\"sameAs\":[\"https:\/\/www.facebook.com\/GlobeCar\",\"https:\/\/x.com\/GlobeCar\",\"https:\/\/mastodon.social\/@globecar\",\"https:\/\/www.instagram.com\/globecar\/\",\"https:\/\/www.linkedin.com\/company\/globecar\/\",\"https:\/\/www.pinterest.com\/globecar\",\"https:\/\/www.youtube.com\/c\/GlobecarRentals\"]}]}<\/script>\n<!-- \/ Yoast SEO Premium plugin. -->","yoast_head_json":{"title":"Conductor Joven 20+ Bienvenido | Alquiler de coches y camiones Globe en Montreal","description":"\u00bfBusca un coche de alquiler para mayores de 20 a\u00f1os? Globe es la \u00fanica agencia de alquiler que permite a los conductores j\u00f3venes alquilar coches a precios reducidos.","robots":{"index":"index","follow":"follow","max-snippet":"max-snippet:-1","max-image-preview":"max-image-preview:large","max-video-preview":"max-video-preview:-1"},"canonical":"https:\/\/www.globecar.com\/es\/servicios-adicionales\/conductor-joven\/","og_locale":"es_ES","og_type":"article","og_title":"Joven conductor","og_description":"Nos encantan los j\u00f3venes conductores GLOBE MONTREAL ALQUILA A CONDUCTORES DE MAS DE 20 A\u00d1OS!* Nos comprometemos a celebrar los diversos intereses y","og_url":"https:\/\/www.globecar.com\/es\/servicios-adicionales\/conductor-joven\/","og_site_name":"Alquiler de coches y camiones Globe en Montreal","article_publisher":"https:\/\/www.facebook.com\/GlobeCar","article_modified_time":"2025-02-24T06:12:14+00:00","og_image":[{"width":555,"height":555,"url":"https:\/\/www.globecar.com\/wp-content\/uploads\/2023\/12\/thumbnail_logo_final-1.jpg","type":"image\/jpeg"}],"twitter_card":"summary_large_image","twitter_site":"@GlobeCar","twitter_misc":{"Tiempo de lectura":"1 minuto"},"schema":{"@context":"https:\/\/schema.org","@graph":[{"@type":"WebPage","@id":"https:\/\/www.globecar.com\/es\/servicios-adicionales\/conductor-joven\/","url":"https:\/\/www.globecar.com\/es\/servicios-adicionales\/conductor-joven\/","name":"Conductor Joven 20+ Bienvenido | Alquiler de coches y camiones Globe en Montreal","isPartOf":{"@id":"https:\/\/www.globecar.com\/es\/#website"},"datePublished":"2024-03-19T18:06:31+00:00","dateModified":"2025-02-24T06:12:14+00:00","description":"\u00bfBusca un coche de alquiler para mayores de 20 a\u00f1os? Globe es la \u00fanica agencia de alquiler que permite a los conductores j\u00f3venes alquilar coches a precios reducidos.","breadcrumb":{"@id":"https:\/\/www.globecar.com\/es\/servicios-adicionales\/conductor-joven\/#breadcrumb"},"inLanguage":"es","potentialAction":[{"@type":"ReadAction","target":["https:\/\/www.globecar.com\/es\/servicios-adicionales\/conductor-joven\/"]}]},{"@type":"BreadcrumbList","@id":"https:\/\/www.globecar.com\/es\/servicios-adicionales\/conductor-joven\/#breadcrumb","itemListElement":[{"@type":"ListItem","position":1,"name":"Inicio","item":"https:\/\/www.globecar.com\/es\/"},{"@type":"ListItem","position":2,"name":"Servicios adicionales","item":"https:\/\/www.globecar.com\/es\/servicios-adicionales\/"},{"@type":"ListItem","position":3,"name":"Joven conductor"}]},{"@type":"WebSite","@id":"https:\/\/www.globecar.com\/es\/#website","url":"https:\/\/www.globecar.com\/es\/","name":"Globe Location d'Autos et Camions \u00e0 Montr\u00e9al","description":"Drive 4 Less","publisher":{"@id":"https:\/\/www.globecar.com\/es\/#organization"},"alternateName":"GlobeCar","potentialAction":[{"@type":"SearchAction","target":{"@type":"EntryPoint","urlTemplate":"https:\/\/www.globecar.com\/es\/?s={search_term_string}"},"query-input":{"@type":"PropertyValueSpecification","valueRequired":true,"valueName":"search_term_string"}}],"inLanguage":"es"},{"@type":"Organization","@id":"https:\/\/www.globecar.com\/es\/#organization","name":"Globe Car & Truck Rental","alternateName":"GlobeCar","url":"https:\/\/www.globecar.com\/es\/","logo":{"@type":"ImageObject","inLanguage":"es","@id":"https:\/\/www.globecar.com\/es\/#\/schema\/logo\/image\/","url":"https:\/\/www.globecar.com\/wp-content\/uploads\/2023\/12\/thumbnail_logo_final-1.jpg","contentUrl":"https:\/\/www.globecar.com\/wp-content\/uploads\/2023\/12\/thumbnail_logo_final-1.jpg","width":555,"height":555,"caption":"Globe Car & Truck Rental"},"image":{"@id":"https:\/\/www.globecar.com\/es\/#\/schema\/logo\/image\/"},"sameAs":["https:\/\/www.facebook.com\/GlobeCar","https:\/\/x.com\/GlobeCar","https:\/\/mastodon.social\/@globecar","https:\/\/www.instagram.com\/globecar\/","https:\/\/www.linkedin.com\/company\/globecar\/","https:\/\/www.pinterest.com\/globecar","https:\/\/www.youtube.com\/c\/GlobecarRentals"]}]}},"jetpack_sharing_enabled":true,"jetpack_shortlink":"https:\/\/wp.me\/PaiT2D-3xU","_links":{"self":[{"href":"https:\/\/www.globecar.com\/es\/wp-json\/wp\/v2\/pages\/13634","targetHints":{"allow":["GET"]}}],"collection":[{"href":"https:\/\/www.globecar.com\/es\/wp-json\/wp\/v2\/pages"}],"about":[{"href":"https:\/\/www.globecar.com\/es\/wp-json\/wp\/v2\/types\/page"}],"author":[{"embeddable":true,"href":"https:\/\/www.globecar.com\/es\/wp-json\/wp\/v2\/users\/1"}],"replies":[{"embeddable":true,"href":"https:\/\/www.globecar.com\/es\/wp-json\/wp\/v2\/comments?post=13634"}],"version-history":[{"count":0,"href":"https:\/\/www.globecar.com\/es\/wp-json\/wp\/v2\/pages\/13634\/revisions"}],"up":[{"embeddable":true,"href":"https:\/\/www.globecar.com\/es\/wp-json\/wp\/v2\/pages\/13737"}],"wp:attachment":[{"href":"https:\/\/www.globecar.com\/es\/wp-json\/wp\/v2\/media?parent=13634"}],"curies":[{"name":"wp","href":"https:\/\/api.w.org\/{rel}","templated":true}]}}