{"id":13628,"date":"2024-03-19T14:06:30","date_gmt":"2024-03-19T18:06:30","guid":{"rendered":"https:\/\/www.globecar.com\/vehiculos-sin-humo\/"},"modified":"2024-05-08T08:58:53","modified_gmt":"2024-05-08T12:58:53","slug":"vehiculos-sin-humo","status":"publish","type":"page","link":"https:\/\/www.globecar.com\/es\/acerca-de\/vehiculos-sin-humo\/","title":{"rendered":"Veh\u00edculos sin humo"},"content":{"rendered":"<div class=\"wpb-content-wrapper\"><p>[vc_row is_header=\u00bbtrue\u00bb][vc_column width=\u00bb2\/3&#8243;][vc_column_text]<\/p>\n<h1>Toda nuestra flota es libre de humos<\/h1>\n<p>\u00a1Debido a una abrumadora cantidad de solicitudes, todos nuestros coches de alquiler en Globe en Montreal son libres de humo! Para garantizar que nuestros veh\u00edculos huelan fresco, pedimos a nuestros clientes que se abstengan de fumar cualquier tipo de tabaco (marihuana, pipa, cigarrillo, puro, etc&#8230;). Tambi\u00e9n le rogamos que, si transporta a su mascota en el veh\u00edculo alquilado, lo haga utilizando una jaula, ya que algunos de nuestros clientes son muy al\u00e9rgicos a algunos animales.<\/p>\n<p>El humo del tabaco emite un olor penetrante que se convierte en residuo en tejidos, fibras y superficies del coche, emitiendo un fuerte olor que la mayor\u00eda de los inquilinos de coches encuentran desagradable y\/o tienen alergias.[\/vc_column_text][\/vc_column][vc_column width=\u00bb1\/3&#8243;][vc_single_image image=\u00bb9264&#8243; img_size=\u00bbfull\u00bb alignment=\u00bbcenter\u00bb][\/vc_column][\/vc_row][vc_section is_container=\u00bbtrue\u00bb][vc_row][vc_column][vc_column_text]<\/p>\n<h3>Nota para nuestros inquilinos fumadores<\/h3>\n<p>Globe agradece enormemente su consideraci\u00f3n para con el pr\u00f3ximo cliente que alquile su veh\u00edculo despu\u00e9s de usted. Nota: nuestra pol\u00edtica de no fumar es una extensi\u00f3n de nuestras pol\u00edticas relativas al pelo excesivo de mascotas, el maltrato interior o la suciedad pesada. Esperamos que todas esas directrices beneficien en \u00faltima instancia a todos los inquilinos, incluidos los fumadores. Todos los inquilinos se merecen un coche nuevo, seguro, limpio y que huela a fresco. Ay\u00fadenos a hacer que la experiencia de alquilar un coche sea agradable para nuestra comunidad.<\/p>\n<p>En caso de que se fume en el veh\u00edculo durante el periodo de alquiler, se aplicar\u00e1 una tasa de limpieza de 250 $. Por favor, respeta a los que no fuman y a los que tienen alergia al humo o a los animales.[\/vc_column_text][\/vc_column][\/vc_row][\/vc_section]<\/p>\n<\/div>","protected":false},"excerpt":{"rendered":"<p>[vc_row is_header=\u00bbtrue\u00bb][vc_column width=\u00bb2\/3&#8243;][vc_column_text] Toda nuestra flota es libre de humos \u00a1Debido a una abrumadora cantidad de solicitudes, todos nuestros coches de alquiler en Globe en Montreal son libres de humo! Para garantizar que nuestros veh\u00edculos huelan fresco, pedimos a nuestros clientes que se abstengan de fumar cualquier tipo de tabaco (marihuana, pipa, cigarrillo, puro, etc&#8230;). [&hellip;]<\/p>\n","protected":false},"author":1,"featured_media":0,"parent":13799,"menu_order":0,"comment_status":"closed","ping_status":"closed","template":"","meta":{"_acf_changed":false,"_genesis_hide_title":false,"_genesis_hide_breadcrumbs":false,"_genesis_hide_singular_image":false,"_genesis_hide_footer_widgets":false,"_genesis_custom_body_class":"","_genesis_custom_post_class":"","_genesis_layout":"","jetpack_post_was_ever_published":false,"footnotes":""},"class_list":{"0":"post-13628","1":"page","2":"type-page","3":"status-publish","5":"entry","6":"has-post-thumbnail"},"acf":[],"yoast_head":"<!-- This site is optimized with the Yoast SEO Premium plugin v27.1 (Yoast SEO v27.1.1) - https:\/\/yoast.com\/product\/yoast-seo-premium-wordpress\/ -->\n<title>Coches de alquiler sin humo | Alquiler de coches y camiones Globe en Montreal<\/title>\n<meta name=\"description\" content=\"Todos nuestros coches de alquiler son libres de humo. Tenemos una pol\u00edtica estricta y nos esforzamos por respetar a cada uno de nuestros clientes. Por favor, no fume dentro de nuestros coches de alquiler.\" \/>\n<meta name=\"robots\" content=\"index, follow, max-snippet:-1, max-image-preview:large, max-video-preview:-1\" \/>\n<link rel=\"canonical\" href=\"https:\/\/www.globecar.com\/es\/acerca-de\/vehiculos-sin-humo\/\" \/>\n<meta property=\"og:locale\" content=\"es_ES\" \/>\n<meta property=\"og:type\" content=\"article\" \/>\n<meta property=\"og:title\" content=\"Veh\u00edculos sin humo\" \/>\n<meta property=\"og:description\" content=\"Toda nuestra flota es libre de humos \u00a1Debido a una abrumadora cantidad de solicitudes, todos nuestros coches de alquiler en Globe en Montreal son libres\" \/>\n<meta property=\"og:url\" content=\"https:\/\/www.globecar.com\/es\/acerca-de\/vehiculos-sin-humo\/\" \/>\n<meta property=\"og:site_name\" content=\"Alquiler de coches y camiones Globe en Montreal\" \/>\n<meta property=\"article:publisher\" content=\"https:\/\/www.facebook.com\/GlobeCar\" \/>\n<meta property=\"article:modified_time\" content=\"2024-05-08T12:58:53+00:00\" \/>\n<meta property=\"og:image\" content=\"https:\/\/www.globecar.com\/wp-content\/uploads\/2023\/12\/thumbnail_logo_final-1.jpg\" \/>\n\t<meta property=\"og:image:width\" content=\"555\" \/>\n\t<meta property=\"og:image:height\" content=\"555\" \/>\n\t<meta property=\"og:image:type\" content=\"image\/jpeg\" \/>\n<meta name=\"twitter:card\" content=\"summary_large_image\" \/>\n<meta name=\"twitter:site\" content=\"@GlobeCar\" \/>\n<meta name=\"twitter:label1\" content=\"Tiempo de lectura\" \/>\n\t<meta name=\"twitter:data1\" content=\"2 minutos\" \/>\n<script type=\"application\/ld+json\" class=\"yoast-schema-graph\">{\"@context\":\"https:\/\/schema.org\",\"@graph\":[{\"@type\":\"WebPage\",\"@id\":\"https:\/\/www.globecar.com\/es\/acerca-de\/vehiculos-sin-humo\/\",\"url\":\"https:\/\/www.globecar.com\/es\/acerca-de\/vehiculos-sin-humo\/\",\"name\":\"Coches de alquiler sin humo | Alquiler de coches y camiones Globe en Montreal\",\"isPartOf\":{\"@id\":\"https:\/\/www.globecar.com\/es\/#website\"},\"datePublished\":\"2024-03-19T18:06:30+00:00\",\"dateModified\":\"2024-05-08T12:58:53+00:00\",\"description\":\"Todos nuestros coches de alquiler son libres de humo. Tenemos una pol\u00edtica estricta y nos esforzamos por respetar a cada uno de nuestros clientes. Por favor, no fume dentro de nuestros coches de alquiler.\",\"breadcrumb\":{\"@id\":\"https:\/\/www.globecar.com\/es\/acerca-de\/vehiculos-sin-humo\/#breadcrumb\"},\"inLanguage\":\"es\",\"potentialAction\":[{\"@type\":\"ReadAction\",\"target\":[\"https:\/\/www.globecar.com\/es\/acerca-de\/vehiculos-sin-humo\/\"]}]},{\"@type\":\"BreadcrumbList\",\"@id\":\"https:\/\/www.globecar.com\/es\/acerca-de\/vehiculos-sin-humo\/#breadcrumb\",\"itemListElement\":[{\"@type\":\"ListItem\",\"position\":1,\"name\":\"Inicio\",\"item\":\"https:\/\/www.globecar.com\/es\/\"},{\"@type\":\"ListItem\",\"position\":2,\"name\":\"Acerca de\",\"item\":\"https:\/\/www.globecar.com\/es\/acerca-de\/\"},{\"@type\":\"ListItem\",\"position\":3,\"name\":\"Veh\u00edculos sin humo\"}]},{\"@type\":\"WebSite\",\"@id\":\"https:\/\/www.globecar.com\/es\/#website\",\"url\":\"https:\/\/www.globecar.com\/es\/\",\"name\":\"Globe Location d'Autos et Camions \u00e0 Montr\u00e9al\",\"description\":\"Drive 4 Less\",\"publisher\":{\"@id\":\"https:\/\/www.globecar.com\/es\/#organization\"},\"alternateName\":\"GlobeCar\",\"potentialAction\":[{\"@type\":\"SearchAction\",\"target\":{\"@type\":\"EntryPoint\",\"urlTemplate\":\"https:\/\/www.globecar.com\/es\/?s={search_term_string}\"},\"query-input\":{\"@type\":\"PropertyValueSpecification\",\"valueRequired\":true,\"valueName\":\"search_term_string\"}}],\"inLanguage\":\"es\"},{\"@type\":\"Organization\",\"@id\":\"https:\/\/www.globecar.com\/es\/#organization\",\"name\":\"Globe Car & Truck Rental\",\"alternateName\":\"GlobeCar\",\"url\":\"https:\/\/www.globecar.com\/es\/\",\"logo\":{\"@type\":\"ImageObject\",\"inLanguage\":\"es\",\"@id\":\"https:\/\/www.globecar.com\/es\/#\/schema\/logo\/image\/\",\"url\":\"https:\/\/www.globecar.com\/wp-content\/uploads\/2023\/12\/thumbnail_logo_final-1.jpg\",\"contentUrl\":\"https:\/\/www.globecar.com\/wp-content\/uploads\/2023\/12\/thumbnail_logo_final-1.jpg\",\"width\":555,\"height\":555,\"caption\":\"Globe Car & Truck Rental\"},\"image\":{\"@id\":\"https:\/\/www.globecar.com\/es\/#\/schema\/logo\/image\/\"},\"sameAs\":[\"https:\/\/www.facebook.com\/GlobeCar\",\"https:\/\/x.com\/GlobeCar\",\"https:\/\/mastodon.social\/@globecar\",\"https:\/\/www.instagram.com\/globecar\/\",\"https:\/\/www.linkedin.com\/company\/globecar\/\",\"https:\/\/www.pinterest.com\/globecar\",\"https:\/\/www.youtube.com\/c\/GlobecarRentals\"]}]}<\/script>\n<!-- \/ Yoast SEO Premium plugin. -->","yoast_head_json":{"title":"Coches de alquiler sin humo | Alquiler de coches y camiones Globe en Montreal","description":"Todos nuestros coches de alquiler son libres de humo. Tenemos una pol\u00edtica estricta y nos esforzamos por respetar a cada uno de nuestros clientes. Por favor, no fume dentro de nuestros coches de alquiler.","robots":{"index":"index","follow":"follow","max-snippet":"max-snippet:-1","max-image-preview":"max-image-preview:large","max-video-preview":"max-video-preview:-1"},"canonical":"https:\/\/www.globecar.com\/es\/acerca-de\/vehiculos-sin-humo\/","og_locale":"es_ES","og_type":"article","og_title":"Veh\u00edculos sin humo","og_description":"Toda nuestra flota es libre de humos \u00a1Debido a una abrumadora cantidad de solicitudes, todos nuestros coches de alquiler en Globe en Montreal son libres","og_url":"https:\/\/www.globecar.com\/es\/acerca-de\/vehiculos-sin-humo\/","og_site_name":"Alquiler de coches y camiones Globe en Montreal","article_publisher":"https:\/\/www.facebook.com\/GlobeCar","article_modified_time":"2024-05-08T12:58:53+00:00","og_image":[{"width":555,"height":555,"url":"https:\/\/www.globecar.com\/wp-content\/uploads\/2023\/12\/thumbnail_logo_final-1.jpg","type":"image\/jpeg"}],"twitter_card":"summary_large_image","twitter_site":"@GlobeCar","twitter_misc":{"Tiempo de lectura":"2 minutos"},"schema":{"@context":"https:\/\/schema.org","@graph":[{"@type":"WebPage","@id":"https:\/\/www.globecar.com\/es\/acerca-de\/vehiculos-sin-humo\/","url":"https:\/\/www.globecar.com\/es\/acerca-de\/vehiculos-sin-humo\/","name":"Coches de alquiler sin humo | Alquiler de coches y camiones Globe en Montreal","isPartOf":{"@id":"https:\/\/www.globecar.com\/es\/#website"},"datePublished":"2024-03-19T18:06:30+00:00","dateModified":"2024-05-08T12:58:53+00:00","description":"Todos nuestros coches de alquiler son libres de humo. Tenemos una pol\u00edtica estricta y nos esforzamos por respetar a cada uno de nuestros clientes. Por favor, no fume dentro de nuestros coches de alquiler.","breadcrumb":{"@id":"https:\/\/www.globecar.com\/es\/acerca-de\/vehiculos-sin-humo\/#breadcrumb"},"inLanguage":"es","potentialAction":[{"@type":"ReadAction","target":["https:\/\/www.globecar.com\/es\/acerca-de\/vehiculos-sin-humo\/"]}]},{"@type":"BreadcrumbList","@id":"https:\/\/www.globecar.com\/es\/acerca-de\/vehiculos-sin-humo\/#breadcrumb","itemListElement":[{"@type":"ListItem","position":1,"name":"Inicio","item":"https:\/\/www.globecar.com\/es\/"},{"@type":"ListItem","position":2,"name":"Acerca de","item":"https:\/\/www.globecar.com\/es\/acerca-de\/"},{"@type":"ListItem","position":3,"name":"Veh\u00edculos sin humo"}]},{"@type":"WebSite","@id":"https:\/\/www.globecar.com\/es\/#website","url":"https:\/\/www.globecar.com\/es\/","name":"Globe Location d'Autos et Camions \u00e0 Montr\u00e9al","description":"Drive 4 Less","publisher":{"@id":"https:\/\/www.globecar.com\/es\/#organization"},"alternateName":"GlobeCar","potentialAction":[{"@type":"SearchAction","target":{"@type":"EntryPoint","urlTemplate":"https:\/\/www.globecar.com\/es\/?s={search_term_string}"},"query-input":{"@type":"PropertyValueSpecification","valueRequired":true,"valueName":"search_term_string"}}],"inLanguage":"es"},{"@type":"Organization","@id":"https:\/\/www.globecar.com\/es\/#organization","name":"Globe Car & Truck Rental","alternateName":"GlobeCar","url":"https:\/\/www.globecar.com\/es\/","logo":{"@type":"ImageObject","inLanguage":"es","@id":"https:\/\/www.globecar.com\/es\/#\/schema\/logo\/image\/","url":"https:\/\/www.globecar.com\/wp-content\/uploads\/2023\/12\/thumbnail_logo_final-1.jpg","contentUrl":"https:\/\/www.globecar.com\/wp-content\/uploads\/2023\/12\/thumbnail_logo_final-1.jpg","width":555,"height":555,"caption":"Globe Car & Truck Rental"},"image":{"@id":"https:\/\/www.globecar.com\/es\/#\/schema\/logo\/image\/"},"sameAs":["https:\/\/www.facebook.com\/GlobeCar","https:\/\/x.com\/GlobeCar","https:\/\/mastodon.social\/@globecar","https:\/\/www.instagram.com\/globecar\/","https:\/\/www.linkedin.com\/company\/globecar\/","https:\/\/www.pinterest.com\/globecar","https:\/\/www.youtube.com\/c\/GlobecarRentals"]}]}},"jetpack_sharing_enabled":true,"jetpack_shortlink":"https:\/\/wp.me\/PaiT2D-3xO","_links":{"self":[{"href":"https:\/\/www.globecar.com\/es\/wp-json\/wp\/v2\/pages\/13628","targetHints":{"allow":["GET"]}}],"collection":[{"href":"https:\/\/www.globecar.com\/es\/wp-json\/wp\/v2\/pages"}],"about":[{"href":"https:\/\/www.globecar.com\/es\/wp-json\/wp\/v2\/types\/page"}],"author":[{"embeddable":true,"href":"https:\/\/www.globecar.com\/es\/wp-json\/wp\/v2\/users\/1"}],"replies":[{"embeddable":true,"href":"https:\/\/www.globecar.com\/es\/wp-json\/wp\/v2\/comments?post=13628"}],"version-history":[{"count":0,"href":"https:\/\/www.globecar.com\/es\/wp-json\/wp\/v2\/pages\/13628\/revisions"}],"up":[{"embeddable":true,"href":"https:\/\/www.globecar.com\/es\/wp-json\/wp\/v2\/pages\/13799"}],"wp:attachment":[{"href":"https:\/\/www.globecar.com\/es\/wp-json\/wp\/v2\/media?parent=13628"}],"curies":[{"name":"wp","href":"https:\/\/api.w.org\/{rel}","templated":true}]}}