{"id":13614,"date":"2024-03-19T14:06:28","date_gmt":"2024-03-19T18:06:28","guid":{"rendered":"https:\/\/www.globecar.com\/periodo-de-retorno-tardio\/"},"modified":"2024-05-14T09:10:46","modified_gmt":"2024-05-14T13:10:46","slug":"periodo-de-retorno-tardio","status":"publish","type":"page","link":"https:\/\/www.globecar.com\/es\/acerca-de\/periodo-de-retorno-tardio\/","title":{"rendered":"Retorno tard\u00edo"},"content":{"rendered":"<div class=\"wpb-content-wrapper\"><p>[vc_row is_header=\u00bbtrue\u00bb][vc_column width=\u00bb2\/3&#8243;][vc_column_text]<\/p>\n<h1>\u00bfLlegas tarde con el coche alquilado?<\/h1>\n<h2>No se preocupe, \u00a1no se estrese!<\/h2>\n<p>El tr\u00e1fico, el tiempo y los errores de c\u00e1lculo ocurren. El generoso y gratuito periodo de gracia de 1 hora de Globe le permite estar tranquilo sin que le cobren un d\u00eda extra de recargo por devolver el coche alquilado. Y si te suscribes hoy <a href=\"https:\/\/www.globecar.com\/es\/vip\/\">a la Membres\u00eda VIP<\/a>, obtienes una hora extra gratis para un total de 2 horas extra de alquiler gratis para ir a hacer lo que necesites sin cargos adicionales. Ah, y por si te lo est\u00e1s preguntando, \u00a1nuestra competici\u00f3n tiene un l\u00edmite de 29 minutos![\/vc_column_text][\/vc_column][vc_column width=\u00bb1\/3&#8243;][vc_single_image image=\u00bb9029&#8243; img_size=\u00bbfull\u00bb alignment=\u00bbright\u00bb][\/vc_column][\/vc_row][vc_section is_container=\u00bbtrue\u00bb][vc_row][vc_column][vc_column_text]<\/p>\n<table>\n<tbody>\n<tr>\n<td style=\"width: 25%;\"><\/td>\n<td style=\"background-color: #f9f9f7; text-align: center; vertical-align: middle; width: 25%;\">\n<h3>Globo VIP<br \/>\nCliente<\/h3>\n<\/td>\n<td style=\"text-align: center; vertical-align: middle; width: 25%;\">\n<h3>Globo<br \/>\nCliente<\/h3>\n<\/td>\n<td style=\"background-color: #f9f9f7; text-align: center; vertical-align: middle; width: 25%;\">\n<h3>Otros alquileres<br \/>\nEmpresas<\/h3>\n<\/td>\n<\/tr>\n<tr>\n<td>1\u00aa hora<\/td>\n<td style=\"background-color: #f9f9f7; text-align: center; vertical-align: middle;\"><span style=\"color: #ff6c00;\"><strong>\u00a1GRATIS!<\/strong><\/span><\/td>\n<td style=\"text-align: center; vertical-align: middle;\"><span style=\"color: #ff6c00;\"><strong>\u00a1GRATIS!<\/strong><\/span><\/td>\n<td style=\"background-color: #f9f9f7; text-align: center; vertical-align: middle;\"><span style=\"font-weight: 400;\">Cero<br \/>\no 29 minutos gratis<\/span><\/td>\n<\/tr>\n<tr>\n<td>2\u00aa hora<\/td>\n<td style=\"background-color: #f9f9f7; text-align: center; vertical-align: middle;\"><span style=\"color: #ff6c00;\"><strong>\u00a1GRATIS!<\/strong><\/span><\/td>\n<td style=\"text-align: center; vertical-align: middle;\"><span style=\"font-weight: 400;\">Precio por hora<\/span><\/td>\n<td style=\"background-color: #f9f9f7; text-align: center; vertical-align: middle;\"><span style=\"font-weight: 400;\">Carga<br \/>\npor hora o d\u00eda completo<\/span><\/td>\n<\/tr>\n<tr>\n<td>3\u00aa hora<\/td>\n<td style=\"background-color: #f9f9f7; text-align: center; vertical-align: middle;\">D\u00eda completo<\/td>\n<td style=\"text-align: center; vertical-align: middle;\">D\u00eda completo<\/td>\n<td style=\"background-color: #f9f9f7; text-align: center; vertical-align: middle;\">D\u00eda completo + tasas por retraso<\/td>\n<\/tr>\n<tr>\n<td><\/td>\n<td style=\"background-color: #f9f9f7; text-align: center; vertical-align: middle;\"><a href=\"https:\/\/www.globecar.com\/es\/vip\/#signupvip\">A\u00fan mejor: inscr\u00edbase<\/a><\/td>\n<td style=\"text-align: center; vertical-align: middle;\"><strong>\u00a1Impresionante!<\/strong><\/td>\n<td style=\"background-color: #f9f9f7; text-align: center; vertical-align: middle;\">????<\/td>\n<\/tr>\n<\/tbody>\n<\/table>\n<p><span style=\"font-weight: 400;\">Entendemos que el alquiler de coches debe ser una experiencia sin complicaciones. Nos esforzamos al m\u00e1ximo para complacer a cada cliente con todo el cari\u00f1o posible para asegurarnos de que est\u00e9n contentos y plenamente satisfechos, para que vuelvan a alquilar. Cuando alquile con nosotros, no se preocupe nunca por llegar tarde: \u00a1estaremos all\u00ed para usted!<\/span><\/p>\n<p><span style=\"font-weight: 400;\"><p><span class=\"button full\"><a href=\"https:\/\/www.globecar.com\/es\/acerca-de\/por-que-globe\/\">Muchas m\u00e1s razones para visitarnos en<i class=\"fa fa-heart \"><\/i><\/a><\/span><\/p><\/span>[\/vc_column_text][\/vc_column][\/vc_row][\/vc_section][vc_section][vc_row full_width=\u00bbstretch_row\u00bb][vc_column]\n\t\t<div class=\"simple-banner \">\n\t\t\t<img decoding=\"async\" width=\"1574\" height=\"390\" src=\"https:\/\/www.globecar.com\/wp-content\/uploads\/2017\/08\/ready-to-drive.jpg\" class=\"attachment-full size-full\" alt=\"ready-to-drive\" srcset=\"https:\/\/www.globecar.com\/wp-content\/uploads\/2017\/08\/ready-to-drive.jpg 1574w, https:\/\/www.globecar.com\/wp-content\/uploads\/2017\/08\/ready-to-drive-150x37.jpg 150w, https:\/\/www.globecar.com\/wp-content\/uploads\/2017\/08\/ready-to-drive-300x74.jpg 300w, https:\/\/www.globecar.com\/wp-content\/uploads\/2017\/08\/ready-to-drive-768x190.jpg 768w, https:\/\/www.globecar.com\/wp-content\/uploads\/2017\/08\/ready-to-drive-1024x254.jpg 1024w, https:\/\/www.globecar.com\/wp-content\/uploads\/2017\/08\/ready-to-drive-300x74@2x.jpg 600w, https:\/\/www.globecar.com\/wp-content\/uploads\/2017\/08\/ready-to-drive-768x190@2x.jpg 1536w\" sizes=\"(max-width: 1574px) 100vw, 1574px\" \/>\n\t\t\t<div class=\"wrap\"><div class=\"mini-wrap\"><h3>\u00bfListo para conducir?<\/h3><\/div><a class=\"button onDark full large\" href=\"https:\/\/reserve.globecar.com\/en\/rent-a-car\">Alquilar un veh\u00edculo<\/a>\t<\/div><\/div>[\/vc_column][\/vc_row][\/vc_section]<\/p>\n<\/div>","protected":false},"excerpt":{"rendered":"<p>[vc_row is_header=\u00bbtrue\u00bb][vc_column width=\u00bb2\/3&#8243;][vc_column_text] \u00bfLlegas tarde con el coche alquilado? No se preocupe, \u00a1no se estrese! El tr\u00e1fico, el tiempo y los errores de c\u00e1lculo ocurren. El generoso y gratuito periodo de gracia de 1 hora de Globe le permite estar tranquilo sin que le cobren un d\u00eda extra de recargo por devolver el coche alquilado. [&hellip;]<\/p>\n","protected":false},"author":1,"featured_media":0,"parent":13799,"menu_order":0,"comment_status":"closed","ping_status":"closed","template":"","meta":{"_acf_changed":false,"_genesis_hide_title":false,"_genesis_hide_breadcrumbs":false,"_genesis_hide_singular_image":false,"_genesis_hide_footer_widgets":false,"_genesis_custom_body_class":"","_genesis_custom_post_class":"","_genesis_layout":"","jetpack_post_was_ever_published":false,"footnotes":""},"class_list":{"0":"post-13614","1":"page","2":"type-page","3":"status-publish","5":"entry","6":"has-post-thumbnail"},"acf":[],"yoast_head":"<!-- This site is optimized with the Yoast SEO Premium plugin v27.1 (Yoast SEO v27.1.1) - https:\/\/yoast.com\/product\/yoast-seo-premium-wordpress\/ -->\n<title>Una hora de gracia | Alquiler de coches y camiones Globe en Montreal<\/title>\n<meta name=\"description\" content=\"\u00bfLlega tarde con el alquiler del coche? No te estreses. Globe tiene un generoso periodo de gracia de 1 hora en todos los alquileres de coches (2 horas para los VIP).\" \/>\n<meta name=\"robots\" content=\"index, follow, max-snippet:-1, max-image-preview:large, max-video-preview:-1\" \/>\n<link rel=\"canonical\" href=\"https:\/\/www.globecar.com\/es\/acerca-de\/periodo-de-retorno-tardio\/\" \/>\n<meta property=\"og:locale\" content=\"es_ES\" \/>\n<meta property=\"og:type\" content=\"article\" \/>\n<meta property=\"og:title\" content=\"Retorno tard\u00edo\" \/>\n<meta property=\"og:description\" content=\"\u00bfLlegas tarde con el coche alquilado? No se preocupe, \u00a1no se estrese! El tr\u00e1fico, el tiempo y los errores de c\u00e1lculo ocurren. El generoso y gratuito\" \/>\n<meta property=\"og:url\" content=\"https:\/\/www.globecar.com\/es\/acerca-de\/periodo-de-retorno-tardio\/\" \/>\n<meta property=\"og:site_name\" content=\"Alquiler de coches y camiones Globe en Montreal\" \/>\n<meta property=\"article:publisher\" content=\"https:\/\/www.facebook.com\/GlobeCar\" \/>\n<meta property=\"article:modified_time\" content=\"2024-05-14T13:10:46+00:00\" \/>\n<meta property=\"og:image\" content=\"https:\/\/www.globecar.com\/wp-content\/uploads\/2023\/12\/thumbnail_logo_final-1.jpg\" \/>\n\t<meta property=\"og:image:width\" content=\"555\" \/>\n\t<meta property=\"og:image:height\" content=\"555\" \/>\n\t<meta property=\"og:image:type\" content=\"image\/jpeg\" \/>\n<meta name=\"twitter:card\" content=\"summary_large_image\" \/>\n<meta name=\"twitter:site\" content=\"@GlobeCar\" \/>\n<meta name=\"twitter:label1\" content=\"Tiempo de lectura\" \/>\n\t<meta name=\"twitter:data1\" content=\"1 minuto\" \/>\n<script type=\"application\/ld+json\" class=\"yoast-schema-graph\">{\"@context\":\"https:\/\/schema.org\",\"@graph\":[{\"@type\":\"WebPage\",\"@id\":\"https:\/\/www.globecar.com\/es\/acerca-de\/periodo-de-retorno-tardio\/\",\"url\":\"https:\/\/www.globecar.com\/es\/acerca-de\/periodo-de-retorno-tardio\/\",\"name\":\"Una hora de gracia | Alquiler de coches y camiones Globe en Montreal\",\"isPartOf\":{\"@id\":\"https:\/\/www.globecar.com\/es\/#website\"},\"datePublished\":\"2024-03-19T18:06:28+00:00\",\"dateModified\":\"2024-05-14T13:10:46+00:00\",\"description\":\"\u00bfLlega tarde con el alquiler del coche? No te estreses. Globe tiene un generoso periodo de gracia de 1 hora en todos los alquileres de coches (2 horas para los VIP).\",\"breadcrumb\":{\"@id\":\"https:\/\/www.globecar.com\/es\/acerca-de\/periodo-de-retorno-tardio\/#breadcrumb\"},\"inLanguage\":\"es\",\"potentialAction\":[{\"@type\":\"ReadAction\",\"target\":[\"https:\/\/www.globecar.com\/es\/acerca-de\/periodo-de-retorno-tardio\/\"]}]},{\"@type\":\"BreadcrumbList\",\"@id\":\"https:\/\/www.globecar.com\/es\/acerca-de\/periodo-de-retorno-tardio\/#breadcrumb\",\"itemListElement\":[{\"@type\":\"ListItem\",\"position\":1,\"name\":\"Inicio\",\"item\":\"https:\/\/www.globecar.com\/es\/\"},{\"@type\":\"ListItem\",\"position\":2,\"name\":\"Acerca de\",\"item\":\"https:\/\/www.globecar.com\/es\/acerca-de\/\"},{\"@type\":\"ListItem\",\"position\":3,\"name\":\"Retorno tard\u00edo\"}]},{\"@type\":\"WebSite\",\"@id\":\"https:\/\/www.globecar.com\/es\/#website\",\"url\":\"https:\/\/www.globecar.com\/es\/\",\"name\":\"Globe Location d'Autos et Camions \u00e0 Montr\u00e9al\",\"description\":\"Drive 4 Less\",\"publisher\":{\"@id\":\"https:\/\/www.globecar.com\/es\/#organization\"},\"alternateName\":\"GlobeCar\",\"potentialAction\":[{\"@type\":\"SearchAction\",\"target\":{\"@type\":\"EntryPoint\",\"urlTemplate\":\"https:\/\/www.globecar.com\/es\/?s={search_term_string}\"},\"query-input\":{\"@type\":\"PropertyValueSpecification\",\"valueRequired\":true,\"valueName\":\"search_term_string\"}}],\"inLanguage\":\"es\"},{\"@type\":\"Organization\",\"@id\":\"https:\/\/www.globecar.com\/es\/#organization\",\"name\":\"Globe Car & Truck Rental\",\"alternateName\":\"GlobeCar\",\"url\":\"https:\/\/www.globecar.com\/es\/\",\"logo\":{\"@type\":\"ImageObject\",\"inLanguage\":\"es\",\"@id\":\"https:\/\/www.globecar.com\/es\/#\/schema\/logo\/image\/\",\"url\":\"https:\/\/www.globecar.com\/wp-content\/uploads\/2023\/12\/thumbnail_logo_final-1.jpg\",\"contentUrl\":\"https:\/\/www.globecar.com\/wp-content\/uploads\/2023\/12\/thumbnail_logo_final-1.jpg\",\"width\":555,\"height\":555,\"caption\":\"Globe Car & Truck Rental\"},\"image\":{\"@id\":\"https:\/\/www.globecar.com\/es\/#\/schema\/logo\/image\/\"},\"sameAs\":[\"https:\/\/www.facebook.com\/GlobeCar\",\"https:\/\/x.com\/GlobeCar\",\"https:\/\/mastodon.social\/@globecar\",\"https:\/\/www.instagram.com\/globecar\/\",\"https:\/\/www.linkedin.com\/company\/globecar\/\",\"https:\/\/www.pinterest.com\/globecar\",\"https:\/\/www.youtube.com\/c\/GlobecarRentals\"]}]}<\/script>\n<!-- \/ Yoast SEO Premium plugin. -->","yoast_head_json":{"title":"Una hora de gracia | Alquiler de coches y camiones Globe en Montreal","description":"\u00bfLlega tarde con el alquiler del coche? No te estreses. Globe tiene un generoso periodo de gracia de 1 hora en todos los alquileres de coches (2 horas para los VIP).","robots":{"index":"index","follow":"follow","max-snippet":"max-snippet:-1","max-image-preview":"max-image-preview:large","max-video-preview":"max-video-preview:-1"},"canonical":"https:\/\/www.globecar.com\/es\/acerca-de\/periodo-de-retorno-tardio\/","og_locale":"es_ES","og_type":"article","og_title":"Retorno tard\u00edo","og_description":"\u00bfLlegas tarde con el coche alquilado? No se preocupe, \u00a1no se estrese! El tr\u00e1fico, el tiempo y los errores de c\u00e1lculo ocurren. El generoso y gratuito","og_url":"https:\/\/www.globecar.com\/es\/acerca-de\/periodo-de-retorno-tardio\/","og_site_name":"Alquiler de coches y camiones Globe en Montreal","article_publisher":"https:\/\/www.facebook.com\/GlobeCar","article_modified_time":"2024-05-14T13:10:46+00:00","og_image":[{"width":555,"height":555,"url":"https:\/\/www.globecar.com\/wp-content\/uploads\/2023\/12\/thumbnail_logo_final-1.jpg","type":"image\/jpeg"}],"twitter_card":"summary_large_image","twitter_site":"@GlobeCar","twitter_misc":{"Tiempo de lectura":"1 minuto"},"schema":{"@context":"https:\/\/schema.org","@graph":[{"@type":"WebPage","@id":"https:\/\/www.globecar.com\/es\/acerca-de\/periodo-de-retorno-tardio\/","url":"https:\/\/www.globecar.com\/es\/acerca-de\/periodo-de-retorno-tardio\/","name":"Una hora de gracia | Alquiler de coches y camiones Globe en Montreal","isPartOf":{"@id":"https:\/\/www.globecar.com\/es\/#website"},"datePublished":"2024-03-19T18:06:28+00:00","dateModified":"2024-05-14T13:10:46+00:00","description":"\u00bfLlega tarde con el alquiler del coche? No te estreses. Globe tiene un generoso periodo de gracia de 1 hora en todos los alquileres de coches (2 horas para los VIP).","breadcrumb":{"@id":"https:\/\/www.globecar.com\/es\/acerca-de\/periodo-de-retorno-tardio\/#breadcrumb"},"inLanguage":"es","potentialAction":[{"@type":"ReadAction","target":["https:\/\/www.globecar.com\/es\/acerca-de\/periodo-de-retorno-tardio\/"]}]},{"@type":"BreadcrumbList","@id":"https:\/\/www.globecar.com\/es\/acerca-de\/periodo-de-retorno-tardio\/#breadcrumb","itemListElement":[{"@type":"ListItem","position":1,"name":"Inicio","item":"https:\/\/www.globecar.com\/es\/"},{"@type":"ListItem","position":2,"name":"Acerca de","item":"https:\/\/www.globecar.com\/es\/acerca-de\/"},{"@type":"ListItem","position":3,"name":"Retorno tard\u00edo"}]},{"@type":"WebSite","@id":"https:\/\/www.globecar.com\/es\/#website","url":"https:\/\/www.globecar.com\/es\/","name":"Globe Location d'Autos et Camions \u00e0 Montr\u00e9al","description":"Drive 4 Less","publisher":{"@id":"https:\/\/www.globecar.com\/es\/#organization"},"alternateName":"GlobeCar","potentialAction":[{"@type":"SearchAction","target":{"@type":"EntryPoint","urlTemplate":"https:\/\/www.globecar.com\/es\/?s={search_term_string}"},"query-input":{"@type":"PropertyValueSpecification","valueRequired":true,"valueName":"search_term_string"}}],"inLanguage":"es"},{"@type":"Organization","@id":"https:\/\/www.globecar.com\/es\/#organization","name":"Globe Car & Truck Rental","alternateName":"GlobeCar","url":"https:\/\/www.globecar.com\/es\/","logo":{"@type":"ImageObject","inLanguage":"es","@id":"https:\/\/www.globecar.com\/es\/#\/schema\/logo\/image\/","url":"https:\/\/www.globecar.com\/wp-content\/uploads\/2023\/12\/thumbnail_logo_final-1.jpg","contentUrl":"https:\/\/www.globecar.com\/wp-content\/uploads\/2023\/12\/thumbnail_logo_final-1.jpg","width":555,"height":555,"caption":"Globe Car & Truck Rental"},"image":{"@id":"https:\/\/www.globecar.com\/es\/#\/schema\/logo\/image\/"},"sameAs":["https:\/\/www.facebook.com\/GlobeCar","https:\/\/x.com\/GlobeCar","https:\/\/mastodon.social\/@globecar","https:\/\/www.instagram.com\/globecar\/","https:\/\/www.linkedin.com\/company\/globecar\/","https:\/\/www.pinterest.com\/globecar","https:\/\/www.youtube.com\/c\/GlobecarRentals"]}]}},"jetpack_sharing_enabled":true,"jetpack_shortlink":"https:\/\/wp.me\/PaiT2D-3xA","_links":{"self":[{"href":"https:\/\/www.globecar.com\/es\/wp-json\/wp\/v2\/pages\/13614","targetHints":{"allow":["GET"]}}],"collection":[{"href":"https:\/\/www.globecar.com\/es\/wp-json\/wp\/v2\/pages"}],"about":[{"href":"https:\/\/www.globecar.com\/es\/wp-json\/wp\/v2\/types\/page"}],"author":[{"embeddable":true,"href":"https:\/\/www.globecar.com\/es\/wp-json\/wp\/v2\/users\/1"}],"replies":[{"embeddable":true,"href":"https:\/\/www.globecar.com\/es\/wp-json\/wp\/v2\/comments?post=13614"}],"version-history":[{"count":0,"href":"https:\/\/www.globecar.com\/es\/wp-json\/wp\/v2\/pages\/13614\/revisions"}],"up":[{"embeddable":true,"href":"https:\/\/www.globecar.com\/es\/wp-json\/wp\/v2\/pages\/13799"}],"wp:attachment":[{"href":"https:\/\/www.globecar.com\/es\/wp-json\/wp\/v2\/media?parent=13614"}],"curies":[{"name":"wp","href":"https:\/\/api.w.org\/{rel}","templated":true}]}}