{"id":13611,"date":"2024-03-19T14:06:28","date_gmt":"2024-03-19T18:06:28","guid":{"rendered":"https:\/\/www.globecar.com\/contacte-con-nosotros\/"},"modified":"2025-03-03T01:01:56","modified_gmt":"2025-03-03T06:01:56","slug":"contacte-con-nosotros","status":"publish","type":"page","link":"https:\/\/www.globecar.com\/es\/ayuda\/contacte-con-nosotros\/","title":{"rendered":"P\u00f3ngase en contacto con nosotros"},"content":{"rendered":"<div class=\"wpb-content-wrapper\"><p>[vc_row is_header=\u00bbtrue\u00bb][vc_column css=\u00bb.vc_custom_1507235373954{padding-top: 3em !important;padding-bottom: 3em !important;}\u00bb][vc_column_text]<\/p>\n<h1>P\u00f3ngase en contacto con nosotros<\/h1>\n<p>Globe se compromete a ofrecer a sus clientes un servicio de alquiler de coches del m\u00e1s alto nivel.<br \/>\n\u00bfTiene alguna pregunta? Encuentre una respuesta visitando este enlace: <a href=\"https:\/\/faq.globecar.com\/en\">Buscar preguntas frecuentes por secci\u00f3n<\/a>[\/vc_column_text][\/vc_column][\/vc_row][vc_section is_container=\u00bbtrue\u00bb][vc_row][vc_column][vc_column_text]<span style=\"font-weight: 400;\">Los correos electr\u00f3nicos se responder\u00e1n en 24 horas o menos. Durante las horas de cierre, se responder\u00e1 a los correos electr\u00f3nicos en un plazo de 48 horas.<\/span><\/p>\n<div class=\"wpcf7 no-js\" id=\"wpcf7-f13485-o1\" lang=\"es-ES\" dir=\"ltr\" data-wpcf7-id=\"13485\">\n<div class=\"screen-reader-response\"><p role=\"status\" aria-live=\"polite\" aria-atomic=\"true\"><\/p> <ul><\/ul><\/div>\n<form action=\"\/es\/wp-json\/wp\/v2\/pages\/13611#wpcf7-f13485-o1\" method=\"post\" class=\"wpcf7-form init\" aria-label=\"Formulario de contacto\" enctype=\"multipart\/form-data\" novalidate=\"novalidate\" data-status=\"init\">\n<fieldset class=\"hidden-fields-container\"><input type=\"hidden\" name=\"_wpcf7\" value=\"13485\" \/><input type=\"hidden\" name=\"_wpcf7_version\" value=\"6.1.5\" \/><input type=\"hidden\" name=\"_wpcf7_locale\" value=\"es_ES\" \/><input type=\"hidden\" name=\"_wpcf7_unit_tag\" value=\"wpcf7-f13485-o1\" \/><input type=\"hidden\" name=\"_wpcf7_container_post\" value=\"0\" \/><input type=\"hidden\" name=\"_wpcf7_posted_data_hash\" value=\"\" \/><input type=\"hidden\" name=\"_wpcf7_recaptcha_response\" value=\"\" \/>\n<\/fieldset>\n<div class=\"wpcf7-response-output\" aria-hidden=\"true\"><\/div>\n<div class=\"half\">\n\t<p><span class=\"wpcf7-form-control-wrap\" data-name=\"first-name\"><input size=\"40\" maxlength=\"400\" class=\"wpcf7-form-control wpcf7-text wpcf7-validates-as-required\" aria-required=\"true\" aria-invalid=\"false\" placeholder=\"Nombre\" value=\"\" type=\"text\" name=\"first-name\" \/><\/span><span class=\"req\">*<\/span>\n\t<\/p>\n<\/div>\n<div class=\"half last\">\n\t<p><label><span class=\"wpcf7-form-control-wrap\" data-name=\"last-name\"><input size=\"40\" maxlength=\"400\" class=\"wpcf7-form-control wpcf7-text wpcf7-validates-as-required\" aria-required=\"true\" aria-invalid=\"false\" placeholder=\"Apellido\" value=\"\" type=\"text\" name=\"last-name\" \/><\/span> <span class=\"req\">*<\/span><\/label>\n\t<\/p>\n<\/div>\n<div class=\"half\">\n\t<p><span class=\"wpcf7-form-control-wrap\" data-name=\"your-email\"><input size=\"40\" maxlength=\"400\" class=\"wpcf7-form-control wpcf7-email wpcf7-validates-as-required wpcf7-text wpcf7-validates-as-email\" aria-required=\"true\" aria-invalid=\"false\" placeholder=\"Correo electr\u00f3nico\" value=\"\" type=\"email\" name=\"your-email\" \/><\/span><span class=\"req\">*<\/span>\n\t<\/p>\n<\/div>\n<div class=\"half last\">\n\t<p><label><span class=\"wpcf7-form-control-wrap\" data-name=\"tel-381\"><input size=\"40\" maxlength=\"400\" class=\"wpcf7-form-control wpcf7-tel wpcf7-text wpcf7-validates-as-tel\" aria-invalid=\"false\" placeholder=\"Tel\u00e9fono (recomendado)\" value=\"\" type=\"tel\" name=\"tel-381\" \/><\/span> <\/label>\n\t<\/p>\n<\/div>\n<p><label> Asunto<br \/>\n<span class=\"wpcf7-form-control-wrap\" data-name=\"department\"><select class=\"wpcf7-form-control wpcf7-select wpcf7-validates-as-required\" aria-required=\"true\" aria-invalid=\"false\" name=\"department\"><option value=\"Servicios al cliente\">Servicios al cliente<\/option><option value=\"Ventas corporativas\">Ventas corporativas<\/option><option value=\"Comentarios y quejas\">Comentarios y quejas<\/option><option value=\"Administraci\u00f3n\">Administraci\u00f3n<\/option><option value=\"Facturaci\u00f3n\">Facturaci\u00f3n<\/option><option value=\"Demandas\">Demandas<\/option><option value=\"Autos en venta\">Autos en venta<\/option><option value=\"Oportunidades laborales\">Oportunidades laborales<\/option><option value=\"Webmaster\">Webmaster<\/option><\/select><\/span> <span class=\"req\">*<\/span><br \/>\n<\/label>\n<\/p>\n<p><label> Rama<br \/>\n<span class=\"wpcf7-form-control-wrap\" data-name=\"branch\"><select class=\"wpcf7-form-control wpcf7-select\" aria-invalid=\"false\" name=\"branch\"><option value=\"No relacionado con la rama\">No relacionado con la rama<\/option><option value=\"Orilla sur de Montreal - St-Constant\">Orilla sur de Montreal - St-Constant<\/option><option value=\"Centro de Montreal - Berri-UQAM \/ Gay Village\">Centro de Montreal - Berri-UQAM \/ Gay Village<\/option><option value=\"Aeropuerto de Montreal - P-E Trudeau (YUL)\">Aeropuerto de Montreal - P-E Trudeau (YUL)<\/option><option value=\"Villeray - Peque\u00f1a Italia\">Villeray - Peque\u00f1a Italia<\/option><option value=\"Mont-Royal - Metro Namur (Carretera Decarie)\">Mont-Royal - Metro Namur (Carretera Decarie)<\/option><option value=\"Centro de Montreal - Atwater (El Foro)\">Centro de Montreal - Atwater (El Foro)<\/option><option value=\"Centro de Par\u00eds \u2013 Campos El\u00edseos\">Centro de Par\u00eds \u2013 Campos El\u00edseos<\/option><\/select><\/span><br \/>\n<\/label>\n<\/p>\n<p><label> Mensaje<br \/>\n<span class=\"wpcf7-form-control-wrap\" data-name=\"your-message\"><textarea cols=\"40\" rows=\"10\" maxlength=\"2000\" class=\"wpcf7-form-control wpcf7-textarea wpcf7-validates-as-required\" aria-required=\"true\" aria-invalid=\"false\" name=\"your-message\"><\/textarea><\/span> <span class=\"req\">*<\/span><\/label>\n<\/p>\n<p><label><br \/>\nAdjuntar archivo<\/label><label for=\"input-file-field\" class=\"cursor-pointer\"><a class=\"input-file-field-button\">Seleccionar archivo<\/a><span>Ning\u00fan archivo seleccionado<\/span><\/label><br \/>\n<span class=\"wpcf7-form-control-wrap\" data-name=\"file-873\"><input size=\"40\" class=\"wpcf7-form-control wpcf7-file input-file-field\" id=\"input-file-field\" accept=\"audio\/*,video\/*,image\/*\" aria-invalid=\"false\" type=\"file\" name=\"file-873\" \/><\/span>\n<\/p>\n<p><input class=\"wpcf7-form-control wpcf7-submit has-spinner full\" type=\"submit\" value=\"Enviar mensaje\" \/>\n<\/p><p style=\"display: none !important;\" class=\"akismet-fields-container\" data-prefix=\"_wpcf7_ak_\"><label>&#916;<textarea name=\"_wpcf7_ak_hp_textarea\" cols=\"45\" rows=\"8\" maxlength=\"100\"><\/textarea><\/label><input type=\"hidden\" id=\"ak_js_1\" name=\"_wpcf7_ak_js\" value=\"20\"\/><script>document.getElementById( \"ak_js_1\" ).setAttribute( \"value\", ( new Date() ).getTime() );<\/script><\/p>\n<\/form>\n<\/div>\n[\/vc_column_text][\/vc_column][\/vc_row][\/vc_section]<\/p>\n<\/div>","protected":false},"excerpt":{"rendered":"<p>[vc_row is_header=\u00bbtrue\u00bb][vc_column css=\u00bb.vc_custom_1507235373954{padding-top: 3em !important;padding-bottom: 3em !important;}\u00bb][vc_column_text] P\u00f3ngase en contacto con nosotros Globe se compromete a ofrecer a sus clientes un servicio de alquiler de coches del m\u00e1s alto nivel. \u00bfTiene alguna pregunta? Encuentre una respuesta visitando este enlace: Buscar preguntas frecuentes por secci\u00f3n[\/vc_column_text][\/vc_column][\/vc_row][vc_section is_container=\u00bbtrue\u00bb][vc_row][vc_column][vc_column_text]Los correos electr\u00f3nicos se responder\u00e1n en 24 horas o menos. Durante [&hellip;]<\/p>\n","protected":false},"author":1,"featured_media":0,"parent":13731,"menu_order":0,"comment_status":"closed","ping_status":"closed","template":"","meta":{"_acf_changed":false,"_genesis_hide_title":false,"_genesis_hide_breadcrumbs":false,"_genesis_hide_singular_image":false,"_genesis_hide_footer_widgets":false,"_genesis_custom_body_class":"","_genesis_custom_post_class":"","_genesis_layout":"","jetpack_post_was_ever_published":false,"footnotes":""},"class_list":{"0":"post-13611","1":"page","2":"type-page","3":"status-publish","5":"entry"},"acf":[],"yoast_head":"<!-- This site is optimized with the Yoast SEO Premium plugin v27.1 (Yoast SEO v27.1.1) - https:\/\/yoast.com\/product\/yoast-seo-premium-wordpress\/ -->\n<title>Ayuda - Cont\u00e1ctenos | Alquiler de coches y camiones Globe en Montreal<\/title>\n<meta name=\"description\" content=\"Estamos a un correo electr\u00f3nico o una llamada de distancia. Globe se compromete a ofrecer a sus clientes un servicio de alquiler de coches del m\u00e1s alto nivel.\" \/>\n<meta name=\"robots\" content=\"index, follow, max-snippet:-1, max-image-preview:large, max-video-preview:-1\" \/>\n<link rel=\"canonical\" href=\"https:\/\/www.globecar.com\/es\/ayuda\/contacte-con-nosotros\/\" \/>\n<meta property=\"og:locale\" content=\"es_ES\" \/>\n<meta property=\"og:type\" content=\"article\" \/>\n<meta property=\"og:title\" content=\"P\u00f3ngase en contacto con nosotros\" \/>\n<meta property=\"og:description\" content=\"P\u00f3ngase en contacto con nosotros Globe se compromete a ofrecer a sus clientes un servicio de alquiler de coches del m\u00e1s alto nivel. \u00bfTiene alguna\" \/>\n<meta property=\"og:url\" content=\"https:\/\/www.globecar.com\/es\/ayuda\/contacte-con-nosotros\/\" \/>\n<meta property=\"og:site_name\" content=\"Alquiler de coches y camiones Globe en Montreal\" \/>\n<meta property=\"article:publisher\" content=\"https:\/\/www.facebook.com\/GlobeCar\" \/>\n<meta property=\"article:modified_time\" content=\"2025-03-03T06:01:56+00:00\" \/>\n<meta property=\"og:image\" content=\"https:\/\/www.globecar.com\/wp-content\/uploads\/2023\/12\/thumbnail_logo_final-1.jpg\" \/>\n\t<meta property=\"og:image:width\" content=\"555\" \/>\n\t<meta property=\"og:image:height\" content=\"555\" \/>\n\t<meta property=\"og:image:type\" content=\"image\/jpeg\" \/>\n<meta name=\"twitter:card\" content=\"summary_large_image\" \/>\n<meta name=\"twitter:site\" content=\"@GlobeCar\" \/>\n<meta name=\"twitter:label1\" content=\"Tiempo de lectura\" \/>\n\t<meta name=\"twitter:data1\" content=\"1 minuto\" \/>\n<script type=\"application\/ld+json\" class=\"yoast-schema-graph\">{\"@context\":\"https:\/\/schema.org\",\"@graph\":[{\"@type\":\"WebPage\",\"@id\":\"https:\/\/www.globecar.com\/es\/ayuda\/contacte-con-nosotros\/\",\"url\":\"https:\/\/www.globecar.com\/es\/ayuda\/contacte-con-nosotros\/\",\"name\":\"Ayuda - Cont\u00e1ctenos | Alquiler de coches y camiones Globe en Montreal\",\"isPartOf\":{\"@id\":\"https:\/\/www.globecar.com\/es\/#website\"},\"datePublished\":\"2024-03-19T18:06:28+00:00\",\"dateModified\":\"2025-03-03T06:01:56+00:00\",\"description\":\"Estamos a un correo electr\u00f3nico o una llamada de distancia. Globe se compromete a ofrecer a sus clientes un servicio de alquiler de coches del m\u00e1s alto nivel.\",\"breadcrumb\":{\"@id\":\"https:\/\/www.globecar.com\/es\/ayuda\/contacte-con-nosotros\/#breadcrumb\"},\"inLanguage\":\"es\",\"potentialAction\":[{\"@type\":\"ReadAction\",\"target\":[\"https:\/\/www.globecar.com\/es\/ayuda\/contacte-con-nosotros\/\"]}]},{\"@type\":\"BreadcrumbList\",\"@id\":\"https:\/\/www.globecar.com\/es\/ayuda\/contacte-con-nosotros\/#breadcrumb\",\"itemListElement\":[{\"@type\":\"ListItem\",\"position\":1,\"name\":\"Inicio\",\"item\":\"https:\/\/www.globecar.com\/es\/\"},{\"@type\":\"ListItem\",\"position\":2,\"name\":\"Ayuda\",\"item\":\"https:\/\/www.globecar.com\/es\/ayuda\/\"},{\"@type\":\"ListItem\",\"position\":3,\"name\":\"P\u00f3ngase en contacto con nosotros\"}]},{\"@type\":\"WebSite\",\"@id\":\"https:\/\/www.globecar.com\/es\/#website\",\"url\":\"https:\/\/www.globecar.com\/es\/\",\"name\":\"Globe Location d'Autos et Camions \u00e0 Montr\u00e9al\",\"description\":\"Drive 4 Less\",\"publisher\":{\"@id\":\"https:\/\/www.globecar.com\/es\/#organization\"},\"alternateName\":\"GlobeCar\",\"potentialAction\":[{\"@type\":\"SearchAction\",\"target\":{\"@type\":\"EntryPoint\",\"urlTemplate\":\"https:\/\/www.globecar.com\/es\/?s={search_term_string}\"},\"query-input\":{\"@type\":\"PropertyValueSpecification\",\"valueRequired\":true,\"valueName\":\"search_term_string\"}}],\"inLanguage\":\"es\"},{\"@type\":\"Organization\",\"@id\":\"https:\/\/www.globecar.com\/es\/#organization\",\"name\":\"Globe Car & Truck Rental\",\"alternateName\":\"GlobeCar\",\"url\":\"https:\/\/www.globecar.com\/es\/\",\"logo\":{\"@type\":\"ImageObject\",\"inLanguage\":\"es\",\"@id\":\"https:\/\/www.globecar.com\/es\/#\/schema\/logo\/image\/\",\"url\":\"https:\/\/www.globecar.com\/wp-content\/uploads\/2023\/12\/thumbnail_logo_final-1.jpg\",\"contentUrl\":\"https:\/\/www.globecar.com\/wp-content\/uploads\/2023\/12\/thumbnail_logo_final-1.jpg\",\"width\":555,\"height\":555,\"caption\":\"Globe Car & Truck Rental\"},\"image\":{\"@id\":\"https:\/\/www.globecar.com\/es\/#\/schema\/logo\/image\/\"},\"sameAs\":[\"https:\/\/www.facebook.com\/GlobeCar\",\"https:\/\/x.com\/GlobeCar\",\"https:\/\/mastodon.social\/@globecar\",\"https:\/\/www.instagram.com\/globecar\/\",\"https:\/\/www.linkedin.com\/company\/globecar\/\",\"https:\/\/www.pinterest.com\/globecar\",\"https:\/\/www.youtube.com\/c\/GlobecarRentals\"]}]}<\/script>\n<!-- \/ Yoast SEO Premium plugin. -->","yoast_head_json":{"title":"Ayuda - Cont\u00e1ctenos | Alquiler de coches y camiones Globe en Montreal","description":"Estamos a un correo electr\u00f3nico o una llamada de distancia. Globe se compromete a ofrecer a sus clientes un servicio de alquiler de coches del m\u00e1s alto nivel.","robots":{"index":"index","follow":"follow","max-snippet":"max-snippet:-1","max-image-preview":"max-image-preview:large","max-video-preview":"max-video-preview:-1"},"canonical":"https:\/\/www.globecar.com\/es\/ayuda\/contacte-con-nosotros\/","og_locale":"es_ES","og_type":"article","og_title":"P\u00f3ngase en contacto con nosotros","og_description":"P\u00f3ngase en contacto con nosotros Globe se compromete a ofrecer a sus clientes un servicio de alquiler de coches del m\u00e1s alto nivel. \u00bfTiene alguna","og_url":"https:\/\/www.globecar.com\/es\/ayuda\/contacte-con-nosotros\/","og_site_name":"Alquiler de coches y camiones Globe en Montreal","article_publisher":"https:\/\/www.facebook.com\/GlobeCar","article_modified_time":"2025-03-03T06:01:56+00:00","og_image":[{"width":555,"height":555,"url":"https:\/\/www.globecar.com\/wp-content\/uploads\/2023\/12\/thumbnail_logo_final-1.jpg","type":"image\/jpeg"}],"twitter_card":"summary_large_image","twitter_site":"@GlobeCar","twitter_misc":{"Tiempo de lectura":"1 minuto"},"schema":{"@context":"https:\/\/schema.org","@graph":[{"@type":"WebPage","@id":"https:\/\/www.globecar.com\/es\/ayuda\/contacte-con-nosotros\/","url":"https:\/\/www.globecar.com\/es\/ayuda\/contacte-con-nosotros\/","name":"Ayuda - Cont\u00e1ctenos | Alquiler de coches y camiones Globe en Montreal","isPartOf":{"@id":"https:\/\/www.globecar.com\/es\/#website"},"datePublished":"2024-03-19T18:06:28+00:00","dateModified":"2025-03-03T06:01:56+00:00","description":"Estamos a un correo electr\u00f3nico o una llamada de distancia. Globe se compromete a ofrecer a sus clientes un servicio de alquiler de coches del m\u00e1s alto nivel.","breadcrumb":{"@id":"https:\/\/www.globecar.com\/es\/ayuda\/contacte-con-nosotros\/#breadcrumb"},"inLanguage":"es","potentialAction":[{"@type":"ReadAction","target":["https:\/\/www.globecar.com\/es\/ayuda\/contacte-con-nosotros\/"]}]},{"@type":"BreadcrumbList","@id":"https:\/\/www.globecar.com\/es\/ayuda\/contacte-con-nosotros\/#breadcrumb","itemListElement":[{"@type":"ListItem","position":1,"name":"Inicio","item":"https:\/\/www.globecar.com\/es\/"},{"@type":"ListItem","position":2,"name":"Ayuda","item":"https:\/\/www.globecar.com\/es\/ayuda\/"},{"@type":"ListItem","position":3,"name":"P\u00f3ngase en contacto con nosotros"}]},{"@type":"WebSite","@id":"https:\/\/www.globecar.com\/es\/#website","url":"https:\/\/www.globecar.com\/es\/","name":"Globe Location d'Autos et Camions \u00e0 Montr\u00e9al","description":"Drive 4 Less","publisher":{"@id":"https:\/\/www.globecar.com\/es\/#organization"},"alternateName":"GlobeCar","potentialAction":[{"@type":"SearchAction","target":{"@type":"EntryPoint","urlTemplate":"https:\/\/www.globecar.com\/es\/?s={search_term_string}"},"query-input":{"@type":"PropertyValueSpecification","valueRequired":true,"valueName":"search_term_string"}}],"inLanguage":"es"},{"@type":"Organization","@id":"https:\/\/www.globecar.com\/es\/#organization","name":"Globe Car & Truck Rental","alternateName":"GlobeCar","url":"https:\/\/www.globecar.com\/es\/","logo":{"@type":"ImageObject","inLanguage":"es","@id":"https:\/\/www.globecar.com\/es\/#\/schema\/logo\/image\/","url":"https:\/\/www.globecar.com\/wp-content\/uploads\/2023\/12\/thumbnail_logo_final-1.jpg","contentUrl":"https:\/\/www.globecar.com\/wp-content\/uploads\/2023\/12\/thumbnail_logo_final-1.jpg","width":555,"height":555,"caption":"Globe Car & Truck Rental"},"image":{"@id":"https:\/\/www.globecar.com\/es\/#\/schema\/logo\/image\/"},"sameAs":["https:\/\/www.facebook.com\/GlobeCar","https:\/\/x.com\/GlobeCar","https:\/\/mastodon.social\/@globecar","https:\/\/www.instagram.com\/globecar\/","https:\/\/www.linkedin.com\/company\/globecar\/","https:\/\/www.pinterest.com\/globecar","https:\/\/www.youtube.com\/c\/GlobecarRentals"]}]}},"jetpack_sharing_enabled":true,"jetpack_shortlink":"https:\/\/wp.me\/PaiT2D-3xx","_links":{"self":[{"href":"https:\/\/www.globecar.com\/es\/wp-json\/wp\/v2\/pages\/13611","targetHints":{"allow":["GET"]}}],"collection":[{"href":"https:\/\/www.globecar.com\/es\/wp-json\/wp\/v2\/pages"}],"about":[{"href":"https:\/\/www.globecar.com\/es\/wp-json\/wp\/v2\/types\/page"}],"author":[{"embeddable":true,"href":"https:\/\/www.globecar.com\/es\/wp-json\/wp\/v2\/users\/1"}],"replies":[{"embeddable":true,"href":"https:\/\/www.globecar.com\/es\/wp-json\/wp\/v2\/comments?post=13611"}],"version-history":[{"count":0,"href":"https:\/\/www.globecar.com\/es\/wp-json\/wp\/v2\/pages\/13611\/revisions"}],"up":[{"embeddable":true,"href":"https:\/\/www.globecar.com\/es\/wp-json\/wp\/v2\/pages\/13731"}],"wp:attachment":[{"href":"https:\/\/www.globecar.com\/es\/wp-json\/wp\/v2\/media?parent=13611"}],"curies":[{"name":"wp","href":"https:\/\/api.w.org\/{rel}","templated":true}]}}