{"id":13533,"date":"2024-03-19T14:04:56","date_gmt":"2024-03-19T18:04:56","guid":{"rendered":"https:\/\/www.globecar.com\/reclamaciones\/faq27\/"},"modified":"2024-05-08T09:05:42","modified_gmt":"2024-05-08T13:05:42","slug":"faq27","status":"publish","type":"page","link":"https:\/\/www.globecar.com\/es\/ayuda\/reclamaciones\/faq27\/","title":{"rendered":"FAQ27 Cobertura personal de su propio veh\u00edculo"},"content":{"rendered":"<div class=\"wpb-content-wrapper\"><p>[vc_row is_header=\u00bbtrue\u00bb][vc_column][vc_column_text]<\/p>\n<h1>\u00bfHa tenido un accidente de coche? Por favor, no se preocupe.<\/h1>\n<h2>Globe tramita gratuitamente su siniestro de la A a la Z en su nombre<\/h2>\n<p>Sin embargo, necesitamos su colaboraci\u00f3n para que esto sea lo m\u00e1s f\u00e1cil posible.<br \/>\nLea atentamente los siguientes documentos, ya que contienen informaci\u00f3n importante.<\/p>\n<h3>En el momento del alquiler, \u00bfqu\u00e9 protecci\u00f3n utiliz\u00f3?<\/h3>\n<p><em>Haga clic en su protecci\u00f3n<\/em>[\/vc_column_text][\/vc_column][\/vc_row][vc_row][vc_column][vc_wp_custommenu nav_menu=\u00bb4098&#8243;][\/vc_column][\/vc_row][vc_section is_container=\u00bbtrue\u00bb][vc_row][vc_column][vc_column_text]<\/p>\n<h2>Utiliz\u00f3 su cobertura personal FAQ27 de su propio veh\u00edculo<\/h2>\n<p>Le ayudaremos a realizar una reclamaci\u00f3n con la cobertura de su veh\u00edculo personal. Este tipo de reclamaci\u00f3n es el mismo proceso que si reclamara da\u00f1os en su propio veh\u00edculo personal. Este es el proceso:<\/p>\n<ol>\n<li>Debe llamar a su compa\u00f1\u00eda o corredor de seguros de autom\u00f3vil personal para dar parte del accidente inmediatamente. Su n\u00famero figura en la hoja de salario o en el contrato de seguro.<\/li>\n<li>Se le formular\u00e1n una serie de preguntas y se le asignar\u00e1 un n\u00famero de reclamaci\u00f3n. Transmita inmediatamente este n\u00famero de reclamaci\u00f3n a: claims@globecar.ca (aseg\u00farese de incluir su n\u00famero de contrato).<\/li>\n<li>Deber\u00e1 abonar la totalidad de la franquicia aplicable directamente a Globe Car Rental.<\/li>\n<li>Si prefiere no abrir una reclamaci\u00f3n, deber\u00e1 pagarla \u00edntegramente a Globe de inmediato.<\/li>\n<li>Le avisaremos cuando se cierre la reclamaci\u00f3n.<\/li>\n<\/ol>\n<p>Si no se inicia el proceso de reclamaci\u00f3n en un plazo de 48 horas, se incumplir\u00e1 el contrato de alquiler.<br \/>\nRecuerde: usted es el responsable \u00faltimo del siniestro hasta que se liquide y reciba el pago de su cobertura personal.[\/vc_column_text][vc_toggle title=\u00bb\u00bfSubir\u00e1 la prima de mi seguro si hago un siniestro?\u00bb]Depende. Diferentes compa\u00f1\u00edas de seguros garantizan que no se produzcan subidas de tarifas incluso con m\u00faltiples siniestros si se cumplen determinadas condiciones. Lo mejor es que lo consulte con su corredor. Por eso le recomendamos y le informamos de que contrate la cobertura de Globe para evitar ese riesgo.<\/p>\n<p><img decoding=\"async\" class=\"alignnone wp-image-1733 size-full\" src=\"https:\/\/www.globecar.com\/wp-content\/uploads\/2017\/09\/premium.png\" alt=\"Contrato de alquiler\" width=\"480\" height=\"235\" srcset=\"https:\/\/www.globecar.com\/wp-content\/uploads\/2017\/09\/premium.png 480w, https:\/\/www.globecar.com\/wp-content\/uploads\/2017\/09\/premium-150x73.png 150w, https:\/\/www.globecar.com\/wp-content\/uploads\/2017\/09\/premium-300x147.png 300w, https:\/\/www.globecar.com\/wp-content\/uploads\/2017\/09\/premium-68x33.png 68w, https:\/\/www.globecar.com\/wp-content\/uploads\/2017\/09\/premium-200x98.png 200w, https:\/\/www.globecar.com\/wp-content\/uploads\/2017\/09\/premium-68x33@2x.png 136w, https:\/\/www.globecar.com\/wp-content\/uploads\/2017\/09\/premium-200x98@2x.png 400w\" sizes=\"(max-width: 480px) 100vw, 480px\" \/>[\/vc_toggle][vc_toggle title=\u00bb\u00bfY si no quiero abrir una reclamaci\u00f3n, pueden proponerme un trato?\u00bb]No. Tenemos que recuperar el coste de reparaci\u00f3n o sustituci\u00f3n del siniestro seg\u00fan la norma del fabricante. Recurrimos a talleres homologados y certificados por el fabricante para determinar el tiempo de reparaci\u00f3n seg\u00fan el modelo y la aver\u00eda. Todos los precios son fijados por la industria y definidos por cat\u00e1logo de reparaci\u00f3n para cada art\u00edculo Piezas y Mano de Obra.<\/p>\n<p><img decoding=\"async\" class=\"alignnone wp-image-1730 size-full\" src=\"https:\/\/www.globecar.com\/wp-content\/uploads\/2017\/09\/standard-contract.png\" alt=\"Contrato de alquiler\" width=\"402\" height=\"303\" srcset=\"https:\/\/www.globecar.com\/wp-content\/uploads\/2017\/09\/standard-contract.png 402w, https:\/\/www.globecar.com\/wp-content\/uploads\/2017\/09\/standard-contract-150x113.png 150w, https:\/\/www.globecar.com\/wp-content\/uploads\/2017\/09\/standard-contract-300x226.png 300w, https:\/\/www.globecar.com\/wp-content\/uploads\/2017\/09\/standard-contract-68x51.png 68w, https:\/\/www.globecar.com\/wp-content\/uploads\/2017\/09\/standard-contract-200x151.png 200w, https:\/\/www.globecar.com\/wp-content\/uploads\/2017\/09\/standard-contract-68x51@2x.png 136w, https:\/\/www.globecar.com\/wp-content\/uploads\/2017\/09\/standard-contract-200x151@2x.png 400w\" sizes=\"(max-width: 402px) 100vw, 402px\" \/>[\/vc_toggle][vc_toggle title=\u00bb\u00bfPuedo reparar el veh\u00edculo yo mismo o enviarlo a otro taller?\u00bb]No, por razones de responsabilidad Globe es responsable en \u00faltima instancia de la integridad del veh\u00edculo que se alquilar\u00e1 a futuros conductores. Por lo tanto, legalmente debemos asegurarnos de que el veh\u00edculo se repara de acuerdo con la norma del fabricante con talleres de carrocer\u00eda preaprobados que hemos inspeccionado y autorizado.[\/vc_toggle][vc_toggle title=\u00bb\u00bfPuedo saber antes el importe de la reparaci\u00f3n para tomar una decisi\u00f3n con conocimiento de causa?\u00bb]S\u00ed, si est\u00e1 pensando en pagar usted mismo los da\u00f1os en lugar de abrir una reclamaci\u00f3n a su compa\u00f1\u00eda de seguros, puede solicitar el presupuesto al departamento de reclamaciones de Globe poni\u00e9ndose en contacto directamente con ellos en claims@globecar.ca.[\/vc_toggle][vc_toggle title=\u00bb\u00bfQu\u00e9 es un informe conjunto de accidente?\u00bb]<a href=\"https:\/\/ssq.ca\/sites\/default\/files\/archives\/site-08\/joint_report.pdf\" target=\"_blank\" rel=\"noopener noreferrer\">Haga clic aqu\u00ed<\/a> para leer sobre el Informe conjunto de accidentes y obtener una copia.[\/vc_toggle][vc_toggle title=\u00bb\u00bfTengo que rellenar un informe de incidente?\u00bb]S\u00ed, hay que rellenar un informe de incidentes en todo momento y hay que entregarlo a la vuelta. Si no ha rellenado uno, h\u00e1galo y env\u00edelo a claims@globecar.ca y escriba su n\u00famero de contrato.[\/vc_toggle][vc_toggle title=\u00bb\u00bfTengo que rellenar un informe policial?\u00bb]S\u00ed, debe presentar una denuncia policial en los siguientes casos:<\/p>\n<ul>\n<li>Atropello y fuga<\/li>\n<li>Vandalismo (ventanas rotas, robo de contenido, etc.)<\/li>\n<li>Robo de veh\u00edculo<\/li>\n<li>Accidentes graves cuando interviene la polic\u00eda o el veh\u00edculo no se pod\u00eda conducir.<\/li>\n<li>Incidentes con lesiones<\/li>\n<li>Da\u00f1os a la propiedad (golpear un edificio, un poste, etc&#8230;)<\/li>\n<\/ul>\n<p><strong>En mi caso, \u00bfcu\u00e1ndo tengo que dar parte del accidente a la polic\u00eda?<\/strong><\/p>\n<p>\u00a1Inmediatamente! Le pedimos que nos informe inmediatamente por tel\u00e9fono de cualquier accidente o siniestro. Si por alguna raz\u00f3n no estamos localizables, especialmente despu\u00e9s de la hora de cierre, env\u00ede un correo electr\u00f3nico describiendo el incidente y su n\u00famero de contrato. Si la polic\u00eda no acude al lugar del accidente por falta de heridos o da\u00f1os, deber\u00e1 presentar un \u00abParte conjunto de accidente\u00bb que encontrar\u00e1 en la guantera de su coche de alquiler.[\/vc_toggle][vc_toggle title=\u00bbYo no hice el da\u00f1o y lo encontr\u00e9 as\u00ed despu\u00e9s de dejarlo en el aparcamiento, \u00bftodav\u00eda tengo que pagar por esto?\u00bb]S\u00ed, a menudo los da\u00f1os se producen mientras est\u00e1s fuera. Usted sigue siendo responsable del veh\u00edculo hasta que nos sea devuelto y verificado por un agente f\u00edsico.[\/vc_toggle][vc_toggle title=\u00bb\u00bfDej\u00e9 el coche a deshoras y no hab\u00eda da\u00f1os?\u00bb]De acuerdo con el contrato de alquiler, todos los arrendatarios son responsables del veh\u00edculo incluso despu\u00e9s de devolverlo y hasta que lo revise un agente f\u00edsico. Para evitarlo, puede devolver el veh\u00edculo en horario de oficina.<\/p>\n<table width=\"100%\">\n<tbody>\n<tr>\n<td><strong>Ejemplos de transacciones en quiosco<br \/>\n<\/strong><br \/>\n<a href=\"https:\/\/www.globecar.com\/wp-content\/uploads\/2017\/09\/kiosk-transactions.png\"><img decoding=\"async\" class=\"alignnone wp-image-1729 size-medium\" src=\"https:\/\/www.globecar.com\/wp-content\/uploads\/2017\/09\/kiosk-transactions-300x240.png\" alt=\"Condiciones del quiosco\" width=\"300\" height=\"240\" srcset=\"https:\/\/www.globecar.com\/wp-content\/uploads\/2017\/09\/kiosk-transactions-150x120@2x.png 300w, https:\/\/www.globecar.com\/wp-content\/uploads\/2017\/09\/kiosk-transactions-150x120.png 150w, https:\/\/www.globecar.com\/wp-content\/uploads\/2017\/09\/kiosk-transactions-68x54.png 68w, https:\/\/www.globecar.com\/wp-content\/uploads\/2017\/09\/kiosk-transactions-200x160.png 200w, https:\/\/www.globecar.com\/wp-content\/uploads\/2017\/09\/kiosk-transactions.png 567w, https:\/\/www.globecar.com\/wp-content\/uploads\/2017\/09\/kiosk-transactions-68x54@2x.png 136w, https:\/\/www.globecar.com\/wp-content\/uploads\/2017\/09\/kiosk-transactions-200x160@2x.png 400w\" sizes=\"(max-width: 300px) 100vw, 300px\" \/><\/a><\/td>\n<td><strong>Modelo de contrato tipo<br \/>\n<\/strong><br \/>\n<a href=\"https:\/\/www.globecar.com\/wp-content\/uploads\/2017\/09\/standard-contract.png\"><img decoding=\"async\" class=\"alignnone wp-image-1730 size-medium\" src=\"https:\/\/www.globecar.com\/wp-content\/uploads\/2017\/09\/standard-contract-300x226.png\" alt=\"Contrato de alquiler\" width=\"300\" height=\"226\" srcset=\"https:\/\/www.globecar.com\/wp-content\/uploads\/2017\/09\/standard-contract-150x113@2x.png 300w, https:\/\/www.globecar.com\/wp-content\/uploads\/2017\/09\/standard-contract-150x113.png 150w, https:\/\/www.globecar.com\/wp-content\/uploads\/2017\/09\/standard-contract-68x51.png 68w, https:\/\/www.globecar.com\/wp-content\/uploads\/2017\/09\/standard-contract-200x151.png 200w, https:\/\/www.globecar.com\/wp-content\/uploads\/2017\/09\/standard-contract.png 402w, https:\/\/www.globecar.com\/wp-content\/uploads\/2017\/09\/standard-contract-68x51@2x.png 136w, https:\/\/www.globecar.com\/wp-content\/uploads\/2017\/09\/standard-contract-200x151@2x.png 400w\" sizes=\"(max-width: 300px) 100vw, 300px\" \/><\/a><\/td>\n<\/tr>\n<\/tbody>\n<\/table>\n<p>[\/vc_toggle][vc_toggle title=\u00bbEste da\u00f1o ya estaba ah\u00ed, as\u00ed que no soy responsable, \u00bfverdad?\u00bb]Si el da\u00f1o ya estaba all\u00ed, entonces se anotar\u00eda en el diagrama de da\u00f1os del alquiler de coches en el momento de la recogida. Si no es as\u00ed, tienes que abrir una reclamaci\u00f3n porque se trata de un da\u00f1o nuevo.[\/vc_toggle][vc_toggle title=\u00bbUtilic\u00e9 el quiosco y envi\u00e9 fotos de los nuevos da\u00f1os que encontr\u00e9 antes de irme, \u00bfy ahora qu\u00e9?\u00bb]Si has utilizado nuestro servicio de quiosco y has enviado las fotos en los 30 minutos siguientes a la recogida del coche, avisa a tu gestor de siniestros : claims@globecar.ca[\/vc_toggle][vc_toggle title=\u00bbTengo una franquicia, \u00bfqui\u00e9n la paga?\u00bb]El titular de la p\u00f3liza. Su propia p\u00f3liza de seguro determina la cuant\u00eda. Tendr\u00e1 que pagarnos directamente la franquicia. Si usted no tiene la culpa, su compa\u00f1\u00eda de seguros cubrir\u00e1 el coste total de la reparaci\u00f3n.[\/vc_toggle][vc_toggle title=\u00bb\u00bfQu\u00e9 ocurrir\u00e1 si, por cualquier motivo, mi seguro no quiere hacerse cargo de los da\u00f1os?\u00bb]Usted es el responsable \u00faltimo de la p\u00e9rdida y debe reembolsar inmediatamente a Globe los da\u00f1os o p\u00e9rdidas.[\/vc_toggle][vc_toggle title=\u00bb\u00bfNo puede Globe llamar a mi seguro y abrir la reclamaci\u00f3n y hacer todo el proceso por su cuenta?\u00bb]No, su p\u00f3liza de seguro personal le pertenece y usted es el \u00fanico beneficiario. No podemos abrir reclamaciones en nombre de los clientes, las compa\u00f1\u00edas de seguros no lo aceptar\u00e1n.[\/vc_toggle][vc_toggle title=\u00bb\u00bfPuedo seguir alquilando aunque tenga un siniestro?\u00bb]S\u00ed, siempre que no haya incumplido el contrato de alquiler anterior y que haya abierto una reclamaci\u00f3n a su compa\u00f1\u00eda de seguros.[\/vc_toggle][vc_toggle title=\u00bb\u00bfQu\u00e9 pasa si no abro mi solicitud?\u00bb]Su expediente se enviar\u00e1 a cobro, incurrir\u00e1 en tasas, intereses y otros gastos. Esto tambi\u00e9n afectar\u00e1 a su calificaci\u00f3n crediticia.[\/vc_toggle][vc_toggle title=\u00bbEs s\u00f3lo un tapacubos, \u00bfpuedo comprarlo yo?\u00bb]<span style=\"font-weight: 400;\">No, todas las piezas de recambio deben estar homologadas y ser sustituidas por Globe o sus talleres de reparaci\u00f3n afiliados.<\/span>[\/vc_toggle][\/vc_column][\/vc_row][\/vc_section]<\/p>\n<\/div>","protected":false},"excerpt":{"rendered":"<p>[vc_row is_header=\u00bbtrue\u00bb][vc_column][vc_column_text] \u00bfHa tenido un accidente de coche? Por favor, no se preocupe. Globe tramita gratuitamente su siniestro de la A a la Z en su nombre Sin embargo, necesitamos su colaboraci\u00f3n para que esto sea lo m\u00e1s f\u00e1cil posible. Lea atentamente los siguientes documentos, ya que contienen informaci\u00f3n importante. En el momento del alquiler, [&hellip;]<\/p>\n","protected":false},"author":1,"featured_media":0,"parent":13502,"menu_order":0,"comment_status":"closed","ping_status":"closed","template":"","meta":{"_acf_changed":false,"_genesis_hide_title":false,"_genesis_hide_breadcrumbs":false,"_genesis_hide_singular_image":false,"_genesis_hide_footer_widgets":false,"_genesis_custom_body_class":"","_genesis_custom_post_class":"","_genesis_layout":"","jetpack_post_was_ever_published":false,"footnotes":""},"class_list":{"0":"post-13533","1":"page","2":"type-page","3":"status-publish","5":"entry","6":"has-post-thumbnail"},"acf":[],"yoast_head":"<!-- This site is optimized with the Yoast SEO Premium plugin v27.1 (Yoast SEO v27.1.1) - https:\/\/yoast.com\/product\/yoast-seo-premium-wordpress\/ -->\n<title>Siniestros con seguros personales | Alquiler de coches y camiones Globe en Montreal<\/title>\n<meta name=\"description\" content=\"Obtenga m\u00e1s informaci\u00f3n sobre el proceso de reclamaci\u00f3n si ha cubierto su alquiler con su FAQ27 personal.\" \/>\n<meta name=\"robots\" content=\"index, follow, max-snippet:-1, max-image-preview:large, max-video-preview:-1\" \/>\n<link rel=\"canonical\" href=\"https:\/\/www.globecar.com\/es\/ayuda\/reclamaciones\/faq27\/\" \/>\n<meta property=\"og:locale\" content=\"es_ES\" \/>\n<meta property=\"og:type\" content=\"article\" \/>\n<meta property=\"og:title\" content=\"FAQ27 Cobertura personal de su propio veh\u00edculo\" \/>\n<meta property=\"og:description\" content=\"\u00bfHa tenido un accidente de coche? Por favor, no se preocupe. Globe tramita gratuitamente su siniestro de la A a la Z en su nombre Sin embargo, necesitamos\" \/>\n<meta property=\"og:url\" content=\"https:\/\/www.globecar.com\/es\/ayuda\/reclamaciones\/faq27\/\" \/>\n<meta property=\"og:site_name\" content=\"Alquiler de coches y camiones Globe en Montreal\" \/>\n<meta property=\"article:publisher\" content=\"https:\/\/www.facebook.com\/GlobeCar\" \/>\n<meta property=\"article:modified_time\" content=\"2024-05-08T13:05:42+00:00\" \/>\n<meta property=\"og:image\" content=\"https:\/\/www.globecar.com\/wp-content\/uploads\/2017\/09\/premium.png\" \/>\n\t<meta property=\"og:image:width\" content=\"480\" \/>\n\t<meta property=\"og:image:height\" content=\"235\" \/>\n\t<meta property=\"og:image:type\" content=\"image\/png\" \/>\n<meta name=\"twitter:card\" content=\"summary_large_image\" \/>\n<meta name=\"twitter:site\" content=\"@GlobeCar\" \/>\n<meta name=\"twitter:label1\" content=\"Tiempo de lectura\" \/>\n\t<meta name=\"twitter:data1\" content=\"6 minutos\" \/>\n<script type=\"application\/ld+json\" class=\"yoast-schema-graph\">{\"@context\":\"https:\/\/schema.org\",\"@graph\":[{\"@type\":\"WebPage\",\"@id\":\"https:\/\/www.globecar.com\/es\/ayuda\/reclamaciones\/faq27\/\",\"url\":\"https:\/\/www.globecar.com\/es\/ayuda\/reclamaciones\/faq27\/\",\"name\":\"Siniestros con seguros personales | Alquiler de coches y camiones Globe en Montreal\",\"isPartOf\":{\"@id\":\"https:\/\/www.globecar.com\/es\/#website\"},\"primaryImageOfPage\":{\"@id\":\"https:\/\/www.globecar.com\/es\/ayuda\/reclamaciones\/faq27\/#primaryimage\"},\"image\":{\"@id\":\"https:\/\/www.globecar.com\/es\/ayuda\/reclamaciones\/faq27\/#primaryimage\"},\"thumbnailUrl\":\"https:\/\/www.globecar.com\/wp-content\/uploads\/2017\/09\/premium.png\",\"datePublished\":\"2024-03-19T18:04:56+00:00\",\"dateModified\":\"2024-05-08T13:05:42+00:00\",\"description\":\"Obtenga m\u00e1s informaci\u00f3n sobre el proceso de reclamaci\u00f3n si ha cubierto su alquiler con su FAQ27 personal.\",\"breadcrumb\":{\"@id\":\"https:\/\/www.globecar.com\/es\/ayuda\/reclamaciones\/faq27\/#breadcrumb\"},\"inLanguage\":\"es\",\"potentialAction\":[{\"@type\":\"ReadAction\",\"target\":[\"https:\/\/www.globecar.com\/es\/ayuda\/reclamaciones\/faq27\/\"]}]},{\"@type\":\"ImageObject\",\"inLanguage\":\"es\",\"@id\":\"https:\/\/www.globecar.com\/es\/ayuda\/reclamaciones\/faq27\/#primaryimage\",\"url\":\"https:\/\/www.globecar.com\/wp-content\/uploads\/2017\/09\/premium.png\",\"contentUrl\":\"https:\/\/www.globecar.com\/wp-content\/uploads\/2017\/09\/premium.png\"},{\"@type\":\"BreadcrumbList\",\"@id\":\"https:\/\/www.globecar.com\/es\/ayuda\/reclamaciones\/faq27\/#breadcrumb\",\"itemListElement\":[{\"@type\":\"ListItem\",\"position\":1,\"name\":\"Inicio\",\"item\":\"https:\/\/www.globecar.com\/es\/\"},{\"@type\":\"ListItem\",\"position\":2,\"name\":\"Ayuda\",\"item\":\"https:\/\/www.globecar.com\/es\/ayuda\/\"},{\"@type\":\"ListItem\",\"position\":3,\"name\":\"Reclamaciones\",\"item\":\"https:\/\/www.globecar.com\/es\/ayuda\/reclamaciones\/\"},{\"@type\":\"ListItem\",\"position\":4,\"name\":\"FAQ27 Cobertura personal de su propio veh\u00edculo\"}]},{\"@type\":\"WebSite\",\"@id\":\"https:\/\/www.globecar.com\/es\/#website\",\"url\":\"https:\/\/www.globecar.com\/es\/\",\"name\":\"Globe Location d'Autos et Camions \u00e0 Montr\u00e9al\",\"description\":\"Drive 4 Less\",\"publisher\":{\"@id\":\"https:\/\/www.globecar.com\/es\/#organization\"},\"alternateName\":\"GlobeCar\",\"potentialAction\":[{\"@type\":\"SearchAction\",\"target\":{\"@type\":\"EntryPoint\",\"urlTemplate\":\"https:\/\/www.globecar.com\/es\/?s={search_term_string}\"},\"query-input\":{\"@type\":\"PropertyValueSpecification\",\"valueRequired\":true,\"valueName\":\"search_term_string\"}}],\"inLanguage\":\"es\"},{\"@type\":\"Organization\",\"@id\":\"https:\/\/www.globecar.com\/es\/#organization\",\"name\":\"Globe Car & Truck Rental\",\"alternateName\":\"GlobeCar\",\"url\":\"https:\/\/www.globecar.com\/es\/\",\"logo\":{\"@type\":\"ImageObject\",\"inLanguage\":\"es\",\"@id\":\"https:\/\/www.globecar.com\/es\/#\/schema\/logo\/image\/\",\"url\":\"https:\/\/www.globecar.com\/wp-content\/uploads\/2023\/12\/thumbnail_logo_final-1.jpg\",\"contentUrl\":\"https:\/\/www.globecar.com\/wp-content\/uploads\/2023\/12\/thumbnail_logo_final-1.jpg\",\"width\":555,\"height\":555,\"caption\":\"Globe Car & Truck Rental\"},\"image\":{\"@id\":\"https:\/\/www.globecar.com\/es\/#\/schema\/logo\/image\/\"},\"sameAs\":[\"https:\/\/www.facebook.com\/GlobeCar\",\"https:\/\/x.com\/GlobeCar\",\"https:\/\/mastodon.social\/@globecar\",\"https:\/\/www.instagram.com\/globecar\/\",\"https:\/\/www.linkedin.com\/company\/globecar\/\",\"https:\/\/www.pinterest.com\/globecar\",\"https:\/\/www.youtube.com\/c\/GlobecarRentals\"]}]}<\/script>\n<!-- \/ Yoast SEO Premium plugin. -->","yoast_head_json":{"title":"Siniestros con seguros personales | Alquiler de coches y camiones Globe en Montreal","description":"Obtenga m\u00e1s informaci\u00f3n sobre el proceso de reclamaci\u00f3n si ha cubierto su alquiler con su FAQ27 personal.","robots":{"index":"index","follow":"follow","max-snippet":"max-snippet:-1","max-image-preview":"max-image-preview:large","max-video-preview":"max-video-preview:-1"},"canonical":"https:\/\/www.globecar.com\/es\/ayuda\/reclamaciones\/faq27\/","og_locale":"es_ES","og_type":"article","og_title":"FAQ27 Cobertura personal de su propio veh\u00edculo","og_description":"\u00bfHa tenido un accidente de coche? Por favor, no se preocupe. Globe tramita gratuitamente su siniestro de la A a la Z en su nombre Sin embargo, necesitamos","og_url":"https:\/\/www.globecar.com\/es\/ayuda\/reclamaciones\/faq27\/","og_site_name":"Alquiler de coches y camiones Globe en Montreal","article_publisher":"https:\/\/www.facebook.com\/GlobeCar","article_modified_time":"2024-05-08T13:05:42+00:00","og_image":[{"width":480,"height":235,"url":"https:\/\/www.globecar.com\/wp-content\/uploads\/2017\/09\/premium.png","type":"image\/png"}],"twitter_card":"summary_large_image","twitter_site":"@GlobeCar","twitter_misc":{"Tiempo de lectura":"6 minutos"},"schema":{"@context":"https:\/\/schema.org","@graph":[{"@type":"WebPage","@id":"https:\/\/www.globecar.com\/es\/ayuda\/reclamaciones\/faq27\/","url":"https:\/\/www.globecar.com\/es\/ayuda\/reclamaciones\/faq27\/","name":"Siniestros con seguros personales | Alquiler de coches y camiones Globe en Montreal","isPartOf":{"@id":"https:\/\/www.globecar.com\/es\/#website"},"primaryImageOfPage":{"@id":"https:\/\/www.globecar.com\/es\/ayuda\/reclamaciones\/faq27\/#primaryimage"},"image":{"@id":"https:\/\/www.globecar.com\/es\/ayuda\/reclamaciones\/faq27\/#primaryimage"},"thumbnailUrl":"https:\/\/www.globecar.com\/wp-content\/uploads\/2017\/09\/premium.png","datePublished":"2024-03-19T18:04:56+00:00","dateModified":"2024-05-08T13:05:42+00:00","description":"Obtenga m\u00e1s informaci\u00f3n sobre el proceso de reclamaci\u00f3n si ha cubierto su alquiler con su FAQ27 personal.","breadcrumb":{"@id":"https:\/\/www.globecar.com\/es\/ayuda\/reclamaciones\/faq27\/#breadcrumb"},"inLanguage":"es","potentialAction":[{"@type":"ReadAction","target":["https:\/\/www.globecar.com\/es\/ayuda\/reclamaciones\/faq27\/"]}]},{"@type":"ImageObject","inLanguage":"es","@id":"https:\/\/www.globecar.com\/es\/ayuda\/reclamaciones\/faq27\/#primaryimage","url":"https:\/\/www.globecar.com\/wp-content\/uploads\/2017\/09\/premium.png","contentUrl":"https:\/\/www.globecar.com\/wp-content\/uploads\/2017\/09\/premium.png"},{"@type":"BreadcrumbList","@id":"https:\/\/www.globecar.com\/es\/ayuda\/reclamaciones\/faq27\/#breadcrumb","itemListElement":[{"@type":"ListItem","position":1,"name":"Inicio","item":"https:\/\/www.globecar.com\/es\/"},{"@type":"ListItem","position":2,"name":"Ayuda","item":"https:\/\/www.globecar.com\/es\/ayuda\/"},{"@type":"ListItem","position":3,"name":"Reclamaciones","item":"https:\/\/www.globecar.com\/es\/ayuda\/reclamaciones\/"},{"@type":"ListItem","position":4,"name":"FAQ27 Cobertura personal de su propio veh\u00edculo"}]},{"@type":"WebSite","@id":"https:\/\/www.globecar.com\/es\/#website","url":"https:\/\/www.globecar.com\/es\/","name":"Globe Location d'Autos et Camions \u00e0 Montr\u00e9al","description":"Drive 4 Less","publisher":{"@id":"https:\/\/www.globecar.com\/es\/#organization"},"alternateName":"GlobeCar","potentialAction":[{"@type":"SearchAction","target":{"@type":"EntryPoint","urlTemplate":"https:\/\/www.globecar.com\/es\/?s={search_term_string}"},"query-input":{"@type":"PropertyValueSpecification","valueRequired":true,"valueName":"search_term_string"}}],"inLanguage":"es"},{"@type":"Organization","@id":"https:\/\/www.globecar.com\/es\/#organization","name":"Globe Car & Truck Rental","alternateName":"GlobeCar","url":"https:\/\/www.globecar.com\/es\/","logo":{"@type":"ImageObject","inLanguage":"es","@id":"https:\/\/www.globecar.com\/es\/#\/schema\/logo\/image\/","url":"https:\/\/www.globecar.com\/wp-content\/uploads\/2023\/12\/thumbnail_logo_final-1.jpg","contentUrl":"https:\/\/www.globecar.com\/wp-content\/uploads\/2023\/12\/thumbnail_logo_final-1.jpg","width":555,"height":555,"caption":"Globe Car & Truck Rental"},"image":{"@id":"https:\/\/www.globecar.com\/es\/#\/schema\/logo\/image\/"},"sameAs":["https:\/\/www.facebook.com\/GlobeCar","https:\/\/x.com\/GlobeCar","https:\/\/mastodon.social\/@globecar","https:\/\/www.instagram.com\/globecar\/","https:\/\/www.linkedin.com\/company\/globecar\/","https:\/\/www.pinterest.com\/globecar","https:\/\/www.youtube.com\/c\/GlobecarRentals"]}]}},"jetpack_sharing_enabled":true,"jetpack_shortlink":"https:\/\/wp.me\/PaiT2D-3wh","_links":{"self":[{"href":"https:\/\/www.globecar.com\/es\/wp-json\/wp\/v2\/pages\/13533","targetHints":{"allow":["GET"]}}],"collection":[{"href":"https:\/\/www.globecar.com\/es\/wp-json\/wp\/v2\/pages"}],"about":[{"href":"https:\/\/www.globecar.com\/es\/wp-json\/wp\/v2\/types\/page"}],"author":[{"embeddable":true,"href":"https:\/\/www.globecar.com\/es\/wp-json\/wp\/v2\/users\/1"}],"replies":[{"embeddable":true,"href":"https:\/\/www.globecar.com\/es\/wp-json\/wp\/v2\/comments?post=13533"}],"version-history":[{"count":0,"href":"https:\/\/www.globecar.com\/es\/wp-json\/wp\/v2\/pages\/13533\/revisions"}],"up":[{"embeddable":true,"href":"https:\/\/www.globecar.com\/es\/wp-json\/wp\/v2\/pages\/13502"}],"wp:attachment":[{"href":"https:\/\/www.globecar.com\/es\/wp-json\/wp\/v2\/media?parent=13533"}],"curies":[{"name":"wp","href":"https:\/\/api.w.org\/{rel}","templated":true}]}}