{"id":13529,"date":"2024-03-19T14:04:56","date_gmt":"2024-03-19T18:04:56","guid":{"rendered":"https:\/\/www.globecar.com\/reclamaciones\/globe-cdw\/"},"modified":"2024-05-08T09:02:54","modified_gmt":"2024-05-08T13:02:54","slug":"globe-cdw","status":"publish","type":"page","link":"https:\/\/www.globecar.com\/es\/ayuda\/reclamaciones\/globe-cdw\/","title":{"rendered":"Comprado el CDW de Globe"},"content":{"rendered":"<div class=\"wpb-content-wrapper\"><p>[vc_row is_header=\u00bbtrue\u00bb][vc_column][vc_column_text]<\/p>\n<h1>\u00bfHa tenido un accidente de coche? Por favor, no se preocupe.<\/h1>\n<h2>Globe tramita gratuitamente su siniestro de la A a la Z en su nombre<\/h2>\n<p>Sin embargo, necesitamos su colaboraci\u00f3n para que esto sea lo m\u00e1s f\u00e1cil posible.<br \/>\nLea atentamente los siguientes documentos, ya que contienen informaci\u00f3n importante.<\/p>\n<h3>En el momento del alquiler, \u00bfqu\u00e9 protecci\u00f3n utiliz\u00f3?<\/h3>\n<p><em>Haga clic en su protecci\u00f3n<\/em>[\/vc_column_text][\/vc_column][\/vc_row][vc_row][vc_column][vc_wp_custommenu nav_menu=\u00bb4098&#8243;][\/vc_column][\/vc_row][vc_section is_container=\u00bbtrue\u00bb][vc_row][vc_column][vc_column_text]<\/p>\n<h2>Comprado el CDW de Globe<\/h2>\n<p><a href=\"https:\/\/www.globecar.com\/es\/cobertura-de-alquiler-de-vehiculos\/\">(Exenci\u00f3n de da\u00f1os por colisi\u00f3n<\/a>)<\/p>\n<p>Nosotros nos encargamos. Sujeto a las disposiciones del contrato de alquiler, cubrimos el coste total de la p\u00e9rdida o reparaci\u00f3n. Usted sigue siendo responsable financieramente de la franquicia (500 $\/coches o 1000 $\/camiones + impuestos). Este importe se cargar\u00e1 a su tarjeta de cr\u00e9dito registrada. Se le enviar\u00e1 un presupuesto de la reparaci\u00f3n en los pr\u00f3ximos 10 d\u00edas laborables por correo electr\u00f3nico. Si a\u00fan no ha recibido su presupuesto, puede ponerse en contacto con nosotros escribiendo a claims@globecar.ca (aseg\u00farese de incluir su n\u00famero de contrato).[\/vc_column_text][vc_toggle title=\u00bb\u00bfDej\u00e9 el coche a deshoras y no hab\u00eda da\u00f1os?\u00bb]De acuerdo con el contrato de alquiler, todos los arrendatarios son responsables del veh\u00edculo incluso despu\u00e9s de devolverlo y hasta que lo revise un agente f\u00edsico. Para evitarlo, puede devolver el veh\u00edculo en horario de oficina.<\/p>\n<table width=\"100%\">\n<tbody>\n<tr>\n<td><strong>Ejemplos de transacciones en quiosco<br \/>\n<\/strong><br \/>\n<img decoding=\"async\" class=\"alignnone wp-image-1729 size-medium\" src=\"https:\/\/www.globecar.com\/wp-content\/uploads\/2017\/09\/kiosk-transactions-300x240.png\" alt=\"Condiciones del quiosco\" width=\"300\" height=\"240\" srcset=\"https:\/\/www.globecar.com\/wp-content\/uploads\/2017\/09\/kiosk-transactions-150x120@2x.png 300w, https:\/\/www.globecar.com\/wp-content\/uploads\/2017\/09\/kiosk-transactions-150x120.png 150w, https:\/\/www.globecar.com\/wp-content\/uploads\/2017\/09\/kiosk-transactions-68x54.png 68w, https:\/\/www.globecar.com\/wp-content\/uploads\/2017\/09\/kiosk-transactions-200x160.png 200w, https:\/\/www.globecar.com\/wp-content\/uploads\/2017\/09\/kiosk-transactions.png 567w, https:\/\/www.globecar.com\/wp-content\/uploads\/2017\/09\/kiosk-transactions-68x54@2x.png 136w, https:\/\/www.globecar.com\/wp-content\/uploads\/2017\/09\/kiosk-transactions-200x160@2x.png 400w\" sizes=\"(max-width: 300px) 100vw, 300px\" \/><\/td>\n<td><strong>Modelo de contrato tipo<br \/>\n<\/strong><br \/>\n<img decoding=\"async\" class=\"alignnone wp-image-1730 size-medium\" src=\"https:\/\/www.globecar.com\/wp-content\/uploads\/2017\/09\/standard-contract-300x226.png\" alt=\"Contrato de alquiler\" width=\"300\" height=\"226\" srcset=\"https:\/\/www.globecar.com\/wp-content\/uploads\/2017\/09\/standard-contract-150x113@2x.png 300w, https:\/\/www.globecar.com\/wp-content\/uploads\/2017\/09\/standard-contract-150x113.png 150w, https:\/\/www.globecar.com\/wp-content\/uploads\/2017\/09\/standard-contract-68x51.png 68w, https:\/\/www.globecar.com\/wp-content\/uploads\/2017\/09\/standard-contract-200x151.png 200w, https:\/\/www.globecar.com\/wp-content\/uploads\/2017\/09\/standard-contract.png 402w, https:\/\/www.globecar.com\/wp-content\/uploads\/2017\/09\/standard-contract-68x51@2x.png 136w, https:\/\/www.globecar.com\/wp-content\/uploads\/2017\/09\/standard-contract-200x151@2x.png 400w\" sizes=\"(max-width: 300px) 100vw, 300px\" \/><\/td>\n<\/tr>\n<\/tbody>\n<\/table>\n<p>[\/vc_toggle][vc_toggle title=\u00bbMe dijeron que estaba totalmente cubierto en el momento del alquiler?\u00bb]Seg\u00fan el contrato de alquiler, estabas cubierto, pero con una franquicia. Usted rechaz\u00f3 el <a href=\"https:\/\/www.globecar.com\/es\/cobertura-de-alquiler-de-vehiculos\/paquete-de-ayuda-practica\/\">PAP (Paquete de Asistencia Pr\u00e1ctica)<\/a>, por lo que absorbemos todos los gastos de siniestro excepto los primeros 500 $ (o 1.000 $ para camiones) + impuestos. Nuestros expertos en alquiler de coches est\u00e1n perfectamente formados para explicarle cada opci\u00f3n. Tambi\u00e9n disponemos de una completa secci\u00f3n en l\u00ednea dedicada a explicar las opciones de cobertura. Haga clic en el enlace anterior para obtener m\u00e1s informaci\u00f3n.<\/p>\n<p><a href=\"https:\/\/www.globecar.com\/wp-content\/uploads\/2017\/09\/collusion-damage-waiver.png\"><img decoding=\"async\" class=\"alignnone wp-image-1728 size-full\" src=\"https:\/\/www.globecar.com\/wp-content\/uploads\/2017\/09\/collusion-damage-waiver.png\" alt=\"Contrato de alquiler - CDW\" width=\"427\" height=\"126\" srcset=\"https:\/\/www.globecar.com\/wp-content\/uploads\/2017\/09\/collusion-damage-waiver.png 427w, https:\/\/www.globecar.com\/wp-content\/uploads\/2017\/09\/collusion-damage-waiver-150x44.png 150w, https:\/\/www.globecar.com\/wp-content\/uploads\/2017\/09\/collusion-damage-waiver-300x89.png 300w, https:\/\/www.globecar.com\/wp-content\/uploads\/2017\/09\/collusion-damage-waiver-68x20.png 68w, https:\/\/www.globecar.com\/wp-content\/uploads\/2017\/09\/collusion-damage-waiver-200x59.png 200w, https:\/\/www.globecar.com\/wp-content\/uploads\/2017\/09\/collusion-damage-waiver-68x20@2x.png 136w, https:\/\/www.globecar.com\/wp-content\/uploads\/2017\/09\/collusion-damage-waiver-200x59@2x.png 400w\" sizes=\"(max-width: 427px) 100vw, 427px\" \/><\/a>[\/vc_toggle][vc_toggle title=\u00bbLes he contratado una cobertura, \u00bfpor qu\u00e9 me cobran esta franquicia?\u00bb]La cobertura que usted acept\u00f3 limita su responsabilidad a 500 $ (o 1.000 $ para camiones) + impuestos que usted acept\u00f3. Para cubrir esta franquicia, debe haber optado por el <a href=\"https:\/\/www.globecar.com\/es\/cobertura-de-alquiler-de-vehiculos\/paquete-de-ayuda-practica\/\">PAP (Paquete de Asistencia Pr\u00e1ctica)<\/a>, pero, en su caso, rechaz\u00f3 esta oferta.<\/p>\n<p><a href=\"https:\/\/www.globecar.com\/wp-content\/uploads\/2017\/09\/collusion-damage-waiver.png\"><img decoding=\"async\" class=\"alignnone wp-image-1728 size-full\" src=\"https:\/\/www.globecar.com\/wp-content\/uploads\/2017\/09\/collusion-damage-waiver.png\" alt=\"Contrato de alquiler - CDW\" width=\"427\" height=\"126\" srcset=\"https:\/\/www.globecar.com\/wp-content\/uploads\/2017\/09\/collusion-damage-waiver.png 427w, https:\/\/www.globecar.com\/wp-content\/uploads\/2017\/09\/collusion-damage-waiver-150x44.png 150w, https:\/\/www.globecar.com\/wp-content\/uploads\/2017\/09\/collusion-damage-waiver-300x89.png 300w, https:\/\/www.globecar.com\/wp-content\/uploads\/2017\/09\/collusion-damage-waiver-68x20.png 68w, https:\/\/www.globecar.com\/wp-content\/uploads\/2017\/09\/collusion-damage-waiver-200x59.png 200w, https:\/\/www.globecar.com\/wp-content\/uploads\/2017\/09\/collusion-damage-waiver-68x20@2x.png 136w, https:\/\/www.globecar.com\/wp-content\/uploads\/2017\/09\/collusion-damage-waiver-200x59@2x.png 400w\" sizes=\"(max-width: 427px) 100vw, 427px\" \/><\/a>[\/vc_toggle][vc_toggle title=\u00bbEl da\u00f1o es peque\u00f1o, \u00bfpor qu\u00e9 tengo que pagar los 500 d\u00f3lares?\u00bb]Nuestros agentes de alquiler de coches no son evaluadores de da\u00f1os; nuestro departamento de reclamaciones realiza una evaluaci\u00f3n y se pondr\u00e1 en contacto con usted una vez finalizada, cualquier recargo se le reembolsar\u00e1 directamente en su tarjeta de cr\u00e9dito.[\/vc_toggle][vc_toggle title=\u00bbEste da\u00f1o ya estaba ah\u00ed, as\u00ed que no soy responsable, \u00bfverdad?\u00bb]Si has utilizado nuestro servicio de quiosco y has enviado las fotos en los 30 minutos siguientes a la recogida del coche, avisa a tu gestor de siniestros : claims@globecar.ca[\/vc_toggle][vc_toggle title=\u00bbUtilic\u00e9 el quiosco y envi\u00e9 fotos de los nuevos da\u00f1os que encontr\u00e9 antes de irme, \u00bfy ahora qu\u00e9?\u00bb]Si has utilizado nuestro servicio de quiosco y has enviado las fotos en los 30 minutos siguientes a la recogida del coche, avisa a tu gestor de siniestros : claims@globecar.ca[\/vc_toggle][vc_toggle title=\u00bb\u00bfQu\u00e9 pasa si no estoy de acuerdo con los cargos de la franquicia?\u00bb]La franquicia se cobra en funci\u00f3n de la cobertura que usted eligi\u00f3, acept\u00f3 y firm\u00f3 en el momento del alquiler. Nuestros agentes est\u00e1n rigurosamente formados para explicar esta opci\u00f3n con toda claridad. En raras ocasiones, escucharemos nuestras grabaciones de audio\/v\u00eddeo para resolver disputas.[\/vc_toggle][vc_toggle title=\u00bbNo tengo la culpa, \u00bftengo que pagar la franquicia?\u00bb]<span style=\"font-weight: 400;\">S\u00ed, independientemente de la culpa, usted es responsable de la franquicia estipulada en el contrato de alquiler.<\/span>[\/vc_toggle][vc_toggle title=\u00bbFue el conductor adicional quien da\u00f1\u00f3 el coche; \u00bfpuedes facturarle a \u00e9l en su lugar?\u00bb]S\u00ed podemos, siempre que el conductor adicional cumpla inmediatamente y recibamos el pago. Tenga en cuenta que usted (el conductor principal) es el responsable \u00faltimo de los da\u00f1os o p\u00e9rdidas. Es mejor que lo arregl\u00e9is entre vosotros. Si no se llega a un acuerdo, el expediente se enviar\u00e1 a cobro.[\/vc_toggle][vc_toggle title=\u00bb\u00bfPor qu\u00e9 me cobran el remolque y el almacenamiento?\u00bb]Remolque y almacenamiento no est\u00e1n incluidos en <a href=\"https:\/\/www.globecar.com\/es\/cobertura-de-alquiler-de-vehiculos\/\">CDW (Collision Damage Waiver)<\/a>. Sin embargo, est\u00e1 incluido en el <a href=\"https:\/\/www.globecar.com\/es\/cobertura-de-alquiler-de-vehiculos\/paquete-de-ayuda-practica\/\">PAP (Paquete de Asistencia Pr\u00e1ctica)<\/a> que usted rechaz\u00f3.<\/p>\n<p><img decoding=\"async\" class=\"alignnone wp-image-1728 size-full\" src=\"https:\/\/www.globecar.com\/wp-content\/uploads\/2017\/09\/collusion-damage-waiver.png\" alt=\"Contrato de alquiler - CDW\" width=\"427\" height=\"126\" srcset=\"https:\/\/www.globecar.com\/wp-content\/uploads\/2017\/09\/collusion-damage-waiver.png 427w, https:\/\/www.globecar.com\/wp-content\/uploads\/2017\/09\/collusion-damage-waiver-150x44.png 150w, https:\/\/www.globecar.com\/wp-content\/uploads\/2017\/09\/collusion-damage-waiver-300x89.png 300w, https:\/\/www.globecar.com\/wp-content\/uploads\/2017\/09\/collusion-damage-waiver-68x20.png 68w, https:\/\/www.globecar.com\/wp-content\/uploads\/2017\/09\/collusion-damage-waiver-200x59.png 200w, https:\/\/www.globecar.com\/wp-content\/uploads\/2017\/09\/collusion-damage-waiver-68x20@2x.png 136w, https:\/\/www.globecar.com\/wp-content\/uploads\/2017\/09\/collusion-damage-waiver-200x59@2x.png 400w\" sizes=\"(max-width: 427px) 100vw, 427px\" \/>[\/vc_toggle][vc_toggle title=\u00bb\u00bfQu\u00e9 es un informe conjunto de accidente?\u00bb]<a href=\"https:\/\/ssq.ca\/sites\/default\/files\/archives\/site-08\/joint_report.pdf\" target=\"_blank\" rel=\"noopener\">Haga clic aqu\u00ed<\/a> para consultar la p\u00e1gina web del Gobierno en la que podr\u00e1 informarse sobre el Informe conjunto de accidentes y obtener un ejemplar.[\/vc_toggle][vc_toggle title=\u00bb\u00bfPor qu\u00e9 tengo que pagar el precio total del parabrisas y no s\u00f3lo la franquicia de 500?\u00bb]Los parabrisas y los neum\u00e1ticos no est\u00e1n cubiertos por el seguro b\u00e1sico. Se rechaz\u00f3 la cobertura de esos art\u00edculos. Si desea cubrir esos elementos en el futuro, seleccione <a href=\"https:\/\/www.globecar.com\/es\/cobertura-de-alquiler-de-vehiculos\/paquete-de-ayuda-practica\/\">PAP (Paquete de Asistencia Pr\u00e1ctica)<\/a>.[\/vc_toggle][vc_toggle title=\u00bb\u00bfTengo que rellenar un informe de incidente?\u00bb]S\u00ed, rellene un <a href=\"https:\/\/www.globecar.com\/es\/ayuda\/reclamaciones\/informe-de-accidente-conjunto\/\">parte de incidencias<\/a> en todo momento y debe entregarlo en el momento de devolver el veh\u00edculo. Si no ha rellenado uno, h\u00e1galo y env\u00edelo a claims@globecar.ca y escriba su n\u00famero de contrato.[\/vc_toggle][vc_toggle title=\u00bb\u00bfTengo que rellenar un informe policial?\u00bb]S\u00ed, debe presentar una denuncia policial en los siguientes casos:<\/p>\n<ul>\n<li>Atropello y fuga<\/li>\n<li>Vandalismo (ventanas rotas, robo de contenido, etc.)<\/li>\n<li>Robo de veh\u00edculo<\/li>\n<li>Accidentes graves cuando interviene la polic\u00eda o el veh\u00edculo no se pod\u00eda conducir.<\/li>\n<li>Incidentes con lesiones<\/li>\n<li>Da\u00f1os a la propiedad (golpear un edificio, un poste, etc&#8230;)<\/li>\n<\/ul>\n<p>[\/vc_toggle][vc_toggle title=\u00bb\u00bfCu\u00e1ndo tengo que informar a la polic\u00eda de mi accidente?\u00bb]\u00a1Inmediatamente! Le pedimos que nos informe inmediatamente por tel\u00e9fono de cualquier accidente o siniestro. Si por alguna raz\u00f3n no estamos localizables, especialmente despu\u00e9s de la hora de cierre, env\u00ede un correo electr\u00f3nico describiendo el incidente y su n\u00famero de contrato. Si la polic\u00eda no acude al lugar del accidente por falta de heridos o da\u00f1os, deber\u00e1 presentar entonces un \u00ab<a href=\"https:\/\/ssq.ca\/documents\/10686\/0\/joint_report.pdf\/74ceac33-903a-4c8a-a556-8c5c25a0155c\" target=\"_blank\" rel=\"noopener\">Parte conjunto de accidente<\/a>\u00bb que encontrar\u00e1 en la guantera de su coche de alquiler.[\/vc_toggle][vc_toggle title=\u00bb\u00bfPuedo seguir alquilando aunque tenga un siniestro?\u00bb]S\u00ed, siempre que no incumpla su contrato actual.[\/vc_toggle][vc_toggle title=\u00bb\u00bfQu\u00e9 pasa si no abro mi solicitud?\u00bb]<span style=\"font-weight: 400;\">Su expediente se enviar\u00e1 a cobro, incurrir\u00e1 en tasas, intereses y otros gastos. Esto tambi\u00e9n afectar\u00e1 a su calificaci\u00f3n crediticia.<\/span>[\/vc_toggle][vc_toggle title=\u00bbEs s\u00f3lo un tapacubos, \u00bfpuedo comprarlo yo?\u00bb]<span style=\"font-weight: 400;\">No, todas las piezas de recambio deben estar homologadas y ser sustituidas por Globe o sus talleres de reparaci\u00f3n afiliados.<\/span>[\/vc_toggle][\/vc_column][\/vc_row][\/vc_section]<\/p>\n<\/div>","protected":false},"excerpt":{"rendered":"<p>[vc_row is_header=\u00bbtrue\u00bb][vc_column][vc_column_text] \u00bfHa tenido un accidente de coche? Por favor, no se preocupe. Globe tramita gratuitamente su siniestro de la A a la Z en su nombre Sin embargo, necesitamos su colaboraci\u00f3n para que esto sea lo m\u00e1s f\u00e1cil posible. Lea atentamente los siguientes documentos, ya que contienen informaci\u00f3n importante. En el momento del alquiler, [&hellip;]<\/p>\n","protected":false},"author":1,"featured_media":0,"parent":13502,"menu_order":0,"comment_status":"closed","ping_status":"closed","template":"","meta":{"_acf_changed":false,"_genesis_hide_title":false,"_genesis_hide_breadcrumbs":false,"_genesis_hide_singular_image":false,"_genesis_hide_footer_widgets":false,"_genesis_custom_body_class":"","_genesis_custom_post_class":"","_genesis_layout":"","jetpack_post_was_ever_published":false,"footnotes":""},"class_list":{"0":"post-13529","1":"page","2":"type-page","3":"status-publish","5":"entry","6":"has-post-thumbnail"},"acf":[],"yoast_head":"<!-- This site is optimized with the Yoast SEO Premium plugin v27.1 (Yoast SEO v27.1.1) - https:\/\/yoast.com\/product\/yoast-seo-premium-wordpress\/ -->\n<title>Siniestros - Cobertura de colisi\u00f3n | Alquiler de coches y camiones Globe en Montreal<\/title>\n<meta name=\"description\" content=\"Reclamaci\u00f3n de alquiler de coche - Ha tomado una buena decisi\u00f3n. Usted protegido menos $ 500 coche \/ $ 1000 cami\u00f3n. Perm\u00edtanos ayudarle con su reclamaci\u00f3n.\" \/>\n<meta name=\"robots\" content=\"index, follow, max-snippet:-1, max-image-preview:large, max-video-preview:-1\" \/>\n<link rel=\"canonical\" href=\"https:\/\/www.globecar.com\/es\/ayuda\/reclamaciones\/globe-cdw\/\" \/>\n<meta property=\"og:locale\" content=\"es_ES\" \/>\n<meta property=\"og:type\" content=\"article\" \/>\n<meta property=\"og:title\" content=\"Comprado el CDW de Globe\" \/>\n<meta property=\"og:description\" content=\"\u00bfHa tenido un accidente de coche? Por favor, no se preocupe. Globe tramita gratuitamente su siniestro de la A a la Z en su nombre Sin embargo, necesitamos\" \/>\n<meta property=\"og:url\" content=\"https:\/\/www.globecar.com\/es\/ayuda\/reclamaciones\/globe-cdw\/\" \/>\n<meta property=\"og:site_name\" content=\"Alquiler de coches y camiones Globe en Montreal\" \/>\n<meta property=\"article:publisher\" content=\"https:\/\/www.facebook.com\/GlobeCar\" \/>\n<meta property=\"article:modified_time\" content=\"2024-05-08T13:02:54+00:00\" \/>\n<meta property=\"og:image\" content=\"https:\/\/www.globecar.com\/wp-content\/uploads\/2017\/09\/kiosk-transactions.png\" \/>\n\t<meta property=\"og:image:width\" content=\"567\" \/>\n\t<meta property=\"og:image:height\" content=\"453\" \/>\n\t<meta property=\"og:image:type\" content=\"image\/png\" \/>\n<meta name=\"twitter:card\" content=\"summary_large_image\" \/>\n<meta name=\"twitter:site\" content=\"@GlobeCar\" \/>\n<meta name=\"twitter:label1\" content=\"Tiempo de lectura\" \/>\n\t<meta name=\"twitter:data1\" content=\"6 minutos\" \/>\n<script type=\"application\/ld+json\" class=\"yoast-schema-graph\">{\"@context\":\"https:\/\/schema.org\",\"@graph\":[{\"@type\":\"WebPage\",\"@id\":\"https:\/\/www.globecar.com\/es\/ayuda\/reclamaciones\/globe-cdw\/\",\"url\":\"https:\/\/www.globecar.com\/es\/ayuda\/reclamaciones\/globe-cdw\/\",\"name\":\"Siniestros - Cobertura de colisi\u00f3n | Alquiler de coches y camiones Globe en Montreal\",\"isPartOf\":{\"@id\":\"https:\/\/www.globecar.com\/es\/#website\"},\"primaryImageOfPage\":{\"@id\":\"https:\/\/www.globecar.com\/es\/ayuda\/reclamaciones\/globe-cdw\/#primaryimage\"},\"image\":{\"@id\":\"https:\/\/www.globecar.com\/es\/ayuda\/reclamaciones\/globe-cdw\/#primaryimage\"},\"thumbnailUrl\":\"https:\/\/www.globecar.com\/wp-content\/uploads\/2017\/09\/kiosk-transactions-300x240.png\",\"datePublished\":\"2024-03-19T18:04:56+00:00\",\"dateModified\":\"2024-05-08T13:02:54+00:00\",\"description\":\"Reclamaci\u00f3n de alquiler de coche - Ha tomado una buena decisi\u00f3n. Usted protegido menos $ 500 coche \/ $ 1000 cami\u00f3n. Perm\u00edtanos ayudarle con su reclamaci\u00f3n.\",\"breadcrumb\":{\"@id\":\"https:\/\/www.globecar.com\/es\/ayuda\/reclamaciones\/globe-cdw\/#breadcrumb\"},\"inLanguage\":\"es\",\"potentialAction\":[{\"@type\":\"ReadAction\",\"target\":[\"https:\/\/www.globecar.com\/es\/ayuda\/reclamaciones\/globe-cdw\/\"]}]},{\"@type\":\"ImageObject\",\"inLanguage\":\"es\",\"@id\":\"https:\/\/www.globecar.com\/es\/ayuda\/reclamaciones\/globe-cdw\/#primaryimage\",\"url\":\"https:\/\/www.globecar.com\/wp-content\/uploads\/2017\/09\/kiosk-transactions-300x240.png\",\"contentUrl\":\"https:\/\/www.globecar.com\/wp-content\/uploads\/2017\/09\/kiosk-transactions-300x240.png\"},{\"@type\":\"BreadcrumbList\",\"@id\":\"https:\/\/www.globecar.com\/es\/ayuda\/reclamaciones\/globe-cdw\/#breadcrumb\",\"itemListElement\":[{\"@type\":\"ListItem\",\"position\":1,\"name\":\"Inicio\",\"item\":\"https:\/\/www.globecar.com\/es\/\"},{\"@type\":\"ListItem\",\"position\":2,\"name\":\"Ayuda\",\"item\":\"https:\/\/www.globecar.com\/es\/ayuda\/\"},{\"@type\":\"ListItem\",\"position\":3,\"name\":\"Reclamaciones\",\"item\":\"https:\/\/www.globecar.com\/es\/ayuda\/reclamaciones\/\"},{\"@type\":\"ListItem\",\"position\":4,\"name\":\"Comprado el CDW de Globe\"}]},{\"@type\":\"WebSite\",\"@id\":\"https:\/\/www.globecar.com\/es\/#website\",\"url\":\"https:\/\/www.globecar.com\/es\/\",\"name\":\"Globe Location d'Autos et Camions \u00e0 Montr\u00e9al\",\"description\":\"Drive 4 Less\",\"publisher\":{\"@id\":\"https:\/\/www.globecar.com\/es\/#organization\"},\"alternateName\":\"GlobeCar\",\"potentialAction\":[{\"@type\":\"SearchAction\",\"target\":{\"@type\":\"EntryPoint\",\"urlTemplate\":\"https:\/\/www.globecar.com\/es\/?s={search_term_string}\"},\"query-input\":{\"@type\":\"PropertyValueSpecification\",\"valueRequired\":true,\"valueName\":\"search_term_string\"}}],\"inLanguage\":\"es\"},{\"@type\":\"Organization\",\"@id\":\"https:\/\/www.globecar.com\/es\/#organization\",\"name\":\"Globe Car & Truck Rental\",\"alternateName\":\"GlobeCar\",\"url\":\"https:\/\/www.globecar.com\/es\/\",\"logo\":{\"@type\":\"ImageObject\",\"inLanguage\":\"es\",\"@id\":\"https:\/\/www.globecar.com\/es\/#\/schema\/logo\/image\/\",\"url\":\"https:\/\/www.globecar.com\/wp-content\/uploads\/2023\/12\/thumbnail_logo_final-1.jpg\",\"contentUrl\":\"https:\/\/www.globecar.com\/wp-content\/uploads\/2023\/12\/thumbnail_logo_final-1.jpg\",\"width\":555,\"height\":555,\"caption\":\"Globe Car & Truck Rental\"},\"image\":{\"@id\":\"https:\/\/www.globecar.com\/es\/#\/schema\/logo\/image\/\"},\"sameAs\":[\"https:\/\/www.facebook.com\/GlobeCar\",\"https:\/\/x.com\/GlobeCar\",\"https:\/\/mastodon.social\/@globecar\",\"https:\/\/www.instagram.com\/globecar\/\",\"https:\/\/www.linkedin.com\/company\/globecar\/\",\"https:\/\/www.pinterest.com\/globecar\",\"https:\/\/www.youtube.com\/c\/GlobecarRentals\"]}]}<\/script>\n<!-- \/ Yoast SEO Premium plugin. -->","yoast_head_json":{"title":"Siniestros - Cobertura de colisi\u00f3n | Alquiler de coches y camiones Globe en Montreal","description":"Reclamaci\u00f3n de alquiler de coche - Ha tomado una buena decisi\u00f3n. Usted protegido menos $ 500 coche \/ $ 1000 cami\u00f3n. Perm\u00edtanos ayudarle con su reclamaci\u00f3n.","robots":{"index":"index","follow":"follow","max-snippet":"max-snippet:-1","max-image-preview":"max-image-preview:large","max-video-preview":"max-video-preview:-1"},"canonical":"https:\/\/www.globecar.com\/es\/ayuda\/reclamaciones\/globe-cdw\/","og_locale":"es_ES","og_type":"article","og_title":"Comprado el CDW de Globe","og_description":"\u00bfHa tenido un accidente de coche? Por favor, no se preocupe. Globe tramita gratuitamente su siniestro de la A a la Z en su nombre Sin embargo, necesitamos","og_url":"https:\/\/www.globecar.com\/es\/ayuda\/reclamaciones\/globe-cdw\/","og_site_name":"Alquiler de coches y camiones Globe en Montreal","article_publisher":"https:\/\/www.facebook.com\/GlobeCar","article_modified_time":"2024-05-08T13:02:54+00:00","og_image":[{"width":567,"height":453,"url":"https:\/\/www.globecar.com\/wp-content\/uploads\/2017\/09\/kiosk-transactions.png","type":"image\/png"}],"twitter_card":"summary_large_image","twitter_site":"@GlobeCar","twitter_misc":{"Tiempo de lectura":"6 minutos"},"schema":{"@context":"https:\/\/schema.org","@graph":[{"@type":"WebPage","@id":"https:\/\/www.globecar.com\/es\/ayuda\/reclamaciones\/globe-cdw\/","url":"https:\/\/www.globecar.com\/es\/ayuda\/reclamaciones\/globe-cdw\/","name":"Siniestros - Cobertura de colisi\u00f3n | Alquiler de coches y camiones Globe en Montreal","isPartOf":{"@id":"https:\/\/www.globecar.com\/es\/#website"},"primaryImageOfPage":{"@id":"https:\/\/www.globecar.com\/es\/ayuda\/reclamaciones\/globe-cdw\/#primaryimage"},"image":{"@id":"https:\/\/www.globecar.com\/es\/ayuda\/reclamaciones\/globe-cdw\/#primaryimage"},"thumbnailUrl":"https:\/\/www.globecar.com\/wp-content\/uploads\/2017\/09\/kiosk-transactions-300x240.png","datePublished":"2024-03-19T18:04:56+00:00","dateModified":"2024-05-08T13:02:54+00:00","description":"Reclamaci\u00f3n de alquiler de coche - Ha tomado una buena decisi\u00f3n. Usted protegido menos $ 500 coche \/ $ 1000 cami\u00f3n. Perm\u00edtanos ayudarle con su reclamaci\u00f3n.","breadcrumb":{"@id":"https:\/\/www.globecar.com\/es\/ayuda\/reclamaciones\/globe-cdw\/#breadcrumb"},"inLanguage":"es","potentialAction":[{"@type":"ReadAction","target":["https:\/\/www.globecar.com\/es\/ayuda\/reclamaciones\/globe-cdw\/"]}]},{"@type":"ImageObject","inLanguage":"es","@id":"https:\/\/www.globecar.com\/es\/ayuda\/reclamaciones\/globe-cdw\/#primaryimage","url":"https:\/\/www.globecar.com\/wp-content\/uploads\/2017\/09\/kiosk-transactions-300x240.png","contentUrl":"https:\/\/www.globecar.com\/wp-content\/uploads\/2017\/09\/kiosk-transactions-300x240.png"},{"@type":"BreadcrumbList","@id":"https:\/\/www.globecar.com\/es\/ayuda\/reclamaciones\/globe-cdw\/#breadcrumb","itemListElement":[{"@type":"ListItem","position":1,"name":"Inicio","item":"https:\/\/www.globecar.com\/es\/"},{"@type":"ListItem","position":2,"name":"Ayuda","item":"https:\/\/www.globecar.com\/es\/ayuda\/"},{"@type":"ListItem","position":3,"name":"Reclamaciones","item":"https:\/\/www.globecar.com\/es\/ayuda\/reclamaciones\/"},{"@type":"ListItem","position":4,"name":"Comprado el CDW de Globe"}]},{"@type":"WebSite","@id":"https:\/\/www.globecar.com\/es\/#website","url":"https:\/\/www.globecar.com\/es\/","name":"Globe Location d'Autos et Camions \u00e0 Montr\u00e9al","description":"Drive 4 Less","publisher":{"@id":"https:\/\/www.globecar.com\/es\/#organization"},"alternateName":"GlobeCar","potentialAction":[{"@type":"SearchAction","target":{"@type":"EntryPoint","urlTemplate":"https:\/\/www.globecar.com\/es\/?s={search_term_string}"},"query-input":{"@type":"PropertyValueSpecification","valueRequired":true,"valueName":"search_term_string"}}],"inLanguage":"es"},{"@type":"Organization","@id":"https:\/\/www.globecar.com\/es\/#organization","name":"Globe Car & Truck Rental","alternateName":"GlobeCar","url":"https:\/\/www.globecar.com\/es\/","logo":{"@type":"ImageObject","inLanguage":"es","@id":"https:\/\/www.globecar.com\/es\/#\/schema\/logo\/image\/","url":"https:\/\/www.globecar.com\/wp-content\/uploads\/2023\/12\/thumbnail_logo_final-1.jpg","contentUrl":"https:\/\/www.globecar.com\/wp-content\/uploads\/2023\/12\/thumbnail_logo_final-1.jpg","width":555,"height":555,"caption":"Globe Car & Truck Rental"},"image":{"@id":"https:\/\/www.globecar.com\/es\/#\/schema\/logo\/image\/"},"sameAs":["https:\/\/www.facebook.com\/GlobeCar","https:\/\/x.com\/GlobeCar","https:\/\/mastodon.social\/@globecar","https:\/\/www.instagram.com\/globecar\/","https:\/\/www.linkedin.com\/company\/globecar\/","https:\/\/www.pinterest.com\/globecar","https:\/\/www.youtube.com\/c\/GlobecarRentals"]}]}},"jetpack_sharing_enabled":true,"jetpack_shortlink":"https:\/\/wp.me\/PaiT2D-3wd","_links":{"self":[{"href":"https:\/\/www.globecar.com\/es\/wp-json\/wp\/v2\/pages\/13529","targetHints":{"allow":["GET"]}}],"collection":[{"href":"https:\/\/www.globecar.com\/es\/wp-json\/wp\/v2\/pages"}],"about":[{"href":"https:\/\/www.globecar.com\/es\/wp-json\/wp\/v2\/types\/page"}],"author":[{"embeddable":true,"href":"https:\/\/www.globecar.com\/es\/wp-json\/wp\/v2\/users\/1"}],"replies":[{"embeddable":true,"href":"https:\/\/www.globecar.com\/es\/wp-json\/wp\/v2\/comments?post=13529"}],"version-history":[{"count":0,"href":"https:\/\/www.globecar.com\/es\/wp-json\/wp\/v2\/pages\/13529\/revisions"}],"up":[{"embeddable":true,"href":"https:\/\/www.globecar.com\/es\/wp-json\/wp\/v2\/pages\/13502"}],"wp:attachment":[{"href":"https:\/\/www.globecar.com\/es\/wp-json\/wp\/v2\/media?parent=13529"}],"curies":[{"name":"wp","href":"https:\/\/api.w.org\/{rel}","templated":true}]}}