{"id":13527,"date":"2024-03-19T14:04:56","date_gmt":"2024-03-19T18:04:56","guid":{"rendered":"https:\/\/www.globecar.com\/alquiler-de-coches-para-invierno\/"},"modified":"2024-05-08T08:55:32","modified_gmt":"2024-05-08T12:55:32","slug":"alquiler-de-coches-para-invierno","status":"publish","type":"page","link":"https:\/\/www.globecar.com\/es\/acerca-de\/alquiler-de-coches-para-invierno\/","title":{"rendered":"Alquiler de coches para el invierno"},"content":{"rendered":"<div class=\"wpb-content-wrapper\"><p>[vc_row content_placement=\u00bbmiddle\u00bb is_header=\u00bbtrue\u00bb][vc_column width=\u00bb7\/12&#8243; css=\u00bb.vc_custom_1559584606865{padding-top: 3em !important;padding-bottom: 3em !important;}\u00bb el_class=\u00bbtexteHeader\u00bb][vc_column_text]<\/p>\n<h1>\u00bfEst\u00e1 buscando<br \/>\n\u00bfalquilar un coche para el invierno?<\/h1>\n<h2>\u00a1Siempre estamos listos!<\/h2>\n<ul>\n<li>Neum\u00e1ticos de invierno instalados (s\u00f3lo Quebec)<\/li>\n<li>Anticongelante lavaparabrisas<\/li>\n<li>Cepillo para nieve y rascador de hielo<\/li>\n<li>Alfombrillas de goma (salva pantalones)<\/li>\n<li>Coches de invierno con mantenimiento regular<\/li>\n<\/ul>\n<p>[\/vc_column_text]<div class=\"gc-button-wrap \"><a href=\"https:\/\/reserve.globecar.com\/en\/rent-a-car\" class=\" button large\">Encuentre ahora un coche de invierno<\/a><\/div>[\/vc_column][vc_column width=\u00bb5\/12&#8243;][vc_single_image image=\u00bb9270&#8243; img_size=\u00bbfull\u00bb alignment=\u00bbcenter\u00bb][\/vc_column][\/vc_row][vc_section is_container=\u00bbtrue\u00bb][vc_row][vc_column][vc_column_text]<span style=\"font-weight: 400;\">En Globe Car &amp; Truck Rentals en Montreal, hacemos todo lo posible para ofrecerle una experiencia de conducci\u00f3n segura y c\u00f3moda en invierno. Nuestros veh\u00edculos de alquiler est\u00e1n bien mantenidos y equipados con neum\u00e1ticos de invierno para garantizar una aceleraci\u00f3n y frenado \u00f3ptimos, una tracci\u00f3n excelente y una conducci\u00f3n segura en carreteras nevadas y heladas, adaptados espec\u00edficamente a las exigencias del invierno quebequ\u00e9s. Sin embargo, es crucial recordar que la presencia de neum\u00e1ticos de invierno no garantiza la inmunidad total en condiciones clim\u00e1ticas dif\u00edciles.<\/span><\/p>\n<p><span style=\"font-weight: 400;\">En contra de una creencia muy extendida, el mero hecho de tener neum\u00e1ticos de invierno no exime a los conductores de la obligaci\u00f3n de adaptar su conducci\u00f3n a las condiciones invernales. En efecto, puesto que <\/span><a href=\"https:\/\/saaq.gouv.qc.ca\/en\/road-safety\/behaviours\/adapting-driving\/winter-driving\"><span style=\"font-weight: 400;\">la instalaci\u00f3n obligatoria de neum\u00e1ticos de invierno en 2008<\/span><\/a><span style=\"font-weight: 400;\">En los \u00faltimos a\u00f1os ha aumentado el n\u00famero de accidentes debidos a conductas imprudentes en carreteras nevadas, lo que puede atribuirse a la falta de vigilancia de los conductores inexpertos. Por lo tanto, animamos a todos los conductores, especialmente a los que no est\u00e1n familiarizados con las condiciones invernales de Quebec, a tomar medidas de precauci\u00f3n adicionales.<\/span><\/p>\n<p><span style=\"font-weight: 400;\">Los viajeros que alquilen un veh\u00edculo en una ciudad desconocida deben extremar la precauci\u00f3n, ya que est\u00e1n conduciendo un veh\u00edculo cuyo comportamiento en carretera pueden no conocer del todo. Adem\u00e1s, las distracciones potenciales en una ciudad extranjera pueden hacer que la conducci\u00f3n sea m\u00e1s compleja, especialmente con las condiciones variables de las carreteras, como los baches, el hielo y la nieve en Quebec.<\/span><\/p>\n<p><span style=\"font-weight: 400;\">Adem\u00e1s de los neum\u00e1ticos de invierno, Globe prepara su flota de veh\u00edculos para el invierno proporcionando l\u00edquido lavaparabrisas adecuado, un cepillo para la nieve, un rascador de hielo para las ventanillas y una alfombrilla de goma para el conductor, que protege sus pantalones de posibles manchas de nieve.<\/span><\/p>\n<p><b>Para conducir con seguridad en invierno, respete estas sencillas normas:<\/b><\/p>\n<p><span style=\"font-weight: 400;\">1- Aseg\u00farese de que el nivel del l\u00edquido lavaparabrisas de invierno est\u00e1 al m\u00e1ximo. En caso de escasez, no utilice nunca agua para llenar el dep\u00f3sito.<\/span><\/p>\n<p><span style=\"font-weight: 400;\">2- Limpie completamente la nieve de todas las superficies de su veh\u00edculo para garantizar una visibilidad \u00f3ptima.<\/span><\/p>\n<p><span style=\"font-weight: 400;\">3- Deshiela a fondo los parabrisas delantero y trasero antes de salir a la carretera.<\/span><\/p>\n<p><span style=\"font-weight: 400;\">4- Tenga siempre un tel\u00e9fono a mano durante sus viajes.<\/span><\/p>\n<p><span style=\"font-weight: 400;\">5- Familiar\u00edcese con el veh\u00edculo de alquiler, ya que cada modelo tiene sus propias caracter\u00edsticas y comportamiento al volante.<\/span><\/p>\n<p><span style=\"font-weight: 400;\">6- Conduce con precauci\u00f3n y respeta los l\u00edmites de velocidad, aunque eso signifique llegar unos segundos m\u00e1s tarde.<\/span><\/p>\n<p><span style=\"font-weight: 400;\">La pr\u00f3xima vez que necesite alquilar un coche en Montreal, elija Globe Car Rentals para encontrar el veh\u00edculo ideal a un precio competitivo. En Globe, su seguridad y su experiencia de alquiler son nuestras principales prioridades. Conduzca con confianza con nosotros este invierno.<\/span>[\/vc_column_text][\/vc_column][\/vc_row][\/vc_section]<\/p>\n<\/div>","protected":false},"excerpt":{"rendered":"<p>[vc_row content_placement=\u00bbmiddle\u00bb is_header=\u00bbtrue\u00bb][vc_column width=\u00bb7\/12&#8243; css=\u00bb.vc_custom_1559584606865{padding-top: 3em !important;padding-bottom: 3em !important;}\u00bb el_class=\u00bbtexteHeader\u00bb][vc_column_text] \u00bfEst\u00e1 buscando \u00bfalquilar un coche para el invierno? \u00a1Siempre estamos listos! Neum\u00e1ticos de invierno instalados (s\u00f3lo Quebec) Anticongelante lavaparabrisas Cepillo para nieve y rascador de hielo Alfombrillas de goma (salva pantalones) Coches de invierno con mantenimiento regular [\/vc_column_text][\/vc_column][vc_column width=\u00bb5\/12&#8243;][vc_single_image image=\u00bb9270&#8243; img_size=\u00bbfull\u00bb alignment=\u00bbcenter\u00bb][\/vc_column][\/vc_row][vc_section is_container=\u00bbtrue\u00bb][vc_row][vc_column][vc_column_text]En Globe Car [&hellip;]<\/p>\n","protected":false},"author":1,"featured_media":0,"parent":13799,"menu_order":0,"comment_status":"closed","ping_status":"closed","template":"","meta":{"_acf_changed":false,"_genesis_hide_title":false,"_genesis_hide_breadcrumbs":false,"_genesis_hide_singular_image":false,"_genesis_hide_footer_widgets":false,"_genesis_custom_body_class":"","_genesis_custom_post_class":"","_genesis_layout":"","jetpack_post_was_ever_published":false,"footnotes":""},"class_list":{"0":"post-13527","1":"page","2":"type-page","3":"status-publish","5":"entry","6":"has-post-thumbnail"},"acf":[],"yoast_head":"<!-- This site is optimized with the Yoast SEO Premium plugin v27.1 (Yoast SEO v27.1.1) - https:\/\/yoast.com\/product\/yoast-seo-premium-wordpress\/ -->\n<title>Alquiler de coches para el invierno | Alquiler de coches y camiones Globe en Montreal<\/title>\n<meta name=\"description\" content=\"Conducir en el crudo invierno canadiense puede ser dif\u00edcil e inseguro. Garantizamos el mantenimiento y el equipamiento de los mejores coches para conducir en invierno.\" \/>\n<meta name=\"robots\" content=\"index, follow, max-snippet:-1, max-image-preview:large, max-video-preview:-1\" \/>\n<link rel=\"canonical\" href=\"https:\/\/www.globecar.com\/es\/acerca-de\/alquiler-de-coches-para-invierno\/\" \/>\n<meta property=\"og:locale\" content=\"es_ES\" \/>\n<meta property=\"og:type\" content=\"article\" \/>\n<meta property=\"og:title\" content=\"Alquiler de coches para el invierno\" \/>\n<meta property=\"og:description\" content=\"\u00bfEst\u00e1 buscando \u00bfalquilar un coche para el invierno? \u00a1Siempre estamos listos! Neum\u00e1ticos de invierno instalados (s\u00f3lo Quebec) Anticongelante lavaparabrisas\" \/>\n<meta property=\"og:url\" content=\"https:\/\/www.globecar.com\/es\/acerca-de\/alquiler-de-coches-para-invierno\/\" \/>\n<meta property=\"og:site_name\" content=\"Alquiler de coches y camiones Globe en Montreal\" \/>\n<meta property=\"article:publisher\" content=\"https:\/\/www.facebook.com\/GlobeCar\" \/>\n<meta property=\"article:modified_time\" content=\"2024-05-08T12:55:32+00:00\" \/>\n<meta property=\"og:image\" content=\"https:\/\/www.globecar.com\/wp-content\/uploads\/2023\/12\/thumbnail_logo_final-1.jpg\" \/>\n\t<meta property=\"og:image:width\" content=\"555\" \/>\n\t<meta property=\"og:image:height\" content=\"555\" \/>\n\t<meta property=\"og:image:type\" content=\"image\/jpeg\" \/>\n<meta name=\"twitter:card\" content=\"summary_large_image\" \/>\n<meta name=\"twitter:site\" content=\"@GlobeCar\" \/>\n<meta name=\"twitter:label1\" content=\"Tiempo de lectura\" \/>\n\t<meta name=\"twitter:data1\" content=\"3 minutos\" \/>\n<script type=\"application\/ld+json\" class=\"yoast-schema-graph\">{\"@context\":\"https:\/\/schema.org\",\"@graph\":[{\"@type\":\"WebPage\",\"@id\":\"https:\/\/www.globecar.com\/es\/acerca-de\/alquiler-de-coches-para-invierno\/\",\"url\":\"https:\/\/www.globecar.com\/es\/acerca-de\/alquiler-de-coches-para-invierno\/\",\"name\":\"Alquiler de coches para el invierno | Alquiler de coches y camiones Globe en Montreal\",\"isPartOf\":{\"@id\":\"https:\/\/www.globecar.com\/es\/#website\"},\"datePublished\":\"2024-03-19T18:04:56+00:00\",\"dateModified\":\"2024-05-08T12:55:32+00:00\",\"description\":\"Conducir en el crudo invierno canadiense puede ser dif\u00edcil e inseguro. Garantizamos el mantenimiento y el equipamiento de los mejores coches para conducir en invierno.\",\"breadcrumb\":{\"@id\":\"https:\/\/www.globecar.com\/es\/acerca-de\/alquiler-de-coches-para-invierno\/#breadcrumb\"},\"inLanguage\":\"es\",\"potentialAction\":[{\"@type\":\"ReadAction\",\"target\":[\"https:\/\/www.globecar.com\/es\/acerca-de\/alquiler-de-coches-para-invierno\/\"]}]},{\"@type\":\"BreadcrumbList\",\"@id\":\"https:\/\/www.globecar.com\/es\/acerca-de\/alquiler-de-coches-para-invierno\/#breadcrumb\",\"itemListElement\":[{\"@type\":\"ListItem\",\"position\":1,\"name\":\"Inicio\",\"item\":\"https:\/\/www.globecar.com\/es\/\"},{\"@type\":\"ListItem\",\"position\":2,\"name\":\"Acerca de\",\"item\":\"https:\/\/www.globecar.com\/es\/acerca-de\/\"},{\"@type\":\"ListItem\",\"position\":3,\"name\":\"Alquiler de coches para el invierno\"}]},{\"@type\":\"WebSite\",\"@id\":\"https:\/\/www.globecar.com\/es\/#website\",\"url\":\"https:\/\/www.globecar.com\/es\/\",\"name\":\"Globe Location d'Autos et Camions \u00e0 Montr\u00e9al\",\"description\":\"Drive 4 Less\",\"publisher\":{\"@id\":\"https:\/\/www.globecar.com\/es\/#organization\"},\"alternateName\":\"GlobeCar\",\"potentialAction\":[{\"@type\":\"SearchAction\",\"target\":{\"@type\":\"EntryPoint\",\"urlTemplate\":\"https:\/\/www.globecar.com\/es\/?s={search_term_string}\"},\"query-input\":{\"@type\":\"PropertyValueSpecification\",\"valueRequired\":true,\"valueName\":\"search_term_string\"}}],\"inLanguage\":\"es\"},{\"@type\":\"Organization\",\"@id\":\"https:\/\/www.globecar.com\/es\/#organization\",\"name\":\"Globe Car & Truck Rental\",\"alternateName\":\"GlobeCar\",\"url\":\"https:\/\/www.globecar.com\/es\/\",\"logo\":{\"@type\":\"ImageObject\",\"inLanguage\":\"es\",\"@id\":\"https:\/\/www.globecar.com\/es\/#\/schema\/logo\/image\/\",\"url\":\"https:\/\/www.globecar.com\/wp-content\/uploads\/2023\/12\/thumbnail_logo_final-1.jpg\",\"contentUrl\":\"https:\/\/www.globecar.com\/wp-content\/uploads\/2023\/12\/thumbnail_logo_final-1.jpg\",\"width\":555,\"height\":555,\"caption\":\"Globe Car & Truck Rental\"},\"image\":{\"@id\":\"https:\/\/www.globecar.com\/es\/#\/schema\/logo\/image\/\"},\"sameAs\":[\"https:\/\/www.facebook.com\/GlobeCar\",\"https:\/\/x.com\/GlobeCar\",\"https:\/\/mastodon.social\/@globecar\",\"https:\/\/www.instagram.com\/globecar\/\",\"https:\/\/www.linkedin.com\/company\/globecar\/\",\"https:\/\/www.pinterest.com\/globecar\",\"https:\/\/www.youtube.com\/c\/GlobecarRentals\"]}]}<\/script>\n<!-- \/ Yoast SEO Premium plugin. -->","yoast_head_json":{"title":"Alquiler de coches para el invierno | Alquiler de coches y camiones Globe en Montreal","description":"Conducir en el crudo invierno canadiense puede ser dif\u00edcil e inseguro. Garantizamos el mantenimiento y el equipamiento de los mejores coches para conducir en invierno.","robots":{"index":"index","follow":"follow","max-snippet":"max-snippet:-1","max-image-preview":"max-image-preview:large","max-video-preview":"max-video-preview:-1"},"canonical":"https:\/\/www.globecar.com\/es\/acerca-de\/alquiler-de-coches-para-invierno\/","og_locale":"es_ES","og_type":"article","og_title":"Alquiler de coches para el invierno","og_description":"\u00bfEst\u00e1 buscando \u00bfalquilar un coche para el invierno? \u00a1Siempre estamos listos! Neum\u00e1ticos de invierno instalados (s\u00f3lo Quebec) Anticongelante lavaparabrisas","og_url":"https:\/\/www.globecar.com\/es\/acerca-de\/alquiler-de-coches-para-invierno\/","og_site_name":"Alquiler de coches y camiones Globe en Montreal","article_publisher":"https:\/\/www.facebook.com\/GlobeCar","article_modified_time":"2024-05-08T12:55:32+00:00","og_image":[{"width":555,"height":555,"url":"https:\/\/www.globecar.com\/wp-content\/uploads\/2023\/12\/thumbnail_logo_final-1.jpg","type":"image\/jpeg"}],"twitter_card":"summary_large_image","twitter_site":"@GlobeCar","twitter_misc":{"Tiempo de lectura":"3 minutos"},"schema":{"@context":"https:\/\/schema.org","@graph":[{"@type":"WebPage","@id":"https:\/\/www.globecar.com\/es\/acerca-de\/alquiler-de-coches-para-invierno\/","url":"https:\/\/www.globecar.com\/es\/acerca-de\/alquiler-de-coches-para-invierno\/","name":"Alquiler de coches para el invierno | Alquiler de coches y camiones Globe en Montreal","isPartOf":{"@id":"https:\/\/www.globecar.com\/es\/#website"},"datePublished":"2024-03-19T18:04:56+00:00","dateModified":"2024-05-08T12:55:32+00:00","description":"Conducir en el crudo invierno canadiense puede ser dif\u00edcil e inseguro. Garantizamos el mantenimiento y el equipamiento de los mejores coches para conducir en invierno.","breadcrumb":{"@id":"https:\/\/www.globecar.com\/es\/acerca-de\/alquiler-de-coches-para-invierno\/#breadcrumb"},"inLanguage":"es","potentialAction":[{"@type":"ReadAction","target":["https:\/\/www.globecar.com\/es\/acerca-de\/alquiler-de-coches-para-invierno\/"]}]},{"@type":"BreadcrumbList","@id":"https:\/\/www.globecar.com\/es\/acerca-de\/alquiler-de-coches-para-invierno\/#breadcrumb","itemListElement":[{"@type":"ListItem","position":1,"name":"Inicio","item":"https:\/\/www.globecar.com\/es\/"},{"@type":"ListItem","position":2,"name":"Acerca de","item":"https:\/\/www.globecar.com\/es\/acerca-de\/"},{"@type":"ListItem","position":3,"name":"Alquiler de coches para el invierno"}]},{"@type":"WebSite","@id":"https:\/\/www.globecar.com\/es\/#website","url":"https:\/\/www.globecar.com\/es\/","name":"Globe Location d'Autos et Camions \u00e0 Montr\u00e9al","description":"Drive 4 Less","publisher":{"@id":"https:\/\/www.globecar.com\/es\/#organization"},"alternateName":"GlobeCar","potentialAction":[{"@type":"SearchAction","target":{"@type":"EntryPoint","urlTemplate":"https:\/\/www.globecar.com\/es\/?s={search_term_string}"},"query-input":{"@type":"PropertyValueSpecification","valueRequired":true,"valueName":"search_term_string"}}],"inLanguage":"es"},{"@type":"Organization","@id":"https:\/\/www.globecar.com\/es\/#organization","name":"Globe Car & Truck Rental","alternateName":"GlobeCar","url":"https:\/\/www.globecar.com\/es\/","logo":{"@type":"ImageObject","inLanguage":"es","@id":"https:\/\/www.globecar.com\/es\/#\/schema\/logo\/image\/","url":"https:\/\/www.globecar.com\/wp-content\/uploads\/2023\/12\/thumbnail_logo_final-1.jpg","contentUrl":"https:\/\/www.globecar.com\/wp-content\/uploads\/2023\/12\/thumbnail_logo_final-1.jpg","width":555,"height":555,"caption":"Globe Car & Truck Rental"},"image":{"@id":"https:\/\/www.globecar.com\/es\/#\/schema\/logo\/image\/"},"sameAs":["https:\/\/www.facebook.com\/GlobeCar","https:\/\/x.com\/GlobeCar","https:\/\/mastodon.social\/@globecar","https:\/\/www.instagram.com\/globecar\/","https:\/\/www.linkedin.com\/company\/globecar\/","https:\/\/www.pinterest.com\/globecar","https:\/\/www.youtube.com\/c\/GlobecarRentals"]}]}},"jetpack_sharing_enabled":true,"jetpack_shortlink":"https:\/\/wp.me\/PaiT2D-3wb","_links":{"self":[{"href":"https:\/\/www.globecar.com\/es\/wp-json\/wp\/v2\/pages\/13527","targetHints":{"allow":["GET"]}}],"collection":[{"href":"https:\/\/www.globecar.com\/es\/wp-json\/wp\/v2\/pages"}],"about":[{"href":"https:\/\/www.globecar.com\/es\/wp-json\/wp\/v2\/types\/page"}],"author":[{"embeddable":true,"href":"https:\/\/www.globecar.com\/es\/wp-json\/wp\/v2\/users\/1"}],"replies":[{"embeddable":true,"href":"https:\/\/www.globecar.com\/es\/wp-json\/wp\/v2\/comments?post=13527"}],"version-history":[{"count":15,"href":"https:\/\/www.globecar.com\/es\/wp-json\/wp\/v2\/pages\/13527\/revisions"}],"predecessor-version":[{"id":13605,"href":"https:\/\/www.globecar.com\/es\/wp-json\/wp\/v2\/pages\/13527\/revisions\/13605"}],"up":[{"embeddable":true,"href":"https:\/\/www.globecar.com\/es\/wp-json\/wp\/v2\/pages\/13799"}],"wp:attachment":[{"href":"https:\/\/www.globecar.com\/es\/wp-json\/wp\/v2\/media?parent=13527"}],"curies":[{"name":"wp","href":"https:\/\/api.w.org\/{rel}","templated":true}]}}