{"id":13526,"date":"2024-03-19T14:04:56","date_gmt":"2024-03-19T18:04:56","guid":{"rendered":"https:\/\/www.globecar.com\/escriba-a\/"},"modified":"2024-05-31T10:21:08","modified_gmt":"2024-05-31T14:21:08","slug":"escriba-a","status":"publish","type":"page","link":"https:\/\/www.globecar.com\/es\/acerca-de\/resenas\/escriba-a\/","title":{"rendered":"Escriba un comentario"},"content":{"rendered":"<div class=\"wpb-content-wrapper\"><p>[vc_row][vc_column][vc_column_text][\/vc_column_text][\/vc_column][\/vc_row][vc_row content_placement=\u00bbmiddle\u00bb][vc_column width=\u00bb2\/3&#8243; css=\u00bb.vc_custom_1512420660987{padding-bottom: 3em !important;}\u00bb][vc_column_text]<\/p>\n<h1>Escriba un comentario<\/h1>\n<p>\u00bfHa alquilado antes un coche con nosotros? Bueno o malo, le animamos a que escriba una opini\u00f3n sincera sobre nuestra tarifa de alquiler de coches y su experiencia: \u00a1lo arreglaremos![\/vc_column_text][\/vc_column][vc_column width=\u00bb1\/3&#8243;][vc_single_image image=\u00bb8958&#8243; img_size=\u00bbfull\u00bb alignment=\u00bbright\u00bb][\/vc_column][\/vc_row][vc_row][vc_column][vc_wp_custommenu nav_menu=\u00bb2227&#8243;][\/vc_column][\/vc_row][vc_section is_container=\u00bbtrue\u00bb][vc_row][vc_column][vc_row_inner][vc_column_inner width=\u00bb1\/2&#8243;][vc_column_text]<\/p>\n<h3>Valore su experiencia, escriba su opini\u00f3n<\/h3>\n<p>[\/vc_column_text][\/vc_column_inner][vc_column_inner width=\u00bb1\/2&#8243;][vc_column_text]<\/p>\n<p style=\"text-align: right;\"><span class=\"button\"><a href=\"https:\/\/www.globecar.com\/es\/acerca-de\/resenas\/\">Leer comentarios<\/a><\/span><\/p>\n<p>[\/vc_column_text][\/vc_column_inner][\/vc_row_inner][vc_separator el_class=\u00bbunder-title\u00bb][vc_column_text css=\u00bb.vc_custom_1526407513751{margin-bottom: 3em !important;}\u00bb]Globe tiene el mayor \u00edndice de satisfacci\u00f3n del sector (87,1% frente al 79%, respectivamente). Realizamos encuestas postventa a todos los clientes cada semana para asegurarnos de que los problemas se solucionan y no se repiten. Nuestra imagen es de vital importancia para seguir creciendo. Si tiene la tentaci\u00f3n de dejar una cr\u00edtica, aseg\u00farese <strong>de que nos ha dado la oportunidad de resolver el problema.<\/strong> No dudes en <a href=\"https:\/\/www.globecar.com\/es\/ayuda\/contacte-con-nosotros\/\">ponerte en contacto con nosotros<\/a>, siempre hacemos todo lo posible para solucionarlo.[\/vc_column_text][\/vc_column][\/vc_row][vc_row][vc_column width=\u00bb2\/3&#8243; is_whitebox=\u00bbtrue\u00bb][vc_column_text]\n\t<div class=\"review-form-container\">\n\t\t\t\t<!-- TODO: SECURITY - Missing CSRF protection: Form lacks WordPress nonce field for CSRF protection. -->\n\t\t<!--       Fix: Add <input type=\"hidden\" id=\"review_nonce\" name=\"review_nonce\" value=\"e2c4718e4f\" \/><input type=\"hidden\" name=\"_wp_http_referer\" value=\"\/es\/wp-json\/wp\/v2\/pages\/13526\" \/> inside form tag. -->\n\t\t<form id=\"reviewform\" method=\"post\" action=\"\">\n\t\t\t\t\t\t\t\t\t<span class=\"ratecomment\">Seleccione de 1 a 5 estrellas para valorar nuestros servicios<\/span>\n\t\t\t<div class=\"form-group\">\n\t\t\t\t<label for=\"recommend\">\u00bfRecomendar\u00edas Globe?*<\/label>\n\t\t\t\t<div class=\"star-rating\" data-rating=\"\">\n\t\t\t\t\t<span class=\"star\" data-value=\"1\">&#9733;<\/span>\n\t\t\t\t\t<span class=\"star\" data-value=\"2\">&#9733;<\/span>\n\t\t\t\t\t<span class=\"star\" data-value=\"3\">&#9733;<\/span>\n\t\t\t\t\t<span class=\"star\" data-value=\"4\">&#9733;<\/span>\n\t\t\t\t\t<span class=\"star\" data-value=\"5\">&#9733;<\/span>\n\t\t\t\t<\/div>\n\t\t\t\t<input type=\"hidden\" name=\"recommend\" id=\"recommend\" value=\"\" required>\n\t\t\t<\/div>\n\t\t\t<div class=\"form-group\">\n\t\t\t\t<label for=\"value_for_money\">Relaci\u00f3n calidad-precio*<\/label>\n\t\t\t\t<div class=\"star-rating\" data-rating=\"\">\n\t\t\t\t\t<span class=\"star\" data-value=\"1\">&#9733;<\/span>\n\t\t\t\t\t<span class=\"star\" data-value=\"2\">&#9733;<\/span>\n\t\t\t\t\t<span class=\"star\" data-value=\"3\">&#9733;<\/span>\n\t\t\t\t\t<span class=\"star\" data-value=\"4\">&#9733;<\/span>\n\t\t\t\t\t<span class=\"star\" data-value=\"5\">&#9733;<\/span>\n\t\t\t\t<\/div>\n\t\t\t\t<input type=\"hidden\" name=\"value_for_money\" id=\"value_for_money\" value=\"\" required>\n\t\t\t<\/div>\n\t\t\t<div class=\"form-group\">\n\t\t\t\t<label for=\"vehicle_selection\">Selecci\u00f3n y limpieza del veh\u00edculo*<\/label>\n\t\t\t\t<div class=\"star-rating\" data-rating=\"\">\n\t\t\t\t\t<span class=\"star\" data-value=\"1\">&#9733;<\/span>\n\t\t\t\t\t<span class=\"star\" data-value=\"2\">&#9733;<\/span>\n\t\t\t\t\t<span class=\"star\" data-value=\"3\">&#9733;<\/span>\n\t\t\t\t\t<span class=\"star\" data-value=\"4\">&#9733;<\/span>\n\t\t\t\t\t<span class=\"star\" data-value=\"5\">&#9733;<\/span>\n\t\t\t\t<\/div>\n\t\t\t\t<input type=\"hidden\" name=\"vehicle_selection\" id=\"vehicle_selection\" value=\"\" required>\n\t\t\t<\/div>\n\t\t\t<div class=\"form-group\">\n\t\t\t\t<label for=\"speed_of_service\">Rapidez de servicio*<\/label>\n\t\t\t\t<div class=\"star-rating\" data-rating=\"\">\n\t\t\t\t\t<span class=\"star\" data-value=\"1\">&#9733;<\/span>\n\t\t\t\t\t<span class=\"star\" data-value=\"2\">&#9733;<\/span>\n\t\t\t\t\t<span class=\"star\" data-value=\"3\">&#9733;<\/span>\n\t\t\t\t\t<span class=\"star\" data-value=\"4\">&#9733;<\/span>\n\t\t\t\t\t<span class=\"star\" data-value=\"5\">&#9733;<\/span>\n\t\t\t\t<\/div>\n\t\t\t\t<input type=\"hidden\" name=\"speed_of_service\" id=\"speed_of_service\" value=\"\" required>\n\t\t\t<\/div>\n\t\t\t<div class=\"form-group\">\n\t\t\t\t<label for=\"staff_knowledge\">Conocimientos y cortes\u00eda del personal*<\/label>\n\t\t\t\t<div class=\"star-rating\" data-rating=\"\">\n\t\t\t\t\t<span class=\"star\" data-value=\"1\">&#9733;<\/span>\n\t\t\t\t\t<span class=\"star\" data-value=\"2\">&#9733;<\/span>\n\t\t\t\t\t<span class=\"star\" data-value=\"3\">&#9733;<\/span>\n\t\t\t\t\t<span class=\"star\" data-value=\"4\">&#9733;<\/span>\n\t\t\t\t\t<span class=\"star\" data-value=\"5\">&#9733;<\/span>\n\t\t\t\t<\/div>\n\t\t\t\t<input type=\"hidden\" name=\"staff_knowledge\" id=\"staff_knowledge\" value=\"\" required>\n\t\t\t<\/div>\n\t\t\t<label class=\"ratecomment\" for=\"comments\">Escriba sus comentarios:<\/label>\n\t\t\t<textarea name=\"comments\" id=\"comments\" placeholder=\"Escriba sus comentarios*\" maxlength=\"2000\" required style=\"margin-top: 10px;\"><\/textarea>\n\t\t\t<div class=\"form-inline\">\n\t\t\t\t<div class=\"form-group\">\n\t\t\t\t\t<input type=\"email\" name=\"email\" placeholder=\"Correo electr\u00f3nico*\" id=\"email\" value=\"\" required>\n\t\t\t\t<\/div>\n\t\t\t\t<div class=\"form-group\">\n\t\t\t\t\t<input type=\"text\" name=\"renter_name\" placeholder=\"Nombre del arrendatario*\" id=\"renter_name\" value=\"\" required>\n\t\t\t\t<\/div>\n\t\t\t<\/div>\n\t\t\t<div class=\"form-group\">\n\t\t\t\t<label for=\"urgent\">\n\t\t\t\t\t<input type=\"checkbox\" name=\"urgent\" id=\"urgent\" value=\"Deseo que se pongan en contacto conmigo lo antes posible para hablar de mi opini\u00f3n.\" > Deseo que se pongan en contacto conmigo lo antes posible para hablar de mi opini\u00f3n.\t\t\t\t<\/label>\n\t\t\t<\/div>\n\t\t\t<div class=\"subtext\">S\u00f3lo se requiere una direcci\u00f3n de correo electr\u00f3nico v\u00e1lida para publicar valoraciones. Una vez validada su direcci\u00f3n, se eliminar\u00e1 de la base de datos de valoraciones. Todos los campos son obligatorios.<\/div>\n\t\t\t<!-- <div class=\"g-recaptcha\" data-sitekey=\"6LfrQRgUAAAAANanVjnzxtBcagfeP1eFGGJ69KCy\"><\/div> -->\n\t\t\t<input type=\"hidden\" name=\"recaptcha_response\" id=\"recaptchaResponse\">\n\t\t\t<input type=\"submit\" name=\"submit_review\" value=\"Enviar opini\u00f3n\" style=\"margin-top:15px;\">\n\t\t<\/form>\n\t<\/div>\n\t<script>\n\t\twindow.onload = function() {\n\t\t\tgrecaptcha.ready(function() {\n\t\t\t\tgrecaptcha.execute('6LcxY4oUAAAAADLgv787tDJbrX5GBnjs_WOCu2k2', {\n\t\t\t\t\taction: 'reviewform'\n\t\t\t\t}).then(function(token) {\n\t\t\t\t\tdocument.getElementById('recaptchaResponse').value = token;\n\t\t\t\t});\n\t\t\t});\n\t\t}\n\t<\/script>\n\t<style>\n\t\t.review-form-container {\n\t\t\tbackground-color: #f8f9f7;\n\t\t\tpadding: 2em;\n\t\t\tborder-radius: 8px;\n\t\t\tbox-shadow: 0 0 10px rgba(0, 0, 0, 0.1);\n\t\t}\n\n\t\t.form-group {\n\t\t\tdisplay: flex;\n\t\t\talign-items: center;\n\t\t\tbackground-color: #f8f9f7;\n\t\t}\n\n\t\t.ratecomment {\n\t\t\tcolor: #312e29;\n\t\t\tfont-size: 18px;\n\t\t\tfont-weight: bold;\n\t\t\tpadding-left: 0px;\n\t\t}\n\n\t\t.form-group label {\n\t\t\tmargin-right: 1rem;\n\t\t\tmin-width: 250px;\n\t\t}\n\n\t\t.star-rating {\n\t\t\ttext-align: right;\n\t\t\tcursor: pointer;\n\t\t\twidth: 100%;\n\t\t}\n\n\t\t.star {\n\t\t\tfont-size: 2.5rem;\n\t\t\tcolor: #ccc;\n\t\t}\n\n\t\t.star.selected,\n\t\t.star.hovered {\n\t\t\tcolor: #ff6c00;\n\t\t}\n\n\t\t.form-inline {\n\t\t\tdisplay: flex;\n\t\t\talign-items: center;\n\t\t\tmargin-bottom: 1rem;\n\t\t\tgap: 2rem;\n\t\t}\n\n\t\t.form-inline .form-group {\n\t\t\tdisplay: flex;\n\t\t\talign-items: center;\n\t\t\twidth: 50%;\n\t\t}\n\n\t\t.form-inline .form-group label {\n\t\t\tmargin-right: 0.5rem;\n\t\t}\n\n\t\tinput[type=\"email\"],\n\t\tinput[type=\"text\"],\n\t\ttextarea {\n\t\t\twidth: 100%;\n\t\t\tmax-width: 100%;\n\t\t\tpadding: 0.5rem;\n\t\t\tborder: 1px solid #ccc;\n\t\t\tborder-radius: 4px;\n\t\t}\n\n\t\tinput[type=\"submit\"] {\n\t\t\tpadding: 0.75rem 1.5rem;\n\t\t\tcolor: white;\n\t\t\tborder: none;\n\t\t\tborder-radius: 4px;\n\t\t\tcursor: pointer;\n\t\t}\n\n\t\t.subtext {\n\t\t\tcolor: #878787;\n\t\t\tfont-size: 13px;\n\t\t\tfont-weight: normal;\n\t\t\tpadding-left: 0px;\n\t\t\tcolor: #a3a497;\n\t\t\tpadding-bottom: 10px;\n\t\t}\n\n\t\t@media only screen and (max-width: 767.98px) {\n\t\t\tform#reviewform .form-group {\n\t\t\t\tdisplay: block;\n\t\t\t}\n\n\t\t\tform#reviewform .form-group .star-rating {\n\t\t\t\ttext-align: left;\n\t\t\t}\n\n\t\t\tform#reviewform .form-inline {\n\t\t\t\tdisplay: block;\n\t\t\t}\n\n\t\t\tform#reviewform .form-inline .form-group {\n\t\t\t\twidth: 100%;\n\t\t\t\tmargin-bottom: 10px;\n\t\t\t}\n\t\t}\n\t<\/style>\n\t<script>\n\t\tdocument.addEventListener('DOMContentLoaded', function() {\n\t\t\tfunction highlightStars(starRatingElement, value) {\n\t\t\t\tvar numVal = (value === '' || value === null || value === undefined) ? 0 : parseInt(value, 10);\n\t\t\t\tvar stars = starRatingElement.querySelectorAll('.star');\n\t\t\t\tfor (var i = 0; i < stars.length; i++) {\n\t\t\t\t\tvar star = stars[i];\n\t\t\t\t\tstar.classList.remove('selected', 'hovered');\n\t\t\t\t\tif (parseInt(star.getAttribute('data-value'), 10) <= numVal) {\n\t\t\t\t\t\tstar.classList.add('hovered');\n\t\t\t\t\t}\n\t\t\t\t}\n\t\t\t}\n\t\t\tvar starRatingElements = document.querySelectorAll('.star-rating');\n\n\t\t\tfor (var r = 0; r < starRatingElements.length; r++) {\n\t\t\t\tvar starRatingElement = starRatingElements[r];\n\t\t\t\tvar stars = starRatingElement.querySelectorAll('.star');\n\t\t\t\tvar rating = starRatingElement.getAttribute('data-rating');\n\n\t\t\t\tif (rating && rating !== '0') {\n\t\t\t\t\thighlightStars(starRatingElement, rating);\n\t\t\t\t}\n\n\t\t\t\tfor (var s = 0; s < stars.length; s++) {\n\t\t\t\t\t(function(star, container) {\n\t\t\t\t\t\tstar.addEventListener('mouseover', function() {\n\t\t\t\t\t\t\tvar value = this.getAttribute('data-value');\n\t\t\t\t\t\t\thighlightStars(container, value);\n\t\t\t\t\t\t});\n\t\t\t\t\t\tstar.addEventListener('mouseout', function() {\n\t\t\t\t\t\t\tvar rating = container.getAttribute('data-rating');\n\t\t\t\t\t\t\thighlightStars(container, rating);\n\t\t\t\t\t\t});\n\t\t\t\t\t\tstar.addEventListener('click', function() {\n\t\t\t\t\t\t\tvar value = this.getAttribute('data-value');\n\t\t\t\t\t\t\tcontainer.setAttribute('data-rating', value);\n\t\t\t\t\t\t\tif (container.nextElementSibling) {\n\t\t\t\t\t\t\t\tcontainer.nextElementSibling.value = value;\n\t\t\t\t\t\t\t}\n\t\t\t\t\t\t\thighlightStars(container, value);\n\t\t\t\t\t\t});\n\t\t\t\t\t})(stars[s], starRatingElement);\n\t\t\t\t}\n\t\t\t}\n\n\t\t\tvar textarea = document.getElementById('comments');\n\t\t\tvar minCharsLeft = document.getElementById('minCharsLeft');\n\t\t\tvar charCount = document.getElementById('charCount');\n\t\t\tif (textarea) {\n\t\t\t\ttextarea.addEventListener('input', function() {\n\t\t\t\t\tvar remainingChars = 2000 - this.value.length;\n\t\t\t\t\tif (minCharsLeft) minCharsLeft.textContent = remainingChars;\n\t\t\t\t\tif (charCount) charCount.style.color = remainingChars < 30 ? 'red' : '';\n\t\t\t\t});\n\t\t\t}\n\t\t\tif (typeof jQuery !== 'undefined') {\n\t\t\t\tjQuery(document).ready(function($) {\n\t\t\t\t\t$('#submit_review').on('click', function() {\n\t\t\t\t\t\t$(this).attr('disabled', true);\n\t\t\t\t\t});\n\t\t\t\t});\n\t\t\t}\n\t\t});\n\t<\/script>\n[\/vc_column_text][\/vc_column][vc_column width=\u00bb1\/3&#8243; is_bubble=\u00bbtrue\u00bb][vc_column_text]<\/p>\n<h3>Algunas reglas b\u00e1sicas:<\/h3>\n<div>Nos reservamos el derecho de aprobar todas las opiniones y publicar los comentarios que sean:<\/div>\n<ul>\n<li>Observaciones\/reclamaciones basadas en hechos y fundamentadas.<\/li>\n<li>Sin blasfemias, burlas ni faltas de respeto. Por favor, mant\u00e9ngalo limpio y profesional.<\/li>\n<li>Sin los nombres de nuestros empleados, ya que garantizamos su privacidad<\/li>\n<\/ul>\n<p>[\/vc_column_text][\/vc_column][\/vc_row][\/vc_section][vc_section][vc_row full_width=\u00bbstretch_row\u00bb][vc_column]\n\t\t<div class=\"simple-banner \">\n\t\t\t<img decoding=\"async\" width=\"1574\" height=\"390\" src=\"https:\/\/www.globecar.com\/wp-content\/uploads\/2017\/08\/ready-to-drive.jpg\" class=\"attachment-full size-full\" alt=\"ready-to-drive\" srcset=\"https:\/\/www.globecar.com\/wp-content\/uploads\/2017\/08\/ready-to-drive.jpg 1574w, https:\/\/www.globecar.com\/wp-content\/uploads\/2017\/08\/ready-to-drive-150x37.jpg 150w, https:\/\/www.globecar.com\/wp-content\/uploads\/2017\/08\/ready-to-drive-300x74.jpg 300w, https:\/\/www.globecar.com\/wp-content\/uploads\/2017\/08\/ready-to-drive-768x190.jpg 768w, https:\/\/www.globecar.com\/wp-content\/uploads\/2017\/08\/ready-to-drive-1024x254.jpg 1024w, https:\/\/www.globecar.com\/wp-content\/uploads\/2017\/08\/ready-to-drive-300x74@2x.jpg 600w, https:\/\/www.globecar.com\/wp-content\/uploads\/2017\/08\/ready-to-drive-768x190@2x.jpg 1536w\" sizes=\"(max-width: 1574px) 100vw, 1574px\" \/>\n\t\t\t<div class=\"wrap\"><div class=\"mini-wrap\"><h3>\u00bfListo para conducir?<\/h3><\/div><a class=\"button onDark full large\" href=\"https:\/\/reserve.globecar.com\/en\/rent-a-car\">Alquilar un veh\u00edculo<\/a>\t<\/div><\/div>[\/vc_column][\/vc_row][\/vc_section]<\/p>\n<\/div>","protected":false},"excerpt":{"rendered":"<p>[vc_row][vc_column][vc_column_text][\/vc_column_text][\/vc_column][\/vc_row][vc_row content_placement=\u00bbmiddle\u00bb][vc_column width=\u00bb2\/3&#8243; css=\u00bb.vc_custom_1512420660987{padding-bottom: 3em !important;}\u00bb][vc_column_text] Escriba un comentario \u00bfHa alquilado antes un coche con nosotros? Bueno o malo, le animamos a que escriba una opini\u00f3n sincera sobre nuestra tarifa de alquiler de coches y su experiencia: \u00a1lo arreglaremos![\/vc_column_text][\/vc_column][vc_column width=\u00bb1\/3&#8243;][vc_single_image image=\u00bb8958&#8243; img_size=\u00bbfull\u00bb alignment=\u00bbright\u00bb][\/vc_column][\/vc_row][vc_row][vc_column][vc_wp_custommenu nav_menu=\u00bb2227&#8243;][\/vc_column][\/vc_row][vc_section is_container=\u00bbtrue\u00bb][vc_row][vc_column][vc_row_inner][vc_column_inner width=\u00bb1\/2&#8243;][vc_column_text] Valore su experiencia, escriba su opini\u00f3n [\/vc_column_text][\/vc_column_inner][vc_column_inner width=\u00bb1\/2&#8243;][vc_column_text] Leer [&hellip;]<\/p>\n","protected":false},"author":1,"featured_media":0,"parent":13800,"menu_order":0,"comment_status":"closed","ping_status":"closed","template":"","meta":{"_acf_changed":false,"_genesis_hide_title":false,"_genesis_hide_breadcrumbs":false,"_genesis_hide_singular_image":false,"_genesis_hide_footer_widgets":false,"_genesis_custom_body_class":"","_genesis_custom_post_class":"","_genesis_layout":"","jetpack_post_was_ever_published":false,"footnotes":""},"class_list":{"0":"post-13526","1":"page","2":"type-page","3":"status-publish","5":"entry"},"acf":[],"yoast_head":"<!-- This site is optimized with the Yoast SEO Premium plugin v27.1 (Yoast SEO v27.1.1) - https:\/\/yoast.com\/product\/yoast-seo-premium-wordpress\/ -->\n<title>Escriba una rese\u00f1a positiva | Alquiler de coches y camiones Globe en Montreal<\/title>\n<meta name=\"description\" content=\"\u00bfHa alquilado antes un coche con nosotros? Buena o mala, escriba una opini\u00f3n sincera sobre nuestra tarifa de alquiler de coches y su experiencia: \u00a1lo arreglaremos!\" \/>\n<meta name=\"robots\" content=\"index, follow, max-snippet:-1, max-image-preview:large, max-video-preview:-1\" \/>\n<link rel=\"canonical\" href=\"https:\/\/www.globecar.com\/es\/acerca-de\/resenas\/escriba-a\/\" \/>\n<meta property=\"og:locale\" content=\"es_ES\" \/>\n<meta property=\"og:type\" content=\"article\" \/>\n<meta property=\"og:title\" content=\"Escriba un comentario\" \/>\n<meta property=\"og:description\" content=\"Escriba un comentario \u00bfHa alquilado antes un coche con nosotros? Bueno o malo, le animamos a que escriba una opini\u00f3n sincera sobre nuestra tarifa de\" \/>\n<meta property=\"og:url\" content=\"https:\/\/www.globecar.com\/es\/acerca-de\/resenas\/escriba-a\/\" \/>\n<meta property=\"og:site_name\" content=\"Alquiler de coches y camiones Globe en Montreal\" \/>\n<meta property=\"article:publisher\" content=\"https:\/\/www.facebook.com\/GlobeCar\" \/>\n<meta property=\"article:modified_time\" content=\"2024-05-31T14:21:08+00:00\" \/>\n<meta property=\"og:image\" content=\"https:\/\/www.globecar.com\/wp-content\/uploads\/2023\/12\/thumbnail_logo_final-1.jpg\" \/>\n\t<meta property=\"og:image:width\" content=\"555\" \/>\n\t<meta property=\"og:image:height\" content=\"555\" \/>\n\t<meta property=\"og:image:type\" content=\"image\/jpeg\" \/>\n<meta name=\"twitter:card\" content=\"summary_large_image\" \/>\n<meta name=\"twitter:site\" content=\"@GlobeCar\" \/>\n<meta name=\"twitter:label1\" content=\"Tiempo de lectura\" \/>\n\t<meta name=\"twitter:data1\" content=\"2 minutos\" \/>\n<script type=\"application\/ld+json\" class=\"yoast-schema-graph\">{\"@context\":\"https:\/\/schema.org\",\"@graph\":[{\"@type\":\"WebPage\",\"@id\":\"https:\/\/www.globecar.com\/es\/acerca-de\/resenas\/escriba-a\/\",\"url\":\"https:\/\/www.globecar.com\/es\/acerca-de\/resenas\/escriba-a\/\",\"name\":\"Escriba una rese\u00f1a positiva | Alquiler de coches y camiones Globe en Montreal\",\"isPartOf\":{\"@id\":\"https:\/\/www.globecar.com\/es\/#website\"},\"datePublished\":\"2024-03-19T18:04:56+00:00\",\"dateModified\":\"2024-05-31T14:21:08+00:00\",\"description\":\"\u00bfHa alquilado antes un coche con nosotros? Buena o mala, escriba una opini\u00f3n sincera sobre nuestra tarifa de alquiler de coches y su experiencia: \u00a1lo arreglaremos!\",\"breadcrumb\":{\"@id\":\"https:\/\/www.globecar.com\/es\/acerca-de\/resenas\/escriba-a\/#breadcrumb\"},\"inLanguage\":\"es\",\"potentialAction\":[{\"@type\":\"ReadAction\",\"target\":[\"https:\/\/www.globecar.com\/es\/acerca-de\/resenas\/escriba-a\/\"]}]},{\"@type\":\"BreadcrumbList\",\"@id\":\"https:\/\/www.globecar.com\/es\/acerca-de\/resenas\/escriba-a\/#breadcrumb\",\"itemListElement\":[{\"@type\":\"ListItem\",\"position\":1,\"name\":\"Inicio\",\"item\":\"https:\/\/www.globecar.com\/es\/\"},{\"@type\":\"ListItem\",\"position\":2,\"name\":\"Acerca de\",\"item\":\"https:\/\/www.globecar.com\/es\/acerca-de\/\"},{\"@type\":\"ListItem\",\"position\":3,\"name\":\"Rese\u00f1as\",\"item\":\"https:\/\/www.globecar.com\/es\/acerca-de\/resenas\/\"},{\"@type\":\"ListItem\",\"position\":4,\"name\":\"Escriba un comentario\"}]},{\"@type\":\"WebSite\",\"@id\":\"https:\/\/www.globecar.com\/es\/#website\",\"url\":\"https:\/\/www.globecar.com\/es\/\",\"name\":\"Globe Location d'Autos et Camions \u00e0 Montr\u00e9al\",\"description\":\"Drive 4 Less\",\"publisher\":{\"@id\":\"https:\/\/www.globecar.com\/es\/#organization\"},\"alternateName\":\"GlobeCar\",\"potentialAction\":[{\"@type\":\"SearchAction\",\"target\":{\"@type\":\"EntryPoint\",\"urlTemplate\":\"https:\/\/www.globecar.com\/es\/?s={search_term_string}\"},\"query-input\":{\"@type\":\"PropertyValueSpecification\",\"valueRequired\":true,\"valueName\":\"search_term_string\"}}],\"inLanguage\":\"es\"},{\"@type\":\"Organization\",\"@id\":\"https:\/\/www.globecar.com\/es\/#organization\",\"name\":\"Globe Car & Truck Rental\",\"alternateName\":\"GlobeCar\",\"url\":\"https:\/\/www.globecar.com\/es\/\",\"logo\":{\"@type\":\"ImageObject\",\"inLanguage\":\"es\",\"@id\":\"https:\/\/www.globecar.com\/es\/#\/schema\/logo\/image\/\",\"url\":\"https:\/\/www.globecar.com\/wp-content\/uploads\/2023\/12\/thumbnail_logo_final-1.jpg\",\"contentUrl\":\"https:\/\/www.globecar.com\/wp-content\/uploads\/2023\/12\/thumbnail_logo_final-1.jpg\",\"width\":555,\"height\":555,\"caption\":\"Globe Car & Truck Rental\"},\"image\":{\"@id\":\"https:\/\/www.globecar.com\/es\/#\/schema\/logo\/image\/\"},\"sameAs\":[\"https:\/\/www.facebook.com\/GlobeCar\",\"https:\/\/x.com\/GlobeCar\",\"https:\/\/mastodon.social\/@globecar\",\"https:\/\/www.instagram.com\/globecar\/\",\"https:\/\/www.linkedin.com\/company\/globecar\/\",\"https:\/\/www.pinterest.com\/globecar\",\"https:\/\/www.youtube.com\/c\/GlobecarRentals\"]}]}<\/script>\n<!-- \/ Yoast SEO Premium plugin. -->","yoast_head_json":{"title":"Escriba una rese\u00f1a positiva | Alquiler de coches y camiones Globe en Montreal","description":"\u00bfHa alquilado antes un coche con nosotros? Buena o mala, escriba una opini\u00f3n sincera sobre nuestra tarifa de alquiler de coches y su experiencia: \u00a1lo arreglaremos!","robots":{"index":"index","follow":"follow","max-snippet":"max-snippet:-1","max-image-preview":"max-image-preview:large","max-video-preview":"max-video-preview:-1"},"canonical":"https:\/\/www.globecar.com\/es\/acerca-de\/resenas\/escriba-a\/","og_locale":"es_ES","og_type":"article","og_title":"Escriba un comentario","og_description":"Escriba un comentario \u00bfHa alquilado antes un coche con nosotros? Bueno o malo, le animamos a que escriba una opini\u00f3n sincera sobre nuestra tarifa de","og_url":"https:\/\/www.globecar.com\/es\/acerca-de\/resenas\/escriba-a\/","og_site_name":"Alquiler de coches y camiones Globe en Montreal","article_publisher":"https:\/\/www.facebook.com\/GlobeCar","article_modified_time":"2024-05-31T14:21:08+00:00","og_image":[{"width":555,"height":555,"url":"https:\/\/www.globecar.com\/wp-content\/uploads\/2023\/12\/thumbnail_logo_final-1.jpg","type":"image\/jpeg"}],"twitter_card":"summary_large_image","twitter_site":"@GlobeCar","twitter_misc":{"Tiempo de lectura":"2 minutos"},"schema":{"@context":"https:\/\/schema.org","@graph":[{"@type":"WebPage","@id":"https:\/\/www.globecar.com\/es\/acerca-de\/resenas\/escriba-a\/","url":"https:\/\/www.globecar.com\/es\/acerca-de\/resenas\/escriba-a\/","name":"Escriba una rese\u00f1a positiva | Alquiler de coches y camiones Globe en Montreal","isPartOf":{"@id":"https:\/\/www.globecar.com\/es\/#website"},"datePublished":"2024-03-19T18:04:56+00:00","dateModified":"2024-05-31T14:21:08+00:00","description":"\u00bfHa alquilado antes un coche con nosotros? Buena o mala, escriba una opini\u00f3n sincera sobre nuestra tarifa de alquiler de coches y su experiencia: \u00a1lo arreglaremos!","breadcrumb":{"@id":"https:\/\/www.globecar.com\/es\/acerca-de\/resenas\/escriba-a\/#breadcrumb"},"inLanguage":"es","potentialAction":[{"@type":"ReadAction","target":["https:\/\/www.globecar.com\/es\/acerca-de\/resenas\/escriba-a\/"]}]},{"@type":"BreadcrumbList","@id":"https:\/\/www.globecar.com\/es\/acerca-de\/resenas\/escriba-a\/#breadcrumb","itemListElement":[{"@type":"ListItem","position":1,"name":"Inicio","item":"https:\/\/www.globecar.com\/es\/"},{"@type":"ListItem","position":2,"name":"Acerca de","item":"https:\/\/www.globecar.com\/es\/acerca-de\/"},{"@type":"ListItem","position":3,"name":"Rese\u00f1as","item":"https:\/\/www.globecar.com\/es\/acerca-de\/resenas\/"},{"@type":"ListItem","position":4,"name":"Escriba un comentario"}]},{"@type":"WebSite","@id":"https:\/\/www.globecar.com\/es\/#website","url":"https:\/\/www.globecar.com\/es\/","name":"Globe Location d'Autos et Camions \u00e0 Montr\u00e9al","description":"Drive 4 Less","publisher":{"@id":"https:\/\/www.globecar.com\/es\/#organization"},"alternateName":"GlobeCar","potentialAction":[{"@type":"SearchAction","target":{"@type":"EntryPoint","urlTemplate":"https:\/\/www.globecar.com\/es\/?s={search_term_string}"},"query-input":{"@type":"PropertyValueSpecification","valueRequired":true,"valueName":"search_term_string"}}],"inLanguage":"es"},{"@type":"Organization","@id":"https:\/\/www.globecar.com\/es\/#organization","name":"Globe Car & Truck Rental","alternateName":"GlobeCar","url":"https:\/\/www.globecar.com\/es\/","logo":{"@type":"ImageObject","inLanguage":"es","@id":"https:\/\/www.globecar.com\/es\/#\/schema\/logo\/image\/","url":"https:\/\/www.globecar.com\/wp-content\/uploads\/2023\/12\/thumbnail_logo_final-1.jpg","contentUrl":"https:\/\/www.globecar.com\/wp-content\/uploads\/2023\/12\/thumbnail_logo_final-1.jpg","width":555,"height":555,"caption":"Globe Car & Truck Rental"},"image":{"@id":"https:\/\/www.globecar.com\/es\/#\/schema\/logo\/image\/"},"sameAs":["https:\/\/www.facebook.com\/GlobeCar","https:\/\/x.com\/GlobeCar","https:\/\/mastodon.social\/@globecar","https:\/\/www.instagram.com\/globecar\/","https:\/\/www.linkedin.com\/company\/globecar\/","https:\/\/www.pinterest.com\/globecar","https:\/\/www.youtube.com\/c\/GlobecarRentals"]}]}},"jetpack_sharing_enabled":true,"jetpack_shortlink":"https:\/\/wp.me\/PaiT2D-3wa","_links":{"self":[{"href":"https:\/\/www.globecar.com\/es\/wp-json\/wp\/v2\/pages\/13526","targetHints":{"allow":["GET"]}}],"collection":[{"href":"https:\/\/www.globecar.com\/es\/wp-json\/wp\/v2\/pages"}],"about":[{"href":"https:\/\/www.globecar.com\/es\/wp-json\/wp\/v2\/types\/page"}],"author":[{"embeddable":true,"href":"https:\/\/www.globecar.com\/es\/wp-json\/wp\/v2\/users\/1"}],"replies":[{"embeddable":true,"href":"https:\/\/www.globecar.com\/es\/wp-json\/wp\/v2\/comments?post=13526"}],"version-history":[{"count":0,"href":"https:\/\/www.globecar.com\/es\/wp-json\/wp\/v2\/pages\/13526\/revisions"}],"up":[{"embeddable":true,"href":"https:\/\/www.globecar.com\/es\/wp-json\/wp\/v2\/pages\/13800"}],"wp:attachment":[{"href":"https:\/\/www.globecar.com\/es\/wp-json\/wp\/v2\/media?parent=13526"}],"curies":[{"name":"wp","href":"https:\/\/api.w.org\/{rel}","templated":true}]}}